{"id":40540,"date":"2021-05-07T09:29:26","date_gmt":"2021-05-07T07:29:26","guid":{"rendered":"https:\/\/www.veltec.eu\/product\/ensemble-de-brosses-pour-aspirateur-kirby-veltec-propre-marque-nl55550\/"},"modified":"2026-05-13T11:06:07","modified_gmt":"2026-05-13T09:06:07","slug":"ensemble-de-brosses-pour-aspirateur-kirby-veltec-propre-marque-nl55550","status":"publish","type":"product","link":"https:\/\/www.veltec.eu\/fr\/product\/ensemble-de-brosses-pour-aspirateur-kirby-veltec-propre-marque-nl55550\/","title":{"rendered":"Ensemble de brosses pour aspirateur Kirby Veltec propre marque"},"content":{"rendered":"<div class=\"flex flex-col text-sm pb-25\">\n<article class=\"text-token-text-primary w-full focus:outline-none [--shadow-height:45px] has-data-writing-block:pointer-events-none has-data-writing-block:-mt-(--shadow-height) has-data-writing-block:pt-(--shadow-height) [&amp;:has([data-writing-block])&gt;*]:pointer-events-auto scroll-mt-[calc(var(--header-height)+min(200px,max(70px,20svh)))]\" dir=\"auto\" tabindex=\"-1\" data-turn-id=\"f398c4c0-34f4-4395-ae84-99a970c5e654\" data-testid=\"conversation-turn-10\" data-scroll-anchor=\"true\" data-turn=\"assistant\">\n<div class=\"text-base my-auto mx-auto pb-10 [--thread-content-margin:--spacing(4)] @w-sm\/main:[--thread-content-margin:--spacing(6)] @w-lg\/main:[--thread-content-margin:--spacing(16)] px-(--thread-content-margin)\">\n<div class=\"[--thread-content-max-width:40rem] @w-lg\/main:[--thread-content-max-width:48rem] mx-auto max-w-(--thread-content-max-width) flex-1 group\/turn-messages focus-visible:outline-hidden relative flex w-full min-w-0 flex-col agent-turn\" tabindex=\"-1\">\n<div class=\"flex max-w-full flex-col grow\">\n<div class=\"min-h-8 text-message relative flex w-full flex-col items-end gap-2 text-start break-words whitespace-normal [.text-message+&amp;]:mt-1\" dir=\"auto\" data-message-author-role=\"assistant\" data-message-id=\"47bbbb64-84eb-488e-84bb-0f353fa38b7c\" data-message-model-slug=\"gpt-5-2\">\n<div class=\"flex w-full flex-col gap-1 empty:hidden first:pt-[1px]\">\n<div class=\"markdown prose dark:prose-invert w-full wrap-break-word light markdown-new-styling\">\n<h1 data-start=\"0\" data-end=\"66\">Ensemble de brosses pour aspirateur Kirby Veltec propre marque<\/h1>\n<p data-start=\"68\" data-end=\"438\">Ensemble de brosses pour aspirateur Kirby Veltec propre marque\u00a0constitue un kit d\u2019accessoires universel. Il optimise les performances de chaque aspirateur Kirby. Gr\u00e2ce \u00e0 sa conception pr\u00e9cise, cet ensemble de brosses Kirby Veltec garantit une utilisation fluide et efficace. Vous b\u00e9n\u00e9ficiez ainsi d\u2019une solution compl\u00e8te pour le nettoyage quotidien et sp\u00e9cialis\u00e9.<\/p>\n<h2 data-start=\"440\" data-end=\"527\">Pourquoi choisir l\u2019Ensemble de brosses pour aspirateur Kirby Veltec propre marque ?<\/h2>\n<p data-start=\"559\" data-end=\"932\">Tout d\u2019abord, ce kit d\u2019accessoires pour aspirateur Kirby assure une compatibilit\u00e9 totale avec tous les mod\u00e8les. Son ajustement universel \u00e9vite les probl\u00e8mes techniques. Vous nettoyez donc sans perte de puissance. De plus, la borstelset Kirby Veltec respecte les standards \u00e9lev\u00e9s associ\u00e9s aux accessoires Kirby d\u2019origine et compatibles.<\/p>\n<h2 data-start=\"913\" data-end=\"992\">Contenu de l\u2019Ensemble de brosses pour aspirateur Kirby<\/h2>\n<h3 data-start=\"994\" data-end=\"1227\">Support de brosses pour manche Kirby \u2013 Veltec propre marque<\/h3>\n<p data-start=\"994\" data-end=\"1227\">Premi\u00e8rement, ce support assure un rangement pratique et un acc\u00e8s rapide aux brosses. Par cons\u00e9quent, vous pouvez changer d\u2019accessoire facilement pendant le nettoyage.<\/p>\n<h3 data-start=\"1229\" data-end=\"1486\">Brosse pour plinthes Kirby \u2013 Veltec propre marque<\/h3>\n<p data-start=\"1229\" data-end=\"1486\">Sp\u00e9cialement con\u00e7ue pour les espaces \u00e9troits et les bords, cette brosse permet d\u2019\u00e9liminer efficacement la poussi\u00e8re le long des plinthes et dans les coins. Ainsi, le nettoyage reste pr\u00e9cis et contr\u00f4l\u00e9.<\/p>\n<h3 data-start=\"1488\" data-end=\"1749\">Brosse \u00e0 d\u00e9poussi\u00e9rer Kirby \u2013 Veltec propre marque<\/h3>\n<p data-start=\"1488\" data-end=\"1749\">\u00c0 la fois douce et performante, cette brosse nettoie les surfaces d\u00e9licates telles que les meubles et les rideaux. De ce fait, les mat\u00e9riaux sont prot\u00e9g\u00e9s tandis que la poussi\u00e8re est efficacement aspir\u00e9e.<\/p>\n<h3 data-start=\"1751\" data-end=\"1994\">Embout pour meubles Kirby \u2013 Veltec propre marque<\/h3>\n<p data-start=\"1751\" data-end=\"1994\">Particuli\u00e8rement adapt\u00e9 aux tissus d\u2019ameublement, cet embout \u00e9limine miettes, poussi\u00e8res et poils sur canap\u00e9s, chaises et matelas. Ainsi, les surfaces textiles restent propres et soign\u00e9es.<\/p>\n<h2 data-start=\"1996\" data-end=\"2093\">Compatibilit\u00e9 universelle de l\u2019Ensemble de brosses pour aspirateur Kirby Veltec propre marque<\/h2>\n<p data-start=\"2277\" data-end=\"2484\">L\u2019ensemble de brosses convient aux mod\u00e8les Avalir Platinum, Avalir 2, Avalir 1, Sentria G10 et G10D, Ultimate G ainsi qu\u2019aux s\u00e9ries Generation 3 \u00e0 6. Vous choisissez ainsi une solution fiable et durable. Ce kit universel accompagne votre aspirateur Kirby sur le long terme.<\/p>\n<h2 data-start=\"2391\" data-end=\"2436\">Mat\u00e9riaux durables et avantages pratiques<\/h2>\n<p data-start=\"2438\" data-end=\"2745\">Veltec utilise des mat\u00e9riaux robustes et r\u00e9sistants \u00e0 l\u2019usure. Les brosses conservent leur efficacit\u00e9 m\u00eame apr\u00e8s un usage intensif. Votre aspirateur Kirby maintient donc une aspiration optimale. En compl\u00e9ment, ces accessoires Kirby compatibles renforcent la polyvalence de votre appareil.<\/p>\n<h2 data-start=\"2747\" data-end=\"2783\">Compl\u00e9tez votre \u00e9quipement Kirby<\/h2>\n<p data-start=\"2785\" data-end=\"3061\">Si vous souhaitez compl\u00e9ter votre \u00e9quipement, vous trouverez tous les <a href=\"https:\/\/www.veltec.eu\/fr\/accessoires-et-tuyaux\/kirby-accessoires\/\">accessoires Kirby<\/a> compatibles dans notre gamme. Par ailleurs, vous pouvez consulter notre article de blog externe <a href=\"https:\/\/www.service-aspirateur-kirby.fr\/pieces-detachees-kirby\/\" target=\"_blank\" rel=\"noopener\">\u00ab Tout sur les pi\u00e8ces d\u00e9tach\u00e9es Kirby \u00bb<\/a> pour en savoir plus sur l\u2019entretien et les pi\u00e8ces d\u00e9tach\u00e9es.<\/p>\n<p data-start=\"3063\" data-end=\"3319\" data-is-last-node=\"\" data-is-only-node=\"\">L\u2019ensemble de brosses pour aspirateur Kirby repr\u00e9sente un choix pratique et performant. Il am\u00e9liore chaque routine de nettoyage.<\/p>\n<\/div>\n<\/div>\n<\/div>\n<\/div>\n<div class=\"z-0 flex min-h-[46px] justify-start\"><\/div>\n<\/div>\n<\/div>\n<\/article>\n<\/div>\n","protected":false},"excerpt":{"rendered":"<p>L\u2019Ensemble de brosses pour aspirateur Kirby Veltec propre marque est un kit universel compatible avec tous les mod\u00e8les Kirby. Il inclut les accessoires essentiels pour un nettoyage pr\u00e9cis, efficace et durable.<\/p>\n[trustindex data-widget-id=e3bb80b24fa128098b960fc2439]\n<h3><span style=\"color: #008000;\"><br \/>\nEn stock<\/span><\/h3>\n[av_font_icon icon='ue812' font='entypo-fontello' style='' caption='' size='25px' position='left' color='#43ad66' link='' linktarget='' title_attr='' sonar_effect_effect='' sonar_effect_color='' sonar_effect_duration='1' sonar_effect_scale='' sonar_effect_opac='0.5' animation='' id='' custom_class='' template_class='' av_uid='' sc_version='1.0' admin_preview_bg=''][\/av_font_icon]\n<p><span style=\"color: #008000;\">Command\u00e9 23:59, exp\u00e9di\u00e9 demain<\/span><\/p>\n<p>&nbsp;<\/p>\n","protected":false},"featured_media":40529,"comment_status":"open","ping_status":"closed","template":"","meta":{"_acf_changed":false},"product_brand":[],"product_cat":[354],"product_tag":[],"class_list":{"0":"post-40540","1":"product","2":"type-product","3":"status-publish","4":"has-post-thumbnail","6":"product_cat-kirby-accessoires","8":"first","9":"instock","10":"sale","11":"taxable","12":"shipping-taxable","13":"purchasable","14":"product-type-simple"},"acf":[],"yoast_head":"<!-- This site is optimized with the Yoast SEO Premium plugin v27.1 (Yoast SEO v27.5) - https:\/\/yoast.com\/product\/yoast-seo-premium-wordpress\/ -->\n<title>Ensemble de brosses pour aspirateur Kirby Veltec propre marque<\/title>\n<meta name=\"description\" content=\"Ensemble de brosses pour aspirateur Kirby Veltec propre marque. Kit universel avec embouts pour plinthes, meubles et d\u00e9poussi\u00e9rage.\" \/>\n<meta name=\"robots\" content=\"index, follow, max-snippet:-1, max-image-preview:large, max-video-preview:-1\" \/>\n<link rel=\"canonical\" href=\"https:\/\/www.veltec.eu\/fr\/product\/ensemble-de-brosses-pour-aspirateur-kirby-veltec-propre-marque-nl55550\/\" \/>\n<meta property=\"og:locale\" content=\"fr_FR\" \/>\n<meta property=\"og:type\" content=\"article\" \/>\n<meta property=\"og:title\" content=\"Ensemble de brosses pour aspirateur Kirby Veltec propre marque\" \/>\n<meta property=\"og:description\" content=\"L\u2019Ensemble de brosses pour aspirateur Kirby Veltec propre marque est un kit universel compatible avec tous les mod\u00e8les Kirby. Il inclut les accessoires essentiels pour un nettoyage pr\u00e9cis, efficace et durable.    En stock   Command\u00e9 23:59, exp\u00e9di\u00e9 demain  &nbsp;\" \/>\n<meta property=\"og:url\" content=\"https:\/\/www.veltec.eu\/fr\/product\/ensemble-de-brosses-pour-aspirateur-kirby-veltec-propre-marque-nl55550\/\" \/>\n<meta property=\"og:site_name\" content=\"Veltec Kirby specialist\" \/>\n<meta property=\"article:publisher\" content=\"https:\/\/www.facebook.com\/Veltec-Kirby-Specialist-236746293374877\/\" \/>\n<meta property=\"article:modified_time\" content=\"2026-05-13T09:06:07+00:00\" \/>\n<meta property=\"og:image\" content=\"https:\/\/www.veltec.eu\/wp-content\/uploads\/2021\/05\/550x504-1.jpg\" \/>\n\t<meta property=\"og:image:width\" content=\"650\" \/>\n\t<meta property=\"og:image:height\" content=\"650\" \/>\n\t<meta property=\"og:image:type\" content=\"image\/jpeg\" \/>\n<meta name=\"twitter:card\" content=\"summary_large_image\" \/>\n<meta name=\"twitter:label1\" content=\"Dur\u00e9e de lecture estim\u00e9e\" \/>\n\t<meta name=\"twitter:data1\" content=\"3 minutes\" \/>\n<script type=\"application\/ld+json\" class=\"yoast-schema-graph\">{\"@context\":\"https:\\\/\\\/schema.org\",\"@graph\":[{\"@type\":\"WebPage\",\"@id\":\"https:\\\/\\\/www.veltec.eu\\\/fr\\\/product\\\/ensemble-de-brosses-pour-aspirateur-kirby-veltec-propre-marque-nl55550\\\/\",\"url\":\"https:\\\/\\\/www.veltec.eu\\\/fr\\\/product\\\/ensemble-de-brosses-pour-aspirateur-kirby-veltec-propre-marque-nl55550\\\/\",\"name\":\"Ensemble de brosses pour aspirateur Kirby Veltec propre marque\",\"isPartOf\":{\"@id\":\"https:\\\/\\\/www.veltec.eu\\\/en\\\/#website\"},\"primaryImageOfPage\":{\"@id\":\"https:\\\/\\\/www.veltec.eu\\\/fr\\\/product\\\/ensemble-de-brosses-pour-aspirateur-kirby-veltec-propre-marque-nl55550\\\/#primaryimage\"},\"image\":{\"@id\":\"https:\\\/\\\/www.veltec.eu\\\/fr\\\/product\\\/ensemble-de-brosses-pour-aspirateur-kirby-veltec-propre-marque-nl55550\\\/#primaryimage\"},\"thumbnailUrl\":\"https:\\\/\\\/www.veltec.eu\\\/wp-content\\\/uploads\\\/2021\\\/05\\\/550x504-1.jpg\",\"datePublished\":\"2021-05-07T07:29:26+00:00\",\"dateModified\":\"2026-05-13T09:06:07+00:00\",\"description\":\"Ensemble de brosses pour aspirateur Kirby Veltec propre marque. Kit universel avec embouts pour plinthes, meubles et d\u00e9poussi\u00e9rage.\",\"breadcrumb\":{\"@id\":\"https:\\\/\\\/www.veltec.eu\\\/fr\\\/product\\\/ensemble-de-brosses-pour-aspirateur-kirby-veltec-propre-marque-nl55550\\\/#breadcrumb\"},\"inLanguage\":\"fr-FR\",\"potentialAction\":[{\"@type\":\"ReadAction\",\"target\":[\"https:\\\/\\\/www.veltec.eu\\\/fr\\\/product\\\/ensemble-de-brosses-pour-aspirateur-kirby-veltec-propre-marque-nl55550\\\/\"]}]},{\"@type\":\"ImageObject\",\"inLanguage\":\"fr-FR\",\"@id\":\"https:\\\/\\\/www.veltec.eu\\\/fr\\\/product\\\/ensemble-de-brosses-pour-aspirateur-kirby-veltec-propre-marque-nl55550\\\/#primaryimage\",\"url\":\"https:\\\/\\\/www.veltec.eu\\\/wp-content\\\/uploads\\\/2021\\\/05\\\/550x504-1.jpg\",\"contentUrl\":\"https:\\\/\\\/www.veltec.eu\\\/wp-content\\\/uploads\\\/2021\\\/05\\\/550x504-1.jpg\",\"width\":650,\"height\":650},{\"@type\":\"BreadcrumbList\",\"@id\":\"https:\\\/\\\/www.veltec.eu\\\/fr\\\/product\\\/ensemble-de-brosses-pour-aspirateur-kirby-veltec-propre-marque-nl55550\\\/#breadcrumb\",\"itemListElement\":[{\"@type\":\"ListItem\",\"position\":1,\"name\":\"Home\",\"item\":\"https:\\\/\\\/www.veltec.eu\\\/fr\\\/accueil\\\/\"},{\"@type\":\"ListItem\",\"position\":2,\"name\":\"Boutique Kirby\",\"item\":\"https:\\\/\\\/www.veltec.eu\\\/fr\\\/boutique-kirby\\\/\"},{\"@type\":\"ListItem\",\"position\":3,\"name\":\"Ensemble de brosses pour aspirateur Kirby Veltec propre marque\"}]},{\"@type\":\"WebSite\",\"@id\":\"https:\\\/\\\/www.veltec.eu\\\/en\\\/#website\",\"url\":\"https:\\\/\\\/www.veltec.eu\\\/en\\\/\",\"name\":\"Veltec Kirby specialist\",\"description\":\"Kirby stofzuiger producten\",\"publisher\":{\"@id\":\"https:\\\/\\\/www.veltec.eu\\\/en\\\/#organization\"},\"potentialAction\":[{\"@type\":\"SearchAction\",\"target\":{\"@type\":\"EntryPoint\",\"urlTemplate\":\"https:\\\/\\\/www.veltec.eu\\\/en\\\/?s={search_term_string}\"},\"query-input\":{\"@type\":\"PropertyValueSpecification\",\"valueRequired\":true,\"valueName\":\"search_term_string\"}}],\"inLanguage\":\"fr-FR\"},{\"@type\":\"Organization\",\"@id\":\"https:\\\/\\\/www.veltec.eu\\\/en\\\/#organization\",\"name\":\"Veltec Kirby Specialist\",\"url\":\"https:\\\/\\\/www.veltec.eu\\\/en\\\/\",\"logo\":{\"@type\":\"ImageObject\",\"inLanguage\":\"fr-FR\",\"@id\":\"https:\\\/\\\/www.veltec.eu\\\/en\\\/#\\\/schema\\\/logo\\\/image\\\/\",\"url\":\"https:\\\/\\\/www.veltec.eu\\\/wp-content\\\/uploads\\\/2021\\\/12\\\/Veltec-log-groot-e1537260889125.png\",\"contentUrl\":\"https:\\\/\\\/www.veltec.eu\\\/wp-content\\\/uploads\\\/2021\\\/12\\\/Veltec-log-groot-e1537260889125.png\",\"width\":200,\"height\":60,\"caption\":\"Veltec Kirby Specialist\"},\"image\":{\"@id\":\"https:\\\/\\\/www.veltec.eu\\\/en\\\/#\\\/schema\\\/logo\\\/image\\\/\"},\"sameAs\":[\"https:\\\/\\\/www.facebook.com\\\/Veltec-Kirby-Specialist-236746293374877\\\/\",\"https:\\\/\\\/www.youtube.com\\\/user\\\/VeltecService\"]}]}<\/script>\n<!-- \/ Yoast SEO Premium plugin. -->","yoast_head_json":{"title":"Ensemble de brosses pour aspirateur Kirby Veltec propre marque","description":"Ensemble de brosses pour aspirateur Kirby Veltec propre marque. Kit universel avec embouts pour plinthes, meubles et d\u00e9poussi\u00e9rage.","robots":{"index":"index","follow":"follow","max-snippet":"max-snippet:-1","max-image-preview":"max-image-preview:large","max-video-preview":"max-video-preview:-1"},"canonical":"https:\/\/www.veltec.eu\/fr\/product\/ensemble-de-brosses-pour-aspirateur-kirby-veltec-propre-marque-nl55550\/","og_locale":"fr_FR","og_type":"article","og_title":"Ensemble de brosses pour aspirateur Kirby Veltec propre marque","og_description":"L\u2019Ensemble de brosses pour aspirateur Kirby Veltec propre marque est un kit universel compatible avec tous les mod\u00e8les Kirby. Il inclut les accessoires essentiels pour un nettoyage pr\u00e9cis, efficace et durable.    En stock   Command\u00e9 23:59, exp\u00e9di\u00e9 demain  &nbsp;","og_url":"https:\/\/www.veltec.eu\/fr\/product\/ensemble-de-brosses-pour-aspirateur-kirby-veltec-propre-marque-nl55550\/","og_site_name":"Veltec Kirby specialist","article_publisher":"https:\/\/www.facebook.com\/Veltec-Kirby-Specialist-236746293374877\/","article_modified_time":"2026-05-13T09:06:07+00:00","og_image":[{"width":650,"height":650,"url":"https:\/\/www.veltec.eu\/wp-content\/uploads\/2021\/05\/550x504-1.jpg","type":"image\/jpeg"}],"twitter_card":"summary_large_image","twitter_misc":{"Dur\u00e9e de lecture estim\u00e9e":"3 minutes"},"schema":{"@context":"https:\/\/schema.org","@graph":[{"@type":"WebPage","@id":"https:\/\/www.veltec.eu\/fr\/product\/ensemble-de-brosses-pour-aspirateur-kirby-veltec-propre-marque-nl55550\/","url":"https:\/\/www.veltec.eu\/fr\/product\/ensemble-de-brosses-pour-aspirateur-kirby-veltec-propre-marque-nl55550\/","name":"Ensemble de brosses pour aspirateur Kirby Veltec propre marque","isPartOf":{"@id":"https:\/\/www.veltec.eu\/en\/#website"},"primaryImageOfPage":{"@id":"https:\/\/www.veltec.eu\/fr\/product\/ensemble-de-brosses-pour-aspirateur-kirby-veltec-propre-marque-nl55550\/#primaryimage"},"image":{"@id":"https:\/\/www.veltec.eu\/fr\/product\/ensemble-de-brosses-pour-aspirateur-kirby-veltec-propre-marque-nl55550\/#primaryimage"},"thumbnailUrl":"https:\/\/www.veltec.eu\/wp-content\/uploads\/2021\/05\/550x504-1.jpg","datePublished":"2021-05-07T07:29:26+00:00","dateModified":"2026-05-13T09:06:07+00:00","description":"Ensemble de brosses pour aspirateur Kirby Veltec propre marque. Kit universel avec embouts pour plinthes, meubles et d\u00e9poussi\u00e9rage.","breadcrumb":{"@id":"https:\/\/www.veltec.eu\/fr\/product\/ensemble-de-brosses-pour-aspirateur-kirby-veltec-propre-marque-nl55550\/#breadcrumb"},"inLanguage":"fr-FR","potentialAction":[{"@type":"ReadAction","target":["https:\/\/www.veltec.eu\/fr\/product\/ensemble-de-brosses-pour-aspirateur-kirby-veltec-propre-marque-nl55550\/"]}]},{"@type":"ImageObject","inLanguage":"fr-FR","@id":"https:\/\/www.veltec.eu\/fr\/product\/ensemble-de-brosses-pour-aspirateur-kirby-veltec-propre-marque-nl55550\/#primaryimage","url":"https:\/\/www.veltec.eu\/wp-content\/uploads\/2021\/05\/550x504-1.jpg","contentUrl":"https:\/\/www.veltec.eu\/wp-content\/uploads\/2021\/05\/550x504-1.jpg","width":650,"height":650},{"@type":"BreadcrumbList","@id":"https:\/\/www.veltec.eu\/fr\/product\/ensemble-de-brosses-pour-aspirateur-kirby-veltec-propre-marque-nl55550\/#breadcrumb","itemListElement":[{"@type":"ListItem","position":1,"name":"Home","item":"https:\/\/www.veltec.eu\/fr\/accueil\/"},{"@type":"ListItem","position":2,"name":"Boutique Kirby","item":"https:\/\/www.veltec.eu\/fr\/boutique-kirby\/"},{"@type":"ListItem","position":3,"name":"Ensemble de brosses pour aspirateur Kirby Veltec propre marque"}]},{"@type":"WebSite","@id":"https:\/\/www.veltec.eu\/en\/#website","url":"https:\/\/www.veltec.eu\/en\/","name":"Veltec Kirby specialist","description":"Kirby stofzuiger producten","publisher":{"@id":"https:\/\/www.veltec.eu\/en\/#organization"},"potentialAction":[{"@type":"SearchAction","target":{"@type":"EntryPoint","urlTemplate":"https:\/\/www.veltec.eu\/en\/?s={search_term_string}"},"query-input":{"@type":"PropertyValueSpecification","valueRequired":true,"valueName":"search_term_string"}}],"inLanguage":"fr-FR"},{"@type":"Organization","@id":"https:\/\/www.veltec.eu\/en\/#organization","name":"Veltec Kirby Specialist","url":"https:\/\/www.veltec.eu\/en\/","logo":{"@type":"ImageObject","inLanguage":"fr-FR","@id":"https:\/\/www.veltec.eu\/en\/#\/schema\/logo\/image\/","url":"https:\/\/www.veltec.eu\/wp-content\/uploads\/2021\/12\/Veltec-log-groot-e1537260889125.png","contentUrl":"https:\/\/www.veltec.eu\/wp-content\/uploads\/2021\/12\/Veltec-log-groot-e1537260889125.png","width":200,"height":60,"caption":"Veltec Kirby Specialist"},"image":{"@id":"https:\/\/www.veltec.eu\/en\/#\/schema\/logo\/image\/"},"sameAs":["https:\/\/www.facebook.com\/Veltec-Kirby-Specialist-236746293374877\/","https:\/\/www.youtube.com\/user\/VeltecService"]}]}},"_links":{"self":[{"href":"https:\/\/www.veltec.eu\/fr\/wp-json\/wp\/v2\/product\/40540","targetHints":{"allow":["GET"]}}],"collection":[{"href":"https:\/\/www.veltec.eu\/fr\/wp-json\/wp\/v2\/product"}],"about":[{"href":"https:\/\/www.veltec.eu\/fr\/wp-json\/wp\/v2\/types\/product"}],"replies":[{"embeddable":true,"href":"https:\/\/www.veltec.eu\/fr\/wp-json\/wp\/v2\/comments?post=40540"}],"wp:featuredmedia":[{"embeddable":true,"href":"https:\/\/www.veltec.eu\/fr\/wp-json\/wp\/v2\/media\/40529"}],"wp:attachment":[{"href":"https:\/\/www.veltec.eu\/fr\/wp-json\/wp\/v2\/media?parent=40540"}],"wp:term":[{"taxonomy":"product_brand","embeddable":true,"href":"https:\/\/www.veltec.eu\/fr\/wp-json\/wp\/v2\/product_brand?post=40540"},{"taxonomy":"product_cat","embeddable":true,"href":"https:\/\/www.veltec.eu\/fr\/wp-json\/wp\/v2\/product_cat?post=40540"},{"taxonomy":"product_tag","embeddable":true,"href":"https:\/\/www.veltec.eu\/fr\/wp-json\/wp\/v2\/product_tag?post=40540"}],"curies":[{"name":"wp","href":"https:\/\/api.w.org\/{rel}","templated":true}]}}