{"id":31413,"date":"2020-03-27T17:20:43","date_gmt":"2020-03-27T15:20:43","guid":{"rendered":"https:\/\/www.veltec.eu\/product\/cordon-dalimentation-15-m-kirby-g3-g4-g5-g6-g7-g7d-nl30501\/"},"modified":"2024-12-06T16:09:04","modified_gmt":"2024-12-06T14:09:04","slug":"cordon-electrique-kirby-15m-generation","status":"publish","type":"product","link":"https:\/\/www.veltec.eu\/fr\/product\/cordon-electrique-kirby-15m-generation\/","title":{"rendered":"Cordon \u00e9lectrique Kirby 15m G\u00e9n\u00e9ration"},"content":{"rendered":"<h1><b>Cordon \u00e9lectrique Kirby 15m G\u00e9n\u00e9ration adapt\u00e9 \u00e0 G3 \u00e0 Diamond<\/b><\/h1>\n<p>Cordon \u00e9lectrique Kirby 15m G\u00e9n\u00e9ration Cordon \u00e0 gaine en caoutchouc de 15 m\u00e8tres de long.<\/p>\n<p><strong>Ce produit est adapt\u00e9 pour les types:<\/strong><\/p>\n<ul>\n<li>Ultimate G Diamond Ed.(G7D or DE)<\/li>\n<li>Ultimate G (G7 or UG)<\/li>\n<li>Generation 6 (G6)<\/li>\n<li>Generation 5 (G5)<\/li>\n<li>Generation 4 (G4)<\/li>\n<li>Generation 3 (G3)<\/li>\n<\/ul>\n<p>ATTENTION !!!!<\/p>\n<p>Pour Kirby Sentria et Kirby Avalir vous avez besoin d&#8217; un autre cordon.<a href=\"https:\/\/www.veltec.eu\/fr\/product\/cordon-electrique-kirby-15m-sentria-et-avalir\/\">Cliquez ici si vous avez un Kirby Sentra ou Kirby Avalir.<\/a><\/p>\n<h2>Cordon \u00e9lectrique Kirby 15m G\u00e9n\u00e9ration- Convient pour G3 \u00e0 Diamond<\/h2>\n<p>Vous recherchez un <strong>cordon \u00e9lectrique Kirby<\/strong> extra long de <strong>15 m\u00e8tres<\/strong>? Ce cordon de haute qualit\u00e9 offre la solution parfaite pour une plus grande autonomie lors de l&#8217;utilisation de l&#8217;aspirateur. Sp\u00e9cialement con\u00e7u pour les aspirateurs <strong>Kirby G3, G4, G5, G6, Ultimate et Diamond<\/strong>, ce cordon garantit une compatibilit\u00e9 et une fiabilit\u00e9 maximales. Que vous ayez une grande maison ou que vous fassiez du m\u00e9nage professionnellement, ce cordon vous aidera \u00e0 travailler plus efficacement et sans limites.<\/p>\n<p>Vous trouverez ici tous les cordons et pi\u00e8ces d\u00e9tach\u00e9es pour le <a href=\"https:\/\/www.veltec.eu\/fr\/kirby-cordon-dalimentation\/\">cordon \u00e9lectrique Kirby<\/a><\/p>\n<h3>Pourquoi choisir le cordon \u00e9lectrique Kirby 15m G\u00e9n\u00e9ration ?<\/h3>\n<p>Avec une longueur de <strong>15 m\u00e8tres<\/strong>, ce cordon \u00e9lectrique Kirby offre une port\u00e9e nettement sup\u00e9rieure \u00e0 celle des cordons standard. Cela signifie que vous devez changer de prise moins souvent, ce qui vous permet d&#8217;\u00e9conomiser du temps et des efforts. Gr\u00e2ce \u00e0 sa conception robuste, vous pouvez compter sur une longue dur\u00e9e de vie, m\u00eame en cas d&#8217;utilisation intensive.<\/p>\n<p>En outre, le cordon est con\u00e7u dans un souci de s\u00e9curit\u00e9. Le mat\u00e9riau de haute qualit\u00e9 \u00e9vite les dommages et minimise les risques tels que les ruptures de c\u00e2ble. Il s&#8217;agit donc d&#8217;un choix non seulement pratique, mais aussi s\u00fbr pour une utilisation quotidienne.<\/p>\n<h3>Compatibilit\u00e9 et installation facile<\/h3>\n<p>Le <strong>cordon \u00e9lectrique Kirby de 15m<\/strong> est parfaitement adapt\u00e9 aux mod\u00e8les Kirby suivants :<\/p>\n<ul>\n<li><strong>Kirby G3<\/strong><\/li>\n<li><strong>Kirby G4<\/strong><\/li>\n<li><strong>Kirby G5<\/strong><\/li>\n<li><strong>Kirby G6<\/strong><\/li>\n<li><strong>Kirby Ultimate<\/strong><\/li>\n<li><strong>Kirby Diamond<\/strong><\/li>\n<\/ul>\n<p>L&#8217;installation est facile, m\u00eame si vous n&#8217;avez pas de connaissances techniques. En quelques minutes, vous pouvez \u00e9quiper votre aspirateur Kirby de ce cordon plus long, ce qui vous permet de b\u00e9n\u00e9ficier imm\u00e9diatement d&#8217;une plus grande port\u00e9e.<\/p>\n<h3>Nettoyer sans limites<\/h3>\n<p>Ce cordon de 15 m\u00e8tres rend l&#8217;aspiration non seulement plus facile, mais aussi plus efficace. Vous pouvez atteindre une plus grande surface avec une seule connexion de cordon, ce qui est particuli\u00e8rement id\u00e9al pour les grandes maisons ou les pi\u00e8ces avec peu de prises de courant.<\/p>\n<p>En bref, ce cordon \u00e9lectrique &#8211; G\u00e9n\u00e9ration est le choix id\u00e9al pour tous ceux qui appr\u00e9cient la commodit\u00e9, la qualit\u00e9 et la durabilit\u00e9. Commandez aujourd&#8217;hui et d\u00e9couvrez la diff\u00e9rence !<\/p>\n","protected":false},"excerpt":{"rendered":"<p>Cordon d\u2019alimentation en courant \u00e9lectrique pour l\u2019aspirateur Kirby.<\/p>\n[trustindex data-widget-id=e3bb80b24fa128098b960fc2439]\n<h3><span style=\"color: #008000;\"><br \/>\nEn stock<\/span><\/h3>\n[av_font_icon icon='ue812' font='entypo-fontello' style='' caption='' size='25px' position='left' color='#43ad66' link='' linktarget='' title_attr='' sonar_effect_effect='' sonar_effect_color='' sonar_effect_duration='1' sonar_effect_scale='' sonar_effect_opac='0.5' animation='' id='' custom_class='' template_class='' av_uid='' sc_version='1.0' admin_preview_bg=''][\/av_font_icon]\n<p><span style=\"color: #008000;\">Command\u00e9 23:59, exp\u00e9di\u00e9 demain<\/span><\/p>\n<p>&nbsp;<\/p>\n","protected":false},"featured_media":31404,"comment_status":"open","ping_status":"closed","template":"","meta":[],"product_brand":[],"product_cat":[387],"product_tag":[],"class_list":{"0":"post-31413","1":"product","2":"type-product","3":"status-publish","4":"has-post-thumbnail","6":"product_cat-kirby-cordon-dalimentation-et-accessoires","8":"first","9":"outofstock","10":"sale","11":"taxable","12":"shipping-taxable","13":"purchasable","14":"product-type-simple"},"yoast_head":"<!-- This site is optimized with the Yoast SEO Premium plugin v27.1 (Yoast SEO v27.4) - https:\/\/yoast.com\/product\/yoast-seo-premium-wordpress\/ -->\n<title>Cordon \u00e9lectrique Kirby 15m G\u00e9n\u00e9ration - Veltec Kirby specialist<\/title>\n<meta name=\"description\" content=\"Cordon \u00e9lectrique Kirby 15m G\u00e9n\u00e9ration - Veltec est le fournisseur des aspirateurs Kirby depuis plus de 25 ans. Veltec Kirby\" \/>\n<meta name=\"robots\" content=\"index, follow, max-snippet:-1, max-image-preview:large, max-video-preview:-1\" \/>\n<link rel=\"canonical\" href=\"https:\/\/www.veltec.eu\/fr\/product\/cordon-electrique-kirby-15m-generation\/\" \/>\n<meta property=\"og:locale\" content=\"fr_FR\" \/>\n<meta property=\"og:type\" content=\"article\" \/>\n<meta property=\"og:title\" content=\"Cordon \u00e9lectrique Kirby 15m G\u00e9n\u00e9ration\" \/>\n<meta property=\"og:description\" content=\"Cordon d\u2019alimentation en courant \u00e9lectrique pour l\u2019aspirateur Kirby.    En stock   Command\u00e9 23:59, exp\u00e9di\u00e9 demain  &nbsp;\" \/>\n<meta property=\"og:url\" content=\"https:\/\/www.veltec.eu\/fr\/product\/cordon-electrique-kirby-15m-generation\/\" \/>\n<meta property=\"og:site_name\" content=\"Veltec Kirby specialist\" \/>\n<meta property=\"article:publisher\" content=\"https:\/\/www.facebook.com\/Veltec-Kirby-Specialist-236746293374877\/\" \/>\n<meta property=\"article:modified_time\" content=\"2024-12-06T14:09:04+00:00\" \/>\n<meta property=\"og:image\" content=\"https:\/\/www.veltec.eu\/wp-content\/uploads\/2020\/03\/81UYAkXJwIL._SL1500_.jpg\" \/>\n\t<meta property=\"og:image:width\" content=\"453\" \/>\n\t<meta property=\"og:image:height\" content=\"453\" \/>\n\t<meta property=\"og:image:type\" content=\"image\/jpeg\" \/>\n<meta name=\"twitter:card\" content=\"summary_large_image\" \/>\n<meta name=\"twitter:label1\" content=\"Dur\u00e9e de lecture estim\u00e9e\" \/>\n\t<meta name=\"twitter:data1\" content=\"3 minutes\" \/>\n<script type=\"application\/ld+json\" class=\"yoast-schema-graph\">{\"@context\":\"https:\\\/\\\/schema.org\",\"@graph\":[{\"@type\":\"WebPage\",\"@id\":\"https:\\\/\\\/www.veltec.eu\\\/fr\\\/product\\\/cordon-electrique-kirby-15m-generation\\\/\",\"url\":\"https:\\\/\\\/www.veltec.eu\\\/fr\\\/product\\\/cordon-electrique-kirby-15m-generation\\\/\",\"name\":\"Cordon \u00e9lectrique Kirby 15m G\u00e9n\u00e9ration - Veltec Kirby specialist\",\"isPartOf\":{\"@id\":\"https:\\\/\\\/www.veltec.eu\\\/en\\\/#website\"},\"primaryImageOfPage\":{\"@id\":\"https:\\\/\\\/www.veltec.eu\\\/fr\\\/product\\\/cordon-electrique-kirby-15m-generation\\\/#primaryimage\"},\"image\":{\"@id\":\"https:\\\/\\\/www.veltec.eu\\\/fr\\\/product\\\/cordon-electrique-kirby-15m-generation\\\/#primaryimage\"},\"thumbnailUrl\":\"https:\\\/\\\/www.veltec.eu\\\/wp-content\\\/uploads\\\/2020\\\/03\\\/81UYAkXJwIL._SL1500_.jpg\",\"datePublished\":\"2020-03-27T15:20:43+00:00\",\"dateModified\":\"2024-12-06T14:09:04+00:00\",\"description\":\"Cordon \u00e9lectrique Kirby 15m G\u00e9n\u00e9ration - Veltec est le fournisseur des aspirateurs Kirby depuis plus de 25 ans. Veltec Kirby\",\"breadcrumb\":{\"@id\":\"https:\\\/\\\/www.veltec.eu\\\/fr\\\/product\\\/cordon-electrique-kirby-15m-generation\\\/#breadcrumb\"},\"inLanguage\":\"fr-FR\",\"potentialAction\":[{\"@type\":\"ReadAction\",\"target\":[\"https:\\\/\\\/www.veltec.eu\\\/fr\\\/product\\\/cordon-electrique-kirby-15m-generation\\\/\"]}]},{\"@type\":\"ImageObject\",\"inLanguage\":\"fr-FR\",\"@id\":\"https:\\\/\\\/www.veltec.eu\\\/fr\\\/product\\\/cordon-electrique-kirby-15m-generation\\\/#primaryimage\",\"url\":\"https:\\\/\\\/www.veltec.eu\\\/wp-content\\\/uploads\\\/2020\\\/03\\\/81UYAkXJwIL._SL1500_.jpg\",\"contentUrl\":\"https:\\\/\\\/www.veltec.eu\\\/wp-content\\\/uploads\\\/2020\\\/03\\\/81UYAkXJwIL._SL1500_.jpg\",\"width\":453,\"height\":453},{\"@type\":\"BreadcrumbList\",\"@id\":\"https:\\\/\\\/www.veltec.eu\\\/fr\\\/product\\\/cordon-electrique-kirby-15m-generation\\\/#breadcrumb\",\"itemListElement\":[{\"@type\":\"ListItem\",\"position\":1,\"name\":\"Home\",\"item\":\"https:\\\/\\\/www.veltec.eu\\\/fr\\\/\"},{\"@type\":\"ListItem\",\"position\":2,\"name\":\"Produits\",\"item\":\"https:\\\/\\\/www.veltec.eu\\\/fr\\\/shop\\\/\"},{\"@type\":\"ListItem\",\"position\":3,\"name\":\"Cordon \u00e9lectrique Kirby 15m G\u00e9n\u00e9ration\"}]},{\"@type\":\"WebSite\",\"@id\":\"https:\\\/\\\/www.veltec.eu\\\/en\\\/#website\",\"url\":\"https:\\\/\\\/www.veltec.eu\\\/en\\\/\",\"name\":\"Veltec Kirby specialist\",\"description\":\"Kirby stofzuiger producten\",\"publisher\":{\"@id\":\"https:\\\/\\\/www.veltec.eu\\\/en\\\/#organization\"},\"potentialAction\":[{\"@type\":\"SearchAction\",\"target\":{\"@type\":\"EntryPoint\",\"urlTemplate\":\"https:\\\/\\\/www.veltec.eu\\\/en\\\/?s={search_term_string}\"},\"query-input\":{\"@type\":\"PropertyValueSpecification\",\"valueRequired\":true,\"valueName\":\"search_term_string\"}}],\"inLanguage\":\"fr-FR\"},{\"@type\":\"Organization\",\"@id\":\"https:\\\/\\\/www.veltec.eu\\\/en\\\/#organization\",\"name\":\"Veltec Kirby Specialist\",\"url\":\"https:\\\/\\\/www.veltec.eu\\\/en\\\/\",\"logo\":{\"@type\":\"ImageObject\",\"inLanguage\":\"fr-FR\",\"@id\":\"https:\\\/\\\/www.veltec.eu\\\/en\\\/#\\\/schema\\\/logo\\\/image\\\/\",\"url\":\"https:\\\/\\\/www.veltec.eu\\\/wp-content\\\/uploads\\\/2021\\\/12\\\/Veltec-log-groot-e1537260889125.png\",\"contentUrl\":\"https:\\\/\\\/www.veltec.eu\\\/wp-content\\\/uploads\\\/2021\\\/12\\\/Veltec-log-groot-e1537260889125.png\",\"width\":200,\"height\":60,\"caption\":\"Veltec Kirby Specialist\"},\"image\":{\"@id\":\"https:\\\/\\\/www.veltec.eu\\\/en\\\/#\\\/schema\\\/logo\\\/image\\\/\"},\"sameAs\":[\"https:\\\/\\\/www.facebook.com\\\/Veltec-Kirby-Specialist-236746293374877\\\/\",\"https:\\\/\\\/www.youtube.com\\\/user\\\/VeltecService\"]}]}<\/script>\n<!-- \/ Yoast SEO Premium plugin. -->","yoast_head_json":{"title":"Cordon \u00e9lectrique Kirby 15m G\u00e9n\u00e9ration - Veltec Kirby specialist","description":"Cordon \u00e9lectrique Kirby 15m G\u00e9n\u00e9ration - Veltec est le fournisseur des aspirateurs Kirby depuis plus de 25 ans. Veltec Kirby","robots":{"index":"index","follow":"follow","max-snippet":"max-snippet:-1","max-image-preview":"max-image-preview:large","max-video-preview":"max-video-preview:-1"},"canonical":"https:\/\/www.veltec.eu\/fr\/product\/cordon-electrique-kirby-15m-generation\/","og_locale":"fr_FR","og_type":"article","og_title":"Cordon \u00e9lectrique Kirby 15m G\u00e9n\u00e9ration","og_description":"Cordon d\u2019alimentation en courant \u00e9lectrique pour l\u2019aspirateur Kirby.    En stock   Command\u00e9 23:59, exp\u00e9di\u00e9 demain  &nbsp;","og_url":"https:\/\/www.veltec.eu\/fr\/product\/cordon-electrique-kirby-15m-generation\/","og_site_name":"Veltec Kirby specialist","article_publisher":"https:\/\/www.facebook.com\/Veltec-Kirby-Specialist-236746293374877\/","article_modified_time":"2024-12-06T14:09:04+00:00","og_image":[{"width":453,"height":453,"url":"https:\/\/www.veltec.eu\/wp-content\/uploads\/2020\/03\/81UYAkXJwIL._SL1500_.jpg","type":"image\/jpeg"}],"twitter_card":"summary_large_image","twitter_misc":{"Dur\u00e9e de lecture estim\u00e9e":"3 minutes"},"schema":{"@context":"https:\/\/schema.org","@graph":[{"@type":"WebPage","@id":"https:\/\/www.veltec.eu\/fr\/product\/cordon-electrique-kirby-15m-generation\/","url":"https:\/\/www.veltec.eu\/fr\/product\/cordon-electrique-kirby-15m-generation\/","name":"Cordon \u00e9lectrique Kirby 15m G\u00e9n\u00e9ration - Veltec Kirby specialist","isPartOf":{"@id":"https:\/\/www.veltec.eu\/en\/#website"},"primaryImageOfPage":{"@id":"https:\/\/www.veltec.eu\/fr\/product\/cordon-electrique-kirby-15m-generation\/#primaryimage"},"image":{"@id":"https:\/\/www.veltec.eu\/fr\/product\/cordon-electrique-kirby-15m-generation\/#primaryimage"},"thumbnailUrl":"https:\/\/www.veltec.eu\/wp-content\/uploads\/2020\/03\/81UYAkXJwIL._SL1500_.jpg","datePublished":"2020-03-27T15:20:43+00:00","dateModified":"2024-12-06T14:09:04+00:00","description":"Cordon \u00e9lectrique Kirby 15m G\u00e9n\u00e9ration - Veltec est le fournisseur des aspirateurs Kirby depuis plus de 25 ans. Veltec Kirby","breadcrumb":{"@id":"https:\/\/www.veltec.eu\/fr\/product\/cordon-electrique-kirby-15m-generation\/#breadcrumb"},"inLanguage":"fr-FR","potentialAction":[{"@type":"ReadAction","target":["https:\/\/www.veltec.eu\/fr\/product\/cordon-electrique-kirby-15m-generation\/"]}]},{"@type":"ImageObject","inLanguage":"fr-FR","@id":"https:\/\/www.veltec.eu\/fr\/product\/cordon-electrique-kirby-15m-generation\/#primaryimage","url":"https:\/\/www.veltec.eu\/wp-content\/uploads\/2020\/03\/81UYAkXJwIL._SL1500_.jpg","contentUrl":"https:\/\/www.veltec.eu\/wp-content\/uploads\/2020\/03\/81UYAkXJwIL._SL1500_.jpg","width":453,"height":453},{"@type":"BreadcrumbList","@id":"https:\/\/www.veltec.eu\/fr\/product\/cordon-electrique-kirby-15m-generation\/#breadcrumb","itemListElement":[{"@type":"ListItem","position":1,"name":"Home","item":"https:\/\/www.veltec.eu\/fr\/"},{"@type":"ListItem","position":2,"name":"Produits","item":"https:\/\/www.veltec.eu\/fr\/shop\/"},{"@type":"ListItem","position":3,"name":"Cordon \u00e9lectrique Kirby 15m G\u00e9n\u00e9ration"}]},{"@type":"WebSite","@id":"https:\/\/www.veltec.eu\/en\/#website","url":"https:\/\/www.veltec.eu\/en\/","name":"Veltec Kirby specialist","description":"Kirby stofzuiger producten","publisher":{"@id":"https:\/\/www.veltec.eu\/en\/#organization"},"potentialAction":[{"@type":"SearchAction","target":{"@type":"EntryPoint","urlTemplate":"https:\/\/www.veltec.eu\/en\/?s={search_term_string}"},"query-input":{"@type":"PropertyValueSpecification","valueRequired":true,"valueName":"search_term_string"}}],"inLanguage":"fr-FR"},{"@type":"Organization","@id":"https:\/\/www.veltec.eu\/en\/#organization","name":"Veltec Kirby Specialist","url":"https:\/\/www.veltec.eu\/en\/","logo":{"@type":"ImageObject","inLanguage":"fr-FR","@id":"https:\/\/www.veltec.eu\/en\/#\/schema\/logo\/image\/","url":"https:\/\/www.veltec.eu\/wp-content\/uploads\/2021\/12\/Veltec-log-groot-e1537260889125.png","contentUrl":"https:\/\/www.veltec.eu\/wp-content\/uploads\/2021\/12\/Veltec-log-groot-e1537260889125.png","width":200,"height":60,"caption":"Veltec Kirby Specialist"},"image":{"@id":"https:\/\/www.veltec.eu\/en\/#\/schema\/logo\/image\/"},"sameAs":["https:\/\/www.facebook.com\/Veltec-Kirby-Specialist-236746293374877\/","https:\/\/www.youtube.com\/user\/VeltecService"]}]}},"_links":{"self":[{"href":"https:\/\/www.veltec.eu\/fr\/wp-json\/wp\/v2\/product\/31413","targetHints":{"allow":["GET"]}}],"collection":[{"href":"https:\/\/www.veltec.eu\/fr\/wp-json\/wp\/v2\/product"}],"about":[{"href":"https:\/\/www.veltec.eu\/fr\/wp-json\/wp\/v2\/types\/product"}],"replies":[{"embeddable":true,"href":"https:\/\/www.veltec.eu\/fr\/wp-json\/wp\/v2\/comments?post=31413"}],"wp:featuredmedia":[{"embeddable":true,"href":"https:\/\/www.veltec.eu\/fr\/wp-json\/wp\/v2\/media\/31404"}],"wp:attachment":[{"href":"https:\/\/www.veltec.eu\/fr\/wp-json\/wp\/v2\/media?parent=31413"}],"wp:term":[{"taxonomy":"product_brand","embeddable":true,"href":"https:\/\/www.veltec.eu\/fr\/wp-json\/wp\/v2\/product_brand?post=31413"},{"taxonomy":"product_cat","embeddable":true,"href":"https:\/\/www.veltec.eu\/fr\/wp-json\/wp\/v2\/product_cat?post=31413"},{"taxonomy":"product_tag","embeddable":true,"href":"https:\/\/www.veltec.eu\/fr\/wp-json\/wp\/v2\/product_tag?post=31413"}],"curies":[{"name":"wp","href":"https:\/\/api.w.org\/{rel}","templated":true}]}}