{"id":31356,"date":"2020-03-27T15:56:01","date_gmt":"2020-03-27T13:56:01","guid":{"rendered":"https:\/\/www.veltec.eu\/product\/cordon-dalimentation-15-m-kirby-sentria-avalir-nl550098\/"},"modified":"2024-12-06T16:13:10","modified_gmt":"2024-12-06T14:13:10","slug":"cordon-electrique-kirby-15m-sentria-et-avalir","status":"publish","type":"product","link":"https:\/\/www.veltec.eu\/fr\/product\/cordon-electrique-kirby-15m-sentria-et-avalir\/","title":{"rendered":"Cordon \u00e9lectrique Kirby 15m Sentria et Avalir"},"content":{"rendered":"<h1>Cordon \u00e9lectrique Kirby 15m Sentria et Avalir<\/h1>\n<p>Cordon \u00e9lectrique Kirby 15m Sentria et Avalir pour l\u2019aspirateur Kirby.<br \/>\nCordon \u00e0 gaine en caoutchouc de 15 m\u00e8tres de long.<\/p>\n<p><strong>Ce produit est adapt\u00e9 pour les types:<\/strong><\/p>\n<ul>\n<li>Avalir II<\/li>\n<li>Avalir I<\/li>\n<li>Sentria II (G10D)<\/li>\n<li>Sentria (G10)<\/li>\n<\/ul>\n<p>ATTENTION !!!!<\/p>\n<p>Le cordon \u00e9lectrique est adapt\u00e9 pour le Kirby Sentria et Kirby Avalir.<br \/>\nSi vous avez un autre type d&#8217;aspirateur Kirby, alors vous avez besoin d&#8217; un autre c\u00e2ble.<br \/>\n<strong><a href=\"https:\/\/www.veltec.eu\/fr\/product\/cordon-electrique-kirby-15m-generation\/\">Cliquez ici si vous n&#8217;avez pas Kirby Kirby Sentra ou Avalir.<\/a><\/strong><\/p>\n<h2>Kirby cordon \u00e9lectrique 15m Sentria et Avalir &#8211; Convient pour Kirby Sentria et Avalir<\/h2>\n<p>Vous recherchez un cordon \u00e9lectrique fiable et tr\u00e8s long pour votre aspirateur Kirby ? Ce cordon \u00e9lectrique Kirby de 15 m\u00e8tres, sp\u00e9cialement con\u00e7u pour les mod\u00e8les Kirby Sentria et Kirby Avalir, est la r\u00e9ponse ! Avec ce c\u00e2ble, vous b\u00e9n\u00e9ficiez d&#8217;une plus grande libert\u00e9 de mouvement, d&#8217;arr\u00eats moins fr\u00e9quents pour changer de prise et d&#8217;une performance optimale de votre appareil Kirby.<\/p>\n<p>Vous trouverez ici toutes les pi\u00e8ces d\u00e9tach\u00e9es pour le <a href=\"https:\/\/www.veltec.eu\/fr\/categorie\/kirby-cordon-dalimentation-et-accessoires\/\">cordon \u00e9lectrique Kirby<\/a>.<\/p>\n<h3>Pourquoi choisir un cordon \u00e9lectrique Kirby 15m Sentria et Avalir ?<\/h3>\n<p>Le cordon standard d&#8217;un aspirateur peut vite s&#8217;av\u00e9rer trop court, surtout dans les grandes pi\u00e8ces ou lorsque les prises sont \u00e9loign\u00e9es les unes des autres. Avec ce cordon \u00e9lectrique de 15 m\u00e8tres :<\/p>\n<ul>\n<li>Gain de temps : moins d&#8217;interruptions pour brancher l&#8217;aspirateur sur une autre prise.<\/li>\n<li>Flexibilit\u00e9 accrue : atteignez facilement les coins et les pi\u00e8ces sans compromettre les performances.<\/li>\n<li>Convient aux grandes maisons : id\u00e9al pour les grandes pi\u00e8ces, les bureaux ou les m\u00e9nages ayant un acc\u00e8s limit\u00e9 aux prises de courant.<\/li>\n<li>Compatibilit\u00e9 parfaite avec Kirby Sentria et Avalir<\/li>\n<\/ul>\n<p>Ce cordon \u00e9lectrique est sp\u00e9cialement con\u00e7u pour les mod\u00e8les Kirby Sentria et Kirby Avalir, garantissant un ajustement parfait et un fonctionnement fiable. Le cordon est facile \u00e0 installer, s\u00fbr \u00e0 utiliser et fabriqu\u00e9 \u00e0 partir de mat\u00e9riaux durables pour garantir une utilisation \u00e0 long terme.<\/p>\n<h3>Principaux avantages<\/h3>\n<p>Qualit\u00e9 durable : les mat\u00e9riaux utilis\u00e9s sont de haute qualit\u00e9 et peuvent r\u00e9sister \u00e0 un usage intensif.<br \/>\nInstallation facile : Pas d&#8217;\u00e9tapes compliqu\u00e9es ; branchez le cordon en quelques minutes.<br \/>\nS\u00e9curit\u00e9 : Con\u00e7u selon les normes de s\u00e9curit\u00e9 les plus strictes, vous n&#8217;avez aucune raison de vous inqui\u00e9ter.<br \/>\nAm\u00e9liorez votre exp\u00e9rience de nettoyage<\/p>\n<p>Ce cordon \u00e9lectrique Kirby de 15 m\u00e8tres rendra votre exp\u00e9rience de nettoyage plus facile, plus efficace et plus confortable. Parfait pour un usage priv\u00e9 ou professionnel, ce produit vous aidera \u00e0 tirer le meilleur parti de votre aspirateur Kirby.<\/p>\n<h3>Commandez d\u00e8s aujourd&#8217;hui !<\/h3>\n<p>Assurez-vous que votre Kirby Sentria ou Avalir ne soit jamais \u00e0 court d&#8217;\u00e9nergie. Commandez ce cordon \u00e9lectrique extra-long de 15 m\u00e8tres et profitez d&#8217;une libert\u00e9 de mouvement illimit\u00e9e pendant le nettoyage. Ne manquez pas cette occasion de faire passer votre exp\u00e9rience de l&#8217;aspiration au niveau sup\u00e9rieur !<\/p>\n","protected":false},"excerpt":{"rendered":"<p>Cordon d\u2019alimentation en courant \u00e9lectrique pour l\u2019aspirateur Kirby.<\/p>\n","protected":false},"featured_media":31345,"comment_status":"open","ping_status":"closed","template":"","meta":[],"product_brand":[],"product_cat":[387],"product_tag":[],"class_list":{"0":"post-31356","1":"product","2":"type-product","3":"status-publish","4":"has-post-thumbnail","6":"product_cat-kirby-cordon-dalimentation-et-accessoires","8":"first","9":"outofstock","10":"sale","11":"taxable","12":"shipping-taxable","13":"purchasable","14":"product-type-simple"},"yoast_head":"<!-- This site is optimized with the Yoast SEO Premium plugin v27.1 (Yoast SEO v27.4) - https:\/\/yoast.com\/product\/yoast-seo-premium-wordpress\/ -->\n<title>Cordon \u00e9lectrique Kirby 15m Sentria et Avalir - Veltec Kirby specialist<\/title>\n<meta name=\"description\" content=\"Cordon \u00e9lectrique Kirby 15m Sentria et Avalir - Veltec est le fournisseur des aspirateurs Kirby depuis plus de 25 ans. Veltec Kirby\" \/>\n<meta name=\"robots\" content=\"index, follow, max-snippet:-1, max-image-preview:large, max-video-preview:-1\" \/>\n<link rel=\"canonical\" href=\"https:\/\/www.veltec.eu\/nl\/product\/kirby-elektrasnoer-15m-sentria-en-avalir\/\" \/>\n<meta property=\"og:locale\" content=\"fr_FR\" \/>\n<meta property=\"og:type\" content=\"article\" \/>\n<meta property=\"og:title\" content=\"Cordon \u00e9lectrique Kirby 15m Sentria et Avalir\" \/>\n<meta property=\"og:description\" content=\"Cordon d\u2019alimentation en courant \u00e9lectrique pour l\u2019aspirateur Kirby.\" \/>\n<meta property=\"og:url\" content=\"https:\/\/www.veltec.eu\/nl\/product\/kirby-elektrasnoer-15m-sentria-en-avalir\/\" \/>\n<meta property=\"og:site_name\" content=\"Veltec Kirby specialist\" \/>\n<meta property=\"article:publisher\" content=\"https:\/\/www.facebook.com\/Veltec-Kirby-Specialist-236746293374877\/\" \/>\n<meta property=\"article:modified_time\" content=\"2024-12-06T14:13:10+00:00\" \/>\n<meta property=\"og:image\" content=\"https:\/\/www.veltec.eu\/wp-content\/uploads\/2020\/03\/50-food-snoer-Sentr-avalir.jpg\" \/>\n\t<meta property=\"og:image:width\" content=\"500\" \/>\n\t<meta property=\"og:image:height\" content=\"500\" \/>\n\t<meta property=\"og:image:type\" content=\"image\/jpeg\" \/>\n<meta name=\"twitter:card\" content=\"summary_large_image\" \/>\n<meta name=\"twitter:label1\" content=\"Dur\u00e9e de lecture estim\u00e9e\" \/>\n\t<meta name=\"twitter:data1\" content=\"3 minutes\" \/>\n<script type=\"application\/ld+json\" class=\"yoast-schema-graph\">{\"@context\":\"https:\\\/\\\/schema.org\",\"@graph\":[{\"@type\":\"WebPage\",\"@id\":\"https:\\\/\\\/www.veltec.eu\\\/nl\\\/product\\\/kirby-elektrasnoer-15m-sentria-en-avalir\\\/\",\"url\":\"https:\\\/\\\/www.veltec.eu\\\/nl\\\/product\\\/kirby-elektrasnoer-15m-sentria-en-avalir\\\/\",\"name\":\"Cordon \u00e9lectrique Kirby 15m Sentria et Avalir - Veltec Kirby specialist\",\"isPartOf\":{\"@id\":\"https:\\\/\\\/www.veltec.eu\\\/en\\\/#website\"},\"primaryImageOfPage\":{\"@id\":\"https:\\\/\\\/www.veltec.eu\\\/nl\\\/product\\\/kirby-elektrasnoer-15m-sentria-en-avalir\\\/#primaryimage\"},\"image\":{\"@id\":\"https:\\\/\\\/www.veltec.eu\\\/nl\\\/product\\\/kirby-elektrasnoer-15m-sentria-en-avalir\\\/#primaryimage\"},\"thumbnailUrl\":\"https:\\\/\\\/www.veltec.eu\\\/wp-content\\\/uploads\\\/2020\\\/03\\\/50-food-snoer-Sentr-avalir.jpg\",\"datePublished\":\"2020-03-27T13:56:01+00:00\",\"dateModified\":\"2024-12-06T14:13:10+00:00\",\"description\":\"Cordon \u00e9lectrique Kirby 15m Sentria et Avalir - Veltec est le fournisseur des aspirateurs Kirby depuis plus de 25 ans. Veltec Kirby\",\"breadcrumb\":{\"@id\":\"https:\\\/\\\/www.veltec.eu\\\/nl\\\/product\\\/kirby-elektrasnoer-15m-sentria-en-avalir\\\/#breadcrumb\"},\"inLanguage\":\"fr-FR\",\"potentialAction\":[{\"@type\":\"ReadAction\",\"target\":[\"https:\\\/\\\/www.veltec.eu\\\/nl\\\/product\\\/kirby-elektrasnoer-15m-sentria-en-avalir\\\/\"]}]},{\"@type\":\"ImageObject\",\"inLanguage\":\"fr-FR\",\"@id\":\"https:\\\/\\\/www.veltec.eu\\\/nl\\\/product\\\/kirby-elektrasnoer-15m-sentria-en-avalir\\\/#primaryimage\",\"url\":\"https:\\\/\\\/www.veltec.eu\\\/wp-content\\\/uploads\\\/2020\\\/03\\\/50-food-snoer-Sentr-avalir.jpg\",\"contentUrl\":\"https:\\\/\\\/www.veltec.eu\\\/wp-content\\\/uploads\\\/2020\\\/03\\\/50-food-snoer-Sentr-avalir.jpg\",\"width\":500,\"height\":500},{\"@type\":\"BreadcrumbList\",\"@id\":\"https:\\\/\\\/www.veltec.eu\\\/nl\\\/product\\\/kirby-elektrasnoer-15m-sentria-en-avalir\\\/#breadcrumb\",\"itemListElement\":[{\"@type\":\"ListItem\",\"position\":1,\"name\":\"Home\",\"item\":\"https:\\\/\\\/www.veltec.eu\\\/fr\\\/\"},{\"@type\":\"ListItem\",\"position\":2,\"name\":\"Produits\",\"item\":\"https:\\\/\\\/www.veltec.eu\\\/fr\\\/shop\\\/\"},{\"@type\":\"ListItem\",\"position\":3,\"name\":\"Cordon \u00e9lectrique Kirby 15m Sentria et Avalir\"}]},{\"@type\":\"WebSite\",\"@id\":\"https:\\\/\\\/www.veltec.eu\\\/en\\\/#website\",\"url\":\"https:\\\/\\\/www.veltec.eu\\\/en\\\/\",\"name\":\"Veltec Kirby specialist\",\"description\":\"Kirby stofzuiger producten\",\"publisher\":{\"@id\":\"https:\\\/\\\/www.veltec.eu\\\/en\\\/#organization\"},\"potentialAction\":[{\"@type\":\"SearchAction\",\"target\":{\"@type\":\"EntryPoint\",\"urlTemplate\":\"https:\\\/\\\/www.veltec.eu\\\/en\\\/?s={search_term_string}\"},\"query-input\":{\"@type\":\"PropertyValueSpecification\",\"valueRequired\":true,\"valueName\":\"search_term_string\"}}],\"inLanguage\":\"fr-FR\"},{\"@type\":\"Organization\",\"@id\":\"https:\\\/\\\/www.veltec.eu\\\/en\\\/#organization\",\"name\":\"Veltec Kirby Specialist\",\"url\":\"https:\\\/\\\/www.veltec.eu\\\/en\\\/\",\"logo\":{\"@type\":\"ImageObject\",\"inLanguage\":\"fr-FR\",\"@id\":\"https:\\\/\\\/www.veltec.eu\\\/en\\\/#\\\/schema\\\/logo\\\/image\\\/\",\"url\":\"https:\\\/\\\/www.veltec.eu\\\/wp-content\\\/uploads\\\/2021\\\/12\\\/Veltec-log-groot-e1537260889125.png\",\"contentUrl\":\"https:\\\/\\\/www.veltec.eu\\\/wp-content\\\/uploads\\\/2021\\\/12\\\/Veltec-log-groot-e1537260889125.png\",\"width\":200,\"height\":60,\"caption\":\"Veltec Kirby Specialist\"},\"image\":{\"@id\":\"https:\\\/\\\/www.veltec.eu\\\/en\\\/#\\\/schema\\\/logo\\\/image\\\/\"},\"sameAs\":[\"https:\\\/\\\/www.facebook.com\\\/Veltec-Kirby-Specialist-236746293374877\\\/\",\"https:\\\/\\\/www.youtube.com\\\/user\\\/VeltecService\"]}]}<\/script>\n<!-- \/ Yoast SEO Premium plugin. -->","yoast_head_json":{"title":"Cordon \u00e9lectrique Kirby 15m Sentria et Avalir - Veltec Kirby specialist","description":"Cordon \u00e9lectrique Kirby 15m Sentria et Avalir - Veltec est le fournisseur des aspirateurs Kirby depuis plus de 25 ans. Veltec Kirby","robots":{"index":"index","follow":"follow","max-snippet":"max-snippet:-1","max-image-preview":"max-image-preview:large","max-video-preview":"max-video-preview:-1"},"canonical":"https:\/\/www.veltec.eu\/nl\/product\/kirby-elektrasnoer-15m-sentria-en-avalir\/","og_locale":"fr_FR","og_type":"article","og_title":"Cordon \u00e9lectrique Kirby 15m Sentria et Avalir","og_description":"Cordon d\u2019alimentation en courant \u00e9lectrique pour l\u2019aspirateur Kirby.","og_url":"https:\/\/www.veltec.eu\/nl\/product\/kirby-elektrasnoer-15m-sentria-en-avalir\/","og_site_name":"Veltec Kirby specialist","article_publisher":"https:\/\/www.facebook.com\/Veltec-Kirby-Specialist-236746293374877\/","article_modified_time":"2024-12-06T14:13:10+00:00","og_image":[{"width":500,"height":500,"url":"https:\/\/www.veltec.eu\/wp-content\/uploads\/2020\/03\/50-food-snoer-Sentr-avalir.jpg","type":"image\/jpeg"}],"twitter_card":"summary_large_image","twitter_misc":{"Dur\u00e9e de lecture estim\u00e9e":"3 minutes"},"schema":{"@context":"https:\/\/schema.org","@graph":[{"@type":"WebPage","@id":"https:\/\/www.veltec.eu\/nl\/product\/kirby-elektrasnoer-15m-sentria-en-avalir\/","url":"https:\/\/www.veltec.eu\/nl\/product\/kirby-elektrasnoer-15m-sentria-en-avalir\/","name":"Cordon \u00e9lectrique Kirby 15m Sentria et Avalir - Veltec Kirby specialist","isPartOf":{"@id":"https:\/\/www.veltec.eu\/en\/#website"},"primaryImageOfPage":{"@id":"https:\/\/www.veltec.eu\/nl\/product\/kirby-elektrasnoer-15m-sentria-en-avalir\/#primaryimage"},"image":{"@id":"https:\/\/www.veltec.eu\/nl\/product\/kirby-elektrasnoer-15m-sentria-en-avalir\/#primaryimage"},"thumbnailUrl":"https:\/\/www.veltec.eu\/wp-content\/uploads\/2020\/03\/50-food-snoer-Sentr-avalir.jpg","datePublished":"2020-03-27T13:56:01+00:00","dateModified":"2024-12-06T14:13:10+00:00","description":"Cordon \u00e9lectrique Kirby 15m Sentria et Avalir - Veltec est le fournisseur des aspirateurs Kirby depuis plus de 25 ans. Veltec Kirby","breadcrumb":{"@id":"https:\/\/www.veltec.eu\/nl\/product\/kirby-elektrasnoer-15m-sentria-en-avalir\/#breadcrumb"},"inLanguage":"fr-FR","potentialAction":[{"@type":"ReadAction","target":["https:\/\/www.veltec.eu\/nl\/product\/kirby-elektrasnoer-15m-sentria-en-avalir\/"]}]},{"@type":"ImageObject","inLanguage":"fr-FR","@id":"https:\/\/www.veltec.eu\/nl\/product\/kirby-elektrasnoer-15m-sentria-en-avalir\/#primaryimage","url":"https:\/\/www.veltec.eu\/wp-content\/uploads\/2020\/03\/50-food-snoer-Sentr-avalir.jpg","contentUrl":"https:\/\/www.veltec.eu\/wp-content\/uploads\/2020\/03\/50-food-snoer-Sentr-avalir.jpg","width":500,"height":500},{"@type":"BreadcrumbList","@id":"https:\/\/www.veltec.eu\/nl\/product\/kirby-elektrasnoer-15m-sentria-en-avalir\/#breadcrumb","itemListElement":[{"@type":"ListItem","position":1,"name":"Home","item":"https:\/\/www.veltec.eu\/fr\/"},{"@type":"ListItem","position":2,"name":"Produits","item":"https:\/\/www.veltec.eu\/fr\/shop\/"},{"@type":"ListItem","position":3,"name":"Cordon \u00e9lectrique Kirby 15m Sentria et Avalir"}]},{"@type":"WebSite","@id":"https:\/\/www.veltec.eu\/en\/#website","url":"https:\/\/www.veltec.eu\/en\/","name":"Veltec Kirby specialist","description":"Kirby stofzuiger producten","publisher":{"@id":"https:\/\/www.veltec.eu\/en\/#organization"},"potentialAction":[{"@type":"SearchAction","target":{"@type":"EntryPoint","urlTemplate":"https:\/\/www.veltec.eu\/en\/?s={search_term_string}"},"query-input":{"@type":"PropertyValueSpecification","valueRequired":true,"valueName":"search_term_string"}}],"inLanguage":"fr-FR"},{"@type":"Organization","@id":"https:\/\/www.veltec.eu\/en\/#organization","name":"Veltec Kirby Specialist","url":"https:\/\/www.veltec.eu\/en\/","logo":{"@type":"ImageObject","inLanguage":"fr-FR","@id":"https:\/\/www.veltec.eu\/en\/#\/schema\/logo\/image\/","url":"https:\/\/www.veltec.eu\/wp-content\/uploads\/2021\/12\/Veltec-log-groot-e1537260889125.png","contentUrl":"https:\/\/www.veltec.eu\/wp-content\/uploads\/2021\/12\/Veltec-log-groot-e1537260889125.png","width":200,"height":60,"caption":"Veltec Kirby Specialist"},"image":{"@id":"https:\/\/www.veltec.eu\/en\/#\/schema\/logo\/image\/"},"sameAs":["https:\/\/www.facebook.com\/Veltec-Kirby-Specialist-236746293374877\/","https:\/\/www.youtube.com\/user\/VeltecService"]}]}},"_links":{"self":[{"href":"https:\/\/www.veltec.eu\/fr\/wp-json\/wp\/v2\/product\/31356","targetHints":{"allow":["GET"]}}],"collection":[{"href":"https:\/\/www.veltec.eu\/fr\/wp-json\/wp\/v2\/product"}],"about":[{"href":"https:\/\/www.veltec.eu\/fr\/wp-json\/wp\/v2\/types\/product"}],"replies":[{"embeddable":true,"href":"https:\/\/www.veltec.eu\/fr\/wp-json\/wp\/v2\/comments?post=31356"}],"wp:featuredmedia":[{"embeddable":true,"href":"https:\/\/www.veltec.eu\/fr\/wp-json\/wp\/v2\/media\/31345"}],"wp:attachment":[{"href":"https:\/\/www.veltec.eu\/fr\/wp-json\/wp\/v2\/media?parent=31356"}],"wp:term":[{"taxonomy":"product_brand","embeddable":true,"href":"https:\/\/www.veltec.eu\/fr\/wp-json\/wp\/v2\/product_brand?post=31356"},{"taxonomy":"product_cat","embeddable":true,"href":"https:\/\/www.veltec.eu\/fr\/wp-json\/wp\/v2\/product_cat?post=31356"},{"taxonomy":"product_tag","embeddable":true,"href":"https:\/\/www.veltec.eu\/fr\/wp-json\/wp\/v2\/product_tag?post=31356"}],"curies":[{"name":"wp","href":"https:\/\/api.w.org\/{rel}","templated":true}]}}