{"id":31315,"date":"2020-03-27T14:52:42","date_gmt":"2020-03-27T12:52:42","guid":{"rendered":"https:\/\/www.veltec.eu\/product\/cordon-dalimentation-kirby-sentria-avalir-nl30502\/"},"modified":"2026-03-09T11:56:47","modified_gmt":"2026-03-09T09:56:47","slug":"cordon-electrique-kirby-10m-sentria-et-avalir","status":"publish","type":"product","link":"https:\/\/www.veltec.eu\/fr\/product\/cordon-electrique-kirby-10m-sentria-et-avalir\/","title":{"rendered":"Cordon \u00e9lectrique Kirby 10m Sentria et Avalir"},"content":{"rendered":"<h1>Cordon \u00e9lectrique Kirby 10m Sentria et Avalir<\/h1>\n<p>Le Cordon \u00e9lectrique Kirby 10m Sentria et Avalir est le c\u00e2ble de remplacement id\u00e9al lorsque le cordon d&#8217;alimentation de votre aspirateur Kirby est us\u00e9, endommag\u00e9 ou devenu dangereux. Avec une longueur de 10 m\u00e8tres et un c\u00e2blage en caoutchouc solide et durable, ce cordon d&#8217;alimentation Kirby offre non seulement une connexion s\u00fbre, mais aussi une libert\u00e9 de mouvement suppl\u00e9mentaire. Vous pouvez ainsi passer l&#8217;aspirateur sans effort dans de grandes pi\u00e8ces sans avoir \u00e0 changer constamment de prise. Ce cordon d&#8217;alimentation Kirby est sp\u00e9cialement con\u00e7u pour les mod\u00e8les Kirby Sentria et Kirby Avalir et garantit un ajustement parfait et une alimentation \u00e9lectrique fiable.<\/p>\n<h2 data-start=\"689\" data-end=\"736\">Sp\u00e9cifications du cordon d&#8217;alimentation Kirby<\/h2>\n<ul data-start=\"738\" data-end=\"885\">\n<li data-section-id=\"1rfcnop\" data-start=\"949\" data-end=\"969\">Longueur : 10 m\u00e8tres<\/li>\n<li data-section-id=\"1rfcnop\" data-start=\"949\" data-end=\"969\">1x connecteur droit moul\u00e9<\/li>\n<li data-section-id=\"1rfcnop\" data-start=\"949\" data-end=\"969\">1x connecteur femelle coud\u00e9<\/li>\n<li data-section-id=\"1rfcnop\" data-start=\"949\" data-end=\"969\">1x serre-c\u00e2ble moul\u00e9<\/li>\n<\/ul>\n<p data-start=\"887\" data-end=\"1063\">La fiche de l&#8217;appareil se trouve sous le capuchon de protection situ\u00e9 sur le c\u00f4t\u00e9 droit du Kirby. Ce capuchon peut \u00eatre facilement retir\u00e9 \u00e0 l&#8217;aide d&#8217;un tournevis Torx, ce qui permet de remplacer le cordon d&#8217;alimentation en quelques minutes. Le cordon d&#8217;alimentation de rechange Kirby de 10 m\u00e8tres est donc facile \u00e0 utiliser et accessible, m\u00eame pour les utilisateurs sans exp\u00e9rience technique.<\/p>\n<p>Vous souhaitez en savoir plus sur le fonctionnement d&#8217;un cordon d&#8217;alimentation ou d&#8217;un c\u00e2ble \u00e9lectrique Kirby et sur la mani\u00e8re de le remplacer ? Lisez notre article de blog complet : <a href=\"https:\/\/www.service-aspirateur-kirby.fr\/kirby-elektra-cordon\/\" target=\"_blank\" rel=\"noopener\">Tout savoir sur le c\u00e2ble \u00e9lectrique Kirby.<\/a><\/p>\n<h3 data-section-id=\"byzm8r\" data-start=\"1625\" data-end=\"1663\">Compatibilit\u00e9 avec les mod\u00e8les Kirby<\/h3>\n<p data-start=\"1664\" data-end=\"1734\">Ce c\u00e2ble d&#8217;alimentation Kirby de 10 m convient aux mod\u00e8les suivants :<\/p>\n<ul data-start=\"1735\" data-end=\"1792\">\n<li data-section-id=\"19fijd2\" data-start=\"1735\" data-end=\"1756\">Avalir I &amp; II<\/li>\n<li data-section-id=\"fkyhqt\" data-start=\"1757\" data-end=\"1792\">Sentria I (G10) &amp; II (G10D)<\/li>\n<\/ul>\n<p data-start=\"1794\" data-end=\"2021\">ATTENTION : ce cordon d&#8217;alimentation est uniquement compatible avec les mod\u00e8les Sentria et Avalir. Pour les autres aspirateurs Kirby, vous aurez besoin d&#8217;un autre cordon de remplacement. D\u00e9couvrez ici le <a href=\"https:\/\/www.veltec.eu\/fr\/product\/cordon-electrique-kirby-10m-generation\/\" target=\"_blank\" rel=\"noopener\">cordon d&#8217;alimentation Kirby adapt\u00e9 aux autres mod\u00e8les.<\/a><\/p>\n<h2>Pourquoi choisir ce c\u00e2ble d&#8217;alimentation Kirby de 10 m pour Sentria et Avalir ?<\/h2>\n<ul>\n<li data-start=\"2071\" data-end=\"2153\">Mat\u00e9riau durable : c\u00e2blage en caoutchouc de haute qualit\u00e9 prolongeant la dur\u00e9e de vie.<\/li>\n<li data-start=\"2071\" data-end=\"2153\">Ajustement parfait : sp\u00e9cialement con\u00e7u pour les mod\u00e8les Sentria et Avalir.<\/li>\n<li data-start=\"2071\" data-end=\"2153\">Installation facile : remplacement possible en quelques minutes.<\/li>\n<li data-start=\"2071\" data-end=\"2153\">S\u00fbr et fiable : conforme aux normes de s\u00e9curit\u00e9 strictes pour un usage domestique.<\/li>\n<\/ul>\n<p data-start=\"2406\" data-end=\"2765\">Avec le cordon \u00e9lectrique Kirby 10m Sentria et Avalir, vous disposez d&#8217;une solution pratique et fiable. Gr\u00e2ce \u00e0 sa grande longueur et \u00e0 son mat\u00e9riau durable, vous pouvez \u00e0 nouveau utiliser votre aspirateur Kirby de mani\u00e8re optimale et le nettoyage devient beaucoup plus facile et confortable. Commandez d\u00e8s aujourd&#8217;hui et profitez de toutes les fonctionnalit\u00e9s de votre aspirateur Kirby.<\/p>\n","protected":false},"excerpt":{"rendered":"<p>Le cordon \u00e9lectrique Kirby 10 m Sentria et Avalir est un c\u00e2ble de remplacement durable pour des performances optimales et une libert\u00e9 de mouvement suppl\u00e9mentaire pendant l&#8217;aspiration. Convient parfaitement aux mod\u00e8les Sentria et Avalir.<\/p>\n[trustindex data-widget-id=e3bb80b24fa128098b960fc2439]\n<h3><span style=\"color: #008000;\"><br \/>\nEn stock<\/span><\/h3>\n[av_font_icon icon='ue812' font='entypo-fontello' style='' caption='' size='25px' position='left' color='#43ad66' link='' linktarget='' title_attr='' sonar_effect_effect='' sonar_effect_color='' sonar_effect_duration='1' sonar_effect_scale='' sonar_effect_opac='0.5' animation='' id='' custom_class='' template_class='' av_uid='' sc_version='1.0' admin_preview_bg=''][\/av_font_icon]\n<p><span style=\"color: #008000;\">Command\u00e9 23:59, exp\u00e9di\u00e9 demain<\/span><\/p>\n<p>&nbsp;<\/p>\n","protected":false},"featured_media":88310,"comment_status":"open","ping_status":"closed","template":"","meta":{"_acf_changed":false},"product_brand":[],"product_cat":[387],"product_tag":[],"class_list":{"0":"post-31315","1":"product","2":"type-product","3":"status-publish","4":"has-post-thumbnail","6":"product_cat-kirby-cordon-dalimentation-et-accessoires","8":"first","9":"instock","10":"sale","11":"taxable","12":"shipping-taxable","13":"purchasable","14":"product-type-simple"},"acf":[],"yoast_head":"<!-- This site is optimized with the Yoast SEO Premium plugin v27.1 (Yoast SEO v27.4) - https:\/\/yoast.com\/product\/yoast-seo-premium-wordpress\/ -->\n<title>Cordon \u00e9lectrique Kirby 10m Sentria et Avalir \u2013 C\u00e2ble de rechange<\/title>\n<meta name=\"description\" content=\"Remplacez votre ancien cordon \u00e9lectrique Kirby 10m Sentria et Avalir. Caoutchouc durable, connexion s\u00e9curis\u00e9e et libert\u00e9 de mouvement suppl\u00e9mentaire.\" \/>\n<meta name=\"robots\" content=\"index, follow, max-snippet:-1, max-image-preview:large, max-video-preview:-1\" \/>\n<link rel=\"canonical\" href=\"https:\/\/www.veltec.eu\/fr\/product\/cordon-electrique-kirby-10m-sentria-et-avalir\/\" \/>\n<meta property=\"og:locale\" content=\"fr_FR\" \/>\n<meta property=\"og:type\" content=\"article\" \/>\n<meta property=\"og:title\" content=\"Cordon \u00e9lectrique Kirby 10m Sentria et Avalir\" \/>\n<meta property=\"og:description\" content=\"Le cordon \u00e9lectrique Kirby 10 m Sentria et Avalir est un c\u00e2ble de remplacement durable pour des performances optimales et une libert\u00e9 de mouvement suppl\u00e9mentaire pendant l&#039;aspiration. Convient parfaitement aux mod\u00e8les Sentria et Avalir.    En stock   Command\u00e9 23:59, exp\u00e9di\u00e9 demain  &nbsp;\" \/>\n<meta property=\"og:url\" content=\"https:\/\/www.veltec.eu\/fr\/product\/cordon-electrique-kirby-10m-sentria-et-avalir\/\" \/>\n<meta property=\"og:site_name\" content=\"Veltec Kirby specialist\" \/>\n<meta property=\"article:publisher\" content=\"https:\/\/www.facebook.com\/Veltec-Kirby-Specialist-236746293374877\/\" \/>\n<meta property=\"article:modified_time\" content=\"2026-03-09T09:56:47+00:00\" \/>\n<meta property=\"og:image\" content=\"https:\/\/www.veltec.eu\/wp-content\/uploads\/2020\/03\/Kirby-power-cable.jpg\" \/>\n\t<meta property=\"og:image:width\" content=\"600\" \/>\n\t<meta property=\"og:image:height\" content=\"600\" \/>\n\t<meta property=\"og:image:type\" content=\"image\/jpeg\" \/>\n<meta name=\"twitter:card\" content=\"summary_large_image\" \/>\n<meta name=\"twitter:label1\" content=\"Dur\u00e9e de lecture estim\u00e9e\" \/>\n\t<meta name=\"twitter:data1\" content=\"2 minutes\" \/>\n<script type=\"application\/ld+json\" class=\"yoast-schema-graph\">{\"@context\":\"https:\\\/\\\/schema.org\",\"@graph\":[{\"@type\":\"WebPage\",\"@id\":\"https:\\\/\\\/www.veltec.eu\\\/fr\\\/product\\\/cordon-electrique-kirby-10m-sentria-et-avalir\\\/\",\"url\":\"https:\\\/\\\/www.veltec.eu\\\/fr\\\/product\\\/cordon-electrique-kirby-10m-sentria-et-avalir\\\/\",\"name\":\"Cordon \u00e9lectrique Kirby 10m Sentria et Avalir \u2013 C\u00e2ble de rechange\",\"isPartOf\":{\"@id\":\"https:\\\/\\\/www.veltec.eu\\\/en\\\/#website\"},\"primaryImageOfPage\":{\"@id\":\"https:\\\/\\\/www.veltec.eu\\\/fr\\\/product\\\/cordon-electrique-kirby-10m-sentria-et-avalir\\\/#primaryimage\"},\"image\":{\"@id\":\"https:\\\/\\\/www.veltec.eu\\\/fr\\\/product\\\/cordon-electrique-kirby-10m-sentria-et-avalir\\\/#primaryimage\"},\"thumbnailUrl\":\"https:\\\/\\\/www.veltec.eu\\\/wp-content\\\/uploads\\\/2020\\\/03\\\/Kirby-power-cable.jpg\",\"datePublished\":\"2020-03-27T12:52:42+00:00\",\"dateModified\":\"2026-03-09T09:56:47+00:00\",\"description\":\"Remplacez votre ancien cordon \u00e9lectrique Kirby 10m Sentria et Avalir. Caoutchouc durable, connexion s\u00e9curis\u00e9e et libert\u00e9 de mouvement suppl\u00e9mentaire.\",\"breadcrumb\":{\"@id\":\"https:\\\/\\\/www.veltec.eu\\\/fr\\\/product\\\/cordon-electrique-kirby-10m-sentria-et-avalir\\\/#breadcrumb\"},\"inLanguage\":\"fr-FR\",\"potentialAction\":[{\"@type\":\"ReadAction\",\"target\":[\"https:\\\/\\\/www.veltec.eu\\\/fr\\\/product\\\/cordon-electrique-kirby-10m-sentria-et-avalir\\\/\"]}]},{\"@type\":\"ImageObject\",\"inLanguage\":\"fr-FR\",\"@id\":\"https:\\\/\\\/www.veltec.eu\\\/fr\\\/product\\\/cordon-electrique-kirby-10m-sentria-et-avalir\\\/#primaryimage\",\"url\":\"https:\\\/\\\/www.veltec.eu\\\/wp-content\\\/uploads\\\/2020\\\/03\\\/Kirby-power-cable.jpg\",\"contentUrl\":\"https:\\\/\\\/www.veltec.eu\\\/wp-content\\\/uploads\\\/2020\\\/03\\\/Kirby-power-cable.jpg\",\"width\":600,\"height\":600},{\"@type\":\"BreadcrumbList\",\"@id\":\"https:\\\/\\\/www.veltec.eu\\\/fr\\\/product\\\/cordon-electrique-kirby-10m-sentria-et-avalir\\\/#breadcrumb\",\"itemListElement\":[{\"@type\":\"ListItem\",\"position\":1,\"name\":\"Home\",\"item\":\"https:\\\/\\\/www.veltec.eu\\\/fr\\\/\"},{\"@type\":\"ListItem\",\"position\":2,\"name\":\"Kirby Shop\",\"item\":\"https:\\\/\\\/www.veltec.eu\\\/nl\\\/shop-page\\\/\"},{\"@type\":\"ListItem\",\"position\":3,\"name\":\"Cordon \u00e9lectrique Kirby 10m Sentria et Avalir\"}]},{\"@type\":\"WebSite\",\"@id\":\"https:\\\/\\\/www.veltec.eu\\\/en\\\/#website\",\"url\":\"https:\\\/\\\/www.veltec.eu\\\/en\\\/\",\"name\":\"Veltec Kirby specialist\",\"description\":\"Kirby stofzuiger producten\",\"publisher\":{\"@id\":\"https:\\\/\\\/www.veltec.eu\\\/en\\\/#organization\"},\"potentialAction\":[{\"@type\":\"SearchAction\",\"target\":{\"@type\":\"EntryPoint\",\"urlTemplate\":\"https:\\\/\\\/www.veltec.eu\\\/en\\\/?s={search_term_string}\"},\"query-input\":{\"@type\":\"PropertyValueSpecification\",\"valueRequired\":true,\"valueName\":\"search_term_string\"}}],\"inLanguage\":\"fr-FR\"},{\"@type\":\"Organization\",\"@id\":\"https:\\\/\\\/www.veltec.eu\\\/en\\\/#organization\",\"name\":\"Veltec Kirby Specialist\",\"url\":\"https:\\\/\\\/www.veltec.eu\\\/en\\\/\",\"logo\":{\"@type\":\"ImageObject\",\"inLanguage\":\"fr-FR\",\"@id\":\"https:\\\/\\\/www.veltec.eu\\\/en\\\/#\\\/schema\\\/logo\\\/image\\\/\",\"url\":\"https:\\\/\\\/www.veltec.eu\\\/wp-content\\\/uploads\\\/2021\\\/12\\\/Veltec-log-groot-e1537260889125.png\",\"contentUrl\":\"https:\\\/\\\/www.veltec.eu\\\/wp-content\\\/uploads\\\/2021\\\/12\\\/Veltec-log-groot-e1537260889125.png\",\"width\":200,\"height\":60,\"caption\":\"Veltec Kirby Specialist\"},\"image\":{\"@id\":\"https:\\\/\\\/www.veltec.eu\\\/en\\\/#\\\/schema\\\/logo\\\/image\\\/\"},\"sameAs\":[\"https:\\\/\\\/www.facebook.com\\\/Veltec-Kirby-Specialist-236746293374877\\\/\",\"https:\\\/\\\/www.youtube.com\\\/user\\\/VeltecService\"]}]}<\/script>\n<!-- \/ Yoast SEO Premium plugin. -->","yoast_head_json":{"title":"Cordon \u00e9lectrique Kirby 10m Sentria et Avalir \u2013 C\u00e2ble de rechange","description":"Remplacez votre ancien cordon \u00e9lectrique Kirby 10m Sentria et Avalir. Caoutchouc durable, connexion s\u00e9curis\u00e9e et libert\u00e9 de mouvement suppl\u00e9mentaire.","robots":{"index":"index","follow":"follow","max-snippet":"max-snippet:-1","max-image-preview":"max-image-preview:large","max-video-preview":"max-video-preview:-1"},"canonical":"https:\/\/www.veltec.eu\/fr\/product\/cordon-electrique-kirby-10m-sentria-et-avalir\/","og_locale":"fr_FR","og_type":"article","og_title":"Cordon \u00e9lectrique Kirby 10m Sentria et Avalir","og_description":"Le cordon \u00e9lectrique Kirby 10 m Sentria et Avalir est un c\u00e2ble de remplacement durable pour des performances optimales et une libert\u00e9 de mouvement suppl\u00e9mentaire pendant l'aspiration. Convient parfaitement aux mod\u00e8les Sentria et Avalir.    En stock   Command\u00e9 23:59, exp\u00e9di\u00e9 demain  &nbsp;","og_url":"https:\/\/www.veltec.eu\/fr\/product\/cordon-electrique-kirby-10m-sentria-et-avalir\/","og_site_name":"Veltec Kirby specialist","article_publisher":"https:\/\/www.facebook.com\/Veltec-Kirby-Specialist-236746293374877\/","article_modified_time":"2026-03-09T09:56:47+00:00","og_image":[{"width":600,"height":600,"url":"https:\/\/www.veltec.eu\/wp-content\/uploads\/2020\/03\/Kirby-power-cable.jpg","type":"image\/jpeg"}],"twitter_card":"summary_large_image","twitter_misc":{"Dur\u00e9e de lecture estim\u00e9e":"2 minutes"},"schema":{"@context":"https:\/\/schema.org","@graph":[{"@type":"WebPage","@id":"https:\/\/www.veltec.eu\/fr\/product\/cordon-electrique-kirby-10m-sentria-et-avalir\/","url":"https:\/\/www.veltec.eu\/fr\/product\/cordon-electrique-kirby-10m-sentria-et-avalir\/","name":"Cordon \u00e9lectrique Kirby 10m Sentria et Avalir \u2013 C\u00e2ble de rechange","isPartOf":{"@id":"https:\/\/www.veltec.eu\/en\/#website"},"primaryImageOfPage":{"@id":"https:\/\/www.veltec.eu\/fr\/product\/cordon-electrique-kirby-10m-sentria-et-avalir\/#primaryimage"},"image":{"@id":"https:\/\/www.veltec.eu\/fr\/product\/cordon-electrique-kirby-10m-sentria-et-avalir\/#primaryimage"},"thumbnailUrl":"https:\/\/www.veltec.eu\/wp-content\/uploads\/2020\/03\/Kirby-power-cable.jpg","datePublished":"2020-03-27T12:52:42+00:00","dateModified":"2026-03-09T09:56:47+00:00","description":"Remplacez votre ancien cordon \u00e9lectrique Kirby 10m Sentria et Avalir. Caoutchouc durable, connexion s\u00e9curis\u00e9e et libert\u00e9 de mouvement suppl\u00e9mentaire.","breadcrumb":{"@id":"https:\/\/www.veltec.eu\/fr\/product\/cordon-electrique-kirby-10m-sentria-et-avalir\/#breadcrumb"},"inLanguage":"fr-FR","potentialAction":[{"@type":"ReadAction","target":["https:\/\/www.veltec.eu\/fr\/product\/cordon-electrique-kirby-10m-sentria-et-avalir\/"]}]},{"@type":"ImageObject","inLanguage":"fr-FR","@id":"https:\/\/www.veltec.eu\/fr\/product\/cordon-electrique-kirby-10m-sentria-et-avalir\/#primaryimage","url":"https:\/\/www.veltec.eu\/wp-content\/uploads\/2020\/03\/Kirby-power-cable.jpg","contentUrl":"https:\/\/www.veltec.eu\/wp-content\/uploads\/2020\/03\/Kirby-power-cable.jpg","width":600,"height":600},{"@type":"BreadcrumbList","@id":"https:\/\/www.veltec.eu\/fr\/product\/cordon-electrique-kirby-10m-sentria-et-avalir\/#breadcrumb","itemListElement":[{"@type":"ListItem","position":1,"name":"Home","item":"https:\/\/www.veltec.eu\/fr\/"},{"@type":"ListItem","position":2,"name":"Kirby Shop","item":"https:\/\/www.veltec.eu\/nl\/shop-page\/"},{"@type":"ListItem","position":3,"name":"Cordon \u00e9lectrique Kirby 10m Sentria et Avalir"}]},{"@type":"WebSite","@id":"https:\/\/www.veltec.eu\/en\/#website","url":"https:\/\/www.veltec.eu\/en\/","name":"Veltec Kirby specialist","description":"Kirby stofzuiger producten","publisher":{"@id":"https:\/\/www.veltec.eu\/en\/#organization"},"potentialAction":[{"@type":"SearchAction","target":{"@type":"EntryPoint","urlTemplate":"https:\/\/www.veltec.eu\/en\/?s={search_term_string}"},"query-input":{"@type":"PropertyValueSpecification","valueRequired":true,"valueName":"search_term_string"}}],"inLanguage":"fr-FR"},{"@type":"Organization","@id":"https:\/\/www.veltec.eu\/en\/#organization","name":"Veltec Kirby Specialist","url":"https:\/\/www.veltec.eu\/en\/","logo":{"@type":"ImageObject","inLanguage":"fr-FR","@id":"https:\/\/www.veltec.eu\/en\/#\/schema\/logo\/image\/","url":"https:\/\/www.veltec.eu\/wp-content\/uploads\/2021\/12\/Veltec-log-groot-e1537260889125.png","contentUrl":"https:\/\/www.veltec.eu\/wp-content\/uploads\/2021\/12\/Veltec-log-groot-e1537260889125.png","width":200,"height":60,"caption":"Veltec Kirby Specialist"},"image":{"@id":"https:\/\/www.veltec.eu\/en\/#\/schema\/logo\/image\/"},"sameAs":["https:\/\/www.facebook.com\/Veltec-Kirby-Specialist-236746293374877\/","https:\/\/www.youtube.com\/user\/VeltecService"]}]}},"_links":{"self":[{"href":"https:\/\/www.veltec.eu\/fr\/wp-json\/wp\/v2\/product\/31315","targetHints":{"allow":["GET"]}}],"collection":[{"href":"https:\/\/www.veltec.eu\/fr\/wp-json\/wp\/v2\/product"}],"about":[{"href":"https:\/\/www.veltec.eu\/fr\/wp-json\/wp\/v2\/types\/product"}],"replies":[{"embeddable":true,"href":"https:\/\/www.veltec.eu\/fr\/wp-json\/wp\/v2\/comments?post=31315"}],"wp:featuredmedia":[{"embeddable":true,"href":"https:\/\/www.veltec.eu\/fr\/wp-json\/wp\/v2\/media\/88310"}],"wp:attachment":[{"href":"https:\/\/www.veltec.eu\/fr\/wp-json\/wp\/v2\/media?parent=31315"}],"wp:term":[{"taxonomy":"product_brand","embeddable":true,"href":"https:\/\/www.veltec.eu\/fr\/wp-json\/wp\/v2\/product_brand?post=31315"},{"taxonomy":"product_cat","embeddable":true,"href":"https:\/\/www.veltec.eu\/fr\/wp-json\/wp\/v2\/product_cat?post=31315"},{"taxonomy":"product_tag","embeddable":true,"href":"https:\/\/www.veltec.eu\/fr\/wp-json\/wp\/v2\/product_tag?post=31315"}],"curies":[{"name":"wp","href":"https:\/\/api.w.org\/{rel}","templated":true}]}}