{"id":28235,"date":"2019-10-11T10:02:19","date_gmt":"2019-10-11T08:02:19","guid":{"rendered":"https:\/\/www.veltec.eu\/product\/flexible-daspirateur-kirby-3-mtr-propre-marque-veltec-nl9901\/"},"modified":"2026-03-05T10:15:12","modified_gmt":"2026-03-05T08:15:12","slug":"flexible-daspirateur-kirby-3mtr-propre-marque-veltec-nl9901","status":"publish","type":"product","link":"https:\/\/www.veltec.eu\/fr\/product\/flexible-daspirateur-kirby-3mtr-propre-marque-veltec-nl9901\/","title":{"rendered":"Flexible d\u2019aspirateur Kirby 3mtr propre marque Veltec"},"content":{"rendered":"<div class=\"flex flex-col text-sm pb-25\">\n<article class=\"text-token-text-primary w-full focus:outline-none [--shadow-height:45px] has-data-writing-block:pointer-events-none has-data-writing-block:-mt-(--shadow-height) has-data-writing-block:pt-(--shadow-height) [&amp;:has([data-writing-block])&gt;*]:pointer-events-auto scroll-mt-[calc(var(--header-height)+min(200px,max(70px,20svh)))]\" dir=\"auto\" tabindex=\"-1\" data-turn-id=\"request-WEB:67e6f81e-555c-4332-892b-6d6767d177c3-4\" data-testid=\"conversation-turn-2\" data-scroll-anchor=\"true\" data-turn=\"assistant\">\n<div class=\"text-base my-auto mx-auto pb-10 [--thread-content-margin:--spacing(4)] @w-sm\/main:[--thread-content-margin:--spacing(6)] @w-lg\/main:[--thread-content-margin:--spacing(16)] px-(--thread-content-margin)\">\n<div class=\"[--thread-content-max-width:40rem] @w-lg\/main:[--thread-content-max-width:48rem] mx-auto max-w-(--thread-content-max-width) flex-1 group\/turn-messages focus-visible:outline-hidden relative flex w-full min-w-0 flex-col agent-turn\" tabindex=\"-1\">\n<div class=\"flex max-w-full flex-col grow\">\n<div class=\"min-h-8 text-message relative flex w-full flex-col items-end gap-2 text-start break-words whitespace-normal [.text-message+&amp;]:mt-1\" dir=\"auto\" data-message-author-role=\"assistant\" data-message-id=\"778f8478-6d69-4201-bb5e-07d021f0085f\" data-message-model-slug=\"gpt-5-2\">\n<div class=\"flex w-full flex-col gap-1 empty:hidden first:pt-[1px]\">\n<div class=\"markdown prose dark:prose-invert w-full wrap-break-word light markdown-new-styling\">\n<h1 data-start=\"0\" data-end=\"49\">Flexible d\u2019aspirateur Kirby 3mtr propre marque Veltec<\/h1>\n<p data-start=\"51\" data-end=\"327\">Le Flexible d\u2019aspirateur Kirby 3mtr propre marque Veltec est un tuyau de rechange universel complet avec fixation avant et arri\u00e8re. Gr\u00e2ce \u00e0 sa longueur suppl\u00e9mentaire et \u00e0 sa finition de haute qualit\u00e9, ce flexible offre une libert\u00e9 de mouvement optimale et une puissance d&#8217;aspiration maximale pour tous les aspirateurs Kirby.<\/p>\n<h2 data-start=\"334\" data-end=\"417\">Flexible d&#8217;aspirateur 3 m Veltec marque propre \u2013 Kit complet avec fixations<\/h2>\n<p data-start=\"419\" data-end=\"785\">Le flexible d&#8217;aspirateur 3 m de la marque Veltec est livr\u00e9 avec des raccords avant et arri\u00e8re, ce qui vous permet de b\u00e9n\u00e9ficier imm\u00e9diatement d&#8217;un ajustement parfait. De plus, cette version compl\u00e8te garantit un montage facile sans pi\u00e8ces suppl\u00e9mentaires. Le flexible s&#8217;adapte ainsi parfaitement \u00e0 votre syst\u00e8me Kirby et la puissance d&#8217;aspiration est enti\u00e8rement pr\u00e9serv\u00e9e.<\/p>\n<p data-start=\"787\" data-end=\"1012\">De plus, ce tuyau de rechange est fabriqu\u00e9 \u00e0 partir de mat\u00e9riaux r\u00e9sistants \u00e0 l&#8217;usure et flexibles, ce qui lui permet de supporter une utilisation intensive et prolong\u00e9e. Il conserve ainsi sa forme et sa fiabilit\u00e9, m\u00eame en cas d&#8217;utilisation quotidienne.<\/p>\n<h2 data-start=\"1019\" data-end=\"1103\">Compatibilit\u00e9 universelle du tuyau d&#8217;aspirateur 3 m<\/h2>\n<p data-start=\"1105\" data-end=\"1271\">Le tuyau d&#8217;aspirateur 3 m de la marque Veltec est compatible avec tous les mod\u00e8les Kirby. Vous n&#8217;avez donc pas \u00e0 vous soucier de la compatibilit\u00e9 du raccord.<\/p>\n<p data-start=\"1273\" data-end=\"1317\">Ce flexible d&#8217;aspirateur s&#8217;adapte notamment aux mod\u00e8les suivants :<\/p>\n<ul data-start=\"1319\" data-end=\"1562\">\n<li data-start=\"1319\" data-end=\"1338\">Avalir Platinum<\/li>\n<li data-start=\"1339\" data-end=\"1351\">Avalir 2<\/li>\n<li data-start=\"1352\" data-end=\"1364\">Avalir 1<\/li>\n<li data-start=\"1365\" data-end=\"1385\">Sentria 2 (G10D)<\/li>\n<li data-start=\"1386\" data-end=\"1405\">Sentria 1 (G10)<\/li>\n<li data-start=\"1406\" data-end=\"1448\">Ultimate G Diamond Edition (G7D of DE)<\/li>\n<li data-start=\"1449\" data-end=\"1474\">Ultimate G (G7 of UG)<\/li>\n<li data-start=\"1475\" data-end=\"1496\">Generation 6 (G6)<\/li>\n<li data-start=\"1497\" data-end=\"1518\">Generation 5 (G5)<\/li>\n<li data-start=\"1519\" data-end=\"1540\">Generation 4 (G4)<\/li>\n<li data-start=\"1541\" data-end=\"1562\">Generation 3 (G3)<\/li>\n<\/ul>\n<p data-start=\"1564\" data-end=\"1667\">Cela fait de ce tuyau de 3 m\u00e8tres une solution polyvalente pour les mod\u00e8les anciens comme pour les plus r\u00e9cents.<\/p>\n<p data-start=\"1669\" data-end=\"1781\">Consultez \u00e9galement notre gamme de <a href=\"https:\/\/www.veltec.eu\/fr\/?page_id=59962\" target=\"_blank\" rel=\"noopener\">tuyaux et accessoires Kirby<\/a> pour d\u00e9couvrir d&#8217;autres accessoires compl\u00e9mentaires.<\/p>\n<h2 data-start=\"1788\" data-end=\"1866\">Port\u00e9e suppl\u00e9mentaire gr\u00e2ce au flexible d&#8217;aspirateur de 3 m\u00e8tres<\/h2>\n<p data-start=\"1868\" data-end=\"2106\">Avec une longueur de trois m\u00e8tres, le flexible d&#8217;aspirateur 3 m Veltec de notre propre marque offre une libert\u00e9 de mouvement consid\u00e9rablement accrue pendant le nettoyage. Vous pouvez ainsi atteindre sans effort les escaliers, les plafonds, les meubles et les coins difficiles d&#8217;acc\u00e8s.<\/p>\n<p data-start=\"2108\" data-end=\"2298\">De plus, la longueur suppl\u00e9mentaire r\u00e9duit le nombre de changements de prises, ce qui permet non seulement de gagner du temps, mais aussi de travailler plus efficacement. Le nettoyage en profondeur devient ainsi plus facile et plus confortable.<\/p>\n<p data-start=\"2300\" data-end=\"2450\">Pour plus d&#8217;informations techniques, consultez notre blog : <a href=\"https:\/\/www.service-aspirateur-kirby.fr\/tuyau-pour-aspirateur-kirby\/\" target=\"_blank\" rel=\"noopener\">Tout savoir sur le tuyau d&#8217;aspirateur Kirby.<\/a><\/p>\n<h2 data-start=\"2457\" data-end=\"2537\">Installation facile du tuyau d&#8217;aspirateur de 3 m<\/h2>\n<p data-start=\"2539\" data-end=\"2731\">Gr\u00e2ce \u00e0 son syst\u00e8me d&#8217;encliquetage bien pens\u00e9, le tuyau d&#8217;aspirateur 3 m de la marque Veltec s&#8217;installe rapidement. Vous pouvez ainsi remplacer votre ancien tuyau sans outils et sans connaissances techniques.<\/p>\n<p data-start=\"2733\" data-end=\"2942\">De plus, la connexion solide emp\u00eache les fuites d&#8217;air, ce qui permet \u00e0 votre aspirateur Kirby de continuer \u00e0 offrir des performances optimales. La puissance d&#8217;aspiration reste ainsi constante et puissante \u00e0 chaque utilisation.<\/p>\n<h2 data-start=\"2949\" data-end=\"3024\">Tuyau d&#8217;aspirateur Kirby 3 m Veltec, marque propre, un investissement durable<\/h2>\n<p data-start=\"3026\" data-end=\"3264\">En choisissant le flexible d&#8217;aspirateur 3 m de la marque Veltec, vous investissez dans la qualit\u00e9 et la durabilit\u00e9. D&#8217;une part, vous prolongez la dur\u00e9e de vie de votre aspirateur Kirby, d&#8217;autre part, vous \u00e9vitez une usure inutile de l&#8217;appareil lui-m\u00eame.<\/p>\n<p data-start=\"3266\" data-end=\"3583\" data-is-last-node=\"\" data-is-only-node=\"\">De plus, la marque Veltec est r\u00e9put\u00e9e pour son excellent rapport qualit\u00e9-prix, vous permettant ainsi de b\u00e9n\u00e9ficier de performances fiables \u00e0 un prix attractif. En r\u00e9sum\u00e9, ce tuyau de remplacement Kirby de haute qualit\u00e9 offre une combinaison id\u00e9ale de flexibilit\u00e9, de compatibilit\u00e9 \u00e9tendue et de durabilit\u00e9, constituant ainsi une solution compl\u00e8te et pratique pour votre aspirateur Kirby.<\/p>\n<\/div>\n<\/div>\n<\/div>\n<\/div>\n<\/div>\n<\/div>\n<\/article>\n<\/div>\n","protected":false},"excerpt":{"rendered":"<p>Le tuyau d&#8217;aspirateur Kirby 3 m Veltec offre une longueur suppl\u00e9mentaire pour une port\u00e9e maximale et une installation facile. Convient \u00e0 tous les mod\u00e8les Kirby, y compris Avalir, Sentria et Ultimate.<\/p>\n[trustindex data-widget-id=e3bb80b24fa128098b960fc2439]\n<h3><span style=\"color: #008000;\"><br \/>\nEn stock<\/span><\/h3>\n[av_font_icon icon='ue812' font='entypo-fontello' style='' caption='' size='25px' position='left' color='#43ad66' link='' linktarget='' title_attr='' sonar_effect_effect='' sonar_effect_color='' sonar_effect_duration='1' sonar_effect_scale='' sonar_effect_opac='0.5' animation='' id='' custom_class='' template_class='' av_uid='' sc_version='1.0' admin_preview_bg=''][\/av_font_icon]\n<p><span style=\"color: #008000;\">Command\u00e9 23:59, exp\u00e9di\u00e9 demain<\/span><\/p>\n<p>&nbsp;<\/p>\n","protected":false},"featured_media":28200,"comment_status":"open","ping_status":"closed","template":"","meta":{"_acf_changed":false},"product_brand":[],"product_cat":[319],"product_tag":[],"class_list":{"0":"post-28235","1":"product","2":"type-product","3":"status-publish","4":"has-post-thumbnail","6":"product_cat-flexibles-kirby-et-accessoires","7":"product_shipping_class-klein-de-fr","9":"first","10":"instock","11":"sale","12":"taxable","13":"shipping-taxable","14":"purchasable","15":"product-type-simple"},"acf":[],"yoast_head":"<!-- This site is optimized with the Yoast SEO Premium plugin v27.1 (Yoast SEO v27.4) - https:\/\/yoast.com\/product\/yoast-seo-premium-wordpress\/ -->\n<title>Flexible d\u2019aspirateur Kirby 3mtr propre marque Veltec - Veltec Kirby specialist<\/title>\n<meta name=\"description\" content=\"Flexible d\u2019aspirateur Kirby 3mtr. propre marque Veltec - Veltec est le fournisseur des aspirateurs Kirby depuis plus de 25 ans.\" \/>\n<meta name=\"robots\" content=\"index, follow, max-snippet:-1, max-image-preview:large, max-video-preview:-1\" \/>\n<link rel=\"canonical\" href=\"https:\/\/www.veltec.eu\/fr\/product\/flexible-daspirateur-kirby-3mtr-propre-marque-veltec-nl9901\/\" \/>\n<meta property=\"og:locale\" content=\"fr_FR\" \/>\n<meta property=\"og:type\" content=\"article\" \/>\n<meta property=\"og:title\" content=\"Flexible d\u2019aspirateur Kirby 3mtr propre marque Veltec\" \/>\n<meta property=\"og:description\" content=\"Le tuyau d&#039;aspirateur Kirby 3 m Veltec offre une longueur suppl\u00e9mentaire pour une port\u00e9e maximale et une installation facile. Convient \u00e0 tous les mod\u00e8les Kirby, y compris Avalir, Sentria et Ultimate.    En stock   Command\u00e9 23:59, exp\u00e9di\u00e9 demain  &nbsp;\" \/>\n<meta property=\"og:url\" content=\"https:\/\/www.veltec.eu\/fr\/product\/flexible-daspirateur-kirby-3mtr-propre-marque-veltec-nl9901\/\" \/>\n<meta property=\"og:site_name\" content=\"Veltec Kirby specialist\" \/>\n<meta property=\"article:publisher\" content=\"https:\/\/www.facebook.com\/Veltec-Kirby-Specialist-236746293374877\/\" \/>\n<meta property=\"article:modified_time\" content=\"2026-03-05T08:15:12+00:00\" \/>\n<meta property=\"og:image\" content=\"https:\/\/www.veltec.eu\/wp-content\/uploads\/2019\/10\/hose-kirby.jpg\" \/>\n\t<meta property=\"og:image:width\" content=\"500\" \/>\n\t<meta property=\"og:image:height\" content=\"500\" \/>\n\t<meta property=\"og:image:type\" content=\"image\/jpeg\" \/>\n<meta name=\"twitter:card\" content=\"summary_large_image\" \/>\n<meta name=\"twitter:label1\" content=\"Dur\u00e9e de lecture estim\u00e9e\" \/>\n\t<meta name=\"twitter:data1\" content=\"3 minutes\" \/>\n<script type=\"application\/ld+json\" class=\"yoast-schema-graph\">{\"@context\":\"https:\\\/\\\/schema.org\",\"@graph\":[{\"@type\":\"WebPage\",\"@id\":\"https:\\\/\\\/www.veltec.eu\\\/fr\\\/product\\\/flexible-daspirateur-kirby-3mtr-propre-marque-veltec-nl9901\\\/\",\"url\":\"https:\\\/\\\/www.veltec.eu\\\/fr\\\/product\\\/flexible-daspirateur-kirby-3mtr-propre-marque-veltec-nl9901\\\/\",\"name\":\"Flexible d\u2019aspirateur Kirby 3mtr propre marque Veltec - Veltec Kirby specialist\",\"isPartOf\":{\"@id\":\"https:\\\/\\\/www.veltec.eu\\\/en\\\/#website\"},\"primaryImageOfPage\":{\"@id\":\"https:\\\/\\\/www.veltec.eu\\\/fr\\\/product\\\/flexible-daspirateur-kirby-3mtr-propre-marque-veltec-nl9901\\\/#primaryimage\"},\"image\":{\"@id\":\"https:\\\/\\\/www.veltec.eu\\\/fr\\\/product\\\/flexible-daspirateur-kirby-3mtr-propre-marque-veltec-nl9901\\\/#primaryimage\"},\"thumbnailUrl\":\"https:\\\/\\\/www.veltec.eu\\\/wp-content\\\/uploads\\\/2019\\\/10\\\/hose-kirby.jpg\",\"datePublished\":\"2019-10-11T08:02:19+00:00\",\"dateModified\":\"2026-03-05T08:15:12+00:00\",\"description\":\"Flexible d\u2019aspirateur Kirby 3mtr. propre marque Veltec - Veltec est le fournisseur des aspirateurs Kirby depuis plus de 25 ans.\",\"breadcrumb\":{\"@id\":\"https:\\\/\\\/www.veltec.eu\\\/fr\\\/product\\\/flexible-daspirateur-kirby-3mtr-propre-marque-veltec-nl9901\\\/#breadcrumb\"},\"inLanguage\":\"fr-FR\",\"potentialAction\":[{\"@type\":\"ReadAction\",\"target\":[\"https:\\\/\\\/www.veltec.eu\\\/fr\\\/product\\\/flexible-daspirateur-kirby-3mtr-propre-marque-veltec-nl9901\\\/\"]}]},{\"@type\":\"ImageObject\",\"inLanguage\":\"fr-FR\",\"@id\":\"https:\\\/\\\/www.veltec.eu\\\/fr\\\/product\\\/flexible-daspirateur-kirby-3mtr-propre-marque-veltec-nl9901\\\/#primaryimage\",\"url\":\"https:\\\/\\\/www.veltec.eu\\\/wp-content\\\/uploads\\\/2019\\\/10\\\/hose-kirby.jpg\",\"contentUrl\":\"https:\\\/\\\/www.veltec.eu\\\/wp-content\\\/uploads\\\/2019\\\/10\\\/hose-kirby.jpg\",\"width\":500,\"height\":500},{\"@type\":\"BreadcrumbList\",\"@id\":\"https:\\\/\\\/www.veltec.eu\\\/fr\\\/product\\\/flexible-daspirateur-kirby-3mtr-propre-marque-veltec-nl9901\\\/#breadcrumb\",\"itemListElement\":[{\"@type\":\"ListItem\",\"position\":1,\"name\":\"Home\",\"item\":\"https:\\\/\\\/www.veltec.eu\\\/fr\\\/accueil\\\/\"},{\"@type\":\"ListItem\",\"position\":2,\"name\":\"Boutique Kirby\",\"item\":\"https:\\\/\\\/www.veltec.eu\\\/fr\\\/boutique-kirby\\\/\"},{\"@type\":\"ListItem\",\"position\":3,\"name\":\"Flexible d\u2019aspirateur Kirby 3mtr propre marque Veltec\"}]},{\"@type\":\"WebSite\",\"@id\":\"https:\\\/\\\/www.veltec.eu\\\/en\\\/#website\",\"url\":\"https:\\\/\\\/www.veltec.eu\\\/en\\\/\",\"name\":\"Veltec Kirby specialist\",\"description\":\"Kirby stofzuiger producten\",\"publisher\":{\"@id\":\"https:\\\/\\\/www.veltec.eu\\\/en\\\/#organization\"},\"potentialAction\":[{\"@type\":\"SearchAction\",\"target\":{\"@type\":\"EntryPoint\",\"urlTemplate\":\"https:\\\/\\\/www.veltec.eu\\\/en\\\/?s={search_term_string}\"},\"query-input\":{\"@type\":\"PropertyValueSpecification\",\"valueRequired\":true,\"valueName\":\"search_term_string\"}}],\"inLanguage\":\"fr-FR\"},{\"@type\":\"Organization\",\"@id\":\"https:\\\/\\\/www.veltec.eu\\\/en\\\/#organization\",\"name\":\"Veltec Kirby Specialist\",\"url\":\"https:\\\/\\\/www.veltec.eu\\\/en\\\/\",\"logo\":{\"@type\":\"ImageObject\",\"inLanguage\":\"fr-FR\",\"@id\":\"https:\\\/\\\/www.veltec.eu\\\/en\\\/#\\\/schema\\\/logo\\\/image\\\/\",\"url\":\"https:\\\/\\\/www.veltec.eu\\\/wp-content\\\/uploads\\\/2021\\\/12\\\/Veltec-log-groot-e1537260889125.png\",\"contentUrl\":\"https:\\\/\\\/www.veltec.eu\\\/wp-content\\\/uploads\\\/2021\\\/12\\\/Veltec-log-groot-e1537260889125.png\",\"width\":200,\"height\":60,\"caption\":\"Veltec Kirby Specialist\"},\"image\":{\"@id\":\"https:\\\/\\\/www.veltec.eu\\\/en\\\/#\\\/schema\\\/logo\\\/image\\\/\"},\"sameAs\":[\"https:\\\/\\\/www.facebook.com\\\/Veltec-Kirby-Specialist-236746293374877\\\/\",\"https:\\\/\\\/www.youtube.com\\\/user\\\/VeltecService\"]}]}<\/script>\n<!-- \/ Yoast SEO Premium plugin. -->","yoast_head_json":{"title":"Flexible d\u2019aspirateur Kirby 3mtr propre marque Veltec - Veltec Kirby specialist","description":"Flexible d\u2019aspirateur Kirby 3mtr. propre marque Veltec - Veltec est le fournisseur des aspirateurs Kirby depuis plus de 25 ans.","robots":{"index":"index","follow":"follow","max-snippet":"max-snippet:-1","max-image-preview":"max-image-preview:large","max-video-preview":"max-video-preview:-1"},"canonical":"https:\/\/www.veltec.eu\/fr\/product\/flexible-daspirateur-kirby-3mtr-propre-marque-veltec-nl9901\/","og_locale":"fr_FR","og_type":"article","og_title":"Flexible d\u2019aspirateur Kirby 3mtr propre marque Veltec","og_description":"Le tuyau d'aspirateur Kirby 3 m Veltec offre une longueur suppl\u00e9mentaire pour une port\u00e9e maximale et une installation facile. Convient \u00e0 tous les mod\u00e8les Kirby, y compris Avalir, Sentria et Ultimate.    En stock   Command\u00e9 23:59, exp\u00e9di\u00e9 demain  &nbsp;","og_url":"https:\/\/www.veltec.eu\/fr\/product\/flexible-daspirateur-kirby-3mtr-propre-marque-veltec-nl9901\/","og_site_name":"Veltec Kirby specialist","article_publisher":"https:\/\/www.facebook.com\/Veltec-Kirby-Specialist-236746293374877\/","article_modified_time":"2026-03-05T08:15:12+00:00","og_image":[{"width":500,"height":500,"url":"https:\/\/www.veltec.eu\/wp-content\/uploads\/2019\/10\/hose-kirby.jpg","type":"image\/jpeg"}],"twitter_card":"summary_large_image","twitter_misc":{"Dur\u00e9e de lecture estim\u00e9e":"3 minutes"},"schema":{"@context":"https:\/\/schema.org","@graph":[{"@type":"WebPage","@id":"https:\/\/www.veltec.eu\/fr\/product\/flexible-daspirateur-kirby-3mtr-propre-marque-veltec-nl9901\/","url":"https:\/\/www.veltec.eu\/fr\/product\/flexible-daspirateur-kirby-3mtr-propre-marque-veltec-nl9901\/","name":"Flexible d\u2019aspirateur Kirby 3mtr propre marque Veltec - Veltec Kirby specialist","isPartOf":{"@id":"https:\/\/www.veltec.eu\/en\/#website"},"primaryImageOfPage":{"@id":"https:\/\/www.veltec.eu\/fr\/product\/flexible-daspirateur-kirby-3mtr-propre-marque-veltec-nl9901\/#primaryimage"},"image":{"@id":"https:\/\/www.veltec.eu\/fr\/product\/flexible-daspirateur-kirby-3mtr-propre-marque-veltec-nl9901\/#primaryimage"},"thumbnailUrl":"https:\/\/www.veltec.eu\/wp-content\/uploads\/2019\/10\/hose-kirby.jpg","datePublished":"2019-10-11T08:02:19+00:00","dateModified":"2026-03-05T08:15:12+00:00","description":"Flexible d\u2019aspirateur Kirby 3mtr. propre marque Veltec - Veltec est le fournisseur des aspirateurs Kirby depuis plus de 25 ans.","breadcrumb":{"@id":"https:\/\/www.veltec.eu\/fr\/product\/flexible-daspirateur-kirby-3mtr-propre-marque-veltec-nl9901\/#breadcrumb"},"inLanguage":"fr-FR","potentialAction":[{"@type":"ReadAction","target":["https:\/\/www.veltec.eu\/fr\/product\/flexible-daspirateur-kirby-3mtr-propre-marque-veltec-nl9901\/"]}]},{"@type":"ImageObject","inLanguage":"fr-FR","@id":"https:\/\/www.veltec.eu\/fr\/product\/flexible-daspirateur-kirby-3mtr-propre-marque-veltec-nl9901\/#primaryimage","url":"https:\/\/www.veltec.eu\/wp-content\/uploads\/2019\/10\/hose-kirby.jpg","contentUrl":"https:\/\/www.veltec.eu\/wp-content\/uploads\/2019\/10\/hose-kirby.jpg","width":500,"height":500},{"@type":"BreadcrumbList","@id":"https:\/\/www.veltec.eu\/fr\/product\/flexible-daspirateur-kirby-3mtr-propre-marque-veltec-nl9901\/#breadcrumb","itemListElement":[{"@type":"ListItem","position":1,"name":"Home","item":"https:\/\/www.veltec.eu\/fr\/accueil\/"},{"@type":"ListItem","position":2,"name":"Boutique Kirby","item":"https:\/\/www.veltec.eu\/fr\/boutique-kirby\/"},{"@type":"ListItem","position":3,"name":"Flexible d\u2019aspirateur Kirby 3mtr propre marque Veltec"}]},{"@type":"WebSite","@id":"https:\/\/www.veltec.eu\/en\/#website","url":"https:\/\/www.veltec.eu\/en\/","name":"Veltec Kirby specialist","description":"Kirby stofzuiger producten","publisher":{"@id":"https:\/\/www.veltec.eu\/en\/#organization"},"potentialAction":[{"@type":"SearchAction","target":{"@type":"EntryPoint","urlTemplate":"https:\/\/www.veltec.eu\/en\/?s={search_term_string}"},"query-input":{"@type":"PropertyValueSpecification","valueRequired":true,"valueName":"search_term_string"}}],"inLanguage":"fr-FR"},{"@type":"Organization","@id":"https:\/\/www.veltec.eu\/en\/#organization","name":"Veltec Kirby Specialist","url":"https:\/\/www.veltec.eu\/en\/","logo":{"@type":"ImageObject","inLanguage":"fr-FR","@id":"https:\/\/www.veltec.eu\/en\/#\/schema\/logo\/image\/","url":"https:\/\/www.veltec.eu\/wp-content\/uploads\/2021\/12\/Veltec-log-groot-e1537260889125.png","contentUrl":"https:\/\/www.veltec.eu\/wp-content\/uploads\/2021\/12\/Veltec-log-groot-e1537260889125.png","width":200,"height":60,"caption":"Veltec Kirby Specialist"},"image":{"@id":"https:\/\/www.veltec.eu\/en\/#\/schema\/logo\/image\/"},"sameAs":["https:\/\/www.facebook.com\/Veltec-Kirby-Specialist-236746293374877\/","https:\/\/www.youtube.com\/user\/VeltecService"]}]}},"_links":{"self":[{"href":"https:\/\/www.veltec.eu\/fr\/wp-json\/wp\/v2\/product\/28235","targetHints":{"allow":["GET"]}}],"collection":[{"href":"https:\/\/www.veltec.eu\/fr\/wp-json\/wp\/v2\/product"}],"about":[{"href":"https:\/\/www.veltec.eu\/fr\/wp-json\/wp\/v2\/types\/product"}],"replies":[{"embeddable":true,"href":"https:\/\/www.veltec.eu\/fr\/wp-json\/wp\/v2\/comments?post=28235"}],"wp:featuredmedia":[{"embeddable":true,"href":"https:\/\/www.veltec.eu\/fr\/wp-json\/wp\/v2\/media\/28200"}],"wp:attachment":[{"href":"https:\/\/www.veltec.eu\/fr\/wp-json\/wp\/v2\/media?parent=28235"}],"wp:term":[{"taxonomy":"product_brand","embeddable":true,"href":"https:\/\/www.veltec.eu\/fr\/wp-json\/wp\/v2\/product_brand?post=28235"},{"taxonomy":"product_cat","embeddable":true,"href":"https:\/\/www.veltec.eu\/fr\/wp-json\/wp\/v2\/product_cat?post=28235"},{"taxonomy":"product_tag","embeddable":true,"href":"https:\/\/www.veltec.eu\/fr\/wp-json\/wp\/v2\/product_tag?post=28235"}],"curies":[{"name":"wp","href":"https:\/\/api.w.org\/{rel}","templated":true}]}}