{"id":18040,"date":"2019-03-05T12:19:23","date_gmt":"2019-03-05T10:19:23","guid":{"rendered":"https:\/\/www.veltec.eu\/product\/sac-exterieur-diamond-nl400\/"},"modified":"2026-05-11T13:38:07","modified_gmt":"2026-05-11T11:38:07","slug":"sac-exterieur-kirby-diamond-nl400","status":"publish","type":"product","link":"https:\/\/www.veltec.eu\/fr\/product\/sac-exterieur-kirby-diamond-nl400\/","title":{"rendered":"Sac Ext\u00e9rieur Kirby Diamond"},"content":{"rendered":"<h1>Sac ext\u00e9rieur Kirby Diamond<\/h1>\n<p>Sac ext\u00e9rieur Kirby Diamond pour Kirby G7 (Diamond).<\/p>\n<p><strong>Ce sac ext\u00e9rieur Kirby convient exclusivement aux aspirateurs Kirby ci-dessous ;<\/strong><\/p>\n<p>Kirby Ultimate (Diamond)<\/p>\n<h2>Sac ext\u00e9rieur Kirby Diamond : Le choix parfait pour votre aspirateur Kirby<\/h2>\n<p>Le sac ext\u00e9rieur Diamond est un sac ext\u00e9rieur original sp\u00e9cialement con\u00e7u pour la s\u00e9rie Kirby Diamond. Toutefois, gr\u00e2ce \u00e0 sa conception universelle, ce sac ext\u00e9rieur convient \u00e0 tous les types d&#8217;aspirateurs Kirby. Que vous utilisiez un ancien mod\u00e8le Kirby ou un mod\u00e8le plus r\u00e9cent, ce sac ext\u00e9rieur vous offre une combinaison id\u00e9ale de fonctionnalit\u00e9 et de style. Dans cette description de produit, nous vous expliquons tout ce que vous devez savoir sur ce produit de haute qualit\u00e9.<\/p>\n<p><a href=\"https:\/\/www.veltec.eu\/fr\/aspirateurs-et-sacs\/sac-exterieur-et-accessoires-kirby\/\">Vous trouverez ici tout ce qui concerne le sac d&#8217;ext\u00e9rieur Kirby et ses accessoires<\/a><\/p>\n<h3>Pourquoi choisir le sac d&#8217;ext\u00e9rieur Diamond de Kirby ?<\/h3>\n<p>Le sac d&#8217;ext\u00e9rieur Diamond se distingue par un certain nombre de caract\u00e9ristiques uniques :<\/p>\n<ul>\n<li>Design Kirby original : ce sac d&#8217;ext\u00e9rieur n&#8217;est pas un accessoire comme les autres, mais un produit Kirby original, ce qui signifie que vous \u00eates assur\u00e9 d&#8217;une qualit\u00e9 sup\u00e9rieure.<\/li>\n<li>Compatibilit\u00e9 universelle : Gr\u00e2ce \u00e0 sa conception intelligente, ce sac ext\u00e9rieur s&#8217;adapte sans probl\u00e8me \u00e0 tous les aspirateurs Kirby. Vous n&#8217;avez donc pas \u00e0 vous soucier de la compatibilit\u00e9.<\/li>\n<li>Durabilit\u00e9 : les mat\u00e9riaux utilis\u00e9s pour ce sac ext\u00e9rieur sont d&#8217;excellente qualit\u00e9, ce qui lui permet de durer des ann\u00e9es.<\/li>\n<\/ul>\n<p>Vous cherchez une solution \u00e0 la fois pratique et esth\u00e9tique ? Dans ce cas, le sac d&#8217;ext\u00e9rieur Diamond est le choix id\u00e9al !<\/p>\n<h3>Un design \u00e9l\u00e9gant pour une apparence luxueuse<\/h3>\n<p>Outre sa fonctionnalit\u00e9, ce sac ext\u00e9rieur offre \u00e9galement un design \u00e9l\u00e9gant qui s&#8217;harmonise parfaitement avec la gamme Kirby Diamond. Le design luxueux d\u00e9gage de la classe et fait passer votre aspirateur \u00e0 la vitesse sup\u00e9rieure. Le design unique garantit que votre Kirby a toujours un aspect moderne, quel que soit le mod\u00e8le.<\/p>\n<p>Le design \u00e9l\u00e9gant fait de ce sac ext\u00e9rieur un excellent choix pour ceux qui appr\u00e9cient \u00e0 la fois la fonctionnalit\u00e9 et l&#8217;apparence.<\/p>\n<h3>Facile \u00e0 utiliser et \u00e0 installer<\/h3>\n<p>Un autre avantage cl\u00e9 du sac d&#8217;ext\u00e9rieur Diamond est sa facilit\u00e9 d&#8217;utilisation. Ce sac ext\u00e9rieur est facile \u00e0 installer, ce qui vous permet de reprendre l&#8217;utilisation de votre aspirateur en quelques minutes. En outre, il est facile \u00e0 nettoyer et \u00e0 entretenir, de sorte que vous pouvez toujours compter sur des performances optimales.<\/p>\n<p>Avec ce sac ext\u00e9rieur, vous disposez non seulement d&#8217;un accessoire pratique, mais aussi d&#8217;un produit qui contribue \u00e0 un environnement de vie plus propre et plus sain.<\/p>\n<h3>Commandez maintenant et constatez la diff\u00e9rence<\/h3>\n<p>Vous souhaitez am\u00e9liorer la qualit\u00e9 et le style de votre aspirateur Kirby ? Optez pour le sac d&#8217;ext\u00e9rieur Diamond. Commandez d\u00e8s aujourd&#8217;hui et profitez des avantages de ce produit de haute qualit\u00e9.<\/p>\n<p>Pourquoi attendre ? Compl\u00e9tez votre Kirby avec le sac ext\u00e9rieur original qui allie style, fonctionnalit\u00e9 et durabilit\u00e9 !<\/p>\n","protected":false},"excerpt":{"rendered":"<p>Sac ext\u00e9rieur pour Kirby de type G7 (Diamond).<\/p>\n[trustindex data-widget-id=e3bb80b24fa128098b960fc2439]\n<h3><span style=\"color: #008000;\"><br \/>\nEn stock<\/span><\/h3>\n[av_font_icon icon='ue812' font='entypo-fontello' style='' caption='' size='25px' position='left' color='#43ad66' link='' linktarget='' title_attr='' sonar_effect_effect='' sonar_effect_color='' sonar_effect_duration='1' sonar_effect_scale='' sonar_effect_opac='0.5' animation='' id='' custom_class='' template_class='' av_uid='' sc_version='1.0' admin_preview_bg=''][\/av_font_icon]\n<p><span style=\"color: #008000;\">Command\u00e9 23:59, exp\u00e9di\u00e9 demain<\/span><\/p>\n<p>&nbsp;<\/p>\n","protected":false},"featured_media":17990,"comment_status":"open","ping_status":"closed","template":"","meta":{"_acf_changed":false},"product_brand":[],"product_cat":[367],"product_tag":[],"class_list":{"0":"post-18040","1":"product","2":"type-product","3":"status-publish","4":"has-post-thumbnail","6":"product_cat-sac-exterieur-et-accessoires-kirby","7":"product_shipping_class-klein-de-fr","9":"first","10":"instock","11":"sale","12":"taxable","13":"shipping-taxable","14":"purchasable","15":"product-type-simple"},"acf":[],"yoast_head":"<!-- This site is optimized with the Yoast SEO Premium plugin v27.1 (Yoast SEO v27.5) - https:\/\/yoast.com\/product\/yoast-seo-premium-wordpress\/ -->\n<title>Sac Ext\u00e9rieur Kirby Diamond - Veltec Kirby specialist<\/title>\n<meta name=\"description\" content=\"Sac Ext\u00e9rieur Kirby Diamond - Veltec est le fournisseur des aspirateurs Kirby depuis plus de 25 ans. Et est votre sp\u00e9cialiste de confiance\" \/>\n<meta name=\"robots\" content=\"index, follow, max-snippet:-1, max-image-preview:large, max-video-preview:-1\" \/>\n<link rel=\"canonical\" href=\"https:\/\/www.veltec.eu\/fr\/product\/sac-exterieur-kirby-diamond-nl400\/\" \/>\n<meta property=\"og:locale\" content=\"fr_FR\" \/>\n<meta property=\"og:type\" content=\"article\" \/>\n<meta property=\"og:title\" content=\"Sac Ext\u00e9rieur Kirby Diamond\" \/>\n<meta property=\"og:description\" content=\"Sac ext\u00e9rieur pour Kirby de type G7 (Diamond).    En stock   Command\u00e9 23:59, exp\u00e9di\u00e9 demain  &nbsp;\" \/>\n<meta property=\"og:url\" content=\"https:\/\/www.veltec.eu\/fr\/product\/sac-exterieur-kirby-diamond-nl400\/\" \/>\n<meta property=\"og:site_name\" content=\"Veltec Kirby specialist\" \/>\n<meta property=\"article:publisher\" content=\"https:\/\/www.facebook.com\/Veltec-Kirby-Specialist-236746293374877\/\" \/>\n<meta property=\"article:modified_time\" content=\"2026-05-11T11:38:07+00:00\" \/>\n<meta property=\"og:image\" content=\"https:\/\/www.veltec.eu\/wp-content\/uploads\/2019\/03\/Diamond.jpg\" \/>\n\t<meta property=\"og:image:width\" content=\"459\" \/>\n\t<meta property=\"og:image:height\" content=\"426\" \/>\n\t<meta property=\"og:image:type\" content=\"image\/jpeg\" \/>\n<meta name=\"twitter:card\" content=\"summary_large_image\" \/>\n<meta name=\"twitter:label1\" content=\"Dur\u00e9e de lecture estim\u00e9e\" \/>\n\t<meta name=\"twitter:data1\" content=\"3 minutes\" \/>\n<script type=\"application\/ld+json\" class=\"yoast-schema-graph\">{\"@context\":\"https:\\\/\\\/schema.org\",\"@graph\":[{\"@type\":\"WebPage\",\"@id\":\"https:\\\/\\\/www.veltec.eu\\\/fr\\\/product\\\/sac-exterieur-kirby-diamond-nl400\\\/\",\"url\":\"https:\\\/\\\/www.veltec.eu\\\/fr\\\/product\\\/sac-exterieur-kirby-diamond-nl400\\\/\",\"name\":\"Sac Ext\u00e9rieur Kirby Diamond - Veltec Kirby specialist\",\"isPartOf\":{\"@id\":\"https:\\\/\\\/www.veltec.eu\\\/en\\\/#website\"},\"primaryImageOfPage\":{\"@id\":\"https:\\\/\\\/www.veltec.eu\\\/fr\\\/product\\\/sac-exterieur-kirby-diamond-nl400\\\/#primaryimage\"},\"image\":{\"@id\":\"https:\\\/\\\/www.veltec.eu\\\/fr\\\/product\\\/sac-exterieur-kirby-diamond-nl400\\\/#primaryimage\"},\"thumbnailUrl\":\"https:\\\/\\\/www.veltec.eu\\\/wp-content\\\/uploads\\\/2019\\\/03\\\/Diamond.jpg\",\"datePublished\":\"2019-03-05T10:19:23+00:00\",\"dateModified\":\"2026-05-11T11:38:07+00:00\",\"description\":\"Sac Ext\u00e9rieur Kirby Diamond - Veltec est le fournisseur des aspirateurs Kirby depuis plus de 25 ans. Et est votre sp\u00e9cialiste de confiance\",\"breadcrumb\":{\"@id\":\"https:\\\/\\\/www.veltec.eu\\\/fr\\\/product\\\/sac-exterieur-kirby-diamond-nl400\\\/#breadcrumb\"},\"inLanguage\":\"fr-FR\",\"potentialAction\":[{\"@type\":\"ReadAction\",\"target\":[\"https:\\\/\\\/www.veltec.eu\\\/fr\\\/product\\\/sac-exterieur-kirby-diamond-nl400\\\/\"]}]},{\"@type\":\"ImageObject\",\"inLanguage\":\"fr-FR\",\"@id\":\"https:\\\/\\\/www.veltec.eu\\\/fr\\\/product\\\/sac-exterieur-kirby-diamond-nl400\\\/#primaryimage\",\"url\":\"https:\\\/\\\/www.veltec.eu\\\/wp-content\\\/uploads\\\/2019\\\/03\\\/Diamond.jpg\",\"contentUrl\":\"https:\\\/\\\/www.veltec.eu\\\/wp-content\\\/uploads\\\/2019\\\/03\\\/Diamond.jpg\",\"width\":459,\"height\":426},{\"@type\":\"BreadcrumbList\",\"@id\":\"https:\\\/\\\/www.veltec.eu\\\/fr\\\/product\\\/sac-exterieur-kirby-diamond-nl400\\\/#breadcrumb\",\"itemListElement\":[{\"@type\":\"ListItem\",\"position\":1,\"name\":\"Home\",\"item\":\"https:\\\/\\\/www.veltec.eu\\\/fr\\\/accueil\\\/\"},{\"@type\":\"ListItem\",\"position\":2,\"name\":\"Boutique Kirby\",\"item\":\"https:\\\/\\\/www.veltec.eu\\\/fr\\\/boutique-kirby\\\/\"},{\"@type\":\"ListItem\",\"position\":3,\"name\":\"Sac Ext\u00e9rieur Kirby Diamond\"}]},{\"@type\":\"WebSite\",\"@id\":\"https:\\\/\\\/www.veltec.eu\\\/en\\\/#website\",\"url\":\"https:\\\/\\\/www.veltec.eu\\\/en\\\/\",\"name\":\"Veltec Kirby specialist\",\"description\":\"Kirby stofzuiger producten\",\"publisher\":{\"@id\":\"https:\\\/\\\/www.veltec.eu\\\/en\\\/#organization\"},\"potentialAction\":[{\"@type\":\"SearchAction\",\"target\":{\"@type\":\"EntryPoint\",\"urlTemplate\":\"https:\\\/\\\/www.veltec.eu\\\/en\\\/?s={search_term_string}\"},\"query-input\":{\"@type\":\"PropertyValueSpecification\",\"valueRequired\":true,\"valueName\":\"search_term_string\"}}],\"inLanguage\":\"fr-FR\"},{\"@type\":\"Organization\",\"@id\":\"https:\\\/\\\/www.veltec.eu\\\/en\\\/#organization\",\"name\":\"Veltec Kirby Specialist\",\"url\":\"https:\\\/\\\/www.veltec.eu\\\/en\\\/\",\"logo\":{\"@type\":\"ImageObject\",\"inLanguage\":\"fr-FR\",\"@id\":\"https:\\\/\\\/www.veltec.eu\\\/en\\\/#\\\/schema\\\/logo\\\/image\\\/\",\"url\":\"https:\\\/\\\/www.veltec.eu\\\/wp-content\\\/uploads\\\/2021\\\/12\\\/Veltec-log-groot-e1537260889125.png\",\"contentUrl\":\"https:\\\/\\\/www.veltec.eu\\\/wp-content\\\/uploads\\\/2021\\\/12\\\/Veltec-log-groot-e1537260889125.png\",\"width\":200,\"height\":60,\"caption\":\"Veltec Kirby Specialist\"},\"image\":{\"@id\":\"https:\\\/\\\/www.veltec.eu\\\/en\\\/#\\\/schema\\\/logo\\\/image\\\/\"},\"sameAs\":[\"https:\\\/\\\/www.facebook.com\\\/Veltec-Kirby-Specialist-236746293374877\\\/\",\"https:\\\/\\\/www.youtube.com\\\/user\\\/VeltecService\"]}]}<\/script>\n<!-- \/ Yoast SEO Premium plugin. -->","yoast_head_json":{"title":"Sac Ext\u00e9rieur Kirby Diamond - Veltec Kirby specialist","description":"Sac Ext\u00e9rieur Kirby Diamond - Veltec est le fournisseur des aspirateurs Kirby depuis plus de 25 ans. Et est votre sp\u00e9cialiste de confiance","robots":{"index":"index","follow":"follow","max-snippet":"max-snippet:-1","max-image-preview":"max-image-preview:large","max-video-preview":"max-video-preview:-1"},"canonical":"https:\/\/www.veltec.eu\/fr\/product\/sac-exterieur-kirby-diamond-nl400\/","og_locale":"fr_FR","og_type":"article","og_title":"Sac Ext\u00e9rieur Kirby Diamond","og_description":"Sac ext\u00e9rieur pour Kirby de type G7 (Diamond).    En stock   Command\u00e9 23:59, exp\u00e9di\u00e9 demain  &nbsp;","og_url":"https:\/\/www.veltec.eu\/fr\/product\/sac-exterieur-kirby-diamond-nl400\/","og_site_name":"Veltec Kirby specialist","article_publisher":"https:\/\/www.facebook.com\/Veltec-Kirby-Specialist-236746293374877\/","article_modified_time":"2026-05-11T11:38:07+00:00","og_image":[{"width":459,"height":426,"url":"https:\/\/www.veltec.eu\/wp-content\/uploads\/2019\/03\/Diamond.jpg","type":"image\/jpeg"}],"twitter_card":"summary_large_image","twitter_misc":{"Dur\u00e9e de lecture estim\u00e9e":"3 minutes"},"schema":{"@context":"https:\/\/schema.org","@graph":[{"@type":"WebPage","@id":"https:\/\/www.veltec.eu\/fr\/product\/sac-exterieur-kirby-diamond-nl400\/","url":"https:\/\/www.veltec.eu\/fr\/product\/sac-exterieur-kirby-diamond-nl400\/","name":"Sac Ext\u00e9rieur Kirby Diamond - Veltec Kirby specialist","isPartOf":{"@id":"https:\/\/www.veltec.eu\/en\/#website"},"primaryImageOfPage":{"@id":"https:\/\/www.veltec.eu\/fr\/product\/sac-exterieur-kirby-diamond-nl400\/#primaryimage"},"image":{"@id":"https:\/\/www.veltec.eu\/fr\/product\/sac-exterieur-kirby-diamond-nl400\/#primaryimage"},"thumbnailUrl":"https:\/\/www.veltec.eu\/wp-content\/uploads\/2019\/03\/Diamond.jpg","datePublished":"2019-03-05T10:19:23+00:00","dateModified":"2026-05-11T11:38:07+00:00","description":"Sac Ext\u00e9rieur Kirby Diamond - Veltec est le fournisseur des aspirateurs Kirby depuis plus de 25 ans. Et est votre sp\u00e9cialiste de confiance","breadcrumb":{"@id":"https:\/\/www.veltec.eu\/fr\/product\/sac-exterieur-kirby-diamond-nl400\/#breadcrumb"},"inLanguage":"fr-FR","potentialAction":[{"@type":"ReadAction","target":["https:\/\/www.veltec.eu\/fr\/product\/sac-exterieur-kirby-diamond-nl400\/"]}]},{"@type":"ImageObject","inLanguage":"fr-FR","@id":"https:\/\/www.veltec.eu\/fr\/product\/sac-exterieur-kirby-diamond-nl400\/#primaryimage","url":"https:\/\/www.veltec.eu\/wp-content\/uploads\/2019\/03\/Diamond.jpg","contentUrl":"https:\/\/www.veltec.eu\/wp-content\/uploads\/2019\/03\/Diamond.jpg","width":459,"height":426},{"@type":"BreadcrumbList","@id":"https:\/\/www.veltec.eu\/fr\/product\/sac-exterieur-kirby-diamond-nl400\/#breadcrumb","itemListElement":[{"@type":"ListItem","position":1,"name":"Home","item":"https:\/\/www.veltec.eu\/fr\/accueil\/"},{"@type":"ListItem","position":2,"name":"Boutique Kirby","item":"https:\/\/www.veltec.eu\/fr\/boutique-kirby\/"},{"@type":"ListItem","position":3,"name":"Sac Ext\u00e9rieur Kirby Diamond"}]},{"@type":"WebSite","@id":"https:\/\/www.veltec.eu\/en\/#website","url":"https:\/\/www.veltec.eu\/en\/","name":"Veltec Kirby specialist","description":"Kirby stofzuiger producten","publisher":{"@id":"https:\/\/www.veltec.eu\/en\/#organization"},"potentialAction":[{"@type":"SearchAction","target":{"@type":"EntryPoint","urlTemplate":"https:\/\/www.veltec.eu\/en\/?s={search_term_string}"},"query-input":{"@type":"PropertyValueSpecification","valueRequired":true,"valueName":"search_term_string"}}],"inLanguage":"fr-FR"},{"@type":"Organization","@id":"https:\/\/www.veltec.eu\/en\/#organization","name":"Veltec Kirby Specialist","url":"https:\/\/www.veltec.eu\/en\/","logo":{"@type":"ImageObject","inLanguage":"fr-FR","@id":"https:\/\/www.veltec.eu\/en\/#\/schema\/logo\/image\/","url":"https:\/\/www.veltec.eu\/wp-content\/uploads\/2021\/12\/Veltec-log-groot-e1537260889125.png","contentUrl":"https:\/\/www.veltec.eu\/wp-content\/uploads\/2021\/12\/Veltec-log-groot-e1537260889125.png","width":200,"height":60,"caption":"Veltec Kirby Specialist"},"image":{"@id":"https:\/\/www.veltec.eu\/en\/#\/schema\/logo\/image\/"},"sameAs":["https:\/\/www.facebook.com\/Veltec-Kirby-Specialist-236746293374877\/","https:\/\/www.youtube.com\/user\/VeltecService"]}]}},"_links":{"self":[{"href":"https:\/\/www.veltec.eu\/fr\/wp-json\/wp\/v2\/product\/18040","targetHints":{"allow":["GET"]}}],"collection":[{"href":"https:\/\/www.veltec.eu\/fr\/wp-json\/wp\/v2\/product"}],"about":[{"href":"https:\/\/www.veltec.eu\/fr\/wp-json\/wp\/v2\/types\/product"}],"replies":[{"embeddable":true,"href":"https:\/\/www.veltec.eu\/fr\/wp-json\/wp\/v2\/comments?post=18040"}],"wp:featuredmedia":[{"embeddable":true,"href":"https:\/\/www.veltec.eu\/fr\/wp-json\/wp\/v2\/media\/17990"}],"wp:attachment":[{"href":"https:\/\/www.veltec.eu\/fr\/wp-json\/wp\/v2\/media?parent=18040"}],"wp:term":[{"taxonomy":"product_brand","embeddable":true,"href":"https:\/\/www.veltec.eu\/fr\/wp-json\/wp\/v2\/product_brand?post=18040"},{"taxonomy":"product_cat","embeddable":true,"href":"https:\/\/www.veltec.eu\/fr\/wp-json\/wp\/v2\/product_cat?post=18040"},{"taxonomy":"product_tag","embeddable":true,"href":"https:\/\/www.veltec.eu\/fr\/wp-json\/wp\/v2\/product_tag?post=18040"}],"curies":[{"name":"wp","href":"https:\/\/api.w.org\/{rel}","templated":true}]}}