{"id":18035,"date":"2019-03-05T12:27:30","date_gmt":"2019-03-05T10:27:30","guid":{"rendered":"https:\/\/www.veltec.eu\/product\/sac-exterieur-sentria-2-nl401\/"},"modified":"2024-12-23T12:58:17","modified_gmt":"2024-12-23T10:58:17","slug":"sac-exterieur-kirby-sentria-2-nl401","status":"publish","type":"product","link":"https:\/\/www.veltec.eu\/fr\/product\/sac-exterieur-kirby-sentria-2-nl401\/","title":{"rendered":"Sac Ext\u00e9rieur Kirby Sentria 2"},"content":{"rendered":"<h1>Sac ext\u00e9rieur Kirby Sentria 2<\/h1>\n<p>Kirby sac ext\u00e9rieur Sentria 2<\/p>\n<p><strong>Ce sac ext\u00e9rieur est con\u00e7u pour les aspirateurs Kirby ci-dessous ;<\/strong><\/p>\n<p>Kirby Sentria II (G10)<\/p>\n<h2>Sac ext\u00e9rieur Kirby Sentria 2 &#8211; Le remplacement parfait pour votre aspirateur Kirby<\/h2>\n<p>Vous cherchez un nouveau sac ext\u00e9rieur pour votre aspirateur Kirby ? Le sac ext\u00e9rieur Sentria 2 constitue une excellente solution. Ce sac ext\u00e9rieur original est sp\u00e9cialement con\u00e7u pour le Kirby Sentria 2, mais il est universellement compatible avec tous les mod\u00e8les d&#8217;aspirateurs Kirby. Gr\u00e2ce aux mat\u00e9riaux de haute qualit\u00e9 et au design \u00e9l\u00e9gant, vous pouvez compter sur une combinaison de fonctionnalit\u00e9 et d&#8217;esth\u00e9tique. D\u00e9couvrez pourquoi ce sac ext\u00e9rieur est le choix id\u00e9al pour votre aspirateur.<\/p>\n<p><a href=\"https:\/\/www.veltec.eu\/fr\/categorie\/sac-exterieur-et-accessoires-kirby\/\">Vous trouverez ici tout ce qu&#8217;il faut savoir sur le sac ext\u00e9rieur et les accessoires Kirby<\/a><\/p>\n<h3>Compatibilit\u00e9 universelle : Un sac pour chaque mod\u00e8le Kirby<\/h3>\n<p>Le sac ext\u00e9rieur Sentria 2 est un sac ext\u00e9rieur universel, ce qui signifie qu&#8217;il convient \u00e0 tous les aspirateurs Kirby. Cela facilite grandement le remplacement de votre sac ext\u00e9rieur actuel. La seule diff\u00e9rence entre les mod\u00e8les est le design, vous pouvez donc choisir ce type de sac sans souci, quel que soit le mod\u00e8le Kirby que vous utilisez. Gr\u00e2ce \u00e0 cette adaptation universelle, vous n&#8217;aurez plus jamais \u00e0 vous soucier de trouver la bonne taille.<\/p>\n<h3>Mat\u00e9riaux de haute qualit\u00e9 pour une utilisation durable<\/h3>\n<p>Lorsqu&#8217;on choisit un nouveau sac ext\u00e9rieur, la qualit\u00e9 est essentielle. Le sac ext\u00e9rieur Sentria 2 est fabriqu\u00e9 \u00e0 partir de mat\u00e9riaux durables et r\u00e9sistants qui permettent \u00e0 votre aspirateur de continuer \u00e0 donner le meilleur de lui-m\u00eame. Le mat\u00e9riau n&#8217;est pas seulement robuste, il est \u00e9galement con\u00e7u pour retenir efficacement la poussi\u00e8re et la salet\u00e9, ce qui permet de garder l&#8217;int\u00e9rieur de l&#8217;aspirateur propre. Cela contribue \u00e0 prolonger la dur\u00e9e de vie de votre appareil.<\/p>\n<h3>Un design \u00e9l\u00e9gant qui s&#8217;harmonise avec votre int\u00e9rieur<\/h3>\n<p>Outre sa fonctionnalit\u00e9, le sac ext\u00e9rieur du Sentria 2 offre \u00e9galement un design attrayant. Le sac ext\u00e9rieur est disponible dans un motif moderne qui s&#8217;harmonise parfaitement avec l&#8217;aspect \u00e9l\u00e9gant de votre aspirateur Kirby. Que vous choisissiez un design neutre ou accrocheur, ce sac d&#8217;ext\u00e9rieur ajoute du style \u00e0 votre routine de nettoyage quotidienne.<\/p>\n<h3>Facile \u00e0 installer et \u00e0 utiliser.<\/h3>\n<p>Un autre grand avantage du sac d&#8217;ext\u00e9rieur Sentria 2 est sa facilit\u00e9 d&#8217;utilisation. Gr\u00e2ce \u00e0 son adaptation universelle, le sac d&#8217;ext\u00e9rieur est facile \u00e0 installer. En quelques minutes, vous pouvez retrouver un usage optimal de votre aspirateur. De plus, sa conception intelligente garantit que le sac reste fermement en place pendant l&#8217;aspiration, ce qui vous permet de travailler sans interruption.<\/p>\n<hr \/>\n<h3>Pourquoi choisir le Kirby Outdoor Bag Sentria 2 ?<\/h3>\n<p>Avec le sac ext\u00e9rieur Sentria 2, vous choisissez la qualit\u00e9, la durabilit\u00e9 et le style. Ce sac ext\u00e9rieur offre tout ce dont vous avez besoin pour garder votre aspirateur en parfait \u00e9tat. Que vous souhaitiez remplacer un vieux sac ext\u00e9rieur ou donner un nouveau look \u00e0 votre aspirateur, ce sac est le choix id\u00e9al.<\/p>\n<p>En bref, le sac ext\u00e9rieur Sentria 2 allie fonctionnalit\u00e9, style et commodit\u00e9. N&#8217;attendez plus et \u00e9quipez d\u00e8s aujourd&#8217;hui votre aspirateur Kirby de ce sac ext\u00e9rieur de haute qualit\u00e9 !<\/p>\n","protected":false},"excerpt":{"rendered":"<p>Sac ext\u00e9rieur pour Kirby Sentria 2.<\/p>\n[trustindex data-widget-id=e3bb80b24fa128098b960fc2439]\n<h3><span style=\"color: #008000;\"><br \/>\nEn stock<\/span><\/h3>\n[av_font_icon icon='ue812' font='entypo-fontello' style='' caption='' size='25px' position='left' color='#43ad66' link='' linktarget='' title_attr='' sonar_effect_effect='' sonar_effect_color='' sonar_effect_duration='1' sonar_effect_scale='' sonar_effect_opac='0.5' animation='' id='' custom_class='' template_class='' av_uid='' sc_version='1.0' admin_preview_bg=''][\/av_font_icon]\n<p><span style=\"color: #008000;\">Command\u00e9 23:59, exp\u00e9di\u00e9 demain<\/span><\/p>\n<p>&nbsp;<\/p>\n","protected":false},"featured_media":18006,"comment_status":"open","ping_status":"closed","template":"","meta":{"_acf_changed":false},"product_brand":[],"product_cat":[367],"product_tag":[],"class_list":{"0":"post-18035","1":"product","2":"type-product","3":"status-publish","4":"has-post-thumbnail","6":"product_cat-sac-exterieur-et-accessoires-kirby","7":"product_shipping_class-klein-de-fr","9":"first","10":"instock","11":"sale","12":"taxable","13":"shipping-taxable","14":"purchasable","15":"product-type-simple"},"acf":[],"yoast_head":"<!-- This site is optimized with the Yoast SEO Premium plugin v27.1 (Yoast SEO v27.4) - https:\/\/yoast.com\/product\/yoast-seo-premium-wordpress\/ -->\n<title>Sac Ext\u00e9rieur Kirby Sentria 2 - Veltec Kirby specialist<\/title>\n<meta name=\"description\" content=\"Sac Ext\u00e9rieur Kirby Sentria 2 - Veltec est le fournisseur des aspirateurs Kirby depuis plus de 25 ans. Et est votre sp\u00e9cialiste de confiance\" \/>\n<meta name=\"robots\" content=\"index, follow, max-snippet:-1, max-image-preview:large, max-video-preview:-1\" \/>\n<link rel=\"canonical\" href=\"https:\/\/www.veltec.eu\/fr\/product\/sac-exterieur-kirby-sentria-2-nl401\/\" \/>\n<meta property=\"og:locale\" content=\"fr_FR\" \/>\n<meta property=\"og:type\" content=\"article\" \/>\n<meta property=\"og:title\" content=\"Sac Ext\u00e9rieur Kirby Sentria 2\" \/>\n<meta property=\"og:description\" content=\"Sac ext\u00e9rieur pour Kirby Sentria 2.    En stock   Command\u00e9 23:59, exp\u00e9di\u00e9 demain  &nbsp;\" \/>\n<meta property=\"og:url\" content=\"https:\/\/www.veltec.eu\/fr\/product\/sac-exterieur-kirby-sentria-2-nl401\/\" \/>\n<meta property=\"og:site_name\" content=\"Veltec Kirby specialist\" \/>\n<meta property=\"article:publisher\" content=\"https:\/\/www.facebook.com\/Veltec-Kirby-Specialist-236746293374877\/\" \/>\n<meta property=\"article:modified_time\" content=\"2024-12-23T10:58:17+00:00\" \/>\n<meta property=\"og:image\" content=\"https:\/\/www.veltec.eu\/wp-content\/uploads\/2019\/03\/Sentria-2.jpg\" \/>\n\t<meta property=\"og:image:width\" content=\"421\" \/>\n\t<meta property=\"og:image:height\" content=\"426\" \/>\n\t<meta property=\"og:image:type\" content=\"image\/jpeg\" \/>\n<meta name=\"twitter:card\" content=\"summary_large_image\" \/>\n<meta name=\"twitter:label1\" content=\"Dur\u00e9e de lecture estim\u00e9e\" \/>\n\t<meta name=\"twitter:data1\" content=\"3 minutes\" \/>\n<script type=\"application\/ld+json\" class=\"yoast-schema-graph\">{\"@context\":\"https:\\\/\\\/schema.org\",\"@graph\":[{\"@type\":\"WebPage\",\"@id\":\"https:\\\/\\\/www.veltec.eu\\\/fr\\\/product\\\/sac-exterieur-kirby-sentria-2-nl401\\\/\",\"url\":\"https:\\\/\\\/www.veltec.eu\\\/fr\\\/product\\\/sac-exterieur-kirby-sentria-2-nl401\\\/\",\"name\":\"Sac Ext\u00e9rieur Kirby Sentria 2 - Veltec Kirby specialist\",\"isPartOf\":{\"@id\":\"https:\\\/\\\/www.veltec.eu\\\/en\\\/#website\"},\"primaryImageOfPage\":{\"@id\":\"https:\\\/\\\/www.veltec.eu\\\/fr\\\/product\\\/sac-exterieur-kirby-sentria-2-nl401\\\/#primaryimage\"},\"image\":{\"@id\":\"https:\\\/\\\/www.veltec.eu\\\/fr\\\/product\\\/sac-exterieur-kirby-sentria-2-nl401\\\/#primaryimage\"},\"thumbnailUrl\":\"https:\\\/\\\/www.veltec.eu\\\/wp-content\\\/uploads\\\/2019\\\/03\\\/Sentria-2.jpg\",\"datePublished\":\"2019-03-05T10:27:30+00:00\",\"dateModified\":\"2024-12-23T10:58:17+00:00\",\"description\":\"Sac Ext\u00e9rieur Kirby Sentria 2 - Veltec est le fournisseur des aspirateurs Kirby depuis plus de 25 ans. Et est votre sp\u00e9cialiste de confiance\",\"breadcrumb\":{\"@id\":\"https:\\\/\\\/www.veltec.eu\\\/fr\\\/product\\\/sac-exterieur-kirby-sentria-2-nl401\\\/#breadcrumb\"},\"inLanguage\":\"fr-FR\",\"potentialAction\":[{\"@type\":\"ReadAction\",\"target\":[\"https:\\\/\\\/www.veltec.eu\\\/fr\\\/product\\\/sac-exterieur-kirby-sentria-2-nl401\\\/\"]}]},{\"@type\":\"ImageObject\",\"inLanguage\":\"fr-FR\",\"@id\":\"https:\\\/\\\/www.veltec.eu\\\/fr\\\/product\\\/sac-exterieur-kirby-sentria-2-nl401\\\/#primaryimage\",\"url\":\"https:\\\/\\\/www.veltec.eu\\\/wp-content\\\/uploads\\\/2019\\\/03\\\/Sentria-2.jpg\",\"contentUrl\":\"https:\\\/\\\/www.veltec.eu\\\/wp-content\\\/uploads\\\/2019\\\/03\\\/Sentria-2.jpg\",\"width\":421,\"height\":426},{\"@type\":\"BreadcrumbList\",\"@id\":\"https:\\\/\\\/www.veltec.eu\\\/fr\\\/product\\\/sac-exterieur-kirby-sentria-2-nl401\\\/#breadcrumb\",\"itemListElement\":[{\"@type\":\"ListItem\",\"position\":1,\"name\":\"Home\",\"item\":\"https:\\\/\\\/www.veltec.eu\\\/fr\\\/\"},{\"@type\":\"ListItem\",\"position\":2,\"name\":\"Kirby Shop\",\"item\":\"https:\\\/\\\/www.veltec.eu\\\/nl\\\/shop-page\\\/\"},{\"@type\":\"ListItem\",\"position\":3,\"name\":\"Sac Ext\u00e9rieur Kirby Sentria 2\"}]},{\"@type\":\"WebSite\",\"@id\":\"https:\\\/\\\/www.veltec.eu\\\/en\\\/#website\",\"url\":\"https:\\\/\\\/www.veltec.eu\\\/en\\\/\",\"name\":\"Veltec Kirby specialist\",\"description\":\"Kirby stofzuiger producten\",\"publisher\":{\"@id\":\"https:\\\/\\\/www.veltec.eu\\\/en\\\/#organization\"},\"potentialAction\":[{\"@type\":\"SearchAction\",\"target\":{\"@type\":\"EntryPoint\",\"urlTemplate\":\"https:\\\/\\\/www.veltec.eu\\\/en\\\/?s={search_term_string}\"},\"query-input\":{\"@type\":\"PropertyValueSpecification\",\"valueRequired\":true,\"valueName\":\"search_term_string\"}}],\"inLanguage\":\"fr-FR\"},{\"@type\":\"Organization\",\"@id\":\"https:\\\/\\\/www.veltec.eu\\\/en\\\/#organization\",\"name\":\"Veltec Kirby Specialist\",\"url\":\"https:\\\/\\\/www.veltec.eu\\\/en\\\/\",\"logo\":{\"@type\":\"ImageObject\",\"inLanguage\":\"fr-FR\",\"@id\":\"https:\\\/\\\/www.veltec.eu\\\/en\\\/#\\\/schema\\\/logo\\\/image\\\/\",\"url\":\"https:\\\/\\\/www.veltec.eu\\\/wp-content\\\/uploads\\\/2021\\\/12\\\/Veltec-log-groot-e1537260889125.png\",\"contentUrl\":\"https:\\\/\\\/www.veltec.eu\\\/wp-content\\\/uploads\\\/2021\\\/12\\\/Veltec-log-groot-e1537260889125.png\",\"width\":200,\"height\":60,\"caption\":\"Veltec Kirby Specialist\"},\"image\":{\"@id\":\"https:\\\/\\\/www.veltec.eu\\\/en\\\/#\\\/schema\\\/logo\\\/image\\\/\"},\"sameAs\":[\"https:\\\/\\\/www.facebook.com\\\/Veltec-Kirby-Specialist-236746293374877\\\/\",\"https:\\\/\\\/www.youtube.com\\\/user\\\/VeltecService\"]}]}<\/script>\n<!-- \/ Yoast SEO Premium plugin. -->","yoast_head_json":{"title":"Sac Ext\u00e9rieur Kirby Sentria 2 - Veltec Kirby specialist","description":"Sac Ext\u00e9rieur Kirby Sentria 2 - Veltec est le fournisseur des aspirateurs Kirby depuis plus de 25 ans. Et est votre sp\u00e9cialiste de confiance","robots":{"index":"index","follow":"follow","max-snippet":"max-snippet:-1","max-image-preview":"max-image-preview:large","max-video-preview":"max-video-preview:-1"},"canonical":"https:\/\/www.veltec.eu\/fr\/product\/sac-exterieur-kirby-sentria-2-nl401\/","og_locale":"fr_FR","og_type":"article","og_title":"Sac Ext\u00e9rieur Kirby Sentria 2","og_description":"Sac ext\u00e9rieur pour Kirby Sentria 2.    En stock   Command\u00e9 23:59, exp\u00e9di\u00e9 demain  &nbsp;","og_url":"https:\/\/www.veltec.eu\/fr\/product\/sac-exterieur-kirby-sentria-2-nl401\/","og_site_name":"Veltec Kirby specialist","article_publisher":"https:\/\/www.facebook.com\/Veltec-Kirby-Specialist-236746293374877\/","article_modified_time":"2024-12-23T10:58:17+00:00","og_image":[{"width":421,"height":426,"url":"https:\/\/www.veltec.eu\/wp-content\/uploads\/2019\/03\/Sentria-2.jpg","type":"image\/jpeg"}],"twitter_card":"summary_large_image","twitter_misc":{"Dur\u00e9e de lecture estim\u00e9e":"3 minutes"},"schema":{"@context":"https:\/\/schema.org","@graph":[{"@type":"WebPage","@id":"https:\/\/www.veltec.eu\/fr\/product\/sac-exterieur-kirby-sentria-2-nl401\/","url":"https:\/\/www.veltec.eu\/fr\/product\/sac-exterieur-kirby-sentria-2-nl401\/","name":"Sac Ext\u00e9rieur Kirby Sentria 2 - Veltec Kirby specialist","isPartOf":{"@id":"https:\/\/www.veltec.eu\/en\/#website"},"primaryImageOfPage":{"@id":"https:\/\/www.veltec.eu\/fr\/product\/sac-exterieur-kirby-sentria-2-nl401\/#primaryimage"},"image":{"@id":"https:\/\/www.veltec.eu\/fr\/product\/sac-exterieur-kirby-sentria-2-nl401\/#primaryimage"},"thumbnailUrl":"https:\/\/www.veltec.eu\/wp-content\/uploads\/2019\/03\/Sentria-2.jpg","datePublished":"2019-03-05T10:27:30+00:00","dateModified":"2024-12-23T10:58:17+00:00","description":"Sac Ext\u00e9rieur Kirby Sentria 2 - Veltec est le fournisseur des aspirateurs Kirby depuis plus de 25 ans. Et est votre sp\u00e9cialiste de confiance","breadcrumb":{"@id":"https:\/\/www.veltec.eu\/fr\/product\/sac-exterieur-kirby-sentria-2-nl401\/#breadcrumb"},"inLanguage":"fr-FR","potentialAction":[{"@type":"ReadAction","target":["https:\/\/www.veltec.eu\/fr\/product\/sac-exterieur-kirby-sentria-2-nl401\/"]}]},{"@type":"ImageObject","inLanguage":"fr-FR","@id":"https:\/\/www.veltec.eu\/fr\/product\/sac-exterieur-kirby-sentria-2-nl401\/#primaryimage","url":"https:\/\/www.veltec.eu\/wp-content\/uploads\/2019\/03\/Sentria-2.jpg","contentUrl":"https:\/\/www.veltec.eu\/wp-content\/uploads\/2019\/03\/Sentria-2.jpg","width":421,"height":426},{"@type":"BreadcrumbList","@id":"https:\/\/www.veltec.eu\/fr\/product\/sac-exterieur-kirby-sentria-2-nl401\/#breadcrumb","itemListElement":[{"@type":"ListItem","position":1,"name":"Home","item":"https:\/\/www.veltec.eu\/fr\/"},{"@type":"ListItem","position":2,"name":"Kirby Shop","item":"https:\/\/www.veltec.eu\/nl\/shop-page\/"},{"@type":"ListItem","position":3,"name":"Sac Ext\u00e9rieur Kirby Sentria 2"}]},{"@type":"WebSite","@id":"https:\/\/www.veltec.eu\/en\/#website","url":"https:\/\/www.veltec.eu\/en\/","name":"Veltec Kirby specialist","description":"Kirby stofzuiger producten","publisher":{"@id":"https:\/\/www.veltec.eu\/en\/#organization"},"potentialAction":[{"@type":"SearchAction","target":{"@type":"EntryPoint","urlTemplate":"https:\/\/www.veltec.eu\/en\/?s={search_term_string}"},"query-input":{"@type":"PropertyValueSpecification","valueRequired":true,"valueName":"search_term_string"}}],"inLanguage":"fr-FR"},{"@type":"Organization","@id":"https:\/\/www.veltec.eu\/en\/#organization","name":"Veltec Kirby Specialist","url":"https:\/\/www.veltec.eu\/en\/","logo":{"@type":"ImageObject","inLanguage":"fr-FR","@id":"https:\/\/www.veltec.eu\/en\/#\/schema\/logo\/image\/","url":"https:\/\/www.veltec.eu\/wp-content\/uploads\/2021\/12\/Veltec-log-groot-e1537260889125.png","contentUrl":"https:\/\/www.veltec.eu\/wp-content\/uploads\/2021\/12\/Veltec-log-groot-e1537260889125.png","width":200,"height":60,"caption":"Veltec Kirby Specialist"},"image":{"@id":"https:\/\/www.veltec.eu\/en\/#\/schema\/logo\/image\/"},"sameAs":["https:\/\/www.facebook.com\/Veltec-Kirby-Specialist-236746293374877\/","https:\/\/www.youtube.com\/user\/VeltecService"]}]}},"_links":{"self":[{"href":"https:\/\/www.veltec.eu\/fr\/wp-json\/wp\/v2\/product\/18035","targetHints":{"allow":["GET"]}}],"collection":[{"href":"https:\/\/www.veltec.eu\/fr\/wp-json\/wp\/v2\/product"}],"about":[{"href":"https:\/\/www.veltec.eu\/fr\/wp-json\/wp\/v2\/types\/product"}],"replies":[{"embeddable":true,"href":"https:\/\/www.veltec.eu\/fr\/wp-json\/wp\/v2\/comments?post=18035"}],"wp:featuredmedia":[{"embeddable":true,"href":"https:\/\/www.veltec.eu\/fr\/wp-json\/wp\/v2\/media\/18006"}],"wp:attachment":[{"href":"https:\/\/www.veltec.eu\/fr\/wp-json\/wp\/v2\/media?parent=18035"}],"wp:term":[{"taxonomy":"product_brand","embeddable":true,"href":"https:\/\/www.veltec.eu\/fr\/wp-json\/wp\/v2\/product_brand?post=18035"},{"taxonomy":"product_cat","embeddable":true,"href":"https:\/\/www.veltec.eu\/fr\/wp-json\/wp\/v2\/product_cat?post=18035"},{"taxonomy":"product_tag","embeddable":true,"href":"https:\/\/www.veltec.eu\/fr\/wp-json\/wp\/v2\/product_tag?post=18035"}],"curies":[{"name":"wp","href":"https:\/\/api.w.org\/{rel}","templated":true}]}}