{"id":17119,"date":"2019-02-18T11:32:23","date_gmt":"2019-02-18T09:32:23","guid":{"rendered":"https:\/\/www.veltec.eu\/product\/kirby-multi-systeme-de-nettoyage-de-sol-nl300\/"},"modified":"2025-12-30T12:33:25","modified_gmt":"2025-12-30T10:33:25","slug":"systeme-de-nettoyage-multi-sol-kirby","status":"publish","type":"product","link":"https:\/\/www.veltec.eu\/fr\/product\/systeme-de-nettoyage-multi-sol-kirby\/","title":{"rendered":"Syst\u00e8me de Nettoyage Multi-Sol Kirby"},"content":{"rendered":"<h1 data-start=\"225\" data-end=\"264\">Syst\u00e8me de Nettoyage Multi-Sol Kirby<\/h1>\n<p data-start=\"266\" data-end=\"651\">Le Syst\u00e8me de Nettoyage Multi-Sol Kirby est une solution polyvalente et soigneusement con\u00e7ue pour le nettoyage en profondeur des sols souples et des sols durs. Ce syst\u00e8me a \u00e9t\u00e9 sp\u00e9cialement d\u00e9velopp\u00e9 pour le shampoing des moquettes et le r\u00e9curage des sols durs, afin que vous puissiez, gr\u00e2ce \u00e0 un seul syst\u00e8me complet, nettoyer efficacement, hygi\u00e9niquement et de mani\u00e8re constante.<\/p>\n<h2 data-start=\"653\" data-end=\"711\">Qu\u2019est-ce que le Syst\u00e8me de Nettoyage Multi-Sol ?<\/h2>\n<p data-start=\"713\" data-end=\"1125\">Le Syst\u00e8me de Nettoyage Multi-Sol Kirby est un syst\u00e8me d\u2019extension sp\u00e9cialement con\u00e7u pour les aspirateurs Kirby. Ainsi, le syst\u00e8me combine, d\u2019une part, un puissant syst\u00e8me de shampoing pour les rev\u00eatements de sol textiles et, d\u2019autre part, une fonction efficace de lavage et de r\u00e9curage pour les sols durs. Il en r\u00e9sulte une solution de nettoyage des sols tout-en-un, adapt\u00e9e \u00e0 diff\u00e9rents types de surfaces.<\/p>\n<p data-start=\"1127\" data-end=\"1257\">Ce syst\u00e8me de nettoyage des sols est compatible avec les mod\u00e8les Kirby suivants, garantissant ainsi une parfaite compatibilit\u00e9 :<\/p>\n<ul data-start=\"1258\" data-end=\"1374\">\n<li data-start=\"1258\" data-end=\"1283\">Kirby Avalir Platinum<\/li>\n<li data-start=\"1284\" data-end=\"1302\">Kirby Avalir 2<\/li>\n<li data-start=\"1303\" data-end=\"1321\">Kirby Avalir 1<\/li>\n<li data-start=\"1322\" data-end=\"1348\">Kirby Sentria 2 (G10D)<\/li>\n<li data-start=\"1349\" data-end=\"1374\">Kirby Sentria 1 (G10)<\/li>\n<\/ul>\n<p data-start=\"1376\" data-end=\"1443\"><a href=\"https:\/\/www.veltec.eu\/fr\/kirby-systeme-de-shampooinage\/\" target=\"_blank\" rel=\"noopener\">Vous trouverez ici tous les produits du syst\u00e8me de shampoing Kirby.<\/a><\/p>\n<h2 data-start=\"1445\" data-end=\"1506\">Pourquoi choisir le Syst\u00e8me de Nettoyage Multi-Sol Kirby ?<\/h2>\n<h3 data-start=\"1508\" data-end=\"1561\">Avantages du Syst\u00e8me de Nettoyage<\/h3>\n<p data-start=\"1563\" data-end=\"1909\">Le Syst\u00e8me de Nettoyage a \u00e9t\u00e9 d\u00e9velopp\u00e9 en mettant l\u2019accent sur la facilit\u00e9 d\u2019utilisation et la puissance de nettoyage. De ce fait, le syst\u00e8me offre, en plus de sa polyvalence, un haut niveau d\u2019efficacit\u00e9. De plus, gr\u00e2ce \u00e0 son fonctionnement multifonctionnel, il n\u2019est plus n\u00e9cessaire d\u2019utiliser plusieurs appareils distincts.<\/p>\n<p data-start=\"1911\" data-end=\"1954\">Les principaux avantages sont notamment :<\/p>\n<ul data-start=\"1955\" data-end=\"2360\">\n<li data-start=\"1955\" data-end=\"2029\">Polyvalence, car il convient aussi bien aux moquettes qu\u2019aux sols durs<\/li>\n<li data-start=\"2030\" data-end=\"2122\">Nettoyage puissant, gr\u00e2ce au syst\u00e8me de shampoing qui agit en profondeur dans les fibres<\/li>\n<li data-start=\"2123\" data-end=\"2200\">Facilit\u00e9 d\u2019utilisation, puisque les commandes sont logiques et intuitives<\/li>\n<li data-start=\"2201\" data-end=\"2284\">Durabilit\u00e9, car des mat\u00e9riaux de haute qualit\u00e9 assurent une longue dur\u00e9e de vie<\/li>\n<li data-start=\"2285\" data-end=\"2360\">Efficacit\u00e9, afin d\u2019\u00e9conomiser du temps et des efforts lors du nettoyage<\/li>\n<\/ul>\n<h2 data-start=\"2362\" data-end=\"2416\">Nettoyer les moquettes avec le syst\u00e8me de shampoing<\/h2>\n<p data-start=\"2418\" data-end=\"2766\">Les taches et les salet\u00e9s s\u2019accumulent rapidement dans les moquettes, ce qui leur donne un aspect terne et us\u00e9. Le Syst\u00e8me de Nettoyage Multi-Sol Kirby est \u00e9quip\u00e9 d\u2019un syst\u00e8me de shampoing avanc\u00e9 qui permet de shampouiner facilement les moquettes. Ainsi, les salet\u00e9s incrust\u00e9es, la poussi\u00e8re et les allerg\u00e8nes sont \u00e9limin\u00e9s de mani\u00e8re efficace.<\/p>\n<h3 data-start=\"2768\" data-end=\"2802\">Comment cela fonctionne-t-il ?<\/h3>\n<ul data-start=\"2804\" data-end=\"3050\">\n<li data-start=\"2804\" data-end=\"2890\">Remplissez le syst\u00e8me de shampoing avec le <a href=\"https:\/\/www.veltec.eu\/fr\/product\/shampoing-pour-moquette-kirby-946-ml-nl3122\/\" target=\"_blank\" rel=\"noopener\">shampoing sp\u00e9cial Kirby pour moquettes<\/a>.<\/li>\n<li data-start=\"2891\" data-end=\"2973\">D\u00e9placez lentement l\u2019appareil sur la moquette pour un nettoyage en profondeur.<\/li>\n<li data-start=\"2974\" data-end=\"3050\">Laissez s\u00e9cher la surface et profitez d\u2019une apparence fra\u00eeche et propre.<\/li>\n<\/ul>\n<p data-start=\"3052\" data-end=\"3169\">Gr\u00e2ce \u00e0 cette m\u00e9thode, les moquettes conservent plus longtemps leur beaut\u00e9 et restent agr\u00e9ablement douces au toucher.<\/p>\n<h2 data-start=\"3171\" data-end=\"3217\">Nettoyer et laver les sols durs sans effort<\/h2>\n<p data-start=\"3219\" data-end=\"3622\">Outre les moquettes, le Syst\u00e8me de Nettoyage Multi-Sol Kirby est \u00e9galement id\u00e9al pour les sols durs tels que le stratifi\u00e9, le carrelage, le parquet et le vinyle. Gr\u00e2ce \u00e0 la fonction de lavage int\u00e9gr\u00e9e, l\u2019appareil \u00e9limine la salet\u00e9, la poussi\u00e8re et les taches sans laisser de traces. Cela en fait un choix id\u00e9al pour les foyers avec des animaux domestiques, des enfants ou des zones tr\u00e8s fr\u00e9quent\u00e9es.<\/p>\n<h3 data-start=\"3624\" data-end=\"3668\">Comment utiliser la fonction de lavage ?<\/h3>\n<ul data-start=\"3670\" data-end=\"3910\">\n<li data-start=\"3670\" data-end=\"3756\">Remplissez le r\u00e9servoir avec de l\u2019eau propre et un <a href=\"https:\/\/www.veltec.eu\/fr\/product\/kirby-nettoyeur-de-sols-durs-946-ml\/\" target=\"_blank\" rel=\"noopener\">nettoyant Kirby pour sols durs<\/a>.<\/li>\n<li data-start=\"3757\" data-end=\"3819\">Allumez le syst\u00e8me et d\u00e9placez-le uniform\u00e9ment sur le sol.<\/li>\n<li data-start=\"3820\" data-end=\"3910\">Profitez d\u2019un sol \u00e9clatant de propret\u00e9 et parfaitement hygi\u00e9nique en quelques minutes.<\/li>\n<\/ul>\n<h2 data-start=\"3912\" data-end=\"3962\">Nettoyage efficace avec un seul syst\u00e8me complet<\/h2>\n<p data-start=\"3964\" data-end=\"4269\">Le Syst\u00e8me de Nettoyage Multi-Sol Kirby permet de gagner du temps, car plusieurs t\u00e2ches de nettoyage sont regroup\u00e9es dans un seul syst\u00e8me. De plus, son design ergonomique assure un confort optimal, m\u00eame lors d\u2019une utilisation prolong\u00e9e. Ainsi, le nettoyage devient moins contraignant et plus r\u00e9gulier.<\/p>\n<p data-start=\"4271\" data-end=\"4423\">Vous souhaitez en savoir plus sur l\u2019entretien ad\u00e9quat des accessoires Kirby ? Consultez l\u2019article de blog : <a href=\"https:\/\/www.service-aspirateur-kirby.fr\/utilisation-du-systeme-de-nettoyage-multi-sols-kirby\/\" target=\"_blank\" rel=\"noopener\"><em data-start=\"4379\" data-end=\"4422\">Le guide ultime pour des sols impeccables<\/em>.<\/a><\/p>\n<h2 data-start=\"4425\" data-end=\"4505\">Le Syst\u00e8me de Nettoyage Multi-Sol Kirby comme solution compl\u00e8te pour les sols<\/h2>\n<p data-start=\"4507\" data-end=\"4890\" data-is-last-node=\"\" data-is-only-node=\"\">Le Syst\u00e8me de Nettoyage est un choix r\u00e9fl\u00e9chi pour tous ceux qui prennent l\u2019entretien des sols au s\u00e9rieux. Gr\u00e2ce \u00e0 la combinaison du shampoing et du lavage, ce syst\u00e8me offre une solution compl\u00e8te et fiable pour diff\u00e9rents types de sols. Vous b\u00e9n\u00e9ficiez ainsi d\u2019une m\u00e9thode de nettoyage efficace, approfondie et durable, parfaitement adapt\u00e9e aux aspirateurs Kirby.<\/p>\n","protected":false},"excerpt":{"rendered":"<p>Le Syst\u00e8me de Nettoyage Multi-Sol Kirby permet de nettoyer efficacement les moquettes et les sols durs avec un seul syst\u00e8me polyvalent. Id\u00e9al pour un entretien complet, hygi\u00e9nique et performant des sols.<\/p>\n[trustindex data-widget-id=e3bb80b24fa128098b960fc2439]\n<h3><span style=\"color: #008000;\"><br \/>\nEn stock<\/span><\/h3>\n[av_font_icon icon='ue812' font='entypo-fontello' style='' caption='' size='25px' position='left' color='#43ad66' link='' linktarget='' title_attr='' sonar_effect_effect='' sonar_effect_color='' sonar_effect_duration='1' sonar_effect_scale='' sonar_effect_opac='0.5' animation='' id='' custom_class='' template_class='' av_uid='' sc_version='1.0' admin_preview_bg=''][\/av_font_icon]\n<p><span style=\"color: #008000;\">Command\u00e9 23:59, exp\u00e9di\u00e9 demain<\/span><\/p>\n<p>&nbsp;<\/p>\n","protected":false},"featured_media":17113,"comment_status":"open","ping_status":"closed","template":"","meta":[],"product_brand":[],"product_cat":[310],"product_tag":[],"class_list":{"0":"post-17119","1":"product","2":"type-product","3":"status-publish","4":"has-post-thumbnail","6":"product_cat-kirby-systeme-de-shampooinage","7":"product_shipping_class-klein-de-fr","9":"first","10":"instock","11":"taxable","12":"shipping-taxable","13":"purchasable","14":"product-type-simple"},"yoast_head":"<!-- This site is optimized with the Yoast SEO Premium plugin v27.1 (Yoast SEO v27.4) - https:\/\/yoast.com\/product\/yoast-seo-premium-wordpress\/ -->\n<title>Syst\u00e8me de Nettoyage Multi-Sol Kirby pour sols et moquettes<\/title>\n<meta name=\"description\" content=\"Syst\u00e8me de Nettoyage Multi-Sol Kirby pour moquettes et sols durs. Nettoyage en profondeur, polyvalent et compatible avec plusieurs mod\u00e8les Kirby.\" \/>\n<meta name=\"robots\" content=\"index, follow, max-snippet:-1, max-image-preview:large, max-video-preview:-1\" \/>\n<link rel=\"canonical\" href=\"https:\/\/www.veltec.eu\/nl\/product\/kirby-multi-vloerreinigingssysteem-nl300\/\" \/>\n<meta property=\"og:locale\" content=\"fr_FR\" \/>\n<meta property=\"og:type\" content=\"article\" \/>\n<meta property=\"og:title\" content=\"Syst\u00e8me de Nettoyage Multi-Sol Kirby\" \/>\n<meta property=\"og:description\" content=\"Le Syst\u00e8me de Nettoyage Multi-Sol Kirby permet de nettoyer efficacement les moquettes et les sols durs avec un seul syst\u00e8me polyvalent. Id\u00e9al pour un entretien complet, hygi\u00e9nique et performant des sols.    En stock   Command\u00e9 23:59, exp\u00e9di\u00e9 demain  &nbsp;\" \/>\n<meta property=\"og:url\" content=\"https:\/\/www.veltec.eu\/nl\/product\/kirby-multi-vloerreinigingssysteem-nl300\/\" \/>\n<meta property=\"og:site_name\" content=\"Veltec Kirby specialist\" \/>\n<meta property=\"article:publisher\" content=\"https:\/\/www.facebook.com\/Veltec-Kirby-Specialist-236746293374877\/\" \/>\n<meta property=\"article:modified_time\" content=\"2025-12-30T10:33:25+00:00\" \/>\n<meta property=\"og:image\" content=\"https:\/\/www.veltec.eu\/wp-content\/uploads\/2019\/02\/kirby_2-1.jpg\" \/>\n\t<meta property=\"og:image:width\" content=\"500\" \/>\n\t<meta property=\"og:image:height\" content=\"500\" \/>\n\t<meta property=\"og:image:type\" content=\"image\/jpeg\" \/>\n<meta name=\"twitter:card\" content=\"summary_large_image\" \/>\n<meta name=\"twitter:label1\" content=\"Dur\u00e9e de lecture estim\u00e9e\" \/>\n\t<meta name=\"twitter:data1\" content=\"4 minutes\" \/>\n<script type=\"application\/ld+json\" class=\"yoast-schema-graph\">{\"@context\":\"https:\\\/\\\/schema.org\",\"@graph\":[{\"@type\":\"WebPage\",\"@id\":\"https:\\\/\\\/www.veltec.eu\\\/nl\\\/product\\\/kirby-multi-vloerreinigingssysteem-nl300\\\/\",\"url\":\"https:\\\/\\\/www.veltec.eu\\\/nl\\\/product\\\/kirby-multi-vloerreinigingssysteem-nl300\\\/\",\"name\":\"Syst\u00e8me de Nettoyage Multi-Sol Kirby pour sols et moquettes\",\"isPartOf\":{\"@id\":\"https:\\\/\\\/www.veltec.eu\\\/en\\\/#website\"},\"primaryImageOfPage\":{\"@id\":\"https:\\\/\\\/www.veltec.eu\\\/nl\\\/product\\\/kirby-multi-vloerreinigingssysteem-nl300\\\/#primaryimage\"},\"image\":{\"@id\":\"https:\\\/\\\/www.veltec.eu\\\/nl\\\/product\\\/kirby-multi-vloerreinigingssysteem-nl300\\\/#primaryimage\"},\"thumbnailUrl\":\"https:\\\/\\\/www.veltec.eu\\\/wp-content\\\/uploads\\\/2019\\\/02\\\/kirby_2-1.jpg\",\"datePublished\":\"2019-02-18T09:32:23+00:00\",\"dateModified\":\"2025-12-30T10:33:25+00:00\",\"description\":\"Syst\u00e8me de Nettoyage Multi-Sol Kirby pour moquettes et sols durs. Nettoyage en profondeur, polyvalent et compatible avec plusieurs mod\u00e8les Kirby.\",\"breadcrumb\":{\"@id\":\"https:\\\/\\\/www.veltec.eu\\\/nl\\\/product\\\/kirby-multi-vloerreinigingssysteem-nl300\\\/#breadcrumb\"},\"inLanguage\":\"fr-FR\",\"potentialAction\":[{\"@type\":\"ReadAction\",\"target\":[\"https:\\\/\\\/www.veltec.eu\\\/nl\\\/product\\\/kirby-multi-vloerreinigingssysteem-nl300\\\/\"]}]},{\"@type\":\"ImageObject\",\"inLanguage\":\"fr-FR\",\"@id\":\"https:\\\/\\\/www.veltec.eu\\\/nl\\\/product\\\/kirby-multi-vloerreinigingssysteem-nl300\\\/#primaryimage\",\"url\":\"https:\\\/\\\/www.veltec.eu\\\/wp-content\\\/uploads\\\/2019\\\/02\\\/kirby_2-1.jpg\",\"contentUrl\":\"https:\\\/\\\/www.veltec.eu\\\/wp-content\\\/uploads\\\/2019\\\/02\\\/kirby_2-1.jpg\",\"width\":500,\"height\":500,\"caption\":\"Kirby multi syst\u00e8me de nettoyage de sol\"},{\"@type\":\"BreadcrumbList\",\"@id\":\"https:\\\/\\\/www.veltec.eu\\\/nl\\\/product\\\/kirby-multi-vloerreinigingssysteem-nl300\\\/#breadcrumb\",\"itemListElement\":[{\"@type\":\"ListItem\",\"position\":1,\"name\":\"Home\",\"item\":\"https:\\\/\\\/www.veltec.eu\\\/fr\\\/\"},{\"@type\":\"ListItem\",\"position\":2,\"name\":\"Produits\",\"item\":\"https:\\\/\\\/www.veltec.eu\\\/fr\\\/shop\\\/\"},{\"@type\":\"ListItem\",\"position\":3,\"name\":\"Syst\u00e8me de Nettoyage Multi-Sol Kirby\"}]},{\"@type\":\"WebSite\",\"@id\":\"https:\\\/\\\/www.veltec.eu\\\/en\\\/#website\",\"url\":\"https:\\\/\\\/www.veltec.eu\\\/en\\\/\",\"name\":\"Veltec Kirby specialist\",\"description\":\"Kirby stofzuiger producten\",\"publisher\":{\"@id\":\"https:\\\/\\\/www.veltec.eu\\\/en\\\/#organization\"},\"potentialAction\":[{\"@type\":\"SearchAction\",\"target\":{\"@type\":\"EntryPoint\",\"urlTemplate\":\"https:\\\/\\\/www.veltec.eu\\\/en\\\/?s={search_term_string}\"},\"query-input\":{\"@type\":\"PropertyValueSpecification\",\"valueRequired\":true,\"valueName\":\"search_term_string\"}}],\"inLanguage\":\"fr-FR\"},{\"@type\":\"Organization\",\"@id\":\"https:\\\/\\\/www.veltec.eu\\\/en\\\/#organization\",\"name\":\"Veltec Kirby Specialist\",\"url\":\"https:\\\/\\\/www.veltec.eu\\\/en\\\/\",\"logo\":{\"@type\":\"ImageObject\",\"inLanguage\":\"fr-FR\",\"@id\":\"https:\\\/\\\/www.veltec.eu\\\/en\\\/#\\\/schema\\\/logo\\\/image\\\/\",\"url\":\"https:\\\/\\\/www.veltec.eu\\\/wp-content\\\/uploads\\\/2021\\\/12\\\/Veltec-log-groot-e1537260889125.png\",\"contentUrl\":\"https:\\\/\\\/www.veltec.eu\\\/wp-content\\\/uploads\\\/2021\\\/12\\\/Veltec-log-groot-e1537260889125.png\",\"width\":200,\"height\":60,\"caption\":\"Veltec Kirby Specialist\"},\"image\":{\"@id\":\"https:\\\/\\\/www.veltec.eu\\\/en\\\/#\\\/schema\\\/logo\\\/image\\\/\"},\"sameAs\":[\"https:\\\/\\\/www.facebook.com\\\/Veltec-Kirby-Specialist-236746293374877\\\/\",\"https:\\\/\\\/www.youtube.com\\\/user\\\/VeltecService\"]}]}<\/script>\n<!-- \/ Yoast SEO Premium plugin. -->","yoast_head_json":{"title":"Syst\u00e8me de Nettoyage Multi-Sol Kirby pour sols et moquettes","description":"Syst\u00e8me de Nettoyage Multi-Sol Kirby pour moquettes et sols durs. Nettoyage en profondeur, polyvalent et compatible avec plusieurs mod\u00e8les Kirby.","robots":{"index":"index","follow":"follow","max-snippet":"max-snippet:-1","max-image-preview":"max-image-preview:large","max-video-preview":"max-video-preview:-1"},"canonical":"https:\/\/www.veltec.eu\/nl\/product\/kirby-multi-vloerreinigingssysteem-nl300\/","og_locale":"fr_FR","og_type":"article","og_title":"Syst\u00e8me de Nettoyage Multi-Sol Kirby","og_description":"Le Syst\u00e8me de Nettoyage Multi-Sol Kirby permet de nettoyer efficacement les moquettes et les sols durs avec un seul syst\u00e8me polyvalent. Id\u00e9al pour un entretien complet, hygi\u00e9nique et performant des sols.    En stock   Command\u00e9 23:59, exp\u00e9di\u00e9 demain  &nbsp;","og_url":"https:\/\/www.veltec.eu\/nl\/product\/kirby-multi-vloerreinigingssysteem-nl300\/","og_site_name":"Veltec Kirby specialist","article_publisher":"https:\/\/www.facebook.com\/Veltec-Kirby-Specialist-236746293374877\/","article_modified_time":"2025-12-30T10:33:25+00:00","og_image":[{"width":500,"height":500,"url":"https:\/\/www.veltec.eu\/wp-content\/uploads\/2019\/02\/kirby_2-1.jpg","type":"image\/jpeg"}],"twitter_card":"summary_large_image","twitter_misc":{"Dur\u00e9e de lecture estim\u00e9e":"4 minutes"},"schema":{"@context":"https:\/\/schema.org","@graph":[{"@type":"WebPage","@id":"https:\/\/www.veltec.eu\/nl\/product\/kirby-multi-vloerreinigingssysteem-nl300\/","url":"https:\/\/www.veltec.eu\/nl\/product\/kirby-multi-vloerreinigingssysteem-nl300\/","name":"Syst\u00e8me de Nettoyage Multi-Sol Kirby pour sols et moquettes","isPartOf":{"@id":"https:\/\/www.veltec.eu\/en\/#website"},"primaryImageOfPage":{"@id":"https:\/\/www.veltec.eu\/nl\/product\/kirby-multi-vloerreinigingssysteem-nl300\/#primaryimage"},"image":{"@id":"https:\/\/www.veltec.eu\/nl\/product\/kirby-multi-vloerreinigingssysteem-nl300\/#primaryimage"},"thumbnailUrl":"https:\/\/www.veltec.eu\/wp-content\/uploads\/2019\/02\/kirby_2-1.jpg","datePublished":"2019-02-18T09:32:23+00:00","dateModified":"2025-12-30T10:33:25+00:00","description":"Syst\u00e8me de Nettoyage Multi-Sol Kirby pour moquettes et sols durs. Nettoyage en profondeur, polyvalent et compatible avec plusieurs mod\u00e8les Kirby.","breadcrumb":{"@id":"https:\/\/www.veltec.eu\/nl\/product\/kirby-multi-vloerreinigingssysteem-nl300\/#breadcrumb"},"inLanguage":"fr-FR","potentialAction":[{"@type":"ReadAction","target":["https:\/\/www.veltec.eu\/nl\/product\/kirby-multi-vloerreinigingssysteem-nl300\/"]}]},{"@type":"ImageObject","inLanguage":"fr-FR","@id":"https:\/\/www.veltec.eu\/nl\/product\/kirby-multi-vloerreinigingssysteem-nl300\/#primaryimage","url":"https:\/\/www.veltec.eu\/wp-content\/uploads\/2019\/02\/kirby_2-1.jpg","contentUrl":"https:\/\/www.veltec.eu\/wp-content\/uploads\/2019\/02\/kirby_2-1.jpg","width":500,"height":500,"caption":"Kirby multi syst\u00e8me de nettoyage de sol"},{"@type":"BreadcrumbList","@id":"https:\/\/www.veltec.eu\/nl\/product\/kirby-multi-vloerreinigingssysteem-nl300\/#breadcrumb","itemListElement":[{"@type":"ListItem","position":1,"name":"Home","item":"https:\/\/www.veltec.eu\/fr\/"},{"@type":"ListItem","position":2,"name":"Produits","item":"https:\/\/www.veltec.eu\/fr\/shop\/"},{"@type":"ListItem","position":3,"name":"Syst\u00e8me de Nettoyage Multi-Sol Kirby"}]},{"@type":"WebSite","@id":"https:\/\/www.veltec.eu\/en\/#website","url":"https:\/\/www.veltec.eu\/en\/","name":"Veltec Kirby specialist","description":"Kirby stofzuiger producten","publisher":{"@id":"https:\/\/www.veltec.eu\/en\/#organization"},"potentialAction":[{"@type":"SearchAction","target":{"@type":"EntryPoint","urlTemplate":"https:\/\/www.veltec.eu\/en\/?s={search_term_string}"},"query-input":{"@type":"PropertyValueSpecification","valueRequired":true,"valueName":"search_term_string"}}],"inLanguage":"fr-FR"},{"@type":"Organization","@id":"https:\/\/www.veltec.eu\/en\/#organization","name":"Veltec Kirby Specialist","url":"https:\/\/www.veltec.eu\/en\/","logo":{"@type":"ImageObject","inLanguage":"fr-FR","@id":"https:\/\/www.veltec.eu\/en\/#\/schema\/logo\/image\/","url":"https:\/\/www.veltec.eu\/wp-content\/uploads\/2021\/12\/Veltec-log-groot-e1537260889125.png","contentUrl":"https:\/\/www.veltec.eu\/wp-content\/uploads\/2021\/12\/Veltec-log-groot-e1537260889125.png","width":200,"height":60,"caption":"Veltec Kirby Specialist"},"image":{"@id":"https:\/\/www.veltec.eu\/en\/#\/schema\/logo\/image\/"},"sameAs":["https:\/\/www.facebook.com\/Veltec-Kirby-Specialist-236746293374877\/","https:\/\/www.youtube.com\/user\/VeltecService"]}]}},"_links":{"self":[{"href":"https:\/\/www.veltec.eu\/fr\/wp-json\/wp\/v2\/product\/17119","targetHints":{"allow":["GET"]}}],"collection":[{"href":"https:\/\/www.veltec.eu\/fr\/wp-json\/wp\/v2\/product"}],"about":[{"href":"https:\/\/www.veltec.eu\/fr\/wp-json\/wp\/v2\/types\/product"}],"replies":[{"embeddable":true,"href":"https:\/\/www.veltec.eu\/fr\/wp-json\/wp\/v2\/comments?post=17119"}],"wp:featuredmedia":[{"embeddable":true,"href":"https:\/\/www.veltec.eu\/fr\/wp-json\/wp\/v2\/media\/17113"}],"wp:attachment":[{"href":"https:\/\/www.veltec.eu\/fr\/wp-json\/wp\/v2\/media?parent=17119"}],"wp:term":[{"taxonomy":"product_brand","embeddable":true,"href":"https:\/\/www.veltec.eu\/fr\/wp-json\/wp\/v2\/product_brand?post=17119"},{"taxonomy":"product_cat","embeddable":true,"href":"https:\/\/www.veltec.eu\/fr\/wp-json\/wp\/v2\/product_cat?post=17119"},{"taxonomy":"product_tag","embeddable":true,"href":"https:\/\/www.veltec.eu\/fr\/wp-json\/wp\/v2\/product_tag?post=17119"}],"curies":[{"name":"wp","href":"https:\/\/api.w.org\/{rel}","templated":true}]}}