{"id":14474,"date":"2018-12-05T09:54:26","date_gmt":"2018-12-05T07:54:26","guid":{"rendered":"https:\/\/www.veltec.eu\/product\/kirby-moteur-completement-remis-a-neuf-nl20333\/"},"modified":"2026-01-02T11:45:29","modified_gmt":"2026-01-02T09:45:29","slug":"kirby-moteur-completement-remis-a-neuf-nl20333","status":"publish","type":"product","link":"https:\/\/www.veltec.eu\/fr\/product\/kirby-moteur-completement-remis-a-neuf-nl20333\/","title":{"rendered":"Kirby moteur compl\u00e8tement remis \u00e0 neuf"},"content":{"rendered":"<h4>Kirby moteur compl\u00e8tement remis \u00e0 neuf<\/h4>\n<p>Ce Kirby moteur compl\u00e8tement remis \u00e0 neuf a subi un service complet avec le nouveau<br \/>\nKirby (palette) des pales du rotor<br \/>\nAvant Kirby et palier arri\u00e8re<br \/>\nKirby carbone Brosses 2x<\/p>\n<p><strong>Ce produit est adapt\u00e9 pour les types:<\/strong><\/p>\n<ul>\n<li>Avalir Platinum<\/li>\n<li>Avalir 2<\/li>\n<li>Avalir 1<\/li>\n<li>Sentria 2 (G10D)<\/li>\n<li>Sentria 1 (G10)<\/li>\n<li>Ultimate G Diamond Ed.(G7D or DE)<\/li>\n<li>Ultimate G (G7 or UG)<\/li>\n<li>Generation 6 (G6)<\/li>\n<li>Generation 5 (G5)<\/li>\n<li>Generation 4 (G4)<\/li>\n<li>Generation 3 (G3)<\/li>\n<\/ul>\n<h3>D\u00e9couvrez les avantages de notre Kirby moteur compl\u00e8tement remis \u00e0 neuf<\/h3>\n<p>En tant que revendeur exp\u00e9riment\u00e9 et expert en entretien des produits Kirby, je suis ici aujourd&#8217;hui pour vous offrir une occasion unique de porter votre exp\u00e9rience de nettoyage \u00e0 un tout autre niveau gr\u00e2ce \u00e0 notre moteur Kirby enti\u00e8rement reconditionn\u00e9.<\/p>\n<p>Vous trouverez ici toutes les <a href=\"https:\/\/www.veltec.eu\/fr\/?page_id=59333\">Kirby Pieces detachees de moteur<\/a><br \/>\n<a href=\"https:\/\/www.veltec.eu\/fr\/product\/moteur-kirby-nl3076\/\">Si vous pr\u00e9f\u00e9rez un nouveau moteur Kirby, vous pouvez le trouver ici.<\/a><\/p>\n<h3>La force de la qualit\u00e9 Kirby moteur compl\u00e8tement remis \u00e0 neuf<\/h3>\n<p>Nos moteurs Kirby remis \u00e0 neuf sont soumis \u00e0 une r\u00e9vision compl\u00e8te par des techniciens experts, qui veillent \u00e0 ce que chaque composant soit soigneusement inspect\u00e9, nettoy\u00e9 et, si n\u00e9cessaire, remplac\u00e9. Cela garantit non seulement des performances optimales, mais aussi la fiabilit\u00e9 et la durabilit\u00e9.<\/p>\n<h3>Fiabilit\u00e9 garantie<\/h3>\n<p>Avec des d\u00e9cennies d&#8217;exp\u00e9rience dans l&#8217;entretien des produits Kirby, nous comprenons mieux que quiconque l&#8217;importance de la fiabilit\u00e9. Nos moteurs remis \u00e0 neuf sont test\u00e9s et v\u00e9rifi\u00e9s de mani\u00e8re approfondie afin de garantir leur fiabilit\u00e9 et leurs performances \u00e0 long terme, pour que vous n&#8217;ayez jamais \u00e0 vous inqui\u00e9ter pendant que vous nettoyez.<\/p>\n<h3>Un nettoyage puissant \u00e0 son meilleur<\/h3>\n<p>Le moteur Kirby est connu pour sa puissance d&#8217;aspiration et de nettoyage impressionnante. Avec notre moteur r\u00e9usin\u00e9, vous pouvez compter sur les m\u00eames performances qu&#8217;avec un moteur neuf, pour un nettoyage en profondeur de vos sols et tapis \u00e0 chaque utilisation. Dites adieu \u00e0 la salet\u00e9 et \u00e0 la poussi\u00e8re car notre moteur ne laisse rien derri\u00e8re lui !<\/p>\n<h3>\u00c9conomiser de l&#8217;argent et aider l&#8217;environnement<\/h3>\n<p>En choisissant un moteur remis \u00e0 neuf, vous ne faites pas qu&#8217;\u00e9conomiser de l&#8217;argent, vous contribuez \u00e9galement \u00e0 un avenir plus durable. En utilisant des \u00e9quipements remanufactur\u00e9s, vous r\u00e9duisez la demande de nouvelle production et vous contribuez \u00e0 la r\u00e9duction des d\u00e9chets et \u00e0 la pr\u00e9servation des ressources naturelles.<\/p>\n<h3>Garantie et assistance Kirby moteur compl\u00e8tement remis \u00e0 neuf<\/h3>\n<p>Nos moteurs Kirby reconditionn\u00e9s sont assortis d&#8217;une garantie, ce qui vous permet de profiter de votre achat en toute tranquillit\u00e9. De plus, nous offrons \u00e9galement une assistance et des conseils pour l&#8217;entretien de votre Kirby, afin que vous puissiez vous assurer qu&#8217;il reste en parfait \u00e9tat. Contactez-nous d\u00e8s aujourd&#8217;hui pour commander votre moteur et profiter des avantages qu&#8217;il offre. Avec notre moteur Kirby reconditionn\u00e9, vous vous assurez des ann\u00e9es de plaisir de nettoyage !<\/p>\n","protected":false},"excerpt":{"rendered":"<p>Kirby moteur compl\u00e8tement remis \u00e0 neuf.<\/p>\n[trustindex data-widget-id=e3bb80b24fa128098b960fc2439]\n<h3><span style=\"color: #008000;\"><br \/>\nEn stock<\/span><\/h3>\n[av_font_icon icon='ue812' font='entypo-fontello' style='' caption='' size='25px' position='left' color='#43ad66' link='' linktarget='' title_attr='' sonar_effect_effect='' sonar_effect_color='' sonar_effect_duration='1' sonar_effect_scale='' sonar_effect_opac='0.5' animation='' id='' custom_class='' template_class='' av_uid='' sc_version='1.0' admin_preview_bg=''][\/av_font_icon]\n<p><span style=\"color: #008000;\">Command\u00e9 23:59, exp\u00e9di\u00e9 demain<\/span><\/p>\n<p>&nbsp;<\/p>\n","protected":false},"featured_media":86103,"comment_status":"open","ping_status":"closed","template":"","meta":{"_acf_changed":false},"product_brand":[],"product_cat":[359],"product_tag":[],"class_list":{"0":"post-14474","1":"product","2":"type-product","3":"status-publish","4":"has-post-thumbnail","6":"product_cat-kirby-pieces-detachees-de-moteur","7":"product_shipping_class-klein-de-fr","9":"first","10":"instock","11":"sale","12":"taxable","13":"shipping-taxable","14":"purchasable","15":"product-type-simple"},"acf":[],"yoast_head":"<!-- This site is optimized with the Yoast SEO Premium plugin v27.1 (Yoast SEO v27.4) - https:\/\/yoast.com\/product\/yoast-seo-premium-wordpress\/ -->\n<title>Kirby moteur compl\u00e8tement remis \u00e0 neuf - Veltec Kirby specialist<\/title>\n<meta name=\"description\" content=\"Kirby moteur compl\u00e8tement remis \u00e0 neuf Veltec est le fournisseur des aspirateurs Kirby depuis plus de 20 ans. Et est votre sp\u00e9cialiste\" \/>\n<meta name=\"robots\" content=\"index, follow, max-snippet:-1, max-image-preview:large, max-video-preview:-1\" \/>\n<link rel=\"canonical\" href=\"https:\/\/www.veltec.eu\/fr\/product\/kirby-moteur-completement-remis-a-neuf-nl20333\/\" \/>\n<meta property=\"og:locale\" content=\"fr_FR\" \/>\n<meta property=\"og:type\" content=\"article\" \/>\n<meta property=\"og:title\" content=\"Kirby moteur compl\u00e8tement remis \u00e0 neuf\" \/>\n<meta property=\"og:description\" content=\"Kirby moteur compl\u00e8tement remis \u00e0 neuf.    En stock   Command\u00e9 23:59, exp\u00e9di\u00e9 demain  &nbsp;\" \/>\n<meta property=\"og:url\" content=\"https:\/\/www.veltec.eu\/fr\/product\/kirby-moteur-completement-remis-a-neuf-nl20333\/\" \/>\n<meta property=\"og:site_name\" content=\"Veltec Kirby specialist\" \/>\n<meta property=\"article:publisher\" content=\"https:\/\/www.facebook.com\/Veltec-Kirby-Specialist-236746293374877\/\" \/>\n<meta property=\"article:modified_time\" content=\"2026-01-02T09:45:29+00:00\" \/>\n<meta property=\"og:image\" content=\"https:\/\/www.veltec.eu\/wp-content\/uploads\/2018\/12\/Kirby-motor.png\" \/>\n\t<meta property=\"og:image:width\" content=\"300\" \/>\n\t<meta property=\"og:image:height\" content=\"300\" \/>\n\t<meta property=\"og:image:type\" content=\"image\/png\" \/>\n<meta name=\"twitter:card\" content=\"summary_large_image\" \/>\n<script type=\"application\/ld+json\" class=\"yoast-schema-graph\">{\"@context\":\"https:\\\/\\\/schema.org\",\"@graph\":[{\"@type\":\"WebPage\",\"@id\":\"https:\\\/\\\/www.veltec.eu\\\/fr\\\/product\\\/kirby-moteur-completement-remis-a-neuf-nl20333\\\/\",\"url\":\"https:\\\/\\\/www.veltec.eu\\\/fr\\\/product\\\/kirby-moteur-completement-remis-a-neuf-nl20333\\\/\",\"name\":\"Kirby moteur compl\u00e8tement remis \u00e0 neuf - Veltec Kirby specialist\",\"isPartOf\":{\"@id\":\"https:\\\/\\\/www.veltec.eu\\\/en\\\/#website\"},\"primaryImageOfPage\":{\"@id\":\"https:\\\/\\\/www.veltec.eu\\\/fr\\\/product\\\/kirby-moteur-completement-remis-a-neuf-nl20333\\\/#primaryimage\"},\"image\":{\"@id\":\"https:\\\/\\\/www.veltec.eu\\\/fr\\\/product\\\/kirby-moteur-completement-remis-a-neuf-nl20333\\\/#primaryimage\"},\"thumbnailUrl\":\"https:\\\/\\\/www.veltec.eu\\\/wp-content\\\/uploads\\\/2018\\\/12\\\/Kirby-motor.png\",\"datePublished\":\"2018-12-05T07:54:26+00:00\",\"dateModified\":\"2026-01-02T09:45:29+00:00\",\"description\":\"Kirby moteur compl\u00e8tement remis \u00e0 neuf Veltec est le fournisseur des aspirateurs Kirby depuis plus de 20 ans. Et est votre sp\u00e9cialiste\",\"breadcrumb\":{\"@id\":\"https:\\\/\\\/www.veltec.eu\\\/fr\\\/product\\\/kirby-moteur-completement-remis-a-neuf-nl20333\\\/#breadcrumb\"},\"inLanguage\":\"fr-FR\",\"potentialAction\":[{\"@type\":\"ReadAction\",\"target\":[\"https:\\\/\\\/www.veltec.eu\\\/fr\\\/product\\\/kirby-moteur-completement-remis-a-neuf-nl20333\\\/\"]}]},{\"@type\":\"ImageObject\",\"inLanguage\":\"fr-FR\",\"@id\":\"https:\\\/\\\/www.veltec.eu\\\/fr\\\/product\\\/kirby-moteur-completement-remis-a-neuf-nl20333\\\/#primaryimage\",\"url\":\"https:\\\/\\\/www.veltec.eu\\\/wp-content\\\/uploads\\\/2018\\\/12\\\/Kirby-motor.png\",\"contentUrl\":\"https:\\\/\\\/www.veltec.eu\\\/wp-content\\\/uploads\\\/2018\\\/12\\\/Kirby-motor.png\",\"width\":300,\"height\":300},{\"@type\":\"BreadcrumbList\",\"@id\":\"https:\\\/\\\/www.veltec.eu\\\/fr\\\/product\\\/kirby-moteur-completement-remis-a-neuf-nl20333\\\/#breadcrumb\",\"itemListElement\":[{\"@type\":\"ListItem\",\"position\":1,\"name\":\"Home\",\"item\":\"https:\\\/\\\/www.veltec.eu\\\/fr\\\/\"},{\"@type\":\"ListItem\",\"position\":2,\"name\":\"Boutique Kirby\",\"item\":\"https:\\\/\\\/www.veltec.eu\\\/fr\\\/boutique-kirby\\\/\"},{\"@type\":\"ListItem\",\"position\":3,\"name\":\"Kirby moteur compl\u00e8tement remis \u00e0 neuf\"}]},{\"@type\":\"WebSite\",\"@id\":\"https:\\\/\\\/www.veltec.eu\\\/en\\\/#website\",\"url\":\"https:\\\/\\\/www.veltec.eu\\\/en\\\/\",\"name\":\"Veltec Kirby specialist\",\"description\":\"Kirby stofzuiger producten\",\"publisher\":{\"@id\":\"https:\\\/\\\/www.veltec.eu\\\/en\\\/#organization\"},\"potentialAction\":[{\"@type\":\"SearchAction\",\"target\":{\"@type\":\"EntryPoint\",\"urlTemplate\":\"https:\\\/\\\/www.veltec.eu\\\/en\\\/?s={search_term_string}\"},\"query-input\":{\"@type\":\"PropertyValueSpecification\",\"valueRequired\":true,\"valueName\":\"search_term_string\"}}],\"inLanguage\":\"fr-FR\"},{\"@type\":\"Organization\",\"@id\":\"https:\\\/\\\/www.veltec.eu\\\/en\\\/#organization\",\"name\":\"Veltec Kirby Specialist\",\"url\":\"https:\\\/\\\/www.veltec.eu\\\/en\\\/\",\"logo\":{\"@type\":\"ImageObject\",\"inLanguage\":\"fr-FR\",\"@id\":\"https:\\\/\\\/www.veltec.eu\\\/en\\\/#\\\/schema\\\/logo\\\/image\\\/\",\"url\":\"https:\\\/\\\/www.veltec.eu\\\/wp-content\\\/uploads\\\/2021\\\/12\\\/Veltec-log-groot-e1537260889125.png\",\"contentUrl\":\"https:\\\/\\\/www.veltec.eu\\\/wp-content\\\/uploads\\\/2021\\\/12\\\/Veltec-log-groot-e1537260889125.png\",\"width\":200,\"height\":60,\"caption\":\"Veltec Kirby Specialist\"},\"image\":{\"@id\":\"https:\\\/\\\/www.veltec.eu\\\/en\\\/#\\\/schema\\\/logo\\\/image\\\/\"},\"sameAs\":[\"https:\\\/\\\/www.facebook.com\\\/Veltec-Kirby-Specialist-236746293374877\\\/\",\"https:\\\/\\\/www.youtube.com\\\/user\\\/VeltecService\"]}]}<\/script>\n<!-- \/ Yoast SEO Premium plugin. -->","yoast_head_json":{"title":"Kirby moteur compl\u00e8tement remis \u00e0 neuf - Veltec Kirby specialist","description":"Kirby moteur compl\u00e8tement remis \u00e0 neuf Veltec est le fournisseur des aspirateurs Kirby depuis plus de 20 ans. Et est votre sp\u00e9cialiste","robots":{"index":"index","follow":"follow","max-snippet":"max-snippet:-1","max-image-preview":"max-image-preview:large","max-video-preview":"max-video-preview:-1"},"canonical":"https:\/\/www.veltec.eu\/fr\/product\/kirby-moteur-completement-remis-a-neuf-nl20333\/","og_locale":"fr_FR","og_type":"article","og_title":"Kirby moteur compl\u00e8tement remis \u00e0 neuf","og_description":"Kirby moteur compl\u00e8tement remis \u00e0 neuf.    En stock   Command\u00e9 23:59, exp\u00e9di\u00e9 demain  &nbsp;","og_url":"https:\/\/www.veltec.eu\/fr\/product\/kirby-moteur-completement-remis-a-neuf-nl20333\/","og_site_name":"Veltec Kirby specialist","article_publisher":"https:\/\/www.facebook.com\/Veltec-Kirby-Specialist-236746293374877\/","article_modified_time":"2026-01-02T09:45:29+00:00","og_image":[{"width":300,"height":300,"url":"https:\/\/www.veltec.eu\/wp-content\/uploads\/2018\/12\/Kirby-motor.png","type":"image\/png"}],"twitter_card":"summary_large_image","schema":{"@context":"https:\/\/schema.org","@graph":[{"@type":"WebPage","@id":"https:\/\/www.veltec.eu\/fr\/product\/kirby-moteur-completement-remis-a-neuf-nl20333\/","url":"https:\/\/www.veltec.eu\/fr\/product\/kirby-moteur-completement-remis-a-neuf-nl20333\/","name":"Kirby moteur compl\u00e8tement remis \u00e0 neuf - Veltec Kirby specialist","isPartOf":{"@id":"https:\/\/www.veltec.eu\/en\/#website"},"primaryImageOfPage":{"@id":"https:\/\/www.veltec.eu\/fr\/product\/kirby-moteur-completement-remis-a-neuf-nl20333\/#primaryimage"},"image":{"@id":"https:\/\/www.veltec.eu\/fr\/product\/kirby-moteur-completement-remis-a-neuf-nl20333\/#primaryimage"},"thumbnailUrl":"https:\/\/www.veltec.eu\/wp-content\/uploads\/2018\/12\/Kirby-motor.png","datePublished":"2018-12-05T07:54:26+00:00","dateModified":"2026-01-02T09:45:29+00:00","description":"Kirby moteur compl\u00e8tement remis \u00e0 neuf Veltec est le fournisseur des aspirateurs Kirby depuis plus de 20 ans. Et est votre sp\u00e9cialiste","breadcrumb":{"@id":"https:\/\/www.veltec.eu\/fr\/product\/kirby-moteur-completement-remis-a-neuf-nl20333\/#breadcrumb"},"inLanguage":"fr-FR","potentialAction":[{"@type":"ReadAction","target":["https:\/\/www.veltec.eu\/fr\/product\/kirby-moteur-completement-remis-a-neuf-nl20333\/"]}]},{"@type":"ImageObject","inLanguage":"fr-FR","@id":"https:\/\/www.veltec.eu\/fr\/product\/kirby-moteur-completement-remis-a-neuf-nl20333\/#primaryimage","url":"https:\/\/www.veltec.eu\/wp-content\/uploads\/2018\/12\/Kirby-motor.png","contentUrl":"https:\/\/www.veltec.eu\/wp-content\/uploads\/2018\/12\/Kirby-motor.png","width":300,"height":300},{"@type":"BreadcrumbList","@id":"https:\/\/www.veltec.eu\/fr\/product\/kirby-moteur-completement-remis-a-neuf-nl20333\/#breadcrumb","itemListElement":[{"@type":"ListItem","position":1,"name":"Home","item":"https:\/\/www.veltec.eu\/fr\/"},{"@type":"ListItem","position":2,"name":"Boutique Kirby","item":"https:\/\/www.veltec.eu\/fr\/boutique-kirby\/"},{"@type":"ListItem","position":3,"name":"Kirby moteur compl\u00e8tement remis \u00e0 neuf"}]},{"@type":"WebSite","@id":"https:\/\/www.veltec.eu\/en\/#website","url":"https:\/\/www.veltec.eu\/en\/","name":"Veltec Kirby specialist","description":"Kirby stofzuiger producten","publisher":{"@id":"https:\/\/www.veltec.eu\/en\/#organization"},"potentialAction":[{"@type":"SearchAction","target":{"@type":"EntryPoint","urlTemplate":"https:\/\/www.veltec.eu\/en\/?s={search_term_string}"},"query-input":{"@type":"PropertyValueSpecification","valueRequired":true,"valueName":"search_term_string"}}],"inLanguage":"fr-FR"},{"@type":"Organization","@id":"https:\/\/www.veltec.eu\/en\/#organization","name":"Veltec Kirby Specialist","url":"https:\/\/www.veltec.eu\/en\/","logo":{"@type":"ImageObject","inLanguage":"fr-FR","@id":"https:\/\/www.veltec.eu\/en\/#\/schema\/logo\/image\/","url":"https:\/\/www.veltec.eu\/wp-content\/uploads\/2021\/12\/Veltec-log-groot-e1537260889125.png","contentUrl":"https:\/\/www.veltec.eu\/wp-content\/uploads\/2021\/12\/Veltec-log-groot-e1537260889125.png","width":200,"height":60,"caption":"Veltec Kirby Specialist"},"image":{"@id":"https:\/\/www.veltec.eu\/en\/#\/schema\/logo\/image\/"},"sameAs":["https:\/\/www.facebook.com\/Veltec-Kirby-Specialist-236746293374877\/","https:\/\/www.youtube.com\/user\/VeltecService"]}]}},"_links":{"self":[{"href":"https:\/\/www.veltec.eu\/fr\/wp-json\/wp\/v2\/product\/14474","targetHints":{"allow":["GET"]}}],"collection":[{"href":"https:\/\/www.veltec.eu\/fr\/wp-json\/wp\/v2\/product"}],"about":[{"href":"https:\/\/www.veltec.eu\/fr\/wp-json\/wp\/v2\/types\/product"}],"replies":[{"embeddable":true,"href":"https:\/\/www.veltec.eu\/fr\/wp-json\/wp\/v2\/comments?post=14474"}],"wp:featuredmedia":[{"embeddable":true,"href":"https:\/\/www.veltec.eu\/fr\/wp-json\/wp\/v2\/media\/86103"}],"wp:attachment":[{"href":"https:\/\/www.veltec.eu\/fr\/wp-json\/wp\/v2\/media?parent=14474"}],"wp:term":[{"taxonomy":"product_brand","embeddable":true,"href":"https:\/\/www.veltec.eu\/fr\/wp-json\/wp\/v2\/product_brand?post=14474"},{"taxonomy":"product_cat","embeddable":true,"href":"https:\/\/www.veltec.eu\/fr\/wp-json\/wp\/v2\/product_cat?post=14474"},{"taxonomy":"product_tag","embeddable":true,"href":"https:\/\/www.veltec.eu\/fr\/wp-json\/wp\/v2\/product_tag?post=14474"}],"curies":[{"name":"wp","href":"https:\/\/api.w.org\/{rel}","templated":true}]}}