{"id":12249,"date":"2018-09-24T12:35:32","date_gmt":"2018-09-24T10:35:32","guid":{"rendered":"https:\/\/www.veltec.eu\/kirby-webshop\/ensemble-mini-emptor-complet-nl3163\/"},"modified":"2025-01-21T12:24:24","modified_gmt":"2025-01-21T10:24:24","slug":"ensemble-mini-emptor-kirby-complet-nl3163","status":"publish","type":"product","link":"https:\/\/www.veltec.eu\/fr\/product\/ensemble-mini-emptor-kirby-complet-nl3163\/","title":{"rendered":"Ensemble Mini Emptor Kirby Complet"},"content":{"rendered":"<h1>Ensemble Mini Emptor Kirby Complet<\/h1>\n<p>Ensemble Mini Emptor Kirby Complet avec tuyau de remplissage et raccord pour sac \u00e0 poussi\u00e8re.<\/p>\n<p><strong>Ce Kirby Mini Emptor convient \u00e0 tous les aspirateurs Kirby ;<\/strong><\/p>\n<ul>\n<li>Avalir Platinum<\/li>\n<li>Avalir 2<\/li>\n<li>Avalir 1<\/li>\n<li>Sentria 2 (G10D)<\/li>\n<li>Sentria 1 (G10)<\/li>\n<li>Ultimate G Diamond Ed.(G7D or DE)<\/li>\n<li>Ultimate G (G7 or UG)<\/li>\n<li>Generation 6 (G6)<\/li>\n<li>Generation 5 (G5)<\/li>\n<li>Generation 4 (G4)<\/li>\n<li>Generation 3 (G3)<\/li>\n<\/ul>\n<h2>Ensemble Mini Emptor Kirby Complet : La solution parfaite pour un aspirateur propre et efficace<\/h2>\n<h3>Qu&#8217;est-ce que le Ensemble Mini Emptor Kirby Complet ?<\/h3>\n<p>Le Kirby Mini Emptor est un \u00e9l\u00e9ment essentiel de votre aspirateur Kirby. Il s&#8217;agit d&#8217;un tuyau de remplissage qui transporte efficacement la salet\u00e9 aspir\u00e9e vers le sac de l&#8217;aspirateur. Ce composant est plac\u00e9 \u00e0 l&#8217;int\u00e9rieur du sac ext\u00e9rieur et veille \u00e0 ce que la salet\u00e9 et la poussi\u00e8re p\u00e9n\u00e8trent dans le sac de l&#8217;aspirateur en toute s\u00e9curit\u00e9 et de mani\u00e8re hygi\u00e9nique. De plus, ce Mini Emptor est livr\u00e9 avec un pied robuste qui se connecte facilement au sac ext\u00e9rieur de votre aspirateur Kirby.<\/p>\n<p><a href=\"https:\/\/www.veltec.eu\/fr\/sac-exterieur-et-accessoires-kirby\/\">Vous trouverez ici tout ce qu&#8217;il faut pour le sac ext\u00e9rieur et les accessoires Kirby<\/a><\/p>\n<h3>Universel et adapt\u00e9 \u00e0 tous les mod\u00e8les Kirby<\/h3>\n<p>Le grand avantage du Kirby Mini Emptor Complete est qu&#8217;il est universel et convient \u00e0 tous les types d&#8217;aspirateurs Kirby. Que vous ayez un mod\u00e8le plus ancien ou un aspirateur Kirby plus r\u00e9cent, ce tuyau de remplissage s&#8217;adapte parfaitement. Vous n&#8217;avez donc pas \u00e0 vous soucier de la compatibilit\u00e9, ce qui facilite grandement la commande.<\/p>\n<h2>Pourquoi choisir le Kirby Mini Emptor ?<\/h2>\n<h3>Hygi\u00e8ne et efficacit\u00e9 am\u00e9lior\u00e9es<\/h3>\n<p>Le Kirby Mini Emptor assure un fonctionnement optimal de votre aspirateur. Gr\u00e2ce \u00e0 sa construction efficace, la salet\u00e9 est guid\u00e9e directement vers le sac de l&#8217;aspirateur, \u00e9vitant ainsi les blocages dans le sac ext\u00e9rieur. Ceci est particuli\u00e8rement utile si vous travaillez souvent avec de la poussi\u00e8re fine, des cheveux ou d&#8217;autres petits d\u00e9bris. De plus, ce composant am\u00e9liore l&#8217;hygi\u00e8ne g\u00e9n\u00e9rale de la maison en \u00e9vitant que les particules de poussi\u00e8re ne soient rejet\u00e9es dans l&#8217;air.<\/p>\n<h3>Durable et fiable<\/h3>\n<p>Le Mini Emptor est fabriqu\u00e9 avec des mat\u00e9riaux de haute qualit\u00e9 qui garantissent une longue dur\u00e9e de vie. Il s&#8217;agit donc d&#8217;un choix durable, qui vous permettra de passer l&#8217;aspirateur sans probl\u00e8me \u00e0 chaque fois.<\/p>\n<h3>Installation et utilisation faciles<\/h3>\n<p>L&#8217;installation du Kirby Mini Emptor Complete est facile, m\u00eame pour ceux qui n&#8217;ont pas de connaissances techniques. Gr\u00e2ce \u00e0 sa conception bien pens\u00e9e, le composant s&#8217;adapte parfaitement au sac ext\u00e9rieur de votre aspirateur. En quelques \u00e9tapes simples, votre aspirateur est \u00e0 nouveau pr\u00eat \u00e0 l&#8217;emploi, sans tracas ni manuels compliqu\u00e9s.<\/p>\n<h3>Pied inclus pour plus de stabilit\u00e9<\/h3>\n<p>Le pied inclus garantit la solidit\u00e9 et la stabilit\u00e9 du sac ext\u00e9rieur, m\u00eame en cas d&#8217;utilisation intensive. Cela augmente non seulement la facilit\u00e9 d&#8217;utilisation, mais contribue \u00e9galement \u00e0 l&#8217;efficacit\u00e9 de votre routine de nettoyage.<\/p>\n<hr \/>\n<h3>Commander le Kirby Mini Emptor maintenant<\/h3>\n<p>Avec le Kirby Mini Emptor Complete, vous disposez d&#8217;une pi\u00e8ce fiable et universelle qui permet \u00e0 votre aspirateur Kirby de passer \u00e0 la vitesse sup\u00e9rieure. La combinaison de l&#8217;hygi\u00e8ne, de la durabilit\u00e9 et de la facilit\u00e9 d&#8217;utilisation fait de ce produit un must pour tous les utilisateurs de Kirby. N&#8217;attendez plus et constatez par vous-m\u00eame la diff\u00e9rence que fait le Kirby Mini Emptor Complete dans votre routine de nettoyage !<\/p>\n","protected":false},"excerpt":{"rendered":"<p>Ensemble comprenant le\u00a0Mini Emptor, un tuyau de remplissage et un raccord de connexion au sac filtrant.<\/p>\n[trustindex data-widget-id=e3bb80b24fa128098b960fc2439]\n<h3><span style=\"color: #008000;\"><br \/>\nEn stock<\/span><\/h3>\n[av_font_icon icon='ue812' font='entypo-fontello' style='' caption='' size='25px' position='left' color='#43ad66' link='' linktarget='' title_attr='' sonar_effect_effect='' sonar_effect_color='' sonar_effect_duration='1' sonar_effect_scale='' sonar_effect_opac='0.5' animation='' id='' custom_class='' template_class='' av_uid='' sc_version='1.0' admin_preview_bg=''][\/av_font_icon]\n<p><span style=\"color: #008000;\">Command\u00e9 23:59, exp\u00e9di\u00e9 demain<\/span><\/p>\n<p>&nbsp;<\/p>\n","protected":false},"featured_media":5915,"comment_status":"open","ping_status":"closed","template":"","meta":[],"product_brand":[],"product_cat":[367],"product_tag":[],"class_list":{"0":"post-12249","1":"product","2":"type-product","3":"status-publish","4":"has-post-thumbnail","6":"product_cat-sac-exterieur-et-accessoires-kirby","7":"product_shipping_class-klein-de-fr","9":"first","10":"instock","11":"taxable","12":"shipping-taxable","13":"purchasable","14":"product-type-simple"},"yoast_head":"<!-- This site is optimized with the Yoast SEO Premium plugin v27.1 (Yoast SEO v27.4) - https:\/\/yoast.com\/product\/yoast-seo-premium-wordpress\/ -->\n<title>Ensemble Mini Emptor Kirby Complet - Veltec Kirby specialist<\/title>\n<meta name=\"description\" content=\"Ensemble Mini Emptor Kirby Complet - Veltec est le fournisseur des aspirateurs Kirby depuis plus de 25 ans. Et est votre sp\u00e9cialiste\" \/>\n<meta name=\"robots\" content=\"index, follow, max-snippet:-1, max-image-preview:large, max-video-preview:-1\" \/>\n<link rel=\"canonical\" href=\"https:\/\/www.veltec.eu\/nl\/product\/kirby-mini-emptor-compleet-nl3163\/\" \/>\n<meta property=\"og:locale\" content=\"fr_FR\" \/>\n<meta property=\"og:type\" content=\"article\" \/>\n<meta property=\"og:title\" content=\"Ensemble Mini Emptor Kirby Complet\" \/>\n<meta property=\"og:description\" content=\"Ensemble comprenant le\u00a0Mini Emptor, un tuyau de remplissage et un raccord de connexion au sac filtrant.    En stock   Command\u00e9 23:59, exp\u00e9di\u00e9 demain  &nbsp;\" \/>\n<meta property=\"og:url\" content=\"https:\/\/www.veltec.eu\/nl\/product\/kirby-mini-emptor-compleet-nl3163\/\" \/>\n<meta property=\"og:site_name\" content=\"Veltec Kirby specialist\" \/>\n<meta property=\"article:publisher\" content=\"https:\/\/www.facebook.com\/Veltec-Kirby-Specialist-236746293374877\/\" \/>\n<meta property=\"article:modified_time\" content=\"2025-01-21T10:24:24+00:00\" \/>\n<meta property=\"og:image\" content=\"https:\/\/www.veltec.eu\/wp-content\/uploads\/2018\/09\/mini_emptor_compleet_-1.jpg\" \/>\n\t<meta property=\"og:image:width\" content=\"300\" \/>\n\t<meta property=\"og:image:height\" content=\"300\" \/>\n\t<meta property=\"og:image:type\" content=\"image\/jpeg\" \/>\n<meta name=\"twitter:card\" content=\"summary_large_image\" \/>\n<meta name=\"twitter:label1\" content=\"Dur\u00e9e de lecture estim\u00e9e\" \/>\n\t<meta name=\"twitter:data1\" content=\"3 minutes\" \/>\n<script type=\"application\/ld+json\" class=\"yoast-schema-graph\">{\"@context\":\"https:\\\/\\\/schema.org\",\"@graph\":[{\"@type\":\"WebPage\",\"@id\":\"https:\\\/\\\/www.veltec.eu\\\/nl\\\/product\\\/kirby-mini-emptor-compleet-nl3163\\\/\",\"url\":\"https:\\\/\\\/www.veltec.eu\\\/nl\\\/product\\\/kirby-mini-emptor-compleet-nl3163\\\/\",\"name\":\"Ensemble Mini Emptor Kirby Complet - Veltec Kirby specialist\",\"isPartOf\":{\"@id\":\"https:\\\/\\\/www.veltec.eu\\\/en\\\/#website\"},\"primaryImageOfPage\":{\"@id\":\"https:\\\/\\\/www.veltec.eu\\\/nl\\\/product\\\/kirby-mini-emptor-compleet-nl3163\\\/#primaryimage\"},\"image\":{\"@id\":\"https:\\\/\\\/www.veltec.eu\\\/nl\\\/product\\\/kirby-mini-emptor-compleet-nl3163\\\/#primaryimage\"},\"thumbnailUrl\":\"https:\\\/\\\/www.veltec.eu\\\/wp-content\\\/uploads\\\/2018\\\/09\\\/mini_emptor_compleet_-1.jpg\",\"datePublished\":\"2018-09-24T10:35:32+00:00\",\"dateModified\":\"2025-01-21T10:24:24+00:00\",\"description\":\"Ensemble Mini Emptor Kirby Complet - Veltec est le fournisseur des aspirateurs Kirby depuis plus de 25 ans. Et est votre sp\u00e9cialiste\",\"breadcrumb\":{\"@id\":\"https:\\\/\\\/www.veltec.eu\\\/nl\\\/product\\\/kirby-mini-emptor-compleet-nl3163\\\/#breadcrumb\"},\"inLanguage\":\"fr-FR\",\"potentialAction\":[{\"@type\":\"ReadAction\",\"target\":[\"https:\\\/\\\/www.veltec.eu\\\/nl\\\/product\\\/kirby-mini-emptor-compleet-nl3163\\\/\"]}]},{\"@type\":\"ImageObject\",\"inLanguage\":\"fr-FR\",\"@id\":\"https:\\\/\\\/www.veltec.eu\\\/nl\\\/product\\\/kirby-mini-emptor-compleet-nl3163\\\/#primaryimage\",\"url\":\"https:\\\/\\\/www.veltec.eu\\\/wp-content\\\/uploads\\\/2018\\\/09\\\/mini_emptor_compleet_-1.jpg\",\"contentUrl\":\"https:\\\/\\\/www.veltec.eu\\\/wp-content\\\/uploads\\\/2018\\\/09\\\/mini_emptor_compleet_-1.jpg\",\"width\":300,\"height\":300,\"caption\":\"Ensemble Mini Emptor Kirby Complet\"},{\"@type\":\"BreadcrumbList\",\"@id\":\"https:\\\/\\\/www.veltec.eu\\\/nl\\\/product\\\/kirby-mini-emptor-compleet-nl3163\\\/#breadcrumb\",\"itemListElement\":[{\"@type\":\"ListItem\",\"position\":1,\"name\":\"Home\",\"item\":\"https:\\\/\\\/www.veltec.eu\\\/fr\\\/\"},{\"@type\":\"ListItem\",\"position\":2,\"name\":\"Produits\",\"item\":\"https:\\\/\\\/www.veltec.eu\\\/fr\\\/shop\\\/\"},{\"@type\":\"ListItem\",\"position\":3,\"name\":\"Ensemble Mini Emptor Kirby Complet\"}]},{\"@type\":\"WebSite\",\"@id\":\"https:\\\/\\\/www.veltec.eu\\\/en\\\/#website\",\"url\":\"https:\\\/\\\/www.veltec.eu\\\/en\\\/\",\"name\":\"Veltec Kirby specialist\",\"description\":\"Kirby stofzuiger producten\",\"publisher\":{\"@id\":\"https:\\\/\\\/www.veltec.eu\\\/en\\\/#organization\"},\"potentialAction\":[{\"@type\":\"SearchAction\",\"target\":{\"@type\":\"EntryPoint\",\"urlTemplate\":\"https:\\\/\\\/www.veltec.eu\\\/en\\\/?s={search_term_string}\"},\"query-input\":{\"@type\":\"PropertyValueSpecification\",\"valueRequired\":true,\"valueName\":\"search_term_string\"}}],\"inLanguage\":\"fr-FR\"},{\"@type\":\"Organization\",\"@id\":\"https:\\\/\\\/www.veltec.eu\\\/en\\\/#organization\",\"name\":\"Veltec Kirby Specialist\",\"url\":\"https:\\\/\\\/www.veltec.eu\\\/en\\\/\",\"logo\":{\"@type\":\"ImageObject\",\"inLanguage\":\"fr-FR\",\"@id\":\"https:\\\/\\\/www.veltec.eu\\\/en\\\/#\\\/schema\\\/logo\\\/image\\\/\",\"url\":\"https:\\\/\\\/www.veltec.eu\\\/wp-content\\\/uploads\\\/2021\\\/12\\\/Veltec-log-groot-e1537260889125.png\",\"contentUrl\":\"https:\\\/\\\/www.veltec.eu\\\/wp-content\\\/uploads\\\/2021\\\/12\\\/Veltec-log-groot-e1537260889125.png\",\"width\":200,\"height\":60,\"caption\":\"Veltec Kirby Specialist\"},\"image\":{\"@id\":\"https:\\\/\\\/www.veltec.eu\\\/en\\\/#\\\/schema\\\/logo\\\/image\\\/\"},\"sameAs\":[\"https:\\\/\\\/www.facebook.com\\\/Veltec-Kirby-Specialist-236746293374877\\\/\",\"https:\\\/\\\/www.youtube.com\\\/user\\\/VeltecService\"]}]}<\/script>\n<!-- \/ Yoast SEO Premium plugin. -->","yoast_head_json":{"title":"Ensemble Mini Emptor Kirby Complet - Veltec Kirby specialist","description":"Ensemble Mini Emptor Kirby Complet - Veltec est le fournisseur des aspirateurs Kirby depuis plus de 25 ans. Et est votre sp\u00e9cialiste","robots":{"index":"index","follow":"follow","max-snippet":"max-snippet:-1","max-image-preview":"max-image-preview:large","max-video-preview":"max-video-preview:-1"},"canonical":"https:\/\/www.veltec.eu\/nl\/product\/kirby-mini-emptor-compleet-nl3163\/","og_locale":"fr_FR","og_type":"article","og_title":"Ensemble Mini Emptor Kirby Complet","og_description":"Ensemble comprenant le\u00a0Mini Emptor, un tuyau de remplissage et un raccord de connexion au sac filtrant.    En stock   Command\u00e9 23:59, exp\u00e9di\u00e9 demain  &nbsp;","og_url":"https:\/\/www.veltec.eu\/nl\/product\/kirby-mini-emptor-compleet-nl3163\/","og_site_name":"Veltec Kirby specialist","article_publisher":"https:\/\/www.facebook.com\/Veltec-Kirby-Specialist-236746293374877\/","article_modified_time":"2025-01-21T10:24:24+00:00","og_image":[{"width":300,"height":300,"url":"https:\/\/www.veltec.eu\/wp-content\/uploads\/2018\/09\/mini_emptor_compleet_-1.jpg","type":"image\/jpeg"}],"twitter_card":"summary_large_image","twitter_misc":{"Dur\u00e9e de lecture estim\u00e9e":"3 minutes"},"schema":{"@context":"https:\/\/schema.org","@graph":[{"@type":"WebPage","@id":"https:\/\/www.veltec.eu\/nl\/product\/kirby-mini-emptor-compleet-nl3163\/","url":"https:\/\/www.veltec.eu\/nl\/product\/kirby-mini-emptor-compleet-nl3163\/","name":"Ensemble Mini Emptor Kirby Complet - Veltec Kirby specialist","isPartOf":{"@id":"https:\/\/www.veltec.eu\/en\/#website"},"primaryImageOfPage":{"@id":"https:\/\/www.veltec.eu\/nl\/product\/kirby-mini-emptor-compleet-nl3163\/#primaryimage"},"image":{"@id":"https:\/\/www.veltec.eu\/nl\/product\/kirby-mini-emptor-compleet-nl3163\/#primaryimage"},"thumbnailUrl":"https:\/\/www.veltec.eu\/wp-content\/uploads\/2018\/09\/mini_emptor_compleet_-1.jpg","datePublished":"2018-09-24T10:35:32+00:00","dateModified":"2025-01-21T10:24:24+00:00","description":"Ensemble Mini Emptor Kirby Complet - Veltec est le fournisseur des aspirateurs Kirby depuis plus de 25 ans. Et est votre sp\u00e9cialiste","breadcrumb":{"@id":"https:\/\/www.veltec.eu\/nl\/product\/kirby-mini-emptor-compleet-nl3163\/#breadcrumb"},"inLanguage":"fr-FR","potentialAction":[{"@type":"ReadAction","target":["https:\/\/www.veltec.eu\/nl\/product\/kirby-mini-emptor-compleet-nl3163\/"]}]},{"@type":"ImageObject","inLanguage":"fr-FR","@id":"https:\/\/www.veltec.eu\/nl\/product\/kirby-mini-emptor-compleet-nl3163\/#primaryimage","url":"https:\/\/www.veltec.eu\/wp-content\/uploads\/2018\/09\/mini_emptor_compleet_-1.jpg","contentUrl":"https:\/\/www.veltec.eu\/wp-content\/uploads\/2018\/09\/mini_emptor_compleet_-1.jpg","width":300,"height":300,"caption":"Ensemble Mini Emptor Kirby Complet"},{"@type":"BreadcrumbList","@id":"https:\/\/www.veltec.eu\/nl\/product\/kirby-mini-emptor-compleet-nl3163\/#breadcrumb","itemListElement":[{"@type":"ListItem","position":1,"name":"Home","item":"https:\/\/www.veltec.eu\/fr\/"},{"@type":"ListItem","position":2,"name":"Produits","item":"https:\/\/www.veltec.eu\/fr\/shop\/"},{"@type":"ListItem","position":3,"name":"Ensemble Mini Emptor Kirby Complet"}]},{"@type":"WebSite","@id":"https:\/\/www.veltec.eu\/en\/#website","url":"https:\/\/www.veltec.eu\/en\/","name":"Veltec Kirby specialist","description":"Kirby stofzuiger producten","publisher":{"@id":"https:\/\/www.veltec.eu\/en\/#organization"},"potentialAction":[{"@type":"SearchAction","target":{"@type":"EntryPoint","urlTemplate":"https:\/\/www.veltec.eu\/en\/?s={search_term_string}"},"query-input":{"@type":"PropertyValueSpecification","valueRequired":true,"valueName":"search_term_string"}}],"inLanguage":"fr-FR"},{"@type":"Organization","@id":"https:\/\/www.veltec.eu\/en\/#organization","name":"Veltec Kirby Specialist","url":"https:\/\/www.veltec.eu\/en\/","logo":{"@type":"ImageObject","inLanguage":"fr-FR","@id":"https:\/\/www.veltec.eu\/en\/#\/schema\/logo\/image\/","url":"https:\/\/www.veltec.eu\/wp-content\/uploads\/2021\/12\/Veltec-log-groot-e1537260889125.png","contentUrl":"https:\/\/www.veltec.eu\/wp-content\/uploads\/2021\/12\/Veltec-log-groot-e1537260889125.png","width":200,"height":60,"caption":"Veltec Kirby Specialist"},"image":{"@id":"https:\/\/www.veltec.eu\/en\/#\/schema\/logo\/image\/"},"sameAs":["https:\/\/www.facebook.com\/Veltec-Kirby-Specialist-236746293374877\/","https:\/\/www.youtube.com\/user\/VeltecService"]}]}},"_links":{"self":[{"href":"https:\/\/www.veltec.eu\/fr\/wp-json\/wp\/v2\/product\/12249","targetHints":{"allow":["GET"]}}],"collection":[{"href":"https:\/\/www.veltec.eu\/fr\/wp-json\/wp\/v2\/product"}],"about":[{"href":"https:\/\/www.veltec.eu\/fr\/wp-json\/wp\/v2\/types\/product"}],"replies":[{"embeddable":true,"href":"https:\/\/www.veltec.eu\/fr\/wp-json\/wp\/v2\/comments?post=12249"}],"wp:featuredmedia":[{"embeddable":true,"href":"https:\/\/www.veltec.eu\/fr\/wp-json\/wp\/v2\/media\/5915"}],"wp:attachment":[{"href":"https:\/\/www.veltec.eu\/fr\/wp-json\/wp\/v2\/media?parent=12249"}],"wp:term":[{"taxonomy":"product_brand","embeddable":true,"href":"https:\/\/www.veltec.eu\/fr\/wp-json\/wp\/v2\/product_brand?post=12249"},{"taxonomy":"product_cat","embeddable":true,"href":"https:\/\/www.veltec.eu\/fr\/wp-json\/wp\/v2\/product_cat?post=12249"},{"taxonomy":"product_tag","embeddable":true,"href":"https:\/\/www.veltec.eu\/fr\/wp-json\/wp\/v2\/product_tag?post=12249"}],"curies":[{"name":"wp","href":"https:\/\/api.w.org\/{rel}","templated":true}]}}