{"id":12245,"date":"2018-09-24T14:05:35","date_gmt":"2018-09-24T12:05:35","guid":{"rendered":"https:\/\/www.veltec.eu\/kirby-webshop\/kirby-g4-nl3146\/"},"modified":"2026-02-10T08:24:35","modified_gmt":"2026-02-10T06:24:35","slug":"kirby-g4-basique-nl3146","status":"publish","type":"product","link":"https:\/\/www.veltec.eu\/fr\/product\/kirby-g4-basique-nl3146\/","title":{"rendered":"Kirby G4 Basique"},"content":{"rendered":"<h1>Kirby G4 Basique \u2013 Aspirateur R\u00e9vis\u00e9 en atelier<\/h1>\n<p>Pourquoi choisir le Kirby G4 Basique ? Vous recherchez un aspirateur puissant qui dure des ann\u00e9es, tout en restant abordable ? Alors le Kirby G4 est exactement ce qu\u2019il vous faut. Cet aspirateur Kirby R\u00e9vis\u00e9 en atelier combine la qualit\u00e9 r\u00e9put\u00e9e de Kirby avec un prix jusqu\u2019\u00e0 80 % inf\u00e9rieur \u00e0 celui d\u2019un mod\u00e8le neuf. Pourquoi payer plus cher quand vous pouvez obtenir les m\u00eames performances pour moins cher ?<\/p>\n<p data-start=\"677\" data-end=\"750\"><a href=\"https:\/\/www.veltec.eu\/fr\/kirby-revise-en-atelier\/\" target=\"_blank\" rel=\"noopener\">Vous trouverez ici tous les aspirateurs Kirby neufs et R\u00e9vis\u00e9 en atelier.<\/a><\/p>\n<h2>Qu&#8217;est-ce qui rend le Kirby G4 Basique unique ?<\/h2>\n<p>Quels sont les principaux avantages du Kirby G4 Basique ? Ce mod\u00e8le, produit entre 1993 et 1997, est r\u00e9put\u00e9 pour son moteur puissant et ses mat\u00e9riaux durables. Gr\u00e2ce \u00e0 son syst\u00e8me de filtration intelligent, le Kirby G4 \u00e9limine m\u00eame les plus petites particules de poussi\u00e8re et les allerg\u00e8nes. Cet aspirateur peut-il \u00eatre utilis\u00e9 sur plusieurs types de sols ? Bien s\u00fbr ! Des tapis et parquets aux meubles et moquettes, cet aspirateur Kirby R\u00e9vis\u00e9 en atelier garantit toujours un r\u00e9sultat impeccable.<\/p>\n<h2>Le processus de r\u00e9vision du Kirby G4 Basique\u00a0 \u00a0 <img decoding=\"async\" class=\"alignright wp-image-85973 \" src=\"https:\/\/www.veltec.eu\/wp-content\/uploads\/2018\/09\/Kirby-refurbished-1-180x180.png\" alt=\"Kirby G4 Basique\" width=\"225\" height=\"225\" srcset=\"https:\/\/www.veltec.eu\/wp-content\/uploads\/2018\/09\/Kirby-refurbished-1-180x180.png 180w, https:\/\/www.veltec.eu\/wp-content\/uploads\/2018\/09\/Kirby-refurbished-1-300x300.png 300w, https:\/\/www.veltec.eu\/wp-content\/uploads\/2018\/09\/Kirby-refurbished-1-80x80.png 80w, https:\/\/www.veltec.eu\/wp-content\/uploads\/2018\/09\/Kirby-refurbished-1-36x36.png 36w, https:\/\/www.veltec.eu\/wp-content\/uploads\/2018\/09\/Kirby-refurbished-1-120x120.png 120w, https:\/\/www.veltec.eu\/wp-content\/uploads\/2018\/09\/Kirby-refurbished-1-450x450.png 450w, https:\/\/www.veltec.eu\/wp-content\/uploads\/2018\/09\/Kirby-refurbished-1-600x600.png 600w, https:\/\/www.veltec.eu\/wp-content\/uploads\/2018\/09\/Kirby-refurbished-1-100x100.png 100w, https:\/\/www.veltec.eu\/wp-content\/uploads\/2018\/09\/Kirby-refurbished-1.png 626w\" sizes=\"(max-width: 225px) 100vw, 225px\" \/><\/h2>\n<p data-start=\"1345\" data-end=\"1717\">Pourquoi acheter un Kirby G4 R\u00e9vis\u00e9 en atelier en ligne ? Tous nos mod\u00e8les sont import\u00e9s directement d\u2019Angleterre, souvent des mod\u00e8les de d\u00e9monstration provenant de distributeurs agr\u00e9\u00e9s. Dans notre atelier, chaque aspirateur est soumis \u00e0 une inspection approfondie.<\/p>\n<p data-start=\"1719\" data-end=\"1758\"><strong data-start=\"1719\" data-end=\"1756\">Quelles sont les \u00e9tapes suivies ?<\/strong><\/p>\n<ul data-start=\"1759\" data-end=\"2011\">\n<li data-start=\"1759\" data-end=\"1823\">Inspection : chaque pi\u00e8ce est test\u00e9e de mani\u00e8re approfondie.<\/li>\n<li data-start=\"1824\" data-end=\"1921\">R\u00e9paration et remplacement : les pi\u00e8ces us\u00e9es sont remplac\u00e9es par des pi\u00e8ces Kirby d\u2019origine.<\/li>\n<li data-start=\"1922\" data-end=\"2011\">Polissage et nettoyage : le bo\u00eetier et les accessoires sont enti\u00e8rement remis \u00e0 neuf.<\/li>\n<\/ul>\n<p data-start=\"2013\" data-end=\"2149\">Ce processus vous garantit de recevoir un Kirby G4 Basique sous garantie, en parfait \u00e9tat de fonctionnement et d\u2019apparence presque neuf.<\/p>\n<h2>Pourquoi acheter le Kirby G4 Basique dans notre boutique en ligne ?<\/h2>\n<p data-start=\"2151\" data-end=\"2276\">Quatre bonnes raisons de commander d\u00e8s maintenant<\/p>\n<ul data-start=\"2277\" data-end=\"2646\">\n<li data-start=\"2277\" data-end=\"2339\">Meilleur prix : jusqu\u2019\u00e0 80 % moins cher qu\u2019un mod\u00e8le neuf.<\/li>\n<li data-start=\"2340\" data-end=\"2418\">Longue dur\u00e9e de vie : Kirby est r\u00e9put\u00e9 pour sa robustesse et sa fiabilit\u00e9.<\/li>\n<li data-start=\"2419\" data-end=\"2524\">Excellentes performances : moteur puissant et syst\u00e8me de filtration avanc\u00e9 pour un nettoyage optimal.<\/li>\n<li data-start=\"2525\" data-end=\"2646\">Durable et respectueux de l\u2019environnement : en choisissant un mod\u00e8le R\u00e9vis\u00e9 en atelier, vous contribuez au recyclage.<\/li>\n<\/ul>\n<p data-start=\"2648\" data-end=\"2904\">Le Kirby G4 Basique convient-il \u00e0 tous les foyers ? Oui ! Avec sa puissance d\u2019aspiration \u00e9lev\u00e9e et sa gamme compl\u00e8te d\u2019accessoires, cet aspirateur est id\u00e9al pour les familles, les propri\u00e9taires d\u2019animaux domestiques et m\u00eame les professionnels du nettoyage.<\/p>\n<p>Vous trouverez ici plus d&#8217;informations sur <a href=\"https:\/\/www.service-aspirateur-kirby.fr\/acheter-un-aspirateur-kirby\/\" target=\"_blank\" rel=\"noopener\">Tout ce que vous devez savoir avant d&#8217;acheter un aspirateur Kirby.<\/a><\/p>\n<h2>Kirby G4 Service de base et garantie<\/h2>\n<p>\u00c0 l&#8217;achat, vous b\u00e9n\u00e9ficiez d&#8217;une garantie compl\u00e8te de 12 mois.<\/p>\n<h3 data-start=\"128\" data-end=\"184\">Inclus en standard :<\/h3>\n<ul>\n<li data-start=\"187\" data-end=\"266\">Une bo\u00eete de rangement pratique de 16 pi\u00e8ces avec accessoires indispensables.<\/li>\n<li data-start=\"269\" data-end=\"381\">Une large buse \u00e0 battement hautes performances et un sac ext\u00e9rieur Kirby brevet\u00e9 pour une aspiration optimale.<\/li>\n<\/ul>\n<p data-start=\"383\" data-end=\"695\">Pour encore plus de possibilit\u00e9s, commandez facilement des accessoires et pi\u00e8ces d\u00e9tach\u00e9es Kirby suppl\u00e9mentaires directement dans notre <a href=\"https:\/\/www.veltec.eu\/fr\/boutique-kirby\/\" target=\"_blank\" rel=\"noopener\">boutique en ligne officielle<\/a>. Profitez d\u2019un large choix de produits, des offres exclusives et d\u2019une livraison rapide pour \u00e9quiper votre aspirateur Kirby au meilleur prix.<\/p>\n<p>La bo\u00eete de rangement 16 pi\u00e8ces ;<\/p>\n<div id=\"attachment_5503\" style=\"width: 582px\" class=\"wp-caption alignnone\"><img decoding=\"async\" aria-describedby=\"caption-attachment-5503\" class=\"wp-image-5503 size-full\" src=\"https:\/\/www.veltec.eu\/wp-content\/uploads\/2018\/10\/kit_2.jpg\" alt=\"Kirby G4\" width=\"572\" height=\"406\" srcset=\"https:\/\/www.veltec.eu\/wp-content\/uploads\/2018\/10\/kit_2.jpg 572w, https:\/\/www.veltec.eu\/wp-content\/uploads\/2018\/10\/kit_2-300x213.jpg 300w, https:\/\/www.veltec.eu\/wp-content\/uploads\/2018\/10\/kit_2-260x185.jpg 260w\" sizes=\"(max-width: 572px) 100vw, 572px\" \/><p id=\"caption-attachment-5503\" class=\"wp-caption-text\">Kirby G4 Basique<\/p><\/div>\n<p>Vous souhaitez acheter un aspirateur puissant, durable et abordable ? N\u2019attendez plus et optez pour le Kirby G4 Basique. Avec ses performances \u00e9lev\u00e9es, sa longue dur\u00e9e de vie et son prix comp\u00e9titif, c\u2019est la solution id\u00e9ale pour une maison propre et saine. Commandez d\u00e8s aujourd\u2019hui et recevez votre Kirby G4 chez vous dans un d\u00e9lai de 5 \u00e0 10 jours ouvrables.<\/p>\n<p>*L&#8217;aspirateur Kirby est livr\u00e9 avec une prise europ\u00e9enne ; pour l&#8217;utiliser au Royaume-Uni, vous devez vous procurer un adaptateur ou une nouvelle prise.<\/p>\n<p><a href=\"https:\/\/www.veltec.eu\/fr\/acheter-kirby-g4\/\" target=\"_blank\" rel=\"noopener\">Cliquez ici pour plus d&#8217;informations sur le Kirby G4.<\/a><\/p>\n","protected":false},"excerpt":{"rendered":"<p>Le Kirby G4 Basique est un aspirateur R\u00e9vis\u00e9 en atelier, puissant et durable, adapt\u00e9 aux tapis, parquets et moquettes. Id\u00e9al pour familles et professionnels.<\/p>\n[trustindex data-widget-id=e3bb80b24fa128098b960fc2439]\n<h3><span style=\"color: #008000;\"><br \/>\nEn stock<\/span><\/h3>\n[av_font_icon icon='ue812' font='entypo-fontello' style='' caption='' size='25px' position='left' color='#43ad66' link='' linktarget='' title_attr='' sonar_effect_effect='' sonar_effect_color='' sonar_effect_duration='1' sonar_effect_scale='' sonar_effect_opac='0.5' animation='' id='' custom_class='' template_class='' av_uid='' sc_version='1.0' admin_preview_bg=''][\/av_font_icon]\n<p><span style=\"color: #008000;\">Le d\u00e9lai de livraison est de 5 \u00e0 10 jours ouvrables.<\/span><\/p>\n<p>&nbsp;<\/p>\n","protected":false},"featured_media":85958,"comment_status":"open","ping_status":"closed","template":"","meta":[],"product_brand":[],"product_cat":[40],"product_tag":[],"class_list":{"0":"post-12245","1":"product","2":"type-product","3":"status-publish","4":"has-post-thumbnail","6":"product_cat-kirby-stofzuigers-gereconditioneerd","7":"product_shipping_class-gr","9":"first","10":"instock","11":"sale","12":"taxable","13":"shipping-taxable","14":"purchasable","15":"product-type-simple"},"yoast_head":"<!-- This site is optimized with the Yoast SEO Premium plugin v27.1 (Yoast SEO v27.3) - https:\/\/yoast.com\/product\/yoast-seo-premium-wordpress\/ -->\n<title>Kirby G4 Basique \u2013 Aspirateur R\u00e9vis\u00e9 en atelier Puissant<\/title>\n<meta name=\"description\" content=\"Le Kirby G4 Basique R\u00e9vis\u00e9 en atelier offre puissance et fiabilit\u00e9 pour tous types de sols, jusqu\u2019\u00e0 80\u202f% moins cher qu\u2019un mod\u00e8le neuf.\" \/>\n<meta name=\"robots\" content=\"index, follow, max-snippet:-1, max-image-preview:large, max-video-preview:-1\" \/>\n<link rel=\"canonical\" href=\"https:\/\/www.veltec.eu\/fr\/product\/kirby-g4-basique-nl3146\/\" \/>\n<meta property=\"og:locale\" content=\"fr_FR\" \/>\n<meta property=\"og:type\" content=\"article\" \/>\n<meta property=\"og:title\" content=\"Kirby G4 Basique\" \/>\n<meta property=\"og:description\" content=\"Le Kirby G4 Basique est un aspirateur R\u00e9vis\u00e9 en atelier, puissant et durable, adapt\u00e9 aux tapis, parquets et moquettes. Id\u00e9al pour familles et professionnels.    En stock   Le d\u00e9lai de livraison est de 5 \u00e0 10 jours ouvrables.  &nbsp;\" \/>\n<meta property=\"og:url\" content=\"https:\/\/www.veltec.eu\/fr\/product\/kirby-g4-basique-nl3146\/\" \/>\n<meta property=\"og:site_name\" content=\"Veltec Kirby specialist\" \/>\n<meta property=\"article:publisher\" content=\"https:\/\/www.facebook.com\/Veltec-Kirby-Specialist-236746293374877\/\" \/>\n<meta property=\"article:modified_time\" content=\"2026-02-10T06:24:35+00:00\" \/>\n<meta property=\"og:image\" content=\"https:\/\/www.veltec.eu\/wp-content\/uploads\/2018\/09\/kirby-g4-2-1-1-1.png\" \/>\n\t<meta property=\"og:image:width\" content=\"600\" \/>\n\t<meta property=\"og:image:height\" content=\"600\" \/>\n\t<meta property=\"og:image:type\" content=\"image\/png\" \/>\n<meta name=\"twitter:card\" content=\"summary_large_image\" \/>\n<meta name=\"twitter:label1\" content=\"Dur\u00e9e de lecture estim\u00e9e\" \/>\n\t<meta name=\"twitter:data1\" content=\"4 minutes\" \/>\n<script type=\"application\/ld+json\" class=\"yoast-schema-graph\">{\"@context\":\"https:\\\/\\\/schema.org\",\"@graph\":[{\"@type\":\"WebPage\",\"@id\":\"https:\\\/\\\/www.veltec.eu\\\/fr\\\/product\\\/kirby-g4-basique-nl3146\\\/\",\"url\":\"https:\\\/\\\/www.veltec.eu\\\/fr\\\/product\\\/kirby-g4-basique-nl3146\\\/\",\"name\":\"Kirby G4 Basique \u2013 Aspirateur R\u00e9vis\u00e9 en atelier Puissant\",\"isPartOf\":{\"@id\":\"https:\\\/\\\/www.veltec.eu\\\/en\\\/#website\"},\"primaryImageOfPage\":{\"@id\":\"https:\\\/\\\/www.veltec.eu\\\/fr\\\/product\\\/kirby-g4-basique-nl3146\\\/#primaryimage\"},\"image\":{\"@id\":\"https:\\\/\\\/www.veltec.eu\\\/fr\\\/product\\\/kirby-g4-basique-nl3146\\\/#primaryimage\"},\"thumbnailUrl\":\"https:\\\/\\\/www.veltec.eu\\\/wp-content\\\/uploads\\\/2018\\\/09\\\/kirby-g4-2-1-1-1.png\",\"datePublished\":\"2018-09-24T12:05:35+00:00\",\"dateModified\":\"2026-02-10T06:24:35+00:00\",\"description\":\"Le Kirby G4 Basique R\u00e9vis\u00e9 en atelier offre puissance et fiabilit\u00e9 pour tous types de sols, jusqu\u2019\u00e0 80\u202f% moins cher qu\u2019un mod\u00e8le neuf.\",\"breadcrumb\":{\"@id\":\"https:\\\/\\\/www.veltec.eu\\\/fr\\\/product\\\/kirby-g4-basique-nl3146\\\/#breadcrumb\"},\"inLanguage\":\"fr-FR\",\"potentialAction\":[{\"@type\":\"ReadAction\",\"target\":[\"https:\\\/\\\/www.veltec.eu\\\/fr\\\/product\\\/kirby-g4-basique-nl3146\\\/\"]}]},{\"@type\":\"ImageObject\",\"inLanguage\":\"fr-FR\",\"@id\":\"https:\\\/\\\/www.veltec.eu\\\/fr\\\/product\\\/kirby-g4-basique-nl3146\\\/#primaryimage\",\"url\":\"https:\\\/\\\/www.veltec.eu\\\/wp-content\\\/uploads\\\/2018\\\/09\\\/kirby-g4-2-1-1-1.png\",\"contentUrl\":\"https:\\\/\\\/www.veltec.eu\\\/wp-content\\\/uploads\\\/2018\\\/09\\\/kirby-g4-2-1-1-1.png\",\"width\":600,\"height\":600},{\"@type\":\"BreadcrumbList\",\"@id\":\"https:\\\/\\\/www.veltec.eu\\\/fr\\\/product\\\/kirby-g4-basique-nl3146\\\/#breadcrumb\",\"itemListElement\":[{\"@type\":\"ListItem\",\"position\":1,\"name\":\"Home\",\"item\":\"https:\\\/\\\/www.veltec.eu\\\/fr\\\/\"},{\"@type\":\"ListItem\",\"position\":2,\"name\":\"Produits\",\"item\":\"https:\\\/\\\/www.veltec.eu\\\/fr\\\/shop\\\/\"},{\"@type\":\"ListItem\",\"position\":3,\"name\":\"Kirby G4 Basique\"}]},{\"@type\":\"WebSite\",\"@id\":\"https:\\\/\\\/www.veltec.eu\\\/en\\\/#website\",\"url\":\"https:\\\/\\\/www.veltec.eu\\\/en\\\/\",\"name\":\"Veltec Kirby specialist\",\"description\":\"Kirby stofzuiger producten\",\"publisher\":{\"@id\":\"https:\\\/\\\/www.veltec.eu\\\/en\\\/#organization\"},\"potentialAction\":[{\"@type\":\"SearchAction\",\"target\":{\"@type\":\"EntryPoint\",\"urlTemplate\":\"https:\\\/\\\/www.veltec.eu\\\/en\\\/?s={search_term_string}\"},\"query-input\":{\"@type\":\"PropertyValueSpecification\",\"valueRequired\":true,\"valueName\":\"search_term_string\"}}],\"inLanguage\":\"fr-FR\"},{\"@type\":\"Organization\",\"@id\":\"https:\\\/\\\/www.veltec.eu\\\/en\\\/#organization\",\"name\":\"Veltec Kirby Specialist\",\"url\":\"https:\\\/\\\/www.veltec.eu\\\/en\\\/\",\"logo\":{\"@type\":\"ImageObject\",\"inLanguage\":\"fr-FR\",\"@id\":\"https:\\\/\\\/www.veltec.eu\\\/en\\\/#\\\/schema\\\/logo\\\/image\\\/\",\"url\":\"https:\\\/\\\/www.veltec.eu\\\/wp-content\\\/uploads\\\/2021\\\/12\\\/Veltec-log-groot-e1537260889125.png\",\"contentUrl\":\"https:\\\/\\\/www.veltec.eu\\\/wp-content\\\/uploads\\\/2021\\\/12\\\/Veltec-log-groot-e1537260889125.png\",\"width\":200,\"height\":60,\"caption\":\"Veltec Kirby Specialist\"},\"image\":{\"@id\":\"https:\\\/\\\/www.veltec.eu\\\/en\\\/#\\\/schema\\\/logo\\\/image\\\/\"},\"sameAs\":[\"https:\\\/\\\/www.facebook.com\\\/Veltec-Kirby-Specialist-236746293374877\\\/\",\"https:\\\/\\\/www.youtube.com\\\/user\\\/VeltecService\"]}]}<\/script>\n<!-- \/ Yoast SEO Premium plugin. -->","yoast_head_json":{"title":"Kirby G4 Basique \u2013 Aspirateur R\u00e9vis\u00e9 en atelier Puissant","description":"Le Kirby G4 Basique R\u00e9vis\u00e9 en atelier offre puissance et fiabilit\u00e9 pour tous types de sols, jusqu\u2019\u00e0 80\u202f% moins cher qu\u2019un mod\u00e8le neuf.","robots":{"index":"index","follow":"follow","max-snippet":"max-snippet:-1","max-image-preview":"max-image-preview:large","max-video-preview":"max-video-preview:-1"},"canonical":"https:\/\/www.veltec.eu\/fr\/product\/kirby-g4-basique-nl3146\/","og_locale":"fr_FR","og_type":"article","og_title":"Kirby G4 Basique","og_description":"Le Kirby G4 Basique est un aspirateur R\u00e9vis\u00e9 en atelier, puissant et durable, adapt\u00e9 aux tapis, parquets et moquettes. Id\u00e9al pour familles et professionnels.    En stock   Le d\u00e9lai de livraison est de 5 \u00e0 10 jours ouvrables.  &nbsp;","og_url":"https:\/\/www.veltec.eu\/fr\/product\/kirby-g4-basique-nl3146\/","og_site_name":"Veltec Kirby specialist","article_publisher":"https:\/\/www.facebook.com\/Veltec-Kirby-Specialist-236746293374877\/","article_modified_time":"2026-02-10T06:24:35+00:00","og_image":[{"width":600,"height":600,"url":"https:\/\/www.veltec.eu\/wp-content\/uploads\/2018\/09\/kirby-g4-2-1-1-1.png","type":"image\/png"}],"twitter_card":"summary_large_image","twitter_misc":{"Dur\u00e9e de lecture estim\u00e9e":"4 minutes"},"schema":{"@context":"https:\/\/schema.org","@graph":[{"@type":"WebPage","@id":"https:\/\/www.veltec.eu\/fr\/product\/kirby-g4-basique-nl3146\/","url":"https:\/\/www.veltec.eu\/fr\/product\/kirby-g4-basique-nl3146\/","name":"Kirby G4 Basique \u2013 Aspirateur R\u00e9vis\u00e9 en atelier Puissant","isPartOf":{"@id":"https:\/\/www.veltec.eu\/en\/#website"},"primaryImageOfPage":{"@id":"https:\/\/www.veltec.eu\/fr\/product\/kirby-g4-basique-nl3146\/#primaryimage"},"image":{"@id":"https:\/\/www.veltec.eu\/fr\/product\/kirby-g4-basique-nl3146\/#primaryimage"},"thumbnailUrl":"https:\/\/www.veltec.eu\/wp-content\/uploads\/2018\/09\/kirby-g4-2-1-1-1.png","datePublished":"2018-09-24T12:05:35+00:00","dateModified":"2026-02-10T06:24:35+00:00","description":"Le Kirby G4 Basique R\u00e9vis\u00e9 en atelier offre puissance et fiabilit\u00e9 pour tous types de sols, jusqu\u2019\u00e0 80\u202f% moins cher qu\u2019un mod\u00e8le neuf.","breadcrumb":{"@id":"https:\/\/www.veltec.eu\/fr\/product\/kirby-g4-basique-nl3146\/#breadcrumb"},"inLanguage":"fr-FR","potentialAction":[{"@type":"ReadAction","target":["https:\/\/www.veltec.eu\/fr\/product\/kirby-g4-basique-nl3146\/"]}]},{"@type":"ImageObject","inLanguage":"fr-FR","@id":"https:\/\/www.veltec.eu\/fr\/product\/kirby-g4-basique-nl3146\/#primaryimage","url":"https:\/\/www.veltec.eu\/wp-content\/uploads\/2018\/09\/kirby-g4-2-1-1-1.png","contentUrl":"https:\/\/www.veltec.eu\/wp-content\/uploads\/2018\/09\/kirby-g4-2-1-1-1.png","width":600,"height":600},{"@type":"BreadcrumbList","@id":"https:\/\/www.veltec.eu\/fr\/product\/kirby-g4-basique-nl3146\/#breadcrumb","itemListElement":[{"@type":"ListItem","position":1,"name":"Home","item":"https:\/\/www.veltec.eu\/fr\/"},{"@type":"ListItem","position":2,"name":"Produits","item":"https:\/\/www.veltec.eu\/fr\/shop\/"},{"@type":"ListItem","position":3,"name":"Kirby G4 Basique"}]},{"@type":"WebSite","@id":"https:\/\/www.veltec.eu\/en\/#website","url":"https:\/\/www.veltec.eu\/en\/","name":"Veltec Kirby specialist","description":"Kirby stofzuiger producten","publisher":{"@id":"https:\/\/www.veltec.eu\/en\/#organization"},"potentialAction":[{"@type":"SearchAction","target":{"@type":"EntryPoint","urlTemplate":"https:\/\/www.veltec.eu\/en\/?s={search_term_string}"},"query-input":{"@type":"PropertyValueSpecification","valueRequired":true,"valueName":"search_term_string"}}],"inLanguage":"fr-FR"},{"@type":"Organization","@id":"https:\/\/www.veltec.eu\/en\/#organization","name":"Veltec Kirby Specialist","url":"https:\/\/www.veltec.eu\/en\/","logo":{"@type":"ImageObject","inLanguage":"fr-FR","@id":"https:\/\/www.veltec.eu\/en\/#\/schema\/logo\/image\/","url":"https:\/\/www.veltec.eu\/wp-content\/uploads\/2021\/12\/Veltec-log-groot-e1537260889125.png","contentUrl":"https:\/\/www.veltec.eu\/wp-content\/uploads\/2021\/12\/Veltec-log-groot-e1537260889125.png","width":200,"height":60,"caption":"Veltec Kirby Specialist"},"image":{"@id":"https:\/\/www.veltec.eu\/en\/#\/schema\/logo\/image\/"},"sameAs":["https:\/\/www.facebook.com\/Veltec-Kirby-Specialist-236746293374877\/","https:\/\/www.youtube.com\/user\/VeltecService"]}]}},"_links":{"self":[{"href":"https:\/\/www.veltec.eu\/fr\/wp-json\/wp\/v2\/product\/12245","targetHints":{"allow":["GET"]}}],"collection":[{"href":"https:\/\/www.veltec.eu\/fr\/wp-json\/wp\/v2\/product"}],"about":[{"href":"https:\/\/www.veltec.eu\/fr\/wp-json\/wp\/v2\/types\/product"}],"replies":[{"embeddable":true,"href":"https:\/\/www.veltec.eu\/fr\/wp-json\/wp\/v2\/comments?post=12245"}],"wp:featuredmedia":[{"embeddable":true,"href":"https:\/\/www.veltec.eu\/fr\/wp-json\/wp\/v2\/media\/85958"}],"wp:attachment":[{"href":"https:\/\/www.veltec.eu\/fr\/wp-json\/wp\/v2\/media?parent=12245"}],"wp:term":[{"taxonomy":"product_brand","embeddable":true,"href":"https:\/\/www.veltec.eu\/fr\/wp-json\/wp\/v2\/product_brand?post=12245"},{"taxonomy":"product_cat","embeddable":true,"href":"https:\/\/www.veltec.eu\/fr\/wp-json\/wp\/v2\/product_cat?post=12245"},{"taxonomy":"product_tag","embeddable":true,"href":"https:\/\/www.veltec.eu\/fr\/wp-json\/wp\/v2\/product_tag?post=12245"}],"curies":[{"name":"wp","href":"https:\/\/api.w.org\/{rel}","templated":true}]}}