{"id":12241,"date":"2018-09-24T11:44:30","date_gmt":"2018-09-24T09:44:30","guid":{"rendered":"https:\/\/www.veltec.eu\/kirby-webshop\/sacs-filtrants-kirby-micron-magic-3x-nl3114\/"},"modified":"2025-11-08T17:31:10","modified_gmt":"2025-11-08T15:31:10","slug":"sacs-filtrants-kirby-micron-magic-plus-2x-nl3114","status":"publish","type":"product","link":"https:\/\/www.veltec.eu\/fr\/product\/sacs-filtrants-kirby-micron-magic-plus-2x-nl3114\/","title":{"rendered":"Sacs filtrants Kirby Micron Magic Plus 2x"},"content":{"rendered":"<article class=\"text-token-text-primary w-full focus:outline-none [--shadow-height:45px] has-data-writing-block:pointer-events-none has-data-writing-block:-mt-(--shadow-height) has-data-writing-block:pt-(--shadow-height) [&amp;:has([data-writing-block])&gt;*]:pointer-events-auto scroll-mt-[calc(var(--header-height)+min(200px,max(70px,20svh)))]\" dir=\"auto\" tabindex=\"-1\" data-turn-id=\"request-68f77c7d-837c-8326-9a24-068e81ec8f63-3\" data-testid=\"conversation-turn-16\" data-scroll-anchor=\"false\" data-turn=\"assistant\">\n<div class=\"text-base my-auto mx-auto [--thread-content-margin:--spacing(4)] thread-sm:[--thread-content-margin:--spacing(6)] thread-lg:[--thread-content-margin:--spacing(16)] px-(--thread-content-margin)\">\n<div class=\"[--thread-content-max-width:40rem] thread-lg:[--thread-content-max-width:48rem] mx-auto max-w-(--thread-content-max-width) flex-1 group\/turn-messages focus-visible:outline-hidden relative flex w-full min-w-0 flex-col agent-turn\" tabindex=\"-1\">\n<div class=\"flex max-w-full flex-col grow\">\n<div class=\"min-h-8 text-message relative flex w-full flex-col items-end gap-2 text-start break-words whitespace-normal [.text-message+&amp;]:mt-1\" dir=\"auto\" data-message-author-role=\"assistant\" data-message-id=\"37646870-7be6-4da0-9570-e071c8458d4b\" data-message-model-slug=\"gpt-5\">\n<div class=\"flex w-full flex-col gap-1 empty:hidden first:pt-[1px]\">\n<div class=\"markdown prose dark:prose-invert w-full break-words light markdown-new-styling\">\n<h1 data-start=\"0\" data-end=\"92\">Sacs filtrants Kirby Micron Magic Plus 2x \u2013 Filtration maximale et performance durable<\/h1>\n<p data-start=\"94\" data-end=\"554\">Vous souhaitez tirer le meilleur parti de votre aspirateur Kirby ? Les Sacs filtrants Kirby Micron Magic Plus 2x sont sp\u00e9cialement con\u00e7us pour offrir une filtration optimale et des performances durables. Gr\u00e2ce \u00e0 la technologie MicroAllergen Plus et \u00e0 la filtration HEPA, ces sacs d\u2019origine Kirby comptent parmi les plus avanc\u00e9s du march\u00e9. Ils garantissent non seulement un nettoyage en profondeur, mais aussi un environnement int\u00e9rieur plus sain.<\/p>\n<h2 data-start=\"561\" data-end=\"629\">\u00a0Qu\u2019est-ce que les Sacs filtrants Kirby Micron Magic Plus 2x ?<\/h2>\n<p data-start=\"630\" data-end=\"1055\">Les Sacs filtrants Kirby Micron Magic Plus 2x sont des sacs d\u2019origine de haute qualit\u00e9, capables de capturer efficacement la poussi\u00e8re, les salet\u00e9s et les allerg\u00e8nes microscopiques.<br data-start=\"815\" data-end=\"818\" \/>Chaque pack contient 2 sacs \u00e9quip\u00e9s de la technologie MicroAllergen Plus, qui filtre les particules jusqu\u2019\u00e0 0,3 micron.<br data-start=\"949\" data-end=\"952\" \/>Ils sont donc id\u00e9aux pour les personnes souffrant d\u2019allergies ou vivant avec des animaux domestiques.<\/p>\n<p data-start=\"1057\" data-end=\"1314\">Ces sacs universels sont compatibles avec tous les mod\u00e8les Kirby : <strong data-start=\"1124\" data-end=\"1227\">Avalir Platinum, Avalir 2, Avalir 1, Sentria 1 &amp; 2, Ultimate G (Diamond Edition), Generation 3 \u00e0 6.<\/strong><br data-start=\"1227\" data-end=\"1230\" \/>R\u00e9sultat : un ajustement parfait, une aspiration optimale et une hygi\u00e8ne maximale.<\/p>\n<p data-start=\"1316\" data-end=\"1380\">Consultez tous les mod\u00e8les de <a href=\"https:\/\/www.veltec.eu\/fr\/sacs-pour-aspirateur-kirby\/\" target=\"_blank\" rel=\"noopener\">Sacs Kirby disponibles <\/a>ici.<\/p>\n<h2 data-start=\"1387\" data-end=\"1446\">\u00a0\u00c0 quoi sert la technologie Kirby Micron Magic Plus ?<\/h2>\n<p data-start=\"1447\" data-end=\"1741\">La technologie MicroAllergen Plus, combin\u00e9e \u00e0 la filtration HEPA, offre une protection exceptionnelle contre la poussi\u00e8re fine, le pollen, les acariens et autres allerg\u00e8nes.<br data-start=\"1628\" data-end=\"1631\" \/>Elle purifie l\u2019air rejet\u00e9 par votre aspirateur, rendant votre int\u00e9rieur visiblement plus frais et plus sain.<\/p>\n<h3 data-start=\"1748\" data-end=\"1807\">Pourquoi la filtration HEPA est-elle si importante ?<\/h3>\n<p data-start=\"1808\" data-end=\"2138\">La filtration HEPA (High Efficiency Particulate Air) est la plus performante au monde.<br data-start=\"1898\" data-end=\"1901\" \/>Les Sacs filtrants Kirby Micron Magic Plus 2x capturent les particules les plus fines responsables d\u2019allergies ou d\u2019irritations.<br data-start=\"2033\" data-end=\"2036\" \/>C\u2019est le choix id\u00e9al pour les familles soucieuses de la qualit\u00e9 de l\u2019air et de la sant\u00e9 \u00e0 la maison.<\/p>\n<p data-start=\"2140\" data-end=\"2212\">Lisez aussi : <a href=\"https:\/\/www.service-aspirateur-kirby.fr\/pourquoi-acheter-des-sacs-daspirateur-kirby-dorigine\/\" target=\"_blank\" rel=\"noopener\"><em data-start=\"2157\" data-end=\"2212\">Pourquoi acheter des sacs filtrants Kirby d\u2019origine ?<\/em><\/a><\/p>\n<h2 data-start=\"2219\" data-end=\"2290\">Comment utiliser les Sacs filtrants Kirby Micron Magic Plus 2x ?<\/h2>\n<p data-start=\"2291\" data-end=\"2321\">Le remplacement est simple :<\/p>\n<ol data-start=\"2323\" data-end=\"2570\">\n<li data-start=\"2323\" data-end=\"2382\">Ouvrez la housse ext\u00e9rieure de votre aspirateur Kirby.<\/li>\n<li data-start=\"2383\" data-end=\"2409\">Retirez le sac plein.<\/li>\n<li data-start=\"2410\" data-end=\"2489\">Fixez un nouveau Sac filtrant Kirby Micron Magic Plus\u00a0sur l\u2019embout.<\/li>\n<li data-start=\"2490\" data-end=\"2570\">V\u00e9rifiez que la fermeture est bien herm\u00e9tique pour une \u00e9tanch\u00e9it\u00e9 parfaite.<\/li>\n<\/ol>\n<p data-start=\"2572\" data-end=\"2820\">Utilisez uniquement des sacs d\u2019origine afin d\u2019\u00e9viter les obstructions et de prot\u00e9ger le moteur.<br data-start=\"2670\" data-end=\"2673\" \/>Gr\u00e2ce \u00e0 une meilleure circulation de l\u2019air (jusqu\u2019\u00e0 <strong data-start=\"2725\" data-end=\"2749\">+<\/strong>110 % de flux d\u2019air), votre aspirateur fonctionne plus puissamment et plus efficacement.<\/p>\n<p data-start=\"2822\" data-end=\"2892\">Regardez notre vid\u00e9o explicative pour un guide \u00e9tape par \u00e9tape.<\/p>\n<p data-start=\"2822\" data-end=\"2892\"><div  class='avia-video av-s9dryp-4a97b436dfe9b4a5edf9f019201374d8 avia-video-16-9 av-no-preview-image avia-video-load-always av-lazyload-immediate av-lazyload-video-embed'  itemprop=\"video\" itemtype=\"https:\/\/schema.org\/VideoObject\"  data-original_url='https:\/\/youtu.be\/mFMOtUWJEls'><script type='text\/html' class='av-video-tmpl'><div class='avia-iframe-wrap'><iframe loading=\"lazy\" title=\"Kirby vacuum Veltec - Replace a Kirby vacuum bag\" width=\"1500\" height=\"844\" src=\"https:\/\/www.youtube.com\/embed\/mFMOtUWJEls?feature=oembed&enablejsapi=1&origin=https:\/\/www.veltec.eu&autoplay=0&loop=0&controls=1&mute=0\" frameborder=\"0\" allow=\"accelerometer; autoplay; clipboard-write; encrypted-media; gyroscope; picture-in-picture; web-share\" referrerpolicy=\"strict-origin-when-cross-origin\" allowfullscreen><\/iframe><\/div><\/script><div class='av-click-to-play-overlay'><div class=\"avia_playpause_icon\"><\/div><\/div><\/div><\/p>\n<h2 data-start=\"2899\" data-end=\"2946\">Caract\u00e9ristiques techniques et entretien<\/h2>\n<ul data-start=\"2947\" data-end=\"3261\">\n<li data-start=\"2947\" data-end=\"3020\">Filtration HEPA : capture les particules fines jusqu\u2019\u00e0 0,3 micron<\/li>\n<li data-start=\"3021\" data-end=\"3094\">Technologie MicroAllergen Plus : retient poussi\u00e8res et allerg\u00e8nes<\/li>\n<li data-start=\"3095\" data-end=\"3149\">Capacit\u00e9 : 15 % sup\u00e9rieure aux anciens mod\u00e8les<\/li>\n<li data-start=\"3150\" data-end=\"3206\">Compatibilit\u00e9 : adapt\u00e9e \u00e0 tous les mod\u00e8les Kirby<\/li>\n<li data-start=\"3207\" data-end=\"3261\">Emballage : 2 sacs filtrants d\u2019origine par lot<\/li>\n<\/ul>\n<p data-start=\"3263\" data-end=\"3368\">Remplacez le sac lorsque celui-ci est rempli \u00e0 75 % pour \u00e9viter toute perte de puissance d\u2019aspiration.<\/p>\n<h2 data-start=\"3375\" data-end=\"3444\">Quand remplacer et pourquoi choisir les sacs Kirby d\u2019origine ?<\/h2>\n<p data-start=\"3445\" data-end=\"3807\">Remplacez votre Sac filtrant Kirby Micron Magic Plus 2x d\u00e8s que la puissance d\u2019aspiration diminue ou que le sac est plein.<br data-start=\"3571\" data-end=\"3574\" \/>Les sacs d\u2019origine Kirby maintiennent un flux d\u2019air optimal et prot\u00e8gent le moteur contre l\u2019encrassement.<br data-start=\"3679\" data-end=\"3682\" \/>Les imitations bon march\u00e9 n\u2019offrent souvent pas la bonne \u00e9tanch\u00e9it\u00e9 HEPA et peuvent rel\u00e2cher de la poussi\u00e8re dans la pi\u00e8ce.<\/p>\n<p data-start=\"3445\" data-end=\"3807\">\u00a0D\u00e9couvrez aussi : <a href=\"https:\/\/www.service-aspirateur-kirby.fr\/sacs-pour-aspirateur-kirby\/\" target=\"_blank\" rel=\"noopener\"><em data-start=\"3830\" data-end=\"3873\">Tout savoir sur les sacs filtrants Kirby.<\/em><\/a><\/p>\n<p data-start=\"3880\" data-end=\"4041\" data-is-last-node=\"\" data-is-only-node=\"\">En choisissant les Sacs filtrants Kirby Micron Magic Plus,\u00a0vous optez pour la s\u00e9curit\u00e9, la sant\u00e9 et la performance maximale de votre aspirateur Kirby.<\/p>\n<\/div>\n<\/div>\n<\/div>\n<\/div>\n<\/div>\n<\/div>\n<\/article>\n","protected":false},"excerpt":{"rendered":"<p>Les Sacs filtrants Kirby Micron Magic Plus 2x offrent une filtration HEPA exceptionnelle pour capturer poussi\u00e8res, allerg\u00e8nes et particules fines. Id\u00e9al pour pr\u00e9server la puissance et la propret\u00e9 de votre aspirateur Kirby.<\/p>\n[trustindex data-widget-id=e3bb80b24fa128098b960fc2439]\n<h3><span style=\"color: #008000;\"><br \/>\nEn stock<\/span><\/h3>\n[av_font_icon icon='ue812' font='entypo-fontello' style='' caption='' size='25px' position='left' color='#43ad66' link='' linktarget='' title_attr='' sonar_effect_effect='' sonar_effect_color='' sonar_effect_duration='1' sonar_effect_scale='' sonar_effect_opac='0.5' animation='' id='' custom_class='' template_class='' av_uid='' sc_version='1.0' admin_preview_bg=''][\/av_font_icon]\n<p><span style=\"color: #008000;\">Command\u00e9 23:59, exp\u00e9di\u00e9 demain<\/span><\/p>\n[av_font_icon icon='ue812' font='entypo-fontello' style='' caption='' size='25px' position='left' color='#43ad66' link='' linktarget='' title_attr='' sonar_effect_effect='' sonar_effect_color='' sonar_effect_duration='1' sonar_effect_scale='' sonar_effect_opac='0.5' animation='' id='' custom_class='' template_class='' av_uid='' sc_version='1.0' admin_preview_bg=''][\/av_font_icon]\n<p><span style=\"color: #008000;\">Ces sacs d&#8217;aspirateur Kirby conviennent \u00e0 tous les aspirateurs Kirby<\/span><\/p>\n<p>&nbsp;<\/p>\n","protected":false},"featured_media":54437,"comment_status":"open","ping_status":"closed","template":"","meta":[],"product_brand":[],"product_cat":[274],"product_tag":[1413,1414],"class_list":{"0":"post-12241","1":"product","2":"type-product","3":"status-publish","4":"has-post-thumbnail","6":"product_cat-kirby-sacs-daspirateurs","7":"product_tag-kirby-stofzuigerzakken-fr","8":"product_tag-stofzuigerzakken-fr","9":"product_shipping_class-klein-de-fr","11":"first","12":"instock","13":"taxable","14":"shipping-taxable","15":"purchasable","16":"product-type-simple"},"yoast_head":"<!-- This site is optimized with the Yoast SEO Premium plugin v27.1 (Yoast SEO v27.4) - https:\/\/yoast.com\/product\/yoast-seo-premium-wordpress\/ -->\n<title>Sacs filtrants Kirby Micron Magic Plus 2x \u2013 HEPA qualit\u00e9<\/title>\n<meta name=\"description\" content=\"Optez pour les Sacs filtrants Kirby Micron Magic Plus 2x : filtration HEPA, haute performance et air plus sain \u00e0 la maison.\" \/>\n<meta name=\"robots\" content=\"index, follow, max-snippet:-1, max-image-preview:large, max-video-preview:-1\" \/>\n<link rel=\"canonical\" href=\"https:\/\/www.veltec.eu\/fr\/product\/sacs-filtrants-kirby-micron-magic-plus-2x-nl3114\/\" \/>\n<meta property=\"og:locale\" content=\"fr_FR\" \/>\n<meta property=\"og:type\" content=\"article\" \/>\n<meta property=\"og:title\" content=\"Sacs filtrants Kirby Micron Magic Plus 2x\" \/>\n<meta property=\"og:description\" content=\"Les Sacs filtrants Kirby Micron Magic Plus 2x offrent une filtration HEPA exceptionnelle pour capturer poussi\u00e8res, allerg\u00e8nes et particules fines. Id\u00e9al pour pr\u00e9server la puissance et la propret\u00e9 de votre aspirateur Kirby.    En stock   Command\u00e9 23:59, exp\u00e9di\u00e9 demain    Ces sacs d&#039;aspirateur Kirby conviennent \u00e0 tous les aspirateurs Kirby  &nbsp;\" \/>\n<meta property=\"og:url\" content=\"https:\/\/www.veltec.eu\/fr\/product\/sacs-filtrants-kirby-micron-magic-plus-2x-nl3114\/\" \/>\n<meta property=\"og:site_name\" content=\"Veltec Kirby specialist\" \/>\n<meta property=\"article:publisher\" content=\"https:\/\/www.facebook.com\/Veltec-Kirby-Specialist-236746293374877\/\" \/>\n<meta property=\"article:modified_time\" content=\"2025-11-08T15:31:10+00:00\" \/>\n<meta property=\"og:image\" content=\"https:\/\/www.veltec.eu\/wp-content\/uploads\/2018\/09\/Kirby-stofzuigerzakken-Micron-Magic-Plus-2x.jpg\" \/>\n\t<meta property=\"og:image:width\" content=\"500\" \/>\n\t<meta property=\"og:image:height\" content=\"500\" \/>\n\t<meta property=\"og:image:type\" content=\"image\/jpeg\" \/>\n<meta name=\"twitter:card\" content=\"summary_large_image\" \/>\n<meta name=\"twitter:label1\" content=\"Dur\u00e9e de lecture estim\u00e9e\" \/>\n\t<meta name=\"twitter:data1\" content=\"3 minutes\" \/>\n<script type=\"application\/ld+json\" class=\"yoast-schema-graph\">{\"@context\":\"https:\\\/\\\/schema.org\",\"@graph\":[{\"@type\":\"WebPage\",\"@id\":\"https:\\\/\\\/www.veltec.eu\\\/fr\\\/product\\\/sacs-filtrants-kirby-micron-magic-plus-2x-nl3114\\\/\",\"url\":\"https:\\\/\\\/www.veltec.eu\\\/fr\\\/product\\\/sacs-filtrants-kirby-micron-magic-plus-2x-nl3114\\\/\",\"name\":\"Sacs filtrants Kirby Micron Magic Plus 2x \u2013 HEPA qualit\u00e9\",\"isPartOf\":{\"@id\":\"https:\\\/\\\/www.veltec.eu\\\/en\\\/#website\"},\"primaryImageOfPage\":{\"@id\":\"https:\\\/\\\/www.veltec.eu\\\/fr\\\/product\\\/sacs-filtrants-kirby-micron-magic-plus-2x-nl3114\\\/#primaryimage\"},\"image\":{\"@id\":\"https:\\\/\\\/www.veltec.eu\\\/fr\\\/product\\\/sacs-filtrants-kirby-micron-magic-plus-2x-nl3114\\\/#primaryimage\"},\"thumbnailUrl\":\"https:\\\/\\\/www.veltec.eu\\\/wp-content\\\/uploads\\\/2018\\\/09\\\/Kirby-stofzuigerzakken-Micron-Magic-Plus-2x.jpg\",\"datePublished\":\"2018-09-24T09:44:30+00:00\",\"dateModified\":\"2025-11-08T15:31:10+00:00\",\"description\":\"Optez pour les Sacs filtrants Kirby Micron Magic Plus 2x : filtration HEPA, haute performance et air plus sain \u00e0 la maison.\",\"breadcrumb\":{\"@id\":\"https:\\\/\\\/www.veltec.eu\\\/fr\\\/product\\\/sacs-filtrants-kirby-micron-magic-plus-2x-nl3114\\\/#breadcrumb\"},\"inLanguage\":\"fr-FR\",\"potentialAction\":[{\"@type\":\"ReadAction\",\"target\":[\"https:\\\/\\\/www.veltec.eu\\\/fr\\\/product\\\/sacs-filtrants-kirby-micron-magic-plus-2x-nl3114\\\/\"]}]},{\"@type\":\"ImageObject\",\"inLanguage\":\"fr-FR\",\"@id\":\"https:\\\/\\\/www.veltec.eu\\\/fr\\\/product\\\/sacs-filtrants-kirby-micron-magic-plus-2x-nl3114\\\/#primaryimage\",\"url\":\"https:\\\/\\\/www.veltec.eu\\\/wp-content\\\/uploads\\\/2018\\\/09\\\/Kirby-stofzuigerzakken-Micron-Magic-Plus-2x.jpg\",\"contentUrl\":\"https:\\\/\\\/www.veltec.eu\\\/wp-content\\\/uploads\\\/2018\\\/09\\\/Kirby-stofzuigerzakken-Micron-Magic-Plus-2x.jpg\",\"width\":500,\"height\":500},{\"@type\":\"BreadcrumbList\",\"@id\":\"https:\\\/\\\/www.veltec.eu\\\/fr\\\/product\\\/sacs-filtrants-kirby-micron-magic-plus-2x-nl3114\\\/#breadcrumb\",\"itemListElement\":[{\"@type\":\"ListItem\",\"position\":1,\"name\":\"Home\",\"item\":\"https:\\\/\\\/www.veltec.eu\\\/fr\\\/\"},{\"@type\":\"ListItem\",\"position\":2,\"name\":\"Produits\",\"item\":\"https:\\\/\\\/www.veltec.eu\\\/fr\\\/shop\\\/\"},{\"@type\":\"ListItem\",\"position\":3,\"name\":\"Sacs filtrants Kirby Micron Magic Plus 2x\"}]},{\"@type\":\"WebSite\",\"@id\":\"https:\\\/\\\/www.veltec.eu\\\/en\\\/#website\",\"url\":\"https:\\\/\\\/www.veltec.eu\\\/en\\\/\",\"name\":\"Veltec Kirby specialist\",\"description\":\"Kirby stofzuiger producten\",\"publisher\":{\"@id\":\"https:\\\/\\\/www.veltec.eu\\\/en\\\/#organization\"},\"potentialAction\":[{\"@type\":\"SearchAction\",\"target\":{\"@type\":\"EntryPoint\",\"urlTemplate\":\"https:\\\/\\\/www.veltec.eu\\\/en\\\/?s={search_term_string}\"},\"query-input\":{\"@type\":\"PropertyValueSpecification\",\"valueRequired\":true,\"valueName\":\"search_term_string\"}}],\"inLanguage\":\"fr-FR\"},{\"@type\":\"Organization\",\"@id\":\"https:\\\/\\\/www.veltec.eu\\\/en\\\/#organization\",\"name\":\"Veltec Kirby Specialist\",\"url\":\"https:\\\/\\\/www.veltec.eu\\\/en\\\/\",\"logo\":{\"@type\":\"ImageObject\",\"inLanguage\":\"fr-FR\",\"@id\":\"https:\\\/\\\/www.veltec.eu\\\/en\\\/#\\\/schema\\\/logo\\\/image\\\/\",\"url\":\"https:\\\/\\\/www.veltec.eu\\\/wp-content\\\/uploads\\\/2021\\\/12\\\/Veltec-log-groot-e1537260889125.png\",\"contentUrl\":\"https:\\\/\\\/www.veltec.eu\\\/wp-content\\\/uploads\\\/2021\\\/12\\\/Veltec-log-groot-e1537260889125.png\",\"width\":200,\"height\":60,\"caption\":\"Veltec Kirby Specialist\"},\"image\":{\"@id\":\"https:\\\/\\\/www.veltec.eu\\\/en\\\/#\\\/schema\\\/logo\\\/image\\\/\"},\"sameAs\":[\"https:\\\/\\\/www.facebook.com\\\/Veltec-Kirby-Specialist-236746293374877\\\/\",\"https:\\\/\\\/www.youtube.com\\\/user\\\/VeltecService\"]}]}<\/script>\n<!-- \/ Yoast SEO Premium plugin. -->","yoast_head_json":{"title":"Sacs filtrants Kirby Micron Magic Plus 2x \u2013 HEPA qualit\u00e9","description":"Optez pour les Sacs filtrants Kirby Micron Magic Plus 2x : filtration HEPA, haute performance et air plus sain \u00e0 la maison.","robots":{"index":"index","follow":"follow","max-snippet":"max-snippet:-1","max-image-preview":"max-image-preview:large","max-video-preview":"max-video-preview:-1"},"canonical":"https:\/\/www.veltec.eu\/fr\/product\/sacs-filtrants-kirby-micron-magic-plus-2x-nl3114\/","og_locale":"fr_FR","og_type":"article","og_title":"Sacs filtrants Kirby Micron Magic Plus 2x","og_description":"Les Sacs filtrants Kirby Micron Magic Plus 2x offrent une filtration HEPA exceptionnelle pour capturer poussi\u00e8res, allerg\u00e8nes et particules fines. Id\u00e9al pour pr\u00e9server la puissance et la propret\u00e9 de votre aspirateur Kirby.    En stock   Command\u00e9 23:59, exp\u00e9di\u00e9 demain    Ces sacs d'aspirateur Kirby conviennent \u00e0 tous les aspirateurs Kirby  &nbsp;","og_url":"https:\/\/www.veltec.eu\/fr\/product\/sacs-filtrants-kirby-micron-magic-plus-2x-nl3114\/","og_site_name":"Veltec Kirby specialist","article_publisher":"https:\/\/www.facebook.com\/Veltec-Kirby-Specialist-236746293374877\/","article_modified_time":"2025-11-08T15:31:10+00:00","og_image":[{"width":500,"height":500,"url":"https:\/\/www.veltec.eu\/wp-content\/uploads\/2018\/09\/Kirby-stofzuigerzakken-Micron-Magic-Plus-2x.jpg","type":"image\/jpeg"}],"twitter_card":"summary_large_image","twitter_misc":{"Dur\u00e9e de lecture estim\u00e9e":"3 minutes"},"schema":{"@context":"https:\/\/schema.org","@graph":[{"@type":"WebPage","@id":"https:\/\/www.veltec.eu\/fr\/product\/sacs-filtrants-kirby-micron-magic-plus-2x-nl3114\/","url":"https:\/\/www.veltec.eu\/fr\/product\/sacs-filtrants-kirby-micron-magic-plus-2x-nl3114\/","name":"Sacs filtrants Kirby Micron Magic Plus 2x \u2013 HEPA qualit\u00e9","isPartOf":{"@id":"https:\/\/www.veltec.eu\/en\/#website"},"primaryImageOfPage":{"@id":"https:\/\/www.veltec.eu\/fr\/product\/sacs-filtrants-kirby-micron-magic-plus-2x-nl3114\/#primaryimage"},"image":{"@id":"https:\/\/www.veltec.eu\/fr\/product\/sacs-filtrants-kirby-micron-magic-plus-2x-nl3114\/#primaryimage"},"thumbnailUrl":"https:\/\/www.veltec.eu\/wp-content\/uploads\/2018\/09\/Kirby-stofzuigerzakken-Micron-Magic-Plus-2x.jpg","datePublished":"2018-09-24T09:44:30+00:00","dateModified":"2025-11-08T15:31:10+00:00","description":"Optez pour les Sacs filtrants Kirby Micron Magic Plus 2x : filtration HEPA, haute performance et air plus sain \u00e0 la maison.","breadcrumb":{"@id":"https:\/\/www.veltec.eu\/fr\/product\/sacs-filtrants-kirby-micron-magic-plus-2x-nl3114\/#breadcrumb"},"inLanguage":"fr-FR","potentialAction":[{"@type":"ReadAction","target":["https:\/\/www.veltec.eu\/fr\/product\/sacs-filtrants-kirby-micron-magic-plus-2x-nl3114\/"]}]},{"@type":"ImageObject","inLanguage":"fr-FR","@id":"https:\/\/www.veltec.eu\/fr\/product\/sacs-filtrants-kirby-micron-magic-plus-2x-nl3114\/#primaryimage","url":"https:\/\/www.veltec.eu\/wp-content\/uploads\/2018\/09\/Kirby-stofzuigerzakken-Micron-Magic-Plus-2x.jpg","contentUrl":"https:\/\/www.veltec.eu\/wp-content\/uploads\/2018\/09\/Kirby-stofzuigerzakken-Micron-Magic-Plus-2x.jpg","width":500,"height":500},{"@type":"BreadcrumbList","@id":"https:\/\/www.veltec.eu\/fr\/product\/sacs-filtrants-kirby-micron-magic-plus-2x-nl3114\/#breadcrumb","itemListElement":[{"@type":"ListItem","position":1,"name":"Home","item":"https:\/\/www.veltec.eu\/fr\/"},{"@type":"ListItem","position":2,"name":"Produits","item":"https:\/\/www.veltec.eu\/fr\/shop\/"},{"@type":"ListItem","position":3,"name":"Sacs filtrants Kirby Micron Magic Plus 2x"}]},{"@type":"WebSite","@id":"https:\/\/www.veltec.eu\/en\/#website","url":"https:\/\/www.veltec.eu\/en\/","name":"Veltec Kirby specialist","description":"Kirby stofzuiger producten","publisher":{"@id":"https:\/\/www.veltec.eu\/en\/#organization"},"potentialAction":[{"@type":"SearchAction","target":{"@type":"EntryPoint","urlTemplate":"https:\/\/www.veltec.eu\/en\/?s={search_term_string}"},"query-input":{"@type":"PropertyValueSpecification","valueRequired":true,"valueName":"search_term_string"}}],"inLanguage":"fr-FR"},{"@type":"Organization","@id":"https:\/\/www.veltec.eu\/en\/#organization","name":"Veltec Kirby Specialist","url":"https:\/\/www.veltec.eu\/en\/","logo":{"@type":"ImageObject","inLanguage":"fr-FR","@id":"https:\/\/www.veltec.eu\/en\/#\/schema\/logo\/image\/","url":"https:\/\/www.veltec.eu\/wp-content\/uploads\/2021\/12\/Veltec-log-groot-e1537260889125.png","contentUrl":"https:\/\/www.veltec.eu\/wp-content\/uploads\/2021\/12\/Veltec-log-groot-e1537260889125.png","width":200,"height":60,"caption":"Veltec Kirby Specialist"},"image":{"@id":"https:\/\/www.veltec.eu\/en\/#\/schema\/logo\/image\/"},"sameAs":["https:\/\/www.facebook.com\/Veltec-Kirby-Specialist-236746293374877\/","https:\/\/www.youtube.com\/user\/VeltecService"]}]}},"_links":{"self":[{"href":"https:\/\/www.veltec.eu\/fr\/wp-json\/wp\/v2\/product\/12241","targetHints":{"allow":["GET"]}}],"collection":[{"href":"https:\/\/www.veltec.eu\/fr\/wp-json\/wp\/v2\/product"}],"about":[{"href":"https:\/\/www.veltec.eu\/fr\/wp-json\/wp\/v2\/types\/product"}],"replies":[{"embeddable":true,"href":"https:\/\/www.veltec.eu\/fr\/wp-json\/wp\/v2\/comments?post=12241"}],"wp:featuredmedia":[{"embeddable":true,"href":"https:\/\/www.veltec.eu\/fr\/wp-json\/wp\/v2\/media\/54437"}],"wp:attachment":[{"href":"https:\/\/www.veltec.eu\/fr\/wp-json\/wp\/v2\/media?parent=12241"}],"wp:term":[{"taxonomy":"product_brand","embeddable":true,"href":"https:\/\/www.veltec.eu\/fr\/wp-json\/wp\/v2\/product_brand?post=12241"},{"taxonomy":"product_cat","embeddable":true,"href":"https:\/\/www.veltec.eu\/fr\/wp-json\/wp\/v2\/product_cat?post=12241"},{"taxonomy":"product_tag","embeddable":true,"href":"https:\/\/www.veltec.eu\/fr\/wp-json\/wp\/v2\/product_tag?post=12241"}],"curies":[{"name":"wp","href":"https:\/\/api.w.org\/{rel}","templated":true}]}}