{"id":12178,"date":"2018-10-15T16:28:57","date_gmt":"2018-10-15T14:28:57","guid":{"rendered":"https:\/\/www.veltec.eu\/kirby-webshop\/kirby-g5-nl3147\/"},"modified":"2026-02-10T08:06:10","modified_gmt":"2026-02-10T06:06:10","slug":"kirby-g5-basique-nl3147","status":"publish","type":"product","link":"https:\/\/www.veltec.eu\/fr\/product\/kirby-g5-basique-nl3147\/","title":{"rendered":"Kirby G5 Basique"},"content":{"rendered":"<h1 data-start=\"226\" data-end=\"268\">Kirby G5 Basique \u2013 R\u00e9vis\u00e9 en atelier<\/h1>\n<p data-start=\"270\" data-end=\"702\">Le Kirby G5 Basique offre imm\u00e9diatement une solution puissante, durable et abordable pour les foyers \u00e0 la recherche d\u2019un aspirateur professionnel. Vous b\u00e9n\u00e9ficiez ainsi d\u2019un syst\u00e8me de nettoyage qui para\u00eet neuf tant sur le plan technique qu\u2019esth\u00e9tique, tout en r\u00e9alisant des \u00e9conomies importantes sur le prix d\u2019achat. De plus, chaque Kirby G5 Basique est soigneusement r\u00e9vis\u00e9 en atelier, offrant une s\u00e9curit\u00e9 suppl\u00e9mentaire.<\/p>\n<h2 data-start=\"709\" data-end=\"763\">Qu\u2019est-ce qui rend le Kirby G5 unique ?<\/h2>\n<p data-start=\"765\" data-end=\"1121\">\u00c9tant donn\u00e9 que ce mod\u00e8le a \u00e9t\u00e9 produit entre 1997 et 1999, il est d\u00e9sormais reconnu pour sa dur\u00e9e de vie exceptionnelle. De plus, son bo\u00eetier m\u00e9tallique robuste garantit une stabilit\u00e9 rarement \u00e9gal\u00e9e. Vous choisissez donc un syst\u00e8me combinant performances durables et avantage de prix attrayant pouvant atteindre jusqu\u2019\u00e0 80 % par rapport \u00e0 un mod\u00e8le neuf.<\/p>\n<p data-start=\"1123\" data-end=\"1220\"><a href=\"https:\/\/www.veltec.eu\/fr\/kirby-revise-en-atelier\/\" target=\"_blank\" rel=\"noopener\">Vous trouverez ci-dessous des informations sur tous les Kirby R\u00e9vis\u00e9 en atelier aspirateurs.<\/a><\/p>\n<h3 data-start=\"1227\" data-end=\"1275\">Principaux avantages du Kirby G5 Basique<\/h3>\n<ul data-start=\"1277\" data-end=\"1543\">\n<li data-start=\"1277\" data-end=\"1378\">Puissance d\u2019aspiration \u00e9lev\u00e9e : Id\u00e9al pour un nettoyage en profondeur des tapis et moquettes.<\/li>\n<li data-start=\"1379\" data-end=\"1463\">Design multifonctionnel : Convient aux sols durs comme aux surfaces souples.<\/li>\n<li data-start=\"1464\" data-end=\"1543\">Qualit\u00e9 durable : Le Kirby G5 est con\u00e7u pour durer plusieurs d\u00e9cennies.<\/li>\n<\/ul>\n<p data-start=\"1545\" data-end=\"1667\">Pour en savoir plus, consultez <a href=\"https:\/\/www.service-aspirateur-kirby.fr\/aspirateur-kirby\/\" target=\"_blank\" rel=\"noopener\">Tout ce que vous devez savoir sur la puissance et la durabilit\u00e9 de l\u2019aspirateur Kirby<\/a>.<\/p>\n<h2><\/h2>\n<h2 data-start=\"1674\" data-end=\"1727\">Comment le Kirby G5 est-il r\u00e9vis\u00e9 en atelier ?<\/h2>\n<p data-start=\"1729\" data-end=\"2043\">Comme tous nos mod\u00e8les Kirby proviennent d\u2019Angleterre via des distributeurs officiels, ils ont souvent uniquement \u00e9t\u00e9 utilis\u00e9s \u00e0 des fins de d\u00e9monstration. Chaque Kirby G5\u00a0est ensuite enti\u00e8rement d\u00e9mont\u00e9 et contr\u00f4l\u00e9 dans notre atelier, garantissant ainsi des performances \u00e9quivalentes \u00e0 un mod\u00e8le neuf.<\/p>\n<h3>Notre processus de r\u00e9vision en atelier comprend :<\/h3>\n<ul data-start=\"2104\" data-end=\"2379\">\n<li data-start=\"2104\" data-end=\"2191\">Inspection minutieuse : Chaque pi\u00e8ce est contr\u00f4l\u00e9e pour l\u2019usure et les d\u00e9fauts.<\/li>\n<li data-start=\"2192\" data-end=\"2282\">Remplacement des pi\u00e8ces us\u00e9es : Seules des pi\u00e8ces Kirby originales sont utilis\u00e9es.<\/li>\n<li data-start=\"2283\" data-end=\"2379\">Nettoyage et polissage : L\u2019appareil est enti\u00e8rement nettoy\u00e9 et retrouve son aspect neuf.<\/li>\n<\/ul>\n<p data-start=\"2381\" data-end=\"2523\">Gr\u00e2ce \u00e0 cette r\u00e9vision en atelier, le Kirby G5 Basique offre les m\u00eames performances qu\u2019un mod\u00e8le neuf, mais \u00e0 un prix nettement inf\u00e9rieur.<\/p>\n<h2 data-start=\"2530\" data-end=\"2572\">Que recevez-vous avec le Kirby G5 ?<\/h2>\n<p data-start=\"2574\" data-end=\"2673\">Lorsque vous choisissez un Kirby G5 Basique, vous b\u00e9n\u00e9ficiez de 12 mois de garantie compl\u00e8te.<\/p>\n<p data-start=\"2675\" data-end=\"2728\">\u00c0 l\u2019achat d\u2019un Kirby G5, vous recevez :<\/p>\n<ul data-start=\"2730\" data-end=\"2914\">\n<li data-start=\"2730\" data-end=\"2796\">Une bo\u00eete de rangement compl\u00e8te de 16 pi\u00e8ces avec accessoires.<\/li>\n<li data-start=\"2797\" data-end=\"2861\">Une large brosse pour tapis pour un nettoyage en profondeur.<\/li>\n<li data-start=\"2862\" data-end=\"2914\">Le sac ext\u00e9rieur brevet\u00e9 Kirby avec manche long.<\/li>\n<\/ul>\n<p data-start=\"2916\" data-end=\"3079\">De plus, le syst\u00e8me peut \u00eatre facilement \u00e9tendu avec des accessoires suppl\u00e9mentaires, rendant le Kirby G5 Basique enti\u00e8rement adapt\u00e9 \u00e0 vos besoins domestiques.<\/p>\n<p>Bo\u00eete de rangement \u00e0 16 compartiments ;<\/p>\n<div id=\"attachment_5503\" style=\"width: 582px\" class=\"wp-caption alignnone\"><img decoding=\"async\" aria-describedby=\"caption-attachment-5503\" class=\"wp-image-5503 size-full\" src=\"https:\/\/www.veltec.eu\/wp-content\/uploads\/2018\/10\/kit_2.jpg\" alt=\"Kirby G5\" width=\"572\" height=\"406\" srcset=\"https:\/\/www.veltec.eu\/wp-content\/uploads\/2018\/10\/kit_2.jpg 572w, https:\/\/www.veltec.eu\/wp-content\/uploads\/2018\/10\/kit_2-300x213.jpg 300w, https:\/\/www.veltec.eu\/wp-content\/uploads\/2018\/10\/kit_2-260x185.jpg 260w\" sizes=\"(max-width: 572px) 100vw, 572px\" \/><p id=\"caption-attachment-5503\" class=\"wp-caption-text\">Kirby G5 Basique<\/p><\/div>\n<p data-start=\"3133\" data-end=\"3382\">Si vous recherchez un aspirateur puissant, durable et abordable, le Kirby G5 Basique est exactement ce qu\u2019il vous faut. Commandez d\u00e8s aujourd\u2019hui et d\u00e9couvrez pourquoi ce mod\u00e8le reste l\u2019un des syst\u00e8mes Kirby les plus appr\u00e9ci\u00e9s depuis des ann\u00e9es.<\/p>\n<p data-start=\"3133\" data-end=\"3382\">* L&#8217;aspirateur Kirby est livr\u00e9 avec une prise europ\u00e9enne ; pour l&#8217;utiliser au Royaume-Uni, vous devez vous procurer un adaptateur ou une nouvelle prise.<\/p>\n<p data-start=\"3384\" data-end=\"3514\">Les machines Kirby sont livr\u00e9es directement \u00e0 votre domicile, <a href=\"https:\/\/www.veltec.eu\/fr\/acheter-kirby-g5\/\" target=\"_blank\" rel=\"noopener\">Cliquez ici pour plus d\u2019informations sur l\u2019achat du Kirby G5.<\/a><\/p>\n","protected":false},"excerpt":{"rendered":"<p>Le Kirby G5 Basique est un aspirateur r\u00e9vis\u00e9 en atelier, puissant et durable, offrant des performances comparables \u00e0 un mod\u00e8le neuf.<br data-start=\"573\" data-end=\"576\" \/>Livr\u00e9 avec accessoires et garantie, il constitue un choix fiable et abordable pour toute maison.<\/p>\n[trustindex data-widget-id=e3bb80b24fa128098b960fc2439]\n<h3><span style=\"color: #008000;\"><br \/>\nEn stock<\/span><\/h3>\n[av_font_icon icon='ue812' font='entypo-fontello' style='' caption='' size='25px' position='left' color='#43ad66' link='' linktarget='' title_attr='' sonar_effect_effect='' sonar_effect_color='' sonar_effect_duration='1' sonar_effect_scale='' sonar_effect_opac='0.5' animation='' id='' custom_class='' template_class='' av_uid='' sc_version='1.0' admin_preview_bg=''][\/av_font_icon]\n<p><span style=\"color: #008000;\">Le d\u00e9lai de livraison est de 5 \u00e0 10 jours ouvrables.<\/span><\/p>\n<p>&nbsp;<\/p>\n","protected":false},"featured_media":85981,"comment_status":"open","ping_status":"closed","template":"","meta":[],"product_brand":[],"product_cat":[409],"product_tag":[],"class_list":{"0":"post-12178","1":"product","2":"type-product","3":"status-publish","4":"has-post-thumbnail","6":"product_cat-kirby-aspirateurs-reconditionnes","7":"product_shipping_class-groot-fr","9":"first","10":"instock","11":"sale","12":"taxable","13":"shipping-taxable","14":"purchasable","15":"product-type-simple"},"yoast_head":"<!-- This site is optimized with the Yoast SEO Premium plugin v27.1 (Yoast SEO v27.3) - https:\/\/yoast.com\/product\/yoast-seo-premium-wordpress\/ -->\n<title>Kirby G5 Basique \u2013 R\u00e9vis\u00e9 en atelier, puissant et durable<\/title>\n<meta name=\"description\" content=\"D\u00e9couvrez le Kirby G5 Basique : aspirateur r\u00e9vis\u00e9 en atelier, puissant et durable, livr\u00e9 avec accessoires et garantie pour un prix avantageux.\" \/>\n<meta name=\"robots\" content=\"index, follow, max-snippet:-1, max-image-preview:large, max-video-preview:-1\" \/>\n<link rel=\"canonical\" href=\"https:\/\/www.veltec.eu\/nl\/product\/kirby-g5-basis-nl3147\/\" \/>\n<meta property=\"og:locale\" content=\"fr_FR\" \/>\n<meta property=\"og:type\" content=\"article\" \/>\n<meta property=\"og:title\" content=\"Kirby G5 Basique\" \/>\n<meta property=\"og:description\" content=\"Le Kirby G5 Basique est un aspirateur r\u00e9vis\u00e9 en atelier, puissant et durable, offrant des performances comparables \u00e0 un mod\u00e8le neuf.Livr\u00e9 avec accessoires et garantie, il constitue un choix fiable et abordable pour toute maison.    En stock   Le d\u00e9lai de livraison est de 5 \u00e0 10 jours ouvrables.  &nbsp;\" \/>\n<meta property=\"og:url\" content=\"https:\/\/www.veltec.eu\/nl\/product\/kirby-g5-basis-nl3147\/\" \/>\n<meta property=\"og:site_name\" content=\"Veltec Kirby specialist\" \/>\n<meta property=\"article:publisher\" content=\"https:\/\/www.facebook.com\/Veltec-Kirby-Specialist-236746293374877\/\" \/>\n<meta property=\"article:modified_time\" content=\"2026-02-10T06:06:10+00:00\" \/>\n<meta property=\"og:image\" content=\"https:\/\/www.veltec.eu\/wp-content\/uploads\/2018\/10\/kirby-g5-2-1-1-1.png\" \/>\n\t<meta property=\"og:image:width\" content=\"600\" \/>\n\t<meta property=\"og:image:height\" content=\"600\" \/>\n\t<meta property=\"og:image:type\" content=\"image\/png\" \/>\n<meta name=\"twitter:card\" content=\"summary_large_image\" \/>\n<meta name=\"twitter:label1\" content=\"Dur\u00e9e de lecture estim\u00e9e\" \/>\n\t<meta name=\"twitter:data1\" content=\"3 minutes\" \/>\n<script type=\"application\/ld+json\" class=\"yoast-schema-graph\">{\"@context\":\"https:\\\/\\\/schema.org\",\"@graph\":[{\"@type\":\"WebPage\",\"@id\":\"https:\\\/\\\/www.veltec.eu\\\/nl\\\/product\\\/kirby-g5-basis-nl3147\\\/\",\"url\":\"https:\\\/\\\/www.veltec.eu\\\/nl\\\/product\\\/kirby-g5-basis-nl3147\\\/\",\"name\":\"Kirby G5 Basique \u2013 R\u00e9vis\u00e9 en atelier, puissant et durable\",\"isPartOf\":{\"@id\":\"https:\\\/\\\/www.veltec.eu\\\/en\\\/#website\"},\"primaryImageOfPage\":{\"@id\":\"https:\\\/\\\/www.veltec.eu\\\/nl\\\/product\\\/kirby-g5-basis-nl3147\\\/#primaryimage\"},\"image\":{\"@id\":\"https:\\\/\\\/www.veltec.eu\\\/nl\\\/product\\\/kirby-g5-basis-nl3147\\\/#primaryimage\"},\"thumbnailUrl\":\"https:\\\/\\\/www.veltec.eu\\\/wp-content\\\/uploads\\\/2018\\\/10\\\/kirby-g5-2-1-1-1.png\",\"datePublished\":\"2018-10-15T14:28:57+00:00\",\"dateModified\":\"2026-02-10T06:06:10+00:00\",\"description\":\"D\u00e9couvrez le Kirby G5 Basique : aspirateur r\u00e9vis\u00e9 en atelier, puissant et durable, livr\u00e9 avec accessoires et garantie pour un prix avantageux.\",\"breadcrumb\":{\"@id\":\"https:\\\/\\\/www.veltec.eu\\\/nl\\\/product\\\/kirby-g5-basis-nl3147\\\/#breadcrumb\"},\"inLanguage\":\"fr-FR\",\"potentialAction\":[{\"@type\":\"ReadAction\",\"target\":[\"https:\\\/\\\/www.veltec.eu\\\/nl\\\/product\\\/kirby-g5-basis-nl3147\\\/\"]}]},{\"@type\":\"ImageObject\",\"inLanguage\":\"fr-FR\",\"@id\":\"https:\\\/\\\/www.veltec.eu\\\/nl\\\/product\\\/kirby-g5-basis-nl3147\\\/#primaryimage\",\"url\":\"https:\\\/\\\/www.veltec.eu\\\/wp-content\\\/uploads\\\/2018\\\/10\\\/kirby-g5-2-1-1-1.png\",\"contentUrl\":\"https:\\\/\\\/www.veltec.eu\\\/wp-content\\\/uploads\\\/2018\\\/10\\\/kirby-g5-2-1-1-1.png\",\"width\":600,\"height\":600},{\"@type\":\"BreadcrumbList\",\"@id\":\"https:\\\/\\\/www.veltec.eu\\\/nl\\\/product\\\/kirby-g5-basis-nl3147\\\/#breadcrumb\",\"itemListElement\":[{\"@type\":\"ListItem\",\"position\":1,\"name\":\"Home\",\"item\":\"https:\\\/\\\/www.veltec.eu\\\/fr\\\/\"},{\"@type\":\"ListItem\",\"position\":2,\"name\":\"Produits\",\"item\":\"https:\\\/\\\/www.veltec.eu\\\/fr\\\/shop\\\/\"},{\"@type\":\"ListItem\",\"position\":3,\"name\":\"Kirby G5 Basique\"}]},{\"@type\":\"WebSite\",\"@id\":\"https:\\\/\\\/www.veltec.eu\\\/en\\\/#website\",\"url\":\"https:\\\/\\\/www.veltec.eu\\\/en\\\/\",\"name\":\"Veltec Kirby specialist\",\"description\":\"Kirby stofzuiger producten\",\"publisher\":{\"@id\":\"https:\\\/\\\/www.veltec.eu\\\/en\\\/#organization\"},\"potentialAction\":[{\"@type\":\"SearchAction\",\"target\":{\"@type\":\"EntryPoint\",\"urlTemplate\":\"https:\\\/\\\/www.veltec.eu\\\/en\\\/?s={search_term_string}\"},\"query-input\":{\"@type\":\"PropertyValueSpecification\",\"valueRequired\":true,\"valueName\":\"search_term_string\"}}],\"inLanguage\":\"fr-FR\"},{\"@type\":\"Organization\",\"@id\":\"https:\\\/\\\/www.veltec.eu\\\/en\\\/#organization\",\"name\":\"Veltec Kirby Specialist\",\"url\":\"https:\\\/\\\/www.veltec.eu\\\/en\\\/\",\"logo\":{\"@type\":\"ImageObject\",\"inLanguage\":\"fr-FR\",\"@id\":\"https:\\\/\\\/www.veltec.eu\\\/en\\\/#\\\/schema\\\/logo\\\/image\\\/\",\"url\":\"https:\\\/\\\/www.veltec.eu\\\/wp-content\\\/uploads\\\/2021\\\/12\\\/Veltec-log-groot-e1537260889125.png\",\"contentUrl\":\"https:\\\/\\\/www.veltec.eu\\\/wp-content\\\/uploads\\\/2021\\\/12\\\/Veltec-log-groot-e1537260889125.png\",\"width\":200,\"height\":60,\"caption\":\"Veltec Kirby Specialist\"},\"image\":{\"@id\":\"https:\\\/\\\/www.veltec.eu\\\/en\\\/#\\\/schema\\\/logo\\\/image\\\/\"},\"sameAs\":[\"https:\\\/\\\/www.facebook.com\\\/Veltec-Kirby-Specialist-236746293374877\\\/\",\"https:\\\/\\\/www.youtube.com\\\/user\\\/VeltecService\"]}]}<\/script>\n<!-- \/ Yoast SEO Premium plugin. -->","yoast_head_json":{"title":"Kirby G5 Basique \u2013 R\u00e9vis\u00e9 en atelier, puissant et durable","description":"D\u00e9couvrez le Kirby G5 Basique : aspirateur r\u00e9vis\u00e9 en atelier, puissant et durable, livr\u00e9 avec accessoires et garantie pour un prix avantageux.","robots":{"index":"index","follow":"follow","max-snippet":"max-snippet:-1","max-image-preview":"max-image-preview:large","max-video-preview":"max-video-preview:-1"},"canonical":"https:\/\/www.veltec.eu\/nl\/product\/kirby-g5-basis-nl3147\/","og_locale":"fr_FR","og_type":"article","og_title":"Kirby G5 Basique","og_description":"Le Kirby G5 Basique est un aspirateur r\u00e9vis\u00e9 en atelier, puissant et durable, offrant des performances comparables \u00e0 un mod\u00e8le neuf.Livr\u00e9 avec accessoires et garantie, il constitue un choix fiable et abordable pour toute maison.    En stock   Le d\u00e9lai de livraison est de 5 \u00e0 10 jours ouvrables.  &nbsp;","og_url":"https:\/\/www.veltec.eu\/nl\/product\/kirby-g5-basis-nl3147\/","og_site_name":"Veltec Kirby specialist","article_publisher":"https:\/\/www.facebook.com\/Veltec-Kirby-Specialist-236746293374877\/","article_modified_time":"2026-02-10T06:06:10+00:00","og_image":[{"width":600,"height":600,"url":"https:\/\/www.veltec.eu\/wp-content\/uploads\/2018\/10\/kirby-g5-2-1-1-1.png","type":"image\/png"}],"twitter_card":"summary_large_image","twitter_misc":{"Dur\u00e9e de lecture estim\u00e9e":"3 minutes"},"schema":{"@context":"https:\/\/schema.org","@graph":[{"@type":"WebPage","@id":"https:\/\/www.veltec.eu\/nl\/product\/kirby-g5-basis-nl3147\/","url":"https:\/\/www.veltec.eu\/nl\/product\/kirby-g5-basis-nl3147\/","name":"Kirby G5 Basique \u2013 R\u00e9vis\u00e9 en atelier, puissant et durable","isPartOf":{"@id":"https:\/\/www.veltec.eu\/en\/#website"},"primaryImageOfPage":{"@id":"https:\/\/www.veltec.eu\/nl\/product\/kirby-g5-basis-nl3147\/#primaryimage"},"image":{"@id":"https:\/\/www.veltec.eu\/nl\/product\/kirby-g5-basis-nl3147\/#primaryimage"},"thumbnailUrl":"https:\/\/www.veltec.eu\/wp-content\/uploads\/2018\/10\/kirby-g5-2-1-1-1.png","datePublished":"2018-10-15T14:28:57+00:00","dateModified":"2026-02-10T06:06:10+00:00","description":"D\u00e9couvrez le Kirby G5 Basique : aspirateur r\u00e9vis\u00e9 en atelier, puissant et durable, livr\u00e9 avec accessoires et garantie pour un prix avantageux.","breadcrumb":{"@id":"https:\/\/www.veltec.eu\/nl\/product\/kirby-g5-basis-nl3147\/#breadcrumb"},"inLanguage":"fr-FR","potentialAction":[{"@type":"ReadAction","target":["https:\/\/www.veltec.eu\/nl\/product\/kirby-g5-basis-nl3147\/"]}]},{"@type":"ImageObject","inLanguage":"fr-FR","@id":"https:\/\/www.veltec.eu\/nl\/product\/kirby-g5-basis-nl3147\/#primaryimage","url":"https:\/\/www.veltec.eu\/wp-content\/uploads\/2018\/10\/kirby-g5-2-1-1-1.png","contentUrl":"https:\/\/www.veltec.eu\/wp-content\/uploads\/2018\/10\/kirby-g5-2-1-1-1.png","width":600,"height":600},{"@type":"BreadcrumbList","@id":"https:\/\/www.veltec.eu\/nl\/product\/kirby-g5-basis-nl3147\/#breadcrumb","itemListElement":[{"@type":"ListItem","position":1,"name":"Home","item":"https:\/\/www.veltec.eu\/fr\/"},{"@type":"ListItem","position":2,"name":"Produits","item":"https:\/\/www.veltec.eu\/fr\/shop\/"},{"@type":"ListItem","position":3,"name":"Kirby G5 Basique"}]},{"@type":"WebSite","@id":"https:\/\/www.veltec.eu\/en\/#website","url":"https:\/\/www.veltec.eu\/en\/","name":"Veltec Kirby specialist","description":"Kirby stofzuiger producten","publisher":{"@id":"https:\/\/www.veltec.eu\/en\/#organization"},"potentialAction":[{"@type":"SearchAction","target":{"@type":"EntryPoint","urlTemplate":"https:\/\/www.veltec.eu\/en\/?s={search_term_string}"},"query-input":{"@type":"PropertyValueSpecification","valueRequired":true,"valueName":"search_term_string"}}],"inLanguage":"fr-FR"},{"@type":"Organization","@id":"https:\/\/www.veltec.eu\/en\/#organization","name":"Veltec Kirby Specialist","url":"https:\/\/www.veltec.eu\/en\/","logo":{"@type":"ImageObject","inLanguage":"fr-FR","@id":"https:\/\/www.veltec.eu\/en\/#\/schema\/logo\/image\/","url":"https:\/\/www.veltec.eu\/wp-content\/uploads\/2021\/12\/Veltec-log-groot-e1537260889125.png","contentUrl":"https:\/\/www.veltec.eu\/wp-content\/uploads\/2021\/12\/Veltec-log-groot-e1537260889125.png","width":200,"height":60,"caption":"Veltec Kirby Specialist"},"image":{"@id":"https:\/\/www.veltec.eu\/en\/#\/schema\/logo\/image\/"},"sameAs":["https:\/\/www.facebook.com\/Veltec-Kirby-Specialist-236746293374877\/","https:\/\/www.youtube.com\/user\/VeltecService"]}]}},"_links":{"self":[{"href":"https:\/\/www.veltec.eu\/fr\/wp-json\/wp\/v2\/product\/12178","targetHints":{"allow":["GET"]}}],"collection":[{"href":"https:\/\/www.veltec.eu\/fr\/wp-json\/wp\/v2\/product"}],"about":[{"href":"https:\/\/www.veltec.eu\/fr\/wp-json\/wp\/v2\/types\/product"}],"replies":[{"embeddable":true,"href":"https:\/\/www.veltec.eu\/fr\/wp-json\/wp\/v2\/comments?post=12178"}],"wp:featuredmedia":[{"embeddable":true,"href":"https:\/\/www.veltec.eu\/fr\/wp-json\/wp\/v2\/media\/85981"}],"wp:attachment":[{"href":"https:\/\/www.veltec.eu\/fr\/wp-json\/wp\/v2\/media?parent=12178"}],"wp:term":[{"taxonomy":"product_brand","embeddable":true,"href":"https:\/\/www.veltec.eu\/fr\/wp-json\/wp\/v2\/product_brand?post=12178"},{"taxonomy":"product_cat","embeddable":true,"href":"https:\/\/www.veltec.eu\/fr\/wp-json\/wp\/v2\/product_cat?post=12178"},{"taxonomy":"product_tag","embeddable":true,"href":"https:\/\/www.veltec.eu\/fr\/wp-json\/wp\/v2\/product_tag?post=12178"}],"curies":[{"name":"wp","href":"https:\/\/api.w.org\/{rel}","templated":true}]}}