{"id":12173,"date":"2018-10-15T17:04:32","date_gmt":"2018-10-15T15:04:32","guid":{"rendered":"https:\/\/www.veltec.eu\/kirby-webshop\/kirby-sentria-i\/"},"modified":"2026-05-06T11:06:40","modified_gmt":"2026-05-06T09:06:40","slug":"kirby-sentria-1-basique-nl11101","status":"publish","type":"product","link":"https:\/\/www.veltec.eu\/fr\/product\/kirby-sentria-1-basique-nl11101\/","title":{"rendered":"Kirby Sentria 1 Basique"},"content":{"rendered":"<h1 data-start=\"221\" data-end=\"293\">Kirby Sentria 1 Basique \u2013 Puissant, Durable et R\u00e9vis\u00e9 en atelier<\/h1>\n<p data-start=\"294\" data-end=\"659\">Si vous recherchez un aspirateur premium fiable et \u00e9conomique, le Kirby Sentria 1 Basique offre imm\u00e9diatement un \u00e9quilibre parfait entre puissance, durabilit\u00e9 et prix. Bien que ce mod\u00e8le soit pratiquement indiscernable d\u2019un neuf sur le plan technique et visuel, vous b\u00e9n\u00e9ficiez en plus d\u2019une \u00e9conomie pouvant aller jusqu\u2019\u00e0 80 % par rapport \u00e0 un exemplaire neuf.<\/p>\n<h2 data-start=\"666\" data-end=\"731\">Pourquoi le Kirby Sentria 1 Basique est un choix premium<\/h2>\n<p data-start=\"732\" data-end=\"1225\">Produit entre 2006 et 2012, le Kirby Sentria 1\u00a0est reconnu pour sa construction robuste et sa puissance d\u2019aspiration in\u00e9gal\u00e9e. De plus, l\u2019introduction de ce mod\u00e8le a marqu\u00e9 une p\u00e9riode o\u00f9 l\u2019ergonomie et le confort d\u2019utilisation ont \u00e9t\u00e9 repens\u00e9s. La poign\u00e9e a ainsi \u00e9t\u00e9 enti\u00e8rement redesign\u00e9e et l\u2019ancienne ampoule traditionnelle a \u00e9t\u00e9 remplac\u00e9e par un \u00e9clairage LED moderne. Par ailleurs, le passage d\u2019une base m\u00e9tallique \u00e0 une base en plastique a consid\u00e9rablement r\u00e9duit le poids.<\/p>\n<p data-start=\"1227\" data-end=\"1318\"><a href=\"https:\/\/www.veltec.eu\/fr\/aspirateurs-et-sacs\/kirby-revise-en-atelier\/\" target=\"_blank\" rel=\"noopener\">Vous trouverez ici des informations sur tous les aspirateurs Kirby R\u00e9vis\u00e9 en atelier<\/a><\/p>\n<p data-start=\"1227\" data-end=\"1318\"><img decoding=\"async\" class=\"alignright wp-image-85973 \" src=\"https:\/\/www.veltec.eu\/wp-content\/uploads\/2018\/09\/Kirby-refurbished-1-180x180.png\" alt=\"Kirby Sentria 1 Basique\" width=\"225\" height=\"225\" srcset=\"https:\/\/www.veltec.eu\/wp-content\/uploads\/2018\/09\/Kirby-refurbished-1-180x180.png 180w, https:\/\/www.veltec.eu\/wp-content\/uploads\/2018\/09\/Kirby-refurbished-1-300x300.png 300w, https:\/\/www.veltec.eu\/wp-content\/uploads\/2018\/09\/Kirby-refurbished-1-80x80.png 80w, https:\/\/www.veltec.eu\/wp-content\/uploads\/2018\/09\/Kirby-refurbished-1-36x36.png 36w, https:\/\/www.veltec.eu\/wp-content\/uploads\/2018\/09\/Kirby-refurbished-1-120x120.png 120w, https:\/\/www.veltec.eu\/wp-content\/uploads\/2018\/09\/Kirby-refurbished-1-450x450.png 450w, https:\/\/www.veltec.eu\/wp-content\/uploads\/2018\/09\/Kirby-refurbished-1-600x600.png 600w, https:\/\/www.veltec.eu\/wp-content\/uploads\/2018\/09\/Kirby-refurbished-1-100x100.png 100w, https:\/\/www.veltec.eu\/wp-content\/uploads\/2018\/09\/Kirby-refurbished-1.png 626w\" sizes=\"(max-width: 225px) 100vw, 225px\" \/><\/p>\n<h2 data-start=\"1325\" data-end=\"1396\">Que signifie R\u00e9vis\u00e9 en atelier pour le Kirby Sentria 1<\/h2>\n<h3 data-start=\"1397\" data-end=\"1454\">Enti\u00e8rement r\u00e9vis\u00e9 pour une durabilit\u00e9 maximale<\/h3>\n<p data-start=\"1455\" data-end=\"1718\">Pour garantir qualit\u00e9 et long\u00e9vit\u00e9, le Kirby Sentria 1\u00a0est enti\u00e8rement R\u00e9vis\u00e9 en atelier par nos sp\u00e9cialistes. Le mod\u00e8le subit ainsi une r\u00e9novation technique compl\u00e8te, et toutes les pi\u00e8ces moteur us\u00e9es sont remplac\u00e9es par des composants originaux.<\/p>\n<h3 data-start=\"1720\" data-end=\"1760\">Moteur enti\u00e8rement reconstruit<\/h3>\n<p data-start=\"1761\" data-end=\"2013\">La motorisation est enti\u00e8rement reconstruite afin que l\u2019aspirateur fonctionne comme neuf. Cette r\u00e9vision permet \u00e9galement d\u2019offrir une garantie de deux ans, vous assurant ainsi un investissement dans un appareil puissant, durable et pr\u00eat pour l\u2019avenir.<\/p>\n<h2 data-start=\"2020\" data-end=\"2091\">Kirby Sentria 1 Basique \u2013 Puissance, Polyvalence et Efficacit\u00e9<\/h2>\n<p data-start=\"2092\" data-end=\"2415\">Gr\u00e2ce \u00e0 cet appareil, vous pouvez nettoyer tous les types de surfaces. Le Kirby Sentria 1 offre des performances exceptionnelles sur les tapis, moquettes, sols durs et endroits difficiles d\u2019acc\u00e8s. De plus, l\u2019ensemble complet d\u2019accessoires permet de r\u00e9aliser chaque t\u00e2che de nettoyage rapidement et efficacement.<\/p>\n<p data-start=\"2417\" data-end=\"2513\">Plus d\u2019informations : <a href=\"https:\/\/www.service-aspirateur-kirby.fr\/aspirateur-kirby\/\" target=\"_blank\" rel=\"noopener\">Tout savoir sur la puissance et la durabilit\u00e9 des aspirateurs Kirby<\/a><\/p>\n<h2 data-start=\"2520\" data-end=\"2583\">Ensemble complet livr\u00e9 avec le Kirby Sentria 1<\/h2>\n<p data-start=\"2584\" data-end=\"2633\">Le Kirby Sentria 1 Basique est livr\u00e9 avec :<\/p>\n<ul data-start=\"2634\" data-end=\"2844\">\n<li data-start=\"2634\" data-end=\"2683\">Large brosse pour tapis, moquettes et matelas<\/li>\n<li data-start=\"2684\" data-end=\"2722\">Sac brevet\u00e9 Kirby avec manche long<\/li>\n<li data-start=\"2723\" data-end=\"2763\">Tuyau d\u2019aspiration Kirby de 2 m\u00e8tres<\/li>\n<li data-start=\"2764\" data-end=\"2844\">Bo\u00eete d\u2019accessoires 16 pi\u00e8ces pour meubles, plafonds, rideaux et plus encore<\/li>\n<\/ul>\n<p data-start=\"2846\" data-end=\"2965\">Tous les composants sont fabriqu\u00e9s avec des mat\u00e9riaux de haute qualit\u00e9, garantissant des ann\u00e9es d\u2019utilisation fiable.<\/p>\n<p>La bo\u00eete d&#8217;accessoires de 16 pi\u00e8ces comprend :<\/p>\n<div id=\"attachment_5503\" style=\"width: 582px\" class=\"wp-caption alignnone\"><img decoding=\"async\" aria-describedby=\"caption-attachment-5503\" class=\"wp-image-5503 size-full\" src=\"https:\/\/www.veltec.eu\/wp-content\/uploads\/2018\/10\/kit_2.jpg\" alt=\"Kirby Sentria 1\" width=\"572\" height=\"406\" srcset=\"https:\/\/www.veltec.eu\/wp-content\/uploads\/2018\/10\/kit_2.jpg 572w, https:\/\/www.veltec.eu\/wp-content\/uploads\/2018\/10\/kit_2-300x213.jpg 300w, https:\/\/www.veltec.eu\/wp-content\/uploads\/2018\/10\/kit_2-260x185.jpg 260w\" sizes=\"(max-width: 572px) 100vw, 572px\" \/><p id=\"caption-attachment-5503\" class=\"wp-caption-text\">Kirby Sentria 1 Basique<\/p><\/div>\n<h2 data-start=\"2972\" data-end=\"3036\">Commandez d\u00e8s aujourd\u2019hui votre Kirby Sentria 1 Basique<\/h2>\n<p data-start=\"3090\" data-end=\"3205\">Pour b\u00e9n\u00e9ficier d\u2019un soutien durable, le Kirby Sentria 1\u00a0est livr\u00e9 avec 12 mois de garantie compl\u00e8te.<\/p>\n<p data-start=\"3207\" data-end=\"3362\">Pour des informations suppl\u00e9mentaires, vous pouvez facilement en savoir plus sur les aspirateurs Kirby et les options pour <a href=\"https:\/\/www.veltec.eu\/fr\/acheter-kirby-sentria\/\" target=\"_blank\" rel=\"noopener\">acheter un Kirby Sentria.<\/a><\/p>\n<p data-start=\"3364\" data-end=\"3712\">Votre Kirby Sentria 1 Basique sera livr\u00e9 \u00e0 votre domicile sous 5 \u00e0 10 jours ouvrables, afin que vous puissiez imm\u00e9diatement profiter de l\u2019exp\u00e9rience de nettoyage ultime. Commandez d\u00e8s aujourd\u2019hui et d\u00e9couvrez pourquoi le Kirby Sentria 1 est appr\u00e9ci\u00e9 dans le monde entier par les foyers recherchant la qualit\u00e9 sup\u00e9rieure sans co\u00fbts \u00e9lev\u00e9s.<\/p>\n","protected":false},"excerpt":{"rendered":"<p>Le Kirby Sentria 1 Basique r\u00e9vis\u00e9 en atelier offre puissance, durabilit\u00e9 et polyvalence. Livr\u00e9 avec accessoires pour tapis, sols durs et zones difficiles d\u2019acc\u00e8s.<\/p>\n[trustindex data-widget-id=e3bb80b24fa128098b960fc2439]\n<h3><span style=\"color: #008000;\"><br \/>\nEn stock<\/span><\/h3>\n[av_font_icon icon='ue812' font='entypo-fontello' style='' caption='' size='25px' position='left' color='#43ad66' link='' linktarget='' title_attr='' sonar_effect_effect='' sonar_effect_color='' sonar_effect_duration='1' sonar_effect_scale='' sonar_effect_opac='0.5' animation='' id='' custom_class='' template_class='' av_uid='' sc_version='1.0' admin_preview_bg=''][\/av_font_icon]\n<p><span style=\"color: #008000;\">Le d\u00e9lai de livraison est de 5 \u00e0 10 jours ouvrables.<\/span><\/p>\n<p>&nbsp;<\/p>\n","protected":false},"featured_media":86022,"comment_status":"open","ping_status":"closed","template":"","meta":{"_acf_changed":false},"product_brand":[],"product_cat":[409],"product_tag":[],"class_list":{"0":"post-12173","1":"product","2":"type-product","3":"status-publish","4":"has-post-thumbnail","6":"product_cat-kirby-revise-en-atelier","7":"product_shipping_class-groot-fr","9":"first","10":"instock","11":"sale","12":"taxable","13":"shipping-taxable","14":"purchasable","15":"product-type-simple"},"acf":[],"yoast_head":"<!-- This site is optimized with the Yoast SEO Premium plugin v27.1 (Yoast SEO v27.5) - https:\/\/yoast.com\/product\/yoast-seo-premium-wordpress\/ -->\n<title>Kirby Sentria 1 Basique \u2013 Puissant &amp; R\u00e9vis\u00e9 en atelier<\/title>\n<meta name=\"description\" content=\"Profitez du Kirby Sentria 1 Basique r\u00e9vis\u00e9 en atelier, puissant, durable et complet avec accessoires pour un nettoyage efficace de toutes surfaces\" \/>\n<meta name=\"robots\" content=\"index, follow, max-snippet:-1, max-image-preview:large, max-video-preview:-1\" \/>\n<link rel=\"canonical\" href=\"https:\/\/www.veltec.eu\/fr\/product\/kirby-sentria-1-basique-nl11101\/\" \/>\n<meta property=\"og:locale\" content=\"fr_FR\" \/>\n<meta property=\"og:type\" content=\"article\" \/>\n<meta property=\"og:title\" content=\"Kirby Sentria 1 Basique\" \/>\n<meta property=\"og:description\" content=\"Le Kirby Sentria 1 Basique r\u00e9vis\u00e9 en atelier offre puissance, durabilit\u00e9 et polyvalence. Livr\u00e9 avec accessoires pour tapis, sols durs et zones difficiles d\u2019acc\u00e8s.    En stock   Le d\u00e9lai de livraison est de 5 \u00e0 10 jours ouvrables.  &nbsp;\" \/>\n<meta property=\"og:url\" content=\"https:\/\/www.veltec.eu\/fr\/product\/kirby-sentria-1-basique-nl11101\/\" \/>\n<meta property=\"og:site_name\" content=\"Veltec Kirby specialist\" \/>\n<meta property=\"article:publisher\" content=\"https:\/\/www.facebook.com\/Veltec-Kirby-Specialist-236746293374877\/\" \/>\n<meta property=\"article:modified_time\" content=\"2026-05-06T09:06:40+00:00\" \/>\n<meta property=\"og:image\" content=\"https:\/\/www.veltec.eu\/wp-content\/uploads\/2018\/10\/Kirby-sentria1.png\" \/>\n\t<meta property=\"og:image:width\" content=\"600\" \/>\n\t<meta property=\"og:image:height\" content=\"600\" \/>\n\t<meta property=\"og:image:type\" content=\"image\/png\" \/>\n<meta name=\"twitter:card\" content=\"summary_large_image\" \/>\n<meta name=\"twitter:label1\" content=\"Dur\u00e9e de lecture estim\u00e9e\" \/>\n\t<meta name=\"twitter:data1\" content=\"3 minutes\" \/>\n<script type=\"application\/ld+json\" class=\"yoast-schema-graph\">{\"@context\":\"https:\\\/\\\/schema.org\",\"@graph\":[{\"@type\":\"WebPage\",\"@id\":\"https:\\\/\\\/www.veltec.eu\\\/fr\\\/product\\\/kirby-sentria-1-basique-nl11101\\\/\",\"url\":\"https:\\\/\\\/www.veltec.eu\\\/fr\\\/product\\\/kirby-sentria-1-basique-nl11101\\\/\",\"name\":\"Kirby Sentria 1 Basique \u2013 Puissant & R\u00e9vis\u00e9 en atelier\",\"isPartOf\":{\"@id\":\"https:\\\/\\\/www.veltec.eu\\\/en\\\/#website\"},\"primaryImageOfPage\":{\"@id\":\"https:\\\/\\\/www.veltec.eu\\\/fr\\\/product\\\/kirby-sentria-1-basique-nl11101\\\/#primaryimage\"},\"image\":{\"@id\":\"https:\\\/\\\/www.veltec.eu\\\/fr\\\/product\\\/kirby-sentria-1-basique-nl11101\\\/#primaryimage\"},\"thumbnailUrl\":\"https:\\\/\\\/www.veltec.eu\\\/wp-content\\\/uploads\\\/2018\\\/10\\\/Kirby-sentria1.png\",\"datePublished\":\"2018-10-15T15:04:32+00:00\",\"dateModified\":\"2026-05-06T09:06:40+00:00\",\"description\":\"Profitez du Kirby Sentria 1 Basique r\u00e9vis\u00e9 en atelier, puissant, durable et complet avec accessoires pour un nettoyage efficace de toutes surfaces\",\"breadcrumb\":{\"@id\":\"https:\\\/\\\/www.veltec.eu\\\/fr\\\/product\\\/kirby-sentria-1-basique-nl11101\\\/#breadcrumb\"},\"inLanguage\":\"fr-FR\",\"potentialAction\":[{\"@type\":\"ReadAction\",\"target\":[\"https:\\\/\\\/www.veltec.eu\\\/fr\\\/product\\\/kirby-sentria-1-basique-nl11101\\\/\"]}]},{\"@type\":\"ImageObject\",\"inLanguage\":\"fr-FR\",\"@id\":\"https:\\\/\\\/www.veltec.eu\\\/fr\\\/product\\\/kirby-sentria-1-basique-nl11101\\\/#primaryimage\",\"url\":\"https:\\\/\\\/www.veltec.eu\\\/wp-content\\\/uploads\\\/2018\\\/10\\\/Kirby-sentria1.png\",\"contentUrl\":\"https:\\\/\\\/www.veltec.eu\\\/wp-content\\\/uploads\\\/2018\\\/10\\\/Kirby-sentria1.png\",\"width\":600,\"height\":600},{\"@type\":\"BreadcrumbList\",\"@id\":\"https:\\\/\\\/www.veltec.eu\\\/fr\\\/product\\\/kirby-sentria-1-basique-nl11101\\\/#breadcrumb\",\"itemListElement\":[{\"@type\":\"ListItem\",\"position\":1,\"name\":\"Home\",\"item\":\"https:\\\/\\\/www.veltec.eu\\\/fr\\\/accueil\\\/\"},{\"@type\":\"ListItem\",\"position\":2,\"name\":\"Boutique Kirby\",\"item\":\"https:\\\/\\\/www.veltec.eu\\\/fr\\\/boutique-kirby\\\/\"},{\"@type\":\"ListItem\",\"position\":3,\"name\":\"Kirby Sentria 1 Basique\"}]},{\"@type\":\"WebSite\",\"@id\":\"https:\\\/\\\/www.veltec.eu\\\/en\\\/#website\",\"url\":\"https:\\\/\\\/www.veltec.eu\\\/en\\\/\",\"name\":\"Veltec Kirby specialist\",\"description\":\"Kirby stofzuiger producten\",\"publisher\":{\"@id\":\"https:\\\/\\\/www.veltec.eu\\\/en\\\/#organization\"},\"potentialAction\":[{\"@type\":\"SearchAction\",\"target\":{\"@type\":\"EntryPoint\",\"urlTemplate\":\"https:\\\/\\\/www.veltec.eu\\\/en\\\/?s={search_term_string}\"},\"query-input\":{\"@type\":\"PropertyValueSpecification\",\"valueRequired\":true,\"valueName\":\"search_term_string\"}}],\"inLanguage\":\"fr-FR\"},{\"@type\":\"Organization\",\"@id\":\"https:\\\/\\\/www.veltec.eu\\\/en\\\/#organization\",\"name\":\"Veltec Kirby Specialist\",\"url\":\"https:\\\/\\\/www.veltec.eu\\\/en\\\/\",\"logo\":{\"@type\":\"ImageObject\",\"inLanguage\":\"fr-FR\",\"@id\":\"https:\\\/\\\/www.veltec.eu\\\/en\\\/#\\\/schema\\\/logo\\\/image\\\/\",\"url\":\"https:\\\/\\\/www.veltec.eu\\\/wp-content\\\/uploads\\\/2021\\\/12\\\/Veltec-log-groot-e1537260889125.png\",\"contentUrl\":\"https:\\\/\\\/www.veltec.eu\\\/wp-content\\\/uploads\\\/2021\\\/12\\\/Veltec-log-groot-e1537260889125.png\",\"width\":200,\"height\":60,\"caption\":\"Veltec Kirby Specialist\"},\"image\":{\"@id\":\"https:\\\/\\\/www.veltec.eu\\\/en\\\/#\\\/schema\\\/logo\\\/image\\\/\"},\"sameAs\":[\"https:\\\/\\\/www.facebook.com\\\/Veltec-Kirby-Specialist-236746293374877\\\/\",\"https:\\\/\\\/www.youtube.com\\\/user\\\/VeltecService\"]}]}<\/script>\n<!-- \/ Yoast SEO Premium plugin. -->","yoast_head_json":{"title":"Kirby Sentria 1 Basique \u2013 Puissant & R\u00e9vis\u00e9 en atelier","description":"Profitez du Kirby Sentria 1 Basique r\u00e9vis\u00e9 en atelier, puissant, durable et complet avec accessoires pour un nettoyage efficace de toutes surfaces","robots":{"index":"index","follow":"follow","max-snippet":"max-snippet:-1","max-image-preview":"max-image-preview:large","max-video-preview":"max-video-preview:-1"},"canonical":"https:\/\/www.veltec.eu\/fr\/product\/kirby-sentria-1-basique-nl11101\/","og_locale":"fr_FR","og_type":"article","og_title":"Kirby Sentria 1 Basique","og_description":"Le Kirby Sentria 1 Basique r\u00e9vis\u00e9 en atelier offre puissance, durabilit\u00e9 et polyvalence. Livr\u00e9 avec accessoires pour tapis, sols durs et zones difficiles d\u2019acc\u00e8s.    En stock   Le d\u00e9lai de livraison est de 5 \u00e0 10 jours ouvrables.  &nbsp;","og_url":"https:\/\/www.veltec.eu\/fr\/product\/kirby-sentria-1-basique-nl11101\/","og_site_name":"Veltec Kirby specialist","article_publisher":"https:\/\/www.facebook.com\/Veltec-Kirby-Specialist-236746293374877\/","article_modified_time":"2026-05-06T09:06:40+00:00","og_image":[{"width":600,"height":600,"url":"https:\/\/www.veltec.eu\/wp-content\/uploads\/2018\/10\/Kirby-sentria1.png","type":"image\/png"}],"twitter_card":"summary_large_image","twitter_misc":{"Dur\u00e9e de lecture estim\u00e9e":"3 minutes"},"schema":{"@context":"https:\/\/schema.org","@graph":[{"@type":"WebPage","@id":"https:\/\/www.veltec.eu\/fr\/product\/kirby-sentria-1-basique-nl11101\/","url":"https:\/\/www.veltec.eu\/fr\/product\/kirby-sentria-1-basique-nl11101\/","name":"Kirby Sentria 1 Basique \u2013 Puissant & R\u00e9vis\u00e9 en atelier","isPartOf":{"@id":"https:\/\/www.veltec.eu\/en\/#website"},"primaryImageOfPage":{"@id":"https:\/\/www.veltec.eu\/fr\/product\/kirby-sentria-1-basique-nl11101\/#primaryimage"},"image":{"@id":"https:\/\/www.veltec.eu\/fr\/product\/kirby-sentria-1-basique-nl11101\/#primaryimage"},"thumbnailUrl":"https:\/\/www.veltec.eu\/wp-content\/uploads\/2018\/10\/Kirby-sentria1.png","datePublished":"2018-10-15T15:04:32+00:00","dateModified":"2026-05-06T09:06:40+00:00","description":"Profitez du Kirby Sentria 1 Basique r\u00e9vis\u00e9 en atelier, puissant, durable et complet avec accessoires pour un nettoyage efficace de toutes surfaces","breadcrumb":{"@id":"https:\/\/www.veltec.eu\/fr\/product\/kirby-sentria-1-basique-nl11101\/#breadcrumb"},"inLanguage":"fr-FR","potentialAction":[{"@type":"ReadAction","target":["https:\/\/www.veltec.eu\/fr\/product\/kirby-sentria-1-basique-nl11101\/"]}]},{"@type":"ImageObject","inLanguage":"fr-FR","@id":"https:\/\/www.veltec.eu\/fr\/product\/kirby-sentria-1-basique-nl11101\/#primaryimage","url":"https:\/\/www.veltec.eu\/wp-content\/uploads\/2018\/10\/Kirby-sentria1.png","contentUrl":"https:\/\/www.veltec.eu\/wp-content\/uploads\/2018\/10\/Kirby-sentria1.png","width":600,"height":600},{"@type":"BreadcrumbList","@id":"https:\/\/www.veltec.eu\/fr\/product\/kirby-sentria-1-basique-nl11101\/#breadcrumb","itemListElement":[{"@type":"ListItem","position":1,"name":"Home","item":"https:\/\/www.veltec.eu\/fr\/accueil\/"},{"@type":"ListItem","position":2,"name":"Boutique Kirby","item":"https:\/\/www.veltec.eu\/fr\/boutique-kirby\/"},{"@type":"ListItem","position":3,"name":"Kirby Sentria 1 Basique"}]},{"@type":"WebSite","@id":"https:\/\/www.veltec.eu\/en\/#website","url":"https:\/\/www.veltec.eu\/en\/","name":"Veltec Kirby specialist","description":"Kirby stofzuiger producten","publisher":{"@id":"https:\/\/www.veltec.eu\/en\/#organization"},"potentialAction":[{"@type":"SearchAction","target":{"@type":"EntryPoint","urlTemplate":"https:\/\/www.veltec.eu\/en\/?s={search_term_string}"},"query-input":{"@type":"PropertyValueSpecification","valueRequired":true,"valueName":"search_term_string"}}],"inLanguage":"fr-FR"},{"@type":"Organization","@id":"https:\/\/www.veltec.eu\/en\/#organization","name":"Veltec Kirby Specialist","url":"https:\/\/www.veltec.eu\/en\/","logo":{"@type":"ImageObject","inLanguage":"fr-FR","@id":"https:\/\/www.veltec.eu\/en\/#\/schema\/logo\/image\/","url":"https:\/\/www.veltec.eu\/wp-content\/uploads\/2021\/12\/Veltec-log-groot-e1537260889125.png","contentUrl":"https:\/\/www.veltec.eu\/wp-content\/uploads\/2021\/12\/Veltec-log-groot-e1537260889125.png","width":200,"height":60,"caption":"Veltec Kirby Specialist"},"image":{"@id":"https:\/\/www.veltec.eu\/en\/#\/schema\/logo\/image\/"},"sameAs":["https:\/\/www.facebook.com\/Veltec-Kirby-Specialist-236746293374877\/","https:\/\/www.youtube.com\/user\/VeltecService"]}]}},"_links":{"self":[{"href":"https:\/\/www.veltec.eu\/fr\/wp-json\/wp\/v2\/product\/12173","targetHints":{"allow":["GET"]}}],"collection":[{"href":"https:\/\/www.veltec.eu\/fr\/wp-json\/wp\/v2\/product"}],"about":[{"href":"https:\/\/www.veltec.eu\/fr\/wp-json\/wp\/v2\/types\/product"}],"replies":[{"embeddable":true,"href":"https:\/\/www.veltec.eu\/fr\/wp-json\/wp\/v2\/comments?post=12173"}],"wp:featuredmedia":[{"embeddable":true,"href":"https:\/\/www.veltec.eu\/fr\/wp-json\/wp\/v2\/media\/86022"}],"wp:attachment":[{"href":"https:\/\/www.veltec.eu\/fr\/wp-json\/wp\/v2\/media?parent=12173"}],"wp:term":[{"taxonomy":"product_brand","embeddable":true,"href":"https:\/\/www.veltec.eu\/fr\/wp-json\/wp\/v2\/product_brand?post=12173"},{"taxonomy":"product_cat","embeddable":true,"href":"https:\/\/www.veltec.eu\/fr\/wp-json\/wp\/v2\/product_cat?post=12173"},{"taxonomy":"product_tag","embeddable":true,"href":"https:\/\/www.veltec.eu\/fr\/wp-json\/wp\/v2\/product_tag?post=12173"}],"curies":[{"name":"wp","href":"https:\/\/api.w.org\/{rel}","templated":true}]}}