{"id":12146,"date":"2018-10-16T12:38:06","date_gmt":"2018-10-16T10:38:06","guid":{"rendered":"https:\/\/www.veltec.eu\/kirby-webshop\/tuyau-de-remplissage-pour-sac-filtrant-g3-a-g5-nl3137\/"},"modified":"2025-01-20T17:07:46","modified_gmt":"2025-01-20T15:07:46","slug":"tuyau-de-remplissage-pour-sac-filtrant-kirby-g3-a-g5-nl3137","status":"publish","type":"product","link":"https:\/\/www.veltec.eu\/fr\/product\/tuyau-de-remplissage-pour-sac-filtrant-kirby-g3-a-g5-nl3137\/","title":{"rendered":"Tuyau de remplissage pour sac filtrant Kirby (G3 \u00e0 G5)"},"content":{"rendered":"<h1>Tuyau de remplissage pour sac filtrant Kirby (G3 \u00e0 G5)<\/h1>\n<p>Le Tuyau de remplissage pour sac filtrant Kirby (G3 \u00e0 G5) est destin\u00e9 \u00e0 remplacer le tuyau existant. Il est fourni avec 2 colliers de serrage pour la fixation.<\/p>\n<p><strong>Ce tuyau de remplissage Kirby convient uniquement aux aspirateurs Kirby ci-dessous ;<\/strong><\/p>\n<ul>\n<li>Generation 5 (G5)<\/li>\n<li>Generation 4 (G4<\/li>\n<li>Generation 3 (G)<\/li>\n<\/ul>\n<h2>Tuyau de remplissage pour sac filtrant Kirby (G3 \u00e0 G5)<\/h2>\n<p>Le tuyau de remplissage Kirby est un \u00e9l\u00e9ment essentiel de votre aspirateur Kirby. Ce tuyau de remplissage joue un r\u00f4le crucial dans le transport efficace des salet\u00e9s aspir\u00e9es vers le sac de l&#8217;aspirateur. Cela permet \u00e0 votre aspirateur Kirby de fonctionner de mani\u00e8re optimale et de maintenir l&#8217;hygi\u00e8ne dans votre maison. Dans cette description de produit, nous expliquons exactement ce que fait ce tuyau de remplissage, pourquoi vous en avez besoin et comment l&#8217;installer facilement.<\/p>\n<p><a href=\"https:\/\/www.veltec.eu\/fr\/sac-exterieur-et-accessoires-kirby\/\">Vous trouverez ici tout ce qui concerne le sac d&#8217;ext\u00e9rieur et les accessoires Kirby.<\/a><\/p>\n<h3>Qu&#8217;est-ce que le Tuyau de remplissage pour sac filtrant Kirby (G3 \u00e0 G5)?<\/h3>\n<p>Le tuyau de remplissage Kirby est un tuyau sp\u00e9cialement con\u00e7u qui se trouve \u00e0 l&#8217;int\u00e9rieur du sac ext\u00e9rieur de votre aspirateur Kirby. Cette pi\u00e8ce garantit que toutes les salet\u00e9s aspir\u00e9es sont efficacement achemin\u00e9es vers le sac de l&#8217;aspirateur. Gr\u00e2ce \u00e0 sa construction de haute qualit\u00e9 et \u00e0 son ajustement parfait, ce tuyau de remplissage convient aux mod\u00e8les Kirby G3 \u00e0 G5.<\/p>\n<p>Il est fourni avec deux attaches en T pratiques, qui permettent de fixer le tuyau de remplissage fermement et sans probl\u00e8me. Ils emp\u00eachent le tuyau de se d\u00e9placer pendant l&#8217;utilisation et garantissent une connexion s\u00fbre et stable au sac de l&#8217;aspirateur.<\/p>\n<h3>Pourquoi avez-vous besoin d&#8217;un nouveau tuyau de remplissage ?<\/h3>\n<p>Au fil du temps, le tuyau de remplissage peut s&#8217;user et se d\u00e9t\u00e9riorer, par exemple en raison d&#8217;une utilisation intensive ou d&#8217;une accumulation de salet\u00e9s. Cela peut entra\u00eener une diminution de la puissance d&#8217;aspiration, voire des fuites. Le remplacement d&#8217;un tuyau de remplissage us\u00e9 permet \u00e0 l&#8217;aspirateur de fonctionner \u00e0 nouveau de mani\u00e8re optimale. En outre, un nouveau tuyau de remplissage emp\u00eache les particules de poussi\u00e8re de s&#8217;\u00e9chapper, ce qui garde votre maison plus propre et plus saine.<\/p>\n<ul>\n<li>Avantages d&#8217;un nouveau tuyau de remplissage Kirby<\/li>\n<li>Restaure la puissance d&#8217;aspiration d&#8217;origine de votre aspirateur.<\/li>\n<li>Emp\u00eache les fuites et la salet\u00e9 de s&#8217;\u00e9chapper.<\/li>\n<li>Convient pour une utilisation \u00e0 long terme gr\u00e2ce \u00e0 des mat\u00e9riaux durables.<\/li>\n<li>Sp\u00e9cialement con\u00e7u pour les mod\u00e8les Kirby G3 \u00e0 G5.<\/li>\n<\/ul>\n<h3>Comment installer le tuyau de remplissage Kirby ?<\/h3>\n<p>L&#8217;installation du tuyau de remplissage Kirby est simple et ne n\u00e9cessite aucune connaissance technique. Les attaches en T fournies permettent de fixer rapidement le tuyau au sac ext\u00e9rieur de l&#8217;aspirateur. Suivez les \u00e9tapes ci-dessous :<\/p>\n<ul>\n<li>Ouvrez le sac ext\u00e9rieur de votre aspirateur Kirby.<\/li>\n<li>Retirez avec pr\u00e9caution l&#8217;ancien tuyau de remplissage.<\/li>\n<li>Ins\u00e9rez le nouveau tuyau de remplissage et utilisez les rainures en T pour le fixer solidement.<\/li>\n<li>Assurez-vous que le tuyau de remplissage se raccorde correctement au sac de l&#8217;aspirateur.<\/li>\n<li>Commandez votre Kirby Filling Hose Dust Bag G3 to G5 d\u00e8s aujourd&#8217;hui<\/li>\n<\/ul>\n<p>Avec le tuyau de remplissage Kirby, vous disposez d&#8217;un produit de haute qualit\u00e9 \u00e0 la maison qui permet \u00e0 votre aspirateur de fonctionner comme s&#8217;il \u00e9tait neuf. N&#8217;attendez plus et commandez cet accessoire essentiel d\u00e8s aujourd&#8217;hui ! Gr\u00e2ce \u00e0 l&#8217;installation facile et \u00e0 l&#8217;ajustement parfait, vous profiterez bient\u00f4t \u00e0 nouveau d&#8217;un environnement propre et frais.<\/p>\n","protected":false},"excerpt":{"rendered":"<p>Tuyau de remplissage de remplacement du tuyau existant, avec deux bandes de fixation renforc\u00e9es de c\u00e2ble.<\/p>\n[trustindex data-widget-id=e3bb80b24fa128098b960fc2439]\n<h3><span style=\"color: #008000;\"><br \/>\nEn stock<\/span><\/h3>\n[av_font_icon icon='ue812' font='entypo-fontello' style='' caption='' size='25px' position='left' color='#43ad66' link='' linktarget='' title_attr='' sonar_effect_effect='' sonar_effect_color='' sonar_effect_duration='1' sonar_effect_scale='' sonar_effect_opac='0.5' animation='' id='' custom_class='' template_class='' av_uid='' sc_version='1.0' admin_preview_bg=''][\/av_font_icon]\n<p><span style=\"color: #008000;\">Command\u00e9 23:59, exp\u00e9di\u00e9 demain<\/span><\/p>\n<p>&nbsp;<\/p>\n","protected":false},"featured_media":5905,"comment_status":"open","ping_status":"closed","template":"","meta":[],"product_brand":[],"product_cat":[367],"product_tag":[],"class_list":{"0":"post-12146","1":"product","2":"type-product","3":"status-publish","4":"has-post-thumbnail","6":"product_cat-sac-exterieur-et-accessoires-kirby","7":"product_shipping_class-klein-de-fr","9":"first","10":"instock","11":"sale","12":"taxable","13":"shipping-taxable","14":"purchasable","15":"product-type-simple"},"yoast_head":"<!-- This site is optimized with the Yoast SEO Premium plugin v27.1 (Yoast SEO v27.3) - https:\/\/yoast.com\/product\/yoast-seo-premium-wordpress\/ -->\n<title>Tuyau de remplissage pour sac filtrant Kirby (G3 \u00e0 G5) - Veltec Kirby specialist<\/title>\n<meta name=\"description\" content=\"Tuyau de remplissage pour sac filtrant Kirby (G3 \u00e0 G5) - Veltec est le fournisseur des aspirateurs Kirby depuis plus de 25 ans.\" \/>\n<meta name=\"robots\" content=\"index, follow, max-snippet:-1, max-image-preview:large, max-video-preview:-1\" \/>\n<link rel=\"canonical\" href=\"https:\/\/www.veltec.eu\/fr\/product\/tuyau-de-remplissage-pour-sac-filtrant-kirby-g3-a-g5-nl3137\/\" \/>\n<meta property=\"og:locale\" content=\"fr_FR\" \/>\n<meta property=\"og:type\" content=\"article\" \/>\n<meta property=\"og:title\" content=\"Tuyau de remplissage pour sac filtrant Kirby (G3 \u00e0 G5)\" \/>\n<meta property=\"og:description\" content=\"Tuyau de remplissage de remplacement du tuyau existant, avec deux bandes de fixation renforc\u00e9es de c\u00e2ble.    En stock   Command\u00e9 23:59, exp\u00e9di\u00e9 demain  &nbsp;\" \/>\n<meta property=\"og:url\" content=\"https:\/\/www.veltec.eu\/fr\/product\/tuyau-de-remplissage-pour-sac-filtrant-kirby-g3-a-g5-nl3137\/\" \/>\n<meta property=\"og:site_name\" content=\"Veltec Kirby specialist\" \/>\n<meta property=\"article:publisher\" content=\"https:\/\/www.facebook.com\/Veltec-Kirby-Specialist-236746293374877\/\" \/>\n<meta property=\"article:modified_time\" content=\"2025-01-20T15:07:46+00:00\" \/>\n<meta property=\"og:image\" content=\"https:\/\/www.veltec.eu\/wp-content\/uploads\/2018\/10\/kirby_vulslang_stofzak_g3_tm_g5-1.jpg\" \/>\n\t<meta property=\"og:image:width\" content=\"300\" \/>\n\t<meta property=\"og:image:height\" content=\"300\" \/>\n\t<meta property=\"og:image:type\" content=\"image\/jpeg\" \/>\n<meta name=\"twitter:card\" content=\"summary_large_image\" \/>\n<meta name=\"twitter:label1\" content=\"Dur\u00e9e de lecture estim\u00e9e\" \/>\n\t<meta name=\"twitter:data1\" content=\"3 minutes\" \/>\n<script type=\"application\/ld+json\" class=\"yoast-schema-graph\">{\"@context\":\"https:\\\/\\\/schema.org\",\"@graph\":[{\"@type\":\"WebPage\",\"@id\":\"https:\\\/\\\/www.veltec.eu\\\/fr\\\/product\\\/tuyau-de-remplissage-pour-sac-filtrant-kirby-g3-a-g5-nl3137\\\/\",\"url\":\"https:\\\/\\\/www.veltec.eu\\\/fr\\\/product\\\/tuyau-de-remplissage-pour-sac-filtrant-kirby-g3-a-g5-nl3137\\\/\",\"name\":\"Tuyau de remplissage pour sac filtrant Kirby (G3 \u00e0 G5) - Veltec Kirby specialist\",\"isPartOf\":{\"@id\":\"https:\\\/\\\/www.veltec.eu\\\/en\\\/#website\"},\"primaryImageOfPage\":{\"@id\":\"https:\\\/\\\/www.veltec.eu\\\/fr\\\/product\\\/tuyau-de-remplissage-pour-sac-filtrant-kirby-g3-a-g5-nl3137\\\/#primaryimage\"},\"image\":{\"@id\":\"https:\\\/\\\/www.veltec.eu\\\/fr\\\/product\\\/tuyau-de-remplissage-pour-sac-filtrant-kirby-g3-a-g5-nl3137\\\/#primaryimage\"},\"thumbnailUrl\":\"https:\\\/\\\/www.veltec.eu\\\/wp-content\\\/uploads\\\/2018\\\/10\\\/kirby_vulslang_stofzak_g3_tm_g5-1.jpg\",\"datePublished\":\"2018-10-16T10:38:06+00:00\",\"dateModified\":\"2025-01-20T15:07:46+00:00\",\"description\":\"Tuyau de remplissage pour sac filtrant Kirby (G3 \u00e0 G5) - Veltec est le fournisseur des aspirateurs Kirby depuis plus de 25 ans.\",\"breadcrumb\":{\"@id\":\"https:\\\/\\\/www.veltec.eu\\\/fr\\\/product\\\/tuyau-de-remplissage-pour-sac-filtrant-kirby-g3-a-g5-nl3137\\\/#breadcrumb\"},\"inLanguage\":\"fr-FR\",\"potentialAction\":[{\"@type\":\"ReadAction\",\"target\":[\"https:\\\/\\\/www.veltec.eu\\\/fr\\\/product\\\/tuyau-de-remplissage-pour-sac-filtrant-kirby-g3-a-g5-nl3137\\\/\"]}]},{\"@type\":\"ImageObject\",\"inLanguage\":\"fr-FR\",\"@id\":\"https:\\\/\\\/www.veltec.eu\\\/fr\\\/product\\\/tuyau-de-remplissage-pour-sac-filtrant-kirby-g3-a-g5-nl3137\\\/#primaryimage\",\"url\":\"https:\\\/\\\/www.veltec.eu\\\/wp-content\\\/uploads\\\/2018\\\/10\\\/kirby_vulslang_stofzak_g3_tm_g5-1.jpg\",\"contentUrl\":\"https:\\\/\\\/www.veltec.eu\\\/wp-content\\\/uploads\\\/2018\\\/10\\\/kirby_vulslang_stofzak_g3_tm_g5-1.jpg\",\"width\":300,\"height\":300,\"caption\":\"Tuyau de remplissage pour sac filtrant Kirby (G3 \u00e0 G5)\"},{\"@type\":\"BreadcrumbList\",\"@id\":\"https:\\\/\\\/www.veltec.eu\\\/fr\\\/product\\\/tuyau-de-remplissage-pour-sac-filtrant-kirby-g3-a-g5-nl3137\\\/#breadcrumb\",\"itemListElement\":[{\"@type\":\"ListItem\",\"position\":1,\"name\":\"Home\",\"item\":\"https:\\\/\\\/www.veltec.eu\\\/fr\\\/\"},{\"@type\":\"ListItem\",\"position\":2,\"name\":\"Produits\",\"item\":\"https:\\\/\\\/www.veltec.eu\\\/fr\\\/shop\\\/\"},{\"@type\":\"ListItem\",\"position\":3,\"name\":\"Tuyau de remplissage pour sac filtrant Kirby (G3 \u00e0 G5)\"}]},{\"@type\":\"WebSite\",\"@id\":\"https:\\\/\\\/www.veltec.eu\\\/en\\\/#website\",\"url\":\"https:\\\/\\\/www.veltec.eu\\\/en\\\/\",\"name\":\"Veltec Kirby specialist\",\"description\":\"Kirby stofzuiger producten\",\"publisher\":{\"@id\":\"https:\\\/\\\/www.veltec.eu\\\/en\\\/#organization\"},\"potentialAction\":[{\"@type\":\"SearchAction\",\"target\":{\"@type\":\"EntryPoint\",\"urlTemplate\":\"https:\\\/\\\/www.veltec.eu\\\/en\\\/?s={search_term_string}\"},\"query-input\":{\"@type\":\"PropertyValueSpecification\",\"valueRequired\":true,\"valueName\":\"search_term_string\"}}],\"inLanguage\":\"fr-FR\"},{\"@type\":\"Organization\",\"@id\":\"https:\\\/\\\/www.veltec.eu\\\/en\\\/#organization\",\"name\":\"Veltec Kirby Specialist\",\"url\":\"https:\\\/\\\/www.veltec.eu\\\/en\\\/\",\"logo\":{\"@type\":\"ImageObject\",\"inLanguage\":\"fr-FR\",\"@id\":\"https:\\\/\\\/www.veltec.eu\\\/en\\\/#\\\/schema\\\/logo\\\/image\\\/\",\"url\":\"https:\\\/\\\/www.veltec.eu\\\/wp-content\\\/uploads\\\/2021\\\/12\\\/Veltec-log-groot-e1537260889125.png\",\"contentUrl\":\"https:\\\/\\\/www.veltec.eu\\\/wp-content\\\/uploads\\\/2021\\\/12\\\/Veltec-log-groot-e1537260889125.png\",\"width\":200,\"height\":60,\"caption\":\"Veltec Kirby Specialist\"},\"image\":{\"@id\":\"https:\\\/\\\/www.veltec.eu\\\/en\\\/#\\\/schema\\\/logo\\\/image\\\/\"},\"sameAs\":[\"https:\\\/\\\/www.facebook.com\\\/Veltec-Kirby-Specialist-236746293374877\\\/\",\"https:\\\/\\\/www.youtube.com\\\/user\\\/VeltecService\"]}]}<\/script>\n<!-- \/ Yoast SEO Premium plugin. -->","yoast_head_json":{"title":"Tuyau de remplissage pour sac filtrant Kirby (G3 \u00e0 G5) - Veltec Kirby specialist","description":"Tuyau de remplissage pour sac filtrant Kirby (G3 \u00e0 G5) - Veltec est le fournisseur des aspirateurs Kirby depuis plus de 25 ans.","robots":{"index":"index","follow":"follow","max-snippet":"max-snippet:-1","max-image-preview":"max-image-preview:large","max-video-preview":"max-video-preview:-1"},"canonical":"https:\/\/www.veltec.eu\/fr\/product\/tuyau-de-remplissage-pour-sac-filtrant-kirby-g3-a-g5-nl3137\/","og_locale":"fr_FR","og_type":"article","og_title":"Tuyau de remplissage pour sac filtrant Kirby (G3 \u00e0 G5)","og_description":"Tuyau de remplissage de remplacement du tuyau existant, avec deux bandes de fixation renforc\u00e9es de c\u00e2ble.    En stock   Command\u00e9 23:59, exp\u00e9di\u00e9 demain  &nbsp;","og_url":"https:\/\/www.veltec.eu\/fr\/product\/tuyau-de-remplissage-pour-sac-filtrant-kirby-g3-a-g5-nl3137\/","og_site_name":"Veltec Kirby specialist","article_publisher":"https:\/\/www.facebook.com\/Veltec-Kirby-Specialist-236746293374877\/","article_modified_time":"2025-01-20T15:07:46+00:00","og_image":[{"width":300,"height":300,"url":"https:\/\/www.veltec.eu\/wp-content\/uploads\/2018\/10\/kirby_vulslang_stofzak_g3_tm_g5-1.jpg","type":"image\/jpeg"}],"twitter_card":"summary_large_image","twitter_misc":{"Dur\u00e9e de lecture estim\u00e9e":"3 minutes"},"schema":{"@context":"https:\/\/schema.org","@graph":[{"@type":"WebPage","@id":"https:\/\/www.veltec.eu\/fr\/product\/tuyau-de-remplissage-pour-sac-filtrant-kirby-g3-a-g5-nl3137\/","url":"https:\/\/www.veltec.eu\/fr\/product\/tuyau-de-remplissage-pour-sac-filtrant-kirby-g3-a-g5-nl3137\/","name":"Tuyau de remplissage pour sac filtrant Kirby (G3 \u00e0 G5) - Veltec Kirby specialist","isPartOf":{"@id":"https:\/\/www.veltec.eu\/en\/#website"},"primaryImageOfPage":{"@id":"https:\/\/www.veltec.eu\/fr\/product\/tuyau-de-remplissage-pour-sac-filtrant-kirby-g3-a-g5-nl3137\/#primaryimage"},"image":{"@id":"https:\/\/www.veltec.eu\/fr\/product\/tuyau-de-remplissage-pour-sac-filtrant-kirby-g3-a-g5-nl3137\/#primaryimage"},"thumbnailUrl":"https:\/\/www.veltec.eu\/wp-content\/uploads\/2018\/10\/kirby_vulslang_stofzak_g3_tm_g5-1.jpg","datePublished":"2018-10-16T10:38:06+00:00","dateModified":"2025-01-20T15:07:46+00:00","description":"Tuyau de remplissage pour sac filtrant Kirby (G3 \u00e0 G5) - Veltec est le fournisseur des aspirateurs Kirby depuis plus de 25 ans.","breadcrumb":{"@id":"https:\/\/www.veltec.eu\/fr\/product\/tuyau-de-remplissage-pour-sac-filtrant-kirby-g3-a-g5-nl3137\/#breadcrumb"},"inLanguage":"fr-FR","potentialAction":[{"@type":"ReadAction","target":["https:\/\/www.veltec.eu\/fr\/product\/tuyau-de-remplissage-pour-sac-filtrant-kirby-g3-a-g5-nl3137\/"]}]},{"@type":"ImageObject","inLanguage":"fr-FR","@id":"https:\/\/www.veltec.eu\/fr\/product\/tuyau-de-remplissage-pour-sac-filtrant-kirby-g3-a-g5-nl3137\/#primaryimage","url":"https:\/\/www.veltec.eu\/wp-content\/uploads\/2018\/10\/kirby_vulslang_stofzak_g3_tm_g5-1.jpg","contentUrl":"https:\/\/www.veltec.eu\/wp-content\/uploads\/2018\/10\/kirby_vulslang_stofzak_g3_tm_g5-1.jpg","width":300,"height":300,"caption":"Tuyau de remplissage pour sac filtrant Kirby (G3 \u00e0 G5)"},{"@type":"BreadcrumbList","@id":"https:\/\/www.veltec.eu\/fr\/product\/tuyau-de-remplissage-pour-sac-filtrant-kirby-g3-a-g5-nl3137\/#breadcrumb","itemListElement":[{"@type":"ListItem","position":1,"name":"Home","item":"https:\/\/www.veltec.eu\/fr\/"},{"@type":"ListItem","position":2,"name":"Produits","item":"https:\/\/www.veltec.eu\/fr\/shop\/"},{"@type":"ListItem","position":3,"name":"Tuyau de remplissage pour sac filtrant Kirby (G3 \u00e0 G5)"}]},{"@type":"WebSite","@id":"https:\/\/www.veltec.eu\/en\/#website","url":"https:\/\/www.veltec.eu\/en\/","name":"Veltec Kirby specialist","description":"Kirby stofzuiger producten","publisher":{"@id":"https:\/\/www.veltec.eu\/en\/#organization"},"potentialAction":[{"@type":"SearchAction","target":{"@type":"EntryPoint","urlTemplate":"https:\/\/www.veltec.eu\/en\/?s={search_term_string}"},"query-input":{"@type":"PropertyValueSpecification","valueRequired":true,"valueName":"search_term_string"}}],"inLanguage":"fr-FR"},{"@type":"Organization","@id":"https:\/\/www.veltec.eu\/en\/#organization","name":"Veltec Kirby Specialist","url":"https:\/\/www.veltec.eu\/en\/","logo":{"@type":"ImageObject","inLanguage":"fr-FR","@id":"https:\/\/www.veltec.eu\/en\/#\/schema\/logo\/image\/","url":"https:\/\/www.veltec.eu\/wp-content\/uploads\/2021\/12\/Veltec-log-groot-e1537260889125.png","contentUrl":"https:\/\/www.veltec.eu\/wp-content\/uploads\/2021\/12\/Veltec-log-groot-e1537260889125.png","width":200,"height":60,"caption":"Veltec Kirby Specialist"},"image":{"@id":"https:\/\/www.veltec.eu\/en\/#\/schema\/logo\/image\/"},"sameAs":["https:\/\/www.facebook.com\/Veltec-Kirby-Specialist-236746293374877\/","https:\/\/www.youtube.com\/user\/VeltecService"]}]}},"_links":{"self":[{"href":"https:\/\/www.veltec.eu\/fr\/wp-json\/wp\/v2\/product\/12146","targetHints":{"allow":["GET"]}}],"collection":[{"href":"https:\/\/www.veltec.eu\/fr\/wp-json\/wp\/v2\/product"}],"about":[{"href":"https:\/\/www.veltec.eu\/fr\/wp-json\/wp\/v2\/types\/product"}],"replies":[{"embeddable":true,"href":"https:\/\/www.veltec.eu\/fr\/wp-json\/wp\/v2\/comments?post=12146"}],"wp:featuredmedia":[{"embeddable":true,"href":"https:\/\/www.veltec.eu\/fr\/wp-json\/wp\/v2\/media\/5905"}],"wp:attachment":[{"href":"https:\/\/www.veltec.eu\/fr\/wp-json\/wp\/v2\/media?parent=12146"}],"wp:term":[{"taxonomy":"product_brand","embeddable":true,"href":"https:\/\/www.veltec.eu\/fr\/wp-json\/wp\/v2\/product_brand?post=12146"},{"taxonomy":"product_cat","embeddable":true,"href":"https:\/\/www.veltec.eu\/fr\/wp-json\/wp\/v2\/product_cat?post=12146"},{"taxonomy":"product_tag","embeddable":true,"href":"https:\/\/www.veltec.eu\/fr\/wp-json\/wp\/v2\/product_tag?post=12146"}],"curies":[{"name":"wp","href":"https:\/\/api.w.org\/{rel}","templated":true}]}}