{"id":12141,"date":"2018-10-16T12:50:31","date_gmt":"2018-10-16T10:50:31","guid":{"rendered":"https:\/\/www.veltec.eu\/kirby-webshop\/raccord-de-tuyau-de-remplissage-nl3007\/"},"modified":"2025-01-20T16:11:38","modified_gmt":"2025-01-20T14:11:38","slug":"raccord-de-tuyau-de-remplissage-kirby-nl3007","status":"publish","type":"product","link":"https:\/\/www.veltec.eu\/fr\/product\/raccord-de-tuyau-de-remplissage-kirby-nl3007\/","title":{"rendered":"Raccord De Tuyau De Remplissage Kirby"},"content":{"rendered":"<h1>Raccord De Tuyau De Remplissage Kirby<\/h1>\n<p>Raccord De Tuyau De Remplissage Kirby pour le sac de l&#8217;aspirateur Kirby.<\/p>\n<p><strong>Ce raccord convient \u00e0 tous les aspirateurs Kirby ;<\/strong><\/p>\n<ul>\n<li>Avalir Platinum<\/li>\n<li>Avalir 2<\/li>\n<li>Avalir 1<\/li>\n<li>Sentria 2 (G10D)<\/li>\n<li>Sentria 1 (G10)<\/li>\n<li>Ultimate G Diamond Ed.(G7D or DE)<\/li>\n<li>Ultimate G (G7 or UG)<\/li>\n<li>Generation 6 (G6)<\/li>\n<li>Generation 5 (G5)<\/li>\n<li>Generation 4 (G4)<\/li>\n<li>Generation 3 (G3)<\/li>\n<\/ul>\n<div class=\"flex max-w-full flex-col flex-grow\">\n<div class=\"min-h-8 text-message flex w-full flex-col items-end gap-2 whitespace-normal break-words text-start [.text-message+&amp;]:mt-5\" dir=\"auto\" data-message-author-role=\"assistant\" data-message-id=\"0e8de7e0-26f4-48d9-8b87-63a7b4c35d81\" data-message-model-slug=\"gpt-4o\">\n<div class=\"flex w-full flex-col gap-1 empty:hidden first:pt-[3px]\">\n<div class=\"markdown prose w-full break-words dark:prose-invert light\">\n<h3>Raccord De Tuyau De Remplissage Kirby &#8211; Convient aux sacs d&#8217;aspirateur de type Twist<\/h3>\n<p>Le tuyau de remplissage Kirby Connection est un accessoire essentiel pour les utilisateurs d&#8217;aspirateurs Kirby. Cet embout facilite le raccordement correct des sacs d&#8217;aspirateur, ce qui vous garantit toujours des performances optimales. Gr\u00e2ce \u00e0 sa compatibilit\u00e9 avec les anciens et les nouveaux connecteurs, ce raccord est indispensable pour tous ceux qui souhaitent passer l&#8217;aspirateur de mani\u00e8re efficace.<\/p>\n<p><a href=\"https:\/\/www.veltec.eu\/fr\/sac-exterieur-et-accessoires-kirby\/\">Vous trouverez ici tout ce qu&#8217;il faut savoir sur le sac ext\u00e9rieur et les accessoires Kirby<\/a><\/p>\n<h3>Qu&#8217;est-ce que le tuyau de remplissage Kirby Connection ?<\/h3>\n<p>Le Raccord De Tuyau De Remplissage Kirby est le raccord dont vous avez besoin pour installer correctement vos sacs d&#8217;aspirateur Kirby. Ce nouveau mod\u00e8le est sp\u00e9cialement con\u00e7u pour les sacs de type Twist, mais fonctionne \u00e9galement sans probl\u00e8me avec les mod\u00e8les ant\u00e9rieurs. Gr\u00e2ce \u00e0 ce raccord innovant, vous n&#8217;aurez plus \u00e0 vous soucier des probl\u00e8mes de compatibilit\u00e9.<\/p>\n<p><strong>Caract\u00e9ristiques principales de ce produit :<\/strong><\/p>\n<ul>\n<li>Convient \u00e0 tous les sacs d&#8217;aspirateur Kirby.<\/li>\n<li>Installation et utilisation faciles.<\/li>\n<li>Fabriqu\u00e9 en mat\u00e9riaux durables pour une longue dur\u00e9e de vie.<\/li>\n<\/ul>\n<h3>Pourquoi choisir la nouvelle connexion ?<\/h3>\n<p>Avec l&#8217;introduction des sacs de type Twist, Kirby a am\u00e9lior\u00e9 la fonctionnalit\u00e9 et la facilit\u00e9 d&#8217;utilisation. Cela signifie que la connexion Kirby s&#8217;adapte parfaitement \u00e0 la derni\u00e8re g\u00e9n\u00e9ration de sacs d&#8217;aspirateur. Toutefois, gr\u00e2ce \u00e0 sa conception universelle, la connexion fonctionne \u00e9galement avec les sacs plus anciens. Cela fait de ce produit un choix \u00e9volutif pour tous les utilisateurs.<\/p>\n<p><strong>Avantages de la nouvelle connexion :<\/strong><\/p>\n<ul>\n<li>Compatibilit\u00e9 sans faille avec les anciens et les nouveaux sacs.<\/li>\n<li>Moins de risque de fuite ou de mauvaise connexion.<\/li>\n<li>Convient \u00e0 tous les mod\u00e8les Kirby.<\/li>\n<li>Compatibilit\u00e9 universelle<\/li>\n<\/ul>\n<p>L&#8217;un des principaux avantages de cette connexion est que le type de sac utilis\u00e9 n&#8217;a plus d&#8217;importance. Tous les sacs d&#8217;aspirateur Kirby sont aujourd&#8217;hui con\u00e7us pour fonctionner avec les anciens et les nouveaux raccords. Cela vous permet d&#8217;\u00e9conomiser du temps et des efforts lors du choix des sacs.<\/p>\n<h3>Commandez d\u00e8s aujourd&#8217;hui !<\/h3>\n<p>Avec le Kirby Connection, vous disposez d&#8217;un produit fiable et facile \u00e0 utiliser. Que vous passiez aux nouveaux sacs de style Twist ou que vous utilisiez encore des mod\u00e8les plus anciens, cette connexion offre la solution parfaite. N&#8217;attendez plus et assurez-vous que votre aspirateur Kirby fonctionne toujours de mani\u00e8re optimale !<\/p>\n<p>Offrez \u00e0 votre aspirateur la mise \u00e0 niveau qu&#8217;il m\u00e9rite et commandez d\u00e8s aujourd&#8217;hui le Raccord De Tuyau De Remplissage Kirby. B\u00e9n\u00e9ficiez d&#8217;une connexion transparente, d&#8217;une utilisation facile et d&#8217;une compatibilit\u00e9 universelle, le tout dans un design durable et fiable.<\/p>\n<\/div>\n<\/div>\n<\/div>\n<\/div>\n","protected":false},"excerpt":{"rendered":"<p>Raccord de connexion du sac filtrant au tuyau de remplissage.<\/p>\n[trustindex data-widget-id=e3bb80b24fa128098b960fc2439]\n<h3><span style=\"color: #008000;\"><br \/>\nEn stock<\/span><\/h3>\n[av_font_icon icon='ue812' font='entypo-fontello' style='' caption='' size='25px' position='left' color='#43ad66' link='' linktarget='' title_attr='' sonar_effect_effect='' sonar_effect_color='' sonar_effect_duration='1' sonar_effect_scale='' sonar_effect_opac='0.5' animation='' id='' custom_class='' template_class='' av_uid='' sc_version='1.0' admin_preview_bg=''][\/av_font_icon]\n<p><span style=\"color: #008000;\">Command\u00e9 23:59, exp\u00e9di\u00e9 demain<\/span><\/p>\n<p>&nbsp;<\/p>\n","protected":false},"featured_media":5922,"comment_status":"open","ping_status":"closed","template":"","meta":[],"product_brand":[],"product_cat":[367],"product_tag":[],"class_list":{"0":"post-12141","1":"product","2":"type-product","3":"status-publish","4":"has-post-thumbnail","6":"product_cat-sac-exterieur-et-accessoires-kirby","7":"product_shipping_class-klein-de-fr","9":"first","10":"instock","11":"taxable","12":"shipping-taxable","13":"purchasable","14":"product-type-simple"},"yoast_head":"<!-- This site is optimized with the Yoast SEO Premium plugin v27.1 (Yoast SEO v27.3) - https:\/\/yoast.com\/product\/yoast-seo-premium-wordpress\/ -->\n<title>Raccord De Tuyau De Remplissage Kirby - Veltec Kirby specialist<\/title>\n<meta name=\"description\" content=\"Raccord De Tuyau De Remplissage - Kirby Veltec est le fournisseur des aspirateurs Kirby depuis plus de 25 ans. Veltec Kirby.\" \/>\n<meta name=\"robots\" content=\"index, follow, max-snippet:-1, max-image-preview:large, max-video-preview:-1\" \/>\n<link rel=\"canonical\" href=\"https:\/\/www.veltec.eu\/nl\/product\/kirby-aansluiting-vulslang-nl3007\/\" \/>\n<meta property=\"og:locale\" content=\"fr_FR\" \/>\n<meta property=\"og:type\" content=\"article\" \/>\n<meta property=\"og:title\" content=\"Raccord De Tuyau De Remplissage Kirby\" \/>\n<meta property=\"og:description\" content=\"Raccord de connexion du sac filtrant au tuyau de remplissage.    En stock   Command\u00e9 23:59, exp\u00e9di\u00e9 demain  &nbsp;\" \/>\n<meta property=\"og:url\" content=\"https:\/\/www.veltec.eu\/nl\/product\/kirby-aansluiting-vulslang-nl3007\/\" \/>\n<meta property=\"og:site_name\" content=\"Veltec Kirby specialist\" \/>\n<meta property=\"article:publisher\" content=\"https:\/\/www.facebook.com\/Veltec-Kirby-Specialist-236746293374877\/\" \/>\n<meta property=\"article:modified_time\" content=\"2025-01-20T14:11:38+00:00\" \/>\n<meta property=\"og:image\" content=\"https:\/\/www.veltec.eu\/wp-content\/uploads\/2018\/10\/kirby_aansluiting_vulslang.jpg\" \/>\n\t<meta property=\"og:image:width\" content=\"300\" \/>\n\t<meta property=\"og:image:height\" content=\"300\" \/>\n\t<meta property=\"og:image:type\" content=\"image\/jpeg\" \/>\n<meta name=\"twitter:card\" content=\"summary_large_image\" \/>\n<meta name=\"twitter:label1\" content=\"Dur\u00e9e de lecture estim\u00e9e\" \/>\n\t<meta name=\"twitter:data1\" content=\"3 minutes\" \/>\n<script type=\"application\/ld+json\" class=\"yoast-schema-graph\">{\"@context\":\"https:\\\/\\\/schema.org\",\"@graph\":[{\"@type\":\"WebPage\",\"@id\":\"https:\\\/\\\/www.veltec.eu\\\/nl\\\/product\\\/kirby-aansluiting-vulslang-nl3007\\\/\",\"url\":\"https:\\\/\\\/www.veltec.eu\\\/nl\\\/product\\\/kirby-aansluiting-vulslang-nl3007\\\/\",\"name\":\"Raccord De Tuyau De Remplissage Kirby - Veltec Kirby specialist\",\"isPartOf\":{\"@id\":\"https:\\\/\\\/www.veltec.eu\\\/en\\\/#website\"},\"primaryImageOfPage\":{\"@id\":\"https:\\\/\\\/www.veltec.eu\\\/nl\\\/product\\\/kirby-aansluiting-vulslang-nl3007\\\/#primaryimage\"},\"image\":{\"@id\":\"https:\\\/\\\/www.veltec.eu\\\/nl\\\/product\\\/kirby-aansluiting-vulslang-nl3007\\\/#primaryimage\"},\"thumbnailUrl\":\"https:\\\/\\\/www.veltec.eu\\\/wp-content\\\/uploads\\\/2018\\\/10\\\/kirby_aansluiting_vulslang.jpg\",\"datePublished\":\"2018-10-16T10:50:31+00:00\",\"dateModified\":\"2025-01-20T14:11:38+00:00\",\"description\":\"Raccord De Tuyau De Remplissage - Kirby Veltec est le fournisseur des aspirateurs Kirby depuis plus de 25 ans. Veltec Kirby.\",\"breadcrumb\":{\"@id\":\"https:\\\/\\\/www.veltec.eu\\\/nl\\\/product\\\/kirby-aansluiting-vulslang-nl3007\\\/#breadcrumb\"},\"inLanguage\":\"fr-FR\",\"potentialAction\":[{\"@type\":\"ReadAction\",\"target\":[\"https:\\\/\\\/www.veltec.eu\\\/nl\\\/product\\\/kirby-aansluiting-vulslang-nl3007\\\/\"]}]},{\"@type\":\"ImageObject\",\"inLanguage\":\"fr-FR\",\"@id\":\"https:\\\/\\\/www.veltec.eu\\\/nl\\\/product\\\/kirby-aansluiting-vulslang-nl3007\\\/#primaryimage\",\"url\":\"https:\\\/\\\/www.veltec.eu\\\/wp-content\\\/uploads\\\/2018\\\/10\\\/kirby_aansluiting_vulslang.jpg\",\"contentUrl\":\"https:\\\/\\\/www.veltec.eu\\\/wp-content\\\/uploads\\\/2018\\\/10\\\/kirby_aansluiting_vulslang.jpg\",\"width\":300,\"height\":300,\"caption\":\"Raccord De Tuyau De Remplissage Kirby\"},{\"@type\":\"BreadcrumbList\",\"@id\":\"https:\\\/\\\/www.veltec.eu\\\/nl\\\/product\\\/kirby-aansluiting-vulslang-nl3007\\\/#breadcrumb\",\"itemListElement\":[{\"@type\":\"ListItem\",\"position\":1,\"name\":\"Home\",\"item\":\"https:\\\/\\\/www.veltec.eu\\\/fr\\\/\"},{\"@type\":\"ListItem\",\"position\":2,\"name\":\"Produits\",\"item\":\"https:\\\/\\\/www.veltec.eu\\\/fr\\\/shop\\\/\"},{\"@type\":\"ListItem\",\"position\":3,\"name\":\"Raccord De Tuyau De Remplissage Kirby\"}]},{\"@type\":\"WebSite\",\"@id\":\"https:\\\/\\\/www.veltec.eu\\\/en\\\/#website\",\"url\":\"https:\\\/\\\/www.veltec.eu\\\/en\\\/\",\"name\":\"Veltec Kirby specialist\",\"description\":\"Kirby stofzuiger producten\",\"publisher\":{\"@id\":\"https:\\\/\\\/www.veltec.eu\\\/en\\\/#organization\"},\"potentialAction\":[{\"@type\":\"SearchAction\",\"target\":{\"@type\":\"EntryPoint\",\"urlTemplate\":\"https:\\\/\\\/www.veltec.eu\\\/en\\\/?s={search_term_string}\"},\"query-input\":{\"@type\":\"PropertyValueSpecification\",\"valueRequired\":true,\"valueName\":\"search_term_string\"}}],\"inLanguage\":\"fr-FR\"},{\"@type\":\"Organization\",\"@id\":\"https:\\\/\\\/www.veltec.eu\\\/en\\\/#organization\",\"name\":\"Veltec Kirby Specialist\",\"url\":\"https:\\\/\\\/www.veltec.eu\\\/en\\\/\",\"logo\":{\"@type\":\"ImageObject\",\"inLanguage\":\"fr-FR\",\"@id\":\"https:\\\/\\\/www.veltec.eu\\\/en\\\/#\\\/schema\\\/logo\\\/image\\\/\",\"url\":\"https:\\\/\\\/www.veltec.eu\\\/wp-content\\\/uploads\\\/2021\\\/12\\\/Veltec-log-groot-e1537260889125.png\",\"contentUrl\":\"https:\\\/\\\/www.veltec.eu\\\/wp-content\\\/uploads\\\/2021\\\/12\\\/Veltec-log-groot-e1537260889125.png\",\"width\":200,\"height\":60,\"caption\":\"Veltec Kirby Specialist\"},\"image\":{\"@id\":\"https:\\\/\\\/www.veltec.eu\\\/en\\\/#\\\/schema\\\/logo\\\/image\\\/\"},\"sameAs\":[\"https:\\\/\\\/www.facebook.com\\\/Veltec-Kirby-Specialist-236746293374877\\\/\",\"https:\\\/\\\/www.youtube.com\\\/user\\\/VeltecService\"]}]}<\/script>\n<!-- \/ Yoast SEO Premium plugin. -->","yoast_head_json":{"title":"Raccord De Tuyau De Remplissage Kirby - Veltec Kirby specialist","description":"Raccord De Tuyau De Remplissage - Kirby Veltec est le fournisseur des aspirateurs Kirby depuis plus de 25 ans. Veltec Kirby.","robots":{"index":"index","follow":"follow","max-snippet":"max-snippet:-1","max-image-preview":"max-image-preview:large","max-video-preview":"max-video-preview:-1"},"canonical":"https:\/\/www.veltec.eu\/nl\/product\/kirby-aansluiting-vulslang-nl3007\/","og_locale":"fr_FR","og_type":"article","og_title":"Raccord De Tuyau De Remplissage Kirby","og_description":"Raccord de connexion du sac filtrant au tuyau de remplissage.    En stock   Command\u00e9 23:59, exp\u00e9di\u00e9 demain  &nbsp;","og_url":"https:\/\/www.veltec.eu\/nl\/product\/kirby-aansluiting-vulslang-nl3007\/","og_site_name":"Veltec Kirby specialist","article_publisher":"https:\/\/www.facebook.com\/Veltec-Kirby-Specialist-236746293374877\/","article_modified_time":"2025-01-20T14:11:38+00:00","og_image":[{"width":300,"height":300,"url":"https:\/\/www.veltec.eu\/wp-content\/uploads\/2018\/10\/kirby_aansluiting_vulslang.jpg","type":"image\/jpeg"}],"twitter_card":"summary_large_image","twitter_misc":{"Dur\u00e9e de lecture estim\u00e9e":"3 minutes"},"schema":{"@context":"https:\/\/schema.org","@graph":[{"@type":"WebPage","@id":"https:\/\/www.veltec.eu\/nl\/product\/kirby-aansluiting-vulslang-nl3007\/","url":"https:\/\/www.veltec.eu\/nl\/product\/kirby-aansluiting-vulslang-nl3007\/","name":"Raccord De Tuyau De Remplissage Kirby - Veltec Kirby specialist","isPartOf":{"@id":"https:\/\/www.veltec.eu\/en\/#website"},"primaryImageOfPage":{"@id":"https:\/\/www.veltec.eu\/nl\/product\/kirby-aansluiting-vulslang-nl3007\/#primaryimage"},"image":{"@id":"https:\/\/www.veltec.eu\/nl\/product\/kirby-aansluiting-vulslang-nl3007\/#primaryimage"},"thumbnailUrl":"https:\/\/www.veltec.eu\/wp-content\/uploads\/2018\/10\/kirby_aansluiting_vulslang.jpg","datePublished":"2018-10-16T10:50:31+00:00","dateModified":"2025-01-20T14:11:38+00:00","description":"Raccord De Tuyau De Remplissage - Kirby Veltec est le fournisseur des aspirateurs Kirby depuis plus de 25 ans. Veltec Kirby.","breadcrumb":{"@id":"https:\/\/www.veltec.eu\/nl\/product\/kirby-aansluiting-vulslang-nl3007\/#breadcrumb"},"inLanguage":"fr-FR","potentialAction":[{"@type":"ReadAction","target":["https:\/\/www.veltec.eu\/nl\/product\/kirby-aansluiting-vulslang-nl3007\/"]}]},{"@type":"ImageObject","inLanguage":"fr-FR","@id":"https:\/\/www.veltec.eu\/nl\/product\/kirby-aansluiting-vulslang-nl3007\/#primaryimage","url":"https:\/\/www.veltec.eu\/wp-content\/uploads\/2018\/10\/kirby_aansluiting_vulslang.jpg","contentUrl":"https:\/\/www.veltec.eu\/wp-content\/uploads\/2018\/10\/kirby_aansluiting_vulslang.jpg","width":300,"height":300,"caption":"Raccord De Tuyau De Remplissage Kirby"},{"@type":"BreadcrumbList","@id":"https:\/\/www.veltec.eu\/nl\/product\/kirby-aansluiting-vulslang-nl3007\/#breadcrumb","itemListElement":[{"@type":"ListItem","position":1,"name":"Home","item":"https:\/\/www.veltec.eu\/fr\/"},{"@type":"ListItem","position":2,"name":"Produits","item":"https:\/\/www.veltec.eu\/fr\/shop\/"},{"@type":"ListItem","position":3,"name":"Raccord De Tuyau De Remplissage Kirby"}]},{"@type":"WebSite","@id":"https:\/\/www.veltec.eu\/en\/#website","url":"https:\/\/www.veltec.eu\/en\/","name":"Veltec Kirby specialist","description":"Kirby stofzuiger producten","publisher":{"@id":"https:\/\/www.veltec.eu\/en\/#organization"},"potentialAction":[{"@type":"SearchAction","target":{"@type":"EntryPoint","urlTemplate":"https:\/\/www.veltec.eu\/en\/?s={search_term_string}"},"query-input":{"@type":"PropertyValueSpecification","valueRequired":true,"valueName":"search_term_string"}}],"inLanguage":"fr-FR"},{"@type":"Organization","@id":"https:\/\/www.veltec.eu\/en\/#organization","name":"Veltec Kirby Specialist","url":"https:\/\/www.veltec.eu\/en\/","logo":{"@type":"ImageObject","inLanguage":"fr-FR","@id":"https:\/\/www.veltec.eu\/en\/#\/schema\/logo\/image\/","url":"https:\/\/www.veltec.eu\/wp-content\/uploads\/2021\/12\/Veltec-log-groot-e1537260889125.png","contentUrl":"https:\/\/www.veltec.eu\/wp-content\/uploads\/2021\/12\/Veltec-log-groot-e1537260889125.png","width":200,"height":60,"caption":"Veltec Kirby Specialist"},"image":{"@id":"https:\/\/www.veltec.eu\/en\/#\/schema\/logo\/image\/"},"sameAs":["https:\/\/www.facebook.com\/Veltec-Kirby-Specialist-236746293374877\/","https:\/\/www.youtube.com\/user\/VeltecService"]}]}},"_links":{"self":[{"href":"https:\/\/www.veltec.eu\/fr\/wp-json\/wp\/v2\/product\/12141","targetHints":{"allow":["GET"]}}],"collection":[{"href":"https:\/\/www.veltec.eu\/fr\/wp-json\/wp\/v2\/product"}],"about":[{"href":"https:\/\/www.veltec.eu\/fr\/wp-json\/wp\/v2\/types\/product"}],"replies":[{"embeddable":true,"href":"https:\/\/www.veltec.eu\/fr\/wp-json\/wp\/v2\/comments?post=12141"}],"wp:featuredmedia":[{"embeddable":true,"href":"https:\/\/www.veltec.eu\/fr\/wp-json\/wp\/v2\/media\/5922"}],"wp:attachment":[{"href":"https:\/\/www.veltec.eu\/fr\/wp-json\/wp\/v2\/media?parent=12141"}],"wp:term":[{"taxonomy":"product_brand","embeddable":true,"href":"https:\/\/www.veltec.eu\/fr\/wp-json\/wp\/v2\/product_brand?post=12141"},{"taxonomy":"product_cat","embeddable":true,"href":"https:\/\/www.veltec.eu\/fr\/wp-json\/wp\/v2\/product_cat?post=12141"},{"taxonomy":"product_tag","embeddable":true,"href":"https:\/\/www.veltec.eu\/fr\/wp-json\/wp\/v2\/product_tag?post=12141"}],"curies":[{"name":"wp","href":"https:\/\/api.w.org\/{rel}","templated":true}]}}