{"id":12136,"date":"2018-10-16T12:54:41","date_gmt":"2018-10-16T10:54:41","guid":{"rendered":"https:\/\/www.veltec.eu\/kirby-webshop\/raccord-de-tuyau-de-remplissage-f-style-nl3008\/"},"modified":"2025-01-02T16:43:57","modified_gmt":"2025-01-02T14:43:57","slug":"raccord-de-tuyau-de-remplissage-kirby-f-style-nl3008","status":"publish","type":"product","link":"https:\/\/www.veltec.eu\/fr\/product\/raccord-de-tuyau-de-remplissage-kirby-f-style-nl3008\/","title":{"rendered":"Raccord De Tuyau De Remplissage Kirby \u2013 F-Style"},"content":{"rendered":"<h1>Raccord De Tuyau De Remplissage Kirby \u2013 F-Style<\/h1>\n<p>Raccord De Tuyau De Remplissage Kirby \u2013 F-Style (raccord pour le sac \u00e0 vide sur le tuyau de remplissage).<\/p>\n<p><strong>Ce raccord convient \u00e0 tous les aspirateurs Kirby ;<\/strong><\/p>\n<ul>\n<li>Avalir Platinum<\/li>\n<li>Avalir 2<\/li>\n<li>Avalir 1<\/li>\n<li>Sentria 2 (G10D)<\/li>\n<li>Sentria 1 (G10)<\/li>\n<li>Ultimate G Diamond Ed.(G7D or DE)<\/li>\n<li>Ultimate G (G7 or UG)<\/li>\n<li>Generation 6 (G6)<\/li>\n<li>Generation 5 (G5)<\/li>\n<li>Generation 4 (G4)<\/li>\n<li>Generation 3 (G3)<\/li>\n<\/ul>\n<h2>Raccord De Tuyau De Remplissage Kirby \u2013 F-Style : La solution parfaite pour vos sacs d&#8217;aspirateur<\/h2>\n<p>En tant que fier propri\u00e9taire d&#8217;un aspirateur Kirby, vous savez que l&#8217;entretien et les bons accessoires sont essentiels pour garantir des performances optimales. Le tuyau de remplissage de connexion F-style offre une solution efficace et polyvalente pour connecter vos sacs d&#8217;aspirateur. Vous trouverez ci-dessous les raisons pour lesquelles cette pi\u00e8ce est un compl\u00e9ment indispensable \u00e0 votre syst\u00e8me Kirby.<\/p>\n<p><a href=\"https:\/\/www.veltec.eu\/fr\/sac-exterieur-et-accessoires-kirby\/\">Vous trouverez ici tout ce qui concerne les sacs d&#8217;ext\u00e9rieur et les accessoires Kirby.<\/a><\/p>\n<h3>Qu&#8217;est-ce que le raccord de tuyau de remplissage en F ?<\/h3>\n<p>Le raccord de tuyau de remplissage de style F est l&#8217;embout actualis\u00e9 sp\u00e9cialement con\u00e7u pour \u00eatre utilis\u00e9 avec les sacs d&#8217;aspirateur de style F. Gr\u00e2ce \u00e0 ce raccord, il est possible de changer de sac d&#8217;aspirateur en un clin d&#8217;\u0153il. Gr\u00e2ce \u00e0 ce raccord, le remplacement des sacs d&#8217;aspirateur est plus facile que jamais. L&#8217;embout assure une connexion ferme et \u00e9tanche, garantissant une puissance d&#8217;aspiration optimale et aucune perte de particules de poussi\u00e8re.<\/p>\n<p><img decoding=\"async\" class=\"wp-image-72593 size-square\" style=\"font-size: 16px;\" title=\"Kirby Raccordement du tuyau de remplissage universel de type F\" src=\"https:\/\/www.veltec.eu\/wp-content\/uploads\/2018\/10\/universalcollar1-1-180x180.jpg\" alt=\"Kirby Raccordement du tuyau de remplissage universel de type F\" width=\"180\" height=\"180\" srcset=\"https:\/\/www.veltec.eu\/wp-content\/uploads\/2018\/10\/universalcollar1-1-180x180.jpg 180w, https:\/\/www.veltec.eu\/wp-content\/uploads\/2018\/10\/universalcollar1-1-300x300.jpg 300w, https:\/\/www.veltec.eu\/wp-content\/uploads\/2018\/10\/universalcollar1-1-80x80.jpg 80w, https:\/\/www.veltec.eu\/wp-content\/uploads\/2018\/10\/universalcollar1-1-36x36.jpg 36w, https:\/\/www.veltec.eu\/wp-content\/uploads\/2018\/10\/universalcollar1-1-120x120.jpg 120w, https:\/\/www.veltec.eu\/wp-content\/uploads\/2018\/10\/universalcollar1-1-450x450.jpg 450w, https:\/\/www.veltec.eu\/wp-content\/uploads\/2018\/10\/universalcollar1-1-100x100.jpg 100w, https:\/\/www.veltec.eu\/wp-content\/uploads\/2018\/10\/universalcollar1-1-60x60.jpg 60w, https:\/\/www.veltec.eu\/wp-content\/uploads\/2018\/10\/universalcollar1-1-90x90.jpg 90w, https:\/\/www.veltec.eu\/wp-content\/uploads\/2018\/10\/universalcollar1-1.jpg 500w\" sizes=\"(max-width: 180px) 100vw, 180px\" \/><\/p>\n<p>Kirby Raccordement du tuyau de remplissage universel de type F<\/p>\n<hr \/>\n<h3>Convient aux sacs d&#8217;aspirateur Kirby anciens et nouveaux<\/h3>\n<p>Les utilisateurs de Kirby se posent souvent la question suivante : \u00ab Ai-je le bon raccord pour mon sac d&#8217;aspirateur ? \u00bb La bonne nouvelle, c&#8217;est que tous les sacs d&#8217;aspirateur Kirby sont d\u00e9sormais compatibles avec les anciennes et les nouvelles prises de type F. Cela signifie que, quelle que soit la version de l&#8217;aspirateur Kirby que vous poss\u00e9dez, ce tuyau de remplissage s&#8217;adapte toujours parfaitement.<\/p>\n<p>Gr\u00e2ce \u00e0 cette conception universelle, vous b\u00e9n\u00e9ficiez d&#8217;une flexibilit\u00e9 maximale et vous n&#8217;avez pas \u00e0 vous soucier d&#8217;une compatibilit\u00e9 sp\u00e9cifique.<\/p>\n<h3>Avantages du tuyau de remplissage Kirby Connection F-style<\/h3>\n<p>1. Meilleure \u00e9tanch\u00e9it\u00e9 : le raccord de type F offre une meilleure \u00e9tanch\u00e9it\u00e9. La puissance d&#8217;aspiration reste ainsi optimale, m\u00eame en cas d&#8217;utilisation intensive.<br \/>\n2. Facile \u00e0 utiliser : Gr\u00e2ce \u00e0 sa conception pratique, vous pouvez changer les sacs d&#8217;aspirateur rapidement et sans effort.<br \/>\n3. Mat\u00e9riau durable : la buse est fabriqu\u00e9e dans un mat\u00e9riau de haute qualit\u00e9, ce qui lui conf\u00e8re une longue dur\u00e9e de vie.<br \/>\n4. Utilisation universelle : Convient aussi bien aux anciens qu&#8217;aux nouveaux mod\u00e8les Kirby, sans qu&#8217;il soit n\u00e9cessaire d&#8217;utiliser des adaptateurs suppl\u00e9mentaires.<\/p>\n<hr \/>\n<h3>Comment remplacer le tuyau de remplissage de Kirby ?<\/h3>\n<p>Le remplacement du tuyau de remplissage de type F est facile et ne prend que quelques minutes :<\/p>\n<ol>\n<li>Retirez l&#8217;ancien raccord : D\u00e9tachez le tuyau de remplissage actuel en le tournant et en le tirant doucement.<\/li>\n<li>Ins\u00e9rez le nouveau raccord F-style : appuyez fermement sur l&#8217;embout jusqu&#8217;\u00e0 ce que vous entendiez un clic.<\/li>\n<li>Fixez le sac de l&#8217;aspirateur : faites glisser le sac de l&#8217;aspirateur sur le raccord et assurez-vous qu&#8217;il est bien en place.<\/li>\n<\/ol>\n<p>Avec ces \u00e9tapes simples, vous \u00eates pr\u00eat \u00e0 profiter \u00e0 nouveau de votre aspirateur Kirby sans poussi\u00e8re !<\/p>\n<h3>Conclusion<\/h3>\n<p>Le tuyau de remplissage Connection F-style est une am\u00e9lioration pr\u00e9cieuse pour votre syst\u00e8me d&#8217;aspirateur Kirby. Gr\u00e2ce \u00e0 sa conception conviviale, sa compatibilit\u00e9 avec les sacs d&#8217;aspirateur anciens et nouveaux et ses mat\u00e9riaux durables, ce raccord offre un \u00e9quilibre parfait entre fonctionnalit\u00e9 et commodit\u00e9.<\/p>\n<p>Investissez dans la qualit\u00e9 et assurez-vous que votre Kirby fonctionne toujours au mieux. Commandez d\u00e8s aujourd&#8217;hui le raccord Fill Hose F-style et constatez vous-m\u00eame la diff\u00e9rence !<\/p>\n","protected":false},"excerpt":{"rendered":"<p>Raccord de connexion du sac filtrant au tuyau de remplissage.<\/p>\n[trustindex data-widget-id=e3bb80b24fa128098b960fc2439]\n<h3><span style=\"color: #008000;\"><br \/>\nEn stock<\/span><\/h3>\n[av_font_icon icon='ue812' font='entypo-fontello' style='' caption='' size='25px' position='left' color='#43ad66' link='' linktarget='' title_attr='' sonar_effect_effect='' sonar_effect_color='' sonar_effect_duration='1' sonar_effect_scale='' sonar_effect_opac='0.5' animation='' id='' custom_class='' template_class='' av_uid='' sc_version='1.0' admin_preview_bg=''][\/av_font_icon]\n<p><span style=\"color: #008000;\">Command\u00e9 23:59, exp\u00e9di\u00e9 demain<\/span><\/p>\n<p>&nbsp;<\/p>\n","protected":false},"featured_media":5931,"comment_status":"open","ping_status":"closed","template":"","meta":{"_acf_changed":false},"product_brand":[],"product_cat":[367],"product_tag":[],"class_list":{"0":"post-12136","1":"product","2":"type-product","3":"status-publish","4":"has-post-thumbnail","6":"product_cat-sac-exterieur-et-accessoires-kirby","7":"product_shipping_class-klein-de-fr","9":"first","10":"instock","11":"taxable","12":"shipping-taxable","13":"purchasable","14":"product-type-simple"},"acf":[],"yoast_head":"<!-- This site is optimized with the Yoast SEO Premium plugin v27.1 (Yoast SEO v27.4) - https:\/\/yoast.com\/product\/yoast-seo-premium-wordpress\/ -->\n<title>Raccord De Tuyau De Remplissage Kirby \u2013 F-Style - Veltec Kirby specialist<\/title>\n<meta name=\"description\" content=\"Raccord De Tuyau De Remplissage Kirby \u2013 F-Style Veltec est le fournisseur des aspirateurs Kirby depuis plus de 25 ans. Kirby specialist.\" \/>\n<meta name=\"robots\" content=\"index, follow, max-snippet:-1, max-image-preview:large, max-video-preview:-1\" \/>\n<link rel=\"canonical\" href=\"https:\/\/www.veltec.eu\/fr\/product\/raccord-de-tuyau-de-remplissage-kirby-f-style-nl3008\/\" \/>\n<meta property=\"og:locale\" content=\"fr_FR\" \/>\n<meta property=\"og:type\" content=\"article\" \/>\n<meta property=\"og:title\" content=\"Raccord De Tuyau De Remplissage Kirby \u2013 F-Style\" \/>\n<meta property=\"og:description\" content=\"Raccord de connexion du sac filtrant au tuyau de remplissage.    En stock   Command\u00e9 23:59, exp\u00e9di\u00e9 demain  &nbsp;\" \/>\n<meta property=\"og:url\" content=\"https:\/\/www.veltec.eu\/fr\/product\/raccord-de-tuyau-de-remplissage-kirby-f-style-nl3008\/\" \/>\n<meta property=\"og:site_name\" content=\"Veltec Kirby specialist\" \/>\n<meta property=\"article:publisher\" content=\"https:\/\/www.facebook.com\/Veltec-Kirby-Specialist-236746293374877\/\" \/>\n<meta property=\"article:modified_time\" content=\"2025-01-02T14:43:57+00:00\" \/>\n<meta property=\"og:image\" content=\"https:\/\/www.veltec.eu\/wp-content\/uploads\/2018\/10\/kirby_aansluiting_vulslang_f-style.jpg\" \/>\n\t<meta property=\"og:image:width\" content=\"300\" \/>\n\t<meta property=\"og:image:height\" content=\"300\" \/>\n\t<meta property=\"og:image:type\" content=\"image\/jpeg\" \/>\n<meta name=\"twitter:card\" content=\"summary_large_image\" \/>\n<meta name=\"twitter:label1\" content=\"Dur\u00e9e de lecture estim\u00e9e\" \/>\n\t<meta name=\"twitter:data1\" content=\"4 minutes\" \/>\n<script type=\"application\/ld+json\" class=\"yoast-schema-graph\">{\"@context\":\"https:\\\/\\\/schema.org\",\"@graph\":[{\"@type\":\"WebPage\",\"@id\":\"https:\\\/\\\/www.veltec.eu\\\/fr\\\/product\\\/raccord-de-tuyau-de-remplissage-kirby-f-style-nl3008\\\/\",\"url\":\"https:\\\/\\\/www.veltec.eu\\\/fr\\\/product\\\/raccord-de-tuyau-de-remplissage-kirby-f-style-nl3008\\\/\",\"name\":\"Raccord De Tuyau De Remplissage Kirby \u2013 F-Style - Veltec Kirby specialist\",\"isPartOf\":{\"@id\":\"https:\\\/\\\/www.veltec.eu\\\/en\\\/#website\"},\"primaryImageOfPage\":{\"@id\":\"https:\\\/\\\/www.veltec.eu\\\/fr\\\/product\\\/raccord-de-tuyau-de-remplissage-kirby-f-style-nl3008\\\/#primaryimage\"},\"image\":{\"@id\":\"https:\\\/\\\/www.veltec.eu\\\/fr\\\/product\\\/raccord-de-tuyau-de-remplissage-kirby-f-style-nl3008\\\/#primaryimage\"},\"thumbnailUrl\":\"https:\\\/\\\/www.veltec.eu\\\/wp-content\\\/uploads\\\/2018\\\/10\\\/kirby_aansluiting_vulslang_f-style.jpg\",\"datePublished\":\"2018-10-16T10:54:41+00:00\",\"dateModified\":\"2025-01-02T14:43:57+00:00\",\"description\":\"Raccord De Tuyau De Remplissage Kirby \u2013 F-Style Veltec est le fournisseur des aspirateurs Kirby depuis plus de 25 ans. Kirby specialist.\",\"breadcrumb\":{\"@id\":\"https:\\\/\\\/www.veltec.eu\\\/fr\\\/product\\\/raccord-de-tuyau-de-remplissage-kirby-f-style-nl3008\\\/#breadcrumb\"},\"inLanguage\":\"fr-FR\",\"potentialAction\":[{\"@type\":\"ReadAction\",\"target\":[\"https:\\\/\\\/www.veltec.eu\\\/fr\\\/product\\\/raccord-de-tuyau-de-remplissage-kirby-f-style-nl3008\\\/\"]}]},{\"@type\":\"ImageObject\",\"inLanguage\":\"fr-FR\",\"@id\":\"https:\\\/\\\/www.veltec.eu\\\/fr\\\/product\\\/raccord-de-tuyau-de-remplissage-kirby-f-style-nl3008\\\/#primaryimage\",\"url\":\"https:\\\/\\\/www.veltec.eu\\\/wp-content\\\/uploads\\\/2018\\\/10\\\/kirby_aansluiting_vulslang_f-style.jpg\",\"contentUrl\":\"https:\\\/\\\/www.veltec.eu\\\/wp-content\\\/uploads\\\/2018\\\/10\\\/kirby_aansluiting_vulslang_f-style.jpg\",\"width\":300,\"height\":300,\"caption\":\"Raccord De Tuyau De Remplissage Kirby \u2013 F-Style\"},{\"@type\":\"BreadcrumbList\",\"@id\":\"https:\\\/\\\/www.veltec.eu\\\/fr\\\/product\\\/raccord-de-tuyau-de-remplissage-kirby-f-style-nl3008\\\/#breadcrumb\",\"itemListElement\":[{\"@type\":\"ListItem\",\"position\":1,\"name\":\"Home\",\"item\":\"https:\\\/\\\/www.veltec.eu\\\/fr\\\/\"},{\"@type\":\"ListItem\",\"position\":2,\"name\":\"Kirby Shop\",\"item\":\"https:\\\/\\\/www.veltec.eu\\\/nl\\\/shop-page\\\/\"},{\"@type\":\"ListItem\",\"position\":3,\"name\":\"Raccord De Tuyau De Remplissage Kirby \u2013 F-Style\"}]},{\"@type\":\"WebSite\",\"@id\":\"https:\\\/\\\/www.veltec.eu\\\/en\\\/#website\",\"url\":\"https:\\\/\\\/www.veltec.eu\\\/en\\\/\",\"name\":\"Veltec Kirby specialist\",\"description\":\"Kirby stofzuiger producten\",\"publisher\":{\"@id\":\"https:\\\/\\\/www.veltec.eu\\\/en\\\/#organization\"},\"potentialAction\":[{\"@type\":\"SearchAction\",\"target\":{\"@type\":\"EntryPoint\",\"urlTemplate\":\"https:\\\/\\\/www.veltec.eu\\\/en\\\/?s={search_term_string}\"},\"query-input\":{\"@type\":\"PropertyValueSpecification\",\"valueRequired\":true,\"valueName\":\"search_term_string\"}}],\"inLanguage\":\"fr-FR\"},{\"@type\":\"Organization\",\"@id\":\"https:\\\/\\\/www.veltec.eu\\\/en\\\/#organization\",\"name\":\"Veltec Kirby Specialist\",\"url\":\"https:\\\/\\\/www.veltec.eu\\\/en\\\/\",\"logo\":{\"@type\":\"ImageObject\",\"inLanguage\":\"fr-FR\",\"@id\":\"https:\\\/\\\/www.veltec.eu\\\/en\\\/#\\\/schema\\\/logo\\\/image\\\/\",\"url\":\"https:\\\/\\\/www.veltec.eu\\\/wp-content\\\/uploads\\\/2021\\\/12\\\/Veltec-log-groot-e1537260889125.png\",\"contentUrl\":\"https:\\\/\\\/www.veltec.eu\\\/wp-content\\\/uploads\\\/2021\\\/12\\\/Veltec-log-groot-e1537260889125.png\",\"width\":200,\"height\":60,\"caption\":\"Veltec Kirby Specialist\"},\"image\":{\"@id\":\"https:\\\/\\\/www.veltec.eu\\\/en\\\/#\\\/schema\\\/logo\\\/image\\\/\"},\"sameAs\":[\"https:\\\/\\\/www.facebook.com\\\/Veltec-Kirby-Specialist-236746293374877\\\/\",\"https:\\\/\\\/www.youtube.com\\\/user\\\/VeltecService\"]}]}<\/script>\n<!-- \/ Yoast SEO Premium plugin. -->","yoast_head_json":{"title":"Raccord De Tuyau De Remplissage Kirby \u2013 F-Style - Veltec Kirby specialist","description":"Raccord De Tuyau De Remplissage Kirby \u2013 F-Style Veltec est le fournisseur des aspirateurs Kirby depuis plus de 25 ans. Kirby specialist.","robots":{"index":"index","follow":"follow","max-snippet":"max-snippet:-1","max-image-preview":"max-image-preview:large","max-video-preview":"max-video-preview:-1"},"canonical":"https:\/\/www.veltec.eu\/fr\/product\/raccord-de-tuyau-de-remplissage-kirby-f-style-nl3008\/","og_locale":"fr_FR","og_type":"article","og_title":"Raccord De Tuyau De Remplissage Kirby \u2013 F-Style","og_description":"Raccord de connexion du sac filtrant au tuyau de remplissage.    En stock   Command\u00e9 23:59, exp\u00e9di\u00e9 demain  &nbsp;","og_url":"https:\/\/www.veltec.eu\/fr\/product\/raccord-de-tuyau-de-remplissage-kirby-f-style-nl3008\/","og_site_name":"Veltec Kirby specialist","article_publisher":"https:\/\/www.facebook.com\/Veltec-Kirby-Specialist-236746293374877\/","article_modified_time":"2025-01-02T14:43:57+00:00","og_image":[{"width":300,"height":300,"url":"https:\/\/www.veltec.eu\/wp-content\/uploads\/2018\/10\/kirby_aansluiting_vulslang_f-style.jpg","type":"image\/jpeg"}],"twitter_card":"summary_large_image","twitter_misc":{"Dur\u00e9e de lecture estim\u00e9e":"4 minutes"},"schema":{"@context":"https:\/\/schema.org","@graph":[{"@type":"WebPage","@id":"https:\/\/www.veltec.eu\/fr\/product\/raccord-de-tuyau-de-remplissage-kirby-f-style-nl3008\/","url":"https:\/\/www.veltec.eu\/fr\/product\/raccord-de-tuyau-de-remplissage-kirby-f-style-nl3008\/","name":"Raccord De Tuyau De Remplissage Kirby \u2013 F-Style - Veltec Kirby specialist","isPartOf":{"@id":"https:\/\/www.veltec.eu\/en\/#website"},"primaryImageOfPage":{"@id":"https:\/\/www.veltec.eu\/fr\/product\/raccord-de-tuyau-de-remplissage-kirby-f-style-nl3008\/#primaryimage"},"image":{"@id":"https:\/\/www.veltec.eu\/fr\/product\/raccord-de-tuyau-de-remplissage-kirby-f-style-nl3008\/#primaryimage"},"thumbnailUrl":"https:\/\/www.veltec.eu\/wp-content\/uploads\/2018\/10\/kirby_aansluiting_vulslang_f-style.jpg","datePublished":"2018-10-16T10:54:41+00:00","dateModified":"2025-01-02T14:43:57+00:00","description":"Raccord De Tuyau De Remplissage Kirby \u2013 F-Style Veltec est le fournisseur des aspirateurs Kirby depuis plus de 25 ans. Kirby specialist.","breadcrumb":{"@id":"https:\/\/www.veltec.eu\/fr\/product\/raccord-de-tuyau-de-remplissage-kirby-f-style-nl3008\/#breadcrumb"},"inLanguage":"fr-FR","potentialAction":[{"@type":"ReadAction","target":["https:\/\/www.veltec.eu\/fr\/product\/raccord-de-tuyau-de-remplissage-kirby-f-style-nl3008\/"]}]},{"@type":"ImageObject","inLanguage":"fr-FR","@id":"https:\/\/www.veltec.eu\/fr\/product\/raccord-de-tuyau-de-remplissage-kirby-f-style-nl3008\/#primaryimage","url":"https:\/\/www.veltec.eu\/wp-content\/uploads\/2018\/10\/kirby_aansluiting_vulslang_f-style.jpg","contentUrl":"https:\/\/www.veltec.eu\/wp-content\/uploads\/2018\/10\/kirby_aansluiting_vulslang_f-style.jpg","width":300,"height":300,"caption":"Raccord De Tuyau De Remplissage Kirby \u2013 F-Style"},{"@type":"BreadcrumbList","@id":"https:\/\/www.veltec.eu\/fr\/product\/raccord-de-tuyau-de-remplissage-kirby-f-style-nl3008\/#breadcrumb","itemListElement":[{"@type":"ListItem","position":1,"name":"Home","item":"https:\/\/www.veltec.eu\/fr\/"},{"@type":"ListItem","position":2,"name":"Kirby Shop","item":"https:\/\/www.veltec.eu\/nl\/shop-page\/"},{"@type":"ListItem","position":3,"name":"Raccord De Tuyau De Remplissage Kirby \u2013 F-Style"}]},{"@type":"WebSite","@id":"https:\/\/www.veltec.eu\/en\/#website","url":"https:\/\/www.veltec.eu\/en\/","name":"Veltec Kirby specialist","description":"Kirby stofzuiger producten","publisher":{"@id":"https:\/\/www.veltec.eu\/en\/#organization"},"potentialAction":[{"@type":"SearchAction","target":{"@type":"EntryPoint","urlTemplate":"https:\/\/www.veltec.eu\/en\/?s={search_term_string}"},"query-input":{"@type":"PropertyValueSpecification","valueRequired":true,"valueName":"search_term_string"}}],"inLanguage":"fr-FR"},{"@type":"Organization","@id":"https:\/\/www.veltec.eu\/en\/#organization","name":"Veltec Kirby Specialist","url":"https:\/\/www.veltec.eu\/en\/","logo":{"@type":"ImageObject","inLanguage":"fr-FR","@id":"https:\/\/www.veltec.eu\/en\/#\/schema\/logo\/image\/","url":"https:\/\/www.veltec.eu\/wp-content\/uploads\/2021\/12\/Veltec-log-groot-e1537260889125.png","contentUrl":"https:\/\/www.veltec.eu\/wp-content\/uploads\/2021\/12\/Veltec-log-groot-e1537260889125.png","width":200,"height":60,"caption":"Veltec Kirby Specialist"},"image":{"@id":"https:\/\/www.veltec.eu\/en\/#\/schema\/logo\/image\/"},"sameAs":["https:\/\/www.facebook.com\/Veltec-Kirby-Specialist-236746293374877\/","https:\/\/www.youtube.com\/user\/VeltecService"]}]}},"_links":{"self":[{"href":"https:\/\/www.veltec.eu\/fr\/wp-json\/wp\/v2\/product\/12136","targetHints":{"allow":["GET"]}}],"collection":[{"href":"https:\/\/www.veltec.eu\/fr\/wp-json\/wp\/v2\/product"}],"about":[{"href":"https:\/\/www.veltec.eu\/fr\/wp-json\/wp\/v2\/types\/product"}],"replies":[{"embeddable":true,"href":"https:\/\/www.veltec.eu\/fr\/wp-json\/wp\/v2\/comments?post=12136"}],"wp:featuredmedia":[{"embeddable":true,"href":"https:\/\/www.veltec.eu\/fr\/wp-json\/wp\/v2\/media\/5931"}],"wp:attachment":[{"href":"https:\/\/www.veltec.eu\/fr\/wp-json\/wp\/v2\/media?parent=12136"}],"wp:term":[{"taxonomy":"product_brand","embeddable":true,"href":"https:\/\/www.veltec.eu\/fr\/wp-json\/wp\/v2\/product_brand?post=12136"},{"taxonomy":"product_cat","embeddable":true,"href":"https:\/\/www.veltec.eu\/fr\/wp-json\/wp\/v2\/product_cat?post=12136"},{"taxonomy":"product_tag","embeddable":true,"href":"https:\/\/www.veltec.eu\/fr\/wp-json\/wp\/v2\/product_tag?post=12136"}],"curies":[{"name":"wp","href":"https:\/\/api.w.org\/{rel}","templated":true}]}}