{"id":12121,"date":"2018-10-16T13:16:28","date_gmt":"2018-10-16T11:16:28","guid":{"rendered":"https:\/\/www.veltec.eu\/kirby-webshop\/pince-de-suspension-du-sac-exterieur-nl3084\/"},"modified":"2026-04-13T13:20:29","modified_gmt":"2026-04-13T11:20:29","slug":"pince-de-suspension-du-sac-exterieur-kirby-nl3084","status":"publish","type":"product","link":"https:\/\/www.veltec.eu\/fr\/product\/pince-de-suspension-du-sac-exterieur-kirby-nl3084\/","title":{"rendered":"Pince De Suspension Du Sac Ext\u00e9rieur Kirby"},"content":{"rendered":"<h1>Pince De Suspension Du Sac Ext\u00e9rieur Kirby<\/h1>\n<p>Pince De Suspension Du Sac Ext\u00e9rieur Kirby pour suspendre\/fixer le sac ext\u00e9rieur.<\/p>\n<p><strong>Ce clip convient \u00e0 tous les aspirateurs Kirby ;<\/strong><\/p>\n<ul>\n<li>Avalir Platinum<\/li>\n<li>Avalir 2<\/li>\n<li>Avalir 1<\/li>\n<li>Sentria 2 (G10D)<\/li>\n<li>Sentria 1 (G10)<\/li>\n<li>Ultimate G Diamond Ed.(G7D or DE)<\/li>\n<li>Ultimate G (G7 or UG)<\/li>\n<li>Generation 6 (G6)<\/li>\n<li>Generation 5 (G5)<\/li>\n<li>Generation 4 (G4)<\/li>\n<li>Generation 3 (G3)<\/li>\n<\/ul>\n<h2>Pince De Suspension Du Sac Ext\u00e9rieur Kirby : parfait pour une fixation stable et universelle<\/h2>\n<p>Le clip de suspension Kirby pour sac ext\u00e9rieur est la solution id\u00e9ale pour que votre aspirateur Kirby reste fonctionnel et organis\u00e9. Ce clip de suspension pratique est con\u00e7u pour fixer fermement le sac ext\u00e9rieur \u00e0 la poign\u00e9e, afin que votre aspirateur soit toujours pr\u00eat \u00e0 l&#8217;emploi. Gr\u00e2ce \u00e0 sa conception universelle, le clip s&#8217;adapte \u00e0 tous les sacs ext\u00e9rieurs Kirby, quel que soit le mod\u00e8le. D\u00e9couvrez pourquoi ce clip est indispensable pour votre aspirateur !<\/p>\n<p><a href=\"https:\/\/www.veltec.eu\/fr\/sac-exterieur-et-accessoires-kirby\/\">Vous trouverez ici toutes les pi\u00e8ces pour le sac ext\u00e9rieur Kirby et les accessoires.<\/a><\/p>\n<h3>Pourquoi choisir le Pince De Suspension Du Sac Ext\u00e9rieur Kirby ?<\/h3>\n<p>Choisir les bons accessoires pour votre aspirateur est essentiel pour un fonctionnement efficace et une plus longue dur\u00e9e de vie de votre appareil. Avec le clip de suspension Kirby, vous b\u00e9n\u00e9ficiez des avantages suivants<\/p>\n<ul>\n<li>Une fixation stable : le sac ext\u00e9rieur est solidement fix\u00e9 \u00e0 la poign\u00e9e, sans se d\u00e9placer ni se g\u00eaner pendant l&#8217;aspiration.<\/li>\n<li>Compatibilit\u00e9 universelle : Convient \u00e0 tous les sacs ext\u00e9rieurs Kirby, ce qui signifie que vous n&#8217;avez pas \u00e0 perdre de temps \u00e0 chercher des mod\u00e8les sp\u00e9cifiques.<\/li>\n<li>Mat\u00e9riau durable : le clip est fabriqu\u00e9 \u00e0 partir de mat\u00e9riaux de haute qualit\u00e9 qui peuvent r\u00e9sister \u00e0 une utilisation intensive, afin que vous puissiez profiter de votre achat pendant des ann\u00e9es.<\/li>\n<\/ul>\n<hr \/>\n<h3>Comment utiliser le Pince De Suspension Du Sac Ext\u00e9rieur Kirby ?<\/h3>\n<p>L&#8217;installation du clip de suspension est facile et ne n\u00e9cessite aucune connaissance technique. Il suffit de suivre les \u00e9tapes suivantes :<\/p>\n<ul>\n<li>Positionnez le sac ext\u00e9rieur : Assurez-vous que le haut du sac ext\u00e9rieur est pr\u00eat \u00e0 \u00eatre fix\u00e9.<\/li>\n<li>Fixez le clip : Enclenchez fermement le clip de suspension Kirby sur la poign\u00e9e de l&#8217;aspirateur.<\/li>\n<li>V\u00e9rifiez la stabilit\u00e9 : Assurez-vous que le clip est fermement fix\u00e9 et que le sac ext\u00e9rieur est bien soutenu.<\/li>\n<\/ul>\n<p>Gr\u00e2ce \u00e0 ce processus simple, vous serez pr\u00eat \u00e0 utiliser votre aspirateur en quelques minutes.<\/p>\n<h3>Avantages pour votre routine de nettoyage quotidienne<\/h3>\n<p>Gr\u00e2ce au clip de suspension Kirby, vous am\u00e9liorez non seulement la fonctionnalit\u00e9 de votre aspirateur, mais vous b\u00e9n\u00e9ficiez \u00e9galement d&#8217;une exp\u00e9rience de nettoyage simplifi\u00e9e. La fixation du sac ext\u00e9rieur \u00e0 l&#8217;aide de ce clip permet d&#8217;\u00e9viter les d\u00e9sagr\u00e9ments, tels que les pi\u00e8ces d\u00e9tach\u00e9es ou un mauvais \u00e9quilibre pendant l&#8217;aspiration. De plus, avec un sac ext\u00e9rieur correctement fix\u00e9, votre aspirateur Kirby a toujours un aspect soign\u00e9 et professionnel.<\/p>\n<h3>Commandez d\u00e8s aujourd&#8217;hui votre Pince De Suspension !<\/h3>\n<p>Etes-vous pr\u00eat \u00e0 faire passer votre aspirateur Kirby au niveau sup\u00e9rieur ? N&#8217;attendez plus et ajoutez le Kirby Suspension Clip \u00e0 votre panier d&#8217;achat. B\u00e9n\u00e9ficiez d&#8217;un ajustement universel, d&#8217;une performance fiable et d&#8217;une dur\u00e9e de vie plus longue de votre aspirateur.<\/p>\n<p>Optez pour la commodit\u00e9, la stabilit\u00e9 et l&#8217;efficacit\u00e9. Commandez maintenant et constatez vous-m\u00eame la diff\u00e9rence !<\/p>\n","protected":false},"excerpt":{"rendered":"<p>Pince servant \u00e0 suspendre le sac ext\u00e9rieur.<\/p>\n[trustindex data-widget-id=e3bb80b24fa128098b960fc2439]\n<h3><span style=\"color: #008000;\"><br \/>\nEn stock<\/span><\/h3>\n[av_font_icon icon='ue812' font='entypo-fontello' style='' caption='' size='25px' position='left' color='#43ad66' link='' linktarget='' title_attr='' sonar_effect_effect='' sonar_effect_color='' sonar_effect_duration='1' sonar_effect_scale='' sonar_effect_opac='0.5' animation='' id='' custom_class='' template_class='' av_uid='' sc_version='1.0' admin_preview_bg=''][\/av_font_icon]\n<p><span style=\"color: #008000;\">Command\u00e9 23:59, exp\u00e9di\u00e9 demain<\/span><\/p>\n<p>&nbsp;<\/p>\n","protected":false},"featured_media":90325,"comment_status":"open","ping_status":"closed","template":"","meta":[],"product_brand":[],"product_cat":[367],"product_tag":[],"class_list":{"0":"post-12121","1":"product","2":"type-product","3":"status-publish","4":"has-post-thumbnail","6":"product_cat-sac-exterieur-et-accessoires-kirby","7":"product_shipping_class-klein-de-fr","9":"first","10":"instock","11":"taxable","12":"shipping-taxable","13":"purchasable","14":"product-type-simple"},"yoast_head":"<!-- This site is optimized with the Yoast SEO Premium plugin v27.1 (Yoast SEO v27.3) - https:\/\/yoast.com\/product\/yoast-seo-premium-wordpress\/ -->\n<title>Pince De Suspension Du Sac Ext\u00e9rieur Kirby - Veltec Kirby specialist<\/title>\n<meta name=\"description\" content=\"Pince De Suspension Du Sac Ext\u00e9rieur Kirby - Veltec est le fournisseur des aspirateurs Kirby depuis plus de 25 ans. Et est votre sp\u00e9cialiste\" \/>\n<meta name=\"robots\" content=\"index, follow, max-snippet:-1, max-image-preview:large, max-video-preview:-1\" \/>\n<link rel=\"canonical\" href=\"https:\/\/www.veltec.eu\/fr\/product\/pince-de-suspension-du-sac-exterieur-kirby-nl3084\/\" \/>\n<meta property=\"og:locale\" content=\"fr_FR\" \/>\n<meta property=\"og:type\" content=\"article\" \/>\n<meta property=\"og:title\" content=\"Pince De Suspension Du Sac Ext\u00e9rieur Kirby\" \/>\n<meta property=\"og:description\" content=\"Pince servant \u00e0 suspendre le sac ext\u00e9rieur.    En stock   Command\u00e9 23:59, exp\u00e9di\u00e9 demain  &nbsp;\" \/>\n<meta property=\"og:url\" content=\"https:\/\/www.veltec.eu\/fr\/product\/pince-de-suspension-du-sac-exterieur-kirby-nl3084\/\" \/>\n<meta property=\"og:site_name\" content=\"Veltec Kirby specialist\" \/>\n<meta property=\"article:publisher\" content=\"https:\/\/www.facebook.com\/Veltec-Kirby-Specialist-236746293374877\/\" \/>\n<meta property=\"article:modified_time\" content=\"2026-04-13T11:20:29+00:00\" \/>\n<meta property=\"og:image\" content=\"https:\/\/www.veltec.eu\/wp-content\/uploads\/2018\/10\/Kirby-ophanclip-buitenzak.png\" \/>\n\t<meta property=\"og:image:width\" content=\"500\" \/>\n\t<meta property=\"og:image:height\" content=\"500\" \/>\n\t<meta property=\"og:image:type\" content=\"image\/png\" \/>\n<meta name=\"twitter:card\" content=\"summary_large_image\" \/>\n<meta name=\"twitter:label1\" content=\"Dur\u00e9e de lecture estim\u00e9e\" \/>\n\t<meta name=\"twitter:data1\" content=\"3 minutes\" \/>\n<script type=\"application\/ld+json\" class=\"yoast-schema-graph\">{\"@context\":\"https:\\\/\\\/schema.org\",\"@graph\":[{\"@type\":\"WebPage\",\"@id\":\"https:\\\/\\\/www.veltec.eu\\\/fr\\\/product\\\/pince-de-suspension-du-sac-exterieur-kirby-nl3084\\\/\",\"url\":\"https:\\\/\\\/www.veltec.eu\\\/fr\\\/product\\\/pince-de-suspension-du-sac-exterieur-kirby-nl3084\\\/\",\"name\":\"Pince De Suspension Du Sac Ext\u00e9rieur Kirby - Veltec Kirby specialist\",\"isPartOf\":{\"@id\":\"https:\\\/\\\/www.veltec.eu\\\/en\\\/#website\"},\"primaryImageOfPage\":{\"@id\":\"https:\\\/\\\/www.veltec.eu\\\/fr\\\/product\\\/pince-de-suspension-du-sac-exterieur-kirby-nl3084\\\/#primaryimage\"},\"image\":{\"@id\":\"https:\\\/\\\/www.veltec.eu\\\/fr\\\/product\\\/pince-de-suspension-du-sac-exterieur-kirby-nl3084\\\/#primaryimage\"},\"thumbnailUrl\":\"https:\\\/\\\/www.veltec.eu\\\/wp-content\\\/uploads\\\/2018\\\/10\\\/Kirby-ophanclip-buitenzak.png\",\"datePublished\":\"2018-10-16T11:16:28+00:00\",\"dateModified\":\"2026-04-13T11:20:29+00:00\",\"description\":\"Pince De Suspension Du Sac Ext\u00e9rieur Kirby - Veltec est le fournisseur des aspirateurs Kirby depuis plus de 25 ans. Et est votre sp\u00e9cialiste\",\"breadcrumb\":{\"@id\":\"https:\\\/\\\/www.veltec.eu\\\/fr\\\/product\\\/pince-de-suspension-du-sac-exterieur-kirby-nl3084\\\/#breadcrumb\"},\"inLanguage\":\"fr-FR\",\"potentialAction\":[{\"@type\":\"ReadAction\",\"target\":[\"https:\\\/\\\/www.veltec.eu\\\/fr\\\/product\\\/pince-de-suspension-du-sac-exterieur-kirby-nl3084\\\/\"]}]},{\"@type\":\"ImageObject\",\"inLanguage\":\"fr-FR\",\"@id\":\"https:\\\/\\\/www.veltec.eu\\\/fr\\\/product\\\/pince-de-suspension-du-sac-exterieur-kirby-nl3084\\\/#primaryimage\",\"url\":\"https:\\\/\\\/www.veltec.eu\\\/wp-content\\\/uploads\\\/2018\\\/10\\\/Kirby-ophanclip-buitenzak.png\",\"contentUrl\":\"https:\\\/\\\/www.veltec.eu\\\/wp-content\\\/uploads\\\/2018\\\/10\\\/Kirby-ophanclip-buitenzak.png\",\"width\":500,\"height\":500},{\"@type\":\"BreadcrumbList\",\"@id\":\"https:\\\/\\\/www.veltec.eu\\\/fr\\\/product\\\/pince-de-suspension-du-sac-exterieur-kirby-nl3084\\\/#breadcrumb\",\"itemListElement\":[{\"@type\":\"ListItem\",\"position\":1,\"name\":\"Home\",\"item\":\"https:\\\/\\\/www.veltec.eu\\\/fr\\\/\"},{\"@type\":\"ListItem\",\"position\":2,\"name\":\"Produits\",\"item\":\"https:\\\/\\\/www.veltec.eu\\\/fr\\\/shop\\\/\"},{\"@type\":\"ListItem\",\"position\":3,\"name\":\"Pince De Suspension Du Sac Ext\u00e9rieur Kirby\"}]},{\"@type\":\"WebSite\",\"@id\":\"https:\\\/\\\/www.veltec.eu\\\/en\\\/#website\",\"url\":\"https:\\\/\\\/www.veltec.eu\\\/en\\\/\",\"name\":\"Veltec Kirby specialist\",\"description\":\"Kirby stofzuiger producten\",\"publisher\":{\"@id\":\"https:\\\/\\\/www.veltec.eu\\\/en\\\/#organization\"},\"potentialAction\":[{\"@type\":\"SearchAction\",\"target\":{\"@type\":\"EntryPoint\",\"urlTemplate\":\"https:\\\/\\\/www.veltec.eu\\\/en\\\/?s={search_term_string}\"},\"query-input\":{\"@type\":\"PropertyValueSpecification\",\"valueRequired\":true,\"valueName\":\"search_term_string\"}}],\"inLanguage\":\"fr-FR\"},{\"@type\":\"Organization\",\"@id\":\"https:\\\/\\\/www.veltec.eu\\\/en\\\/#organization\",\"name\":\"Veltec Kirby Specialist\",\"url\":\"https:\\\/\\\/www.veltec.eu\\\/en\\\/\",\"logo\":{\"@type\":\"ImageObject\",\"inLanguage\":\"fr-FR\",\"@id\":\"https:\\\/\\\/www.veltec.eu\\\/en\\\/#\\\/schema\\\/logo\\\/image\\\/\",\"url\":\"https:\\\/\\\/www.veltec.eu\\\/wp-content\\\/uploads\\\/2021\\\/12\\\/Veltec-log-groot-e1537260889125.png\",\"contentUrl\":\"https:\\\/\\\/www.veltec.eu\\\/wp-content\\\/uploads\\\/2021\\\/12\\\/Veltec-log-groot-e1537260889125.png\",\"width\":200,\"height\":60,\"caption\":\"Veltec Kirby Specialist\"},\"image\":{\"@id\":\"https:\\\/\\\/www.veltec.eu\\\/en\\\/#\\\/schema\\\/logo\\\/image\\\/\"},\"sameAs\":[\"https:\\\/\\\/www.facebook.com\\\/Veltec-Kirby-Specialist-236746293374877\\\/\",\"https:\\\/\\\/www.youtube.com\\\/user\\\/VeltecService\"]}]}<\/script>\n<!-- \/ Yoast SEO Premium plugin. -->","yoast_head_json":{"title":"Pince De Suspension Du Sac Ext\u00e9rieur Kirby - Veltec Kirby specialist","description":"Pince De Suspension Du Sac Ext\u00e9rieur Kirby - Veltec est le fournisseur des aspirateurs Kirby depuis plus de 25 ans. Et est votre sp\u00e9cialiste","robots":{"index":"index","follow":"follow","max-snippet":"max-snippet:-1","max-image-preview":"max-image-preview:large","max-video-preview":"max-video-preview:-1"},"canonical":"https:\/\/www.veltec.eu\/fr\/product\/pince-de-suspension-du-sac-exterieur-kirby-nl3084\/","og_locale":"fr_FR","og_type":"article","og_title":"Pince De Suspension Du Sac Ext\u00e9rieur Kirby","og_description":"Pince servant \u00e0 suspendre le sac ext\u00e9rieur.    En stock   Command\u00e9 23:59, exp\u00e9di\u00e9 demain  &nbsp;","og_url":"https:\/\/www.veltec.eu\/fr\/product\/pince-de-suspension-du-sac-exterieur-kirby-nl3084\/","og_site_name":"Veltec Kirby specialist","article_publisher":"https:\/\/www.facebook.com\/Veltec-Kirby-Specialist-236746293374877\/","article_modified_time":"2026-04-13T11:20:29+00:00","og_image":[{"width":500,"height":500,"url":"https:\/\/www.veltec.eu\/wp-content\/uploads\/2018\/10\/Kirby-ophanclip-buitenzak.png","type":"image\/png"}],"twitter_card":"summary_large_image","twitter_misc":{"Dur\u00e9e de lecture estim\u00e9e":"3 minutes"},"schema":{"@context":"https:\/\/schema.org","@graph":[{"@type":"WebPage","@id":"https:\/\/www.veltec.eu\/fr\/product\/pince-de-suspension-du-sac-exterieur-kirby-nl3084\/","url":"https:\/\/www.veltec.eu\/fr\/product\/pince-de-suspension-du-sac-exterieur-kirby-nl3084\/","name":"Pince De Suspension Du Sac Ext\u00e9rieur Kirby - Veltec Kirby specialist","isPartOf":{"@id":"https:\/\/www.veltec.eu\/en\/#website"},"primaryImageOfPage":{"@id":"https:\/\/www.veltec.eu\/fr\/product\/pince-de-suspension-du-sac-exterieur-kirby-nl3084\/#primaryimage"},"image":{"@id":"https:\/\/www.veltec.eu\/fr\/product\/pince-de-suspension-du-sac-exterieur-kirby-nl3084\/#primaryimage"},"thumbnailUrl":"https:\/\/www.veltec.eu\/wp-content\/uploads\/2018\/10\/Kirby-ophanclip-buitenzak.png","datePublished":"2018-10-16T11:16:28+00:00","dateModified":"2026-04-13T11:20:29+00:00","description":"Pince De Suspension Du Sac Ext\u00e9rieur Kirby - Veltec est le fournisseur des aspirateurs Kirby depuis plus de 25 ans. Et est votre sp\u00e9cialiste","breadcrumb":{"@id":"https:\/\/www.veltec.eu\/fr\/product\/pince-de-suspension-du-sac-exterieur-kirby-nl3084\/#breadcrumb"},"inLanguage":"fr-FR","potentialAction":[{"@type":"ReadAction","target":["https:\/\/www.veltec.eu\/fr\/product\/pince-de-suspension-du-sac-exterieur-kirby-nl3084\/"]}]},{"@type":"ImageObject","inLanguage":"fr-FR","@id":"https:\/\/www.veltec.eu\/fr\/product\/pince-de-suspension-du-sac-exterieur-kirby-nl3084\/#primaryimage","url":"https:\/\/www.veltec.eu\/wp-content\/uploads\/2018\/10\/Kirby-ophanclip-buitenzak.png","contentUrl":"https:\/\/www.veltec.eu\/wp-content\/uploads\/2018\/10\/Kirby-ophanclip-buitenzak.png","width":500,"height":500},{"@type":"BreadcrumbList","@id":"https:\/\/www.veltec.eu\/fr\/product\/pince-de-suspension-du-sac-exterieur-kirby-nl3084\/#breadcrumb","itemListElement":[{"@type":"ListItem","position":1,"name":"Home","item":"https:\/\/www.veltec.eu\/fr\/"},{"@type":"ListItem","position":2,"name":"Produits","item":"https:\/\/www.veltec.eu\/fr\/shop\/"},{"@type":"ListItem","position":3,"name":"Pince De Suspension Du Sac Ext\u00e9rieur Kirby"}]},{"@type":"WebSite","@id":"https:\/\/www.veltec.eu\/en\/#website","url":"https:\/\/www.veltec.eu\/en\/","name":"Veltec Kirby specialist","description":"Kirby stofzuiger producten","publisher":{"@id":"https:\/\/www.veltec.eu\/en\/#organization"},"potentialAction":[{"@type":"SearchAction","target":{"@type":"EntryPoint","urlTemplate":"https:\/\/www.veltec.eu\/en\/?s={search_term_string}"},"query-input":{"@type":"PropertyValueSpecification","valueRequired":true,"valueName":"search_term_string"}}],"inLanguage":"fr-FR"},{"@type":"Organization","@id":"https:\/\/www.veltec.eu\/en\/#organization","name":"Veltec Kirby Specialist","url":"https:\/\/www.veltec.eu\/en\/","logo":{"@type":"ImageObject","inLanguage":"fr-FR","@id":"https:\/\/www.veltec.eu\/en\/#\/schema\/logo\/image\/","url":"https:\/\/www.veltec.eu\/wp-content\/uploads\/2021\/12\/Veltec-log-groot-e1537260889125.png","contentUrl":"https:\/\/www.veltec.eu\/wp-content\/uploads\/2021\/12\/Veltec-log-groot-e1537260889125.png","width":200,"height":60,"caption":"Veltec Kirby Specialist"},"image":{"@id":"https:\/\/www.veltec.eu\/en\/#\/schema\/logo\/image\/"},"sameAs":["https:\/\/www.facebook.com\/Veltec-Kirby-Specialist-236746293374877\/","https:\/\/www.youtube.com\/user\/VeltecService"]}]}},"_links":{"self":[{"href":"https:\/\/www.veltec.eu\/fr\/wp-json\/wp\/v2\/product\/12121","targetHints":{"allow":["GET"]}}],"collection":[{"href":"https:\/\/www.veltec.eu\/fr\/wp-json\/wp\/v2\/product"}],"about":[{"href":"https:\/\/www.veltec.eu\/fr\/wp-json\/wp\/v2\/types\/product"}],"replies":[{"embeddable":true,"href":"https:\/\/www.veltec.eu\/fr\/wp-json\/wp\/v2\/comments?post=12121"}],"wp:featuredmedia":[{"embeddable":true,"href":"https:\/\/www.veltec.eu\/fr\/wp-json\/wp\/v2\/media\/90325"}],"wp:attachment":[{"href":"https:\/\/www.veltec.eu\/fr\/wp-json\/wp\/v2\/media?parent=12121"}],"wp:term":[{"taxonomy":"product_brand","embeddable":true,"href":"https:\/\/www.veltec.eu\/fr\/wp-json\/wp\/v2\/product_brand?post=12121"},{"taxonomy":"product_cat","embeddable":true,"href":"https:\/\/www.veltec.eu\/fr\/wp-json\/wp\/v2\/product_cat?post=12121"},{"taxonomy":"product_tag","embeddable":true,"href":"https:\/\/www.veltec.eu\/fr\/wp-json\/wp\/v2\/product_tag?post=12121"}],"curies":[{"name":"wp","href":"https:\/\/api.w.org\/{rel}","templated":true}]}}