{"id":12111,"date":"2018-10-16T13:29:35","date_gmt":"2018-10-16T11:29:35","guid":{"rendered":"https:\/\/www.veltec.eu\/kirby-webshop\/sac-exterieur-g3-nl3036\/"},"modified":"2024-12-30T14:58:18","modified_gmt":"2024-12-30T12:58:18","slug":"sac-exterieur-kirby-g3-nl3036","status":"publish","type":"product","link":"https:\/\/www.veltec.eu\/fr\/product\/sac-exterieur-kirby-g3-nl3036\/","title":{"rendered":"Sac Ext\u00e9rieur Kirby G3"},"content":{"rendered":"<h1>Sac ext\u00e9rieur Kirby G3<\/h1>\n<p>Sac ext\u00e9rieur pour Kirby type G3.<\/p>\n<p><strong>Ce sac ext\u00e9rieur Kirby est con\u00e7u pour les aspirateurs Kirby ci-dessous ;<\/strong><\/p>\n<ul>\n<li>G\u00e9n\u00e9ration 3 (G3)<\/li>\n<\/ul>\n<h2>Sac ext\u00e9rieur Kirby G3 &#8211; Sac ext\u00e9rieur original pour votre aspirateur Kirby<\/h2>\n<p>Vous \u00eates \u00e0 la recherche d&#8217;un sac ext\u00e9rieur Kirby original qui non seulement s&#8217;adapte parfaitement \u00e0 votre aspirateur, mais qui en am\u00e9liore \u00e9galement l&#8217;aspect ? Le sac ext\u00e9rieur Kirby est un excellent choix ! Con\u00e7u pour le Kirby Generation 3 (G3), ce sac ext\u00e9rieur offre une combinaison de qualit\u00e9, de fonctionnalit\u00e9 et de style. De plus, il convient \u00e0 tous les types d&#8217;aspirateurs Kirby gr\u00e2ce \u00e0 sa conception universelle. Lisez la suite et d\u00e9couvrez pourquoi ce produit est la solution id\u00e9ale pour vos besoins en mati\u00e8re d&#8217;aspirateur.<\/p>\n<p><a href=\"https:\/\/www.veltec.eu\/fr\/sac-exterieur-et-accessoires-kirby\/\">Vous trouverez ici toutes les pi\u00e8ces du sac ext\u00e9rieur Kirby et les accessoires.<\/a><\/p>\n<h2>Qu&#8217;est-ce qui rend le sac ext\u00e9rieur Kirby G3 unique ?<\/h2>\n<h3>Design original de Kirby<\/h3>\n<p>Le sac ext\u00e9rieur Kirby est sp\u00e9cialement con\u00e7u avec le souci du d\u00e9tail et de la qualit\u00e9. Comme il s&#8217;agit d&#8217;un accessoire original de Kirby, vous pouvez compter sur un ajustement parfait et des performances optimales. Le sac ext\u00e9rieur s&#8217;adapte parfaitement au Kirby Generation 3, mais peut \u00e9galement \u00eatre utilis\u00e9 sans probl\u00e8me sur d&#8217;autres mod\u00e8les d&#8217;aspirateurs Kirby.<\/p>\n<h3>Compatibilit\u00e9 universelle<\/h3>\n<p>L&#8217;un des grands avantages du Kirby Outdoor Bag est sa compatibilit\u00e9 universelle. Quel que soit le mod\u00e8le d&#8217;aspirateur Kirby que vous poss\u00e9dez, ce sac ext\u00e9rieur s&#8217;adapte toujours. La seule diff\u00e9rence r\u00e9side dans le design, ce qui signifie que vous pouvez personnaliser votre aspirateur tout en b\u00e9n\u00e9ficiant de la qualit\u00e9 Kirby habituelle.<\/p>\n<h2>Pourquoi choisir le sac ext\u00e9rieur Kirby G3 ?<\/h2>\n<h3>Durabilit\u00e9 et qualit\u00e9<\/h3>\n<p>Le sac ext\u00e9rieur Kirby est fabriqu\u00e9 \u00e0 partir de mat\u00e9riaux de haute qualit\u00e9 con\u00e7us pour durer. Gr\u00e2ce \u00e0 sa construction robuste et \u00e0 son tissu r\u00e9sistant, vous pouvez \u00eatre s\u00fbr que le sac ext\u00e9rieur r\u00e9sistera \u00e0 une utilisation intensive tout en prot\u00e9geant votre aspirateur et en lui permettant de fonctionner efficacement.<\/p>\n<h3>Installation facile<\/h3>\n<p>Le remplacement du sac ext\u00e9rieur est une t\u00e2che simple qui prend peu de temps. Gr\u00e2ce \u00e0 sa conception conviviale, vous pouvez remplacer votre ancien sac ext\u00e9rieur par le sac ext\u00e9rieur Kirby en quelques minutes. L&#8217;entretien de votre aspirateur est donc facile et sans souci.<\/p>\n<h3>Un choix \u00e9l\u00e9gant pour votre aspirateur Kirby<\/h3>\n<p>Avec le sac ext\u00e9rieur Kirby, vous optez non seulement pour la fonctionnalit\u00e9, mais aussi pour un design \u00e9l\u00e9gant. Le sac ext\u00e9rieur est disponible dans un design \u00e9l\u00e9gant qui s&#8217;harmonise parfaitement avec le caract\u00e8re classique des aspirateurs Kirby. Vous pouvez donc donner \u00e0 votre aspirateur un aspect frais et moderne, tout en profitant de ses performances habituelles.<\/p>\n<hr \/>\n<h3>Commandez le Kirby Outdoor bag G3 d\u00e8s aujourd&#8217;hui !<\/h3>\n<p>\u00cates-vous pr\u00eat \u00e0 moderniser votre aspirateur Kirby ? Le Kirby Outdoor Bag vous offre l&#8217;\u00e9quilibre parfait entre la qualit\u00e9, le style et la facilit\u00e9 d&#8217;utilisation. N&#8217;attendez plus et commandez d\u00e8s aujourd&#8217;hui pour profiter des avantages de ce sac ext\u00e9rieur original. Votre aspirateur m\u00e9rite ce qu&#8217;il y a de mieux &#8211; choisissez le Kirby Outdoor Bag et d\u00e9couvrez la diff\u00e9rence !<\/p>\n","protected":false},"excerpt":{"rendered":"<p>Sac ext\u00e9rieur pour Kirby de type G3.<\/p>\n[trustindex data-widget-id=e3bb80b24fa128098b960fc2439]\n<h3><span style=\"color: #008000;\"><br \/>\nEn stock<\/span><\/h3>\n[av_font_icon icon='ue812' font='entypo-fontello' style='' caption='' size='25px' position='left' color='#43ad66' link='' linktarget='' title_attr='' sonar_effect_effect='' sonar_effect_color='' sonar_effect_duration='1' sonar_effect_scale='' sonar_effect_opac='0.5' animation='' id='' custom_class='' template_class='' av_uid='' sc_version='1.0' admin_preview_bg=''][\/av_font_icon]\n<p><span style=\"color: #008000;\">Command\u00e9 23:59, exp\u00e9di\u00e9 demain<\/span><\/p>\n<p>&nbsp;<\/p>\n","protected":false},"featured_media":17942,"comment_status":"open","ping_status":"closed","template":"","meta":[],"product_brand":[],"product_cat":[367],"product_tag":[],"class_list":{"0":"post-12111","1":"product","2":"type-product","3":"status-publish","4":"has-post-thumbnail","6":"product_cat-sac-exterieur-et-accessoires-kirby","7":"product_shipping_class-klein-de-fr","9":"first","10":"instock","11":"sale","12":"taxable","13":"shipping-taxable","14":"purchasable","15":"product-type-simple"},"yoast_head":"<!-- This site is optimized with the Yoast SEO Premium plugin v27.1 (Yoast SEO v27.4) - https:\/\/yoast.com\/product\/yoast-seo-premium-wordpress\/ -->\n<title>Sac Ext\u00e9rieur Kirby G3 - Veltec Kirby specialist<\/title>\n<meta name=\"description\" content=\"Sac Ext\u00e9rieur Kirby G3 - Veltec est le fournisseur des aspirateurs Kirby depuis plus de 25 ans. Et est votre sp\u00e9cialiste de confiance\" \/>\n<meta name=\"robots\" content=\"index, follow, max-snippet:-1, max-image-preview:large, max-video-preview:-1\" \/>\n<link rel=\"canonical\" href=\"https:\/\/www.veltec.eu\/fr\/product\/sac-exterieur-kirby-g3-nl3036\/\" \/>\n<meta property=\"og:locale\" content=\"fr_FR\" \/>\n<meta property=\"og:type\" content=\"article\" \/>\n<meta property=\"og:title\" content=\"Sac Ext\u00e9rieur Kirby G3\" \/>\n<meta property=\"og:description\" content=\"Sac ext\u00e9rieur pour Kirby de type G3.    En stock   Command\u00e9 23:59, exp\u00e9di\u00e9 demain  &nbsp;\" \/>\n<meta property=\"og:url\" content=\"https:\/\/www.veltec.eu\/fr\/product\/sac-exterieur-kirby-g3-nl3036\/\" \/>\n<meta property=\"og:site_name\" content=\"Veltec Kirby specialist\" \/>\n<meta property=\"article:publisher\" content=\"https:\/\/www.facebook.com\/Veltec-Kirby-Specialist-236746293374877\/\" \/>\n<meta property=\"article:modified_time\" content=\"2024-12-30T12:58:18+00:00\" \/>\n<meta property=\"og:image\" content=\"https:\/\/www.veltec.eu\/wp-content\/uploads\/2018\/10\/G3.jpg\" \/>\n\t<meta property=\"og:image:width\" content=\"475\" \/>\n\t<meta property=\"og:image:height\" content=\"426\" \/>\n\t<meta property=\"og:image:type\" content=\"image\/jpeg\" \/>\n<meta name=\"twitter:card\" content=\"summary_large_image\" \/>\n<meta name=\"twitter:label1\" content=\"Dur\u00e9e de lecture estim\u00e9e\" \/>\n\t<meta name=\"twitter:data1\" content=\"3 minutes\" \/>\n<script type=\"application\/ld+json\" class=\"yoast-schema-graph\">{\"@context\":\"https:\\\/\\\/schema.org\",\"@graph\":[{\"@type\":\"WebPage\",\"@id\":\"https:\\\/\\\/www.veltec.eu\\\/fr\\\/product\\\/sac-exterieur-kirby-g3-nl3036\\\/\",\"url\":\"https:\\\/\\\/www.veltec.eu\\\/fr\\\/product\\\/sac-exterieur-kirby-g3-nl3036\\\/\",\"name\":\"Sac Ext\u00e9rieur Kirby G3 - Veltec Kirby specialist\",\"isPartOf\":{\"@id\":\"https:\\\/\\\/www.veltec.eu\\\/en\\\/#website\"},\"primaryImageOfPage\":{\"@id\":\"https:\\\/\\\/www.veltec.eu\\\/fr\\\/product\\\/sac-exterieur-kirby-g3-nl3036\\\/#primaryimage\"},\"image\":{\"@id\":\"https:\\\/\\\/www.veltec.eu\\\/fr\\\/product\\\/sac-exterieur-kirby-g3-nl3036\\\/#primaryimage\"},\"thumbnailUrl\":\"https:\\\/\\\/www.veltec.eu\\\/wp-content\\\/uploads\\\/2018\\\/10\\\/G3.jpg\",\"datePublished\":\"2018-10-16T11:29:35+00:00\",\"dateModified\":\"2024-12-30T12:58:18+00:00\",\"description\":\"Sac Ext\u00e9rieur Kirby G3 - Veltec est le fournisseur des aspirateurs Kirby depuis plus de 25 ans. Et est votre sp\u00e9cialiste de confiance\",\"breadcrumb\":{\"@id\":\"https:\\\/\\\/www.veltec.eu\\\/fr\\\/product\\\/sac-exterieur-kirby-g3-nl3036\\\/#breadcrumb\"},\"inLanguage\":\"fr-FR\",\"potentialAction\":[{\"@type\":\"ReadAction\",\"target\":[\"https:\\\/\\\/www.veltec.eu\\\/fr\\\/product\\\/sac-exterieur-kirby-g3-nl3036\\\/\"]}]},{\"@type\":\"ImageObject\",\"inLanguage\":\"fr-FR\",\"@id\":\"https:\\\/\\\/www.veltec.eu\\\/fr\\\/product\\\/sac-exterieur-kirby-g3-nl3036\\\/#primaryimage\",\"url\":\"https:\\\/\\\/www.veltec.eu\\\/wp-content\\\/uploads\\\/2018\\\/10\\\/G3.jpg\",\"contentUrl\":\"https:\\\/\\\/www.veltec.eu\\\/wp-content\\\/uploads\\\/2018\\\/10\\\/G3.jpg\",\"width\":475,\"height\":426},{\"@type\":\"BreadcrumbList\",\"@id\":\"https:\\\/\\\/www.veltec.eu\\\/fr\\\/product\\\/sac-exterieur-kirby-g3-nl3036\\\/#breadcrumb\",\"itemListElement\":[{\"@type\":\"ListItem\",\"position\":1,\"name\":\"Home\",\"item\":\"https:\\\/\\\/www.veltec.eu\\\/fr\\\/\"},{\"@type\":\"ListItem\",\"position\":2,\"name\":\"Produits\",\"item\":\"https:\\\/\\\/www.veltec.eu\\\/fr\\\/shop\\\/\"},{\"@type\":\"ListItem\",\"position\":3,\"name\":\"Sac Ext\u00e9rieur Kirby G3\"}]},{\"@type\":\"WebSite\",\"@id\":\"https:\\\/\\\/www.veltec.eu\\\/en\\\/#website\",\"url\":\"https:\\\/\\\/www.veltec.eu\\\/en\\\/\",\"name\":\"Veltec Kirby specialist\",\"description\":\"Kirby stofzuiger producten\",\"publisher\":{\"@id\":\"https:\\\/\\\/www.veltec.eu\\\/en\\\/#organization\"},\"potentialAction\":[{\"@type\":\"SearchAction\",\"target\":{\"@type\":\"EntryPoint\",\"urlTemplate\":\"https:\\\/\\\/www.veltec.eu\\\/en\\\/?s={search_term_string}\"},\"query-input\":{\"@type\":\"PropertyValueSpecification\",\"valueRequired\":true,\"valueName\":\"search_term_string\"}}],\"inLanguage\":\"fr-FR\"},{\"@type\":\"Organization\",\"@id\":\"https:\\\/\\\/www.veltec.eu\\\/en\\\/#organization\",\"name\":\"Veltec Kirby Specialist\",\"url\":\"https:\\\/\\\/www.veltec.eu\\\/en\\\/\",\"logo\":{\"@type\":\"ImageObject\",\"inLanguage\":\"fr-FR\",\"@id\":\"https:\\\/\\\/www.veltec.eu\\\/en\\\/#\\\/schema\\\/logo\\\/image\\\/\",\"url\":\"https:\\\/\\\/www.veltec.eu\\\/wp-content\\\/uploads\\\/2021\\\/12\\\/Veltec-log-groot-e1537260889125.png\",\"contentUrl\":\"https:\\\/\\\/www.veltec.eu\\\/wp-content\\\/uploads\\\/2021\\\/12\\\/Veltec-log-groot-e1537260889125.png\",\"width\":200,\"height\":60,\"caption\":\"Veltec Kirby Specialist\"},\"image\":{\"@id\":\"https:\\\/\\\/www.veltec.eu\\\/en\\\/#\\\/schema\\\/logo\\\/image\\\/\"},\"sameAs\":[\"https:\\\/\\\/www.facebook.com\\\/Veltec-Kirby-Specialist-236746293374877\\\/\",\"https:\\\/\\\/www.youtube.com\\\/user\\\/VeltecService\"]}]}<\/script>\n<!-- \/ Yoast SEO Premium plugin. -->","yoast_head_json":{"title":"Sac Ext\u00e9rieur Kirby G3 - Veltec Kirby specialist","description":"Sac Ext\u00e9rieur Kirby G3 - Veltec est le fournisseur des aspirateurs Kirby depuis plus de 25 ans. Et est votre sp\u00e9cialiste de confiance","robots":{"index":"index","follow":"follow","max-snippet":"max-snippet:-1","max-image-preview":"max-image-preview:large","max-video-preview":"max-video-preview:-1"},"canonical":"https:\/\/www.veltec.eu\/fr\/product\/sac-exterieur-kirby-g3-nl3036\/","og_locale":"fr_FR","og_type":"article","og_title":"Sac Ext\u00e9rieur Kirby G3","og_description":"Sac ext\u00e9rieur pour Kirby de type G3.    En stock   Command\u00e9 23:59, exp\u00e9di\u00e9 demain  &nbsp;","og_url":"https:\/\/www.veltec.eu\/fr\/product\/sac-exterieur-kirby-g3-nl3036\/","og_site_name":"Veltec Kirby specialist","article_publisher":"https:\/\/www.facebook.com\/Veltec-Kirby-Specialist-236746293374877\/","article_modified_time":"2024-12-30T12:58:18+00:00","og_image":[{"width":475,"height":426,"url":"https:\/\/www.veltec.eu\/wp-content\/uploads\/2018\/10\/G3.jpg","type":"image\/jpeg"}],"twitter_card":"summary_large_image","twitter_misc":{"Dur\u00e9e de lecture estim\u00e9e":"3 minutes"},"schema":{"@context":"https:\/\/schema.org","@graph":[{"@type":"WebPage","@id":"https:\/\/www.veltec.eu\/fr\/product\/sac-exterieur-kirby-g3-nl3036\/","url":"https:\/\/www.veltec.eu\/fr\/product\/sac-exterieur-kirby-g3-nl3036\/","name":"Sac Ext\u00e9rieur Kirby G3 - Veltec Kirby specialist","isPartOf":{"@id":"https:\/\/www.veltec.eu\/en\/#website"},"primaryImageOfPage":{"@id":"https:\/\/www.veltec.eu\/fr\/product\/sac-exterieur-kirby-g3-nl3036\/#primaryimage"},"image":{"@id":"https:\/\/www.veltec.eu\/fr\/product\/sac-exterieur-kirby-g3-nl3036\/#primaryimage"},"thumbnailUrl":"https:\/\/www.veltec.eu\/wp-content\/uploads\/2018\/10\/G3.jpg","datePublished":"2018-10-16T11:29:35+00:00","dateModified":"2024-12-30T12:58:18+00:00","description":"Sac Ext\u00e9rieur Kirby G3 - Veltec est le fournisseur des aspirateurs Kirby depuis plus de 25 ans. Et est votre sp\u00e9cialiste de confiance","breadcrumb":{"@id":"https:\/\/www.veltec.eu\/fr\/product\/sac-exterieur-kirby-g3-nl3036\/#breadcrumb"},"inLanguage":"fr-FR","potentialAction":[{"@type":"ReadAction","target":["https:\/\/www.veltec.eu\/fr\/product\/sac-exterieur-kirby-g3-nl3036\/"]}]},{"@type":"ImageObject","inLanguage":"fr-FR","@id":"https:\/\/www.veltec.eu\/fr\/product\/sac-exterieur-kirby-g3-nl3036\/#primaryimage","url":"https:\/\/www.veltec.eu\/wp-content\/uploads\/2018\/10\/G3.jpg","contentUrl":"https:\/\/www.veltec.eu\/wp-content\/uploads\/2018\/10\/G3.jpg","width":475,"height":426},{"@type":"BreadcrumbList","@id":"https:\/\/www.veltec.eu\/fr\/product\/sac-exterieur-kirby-g3-nl3036\/#breadcrumb","itemListElement":[{"@type":"ListItem","position":1,"name":"Home","item":"https:\/\/www.veltec.eu\/fr\/"},{"@type":"ListItem","position":2,"name":"Produits","item":"https:\/\/www.veltec.eu\/fr\/shop\/"},{"@type":"ListItem","position":3,"name":"Sac Ext\u00e9rieur Kirby G3"}]},{"@type":"WebSite","@id":"https:\/\/www.veltec.eu\/en\/#website","url":"https:\/\/www.veltec.eu\/en\/","name":"Veltec Kirby specialist","description":"Kirby stofzuiger producten","publisher":{"@id":"https:\/\/www.veltec.eu\/en\/#organization"},"potentialAction":[{"@type":"SearchAction","target":{"@type":"EntryPoint","urlTemplate":"https:\/\/www.veltec.eu\/en\/?s={search_term_string}"},"query-input":{"@type":"PropertyValueSpecification","valueRequired":true,"valueName":"search_term_string"}}],"inLanguage":"fr-FR"},{"@type":"Organization","@id":"https:\/\/www.veltec.eu\/en\/#organization","name":"Veltec Kirby Specialist","url":"https:\/\/www.veltec.eu\/en\/","logo":{"@type":"ImageObject","inLanguage":"fr-FR","@id":"https:\/\/www.veltec.eu\/en\/#\/schema\/logo\/image\/","url":"https:\/\/www.veltec.eu\/wp-content\/uploads\/2021\/12\/Veltec-log-groot-e1537260889125.png","contentUrl":"https:\/\/www.veltec.eu\/wp-content\/uploads\/2021\/12\/Veltec-log-groot-e1537260889125.png","width":200,"height":60,"caption":"Veltec Kirby Specialist"},"image":{"@id":"https:\/\/www.veltec.eu\/en\/#\/schema\/logo\/image\/"},"sameAs":["https:\/\/www.facebook.com\/Veltec-Kirby-Specialist-236746293374877\/","https:\/\/www.youtube.com\/user\/VeltecService"]}]}},"_links":{"self":[{"href":"https:\/\/www.veltec.eu\/fr\/wp-json\/wp\/v2\/product\/12111","targetHints":{"allow":["GET"]}}],"collection":[{"href":"https:\/\/www.veltec.eu\/fr\/wp-json\/wp\/v2\/product"}],"about":[{"href":"https:\/\/www.veltec.eu\/fr\/wp-json\/wp\/v2\/types\/product"}],"replies":[{"embeddable":true,"href":"https:\/\/www.veltec.eu\/fr\/wp-json\/wp\/v2\/comments?post=12111"}],"wp:featuredmedia":[{"embeddable":true,"href":"https:\/\/www.veltec.eu\/fr\/wp-json\/wp\/v2\/media\/17942"}],"wp:attachment":[{"href":"https:\/\/www.veltec.eu\/fr\/wp-json\/wp\/v2\/media?parent=12111"}],"wp:term":[{"taxonomy":"product_brand","embeddable":true,"href":"https:\/\/www.veltec.eu\/fr\/wp-json\/wp\/v2\/product_brand?post=12111"},{"taxonomy":"product_cat","embeddable":true,"href":"https:\/\/www.veltec.eu\/fr\/wp-json\/wp\/v2\/product_cat?post=12111"},{"taxonomy":"product_tag","embeddable":true,"href":"https:\/\/www.veltec.eu\/fr\/wp-json\/wp\/v2\/product_tag?post=12111"}],"curies":[{"name":"wp","href":"https:\/\/api.w.org\/{rel}","templated":true}]}}