{"id":12101,"date":"2018-10-16T13:38:06","date_gmt":"2018-10-16T11:38:06","guid":{"rendered":"https:\/\/www.veltec.eu\/kirby-webshop\/sac-exterieur-g5-nl3038\/"},"modified":"2025-01-02T15:57:19","modified_gmt":"2025-01-02T13:57:19","slug":"sac-exterieur-kirby-g5-nl3038","status":"publish","type":"product","link":"https:\/\/www.veltec.eu\/fr\/product\/sac-exterieur-kirby-g5-nl3038\/","title":{"rendered":"Sac Ext\u00e9rieur Kirby G5"},"content":{"rendered":"<h1>Sac ext\u00e9rieur Kirby G5<\/h1>\n<p>Sac ext\u00e9rieur pour Kirby G5.<\/p>\n<p><strong>Ce sac ext\u00e9rieur Kirby convient exclusivement aux aspirateurs Kirby ci-dessous ;<\/strong><\/p>\n<ul>\n<li>G\u00e9n\u00e9ration 5 (G5)<\/li>\n<\/ul>\n<h2>Sac ext\u00e9rieur Kirby G5 : La housse ext\u00e9rieure parfaite pour votre aspirateur Kirby<\/h2>\n<h3>Design original Kirby pour la G\u00e9n\u00e9ration 5 (G5)<\/h3>\n<p>Vous cherchez un sac ext\u00e9rieur de haute qualit\u00e9 pour votre aspirateur Kirby ? Le Kirby Outdoor Bag G5 est sp\u00e9cialement con\u00e7u pour le Kirby Generation 5 (G5) et offre un \u00e9quilibre parfait entre fonctionnalit\u00e9 et style. Gr\u00e2ce \u00e0 son design original et \u00e0 ses mat\u00e9riaux durables, ce sac ext\u00e9rieur offre un soutien optimal \u00e0 votre aspirateur.<\/p>\n<p><a href=\"https:\/\/www.veltec.eu\/fr\/sac-exterieur-et-accessoires-kirby\/\">Vous trouverez ici toutes les pi\u00e8ces d\u00e9tach\u00e9es pour le sac ext\u00e9rieur Kirby et les accessoires.<\/a><\/p>\n<h3>Convient \u00e0 tous les mod\u00e8les Kirby<\/h3>\n<p>L&#8217;un des grands avantages du sac ext\u00e9rieur est sa polyvalence. Bien que ce sac soit sp\u00e9cifiquement con\u00e7u pour le G5, il est enti\u00e8rement compatible avec tous les autres mod\u00e8les Kirby. Il s&#8217;agit donc d&#8217;un choix universel, quel que soit le type d&#8217;aspirateur Kirby. La seule diff\u00e9rence r\u00e9side dans le design, ce qui vous permet de personnaliser le sac ext\u00e9rieur en fonction de vos pr\u00e9f\u00e9rences personnelles ou du style de votre int\u00e9rieur.<\/p>\n<h3>Mat\u00e9riaux de haute qualit\u00e9 pour une utilisation \u00e0 long terme<\/h3>\n<p>Le sac d&#8217;ext\u00e9rieur Kirby est fabriqu\u00e9 \u00e0 partir de mat\u00e9riaux robustes et de haute qualit\u00e9 qui sont non seulement r\u00e9sistants, mais qui assurent \u00e9galement une meilleure circulation de l&#8217;air. Cela contribue \u00e0 l&#8217;efficacit\u00e9 de votre aspirateur et prolonge la dur\u00e9e de vie de l&#8217;appareil. En outre, le sac ext\u00e9rieur prot\u00e8ge le sac int\u00e9rieur contre les dommages et lui conf\u00e8re un aspect \u00e9l\u00e9gant et soign\u00e9.<\/p>\n<h3>Installation et entretien faciles<\/h3>\n<p>Un autre avantage important du sac ext\u00e9rieur est sa facilit\u00e9 d&#8217;utilisation. Le sac est facile \u00e0 installer et \u00e0 remplacer, ce qui signifie que vous n&#8217;avez besoin d&#8217;aucune connaissance technique pour l&#8217;ajouter \u00e0 votre aspirateur. De plus, le sac ext\u00e9rieur est facile \u00e0 nettoyer, ce qui vous permet de toujours compter sur un aspirateur hygi\u00e9nique et performant.<\/p>\n<h2>Pourquoi choisir le sac ext\u00e9rieur G5 ?<\/h2>\n<h3>Fonctionnalit\u00e9 am\u00e9lior\u00e9e<\/h3>\n<p>Le sac ext\u00e9rieur Kirby G5 am\u00e9liore les performances de votre aspirateur. Le sac favorise un flux d&#8217;air plus efficace, garantissant un nettoyage en profondeur de votre maison. De plus, le sac ext\u00e9rieur robuste minimise l&#8217;usure du sac int\u00e9rieur, ce qui prolonge sa dur\u00e9e de vie.<\/p>\n<h3>Un design \u00e9l\u00e9gant et intemporel<\/h3>\n<p>Les sacs d&#8217;ext\u00e9rieur Kirby sont connus pour leur design \u00e9l\u00e9gant. Le sac ext\u00e9rieur Kirby G5 ne fait pas exception \u00e0 la r\u00e8gle. Son design moderne s&#8217;accorde parfaitement avec l&#8217;aspect \u00e9l\u00e9gant des aspirateurs Kirby et garantit une apparence professionnelle.<\/p>\n<h3>Compatibilit\u00e9 universelle<\/h3>\n<p>La compatibilit\u00e9 universelle fait de ce sac ext\u00e9rieur un investissement judicieux, quel que soit le mod\u00e8le Kirby que vous utilisez. Cela vous permet d&#8217;\u00e9conomiser du temps et des efforts lors de la recherche des bonnes pi\u00e8ces.<\/p>\n<h3>Commandez votre sac ext\u00e9rieur Kirby d\u00e8s aujourd&#8217;hui<\/h3>\n<p>Vous souhaitez conserver votre aspirateur Kirby en parfait \u00e9tat ? Optez pour le sac ext\u00e9rieur original Kirby G5. Avec sa forme universelle, son design \u00e9l\u00e9gant et ses mat\u00e9riaux durables, ce sac ext\u00e9rieur offre tout ce dont vous avez besoin pour une utilisation optimale de votre aspirateur Kirby. Commandez d\u00e8s aujourd&#8217;hui et d\u00e9couvrez les avantages par vous-m\u00eame !<\/p>\n","protected":false},"excerpt":{"rendered":"<p>Sac ext\u00e9rieur pour Kirby de type G5.<\/p>\n[trustindex data-widget-id=e3bb80b24fa128098b960fc2439]\n<h3><span style=\"color: #008000;\"><br \/>\nEn stock<\/span><\/h3>\n[av_font_icon icon='ue812' font='entypo-fontello' style='' caption='' size='25px' position='left' color='#43ad66' link='' linktarget='' title_attr='' sonar_effect_effect='' sonar_effect_color='' sonar_effect_duration='1' sonar_effect_scale='' sonar_effect_opac='0.5' animation='' id='' custom_class='' template_class='' av_uid='' sc_version='1.0' admin_preview_bg=''][\/av_font_icon]\n<p><span style=\"color: #008000;\">Command\u00e9 23:59, exp\u00e9di\u00e9 demain<\/span><\/p>\n<p>&nbsp;<\/p>\n","protected":false},"featured_media":17960,"comment_status":"open","ping_status":"closed","template":"","meta":{"_acf_changed":false},"product_brand":[],"product_cat":[367],"product_tag":[],"class_list":{"0":"post-12101","1":"product","2":"type-product","3":"status-publish","4":"has-post-thumbnail","6":"product_cat-sac-exterieur-et-accessoires-kirby","7":"product_shipping_class-klein-de-fr","9":"first","10":"instock","11":"sale","12":"taxable","13":"shipping-taxable","14":"purchasable","15":"product-type-simple"},"acf":[],"yoast_head":"<!-- This site is optimized with the Yoast SEO Premium plugin v27.1 (Yoast SEO v27.4) - https:\/\/yoast.com\/product\/yoast-seo-premium-wordpress\/ -->\n<title>Sac Ext\u00e9rieur Kirby G5 - Veltec Kirby specialist<\/title>\n<meta name=\"description\" content=\"Sac Ext\u00e9rieur Kirby G5 - Veltec est le fournisseur des aspirateurs Kirby depuis plus de 25 ans. Et est votre sp\u00e9cialiste de confiance\" \/>\n<meta name=\"robots\" content=\"index, follow, max-snippet:-1, max-image-preview:large, max-video-preview:-1\" \/>\n<link rel=\"canonical\" href=\"https:\/\/www.veltec.eu\/fr\/product\/sac-exterieur-kirby-g5-nl3038\/\" \/>\n<meta property=\"og:locale\" content=\"fr_FR\" \/>\n<meta property=\"og:type\" content=\"article\" \/>\n<meta property=\"og:title\" content=\"Sac Ext\u00e9rieur Kirby G5\" \/>\n<meta property=\"og:description\" content=\"Sac ext\u00e9rieur pour Kirby de type G5.    En stock   Command\u00e9 23:59, exp\u00e9di\u00e9 demain  &nbsp;\" \/>\n<meta property=\"og:url\" content=\"https:\/\/www.veltec.eu\/fr\/product\/sac-exterieur-kirby-g5-nl3038\/\" \/>\n<meta property=\"og:site_name\" content=\"Veltec Kirby specialist\" \/>\n<meta property=\"article:publisher\" content=\"https:\/\/www.facebook.com\/Veltec-Kirby-Specialist-236746293374877\/\" \/>\n<meta property=\"article:modified_time\" content=\"2025-01-02T13:57:19+00:00\" \/>\n<meta property=\"og:image\" content=\"https:\/\/www.veltec.eu\/wp-content\/uploads\/2018\/10\/G5.jpg\" \/>\n\t<meta property=\"og:image:width\" content=\"439\" \/>\n\t<meta property=\"og:image:height\" content=\"426\" \/>\n\t<meta property=\"og:image:type\" content=\"image\/jpeg\" \/>\n<meta name=\"twitter:card\" content=\"summary_large_image\" \/>\n<meta name=\"twitter:label1\" content=\"Dur\u00e9e de lecture estim\u00e9e\" \/>\n\t<meta name=\"twitter:data1\" content=\"3 minutes\" \/>\n<script type=\"application\/ld+json\" class=\"yoast-schema-graph\">{\"@context\":\"https:\\\/\\\/schema.org\",\"@graph\":[{\"@type\":\"WebPage\",\"@id\":\"https:\\\/\\\/www.veltec.eu\\\/fr\\\/product\\\/sac-exterieur-kirby-g5-nl3038\\\/\",\"url\":\"https:\\\/\\\/www.veltec.eu\\\/fr\\\/product\\\/sac-exterieur-kirby-g5-nl3038\\\/\",\"name\":\"Sac Ext\u00e9rieur Kirby G5 - Veltec Kirby specialist\",\"isPartOf\":{\"@id\":\"https:\\\/\\\/www.veltec.eu\\\/en\\\/#website\"},\"primaryImageOfPage\":{\"@id\":\"https:\\\/\\\/www.veltec.eu\\\/fr\\\/product\\\/sac-exterieur-kirby-g5-nl3038\\\/#primaryimage\"},\"image\":{\"@id\":\"https:\\\/\\\/www.veltec.eu\\\/fr\\\/product\\\/sac-exterieur-kirby-g5-nl3038\\\/#primaryimage\"},\"thumbnailUrl\":\"https:\\\/\\\/www.veltec.eu\\\/wp-content\\\/uploads\\\/2018\\\/10\\\/G5.jpg\",\"datePublished\":\"2018-10-16T11:38:06+00:00\",\"dateModified\":\"2025-01-02T13:57:19+00:00\",\"description\":\"Sac Ext\u00e9rieur Kirby G5 - Veltec est le fournisseur des aspirateurs Kirby depuis plus de 25 ans. Et est votre sp\u00e9cialiste de confiance\",\"breadcrumb\":{\"@id\":\"https:\\\/\\\/www.veltec.eu\\\/fr\\\/product\\\/sac-exterieur-kirby-g5-nl3038\\\/#breadcrumb\"},\"inLanguage\":\"fr-FR\",\"potentialAction\":[{\"@type\":\"ReadAction\",\"target\":[\"https:\\\/\\\/www.veltec.eu\\\/fr\\\/product\\\/sac-exterieur-kirby-g5-nl3038\\\/\"]}]},{\"@type\":\"ImageObject\",\"inLanguage\":\"fr-FR\",\"@id\":\"https:\\\/\\\/www.veltec.eu\\\/fr\\\/product\\\/sac-exterieur-kirby-g5-nl3038\\\/#primaryimage\",\"url\":\"https:\\\/\\\/www.veltec.eu\\\/wp-content\\\/uploads\\\/2018\\\/10\\\/G5.jpg\",\"contentUrl\":\"https:\\\/\\\/www.veltec.eu\\\/wp-content\\\/uploads\\\/2018\\\/10\\\/G5.jpg\",\"width\":439,\"height\":426},{\"@type\":\"BreadcrumbList\",\"@id\":\"https:\\\/\\\/www.veltec.eu\\\/fr\\\/product\\\/sac-exterieur-kirby-g5-nl3038\\\/#breadcrumb\",\"itemListElement\":[{\"@type\":\"ListItem\",\"position\":1,\"name\":\"Home\",\"item\":\"https:\\\/\\\/www.veltec.eu\\\/fr\\\/\"},{\"@type\":\"ListItem\",\"position\":2,\"name\":\"Kirby Shop\",\"item\":\"https:\\\/\\\/www.veltec.eu\\\/nl\\\/shop-page\\\/\"},{\"@type\":\"ListItem\",\"position\":3,\"name\":\"Sac Ext\u00e9rieur Kirby G5\"}]},{\"@type\":\"WebSite\",\"@id\":\"https:\\\/\\\/www.veltec.eu\\\/en\\\/#website\",\"url\":\"https:\\\/\\\/www.veltec.eu\\\/en\\\/\",\"name\":\"Veltec Kirby specialist\",\"description\":\"Kirby stofzuiger producten\",\"publisher\":{\"@id\":\"https:\\\/\\\/www.veltec.eu\\\/en\\\/#organization\"},\"potentialAction\":[{\"@type\":\"SearchAction\",\"target\":{\"@type\":\"EntryPoint\",\"urlTemplate\":\"https:\\\/\\\/www.veltec.eu\\\/en\\\/?s={search_term_string}\"},\"query-input\":{\"@type\":\"PropertyValueSpecification\",\"valueRequired\":true,\"valueName\":\"search_term_string\"}}],\"inLanguage\":\"fr-FR\"},{\"@type\":\"Organization\",\"@id\":\"https:\\\/\\\/www.veltec.eu\\\/en\\\/#organization\",\"name\":\"Veltec Kirby Specialist\",\"url\":\"https:\\\/\\\/www.veltec.eu\\\/en\\\/\",\"logo\":{\"@type\":\"ImageObject\",\"inLanguage\":\"fr-FR\",\"@id\":\"https:\\\/\\\/www.veltec.eu\\\/en\\\/#\\\/schema\\\/logo\\\/image\\\/\",\"url\":\"https:\\\/\\\/www.veltec.eu\\\/wp-content\\\/uploads\\\/2021\\\/12\\\/Veltec-log-groot-e1537260889125.png\",\"contentUrl\":\"https:\\\/\\\/www.veltec.eu\\\/wp-content\\\/uploads\\\/2021\\\/12\\\/Veltec-log-groot-e1537260889125.png\",\"width\":200,\"height\":60,\"caption\":\"Veltec Kirby Specialist\"},\"image\":{\"@id\":\"https:\\\/\\\/www.veltec.eu\\\/en\\\/#\\\/schema\\\/logo\\\/image\\\/\"},\"sameAs\":[\"https:\\\/\\\/www.facebook.com\\\/Veltec-Kirby-Specialist-236746293374877\\\/\",\"https:\\\/\\\/www.youtube.com\\\/user\\\/VeltecService\"]}]}<\/script>\n<!-- \/ Yoast SEO Premium plugin. -->","yoast_head_json":{"title":"Sac Ext\u00e9rieur Kirby G5 - Veltec Kirby specialist","description":"Sac Ext\u00e9rieur Kirby G5 - Veltec est le fournisseur des aspirateurs Kirby depuis plus de 25 ans. Et est votre sp\u00e9cialiste de confiance","robots":{"index":"index","follow":"follow","max-snippet":"max-snippet:-1","max-image-preview":"max-image-preview:large","max-video-preview":"max-video-preview:-1"},"canonical":"https:\/\/www.veltec.eu\/fr\/product\/sac-exterieur-kirby-g5-nl3038\/","og_locale":"fr_FR","og_type":"article","og_title":"Sac Ext\u00e9rieur Kirby G5","og_description":"Sac ext\u00e9rieur pour Kirby de type G5.    En stock   Command\u00e9 23:59, exp\u00e9di\u00e9 demain  &nbsp;","og_url":"https:\/\/www.veltec.eu\/fr\/product\/sac-exterieur-kirby-g5-nl3038\/","og_site_name":"Veltec Kirby specialist","article_publisher":"https:\/\/www.facebook.com\/Veltec-Kirby-Specialist-236746293374877\/","article_modified_time":"2025-01-02T13:57:19+00:00","og_image":[{"width":439,"height":426,"url":"https:\/\/www.veltec.eu\/wp-content\/uploads\/2018\/10\/G5.jpg","type":"image\/jpeg"}],"twitter_card":"summary_large_image","twitter_misc":{"Dur\u00e9e de lecture estim\u00e9e":"3 minutes"},"schema":{"@context":"https:\/\/schema.org","@graph":[{"@type":"WebPage","@id":"https:\/\/www.veltec.eu\/fr\/product\/sac-exterieur-kirby-g5-nl3038\/","url":"https:\/\/www.veltec.eu\/fr\/product\/sac-exterieur-kirby-g5-nl3038\/","name":"Sac Ext\u00e9rieur Kirby G5 - Veltec Kirby specialist","isPartOf":{"@id":"https:\/\/www.veltec.eu\/en\/#website"},"primaryImageOfPage":{"@id":"https:\/\/www.veltec.eu\/fr\/product\/sac-exterieur-kirby-g5-nl3038\/#primaryimage"},"image":{"@id":"https:\/\/www.veltec.eu\/fr\/product\/sac-exterieur-kirby-g5-nl3038\/#primaryimage"},"thumbnailUrl":"https:\/\/www.veltec.eu\/wp-content\/uploads\/2018\/10\/G5.jpg","datePublished":"2018-10-16T11:38:06+00:00","dateModified":"2025-01-02T13:57:19+00:00","description":"Sac Ext\u00e9rieur Kirby G5 - Veltec est le fournisseur des aspirateurs Kirby depuis plus de 25 ans. Et est votre sp\u00e9cialiste de confiance","breadcrumb":{"@id":"https:\/\/www.veltec.eu\/fr\/product\/sac-exterieur-kirby-g5-nl3038\/#breadcrumb"},"inLanguage":"fr-FR","potentialAction":[{"@type":"ReadAction","target":["https:\/\/www.veltec.eu\/fr\/product\/sac-exterieur-kirby-g5-nl3038\/"]}]},{"@type":"ImageObject","inLanguage":"fr-FR","@id":"https:\/\/www.veltec.eu\/fr\/product\/sac-exterieur-kirby-g5-nl3038\/#primaryimage","url":"https:\/\/www.veltec.eu\/wp-content\/uploads\/2018\/10\/G5.jpg","contentUrl":"https:\/\/www.veltec.eu\/wp-content\/uploads\/2018\/10\/G5.jpg","width":439,"height":426},{"@type":"BreadcrumbList","@id":"https:\/\/www.veltec.eu\/fr\/product\/sac-exterieur-kirby-g5-nl3038\/#breadcrumb","itemListElement":[{"@type":"ListItem","position":1,"name":"Home","item":"https:\/\/www.veltec.eu\/fr\/"},{"@type":"ListItem","position":2,"name":"Kirby Shop","item":"https:\/\/www.veltec.eu\/nl\/shop-page\/"},{"@type":"ListItem","position":3,"name":"Sac Ext\u00e9rieur Kirby G5"}]},{"@type":"WebSite","@id":"https:\/\/www.veltec.eu\/en\/#website","url":"https:\/\/www.veltec.eu\/en\/","name":"Veltec Kirby specialist","description":"Kirby stofzuiger producten","publisher":{"@id":"https:\/\/www.veltec.eu\/en\/#organization"},"potentialAction":[{"@type":"SearchAction","target":{"@type":"EntryPoint","urlTemplate":"https:\/\/www.veltec.eu\/en\/?s={search_term_string}"},"query-input":{"@type":"PropertyValueSpecification","valueRequired":true,"valueName":"search_term_string"}}],"inLanguage":"fr-FR"},{"@type":"Organization","@id":"https:\/\/www.veltec.eu\/en\/#organization","name":"Veltec Kirby Specialist","url":"https:\/\/www.veltec.eu\/en\/","logo":{"@type":"ImageObject","inLanguage":"fr-FR","@id":"https:\/\/www.veltec.eu\/en\/#\/schema\/logo\/image\/","url":"https:\/\/www.veltec.eu\/wp-content\/uploads\/2021\/12\/Veltec-log-groot-e1537260889125.png","contentUrl":"https:\/\/www.veltec.eu\/wp-content\/uploads\/2021\/12\/Veltec-log-groot-e1537260889125.png","width":200,"height":60,"caption":"Veltec Kirby Specialist"},"image":{"@id":"https:\/\/www.veltec.eu\/en\/#\/schema\/logo\/image\/"},"sameAs":["https:\/\/www.facebook.com\/Veltec-Kirby-Specialist-236746293374877\/","https:\/\/www.youtube.com\/user\/VeltecService"]}]}},"_links":{"self":[{"href":"https:\/\/www.veltec.eu\/fr\/wp-json\/wp\/v2\/product\/12101","targetHints":{"allow":["GET"]}}],"collection":[{"href":"https:\/\/www.veltec.eu\/fr\/wp-json\/wp\/v2\/product"}],"about":[{"href":"https:\/\/www.veltec.eu\/fr\/wp-json\/wp\/v2\/types\/product"}],"replies":[{"embeddable":true,"href":"https:\/\/www.veltec.eu\/fr\/wp-json\/wp\/v2\/comments?post=12101"}],"wp:featuredmedia":[{"embeddable":true,"href":"https:\/\/www.veltec.eu\/fr\/wp-json\/wp\/v2\/media\/17960"}],"wp:attachment":[{"href":"https:\/\/www.veltec.eu\/fr\/wp-json\/wp\/v2\/media?parent=12101"}],"wp:term":[{"taxonomy":"product_brand","embeddable":true,"href":"https:\/\/www.veltec.eu\/fr\/wp-json\/wp\/v2\/product_brand?post=12101"},{"taxonomy":"product_cat","embeddable":true,"href":"https:\/\/www.veltec.eu\/fr\/wp-json\/wp\/v2\/product_cat?post=12101"},{"taxonomy":"product_tag","embeddable":true,"href":"https:\/\/www.veltec.eu\/fr\/wp-json\/wp\/v2\/product_tag?post=12101"}],"curies":[{"name":"wp","href":"https:\/\/api.w.org\/{rel}","templated":true}]}}