{"id":12086,"date":"2018-10-16T14:02:29","date_gmt":"2018-10-16T12:02:29","guid":{"rendered":"https:\/\/www.veltec.eu\/kirby-webshop\/sac-exterieur-sentria-nl3040\/"},"modified":"2025-01-02T15:45:42","modified_gmt":"2025-01-02T13:45:42","slug":"sac-exterieur-kirby-sentria-1-nl3040","status":"publish","type":"product","link":"https:\/\/www.veltec.eu\/fr\/product\/sac-exterieur-kirby-sentria-1-nl3040\/","title":{"rendered":"Sac Ext\u00e9rieur Kirby Sentria 1"},"content":{"rendered":"<h1>Sac ext\u00e9rieur Kirby Sentria 1<\/h1>\n<p>Sac ext\u00e9rieur pour Kirby Sentria 1.<\/p>\n<p><strong>Ce sac ext\u00e9rieur Kirby convient uniquement aux aspirateurs Kirby ci-dessous ;<\/strong><\/p>\n<ul>\n<li>Kirby Sentria I (G10)<\/li>\n<\/ul>\n<h2>D\u00e9couvrez le sac ext\u00e9rieur : La perfection pour votre aspirateur Kirby<\/h2>\n<p>Vous cherchez un sac ext\u00e9rieur durable et original pour votre aspirateur Kirby ? Le sac ext\u00e9rieur a \u00e9t\u00e9 sp\u00e9cialement con\u00e7u pour r\u00e9pondre \u00e0 toutes vos attentes. Ce sac ext\u00e9rieur de haute qualit\u00e9 offre une combinaison parfaite de fonctionnalit\u00e9, de qualit\u00e9 et de style. Que vous poss\u00e9diez un aspirateur Sentria ou un autre mod\u00e8le de Kirby, ce sac ext\u00e9rieur s&#8217;adapte parfaitement \u00e0 tous les types de Kirby. Lisez la suite et d\u00e9couvrez pourquoi ce sac ext\u00e9rieur est un compl\u00e9ment indispensable \u00e0 votre aspirateur.<\/p>\n<p><a href=\"https:\/\/www.veltec.eu\/fr\/sac-exterieur-et-accessoires-kirby\/\">Vous trouverez ici toutes les pi\u00e8ces d\u00e9tach\u00e9es pour le sac ext\u00e9rieur Kirby et les accessoires.<\/a><\/p>\n<h3>Pourquoi choisir le sac ext\u00e9rieur Kirby ?<\/h3>\n<p>Choisir les bons accessoires pour votre aspirateur est essentiel pour une exp\u00e9rience de nettoyage optimale. Voici quelques raisons pour lesquelles le sac ext\u00e9rieur Sentria 1 est un excellent choix :<\/p>\n<ul>\n<li>Qualit\u00e9 d&#8217;origine : Le sac ext\u00e9rieur Sentria 1 est une pi\u00e8ce d&#8217;origine Kirby, ce qui signifie que vous \u00eates assur\u00e9 d&#8217;une qualit\u00e9 et d&#8217;une durabilit\u00e9 \u00e9lev\u00e9es.<\/li>\n<li>Conception universelle : bien que con\u00e7u sp\u00e9cifiquement pour le Sentria 1, ce sac ext\u00e9rieur est compatible avec tous les mod\u00e8les d&#8217;aspirateurs Kirby. Il s&#8217;agit donc d&#8217;un choix polyvalent pour tout propri\u00e9taire d&#8217;un aspirateur Kirby.<\/li>\n<li>Design \u00e9l\u00e9gant : les sacs ext\u00e9rieurs sont disponibles dans diff\u00e9rents designs, ce qui vous permet de toujours choisir le style qui vous convient.<\/li>\n<\/ul>\n<p>Avec le sac ext\u00e9rieur Sentria 1, vous disposez d&#8217;un produit fiable qui contribue \u00e0 maintenir les excellentes performances de votre aspirateur.<\/p>\n<h3>Avantages d&#8217;un sac ext\u00e9rieur universel Kirby<\/h3>\n<p>Un sac ext\u00e9rieur universel comme le sac ext\u00e9rieur Sentria 1 offre de nombreux avantages. Voici les principales caract\u00e9ristiques et avantages de ce produit :<\/p>\n<p>1. Facilit\u00e9 d&#8217;installation<\/p>\n<p>Gr\u00e2ce \u00e0 sa conception universelle, le sac ext\u00e9rieur est facile \u00e0 installer. En quelques minutes, votre aspirateur sera \u00e0 nouveau pr\u00eat \u00e0 l&#8217;emploi.<\/p>\n<p>2. Grande durabilit\u00e9<\/p>\n<p>Le sac ext\u00e9rieur Sentria 1 est fabriqu\u00e9 \u00e0 partir de mat\u00e9riaux solides et r\u00e9sistants, ce qui lui permet de r\u00e9sister \u00e0 une utilisation intensive et de durer longtemps.<\/p>\n<p>3. Une meilleure hygi\u00e8ne<\/p>\n<p>Avec un nouveau sac ext\u00e9rieur, vous vous assurez que votre aspirateur continue \u00e0 fonctionner de mani\u00e8re optimale et emp\u00eache l&#8217;accumulation de poussi\u00e8re et d&#8217;allerg\u00e8nes dans votre maison.<\/p>\n<h3>Conseils pour l&#8217;entretien de votre sac ext\u00e9rieur Kirby<\/h3>\n<p>Pour tirer le meilleur parti de votre sac ext\u00e9rieur Sentria 1, il est essentiel de l&#8217;entretenir correctement. Voici quelques conseils pratiques :<\/p>\n<ul>\n<li>Vider r\u00e9guli\u00e8rement : assurez-vous que le sac int\u00e9rieur est remplac\u00e9 ou vid\u00e9 \u00e0 temps pour garantir des performances optimales.<\/li>\n<li>V\u00e9rifier l&#8217;usure : Inspectez r\u00e9guli\u00e8rement le sac ext\u00e9rieur pour v\u00e9rifier qu&#8217;il n&#8217;y a pas de fissures ou d&#8217;usure afin d&#8217;\u00e9viter que la poussi\u00e8re ne s&#8217;\u00e9chappe.<\/li>\n<li>Nettoyer l&#8217;ext\u00e9rieur : nettoyez l&#8217;ext\u00e9rieur du sac avec un chiffon humide pour enlever la salet\u00e9 et les taches.<\/li>\n<\/ul>\n<p>Door deze eenvoudige stappen te volgen, verlengt u de levensduur van uw Kirby buitenzak en houdt u uw stofzuiger in topconditie.<\/p>\n<div>\n<hr \/>\n<\/div>\n<h3>Commandez d\u00e8s aujourd&#8217;hui votre sac ext\u00e9rieur Kirby Sentria 1<\/h3>\n<p>Avec le sac ext\u00e9rieur Sentria 1, vous choisissez un produit fiable et polyvalent qui r\u00e9pond parfaitement \u00e0 vos besoins de nettoyage. Que vous cherchiez \u00e0 remplacer votre sac ext\u00e9rieur actuel ou que vous souhaitiez moderniser votre aspirateur, ce sac ext\u00e9rieur est le choix id\u00e9al.<\/p>\n<p>Commandez d\u00e8s aujourd&#8217;hui et d\u00e9couvrez par vous-m\u00eame les avantages de ce produit de haute qualit\u00e9. Avec le sac ext\u00e9rieur Sentria 1, vous \u00eates assur\u00e9 de b\u00e9n\u00e9ficier d&#8217;une qualit\u00e9, d&#8217;un style et de performances excellents.<\/p>\n","protected":false},"excerpt":{"rendered":"<p>Sac ext\u00e9rieur pour Kirby Sentria 1.<\/p>\n[trustindex data-widget-id=e3bb80b24fa128098b960fc2439]\n<h3><span style=\"color: #008000;\"><br \/>\nEn stock<\/span><\/h3>\n[av_font_icon icon='ue812' font='entypo-fontello' style='' caption='' size='25px' position='left' color='#43ad66' link='' linktarget='' title_attr='' sonar_effect_effect='' sonar_effect_color='' sonar_effect_duration='1' sonar_effect_scale='' sonar_effect_opac='0.5' animation='' id='' custom_class='' template_class='' av_uid='' sc_version='1.0' admin_preview_bg=''][\/av_font_icon]\n<p><span style=\"color: #008000;\">Command\u00e9 23:59, exp\u00e9di\u00e9 demain<\/span><\/p>\n<p>&nbsp;<\/p>\n","protected":false},"featured_media":41562,"comment_status":"open","ping_status":"closed","template":"","meta":{"_acf_changed":false},"product_brand":[],"product_cat":[367],"product_tag":[],"class_list":{"0":"post-12086","1":"product","2":"type-product","3":"status-publish","4":"has-post-thumbnail","6":"product_cat-sac-exterieur-et-accessoires-kirby","7":"product_shipping_class-klein-de-fr","9":"first","10":"instock","11":"sale","12":"taxable","13":"shipping-taxable","14":"purchasable","15":"product-type-simple"},"acf":[],"yoast_head":"<!-- This site is optimized with the Yoast SEO Premium plugin v27.1 (Yoast SEO v27.4) - https:\/\/yoast.com\/product\/yoast-seo-premium-wordpress\/ -->\n<title>Sac Ext\u00e9rieur Kirby Sentria 1 - Veltec Kirby specialist<\/title>\n<meta name=\"description\" content=\"Sac Ext\u00e9rieur Kirby Sentria 1 - Veltec est le fournisseur des aspirateurs Kirby depuis plus de 25 ans. Et est votre service Kirby de confiance\" \/>\n<meta name=\"robots\" content=\"index, follow, max-snippet:-1, max-image-preview:large, max-video-preview:-1\" \/>\n<link rel=\"canonical\" href=\"https:\/\/www.veltec.eu\/fr\/product\/sac-exterieur-kirby-sentria-1-nl3040\/\" \/>\n<meta property=\"og:locale\" content=\"fr_FR\" \/>\n<meta property=\"og:type\" content=\"article\" \/>\n<meta property=\"og:title\" content=\"Sac Ext\u00e9rieur Kirby Sentria 1\" \/>\n<meta property=\"og:description\" content=\"Sac ext\u00e9rieur pour Kirby Sentria 1.    En stock   Command\u00e9 23:59, exp\u00e9di\u00e9 demain  &nbsp;\" \/>\n<meta property=\"og:url\" content=\"https:\/\/www.veltec.eu\/fr\/product\/sac-exterieur-kirby-sentria-1-nl3040\/\" \/>\n<meta property=\"og:site_name\" content=\"Veltec Kirby specialist\" \/>\n<meta property=\"article:publisher\" content=\"https:\/\/www.facebook.com\/Veltec-Kirby-Specialist-236746293374877\/\" \/>\n<meta property=\"article:modified_time\" content=\"2025-01-02T13:45:42+00:00\" \/>\n<meta property=\"og:image\" content=\"https:\/\/www.veltec.eu\/wp-content\/uploads\/2018\/10\/Sentria-1-300x300-1.jpg\" \/>\n\t<meta property=\"og:image:width\" content=\"300\" \/>\n\t<meta property=\"og:image:height\" content=\"300\" \/>\n\t<meta property=\"og:image:type\" content=\"image\/jpeg\" \/>\n<meta name=\"twitter:card\" content=\"summary_large_image\" \/>\n<meta name=\"twitter:label1\" content=\"Dur\u00e9e de lecture estim\u00e9e\" \/>\n\t<meta name=\"twitter:data1\" content=\"3 minutes\" \/>\n<script type=\"application\/ld+json\" class=\"yoast-schema-graph\">{\"@context\":\"https:\\\/\\\/schema.org\",\"@graph\":[{\"@type\":\"WebPage\",\"@id\":\"https:\\\/\\\/www.veltec.eu\\\/fr\\\/product\\\/sac-exterieur-kirby-sentria-1-nl3040\\\/\",\"url\":\"https:\\\/\\\/www.veltec.eu\\\/fr\\\/product\\\/sac-exterieur-kirby-sentria-1-nl3040\\\/\",\"name\":\"Sac Ext\u00e9rieur Kirby Sentria 1 - Veltec Kirby specialist\",\"isPartOf\":{\"@id\":\"https:\\\/\\\/www.veltec.eu\\\/en\\\/#website\"},\"primaryImageOfPage\":{\"@id\":\"https:\\\/\\\/www.veltec.eu\\\/fr\\\/product\\\/sac-exterieur-kirby-sentria-1-nl3040\\\/#primaryimage\"},\"image\":{\"@id\":\"https:\\\/\\\/www.veltec.eu\\\/fr\\\/product\\\/sac-exterieur-kirby-sentria-1-nl3040\\\/#primaryimage\"},\"thumbnailUrl\":\"https:\\\/\\\/www.veltec.eu\\\/wp-content\\\/uploads\\\/2018\\\/10\\\/Sentria-1-300x300-1.jpg\",\"datePublished\":\"2018-10-16T12:02:29+00:00\",\"dateModified\":\"2025-01-02T13:45:42+00:00\",\"description\":\"Sac Ext\u00e9rieur Kirby Sentria 1 - Veltec est le fournisseur des aspirateurs Kirby depuis plus de 25 ans. Et est votre service Kirby de confiance\",\"breadcrumb\":{\"@id\":\"https:\\\/\\\/www.veltec.eu\\\/fr\\\/product\\\/sac-exterieur-kirby-sentria-1-nl3040\\\/#breadcrumb\"},\"inLanguage\":\"fr-FR\",\"potentialAction\":[{\"@type\":\"ReadAction\",\"target\":[\"https:\\\/\\\/www.veltec.eu\\\/fr\\\/product\\\/sac-exterieur-kirby-sentria-1-nl3040\\\/\"]}]},{\"@type\":\"ImageObject\",\"inLanguage\":\"fr-FR\",\"@id\":\"https:\\\/\\\/www.veltec.eu\\\/fr\\\/product\\\/sac-exterieur-kirby-sentria-1-nl3040\\\/#primaryimage\",\"url\":\"https:\\\/\\\/www.veltec.eu\\\/wp-content\\\/uploads\\\/2018\\\/10\\\/Sentria-1-300x300-1.jpg\",\"contentUrl\":\"https:\\\/\\\/www.veltec.eu\\\/wp-content\\\/uploads\\\/2018\\\/10\\\/Sentria-1-300x300-1.jpg\",\"width\":300,\"height\":300},{\"@type\":\"BreadcrumbList\",\"@id\":\"https:\\\/\\\/www.veltec.eu\\\/fr\\\/product\\\/sac-exterieur-kirby-sentria-1-nl3040\\\/#breadcrumb\",\"itemListElement\":[{\"@type\":\"ListItem\",\"position\":1,\"name\":\"Home\",\"item\":\"https:\\\/\\\/www.veltec.eu\\\/fr\\\/\"},{\"@type\":\"ListItem\",\"position\":2,\"name\":\"Kirby Shop\",\"item\":\"https:\\\/\\\/www.veltec.eu\\\/nl\\\/shop-page\\\/\"},{\"@type\":\"ListItem\",\"position\":3,\"name\":\"Sac Ext\u00e9rieur Kirby Sentria 1\"}]},{\"@type\":\"WebSite\",\"@id\":\"https:\\\/\\\/www.veltec.eu\\\/en\\\/#website\",\"url\":\"https:\\\/\\\/www.veltec.eu\\\/en\\\/\",\"name\":\"Veltec Kirby specialist\",\"description\":\"Kirby stofzuiger producten\",\"publisher\":{\"@id\":\"https:\\\/\\\/www.veltec.eu\\\/en\\\/#organization\"},\"potentialAction\":[{\"@type\":\"SearchAction\",\"target\":{\"@type\":\"EntryPoint\",\"urlTemplate\":\"https:\\\/\\\/www.veltec.eu\\\/en\\\/?s={search_term_string}\"},\"query-input\":{\"@type\":\"PropertyValueSpecification\",\"valueRequired\":true,\"valueName\":\"search_term_string\"}}],\"inLanguage\":\"fr-FR\"},{\"@type\":\"Organization\",\"@id\":\"https:\\\/\\\/www.veltec.eu\\\/en\\\/#organization\",\"name\":\"Veltec Kirby Specialist\",\"url\":\"https:\\\/\\\/www.veltec.eu\\\/en\\\/\",\"logo\":{\"@type\":\"ImageObject\",\"inLanguage\":\"fr-FR\",\"@id\":\"https:\\\/\\\/www.veltec.eu\\\/en\\\/#\\\/schema\\\/logo\\\/image\\\/\",\"url\":\"https:\\\/\\\/www.veltec.eu\\\/wp-content\\\/uploads\\\/2021\\\/12\\\/Veltec-log-groot-e1537260889125.png\",\"contentUrl\":\"https:\\\/\\\/www.veltec.eu\\\/wp-content\\\/uploads\\\/2021\\\/12\\\/Veltec-log-groot-e1537260889125.png\",\"width\":200,\"height\":60,\"caption\":\"Veltec Kirby Specialist\"},\"image\":{\"@id\":\"https:\\\/\\\/www.veltec.eu\\\/en\\\/#\\\/schema\\\/logo\\\/image\\\/\"},\"sameAs\":[\"https:\\\/\\\/www.facebook.com\\\/Veltec-Kirby-Specialist-236746293374877\\\/\",\"https:\\\/\\\/www.youtube.com\\\/user\\\/VeltecService\"]}]}<\/script>\n<!-- \/ Yoast SEO Premium plugin. -->","yoast_head_json":{"title":"Sac Ext\u00e9rieur Kirby Sentria 1 - Veltec Kirby specialist","description":"Sac Ext\u00e9rieur Kirby Sentria 1 - Veltec est le fournisseur des aspirateurs Kirby depuis plus de 25 ans. Et est votre service Kirby de confiance","robots":{"index":"index","follow":"follow","max-snippet":"max-snippet:-1","max-image-preview":"max-image-preview:large","max-video-preview":"max-video-preview:-1"},"canonical":"https:\/\/www.veltec.eu\/fr\/product\/sac-exterieur-kirby-sentria-1-nl3040\/","og_locale":"fr_FR","og_type":"article","og_title":"Sac Ext\u00e9rieur Kirby Sentria 1","og_description":"Sac ext\u00e9rieur pour Kirby Sentria 1.    En stock   Command\u00e9 23:59, exp\u00e9di\u00e9 demain  &nbsp;","og_url":"https:\/\/www.veltec.eu\/fr\/product\/sac-exterieur-kirby-sentria-1-nl3040\/","og_site_name":"Veltec Kirby specialist","article_publisher":"https:\/\/www.facebook.com\/Veltec-Kirby-Specialist-236746293374877\/","article_modified_time":"2025-01-02T13:45:42+00:00","og_image":[{"width":300,"height":300,"url":"https:\/\/www.veltec.eu\/wp-content\/uploads\/2018\/10\/Sentria-1-300x300-1.jpg","type":"image\/jpeg"}],"twitter_card":"summary_large_image","twitter_misc":{"Dur\u00e9e de lecture estim\u00e9e":"3 minutes"},"schema":{"@context":"https:\/\/schema.org","@graph":[{"@type":"WebPage","@id":"https:\/\/www.veltec.eu\/fr\/product\/sac-exterieur-kirby-sentria-1-nl3040\/","url":"https:\/\/www.veltec.eu\/fr\/product\/sac-exterieur-kirby-sentria-1-nl3040\/","name":"Sac Ext\u00e9rieur Kirby Sentria 1 - Veltec Kirby specialist","isPartOf":{"@id":"https:\/\/www.veltec.eu\/en\/#website"},"primaryImageOfPage":{"@id":"https:\/\/www.veltec.eu\/fr\/product\/sac-exterieur-kirby-sentria-1-nl3040\/#primaryimage"},"image":{"@id":"https:\/\/www.veltec.eu\/fr\/product\/sac-exterieur-kirby-sentria-1-nl3040\/#primaryimage"},"thumbnailUrl":"https:\/\/www.veltec.eu\/wp-content\/uploads\/2018\/10\/Sentria-1-300x300-1.jpg","datePublished":"2018-10-16T12:02:29+00:00","dateModified":"2025-01-02T13:45:42+00:00","description":"Sac Ext\u00e9rieur Kirby Sentria 1 - Veltec est le fournisseur des aspirateurs Kirby depuis plus de 25 ans. Et est votre service Kirby de confiance","breadcrumb":{"@id":"https:\/\/www.veltec.eu\/fr\/product\/sac-exterieur-kirby-sentria-1-nl3040\/#breadcrumb"},"inLanguage":"fr-FR","potentialAction":[{"@type":"ReadAction","target":["https:\/\/www.veltec.eu\/fr\/product\/sac-exterieur-kirby-sentria-1-nl3040\/"]}]},{"@type":"ImageObject","inLanguage":"fr-FR","@id":"https:\/\/www.veltec.eu\/fr\/product\/sac-exterieur-kirby-sentria-1-nl3040\/#primaryimage","url":"https:\/\/www.veltec.eu\/wp-content\/uploads\/2018\/10\/Sentria-1-300x300-1.jpg","contentUrl":"https:\/\/www.veltec.eu\/wp-content\/uploads\/2018\/10\/Sentria-1-300x300-1.jpg","width":300,"height":300},{"@type":"BreadcrumbList","@id":"https:\/\/www.veltec.eu\/fr\/product\/sac-exterieur-kirby-sentria-1-nl3040\/#breadcrumb","itemListElement":[{"@type":"ListItem","position":1,"name":"Home","item":"https:\/\/www.veltec.eu\/fr\/"},{"@type":"ListItem","position":2,"name":"Kirby Shop","item":"https:\/\/www.veltec.eu\/nl\/shop-page\/"},{"@type":"ListItem","position":3,"name":"Sac Ext\u00e9rieur Kirby Sentria 1"}]},{"@type":"WebSite","@id":"https:\/\/www.veltec.eu\/en\/#website","url":"https:\/\/www.veltec.eu\/en\/","name":"Veltec Kirby specialist","description":"Kirby stofzuiger producten","publisher":{"@id":"https:\/\/www.veltec.eu\/en\/#organization"},"potentialAction":[{"@type":"SearchAction","target":{"@type":"EntryPoint","urlTemplate":"https:\/\/www.veltec.eu\/en\/?s={search_term_string}"},"query-input":{"@type":"PropertyValueSpecification","valueRequired":true,"valueName":"search_term_string"}}],"inLanguage":"fr-FR"},{"@type":"Organization","@id":"https:\/\/www.veltec.eu\/en\/#organization","name":"Veltec Kirby Specialist","url":"https:\/\/www.veltec.eu\/en\/","logo":{"@type":"ImageObject","inLanguage":"fr-FR","@id":"https:\/\/www.veltec.eu\/en\/#\/schema\/logo\/image\/","url":"https:\/\/www.veltec.eu\/wp-content\/uploads\/2021\/12\/Veltec-log-groot-e1537260889125.png","contentUrl":"https:\/\/www.veltec.eu\/wp-content\/uploads\/2021\/12\/Veltec-log-groot-e1537260889125.png","width":200,"height":60,"caption":"Veltec Kirby Specialist"},"image":{"@id":"https:\/\/www.veltec.eu\/en\/#\/schema\/logo\/image\/"},"sameAs":["https:\/\/www.facebook.com\/Veltec-Kirby-Specialist-236746293374877\/","https:\/\/www.youtube.com\/user\/VeltecService"]}]}},"_links":{"self":[{"href":"https:\/\/www.veltec.eu\/fr\/wp-json\/wp\/v2\/product\/12086","targetHints":{"allow":["GET"]}}],"collection":[{"href":"https:\/\/www.veltec.eu\/fr\/wp-json\/wp\/v2\/product"}],"about":[{"href":"https:\/\/www.veltec.eu\/fr\/wp-json\/wp\/v2\/types\/product"}],"replies":[{"embeddable":true,"href":"https:\/\/www.veltec.eu\/fr\/wp-json\/wp\/v2\/comments?post=12086"}],"wp:featuredmedia":[{"embeddable":true,"href":"https:\/\/www.veltec.eu\/fr\/wp-json\/wp\/v2\/media\/41562"}],"wp:attachment":[{"href":"https:\/\/www.veltec.eu\/fr\/wp-json\/wp\/v2\/media?parent=12086"}],"wp:term":[{"taxonomy":"product_brand","embeddable":true,"href":"https:\/\/www.veltec.eu\/fr\/wp-json\/wp\/v2\/product_brand?post=12086"},{"taxonomy":"product_cat","embeddable":true,"href":"https:\/\/www.veltec.eu\/fr\/wp-json\/wp\/v2\/product_cat?post=12086"},{"taxonomy":"product_tag","embeddable":true,"href":"https:\/\/www.veltec.eu\/fr\/wp-json\/wp\/v2\/product_tag?post=12086"}],"curies":[{"name":"wp","href":"https:\/\/api.w.org\/{rel}","templated":true}]}}