{"id":12081,"date":"2018-10-16T14:07:32","date_gmt":"2018-10-16T12:07:32","guid":{"rendered":"https:\/\/www.veltec.eu\/kirby-webshop\/buitenzak-voor-kirby-avalir\/"},"modified":"2026-05-11T13:53:09","modified_gmt":"2026-05-11T11:53:09","slug":"sac-exterieur-kirby-avalir","status":"publish","type":"product","link":"https:\/\/www.veltec.eu\/fr\/product\/sac-exterieur-kirby-avalir\/","title":{"rendered":"Sac Ext\u00e9rieur Kirby Avalir"},"content":{"rendered":"<h1>Sac ext\u00e9rieur Kirby Avalir<\/h1>\n<p>Sac ext\u00e9rieur Kirby Avalir 1.<\/p>\n<p><strong>Ce sac ext\u00e9rieur Kirby est con\u00e7u pour l&#8217;aspirateur Kirby ci-dessous ;<\/strong><\/p>\n<p>Kirby Avalir 1<\/p>\n<h2>Sac ext\u00e9rieur Kirby Avalir &#8211; universel et \u00e9l\u00e9gant pour tous les aspirateurs Kirby<\/h2>\n<p>Vous cherchez un sac ext\u00e9rieur de haute qualit\u00e9 pour votre aspirateur Kirby ? Le sac ext\u00e9rieur n&#8217;est pas seulement sp\u00e9cialement con\u00e7u pour le Kirby Avalir 1, mais convient \u00e9galement \u00e0 tous les types d&#8217;aspirateurs Kirby. Vous b\u00e9n\u00e9ficiez ainsi d&#8217;une polyvalence optimale, quel que soit le mod\u00e8le Kirby que vous utilisez. D\u00e9couvrez ci-dessous pourquoi ce sac ext\u00e9rieur est un excellent choix.<\/p>\n<p><a href=\"https:\/\/www.veltec.eu\/fr\/aspirateurs-et-sacs\/sac-exterieur-et-accessoires-kirby\/\">Vous trouverez ici tout ce qu&#8217;il faut savoir sur le sac ext\u00e9rieur et les accessoires Kirby<\/a><\/p>\n<h3>Convient \u00e0 tous les aspirateurs Kirby<\/h3>\n<p>Le sac ext\u00e9rieur Avalir est con\u00e7u pour s&#8217;adapter \u00e0 tous les mod\u00e8les. Cela signifie que vous n&#8217;avez pas \u00e0 vous soucier de la compatibilit\u00e9 avec votre mod\u00e8le Kirby actuel. Que vous utilisiez le Kirby Avalir 1, Avalir 2 ou un mod\u00e8le plus ancien, ce sac ext\u00e9rieur s&#8217;adaptera toujours parfaitement.<\/p>\n<ul>\n<li>Polyvalence : convient \u00e0 tous les types d&#8217;aspirateurs Kirby.<\/li>\n<li>Installation facile : Remplacement en quelques minutes sans outils.<\/li>\n<li>Durabilit\u00e9 \u00e0 long terme : la qualit\u00e9 originale de Kirby garantit une longue dur\u00e9e de vie.<\/li>\n<\/ul>\n<h3>Design original Kirby<\/h3>\n<p>Avec le sac d&#8217;ext\u00e9rieur Avalir, vous choisissez un produit original qui a \u00e9t\u00e9 sp\u00e9cialement con\u00e7u pour s&#8217;adapter parfaitement aux normes \u00e9lev\u00e9es des aspirateurs Kirby. Vous \u00eates ainsi assur\u00e9 de continuer \u00e0 b\u00e9n\u00e9ficier de performances optimales.<\/p>\n<h3>Avantages des accessoires Kirby d&#8217;origine :<\/h3>\n<ul>\n<li>Mat\u00e9riaux de premi\u00e8re qualit\u00e9 : R\u00e9sistants \u00e0 l&#8217;usure et \u00e0 l&#8217;usage intensif.<\/li>\n<li>Ajustement parfait : pas de fuites ni de perte de puissance d&#8217;aspiration.<\/li>\n<li>Design unique : donne \u00e0 votre aspirateur une apparence moderne et \u00e9l\u00e9gante.<\/li>\n<li>Un design unique pour une touche personnelle<\/li>\n<\/ul>\n<p>La seule diff\u00e9rence entre les diff\u00e9rents sacs ext\u00e9rieurs Kirby est leur design. Le sac ext\u00e9rieur Avalir se distingue par son aspect \u00e9l\u00e9gant et moderne, donnant \u00e0 votre aspirateur une am\u00e9lioration instantan\u00e9e. Que vous aimiez un look intemporel ou un style plus contemporain, ce sac ext\u00e9rieur r\u00e9pondra parfaitement \u00e0 vos besoins.<\/p>\n<h3>Style contemporain : pour un int\u00e9rieur frais et moderne.<\/h3>\n<p>\u00c9l\u00e9gant et fonctionnel : il rehausse l&#8217;aspect de votre aspirateur sans compromettre ses performances.<br \/>\nPourquoi choisir le sac ext\u00e9rieur Avalir ?<\/p>\n<p>Avec le sac ext\u00e9rieur Avalir, vous investissez dans la qualit\u00e9, la fonctionnalit\u00e9 et le style. Ce produit original offre un \u00e9quilibre parfait entre durabilit\u00e9 et design attrayant. Son adaptation universelle en fait un choix sans probl\u00e8me pour tous les aspirateurs Kirby.<\/p>\n<h3>R\u00e9sum\u00e9 Sac Ext\u00e9rieur Kirby Avalir :<\/h3>\n<p>Universel et facile \u00e0 installer.<br \/>\nFabriqu\u00e9 \u00e0 partir de mat\u00e9riaux r\u00e9sistants et de haute qualit\u00e9.<br \/>\nEmbellit votre aspirateur gr\u00e2ce \u00e0 son design unique.<\/p>\n<p>Optez d\u00e8s aujourd&#8217;hui pour le sac ext\u00e9rieur Avalir et d\u00e9couvrez la diff\u00e9rence que peut faire un produit Kirby original. Votre aspirateur et votre exp\u00e9rience de nettoyage ne m\u00e9ritent rien de moins !<\/p>\n","protected":false},"excerpt":{"rendered":"<p>Sac Ext\u00e9rieur Avalir.<\/p>\n[trustindex data-widget-id=e3bb80b24fa128098b960fc2439]\n<h3><span style=\"color: #008000;\"><br \/>\nEn stock<\/span><\/h3>\n[av_font_icon icon='ue812' font='entypo-fontello' style='' caption='' size='25px' position='left' color='#43ad66' link='' linktarget='' title_attr='' sonar_effect_effect='' sonar_effect_color='' sonar_effect_duration='1' sonar_effect_scale='' sonar_effect_opac='0.5' animation='' id='' custom_class='' template_class='' av_uid='' sc_version='1.0' admin_preview_bg=''][\/av_font_icon]\n<p><span style=\"color: #008000;\">Command\u00e9 23:59, exp\u00e9di\u00e9 demain<\/span><\/p>\n<p>&nbsp;<\/p>\n","protected":false},"featured_media":34418,"comment_status":"open","ping_status":"closed","template":"","meta":{"_acf_changed":false},"product_brand":[],"product_cat":[367],"product_tag":[],"class_list":{"0":"post-12081","1":"product","2":"type-product","3":"status-publish","4":"has-post-thumbnail","6":"product_cat-sac-exterieur-et-accessoires-kirby","8":"first","9":"instock","10":"sale","11":"taxable","12":"shipping-taxable","13":"purchasable","14":"product-type-simple"},"acf":[],"yoast_head":"<!-- This site is optimized with the Yoast SEO Premium plugin v27.1 (Yoast SEO v27.5) - https:\/\/yoast.com\/product\/yoast-seo-premium-wordpress\/ -->\n<title>Sac Ext\u00e9rieur Kirby Avalir - Veltec Kirby specialist<\/title>\n<meta name=\"description\" content=\"Sac Ext\u00e9rieur Kirby Avalir - Veltec est le fournisseur des aspirateurs Kirby depuis plus de 25 ans. Et est votre service Kirby de confiance\" \/>\n<meta name=\"robots\" content=\"index, follow, max-snippet:-1, max-image-preview:large, max-video-preview:-1\" \/>\n<link rel=\"canonical\" href=\"https:\/\/www.veltec.eu\/fr\/product\/sac-exterieur-kirby-avalir\/\" \/>\n<meta property=\"og:locale\" content=\"fr_FR\" \/>\n<meta property=\"og:type\" content=\"article\" \/>\n<meta property=\"og:title\" content=\"Sac Ext\u00e9rieur Kirby Avalir\" \/>\n<meta property=\"og:description\" content=\"Sac Ext\u00e9rieur Avalir.    En stock   Command\u00e9 23:59, exp\u00e9di\u00e9 demain  &nbsp;\" \/>\n<meta property=\"og:url\" content=\"https:\/\/www.veltec.eu\/fr\/product\/sac-exterieur-kirby-avalir\/\" \/>\n<meta property=\"og:site_name\" content=\"Veltec Kirby specialist\" \/>\n<meta property=\"article:publisher\" content=\"https:\/\/www.facebook.com\/Veltec-Kirby-Specialist-236746293374877\/\" \/>\n<meta property=\"article:modified_time\" content=\"2026-05-11T11:53:09+00:00\" \/>\n<meta property=\"og:image\" content=\"https:\/\/www.veltec.eu\/wp-content\/uploads\/2018\/10\/Kirby-bag-Avalir.jpg\" \/>\n\t<meta property=\"og:image:width\" content=\"400\" \/>\n\t<meta property=\"og:image:height\" content=\"386\" \/>\n\t<meta property=\"og:image:type\" content=\"image\/jpeg\" \/>\n<meta name=\"twitter:card\" content=\"summary_large_image\" \/>\n<meta name=\"twitter:label1\" content=\"Dur\u00e9e de lecture estim\u00e9e\" \/>\n\t<meta name=\"twitter:data1\" content=\"3 minutes\" \/>\n<script type=\"application\/ld+json\" class=\"yoast-schema-graph\">{\"@context\":\"https:\\\/\\\/schema.org\",\"@graph\":[{\"@type\":\"WebPage\",\"@id\":\"https:\\\/\\\/www.veltec.eu\\\/fr\\\/product\\\/sac-exterieur-kirby-avalir\\\/\",\"url\":\"https:\\\/\\\/www.veltec.eu\\\/fr\\\/product\\\/sac-exterieur-kirby-avalir\\\/\",\"name\":\"Sac Ext\u00e9rieur Kirby Avalir - Veltec Kirby specialist\",\"isPartOf\":{\"@id\":\"https:\\\/\\\/www.veltec.eu\\\/en\\\/#website\"},\"primaryImageOfPage\":{\"@id\":\"https:\\\/\\\/www.veltec.eu\\\/fr\\\/product\\\/sac-exterieur-kirby-avalir\\\/#primaryimage\"},\"image\":{\"@id\":\"https:\\\/\\\/www.veltec.eu\\\/fr\\\/product\\\/sac-exterieur-kirby-avalir\\\/#primaryimage\"},\"thumbnailUrl\":\"https:\\\/\\\/www.veltec.eu\\\/wp-content\\\/uploads\\\/2018\\\/10\\\/Kirby-bag-Avalir.jpg\",\"datePublished\":\"2018-10-16T12:07:32+00:00\",\"dateModified\":\"2026-05-11T11:53:09+00:00\",\"description\":\"Sac Ext\u00e9rieur Kirby Avalir - Veltec est le fournisseur des aspirateurs Kirby depuis plus de 25 ans. Et est votre service Kirby de confiance\",\"breadcrumb\":{\"@id\":\"https:\\\/\\\/www.veltec.eu\\\/fr\\\/product\\\/sac-exterieur-kirby-avalir\\\/#breadcrumb\"},\"inLanguage\":\"fr-FR\",\"potentialAction\":[{\"@type\":\"ReadAction\",\"target\":[\"https:\\\/\\\/www.veltec.eu\\\/fr\\\/product\\\/sac-exterieur-kirby-avalir\\\/\"]}]},{\"@type\":\"ImageObject\",\"inLanguage\":\"fr-FR\",\"@id\":\"https:\\\/\\\/www.veltec.eu\\\/fr\\\/product\\\/sac-exterieur-kirby-avalir\\\/#primaryimage\",\"url\":\"https:\\\/\\\/www.veltec.eu\\\/wp-content\\\/uploads\\\/2018\\\/10\\\/Kirby-bag-Avalir.jpg\",\"contentUrl\":\"https:\\\/\\\/www.veltec.eu\\\/wp-content\\\/uploads\\\/2018\\\/10\\\/Kirby-bag-Avalir.jpg\",\"width\":400,\"height\":386},{\"@type\":\"BreadcrumbList\",\"@id\":\"https:\\\/\\\/www.veltec.eu\\\/fr\\\/product\\\/sac-exterieur-kirby-avalir\\\/#breadcrumb\",\"itemListElement\":[{\"@type\":\"ListItem\",\"position\":1,\"name\":\"Home\",\"item\":\"https:\\\/\\\/www.veltec.eu\\\/fr\\\/accueil\\\/\"},{\"@type\":\"ListItem\",\"position\":2,\"name\":\"Boutique Kirby\",\"item\":\"https:\\\/\\\/www.veltec.eu\\\/fr\\\/boutique-kirby\\\/\"},{\"@type\":\"ListItem\",\"position\":3,\"name\":\"Sac Ext\u00e9rieur Kirby Avalir\"}]},{\"@type\":\"WebSite\",\"@id\":\"https:\\\/\\\/www.veltec.eu\\\/en\\\/#website\",\"url\":\"https:\\\/\\\/www.veltec.eu\\\/en\\\/\",\"name\":\"Veltec Kirby specialist\",\"description\":\"Kirby stofzuiger producten\",\"publisher\":{\"@id\":\"https:\\\/\\\/www.veltec.eu\\\/en\\\/#organization\"},\"potentialAction\":[{\"@type\":\"SearchAction\",\"target\":{\"@type\":\"EntryPoint\",\"urlTemplate\":\"https:\\\/\\\/www.veltec.eu\\\/en\\\/?s={search_term_string}\"},\"query-input\":{\"@type\":\"PropertyValueSpecification\",\"valueRequired\":true,\"valueName\":\"search_term_string\"}}],\"inLanguage\":\"fr-FR\"},{\"@type\":\"Organization\",\"@id\":\"https:\\\/\\\/www.veltec.eu\\\/en\\\/#organization\",\"name\":\"Veltec Kirby Specialist\",\"url\":\"https:\\\/\\\/www.veltec.eu\\\/en\\\/\",\"logo\":{\"@type\":\"ImageObject\",\"inLanguage\":\"fr-FR\",\"@id\":\"https:\\\/\\\/www.veltec.eu\\\/en\\\/#\\\/schema\\\/logo\\\/image\\\/\",\"url\":\"https:\\\/\\\/www.veltec.eu\\\/wp-content\\\/uploads\\\/2021\\\/12\\\/Veltec-log-groot-e1537260889125.png\",\"contentUrl\":\"https:\\\/\\\/www.veltec.eu\\\/wp-content\\\/uploads\\\/2021\\\/12\\\/Veltec-log-groot-e1537260889125.png\",\"width\":200,\"height\":60,\"caption\":\"Veltec Kirby Specialist\"},\"image\":{\"@id\":\"https:\\\/\\\/www.veltec.eu\\\/en\\\/#\\\/schema\\\/logo\\\/image\\\/\"},\"sameAs\":[\"https:\\\/\\\/www.facebook.com\\\/Veltec-Kirby-Specialist-236746293374877\\\/\",\"https:\\\/\\\/www.youtube.com\\\/user\\\/VeltecService\"]}]}<\/script>\n<!-- \/ Yoast SEO Premium plugin. -->","yoast_head_json":{"title":"Sac Ext\u00e9rieur Kirby Avalir - Veltec Kirby specialist","description":"Sac Ext\u00e9rieur Kirby Avalir - Veltec est le fournisseur des aspirateurs Kirby depuis plus de 25 ans. Et est votre service Kirby de confiance","robots":{"index":"index","follow":"follow","max-snippet":"max-snippet:-1","max-image-preview":"max-image-preview:large","max-video-preview":"max-video-preview:-1"},"canonical":"https:\/\/www.veltec.eu\/fr\/product\/sac-exterieur-kirby-avalir\/","og_locale":"fr_FR","og_type":"article","og_title":"Sac Ext\u00e9rieur Kirby Avalir","og_description":"Sac Ext\u00e9rieur Avalir.    En stock   Command\u00e9 23:59, exp\u00e9di\u00e9 demain  &nbsp;","og_url":"https:\/\/www.veltec.eu\/fr\/product\/sac-exterieur-kirby-avalir\/","og_site_name":"Veltec Kirby specialist","article_publisher":"https:\/\/www.facebook.com\/Veltec-Kirby-Specialist-236746293374877\/","article_modified_time":"2026-05-11T11:53:09+00:00","og_image":[{"width":400,"height":386,"url":"https:\/\/www.veltec.eu\/wp-content\/uploads\/2018\/10\/Kirby-bag-Avalir.jpg","type":"image\/jpeg"}],"twitter_card":"summary_large_image","twitter_misc":{"Dur\u00e9e de lecture estim\u00e9e":"3 minutes"},"schema":{"@context":"https:\/\/schema.org","@graph":[{"@type":"WebPage","@id":"https:\/\/www.veltec.eu\/fr\/product\/sac-exterieur-kirby-avalir\/","url":"https:\/\/www.veltec.eu\/fr\/product\/sac-exterieur-kirby-avalir\/","name":"Sac Ext\u00e9rieur Kirby Avalir - Veltec Kirby specialist","isPartOf":{"@id":"https:\/\/www.veltec.eu\/en\/#website"},"primaryImageOfPage":{"@id":"https:\/\/www.veltec.eu\/fr\/product\/sac-exterieur-kirby-avalir\/#primaryimage"},"image":{"@id":"https:\/\/www.veltec.eu\/fr\/product\/sac-exterieur-kirby-avalir\/#primaryimage"},"thumbnailUrl":"https:\/\/www.veltec.eu\/wp-content\/uploads\/2018\/10\/Kirby-bag-Avalir.jpg","datePublished":"2018-10-16T12:07:32+00:00","dateModified":"2026-05-11T11:53:09+00:00","description":"Sac Ext\u00e9rieur Kirby Avalir - Veltec est le fournisseur des aspirateurs Kirby depuis plus de 25 ans. Et est votre service Kirby de confiance","breadcrumb":{"@id":"https:\/\/www.veltec.eu\/fr\/product\/sac-exterieur-kirby-avalir\/#breadcrumb"},"inLanguage":"fr-FR","potentialAction":[{"@type":"ReadAction","target":["https:\/\/www.veltec.eu\/fr\/product\/sac-exterieur-kirby-avalir\/"]}]},{"@type":"ImageObject","inLanguage":"fr-FR","@id":"https:\/\/www.veltec.eu\/fr\/product\/sac-exterieur-kirby-avalir\/#primaryimage","url":"https:\/\/www.veltec.eu\/wp-content\/uploads\/2018\/10\/Kirby-bag-Avalir.jpg","contentUrl":"https:\/\/www.veltec.eu\/wp-content\/uploads\/2018\/10\/Kirby-bag-Avalir.jpg","width":400,"height":386},{"@type":"BreadcrumbList","@id":"https:\/\/www.veltec.eu\/fr\/product\/sac-exterieur-kirby-avalir\/#breadcrumb","itemListElement":[{"@type":"ListItem","position":1,"name":"Home","item":"https:\/\/www.veltec.eu\/fr\/accueil\/"},{"@type":"ListItem","position":2,"name":"Boutique Kirby","item":"https:\/\/www.veltec.eu\/fr\/boutique-kirby\/"},{"@type":"ListItem","position":3,"name":"Sac Ext\u00e9rieur Kirby Avalir"}]},{"@type":"WebSite","@id":"https:\/\/www.veltec.eu\/en\/#website","url":"https:\/\/www.veltec.eu\/en\/","name":"Veltec Kirby specialist","description":"Kirby stofzuiger producten","publisher":{"@id":"https:\/\/www.veltec.eu\/en\/#organization"},"potentialAction":[{"@type":"SearchAction","target":{"@type":"EntryPoint","urlTemplate":"https:\/\/www.veltec.eu\/en\/?s={search_term_string}"},"query-input":{"@type":"PropertyValueSpecification","valueRequired":true,"valueName":"search_term_string"}}],"inLanguage":"fr-FR"},{"@type":"Organization","@id":"https:\/\/www.veltec.eu\/en\/#organization","name":"Veltec Kirby Specialist","url":"https:\/\/www.veltec.eu\/en\/","logo":{"@type":"ImageObject","inLanguage":"fr-FR","@id":"https:\/\/www.veltec.eu\/en\/#\/schema\/logo\/image\/","url":"https:\/\/www.veltec.eu\/wp-content\/uploads\/2021\/12\/Veltec-log-groot-e1537260889125.png","contentUrl":"https:\/\/www.veltec.eu\/wp-content\/uploads\/2021\/12\/Veltec-log-groot-e1537260889125.png","width":200,"height":60,"caption":"Veltec Kirby Specialist"},"image":{"@id":"https:\/\/www.veltec.eu\/en\/#\/schema\/logo\/image\/"},"sameAs":["https:\/\/www.facebook.com\/Veltec-Kirby-Specialist-236746293374877\/","https:\/\/www.youtube.com\/user\/VeltecService"]}]}},"_links":{"self":[{"href":"https:\/\/www.veltec.eu\/fr\/wp-json\/wp\/v2\/product\/12081","targetHints":{"allow":["GET"]}}],"collection":[{"href":"https:\/\/www.veltec.eu\/fr\/wp-json\/wp\/v2\/product"}],"about":[{"href":"https:\/\/www.veltec.eu\/fr\/wp-json\/wp\/v2\/types\/product"}],"replies":[{"embeddable":true,"href":"https:\/\/www.veltec.eu\/fr\/wp-json\/wp\/v2\/comments?post=12081"}],"wp:featuredmedia":[{"embeddable":true,"href":"https:\/\/www.veltec.eu\/fr\/wp-json\/wp\/v2\/media\/34418"}],"wp:attachment":[{"href":"https:\/\/www.veltec.eu\/fr\/wp-json\/wp\/v2\/media?parent=12081"}],"wp:term":[{"taxonomy":"product_brand","embeddable":true,"href":"https:\/\/www.veltec.eu\/fr\/wp-json\/wp\/v2\/product_brand?post=12081"},{"taxonomy":"product_cat","embeddable":true,"href":"https:\/\/www.veltec.eu\/fr\/wp-json\/wp\/v2\/product_cat?post=12081"},{"taxonomy":"product_tag","embeddable":true,"href":"https:\/\/www.veltec.eu\/fr\/wp-json\/wp\/v2\/product_tag?post=12081"}],"curies":[{"name":"wp","href":"https:\/\/api.w.org\/{rel}","templated":true}]}}