{"id":12076,"date":"2018-10-16T14:14:30","date_gmt":"2018-10-16T12:14:30","guid":{"rendered":"https:\/\/www.veltec.eu\/kirby-webshop\/kirby-buitenzak-compleet\/"},"modified":"2024-12-10T14:03:13","modified_gmt":"2024-12-10T12:03:13","slug":"kirby-sac-exterieur-complet","status":"publish","type":"product","link":"https:\/\/www.veltec.eu\/fr\/product\/kirby-sac-exterieur-complet\/","title":{"rendered":"Kirby Sac Ext\u00e9rieur Complet"},"content":{"rendered":"<h1>Kirby Sac Ext\u00e9rieur Complet<\/h1>\n<p>Kirby Sac Ext\u00e9rieur Complet<\/p>\n<p><strong>Ce produit est adapt\u00e9 pour les types:<\/strong><\/p>\n<ul>\n<li>Avalir Platinum<\/li>\n<li>Avalir 2<\/li>\n<li>Avalir 1<\/li>\n<li>Sentria 2 (G10D)<\/li>\n<li>Sentria 1 (G10)<\/li>\n<li>Ultimate G Diamond Ed.(G7D or DE)<\/li>\n<li>Ultimate G (G7 or UG)<\/li>\n<li>Generation 6 (G6)<\/li>\n<li>Generation 5 (G5)<\/li>\n<li>Generation 4 (G4)<\/li>\n<li>Generation 3 (G3)<\/li>\n<\/ul>\n<h2>Kirby Sac Ext\u00e9rieur Complet : La solution de filtration ultime<\/h2>\n<p>Vous cherchez le meilleur moyen de garder votre maison impeccable ? Le sac ext\u00e9rieur Kirby est la solution qu&#8217;il vous faut. Ce sac ext\u00e9rieur et son syst\u00e8me de filtration garantissent le fonctionnement optimal de votre aspirateur, offrant une filtration in\u00e9gal\u00e9e jusqu&#8217;\u00e0 0,0003 micron. Lisez la suite pour d\u00e9couvrir pourquoi ce produit est indispensable \u00e0 tout foyer.<\/p>\n<p><img decoding=\"async\" class=\"alignnone wp-image-62504 size-medium\" src=\"https:\/\/www.veltec.eu\/wp-content\/uploads\/2018\/10\/Kirby-stofzuigerzakken-300x236.jpg\" alt=\"Kirby Sac Ext\u00e9rieur Complet\" width=\"300\" height=\"236\" srcset=\"https:\/\/www.veltec.eu\/wp-content\/uploads\/2018\/10\/Kirby-stofzuigerzakken-300x236.jpg 300w, https:\/\/www.veltec.eu\/wp-content\/uploads\/2018\/10\/Kirby-stofzuigerzakken-450x353.jpg 450w, https:\/\/www.veltec.eu\/wp-content\/uploads\/2018\/10\/Kirby-stofzuigerzakken-76x60.jpg 76w, https:\/\/www.veltec.eu\/wp-content\/uploads\/2018\/10\/Kirby-stofzuigerzakken-115x90.jpg 115w, https:\/\/www.veltec.eu\/wp-content\/uploads\/2018\/10\/Kirby-stofzuigerzakken.jpg 600w\" sizes=\"(max-width: 300px) 100vw, 300px\" \/><\/p>\n<h3>Une filtration de haute qualit\u00e9 pour une maison saine<\/h3>\n<p>On ne soulignera jamais assez l&#8217;importance d&#8217;une bonne qualit\u00e9 de l&#8217;air int\u00e9rieur. Avec le sac ext\u00e9rieur Kirby, vous apportez dans votre maison un syst\u00e8me de filtration qui assure une filtration exceptionnelle de l&#8217;air. Gr\u00e2ce \u00e0 sa capacit\u00e9 \u00e0 filtrer les plus petites particules jusqu&#8217;\u00e0 0,0003 micron, ce sac d&#8217;ext\u00e9rieur \u00e9limine non seulement la poussi\u00e8re et la salet\u00e9 visibles, mais aussi les allerg\u00e8nes microscopiques tels que le pollen, les moisissures et les bact\u00e9ries.<\/p>\n<h3>Avantages de la filtration ultrafine du Kirby Sac Ext\u00e9rieur Complet<\/h3>\n<p>La filtration ultrafine du Kirby Outdoor Bag garantit que votre maison est non seulement plus propre, mais aussi plus saine. Le syst\u00e8me capture les allerg\u00e8nes et autres particules nocives, ce qui est particuli\u00e8rement b\u00e9n\u00e9fique pour les personnes souffrant d&#8217;allergies ou d&#8217;asthme. De plus, un air plus pur signifie moins de risques d&#8217;infections respiratoires et une am\u00e9lioration g\u00e9n\u00e9rale de votre bien-\u00eatre.<\/p>\n<h3>Syst\u00e8me de filtration durable et efficace<\/h3>\n<p>Le Kirby Outdoor Bag a \u00e9t\u00e9 con\u00e7u dans un souci d&#8217;efficacit\u00e9 et de durabilit\u00e9. Cela signifie que vous pouvez compter sur des performances \u00e0 long terme sans sacrifier la puissance ou la capacit\u00e9 de filtration. Le syst\u00e8me est facile \u00e0 installer et les sacs \u00e0 poussi\u00e8re de remplacement sont facilement disponibles, ce qui fait de l&#8217;entretien de votre aspirateur Kirby un jeu d&#8217;enfant.<\/p>\n<h3>Facile \u00e0 utiliser et \u00e0 entretenir<\/h3>\n<p>L&#8217;installation du sac ext\u00e9rieur complet Kirby est facile et ne n\u00e9cessite aucune connaissance technique. Il vous suffit de placer le nouveau sac ext\u00e9rieur dans votre aspirateur et vous \u00eates pr\u00eat \u00e0 partir. En outre, les sacs de l&#8217;aspirateur sont faciles \u00e0 remplacer, de sorte que votre aspirateur continue \u00e0 fonctionner de mani\u00e8re optimale.<\/p>\n<h3>Gagnez du temps et de l&#8217;argent avec le Kirby Sac Ext\u00e9rieur Complet<\/h3>\n<p>En choisissant le Kirby Outdoor Bag Complete, vous \u00e9conomisez non seulement du temps mais aussi de l&#8217;argent. Le syst\u00e8me de filtration avanc\u00e9 r\u00e9duit la fr\u00e9quence de remplacement des sacs de l&#8217;aspirateur, ce qui signifie que vous ne devez pas acheter de nouveaux sacs aussi souvent. Vous r\u00e9duisez ainsi vos co\u00fbts d&#8217;exploitation \u00e0 long terme, tout en profitant d&#8217;une maison propre et saine.<\/p>\n<h3>Qualit\u00e9 durable<\/h3>\n<p>Kirby est connu pour ses produits durables et fiables. Le sac d&#8217;ext\u00e9rieur Kirby ne fait pas exception \u00e0 la r\u00e8gle. Fabriqu\u00e9 \u00e0 partir de mat\u00e9riaux de haute qualit\u00e9, ce syst\u00e8me de filtration dure longtemps et offre des performances \u00e9lev\u00e9es et constantes. Vous pouvez \u00eatre s\u00fbr que votre investissement dans ce produit sera rentabilis\u00e9 sous la forme d&#8217;une maison plus propre et plus saine.<\/p>\n<h3>R\u00e9sum\u00e9<\/h3>\n<p>Le sac ext\u00e9rieur Kirby se trouve dans la cat\u00e9gorie \u00ab <a href=\"https:\/\/www.veltec.eu\/fr\/sac-exterieur-et-accessoires-kirby\/\">Sac ext\u00e9rieur et accessoires Kirby<\/a> \u00bb et constitue le choix id\u00e9al pour tous ceux qui aspirent \u00e0 une maison plus propre et plus saine. Avec sa filtration in\u00e9gal\u00e9e jusqu&#8217;\u00e0 0,0003 micron, sa facilit\u00e9 d&#8217;installation et d&#8217;entretien et ses caract\u00e9ristiques \u00e9conomiques, ce produit offre tout ce dont vous avez besoin pour que votre aspirateur fonctionne au mieux. Investissez dans le sac ext\u00e9rieur complet Kirby et d\u00e9couvrez la diff\u00e9rence qu&#8217;une filtration de haute qualit\u00e9 peut faire dans votre vie quotidienne.<\/p>\n","protected":false},"excerpt":{"rendered":"<p>Kirby Sac Ext\u00e9rieur Complet.<\/p>\n[trustindex data-widget-id=e3bb80b24fa128098b960fc2439]\n<h3><span style=\"color: #008000;\"><br \/>\nEn stock<\/span><\/h3>\n[av_font_icon icon='ue812' font='entypo-fontello' style='' caption='' size='25px' position='left' color='#43ad66' link='' linktarget='' title_attr='' sonar_effect_effect='' sonar_effect_color='' sonar_effect_duration='1' sonar_effect_scale='' sonar_effect_opac='0.5' animation='' id='' custom_class='' template_class='' av_uid='' sc_version='1.0' admin_preview_bg=''][\/av_font_icon]\n<p><span style=\"color: #008000;\">Command\u00e9 23:59, exp\u00e9di\u00e9 demain<\/span><\/p>\n<p>&nbsp;<\/p>\n","protected":false},"featured_media":44615,"comment_status":"open","ping_status":"closed","template":"","meta":{"_acf_changed":false},"product_brand":[],"product_cat":[367],"product_tag":[],"class_list":{"0":"post-12076","1":"product","2":"type-product","3":"status-publish","4":"has-post-thumbnail","6":"product_cat-sac-exterieur-et-accessoires-kirby","7":"product_shipping_class-klein-de-fr","9":"first","10":"instock","11":"sale","12":"taxable","13":"shipping-taxable","14":"purchasable","15":"product-type-simple"},"acf":[],"yoast_head":"<!-- This site is optimized with the Yoast SEO Premium plugin v27.1 (Yoast SEO v27.4) - https:\/\/yoast.com\/product\/yoast-seo-premium-wordpress\/ -->\n<title>Kirby Sac Ext\u00e9rieur Complet - Veltec Kirby specialist<\/title>\n<meta name=\"description\" content=\"Kirby Sac Ext\u00e9rieur Complet Veltec est le fournisseur des aspirateurs Kirby depuis plus de 25 ans. Et est votre service Kirby de confiance\" \/>\n<meta name=\"robots\" content=\"index, follow, max-snippet:-1, max-image-preview:large, max-video-preview:-1\" \/>\n<link rel=\"canonical\" href=\"https:\/\/www.veltec.eu\/fr\/product\/kirby-sac-exterieur-complet\/\" \/>\n<meta property=\"og:locale\" content=\"fr_FR\" \/>\n<meta property=\"og:type\" content=\"article\" \/>\n<meta property=\"og:title\" content=\"Kirby Sac Ext\u00e9rieur Complet\" \/>\n<meta property=\"og:description\" content=\"Kirby Sac Ext\u00e9rieur Complet.    En stock   Command\u00e9 23:59, exp\u00e9di\u00e9 demain  &nbsp;\" \/>\n<meta property=\"og:url\" content=\"https:\/\/www.veltec.eu\/fr\/product\/kirby-sac-exterieur-complet\/\" \/>\n<meta property=\"og:site_name\" content=\"Veltec Kirby specialist\" \/>\n<meta property=\"article:publisher\" content=\"https:\/\/www.facebook.com\/Veltec-Kirby-Specialist-236746293374877\/\" \/>\n<meta property=\"article:modified_time\" content=\"2024-12-10T12:03:13+00:00\" \/>\n<meta property=\"og:image\" content=\"https:\/\/www.veltec.eu\/wp-content\/uploads\/2018\/10\/buitenzak-1.jpg\" \/>\n\t<meta property=\"og:image:width\" content=\"500\" \/>\n\t<meta property=\"og:image:height\" content=\"500\" \/>\n\t<meta property=\"og:image:type\" content=\"image\/jpeg\" \/>\n<meta name=\"twitter:card\" content=\"summary_large_image\" \/>\n<meta name=\"twitter:label1\" content=\"Dur\u00e9e de lecture estim\u00e9e\" \/>\n\t<meta name=\"twitter:data1\" content=\"4 minutes\" \/>\n<script type=\"application\/ld+json\" class=\"yoast-schema-graph\">{\"@context\":\"https:\\\/\\\/schema.org\",\"@graph\":[{\"@type\":\"WebPage\",\"@id\":\"https:\\\/\\\/www.veltec.eu\\\/fr\\\/product\\\/kirby-sac-exterieur-complet\\\/\",\"url\":\"https:\\\/\\\/www.veltec.eu\\\/fr\\\/product\\\/kirby-sac-exterieur-complet\\\/\",\"name\":\"Kirby Sac Ext\u00e9rieur Complet - Veltec Kirby specialist\",\"isPartOf\":{\"@id\":\"https:\\\/\\\/www.veltec.eu\\\/en\\\/#website\"},\"primaryImageOfPage\":{\"@id\":\"https:\\\/\\\/www.veltec.eu\\\/fr\\\/product\\\/kirby-sac-exterieur-complet\\\/#primaryimage\"},\"image\":{\"@id\":\"https:\\\/\\\/www.veltec.eu\\\/fr\\\/product\\\/kirby-sac-exterieur-complet\\\/#primaryimage\"},\"thumbnailUrl\":\"https:\\\/\\\/www.veltec.eu\\\/wp-content\\\/uploads\\\/2018\\\/10\\\/buitenzak-1.jpg\",\"datePublished\":\"2018-10-16T12:14:30+00:00\",\"dateModified\":\"2024-12-10T12:03:13+00:00\",\"description\":\"Kirby Sac Ext\u00e9rieur Complet Veltec est le fournisseur des aspirateurs Kirby depuis plus de 25 ans. Et est votre service Kirby de confiance\",\"breadcrumb\":{\"@id\":\"https:\\\/\\\/www.veltec.eu\\\/fr\\\/product\\\/kirby-sac-exterieur-complet\\\/#breadcrumb\"},\"inLanguage\":\"fr-FR\",\"potentialAction\":[{\"@type\":\"ReadAction\",\"target\":[\"https:\\\/\\\/www.veltec.eu\\\/fr\\\/product\\\/kirby-sac-exterieur-complet\\\/\"]}]},{\"@type\":\"ImageObject\",\"inLanguage\":\"fr-FR\",\"@id\":\"https:\\\/\\\/www.veltec.eu\\\/fr\\\/product\\\/kirby-sac-exterieur-complet\\\/#primaryimage\",\"url\":\"https:\\\/\\\/www.veltec.eu\\\/wp-content\\\/uploads\\\/2018\\\/10\\\/buitenzak-1.jpg\",\"contentUrl\":\"https:\\\/\\\/www.veltec.eu\\\/wp-content\\\/uploads\\\/2018\\\/10\\\/buitenzak-1.jpg\",\"width\":500,\"height\":500},{\"@type\":\"BreadcrumbList\",\"@id\":\"https:\\\/\\\/www.veltec.eu\\\/fr\\\/product\\\/kirby-sac-exterieur-complet\\\/#breadcrumb\",\"itemListElement\":[{\"@type\":\"ListItem\",\"position\":1,\"name\":\"Home\",\"item\":\"https:\\\/\\\/www.veltec.eu\\\/fr\\\/\"},{\"@type\":\"ListItem\",\"position\":2,\"name\":\"Kirby Shop\",\"item\":\"https:\\\/\\\/www.veltec.eu\\\/nl\\\/shop-page\\\/\"},{\"@type\":\"ListItem\",\"position\":3,\"name\":\"Kirby Sac Ext\u00e9rieur Complet\"}]},{\"@type\":\"WebSite\",\"@id\":\"https:\\\/\\\/www.veltec.eu\\\/en\\\/#website\",\"url\":\"https:\\\/\\\/www.veltec.eu\\\/en\\\/\",\"name\":\"Veltec Kirby specialist\",\"description\":\"Kirby stofzuiger producten\",\"publisher\":{\"@id\":\"https:\\\/\\\/www.veltec.eu\\\/en\\\/#organization\"},\"potentialAction\":[{\"@type\":\"SearchAction\",\"target\":{\"@type\":\"EntryPoint\",\"urlTemplate\":\"https:\\\/\\\/www.veltec.eu\\\/en\\\/?s={search_term_string}\"},\"query-input\":{\"@type\":\"PropertyValueSpecification\",\"valueRequired\":true,\"valueName\":\"search_term_string\"}}],\"inLanguage\":\"fr-FR\"},{\"@type\":\"Organization\",\"@id\":\"https:\\\/\\\/www.veltec.eu\\\/en\\\/#organization\",\"name\":\"Veltec Kirby Specialist\",\"url\":\"https:\\\/\\\/www.veltec.eu\\\/en\\\/\",\"logo\":{\"@type\":\"ImageObject\",\"inLanguage\":\"fr-FR\",\"@id\":\"https:\\\/\\\/www.veltec.eu\\\/en\\\/#\\\/schema\\\/logo\\\/image\\\/\",\"url\":\"https:\\\/\\\/www.veltec.eu\\\/wp-content\\\/uploads\\\/2021\\\/12\\\/Veltec-log-groot-e1537260889125.png\",\"contentUrl\":\"https:\\\/\\\/www.veltec.eu\\\/wp-content\\\/uploads\\\/2021\\\/12\\\/Veltec-log-groot-e1537260889125.png\",\"width\":200,\"height\":60,\"caption\":\"Veltec Kirby Specialist\"},\"image\":{\"@id\":\"https:\\\/\\\/www.veltec.eu\\\/en\\\/#\\\/schema\\\/logo\\\/image\\\/\"},\"sameAs\":[\"https:\\\/\\\/www.facebook.com\\\/Veltec-Kirby-Specialist-236746293374877\\\/\",\"https:\\\/\\\/www.youtube.com\\\/user\\\/VeltecService\"]}]}<\/script>\n<!-- \/ Yoast SEO Premium plugin. -->","yoast_head_json":{"title":"Kirby Sac Ext\u00e9rieur Complet - Veltec Kirby specialist","description":"Kirby Sac Ext\u00e9rieur Complet Veltec est le fournisseur des aspirateurs Kirby depuis plus de 25 ans. Et est votre service Kirby de confiance","robots":{"index":"index","follow":"follow","max-snippet":"max-snippet:-1","max-image-preview":"max-image-preview:large","max-video-preview":"max-video-preview:-1"},"canonical":"https:\/\/www.veltec.eu\/fr\/product\/kirby-sac-exterieur-complet\/","og_locale":"fr_FR","og_type":"article","og_title":"Kirby Sac Ext\u00e9rieur Complet","og_description":"Kirby Sac Ext\u00e9rieur Complet.    En stock   Command\u00e9 23:59, exp\u00e9di\u00e9 demain  &nbsp;","og_url":"https:\/\/www.veltec.eu\/fr\/product\/kirby-sac-exterieur-complet\/","og_site_name":"Veltec Kirby specialist","article_publisher":"https:\/\/www.facebook.com\/Veltec-Kirby-Specialist-236746293374877\/","article_modified_time":"2024-12-10T12:03:13+00:00","og_image":[{"width":500,"height":500,"url":"https:\/\/www.veltec.eu\/wp-content\/uploads\/2018\/10\/buitenzak-1.jpg","type":"image\/jpeg"}],"twitter_card":"summary_large_image","twitter_misc":{"Dur\u00e9e de lecture estim\u00e9e":"4 minutes"},"schema":{"@context":"https:\/\/schema.org","@graph":[{"@type":"WebPage","@id":"https:\/\/www.veltec.eu\/fr\/product\/kirby-sac-exterieur-complet\/","url":"https:\/\/www.veltec.eu\/fr\/product\/kirby-sac-exterieur-complet\/","name":"Kirby Sac Ext\u00e9rieur Complet - Veltec Kirby specialist","isPartOf":{"@id":"https:\/\/www.veltec.eu\/en\/#website"},"primaryImageOfPage":{"@id":"https:\/\/www.veltec.eu\/fr\/product\/kirby-sac-exterieur-complet\/#primaryimage"},"image":{"@id":"https:\/\/www.veltec.eu\/fr\/product\/kirby-sac-exterieur-complet\/#primaryimage"},"thumbnailUrl":"https:\/\/www.veltec.eu\/wp-content\/uploads\/2018\/10\/buitenzak-1.jpg","datePublished":"2018-10-16T12:14:30+00:00","dateModified":"2024-12-10T12:03:13+00:00","description":"Kirby Sac Ext\u00e9rieur Complet Veltec est le fournisseur des aspirateurs Kirby depuis plus de 25 ans. Et est votre service Kirby de confiance","breadcrumb":{"@id":"https:\/\/www.veltec.eu\/fr\/product\/kirby-sac-exterieur-complet\/#breadcrumb"},"inLanguage":"fr-FR","potentialAction":[{"@type":"ReadAction","target":["https:\/\/www.veltec.eu\/fr\/product\/kirby-sac-exterieur-complet\/"]}]},{"@type":"ImageObject","inLanguage":"fr-FR","@id":"https:\/\/www.veltec.eu\/fr\/product\/kirby-sac-exterieur-complet\/#primaryimage","url":"https:\/\/www.veltec.eu\/wp-content\/uploads\/2018\/10\/buitenzak-1.jpg","contentUrl":"https:\/\/www.veltec.eu\/wp-content\/uploads\/2018\/10\/buitenzak-1.jpg","width":500,"height":500},{"@type":"BreadcrumbList","@id":"https:\/\/www.veltec.eu\/fr\/product\/kirby-sac-exterieur-complet\/#breadcrumb","itemListElement":[{"@type":"ListItem","position":1,"name":"Home","item":"https:\/\/www.veltec.eu\/fr\/"},{"@type":"ListItem","position":2,"name":"Kirby Shop","item":"https:\/\/www.veltec.eu\/nl\/shop-page\/"},{"@type":"ListItem","position":3,"name":"Kirby Sac Ext\u00e9rieur Complet"}]},{"@type":"WebSite","@id":"https:\/\/www.veltec.eu\/en\/#website","url":"https:\/\/www.veltec.eu\/en\/","name":"Veltec Kirby specialist","description":"Kirby stofzuiger producten","publisher":{"@id":"https:\/\/www.veltec.eu\/en\/#organization"},"potentialAction":[{"@type":"SearchAction","target":{"@type":"EntryPoint","urlTemplate":"https:\/\/www.veltec.eu\/en\/?s={search_term_string}"},"query-input":{"@type":"PropertyValueSpecification","valueRequired":true,"valueName":"search_term_string"}}],"inLanguage":"fr-FR"},{"@type":"Organization","@id":"https:\/\/www.veltec.eu\/en\/#organization","name":"Veltec Kirby Specialist","url":"https:\/\/www.veltec.eu\/en\/","logo":{"@type":"ImageObject","inLanguage":"fr-FR","@id":"https:\/\/www.veltec.eu\/en\/#\/schema\/logo\/image\/","url":"https:\/\/www.veltec.eu\/wp-content\/uploads\/2021\/12\/Veltec-log-groot-e1537260889125.png","contentUrl":"https:\/\/www.veltec.eu\/wp-content\/uploads\/2021\/12\/Veltec-log-groot-e1537260889125.png","width":200,"height":60,"caption":"Veltec Kirby Specialist"},"image":{"@id":"https:\/\/www.veltec.eu\/en\/#\/schema\/logo\/image\/"},"sameAs":["https:\/\/www.facebook.com\/Veltec-Kirby-Specialist-236746293374877\/","https:\/\/www.youtube.com\/user\/VeltecService"]}]}},"_links":{"self":[{"href":"https:\/\/www.veltec.eu\/fr\/wp-json\/wp\/v2\/product\/12076","targetHints":{"allow":["GET"]}}],"collection":[{"href":"https:\/\/www.veltec.eu\/fr\/wp-json\/wp\/v2\/product"}],"about":[{"href":"https:\/\/www.veltec.eu\/fr\/wp-json\/wp\/v2\/types\/product"}],"replies":[{"embeddable":true,"href":"https:\/\/www.veltec.eu\/fr\/wp-json\/wp\/v2\/comments?post=12076"}],"wp:featuredmedia":[{"embeddable":true,"href":"https:\/\/www.veltec.eu\/fr\/wp-json\/wp\/v2\/media\/44615"}],"wp:attachment":[{"href":"https:\/\/www.veltec.eu\/fr\/wp-json\/wp\/v2\/media?parent=12076"}],"wp:term":[{"taxonomy":"product_brand","embeddable":true,"href":"https:\/\/www.veltec.eu\/fr\/wp-json\/wp\/v2\/product_brand?post=12076"},{"taxonomy":"product_cat","embeddable":true,"href":"https:\/\/www.veltec.eu\/fr\/wp-json\/wp\/v2\/product_cat?post=12076"},{"taxonomy":"product_tag","embeddable":true,"href":"https:\/\/www.veltec.eu\/fr\/wp-json\/wp\/v2\/product_tag?post=12076"}],"curies":[{"name":"wp","href":"https:\/\/api.w.org\/{rel}","templated":true}]}}