{"id":12071,"date":"2018-10-16T14:23:13","date_gmt":"2018-10-16T12:23:13","guid":{"rendered":"https:\/\/www.veltec.eu\/kirby-webshop\/kirby-buitenzak-compleet-gereconditioneerd-nl203304\/"},"modified":"2024-12-30T15:32:17","modified_gmt":"2024-12-30T13:32:17","slug":"kirby-sac-exterieur-complet-reconditionnes-nl203304","status":"publish","type":"product","link":"https:\/\/www.veltec.eu\/fr\/product\/kirby-sac-exterieur-complet-reconditionnes-nl203304\/","title":{"rendered":"Kirby Sac Ext\u00e9rieur Complet reconditionn\u00e9s"},"content":{"rendered":"<h1>Kirby Sac Ext\u00e9rieur Complet reconditionn\u00e9s<\/h1>\n<p>Un Kirby Sac Ext\u00e9rieur Complet reconditionn\u00e9s est un sac ext\u00e9rieur complet pour l&#8217;aspirateur Kirby avec Kirby mini Emptor et tuyau de remplissage.<br \/>\n(connexion Twist-Style)<br \/>\nVeuillez noter qu&#8217;il ne s&#8217;agit pas d&#8217;un nouveau produit, mais qu&#8217;il est 100% bon et qu&#8217;il b\u00e9n\u00e9ficie d&#8217;une remise de 122,95 \u20ac par rapport \u00e0 un sac ext\u00e9rieur Kirby neuf.<\/p>\n<p><strong>Ce sac ext\u00e9rieur Kirby convient \u00e0 tous les aspirateurs Kirby ;<\/strong><\/p>\n<ul>\n<li>Avalir Platinum<\/li>\n<li>Avalir 2<\/li>\n<li>Avalir 1<\/li>\n<li>Sentria 2 (G10D)<\/li>\n<li>Sentria 1 (G10)<\/li>\n<li>Ultimate G Diamond Ed.(G7D or DE)<\/li>\n<li>Ultimate G (G7 or UG)<\/li>\n<li>Generation 6 (G6)<\/li>\n<li>Generation 5 (G5)<\/li>\n<li>Generation 4 (G4)<\/li>\n<li>Generation 3 (G3)<\/li>\n<\/ul>\n<h2>Kirby Sac Ext\u00e9rieur Complet reconditionn\u00e9s &#8211; Qualit\u00e9 sup\u00e9rieure pour votre aspirateur Kirby<\/h2>\n<p>Le Kirby Outdoor Bag Complete Reconditioned est le choix id\u00e9al pour tous ceux qui souhaitent tirer le meilleur parti de leur aspirateur Kirby. Ce sac ext\u00e9rieur Kirby d&#8217;origine a \u00e9t\u00e9 soigneusement reconditionn\u00e9, ce qui signifie qu&#8217;il a \u00e9t\u00e9 minutieusement contr\u00f4l\u00e9, nettoy\u00e9 et qu&#8217;il est parfaitement pr\u00eat \u00e0 l&#8217;emploi. Que vous souhaitiez remplacer votre sac ext\u00e9rieur actuel ou que vous ayez besoin d&#8217;un sac suppl\u00e9mentaire, ce sac ext\u00e9rieur reconditionn\u00e9 constitue une solution durable et fiable.<\/p>\n<p><a href=\"https:\/\/www.veltec.eu\/fr\/?page_id=59193\">Retrouvez la cat\u00e9gorie des sacs d&#8217;ext\u00e9rieur et accessoires Kirby ici<\/a><\/p>\n<h3>Qu&#8217;est-ce qui rend ce sac d&#8217;ext\u00e9rieur Kirby unique ?<\/h3>\n<p>Le sac ext\u00e9rieur Kirby Complete Reconditioned est sp\u00e9cialement con\u00e7u pour s&#8217;adapter parfaitement \u00e0 tous les mod\u00e8les d&#8217;aspirateurs Kirby. Gr\u00e2ce \u00e0 son design original et \u00e0 sa finition de haute qualit\u00e9, vous pouvez compter sur une collecte de la poussi\u00e8re et un flux d&#8217;air optimaux, ce qui est crucial pour un r\u00e9sultat d&#8217;aspiration efficace.<\/p>\n<h3>Avantages d&#8217;un Kirby Sac Ext\u00e9rieur Complet reconditionn\u00e9s<\/h3>\n<ul>\n<li>Pi\u00e8ce d&#8217;origine Kirby : vous \u00eates assur\u00e9 d&#8217;avoir un sac ext\u00e9rieur qui s&#8217;adapte parfaitement \u00e0 votre aspirateur.<\/li>\n<li>Enti\u00e8rement reconditionn\u00e9 : Ce sac ext\u00e9rieur a \u00e9t\u00e9 professionnellement nettoy\u00e9, test\u00e9 et contr\u00f4l\u00e9 pour d\u00e9tecter d&#8217;\u00e9ventuels d\u00e9fauts. Il fonctionne donc comme s&#8217;il \u00e9tait neuf.<\/li>\n<li>\u00c9conomique et durable : en choisissant un produit reconditionn\u00e9, vous contribuez au d\u00e9veloppement durable et r\u00e9alisez des \u00e9conomies par rapport \u00e0 un sac ext\u00e9rieur neuf.<\/li>\n<li>100% op\u00e9rationnel : Ce sac ext\u00e9rieur fonctionne comme vous l&#8217;attendez d&#8217;un produit Kirby d&#8217;origine.<\/li>\n<\/ul>\n<h3>Convient \u00e0 tous les mod\u00e8les d&#8217;aspirateurs Kirby<\/h3>\n<p>L&#8217;un des principaux avantages de ce sac ext\u00e9rieur est qu&#8217;il convient \u00e0 tous les mod\u00e8les d&#8217;aspirateurs Kirby. Que vous utilisiez un ancien mod\u00e8le Kirby de la s\u00e9rie G ou un mod\u00e8le plus r\u00e9cent, vous pouvez \u00eatre s\u00fbr que ce sac ext\u00e9rieur s&#8217;adapte parfaitement. Gr\u00e2ce \u00e0 cette conception universelle, le remplacement de votre sac ext\u00e9rieur est simple et sans probl\u00e8me.<\/p>\n<p><a href=\"https:\/\/www.veltec.eu\/fr\/?page_id=59193\">Pourquoi choisir un sac ext\u00e9rieur Kirby d&#8217;origine enti\u00e8rement reconditionn\u00e9 ?<\/a><\/p>\n<p>Avec un sac ext\u00e9rieur Kirby d&#8217;origine, vous \u00eates assur\u00e9 de la plus haute qualit\u00e9. Les pi\u00e8ces de contrefa\u00e7on peuvent sembler attrayantes \u00e0 premi\u00e8re vue, mais elles offrent souvent des performances inf\u00e9rieures et ont une dur\u00e9e de vie plus courte. Ce sac d&#8217;ext\u00e9rieur reconditionn\u00e9 offre un \u00e9quilibre parfait entre la qualit\u00e9 et le prix, sans compromis sur les performances.<\/p>\n<h3>Nettoyage sans souci avec Kirby<\/h3>\n<p>Le sac ext\u00e9rieur complet Kirby vous permet de passer l&#8217;aspirateur en toute tranquillit\u00e9. Que vous ayez une maison pleine de tapis ou des sols durs qui doivent \u00eatre aspir\u00e9s r\u00e9guli\u00e8rement, ce sac ext\u00e9rieur garantit que votre aspirateur Kirby continue \u00e0 fonctionner \u00e0 plein r\u00e9gime.<\/p>\n<h3>Commandez d\u00e8s aujourd&#8217;hui votre Kirby Sac Ext\u00e9rieur Complet reconditionn\u00e9s !<\/h3>\n<p>N&#8217;attendez plus et donnez \u00e0 votre aspirateur Kirby l&#8217;am\u00e9lioration qu&#8217;il m\u00e9rite. Avec le sac ext\u00e9rieur complet Kirby, vous b\u00e9n\u00e9ficiez de la qualit\u00e9 et de la fiabilit\u00e9 auxquelles vous \u00eates habitu\u00e9 chez Kirby, sans le co\u00fbt \u00e9lev\u00e9 d&#8217;une nouvelle pi\u00e8ce. Commandez maintenant et redonnez \u00e0 votre aspirateur l&#8217;aspect d&#8217;un neuf !<\/p>\n<p>Ce sac ext\u00e9rieur est un choix judicieux pour ceux qui appr\u00e9cient la qualit\u00e9, la durabilit\u00e9 et un ajustement parfait. Ajoutez-le \u00e0 votre panier d\u00e8s aujourd&#8217;hui et constatez la diff\u00e9rence par vous-m\u00eame.<\/p>\n","protected":false},"excerpt":{"rendered":"<p>Kirby Sac Ext\u00e9rieur Complet reconditionn\u00e9s.<\/p>\n[trustindex data-widget-id=e3bb80b24fa128098b960fc2439]\n<h3><span style=\"color: #008000;\"><br \/>\nEn stock<\/span><\/h3>\n[av_font_icon icon='ue812' font='entypo-fontello' style='' caption='' size='25px' position='left' color='#43ad66' link='' linktarget='' title_attr='' sonar_effect_effect='' sonar_effect_color='' sonar_effect_duration='1' sonar_effect_scale='' sonar_effect_opac='0.5' animation='' id='' custom_class='' template_class='' av_uid='' sc_version='1.0' admin_preview_bg=''][\/av_font_icon]\n<p><span style=\"color: #008000;\">Command\u00e9 23:59, exp\u00e9di\u00e9 demain<\/span><\/p>\n<p>&nbsp;<\/p>\n","protected":false},"featured_media":44594,"comment_status":"open","ping_status":"closed","template":"","meta":{"_acf_changed":false},"product_brand":[],"product_cat":[367],"product_tag":[],"class_list":{"0":"post-12071","1":"product","2":"type-product","3":"status-publish","4":"has-post-thumbnail","6":"product_cat-sac-exterieur-et-accessoires-kirby","7":"product_shipping_class-klein-de-fr","9":"first","10":"outofstock","11":"sale","12":"taxable","13":"shipping-taxable","14":"purchasable","15":"product-type-simple"},"acf":[],"yoast_head":"<!-- This site is optimized with the Yoast SEO Premium plugin v27.1 (Yoast SEO v27.4) - https:\/\/yoast.com\/product\/yoast-seo-premium-wordpress\/ -->\n<title>Kirby Sac Ext\u00e9rieur Complet reconditionn\u00e9s - Veltec Kirby specialist<\/title>\n<meta name=\"description\" content=\"Kirby Sac Ext\u00e9rieur Complet reconditionn\u00e9s - Veltec est le fournisseur des aspirateurs Kirby depuis plus de 25 ans. Et est votre service\" \/>\n<meta name=\"robots\" content=\"index, follow, max-snippet:-1, max-image-preview:large, max-video-preview:-1\" \/>\n<link rel=\"canonical\" href=\"https:\/\/www.veltec.eu\/fr\/product\/kirby-sac-exterieur-complet-reconditionnes-nl203304\/\" \/>\n<meta property=\"og:locale\" content=\"fr_FR\" \/>\n<meta property=\"og:type\" content=\"article\" \/>\n<meta property=\"og:title\" content=\"Kirby Sac Ext\u00e9rieur Complet reconditionn\u00e9s\" \/>\n<meta property=\"og:description\" content=\"Kirby Sac Ext\u00e9rieur Complet reconditionn\u00e9s.    En stock   Command\u00e9 23:59, exp\u00e9di\u00e9 demain  &nbsp;\" \/>\n<meta property=\"og:url\" content=\"https:\/\/www.veltec.eu\/fr\/product\/kirby-sac-exterieur-complet-reconditionnes-nl203304\/\" \/>\n<meta property=\"og:site_name\" content=\"Veltec Kirby specialist\" \/>\n<meta property=\"article:publisher\" content=\"https:\/\/www.facebook.com\/Veltec-Kirby-Specialist-236746293374877\/\" \/>\n<meta property=\"article:modified_time\" content=\"2024-12-30T13:32:17+00:00\" \/>\n<meta property=\"og:image\" content=\"https:\/\/www.veltec.eu\/wp-content\/uploads\/2018\/10\/buitenzak-geb.jpg\" \/>\n\t<meta property=\"og:image:width\" content=\"500\" \/>\n\t<meta property=\"og:image:height\" content=\"500\" \/>\n\t<meta property=\"og:image:type\" content=\"image\/jpeg\" \/>\n<meta name=\"twitter:card\" content=\"summary_large_image\" \/>\n<meta name=\"twitter:label1\" content=\"Dur\u00e9e de lecture estim\u00e9e\" \/>\n\t<meta name=\"twitter:data1\" content=\"4 minutes\" \/>\n<script type=\"application\/ld+json\" class=\"yoast-schema-graph\">{\"@context\":\"https:\\\/\\\/schema.org\",\"@graph\":[{\"@type\":\"WebPage\",\"@id\":\"https:\\\/\\\/www.veltec.eu\\\/fr\\\/product\\\/kirby-sac-exterieur-complet-reconditionnes-nl203304\\\/\",\"url\":\"https:\\\/\\\/www.veltec.eu\\\/fr\\\/product\\\/kirby-sac-exterieur-complet-reconditionnes-nl203304\\\/\",\"name\":\"Kirby Sac Ext\u00e9rieur Complet reconditionn\u00e9s - Veltec Kirby specialist\",\"isPartOf\":{\"@id\":\"https:\\\/\\\/www.veltec.eu\\\/en\\\/#website\"},\"primaryImageOfPage\":{\"@id\":\"https:\\\/\\\/www.veltec.eu\\\/fr\\\/product\\\/kirby-sac-exterieur-complet-reconditionnes-nl203304\\\/#primaryimage\"},\"image\":{\"@id\":\"https:\\\/\\\/www.veltec.eu\\\/fr\\\/product\\\/kirby-sac-exterieur-complet-reconditionnes-nl203304\\\/#primaryimage\"},\"thumbnailUrl\":\"https:\\\/\\\/www.veltec.eu\\\/wp-content\\\/uploads\\\/2018\\\/10\\\/buitenzak-geb.jpg\",\"datePublished\":\"2018-10-16T12:23:13+00:00\",\"dateModified\":\"2024-12-30T13:32:17+00:00\",\"description\":\"Kirby Sac Ext\u00e9rieur Complet reconditionn\u00e9s - Veltec est le fournisseur des aspirateurs Kirby depuis plus de 25 ans. Et est votre service\",\"breadcrumb\":{\"@id\":\"https:\\\/\\\/www.veltec.eu\\\/fr\\\/product\\\/kirby-sac-exterieur-complet-reconditionnes-nl203304\\\/#breadcrumb\"},\"inLanguage\":\"fr-FR\",\"potentialAction\":[{\"@type\":\"ReadAction\",\"target\":[\"https:\\\/\\\/www.veltec.eu\\\/fr\\\/product\\\/kirby-sac-exterieur-complet-reconditionnes-nl203304\\\/\"]}]},{\"@type\":\"ImageObject\",\"inLanguage\":\"fr-FR\",\"@id\":\"https:\\\/\\\/www.veltec.eu\\\/fr\\\/product\\\/kirby-sac-exterieur-complet-reconditionnes-nl203304\\\/#primaryimage\",\"url\":\"https:\\\/\\\/www.veltec.eu\\\/wp-content\\\/uploads\\\/2018\\\/10\\\/buitenzak-geb.jpg\",\"contentUrl\":\"https:\\\/\\\/www.veltec.eu\\\/wp-content\\\/uploads\\\/2018\\\/10\\\/buitenzak-geb.jpg\",\"width\":500,\"height\":500,\"caption\":\"Kirby Sac Ext\u00e9rieur Complet reconditionn\u00e9s\"},{\"@type\":\"BreadcrumbList\",\"@id\":\"https:\\\/\\\/www.veltec.eu\\\/fr\\\/product\\\/kirby-sac-exterieur-complet-reconditionnes-nl203304\\\/#breadcrumb\",\"itemListElement\":[{\"@type\":\"ListItem\",\"position\":1,\"name\":\"Home\",\"item\":\"https:\\\/\\\/www.veltec.eu\\\/fr\\\/\"},{\"@type\":\"ListItem\",\"position\":2,\"name\":\"Boutique Kirby\",\"item\":\"https:\\\/\\\/www.veltec.eu\\\/fr\\\/boutique-kirby\\\/\"},{\"@type\":\"ListItem\",\"position\":3,\"name\":\"Kirby Sac Ext\u00e9rieur Complet reconditionn\u00e9s\"}]},{\"@type\":\"WebSite\",\"@id\":\"https:\\\/\\\/www.veltec.eu\\\/en\\\/#website\",\"url\":\"https:\\\/\\\/www.veltec.eu\\\/en\\\/\",\"name\":\"Veltec Kirby specialist\",\"description\":\"Kirby stofzuiger producten\",\"publisher\":{\"@id\":\"https:\\\/\\\/www.veltec.eu\\\/en\\\/#organization\"},\"potentialAction\":[{\"@type\":\"SearchAction\",\"target\":{\"@type\":\"EntryPoint\",\"urlTemplate\":\"https:\\\/\\\/www.veltec.eu\\\/en\\\/?s={search_term_string}\"},\"query-input\":{\"@type\":\"PropertyValueSpecification\",\"valueRequired\":true,\"valueName\":\"search_term_string\"}}],\"inLanguage\":\"fr-FR\"},{\"@type\":\"Organization\",\"@id\":\"https:\\\/\\\/www.veltec.eu\\\/en\\\/#organization\",\"name\":\"Veltec Kirby Specialist\",\"url\":\"https:\\\/\\\/www.veltec.eu\\\/en\\\/\",\"logo\":{\"@type\":\"ImageObject\",\"inLanguage\":\"fr-FR\",\"@id\":\"https:\\\/\\\/www.veltec.eu\\\/en\\\/#\\\/schema\\\/logo\\\/image\\\/\",\"url\":\"https:\\\/\\\/www.veltec.eu\\\/wp-content\\\/uploads\\\/2021\\\/12\\\/Veltec-log-groot-e1537260889125.png\",\"contentUrl\":\"https:\\\/\\\/www.veltec.eu\\\/wp-content\\\/uploads\\\/2021\\\/12\\\/Veltec-log-groot-e1537260889125.png\",\"width\":200,\"height\":60,\"caption\":\"Veltec Kirby Specialist\"},\"image\":{\"@id\":\"https:\\\/\\\/www.veltec.eu\\\/en\\\/#\\\/schema\\\/logo\\\/image\\\/\"},\"sameAs\":[\"https:\\\/\\\/www.facebook.com\\\/Veltec-Kirby-Specialist-236746293374877\\\/\",\"https:\\\/\\\/www.youtube.com\\\/user\\\/VeltecService\"]}]}<\/script>\n<!-- \/ Yoast SEO Premium plugin. -->","yoast_head_json":{"title":"Kirby Sac Ext\u00e9rieur Complet reconditionn\u00e9s - Veltec Kirby specialist","description":"Kirby Sac Ext\u00e9rieur Complet reconditionn\u00e9s - Veltec est le fournisseur des aspirateurs Kirby depuis plus de 25 ans. Et est votre service","robots":{"index":"index","follow":"follow","max-snippet":"max-snippet:-1","max-image-preview":"max-image-preview:large","max-video-preview":"max-video-preview:-1"},"canonical":"https:\/\/www.veltec.eu\/fr\/product\/kirby-sac-exterieur-complet-reconditionnes-nl203304\/","og_locale":"fr_FR","og_type":"article","og_title":"Kirby Sac Ext\u00e9rieur Complet reconditionn\u00e9s","og_description":"Kirby Sac Ext\u00e9rieur Complet reconditionn\u00e9s.    En stock   Command\u00e9 23:59, exp\u00e9di\u00e9 demain  &nbsp;","og_url":"https:\/\/www.veltec.eu\/fr\/product\/kirby-sac-exterieur-complet-reconditionnes-nl203304\/","og_site_name":"Veltec Kirby specialist","article_publisher":"https:\/\/www.facebook.com\/Veltec-Kirby-Specialist-236746293374877\/","article_modified_time":"2024-12-30T13:32:17+00:00","og_image":[{"width":500,"height":500,"url":"https:\/\/www.veltec.eu\/wp-content\/uploads\/2018\/10\/buitenzak-geb.jpg","type":"image\/jpeg"}],"twitter_card":"summary_large_image","twitter_misc":{"Dur\u00e9e de lecture estim\u00e9e":"4 minutes"},"schema":{"@context":"https:\/\/schema.org","@graph":[{"@type":"WebPage","@id":"https:\/\/www.veltec.eu\/fr\/product\/kirby-sac-exterieur-complet-reconditionnes-nl203304\/","url":"https:\/\/www.veltec.eu\/fr\/product\/kirby-sac-exterieur-complet-reconditionnes-nl203304\/","name":"Kirby Sac Ext\u00e9rieur Complet reconditionn\u00e9s - Veltec Kirby specialist","isPartOf":{"@id":"https:\/\/www.veltec.eu\/en\/#website"},"primaryImageOfPage":{"@id":"https:\/\/www.veltec.eu\/fr\/product\/kirby-sac-exterieur-complet-reconditionnes-nl203304\/#primaryimage"},"image":{"@id":"https:\/\/www.veltec.eu\/fr\/product\/kirby-sac-exterieur-complet-reconditionnes-nl203304\/#primaryimage"},"thumbnailUrl":"https:\/\/www.veltec.eu\/wp-content\/uploads\/2018\/10\/buitenzak-geb.jpg","datePublished":"2018-10-16T12:23:13+00:00","dateModified":"2024-12-30T13:32:17+00:00","description":"Kirby Sac Ext\u00e9rieur Complet reconditionn\u00e9s - Veltec est le fournisseur des aspirateurs Kirby depuis plus de 25 ans. Et est votre service","breadcrumb":{"@id":"https:\/\/www.veltec.eu\/fr\/product\/kirby-sac-exterieur-complet-reconditionnes-nl203304\/#breadcrumb"},"inLanguage":"fr-FR","potentialAction":[{"@type":"ReadAction","target":["https:\/\/www.veltec.eu\/fr\/product\/kirby-sac-exterieur-complet-reconditionnes-nl203304\/"]}]},{"@type":"ImageObject","inLanguage":"fr-FR","@id":"https:\/\/www.veltec.eu\/fr\/product\/kirby-sac-exterieur-complet-reconditionnes-nl203304\/#primaryimage","url":"https:\/\/www.veltec.eu\/wp-content\/uploads\/2018\/10\/buitenzak-geb.jpg","contentUrl":"https:\/\/www.veltec.eu\/wp-content\/uploads\/2018\/10\/buitenzak-geb.jpg","width":500,"height":500,"caption":"Kirby Sac Ext\u00e9rieur Complet reconditionn\u00e9s"},{"@type":"BreadcrumbList","@id":"https:\/\/www.veltec.eu\/fr\/product\/kirby-sac-exterieur-complet-reconditionnes-nl203304\/#breadcrumb","itemListElement":[{"@type":"ListItem","position":1,"name":"Home","item":"https:\/\/www.veltec.eu\/fr\/"},{"@type":"ListItem","position":2,"name":"Boutique Kirby","item":"https:\/\/www.veltec.eu\/fr\/boutique-kirby\/"},{"@type":"ListItem","position":3,"name":"Kirby Sac Ext\u00e9rieur Complet reconditionn\u00e9s"}]},{"@type":"WebSite","@id":"https:\/\/www.veltec.eu\/en\/#website","url":"https:\/\/www.veltec.eu\/en\/","name":"Veltec Kirby specialist","description":"Kirby stofzuiger producten","publisher":{"@id":"https:\/\/www.veltec.eu\/en\/#organization"},"potentialAction":[{"@type":"SearchAction","target":{"@type":"EntryPoint","urlTemplate":"https:\/\/www.veltec.eu\/en\/?s={search_term_string}"},"query-input":{"@type":"PropertyValueSpecification","valueRequired":true,"valueName":"search_term_string"}}],"inLanguage":"fr-FR"},{"@type":"Organization","@id":"https:\/\/www.veltec.eu\/en\/#organization","name":"Veltec Kirby Specialist","url":"https:\/\/www.veltec.eu\/en\/","logo":{"@type":"ImageObject","inLanguage":"fr-FR","@id":"https:\/\/www.veltec.eu\/en\/#\/schema\/logo\/image\/","url":"https:\/\/www.veltec.eu\/wp-content\/uploads\/2021\/12\/Veltec-log-groot-e1537260889125.png","contentUrl":"https:\/\/www.veltec.eu\/wp-content\/uploads\/2021\/12\/Veltec-log-groot-e1537260889125.png","width":200,"height":60,"caption":"Veltec Kirby Specialist"},"image":{"@id":"https:\/\/www.veltec.eu\/en\/#\/schema\/logo\/image\/"},"sameAs":["https:\/\/www.facebook.com\/Veltec-Kirby-Specialist-236746293374877\/","https:\/\/www.youtube.com\/user\/VeltecService"]}]}},"_links":{"self":[{"href":"https:\/\/www.veltec.eu\/fr\/wp-json\/wp\/v2\/product\/12071","targetHints":{"allow":["GET"]}}],"collection":[{"href":"https:\/\/www.veltec.eu\/fr\/wp-json\/wp\/v2\/product"}],"about":[{"href":"https:\/\/www.veltec.eu\/fr\/wp-json\/wp\/v2\/types\/product"}],"replies":[{"embeddable":true,"href":"https:\/\/www.veltec.eu\/fr\/wp-json\/wp\/v2\/comments?post=12071"}],"wp:featuredmedia":[{"embeddable":true,"href":"https:\/\/www.veltec.eu\/fr\/wp-json\/wp\/v2\/media\/44594"}],"wp:attachment":[{"href":"https:\/\/www.veltec.eu\/fr\/wp-json\/wp\/v2\/media?parent=12071"}],"wp:term":[{"taxonomy":"product_brand","embeddable":true,"href":"https:\/\/www.veltec.eu\/fr\/wp-json\/wp\/v2\/product_brand?post=12071"},{"taxonomy":"product_cat","embeddable":true,"href":"https:\/\/www.veltec.eu\/fr\/wp-json\/wp\/v2\/product_cat?post=12071"},{"taxonomy":"product_tag","embeddable":true,"href":"https:\/\/www.veltec.eu\/fr\/wp-json\/wp\/v2\/product_tag?post=12071"}],"curies":[{"name":"wp","href":"https:\/\/api.w.org\/{rel}","templated":true}]}}