{"id":12015,"date":"2018-10-16T15:07:55","date_gmt":"2018-10-16T13:07:55","guid":{"rendered":"https:\/\/www.veltec.eu\/kirby-webshop\/brosse-d-aspiro-batteur-g5-a-sentria-nl3162\/"},"modified":"2025-11-11T16:28:07","modified_gmt":"2025-11-11T14:28:07","slug":"brosse-daspiro-batteur-kirby-g5-a-avalir-nl3162","status":"publish","type":"product","link":"https:\/\/www.veltec.eu\/fr\/product\/brosse-daspiro-batteur-kirby-g5-a-avalir-nl3162\/","title":{"rendered":"Brosse d\u2019aspiro-batteur Kirby G5 \u00e0 Avalir"},"content":{"rendered":"<h1 data-start=\"133\" data-end=\"229\">Brosse Batteuse Kirby G5 \u00e0 Avalir \u2013 Le Choix Id\u00e9al pour un Nettoyage en Profondeur des Tapis<\/h1>\n<p data-start=\"231\" data-end=\"626\">Vous recherchez une solution puissante pour nettoyer vos tapis et moquettes en profondeur ? La Brosse d\u2019aspiro-batteur Kirby G5 \u00e0 Avalir est exactement ce qu\u2019il vous faut. Con\u00e7ue sp\u00e9cialement pour la large t\u00eate battante Kirby, cette brosse garantit une performance de nettoyage exceptionnelle. Gr\u00e2ce \u00e0 ses poils robustes, elle \u00e9limine facilement la salet\u00e9 incrust\u00e9e, la poussi\u00e8re et les allerg\u00e8nes.<\/p>\n<p>D\u00e9couvrez \u00e9galement d\u2019autres <a href=\"https:\/\/www.veltec.eu\/fr\/boutique-kirby\/\">pi\u00e8ces Kirby dans notre boutique en ligne<\/a> ou consultez notre <a href=\"https:\/\/www.service-aspirateur-kirby.fr\/brosses-kirby\/\">blog d\u00e9di\u00e9 \u00e0 tout savoir sur les brosses Kirby.<\/a><\/p>\n<h2 data-start=\"741\" data-end=\"818\">Pour Quels Aspirateurs Kirby Cette Brosse Batteuse est-elle Compatible ?<\/h2>\n<p data-start=\"820\" data-end=\"973\">La <strong data-start=\"823\" data-end=\"848\">Brosse Batteuse Kirby<\/strong> convient \u00e0 plusieurs mod\u00e8les, vous assurant toujours de disposer de la bonne pi\u00e8ce de rechange. Elle est compatible avec :<\/p>\n<ul>\n<li data-start=\"977\" data-end=\"991\">Kirby Avalir<\/li>\n<li data-start=\"994\" data-end=\"1019\">Kirby Sentria II (G10D)<\/li>\n<li data-start=\"1022\" data-end=\"1043\">Kirby Sentria (G10)<\/li>\n<li data-start=\"1046\" data-end=\"1091\">Kirby Ultimate G Diamond Edition (G7D \/ DE)<\/li>\n<li data-start=\"1094\" data-end=\"1122\">Kirby Ultimate G (G7 \/ UG)<\/li>\n<li data-start=\"1125\" data-end=\"1150\">Kirby Generation 6 (G6)<\/li>\n<li data-start=\"1153\" data-end=\"1178\">Kirby Generation 5 (G5)<\/li>\n<\/ul>\n<p data-start=\"1180\" data-end=\"1376\">Vous ne savez pas si cette brosse convient \u00e0 votre aspirateur\u202f? Consultez notre <a class=\"decorated-link cursor-pointer\" href=\"https:\/\/www.veltec.eu\/fr\/modeles-kirby\/\" target=\"_new\" rel=\"noopener\" data-start=\"1260\" data-end=\"1333\">aper\u00e7u des mod\u00e8les Kirby<\/a> pour identifier facilement votre mod\u00e8le.<\/p>\n<h2 data-start=\"1383\" data-end=\"1443\">Pourquoi Choisir la Brosse Batteuse Kirby G5 \u00e0 Avalir ?<\/h2>\n<h3 data-start=\"1445\" data-end=\"1529\">1. Comment la Brosse Batteuse Kirby assure-t-elle un nettoyage en profondeur\u202f?<\/h3>\n<p data-start=\"1530\" data-end=\"1803\">Les poils robustes d\u00e9tachent litt\u00e9ralement la salet\u00e9 incrust\u00e9e dans les fibres du tapis. Cela permet non seulement d\u2019\u00e9liminer la salet\u00e9 visible, mais aussi la poussi\u00e8re et les allerg\u00e8nes pr\u00e9sents en profondeur, rendant votre maison plus propre et vos tapis plus durables.<\/p>\n<h3 data-start=\"1805\" data-end=\"1868\">2. La Brosse Batteuse Kirby est-elle facile \u00e0 remplacer\u202f?<\/h3>\n<p data-start=\"1869\" data-end=\"2071\">Absolument. La Brosse d\u2019aspiro-batteur Kirby G5 \u00e0 Avalir est con\u00e7ue pour \u00eatre remplac\u00e9e en quelques minutes, sans connaissances techniques. Il suffit de retirer l\u2019ancienne brosse, d\u2019ins\u00e9rer la nouvelle et de reprendre le nettoyage imm\u00e9diatement.<\/p>\n<p data-start=\"2073\" data-end=\"2185\"><a class=\"decorated-link cursor-pointer\" href=\"https:\/\/www.veltec.eu\/fr\/kirby-buse-large-daspiro-batteur\/\" target=\"_new\" rel=\"noopener\" data-start=\"2076\" data-end=\"2183\">Commandez votre nouvelle Brosse Batteuse Kirby d\u00e8s aujourd\u2019hui<\/a><\/p>\n<div  class='avia-video av-15525pl-ea3040575bd97204c5fa407c03cfd9e5 avia-video-16-9 av-no-preview-image avia-video-load-always av-lazyload-immediate av-lazyload-video-embed'  itemprop=\"video\" itemtype=\"https:\/\/schema.org\/VideoObject\"  data-original_url='https:\/\/youtu.be\/id9jSUkxm8I'><script type='text\/html' class='av-video-tmpl'><div class='avia-iframe-wrap'><iframe loading=\"lazy\" title=\"Kirby vacuum Veltec - Replace the brush role\" width=\"1500\" height=\"844\" src=\"https:\/\/www.youtube.com\/embed\/id9jSUkxm8I?feature=oembed&enablejsapi=1&origin=https:\/\/www.veltec.eu&autoplay=0&loop=0&controls=1&mute=0\" frameborder=\"0\" allow=\"accelerometer; autoplay; clipboard-write; encrypted-media; gyroscope; picture-in-picture; web-share\" referrerpolicy=\"strict-origin-when-cross-origin\" allowfullscreen><\/iframe><\/div><\/script><div class='av-click-to-play-overlay'><div class=\"avia_playpause_icon\"><\/div><\/div><\/div>\n<p data-start=\"2245\" data-end=\"2333\"><div  class='avia-video av-lnj3m1-de146df985dbe0dd28e2741edbd86741 avia-video-16-9 av-no-preview-image avia-video-load-always av-lazyload-immediate av-lazyload-video-embed'  itemprop=\"video\" itemtype=\"https:\/\/schema.org\/VideoObject\"  data-original_url='https:\/\/youtu.be\/9C1MGv44fgU'><script type='text\/html' class='av-video-tmpl'><div class='avia-iframe-wrap'><iframe loading=\"lazy\" title=\"Kirby vacuum Veltec - Replace your Kirby vacuum belt\" width=\"1500\" height=\"844\" src=\"https:\/\/www.youtube.com\/embed\/9C1MGv44fgU?feature=oembed&enablejsapi=1&origin=https:\/\/www.veltec.eu&autoplay=0&loop=0&controls=1&mute=0\" frameborder=\"0\" allow=\"accelerometer; autoplay; clipboard-write; encrypted-media; gyroscope; picture-in-picture; web-share\" referrerpolicy=\"strict-origin-when-cross-origin\" allowfullscreen><\/iframe><\/div><\/script><div class='av-click-to-play-overlay'><div class=\"avia_playpause_icon\"><\/div><\/div><\/div><\/p>\n<h2 data-start=\"2192\" data-end=\"2262\">Quels Sont les Avantages Principaux de la Brosse Batteuse Kirby ?<\/h2>\n<h3 data-start=\"2264\" data-end=\"2306\">Un environnement int\u00e9rieur plus sain<\/h3>\n<p data-start=\"2307\" data-end=\"2568\">Vous \u00eates sensible \u00e0 la poussi\u00e8re ou aux allergies\u202f? La Brosse Batteuse Kirby G5 \u00e0 Avalir fait toute la diff\u00e9rence. En \u00e9liminant efficacement les acariens, le pollen et les particules de salet\u00e9, cette brosse am\u00e9liore la qualit\u00e9 de l\u2019air dans votre maison.<\/p>\n<p data-start=\"2570\" data-end=\"2708\">D\u00e9couvrez \u00e9galement notre article : <a class=\"decorated-link cursor-pointer\" href=\"https:\/\/www.service-aspirateur-kirby.fr\/comment-un-aspirateur-kirby-nettoie-en-profondeur\/\" target=\"_new\" rel=\"noopener\" data-start=\"2606\" data-end=\"2706\">Comment un aspirateur Kirby nettoie en profondeur<\/a><\/p>\n<h3 data-start=\"2710\" data-end=\"2750\">Prolonge la dur\u00e9e de vie des tapis<\/h3>\n<p data-start=\"2751\" data-end=\"2964\">Saviez-vous que la salet\u00e9 accumul\u00e9e dans les fibres use plus rapidement vos tapis\u202f? Une utilisation r\u00e9guli\u00e8re de la Brosse Batteuse Kirby G5 \u00e0 Avalir pr\u00e9vient les dommages et garde vos sols beaux plus longtemps.<\/p>\n<h3 data-start=\"2966\" data-end=\"3002\">Durable et facile \u00e0 entretenir<\/h3>\n<p data-start=\"3003\" data-end=\"3208\">Cette brosse est fabriqu\u00e9e avec des mat\u00e9riaux robustes capables de r\u00e9sister \u00e0 un usage intensif. Vous n\u2019aurez donc pas \u00e0 remplacer les pi\u00e8ces fr\u00e9quemment, ce qui vous fait gagner du temps et de l\u2019argent.<\/p>\n<h2 data-start=\"3649\" data-end=\"3715\">Conclusion\u202f: Pourquoi Cette Brosse Batteuse est Indispensable<\/h2>\n<p data-start=\"3717\" data-end=\"4163\">La Brosse Batteuse Kirby G5 \u00e0 Avalir est l\u2019accessoire qui compl\u00e8te parfaitement votre aspirateur. Avec ses poils puissants, son installation facile et sa longue dur\u00e9e de vie, elle \u00e9limine la salet\u00e9 de vos tapis tout en contribuant \u00e0 un environnement int\u00e9rieur plus sain. Vous souhaitez b\u00e9n\u00e9ficier d\u2019un nettoyage en profondeur tout en prolongeant la dur\u00e9e de vie de vos tapis\u202f? Choisissez la Brosse Batteuse Kirby et constatez la diff\u00e9rence.<\/p>\n","protected":false},"excerpt":{"rendered":"<p>La Brosse Batteuse Kirby G5 \u00e0 Avalir \u00e9limine efficacement la poussi\u00e8re et la salet\u00e9 incrust\u00e9e. Durable et facile \u00e0 installer, elle assure un nettoyage optimal des tapis.<\/p>\n[trustindex data-widget-id=e3bb80b24fa128098b960fc2439]\n<h3><span style=\"color: #008000;\"><br \/>\nEn stock<\/span><\/h3>\n[av_font_icon icon='ue812' font='entypo-fontello' style='' caption='' size='25px' position='left' color='#43ad66' link='' linktarget='' title_attr='' sonar_effect_effect='' sonar_effect_color='' sonar_effect_duration='1' sonar_effect_scale='' sonar_effect_opac='0.5' animation='' id='' custom_class='' template_class='' av_uid='' sc_version='1.0' admin_preview_bg=''][\/av_font_icon]\n<p><span style=\"color: #008000;\">Command\u00e9 23:59, exp\u00e9di\u00e9 demain<\/span><\/p>\n<p>&nbsp;<\/p>\n","protected":false},"featured_media":20608,"comment_status":"open","ping_status":"closed","template":"","meta":[],"product_brand":[],"product_cat":[341,344],"product_tag":[],"class_list":{"0":"post-12015","1":"product","2":"type-product","3":"status-publish","4":"has-post-thumbnail","6":"product_cat-kirby-brosses-et-accessoires","7":"product_cat-kirby-buse-large-daspiro-batteur","8":"product_shipping_class-klein-de-fr","10":"first","11":"instock","12":"taxable","13":"shipping-taxable","14":"purchasable","15":"product-type-simple"},"yoast_head":"<!-- This site is optimized with the Yoast SEO Premium plugin v27.1 (Yoast SEO v27.4) - https:\/\/yoast.com\/product\/yoast-seo-premium-wordpress\/ -->\n<title>Brosse Batteuse Kirby G5 \u00e0 Avalir | Performance et Durabilit\u00e9<\/title>\n<meta name=\"description\" content=\"Brosse Batteuse Kirby G5 \u00e0 Avalir pour tapis. Puissante, durable et facile \u00e0 installer pour un nettoyage en profondeur et un int\u00e9rieur sain.\" \/>\n<meta name=\"robots\" content=\"index, follow, max-snippet:-1, max-image-preview:large, max-video-preview:-1\" \/>\n<link rel=\"canonical\" href=\"https:\/\/www.veltec.eu\/fr\/product\/brosse-daspiro-batteur-kirby-g5-a-avalir-nl3162\/\" \/>\n<meta property=\"og:locale\" content=\"fr_FR\" \/>\n<meta property=\"og:type\" content=\"article\" \/>\n<meta property=\"og:title\" content=\"Brosse d\u2019aspiro-batteur Kirby G5 \u00e0 Avalir\" \/>\n<meta property=\"og:description\" content=\"La Brosse Batteuse Kirby G5 \u00e0 Avalir \u00e9limine efficacement la poussi\u00e8re et la salet\u00e9 incrust\u00e9e. Durable et facile \u00e0 installer, elle assure un nettoyage optimal des tapis.    En stock   Command\u00e9 23:59, exp\u00e9di\u00e9 demain  &nbsp;\" \/>\n<meta property=\"og:url\" content=\"https:\/\/www.veltec.eu\/fr\/product\/brosse-daspiro-batteur-kirby-g5-a-avalir-nl3162\/\" \/>\n<meta property=\"og:site_name\" content=\"Veltec Kirby specialist\" \/>\n<meta property=\"article:publisher\" content=\"https:\/\/www.facebook.com\/Veltec-Kirby-Specialist-236746293374877\/\" \/>\n<meta property=\"article:modified_time\" content=\"2025-11-11T14:28:07+00:00\" \/>\n<meta property=\"og:image\" content=\"https:\/\/www.veltec.eu\/wp-content\/uploads\/2018\/10\/kirby-klopborstel-g5-tm-avalir.jpg\" \/>\n\t<meta property=\"og:image:width\" content=\"500\" \/>\n\t<meta property=\"og:image:height\" content=\"500\" \/>\n\t<meta property=\"og:image:type\" content=\"image\/jpeg\" \/>\n<meta name=\"twitter:card\" content=\"summary_large_image\" \/>\n<meta name=\"twitter:label1\" content=\"Dur\u00e9e de lecture estim\u00e9e\" \/>\n\t<meta name=\"twitter:data1\" content=\"3 minutes\" \/>\n<script type=\"application\/ld+json\" class=\"yoast-schema-graph\">{\"@context\":\"https:\\\/\\\/schema.org\",\"@graph\":[{\"@type\":\"WebPage\",\"@id\":\"https:\\\/\\\/www.veltec.eu\\\/fr\\\/product\\\/brosse-daspiro-batteur-kirby-g5-a-avalir-nl3162\\\/\",\"url\":\"https:\\\/\\\/www.veltec.eu\\\/fr\\\/product\\\/brosse-daspiro-batteur-kirby-g5-a-avalir-nl3162\\\/\",\"name\":\"Brosse Batteuse Kirby G5 \u00e0 Avalir | Performance et Durabilit\u00e9\",\"isPartOf\":{\"@id\":\"https:\\\/\\\/www.veltec.eu\\\/en\\\/#website\"},\"primaryImageOfPage\":{\"@id\":\"https:\\\/\\\/www.veltec.eu\\\/fr\\\/product\\\/brosse-daspiro-batteur-kirby-g5-a-avalir-nl3162\\\/#primaryimage\"},\"image\":{\"@id\":\"https:\\\/\\\/www.veltec.eu\\\/fr\\\/product\\\/brosse-daspiro-batteur-kirby-g5-a-avalir-nl3162\\\/#primaryimage\"},\"thumbnailUrl\":\"https:\\\/\\\/www.veltec.eu\\\/wp-content\\\/uploads\\\/2018\\\/10\\\/kirby-klopborstel-g5-tm-avalir.jpg\",\"datePublished\":\"2018-10-16T13:07:55+00:00\",\"dateModified\":\"2025-11-11T14:28:07+00:00\",\"description\":\"Brosse Batteuse Kirby G5 \u00e0 Avalir pour tapis. Puissante, durable et facile \u00e0 installer pour un nettoyage en profondeur et un int\u00e9rieur sain.\",\"breadcrumb\":{\"@id\":\"https:\\\/\\\/www.veltec.eu\\\/fr\\\/product\\\/brosse-daspiro-batteur-kirby-g5-a-avalir-nl3162\\\/#breadcrumb\"},\"inLanguage\":\"fr-FR\",\"potentialAction\":[{\"@type\":\"ReadAction\",\"target\":[\"https:\\\/\\\/www.veltec.eu\\\/fr\\\/product\\\/brosse-daspiro-batteur-kirby-g5-a-avalir-nl3162\\\/\"]}]},{\"@type\":\"ImageObject\",\"inLanguage\":\"fr-FR\",\"@id\":\"https:\\\/\\\/www.veltec.eu\\\/fr\\\/product\\\/brosse-daspiro-batteur-kirby-g5-a-avalir-nl3162\\\/#primaryimage\",\"url\":\"https:\\\/\\\/www.veltec.eu\\\/wp-content\\\/uploads\\\/2018\\\/10\\\/kirby-klopborstel-g5-tm-avalir.jpg\",\"contentUrl\":\"https:\\\/\\\/www.veltec.eu\\\/wp-content\\\/uploads\\\/2018\\\/10\\\/kirby-klopborstel-g5-tm-avalir.jpg\",\"width\":500,\"height\":500},{\"@type\":\"BreadcrumbList\",\"@id\":\"https:\\\/\\\/www.veltec.eu\\\/fr\\\/product\\\/brosse-daspiro-batteur-kirby-g5-a-avalir-nl3162\\\/#breadcrumb\",\"itemListElement\":[{\"@type\":\"ListItem\",\"position\":1,\"name\":\"Home\",\"item\":\"https:\\\/\\\/www.veltec.eu\\\/fr\\\/\"},{\"@type\":\"ListItem\",\"position\":2,\"name\":\"Produits\",\"item\":\"https:\\\/\\\/www.veltec.eu\\\/fr\\\/shop\\\/\"},{\"@type\":\"ListItem\",\"position\":3,\"name\":\"Brosse d\u2019aspiro-batteur Kirby G5 \u00e0 Avalir\"}]},{\"@type\":\"WebSite\",\"@id\":\"https:\\\/\\\/www.veltec.eu\\\/en\\\/#website\",\"url\":\"https:\\\/\\\/www.veltec.eu\\\/en\\\/\",\"name\":\"Veltec Kirby specialist\",\"description\":\"Kirby stofzuiger producten\",\"publisher\":{\"@id\":\"https:\\\/\\\/www.veltec.eu\\\/en\\\/#organization\"},\"potentialAction\":[{\"@type\":\"SearchAction\",\"target\":{\"@type\":\"EntryPoint\",\"urlTemplate\":\"https:\\\/\\\/www.veltec.eu\\\/en\\\/?s={search_term_string}\"},\"query-input\":{\"@type\":\"PropertyValueSpecification\",\"valueRequired\":true,\"valueName\":\"search_term_string\"}}],\"inLanguage\":\"fr-FR\"},{\"@type\":\"Organization\",\"@id\":\"https:\\\/\\\/www.veltec.eu\\\/en\\\/#organization\",\"name\":\"Veltec Kirby Specialist\",\"url\":\"https:\\\/\\\/www.veltec.eu\\\/en\\\/\",\"logo\":{\"@type\":\"ImageObject\",\"inLanguage\":\"fr-FR\",\"@id\":\"https:\\\/\\\/www.veltec.eu\\\/en\\\/#\\\/schema\\\/logo\\\/image\\\/\",\"url\":\"https:\\\/\\\/www.veltec.eu\\\/wp-content\\\/uploads\\\/2021\\\/12\\\/Veltec-log-groot-e1537260889125.png\",\"contentUrl\":\"https:\\\/\\\/www.veltec.eu\\\/wp-content\\\/uploads\\\/2021\\\/12\\\/Veltec-log-groot-e1537260889125.png\",\"width\":200,\"height\":60,\"caption\":\"Veltec Kirby Specialist\"},\"image\":{\"@id\":\"https:\\\/\\\/www.veltec.eu\\\/en\\\/#\\\/schema\\\/logo\\\/image\\\/\"},\"sameAs\":[\"https:\\\/\\\/www.facebook.com\\\/Veltec-Kirby-Specialist-236746293374877\\\/\",\"https:\\\/\\\/www.youtube.com\\\/user\\\/VeltecService\"]}]}<\/script>\n<!-- \/ Yoast SEO Premium plugin. -->","yoast_head_json":{"title":"Brosse Batteuse Kirby G5 \u00e0 Avalir | Performance et Durabilit\u00e9","description":"Brosse Batteuse Kirby G5 \u00e0 Avalir pour tapis. Puissante, durable et facile \u00e0 installer pour un nettoyage en profondeur et un int\u00e9rieur sain.","robots":{"index":"index","follow":"follow","max-snippet":"max-snippet:-1","max-image-preview":"max-image-preview:large","max-video-preview":"max-video-preview:-1"},"canonical":"https:\/\/www.veltec.eu\/fr\/product\/brosse-daspiro-batteur-kirby-g5-a-avalir-nl3162\/","og_locale":"fr_FR","og_type":"article","og_title":"Brosse d\u2019aspiro-batteur Kirby G5 \u00e0 Avalir","og_description":"La Brosse Batteuse Kirby G5 \u00e0 Avalir \u00e9limine efficacement la poussi\u00e8re et la salet\u00e9 incrust\u00e9e. Durable et facile \u00e0 installer, elle assure un nettoyage optimal des tapis.    En stock   Command\u00e9 23:59, exp\u00e9di\u00e9 demain  &nbsp;","og_url":"https:\/\/www.veltec.eu\/fr\/product\/brosse-daspiro-batteur-kirby-g5-a-avalir-nl3162\/","og_site_name":"Veltec Kirby specialist","article_publisher":"https:\/\/www.facebook.com\/Veltec-Kirby-Specialist-236746293374877\/","article_modified_time":"2025-11-11T14:28:07+00:00","og_image":[{"width":500,"height":500,"url":"https:\/\/www.veltec.eu\/wp-content\/uploads\/2018\/10\/kirby-klopborstel-g5-tm-avalir.jpg","type":"image\/jpeg"}],"twitter_card":"summary_large_image","twitter_misc":{"Dur\u00e9e de lecture estim\u00e9e":"3 minutes"},"schema":{"@context":"https:\/\/schema.org","@graph":[{"@type":"WebPage","@id":"https:\/\/www.veltec.eu\/fr\/product\/brosse-daspiro-batteur-kirby-g5-a-avalir-nl3162\/","url":"https:\/\/www.veltec.eu\/fr\/product\/brosse-daspiro-batteur-kirby-g5-a-avalir-nl3162\/","name":"Brosse Batteuse Kirby G5 \u00e0 Avalir | Performance et Durabilit\u00e9","isPartOf":{"@id":"https:\/\/www.veltec.eu\/en\/#website"},"primaryImageOfPage":{"@id":"https:\/\/www.veltec.eu\/fr\/product\/brosse-daspiro-batteur-kirby-g5-a-avalir-nl3162\/#primaryimage"},"image":{"@id":"https:\/\/www.veltec.eu\/fr\/product\/brosse-daspiro-batteur-kirby-g5-a-avalir-nl3162\/#primaryimage"},"thumbnailUrl":"https:\/\/www.veltec.eu\/wp-content\/uploads\/2018\/10\/kirby-klopborstel-g5-tm-avalir.jpg","datePublished":"2018-10-16T13:07:55+00:00","dateModified":"2025-11-11T14:28:07+00:00","description":"Brosse Batteuse Kirby G5 \u00e0 Avalir pour tapis. Puissante, durable et facile \u00e0 installer pour un nettoyage en profondeur et un int\u00e9rieur sain.","breadcrumb":{"@id":"https:\/\/www.veltec.eu\/fr\/product\/brosse-daspiro-batteur-kirby-g5-a-avalir-nl3162\/#breadcrumb"},"inLanguage":"fr-FR","potentialAction":[{"@type":"ReadAction","target":["https:\/\/www.veltec.eu\/fr\/product\/brosse-daspiro-batteur-kirby-g5-a-avalir-nl3162\/"]}]},{"@type":"ImageObject","inLanguage":"fr-FR","@id":"https:\/\/www.veltec.eu\/fr\/product\/brosse-daspiro-batteur-kirby-g5-a-avalir-nl3162\/#primaryimage","url":"https:\/\/www.veltec.eu\/wp-content\/uploads\/2018\/10\/kirby-klopborstel-g5-tm-avalir.jpg","contentUrl":"https:\/\/www.veltec.eu\/wp-content\/uploads\/2018\/10\/kirby-klopborstel-g5-tm-avalir.jpg","width":500,"height":500},{"@type":"BreadcrumbList","@id":"https:\/\/www.veltec.eu\/fr\/product\/brosse-daspiro-batteur-kirby-g5-a-avalir-nl3162\/#breadcrumb","itemListElement":[{"@type":"ListItem","position":1,"name":"Home","item":"https:\/\/www.veltec.eu\/fr\/"},{"@type":"ListItem","position":2,"name":"Produits","item":"https:\/\/www.veltec.eu\/fr\/shop\/"},{"@type":"ListItem","position":3,"name":"Brosse d\u2019aspiro-batteur Kirby G5 \u00e0 Avalir"}]},{"@type":"WebSite","@id":"https:\/\/www.veltec.eu\/en\/#website","url":"https:\/\/www.veltec.eu\/en\/","name":"Veltec Kirby specialist","description":"Kirby stofzuiger producten","publisher":{"@id":"https:\/\/www.veltec.eu\/en\/#organization"},"potentialAction":[{"@type":"SearchAction","target":{"@type":"EntryPoint","urlTemplate":"https:\/\/www.veltec.eu\/en\/?s={search_term_string}"},"query-input":{"@type":"PropertyValueSpecification","valueRequired":true,"valueName":"search_term_string"}}],"inLanguage":"fr-FR"},{"@type":"Organization","@id":"https:\/\/www.veltec.eu\/en\/#organization","name":"Veltec Kirby Specialist","url":"https:\/\/www.veltec.eu\/en\/","logo":{"@type":"ImageObject","inLanguage":"fr-FR","@id":"https:\/\/www.veltec.eu\/en\/#\/schema\/logo\/image\/","url":"https:\/\/www.veltec.eu\/wp-content\/uploads\/2021\/12\/Veltec-log-groot-e1537260889125.png","contentUrl":"https:\/\/www.veltec.eu\/wp-content\/uploads\/2021\/12\/Veltec-log-groot-e1537260889125.png","width":200,"height":60,"caption":"Veltec Kirby Specialist"},"image":{"@id":"https:\/\/www.veltec.eu\/en\/#\/schema\/logo\/image\/"},"sameAs":["https:\/\/www.facebook.com\/Veltec-Kirby-Specialist-236746293374877\/","https:\/\/www.youtube.com\/user\/VeltecService"]}]}},"_links":{"self":[{"href":"https:\/\/www.veltec.eu\/fr\/wp-json\/wp\/v2\/product\/12015","targetHints":{"allow":["GET"]}}],"collection":[{"href":"https:\/\/www.veltec.eu\/fr\/wp-json\/wp\/v2\/product"}],"about":[{"href":"https:\/\/www.veltec.eu\/fr\/wp-json\/wp\/v2\/types\/product"}],"replies":[{"embeddable":true,"href":"https:\/\/www.veltec.eu\/fr\/wp-json\/wp\/v2\/comments?post=12015"}],"wp:featuredmedia":[{"embeddable":true,"href":"https:\/\/www.veltec.eu\/fr\/wp-json\/wp\/v2\/media\/20608"}],"wp:attachment":[{"href":"https:\/\/www.veltec.eu\/fr\/wp-json\/wp\/v2\/media?parent=12015"}],"wp:term":[{"taxonomy":"product_brand","embeddable":true,"href":"https:\/\/www.veltec.eu\/fr\/wp-json\/wp\/v2\/product_brand?post=12015"},{"taxonomy":"product_cat","embeddable":true,"href":"https:\/\/www.veltec.eu\/fr\/wp-json\/wp\/v2\/product_cat?post=12015"},{"taxonomy":"product_tag","embeddable":true,"href":"https:\/\/www.veltec.eu\/fr\/wp-json\/wp\/v2\/product_tag?post=12015"}],"curies":[{"name":"wp","href":"https:\/\/api.w.org\/{rel}","templated":true}]}}