{"id":12010,"date":"2018-10-16T15:19:34","date_gmt":"2018-10-16T13:19:34","guid":{"rendered":"https:\/\/www.veltec.eu\/kirby-webshop\/brosse-d-aspiro-batteur-g3-g4-nl3161\/"},"modified":"2025-11-08T17:34:36","modified_gmt":"2025-11-08T15:34:36","slug":"brosse-d-aspiro-batteur-kirby-g3-g4-nl3161","status":"publish","type":"product","link":"https:\/\/www.veltec.eu\/fr\/product\/brosse-d-aspiro-batteur-kirby-g3-g4-nl3161\/","title":{"rendered":"Brosse d\u2019aspiro-batteur Kirby G3-G4"},"content":{"rendered":"<h1 data-start=\"183\" data-end=\"273\">Brosse d\u2019aspiro-batteur Kirby G3-G4 \u2013 Nettoyage en Profondeur pour Votre Aspirateur<\/h1>\n<p data-start=\"275\" data-end=\"722\">Souhaitez-vous am\u00e9liorer la puissance de nettoyage de votre aspirateur Kirby ? La Brosse d\u2019aspiro-batteur Kirby G3-G4 a \u00e9t\u00e9 sp\u00e9cialement con\u00e7ue pour \u00e9liminer efficacement la salet\u00e9 incrust\u00e9e et la poussi\u00e8re log\u00e9e au plus profond de vos tapis et sols. Gr\u00e2ce \u00e0 ses poils solides et durables, cette brosse rotative fonctionne parfaitement avec la <a href=\"https:\/\/www.veltec.eu\/fr\/kirby-buse-large-daspiro-batteur\/\">large t\u00eate batteuse<\/a> de votre aspirateur Kirby, garantissant un nettoyage complet et performant.<\/p>\n<p data-start=\"724\" data-end=\"976\">Avez-vous remarqu\u00e9 que votre tapis semble encore poussi\u00e9reux apr\u00e8s le passage de l\u2019aspirateur ? Avec la Brosse d\u2019aspiro-batteur Kirby,\u00a0vous \u00e9liminez toutes les particules tenaces et les allerg\u00e8nes pour un int\u00e9rieur plus propre et plus sain.<\/p>\n<h2 data-start=\"983\" data-end=\"1045\">Qu\u2019est-ce que la Brosse d\u2019aspiro-batteur Kirby G3-G4 ?<\/h2>\n<p data-start=\"1047\" data-end=\"1334\">La Brosse d\u2019aspiro-batteur Kirby est un rouleau de brosse de haute qualit\u00e9 sp\u00e9cialement con\u00e7u pour les aspirateurs Kirby Generation 3 et Generation 4. Elle combine puissance et durabilit\u00e9, garantissant un nettoyage en profondeur de vos tapis tout en prot\u00e9geant les sols durs.<\/p>\n<p data-start=\"1336\" data-end=\"1621\">Ses poils p\u00e9n\u00e8trent profond\u00e9ment dans les fibres du tapis afin d\u2019\u00e9liminer efficacement m\u00eame la poussi\u00e8re et les salet\u00e9s les plus fines. Pour des conseils sur l\u2019entretien de votre brosse, consultez notre page de blog : <a href=\"https:\/\/www.service-aspirateur-kirby.fr\/les-meilleurs-conseils-dentretien-kirby\/\"><em data-start=\"1556\" data-end=\"1621\">Les Meilleurs Conseils d\u2019Entretien pour Votre Aspirateur Kirby.<\/em><\/a><\/p>\n<h2 data-start=\"1628\" data-end=\"1695\">Pour quels mod\u00e8les Kirby cette brosse est-elle compatible ?<\/h2>\n<p data-start=\"1697\" data-end=\"1784\">La Brosse d\u2019aspiro-batteur Kirby\u00a0s\u2019adapte parfaitement aux mod\u00e8les suivants :<\/p>\n<ul data-start=\"1786\" data-end=\"1841\">\n<li data-start=\"1786\" data-end=\"1813\">Kirby Generation 3 (G3)<\/li>\n<li data-start=\"1814\" data-end=\"1841\">Kirby Generation 4 (G4)<\/li>\n<\/ul>\n<p data-start=\"1843\" data-end=\"2124\">Vous ne savez pas si cette brosse est compatible avec votre aspirateur ? Consultez notre page <a href=\"https:\/\/www.service-aspirateur-kirby.fr\/brosses-kirby\/\"><em data-start=\"1939\" data-end=\"1974\">Tout savoir sur les brosses Kirby<\/em><\/a> pour v\u00e9rifier la compatibilit\u00e9 et \u00eatre s\u00fbr de faire le bon choix.<br data-start=\"2040\" data-end=\"2043\" \/>Ainsi, votre aspirateur Kirby restera toujours en parfait \u00e9tat de fonctionnement.<\/p>\n<h2 data-start=\"2131\" data-end=\"2209\">Comment utiliser et installer la Brosse d\u2019aspiro-batteur Kirby G3-G4 ?<\/h2>\n<p data-start=\"2211\" data-end=\"2474\">L\u2019installation de la Brosse d\u2019aspiro-batteur Kirby est simple et rapide. Aucun outil n\u2019est n\u00e9cessaire : le rouleau de brosse s\u2019ins\u00e8re directement dans la t\u00eate batteuse de votre aspirateur Kirby. En quelques minutes, votre appareil est pr\u00eat \u00e0 l\u2019emploi.<\/p>\n<p data-start=\"2476\" data-end=\"2940\">Vous avez des animaux domestiques ou souffrez d\u2019allergies ? En utilisant r\u00e9guli\u00e8rement la Brosse d\u2019aspiro-batteur Kirby G3-G4, vous \u00e9liminez efficacement les poils, la poussi\u00e8re et les allerg\u00e8nes.<br data-start=\"2678\" data-end=\"2681\" \/>Remplacez la brosse lorsqu\u2019elle montre des signes d\u2019usure afin de pr\u00e9server les performances de votre moteur et la qualit\u00e9 de l\u2019aspiration. D\u00e9couvrez \u00e9galement nos vid\u00e9os de d\u00e9monstration sur le remplacement des pi\u00e8ces Kirby pour plus de conseils pratiques.<\/p>\n<div class=\"flex-1 overflow-hidden\">\n<div class=\"h-full\">\n<div class=\"react-scroll-to-bottom--css-hlbvs-79elbk h-full\">\n<div class=\"react-scroll-to-bottom--css-hlbvs-1n7m0yu\">\n<div class=\"flex flex-col text-sm md:pb-9\">\n<div class=\"w-full text-token-text-primary\" dir=\"auto\" data-testid=\"conversation-turn-3\" data-scroll-anchor=\"true\">\n<div class=\"text-base py-[18px] px-3 md:px-4 m-auto md:px-5 lg:px-1 xl:px-5\">\n<div class=\"mx-auto flex flex-1 gap-4 text-base md:gap-5 lg:gap-6 md:max-w-3xl lg:max-w-[40rem] xl:max-w-[48rem]\">\n<div class=\"group\/conversation-turn relative flex w-full min-w-0 flex-col agent-turn\">\n<div class=\"flex-col gap-1 md:gap-3\">\n<div class=\"flex flex-grow flex-col max-w-full\">\n<div class=\"min-h-[20px] text-message flex w-full flex-col items-end gap-2 whitespace-pre-wrap break-words [.text-message+&amp;]:mt-5 overflow-x-auto\" dir=\"auto\" data-message-author-role=\"assistant\" data-message-id=\"94f7bc60-55cd-4c5c-8290-83ef79335e49\">\n<div class=\"flex w-full flex-col gap-1 empty:hidden first:pt-[3px]\">\n<div class=\"markdown prose w-full break-words dark:prose-invert light\">\n<div  class='avia-video av-1bah9l6-50619c42ab7aa34627b7d751552594aa avia-video-16-9 av-no-preview-image avia-video-load-always av-lazyload-immediate av-lazyload-video-embed'  itemprop=\"video\" itemtype=\"https:\/\/schema.org\/VideoObject\"  data-original_url='https:\/\/youtu.be\/id9jSUkxm8I'><script type='text\/html' class='av-video-tmpl'><div class='avia-iframe-wrap'><iframe loading=\"lazy\" title=\"Kirby vacuum Veltec - Replace the brush role\" width=\"1500\" height=\"844\" src=\"https:\/\/www.youtube.com\/embed\/id9jSUkxm8I?feature=oembed&enablejsapi=1&origin=https:\/\/www.veltec.eu&autoplay=0&loop=0&controls=1&mute=0\" frameborder=\"0\" allow=\"accelerometer; autoplay; clipboard-write; encrypted-media; gyroscope; picture-in-picture; web-share\" referrerpolicy=\"strict-origin-when-cross-origin\" allowfullscreen><\/iframe><\/div><\/script><div class='av-click-to-play-overlay'><div class=\"avia_playpause_icon\"><\/div><\/div><\/div>\n<div  class='avia-video av-w316ui-a24a7fc58899fa549e20ec9aac122ac2 avia-video-16-9 av-no-preview-image avia-video-load-always av-lazyload-immediate av-lazyload-video-embed'  itemprop=\"video\" itemtype=\"https:\/\/schema.org\/VideoObject\"  data-original_url='https:\/\/youtu.be\/9C1MGv44fgU'><script type='text\/html' class='av-video-tmpl'><div class='avia-iframe-wrap'><iframe loading=\"lazy\" title=\"Kirby vacuum Veltec - Replace your Kirby vacuum belt\" width=\"1500\" height=\"844\" src=\"https:\/\/www.youtube.com\/embed\/9C1MGv44fgU?feature=oembed&enablejsapi=1&origin=https:\/\/www.veltec.eu&autoplay=0&loop=0&controls=1&mute=0\" frameborder=\"0\" allow=\"accelerometer; autoplay; clipboard-write; encrypted-media; gyroscope; picture-in-picture; web-share\" referrerpolicy=\"strict-origin-when-cross-origin\" allowfullscreen><\/iframe><\/div><\/script><div class='av-click-to-play-overlay'><div class=\"avia_playpause_icon\"><\/div><\/div><\/div>\n<h2 data-start=\"2947\" data-end=\"2995\">Caract\u00e9ristiques techniques et entretien<\/h2>\n<p data-start=\"2997\" data-end=\"3267\">La Brosse d\u2019aspiro-batteur Kirby est fabriqu\u00e9e \u00e0 partir de mat\u00e9riaux hautement r\u00e9sistants \u00e0 l\u2019usure. Ses poils robustes assurent un nettoyage en profondeur des tapis tout en restant doux pour les surfaces dures comme le parquet, le stratifi\u00e9 ou le carrelage.<\/p>\n<p data-start=\"3269\" data-end=\"3347\">Pour prolonger la dur\u00e9e de vie de votre brosse rotative, suivez ces conseils :<\/p>\n<ul data-start=\"3349\" data-end=\"3534\">\n<li data-start=\"3349\" data-end=\"3407\">Retirez les cheveux et d\u00e9bris apr\u00e8s chaque utilisation<\/li>\n<li data-start=\"3408\" data-end=\"3452\">V\u00e9rifiez r\u00e9guli\u00e8rement l\u2019usure des poils<\/li>\n<li data-start=\"3453\" data-end=\"3534\">Remplacez la brosse d\u00e8s que n\u00e9cessaire pour maintenir une aspiration optimale<\/li>\n<\/ul>\n<p data-start=\"3536\" data-end=\"3864\">En entretenant r\u00e9guli\u00e8rement votre Brosse d\u2019aspiro-batteur Kirby G3-G4, vous am\u00e9liorez les performances de votre aspirateur Kirby. \u00c9vitez les obstructions et maintenez vos sols impeccablement propres. D\u00e9couvrez \u00e9galement d\u2019autres pi\u00e8ces d\u00e9tach\u00e9es Kirby dans notre <a href=\"https:\/\/www.veltec.eu\/fr\/boutique-kirby\/\">boutique en ligne<\/a> pour des performances encore meilleures.<\/p>\n<h2 data-start=\"3871\" data-end=\"3889\">Conclusion<\/h2>\n<p data-start=\"3891\" data-end=\"4294\">La Brosse d\u2019aspiro-batteur Kirby G3-G4 est un accessoire indispensable pour tout propri\u00e9taire de Kirby. Solide, puissante et facile \u00e0 installer, elle assure un nettoyage plus profond de vos tapis et prot\u00e8ge vos sols.<br data-start=\"4113\" data-end=\"4116\" \/>Pour toute question ou conseil personnalis\u00e9, n\u2019h\u00e9sitez pas \u00e0 <a href=\"https:\/\/www.veltec.eu\/fr\/contactez-nous\/\">contacter nos sp\u00e9cialistes Kirby<\/a>, qui se feront un plaisir de vous aider \u00e0 tirer le meilleur parti de votre appareil.<\/p>\n<p data-start=\"3777\" data-end=\"4097\">\n<\/div>\n<\/div>\n<\/div>\n<\/div>\n<\/div>\n<\/div>\n<\/div>\n<\/div>\n<\/div>\n<\/div>\n<\/div>\n<\/div>\n<\/div>\n<\/div>\n","protected":false},"excerpt":{"rendered":"<p>La Brosse Batteuse Kirby G3 et G4 est une brosse \u00e0 rouleau d&#8217;origine pour la large buse battante, id\u00e9ale pour le nettoyage en profondeur des tapis et des sols. Gr\u00e2ce \u00e0 ses poils durables, vous pouvez facilement restaurer la puissance d&#8217;aspiration maximale de votre aspirateur Kirby.<\/p>\n[trustindex data-widget-id=e3bb80b24fa128098b960fc2439]\n<h3><span style=\"color: #008000;\"><br \/>\nEn stock<\/span><\/h3>\n[av_font_icon icon='ue812' font='entypo-fontello' style='' caption='' size='25px' position='left' color='#43ad66' link='' linktarget='' title_attr='' sonar_effect_effect='' sonar_effect_color='' sonar_effect_duration='1' sonar_effect_scale='' sonar_effect_opac='0.5' animation='' id='' custom_class='' template_class='' av_uid='' sc_version='1.0' admin_preview_bg=''][\/av_font_icon]\n<p><span style=\"color: #008000;\">Command\u00e9 23:59, exp\u00e9di\u00e9 demain<\/span><\/p>\n<p>&nbsp;<\/p>\n","protected":false},"featured_media":20602,"comment_status":"open","ping_status":"closed","template":"","meta":[],"product_brand":[],"product_cat":[341,344],"product_tag":[],"class_list":{"0":"post-12010","1":"product","2":"type-product","3":"status-publish","4":"has-post-thumbnail","6":"product_cat-kirby-brosses-et-accessoires","7":"product_cat-kirby-buse-large-daspiro-batteur","8":"product_shipping_class-klein-de-fr","10":"first","11":"instock","12":"taxable","13":"shipping-taxable","14":"purchasable","15":"product-type-simple"},"yoast_head":"<!-- This site is optimized with the Yoast SEO Premium plugin v27.1 (Yoast SEO v27.4) - https:\/\/yoast.com\/product\/yoast-seo-premium-wordpress\/ -->\n<title>Brosse d\u2019aspiro-batteur Kirby G3-G4 \u2013 Nettoyage profond<\/title>\n<meta name=\"description\" content=\"Redonnez puissance et efficacit\u00e9 \u00e0 votre aspirateur avec la Brosse d\u2019aspiro-batteur Kirby G3-G4. Nettoyage en profondeur, durable et facile \u00e0 installer.\" \/>\n<meta name=\"robots\" content=\"index, follow, max-snippet:-1, max-image-preview:large, max-video-preview:-1\" \/>\n<link rel=\"canonical\" href=\"https:\/\/www.veltec.eu\/nl\/product\/kirby-klopborstel-kirby-g3-en-kirby-g4-nl3161\/\" \/>\n<meta property=\"og:locale\" content=\"fr_FR\" \/>\n<meta property=\"og:type\" content=\"article\" \/>\n<meta property=\"og:title\" content=\"Brosse d\u2019aspiro-batteur Kirby G3-G4\" \/>\n<meta property=\"og:description\" content=\"La Brosse Batteuse Kirby G3 et G4 est une brosse \u00e0 rouleau d&#039;origine pour la large buse battante, id\u00e9ale pour le nettoyage en profondeur des tapis et des sols. Gr\u00e2ce \u00e0 ses poils durables, vous pouvez facilement restaurer la puissance d&#039;aspiration maximale de votre aspirateur Kirby.    En stock   Command\u00e9 23:59, exp\u00e9di\u00e9 demain  &nbsp;\" \/>\n<meta property=\"og:url\" content=\"https:\/\/www.veltec.eu\/nl\/product\/kirby-klopborstel-kirby-g3-en-kirby-g4-nl3161\/\" \/>\n<meta property=\"og:site_name\" content=\"Veltec Kirby specialist\" \/>\n<meta property=\"article:publisher\" content=\"https:\/\/www.facebook.com\/Veltec-Kirby-Specialist-236746293374877\/\" \/>\n<meta property=\"article:modified_time\" content=\"2025-11-08T15:34:36+00:00\" \/>\n<meta property=\"og:image\" content=\"https:\/\/www.veltec.eu\/wp-content\/uploads\/2018\/10\/kirby-klopborstel-G3-tm-G4-.jpg\" \/>\n\t<meta property=\"og:image:width\" content=\"500\" \/>\n\t<meta property=\"og:image:height\" content=\"500\" \/>\n\t<meta property=\"og:image:type\" content=\"image\/jpeg\" \/>\n<meta name=\"twitter:card\" content=\"summary_large_image\" \/>\n<meta name=\"twitter:label1\" content=\"Dur\u00e9e de lecture estim\u00e9e\" \/>\n\t<meta name=\"twitter:data1\" content=\"3 minutes\" \/>\n<script type=\"application\/ld+json\" class=\"yoast-schema-graph\">{\"@context\":\"https:\\\/\\\/schema.org\",\"@graph\":[{\"@type\":\"WebPage\",\"@id\":\"https:\\\/\\\/www.veltec.eu\\\/nl\\\/product\\\/kirby-klopborstel-kirby-g3-en-kirby-g4-nl3161\\\/\",\"url\":\"https:\\\/\\\/www.veltec.eu\\\/nl\\\/product\\\/kirby-klopborstel-kirby-g3-en-kirby-g4-nl3161\\\/\",\"name\":\"Brosse d\u2019aspiro-batteur Kirby G3-G4 \u2013 Nettoyage profond\",\"isPartOf\":{\"@id\":\"https:\\\/\\\/www.veltec.eu\\\/en\\\/#website\"},\"primaryImageOfPage\":{\"@id\":\"https:\\\/\\\/www.veltec.eu\\\/nl\\\/product\\\/kirby-klopborstel-kirby-g3-en-kirby-g4-nl3161\\\/#primaryimage\"},\"image\":{\"@id\":\"https:\\\/\\\/www.veltec.eu\\\/nl\\\/product\\\/kirby-klopborstel-kirby-g3-en-kirby-g4-nl3161\\\/#primaryimage\"},\"thumbnailUrl\":\"https:\\\/\\\/www.veltec.eu\\\/wp-content\\\/uploads\\\/2018\\\/10\\\/kirby-klopborstel-G3-tm-G4-.jpg\",\"datePublished\":\"2018-10-16T13:19:34+00:00\",\"dateModified\":\"2025-11-08T15:34:36+00:00\",\"description\":\"Redonnez puissance et efficacit\u00e9 \u00e0 votre aspirateur avec la Brosse d\u2019aspiro-batteur Kirby G3-G4. Nettoyage en profondeur, durable et facile \u00e0 installer.\",\"breadcrumb\":{\"@id\":\"https:\\\/\\\/www.veltec.eu\\\/nl\\\/product\\\/kirby-klopborstel-kirby-g3-en-kirby-g4-nl3161\\\/#breadcrumb\"},\"inLanguage\":\"fr-FR\",\"potentialAction\":[{\"@type\":\"ReadAction\",\"target\":[\"https:\\\/\\\/www.veltec.eu\\\/nl\\\/product\\\/kirby-klopborstel-kirby-g3-en-kirby-g4-nl3161\\\/\"]}]},{\"@type\":\"ImageObject\",\"inLanguage\":\"fr-FR\",\"@id\":\"https:\\\/\\\/www.veltec.eu\\\/nl\\\/product\\\/kirby-klopborstel-kirby-g3-en-kirby-g4-nl3161\\\/#primaryimage\",\"url\":\"https:\\\/\\\/www.veltec.eu\\\/wp-content\\\/uploads\\\/2018\\\/10\\\/kirby-klopborstel-G3-tm-G4-.jpg\",\"contentUrl\":\"https:\\\/\\\/www.veltec.eu\\\/wp-content\\\/uploads\\\/2018\\\/10\\\/kirby-klopborstel-G3-tm-G4-.jpg\",\"width\":500,\"height\":500},{\"@type\":\"BreadcrumbList\",\"@id\":\"https:\\\/\\\/www.veltec.eu\\\/nl\\\/product\\\/kirby-klopborstel-kirby-g3-en-kirby-g4-nl3161\\\/#breadcrumb\",\"itemListElement\":[{\"@type\":\"ListItem\",\"position\":1,\"name\":\"Home\",\"item\":\"https:\\\/\\\/www.veltec.eu\\\/fr\\\/\"},{\"@type\":\"ListItem\",\"position\":2,\"name\":\"Produits\",\"item\":\"https:\\\/\\\/www.veltec.eu\\\/fr\\\/shop\\\/\"},{\"@type\":\"ListItem\",\"position\":3,\"name\":\"Brosse d\u2019aspiro-batteur Kirby G3-G4\"}]},{\"@type\":\"WebSite\",\"@id\":\"https:\\\/\\\/www.veltec.eu\\\/en\\\/#website\",\"url\":\"https:\\\/\\\/www.veltec.eu\\\/en\\\/\",\"name\":\"Veltec Kirby specialist\",\"description\":\"Kirby stofzuiger producten\",\"publisher\":{\"@id\":\"https:\\\/\\\/www.veltec.eu\\\/en\\\/#organization\"},\"potentialAction\":[{\"@type\":\"SearchAction\",\"target\":{\"@type\":\"EntryPoint\",\"urlTemplate\":\"https:\\\/\\\/www.veltec.eu\\\/en\\\/?s={search_term_string}\"},\"query-input\":{\"@type\":\"PropertyValueSpecification\",\"valueRequired\":true,\"valueName\":\"search_term_string\"}}],\"inLanguage\":\"fr-FR\"},{\"@type\":\"Organization\",\"@id\":\"https:\\\/\\\/www.veltec.eu\\\/en\\\/#organization\",\"name\":\"Veltec Kirby Specialist\",\"url\":\"https:\\\/\\\/www.veltec.eu\\\/en\\\/\",\"logo\":{\"@type\":\"ImageObject\",\"inLanguage\":\"fr-FR\",\"@id\":\"https:\\\/\\\/www.veltec.eu\\\/en\\\/#\\\/schema\\\/logo\\\/image\\\/\",\"url\":\"https:\\\/\\\/www.veltec.eu\\\/wp-content\\\/uploads\\\/2021\\\/12\\\/Veltec-log-groot-e1537260889125.png\",\"contentUrl\":\"https:\\\/\\\/www.veltec.eu\\\/wp-content\\\/uploads\\\/2021\\\/12\\\/Veltec-log-groot-e1537260889125.png\",\"width\":200,\"height\":60,\"caption\":\"Veltec Kirby Specialist\"},\"image\":{\"@id\":\"https:\\\/\\\/www.veltec.eu\\\/en\\\/#\\\/schema\\\/logo\\\/image\\\/\"},\"sameAs\":[\"https:\\\/\\\/www.facebook.com\\\/Veltec-Kirby-Specialist-236746293374877\\\/\",\"https:\\\/\\\/www.youtube.com\\\/user\\\/VeltecService\"]}]}<\/script>\n<!-- \/ Yoast SEO Premium plugin. -->","yoast_head_json":{"title":"Brosse d\u2019aspiro-batteur Kirby G3-G4 \u2013 Nettoyage profond","description":"Redonnez puissance et efficacit\u00e9 \u00e0 votre aspirateur avec la Brosse d\u2019aspiro-batteur Kirby G3-G4. Nettoyage en profondeur, durable et facile \u00e0 installer.","robots":{"index":"index","follow":"follow","max-snippet":"max-snippet:-1","max-image-preview":"max-image-preview:large","max-video-preview":"max-video-preview:-1"},"canonical":"https:\/\/www.veltec.eu\/nl\/product\/kirby-klopborstel-kirby-g3-en-kirby-g4-nl3161\/","og_locale":"fr_FR","og_type":"article","og_title":"Brosse d\u2019aspiro-batteur Kirby G3-G4","og_description":"La Brosse Batteuse Kirby G3 et G4 est une brosse \u00e0 rouleau d'origine pour la large buse battante, id\u00e9ale pour le nettoyage en profondeur des tapis et des sols. Gr\u00e2ce \u00e0 ses poils durables, vous pouvez facilement restaurer la puissance d'aspiration maximale de votre aspirateur Kirby.    En stock   Command\u00e9 23:59, exp\u00e9di\u00e9 demain  &nbsp;","og_url":"https:\/\/www.veltec.eu\/nl\/product\/kirby-klopborstel-kirby-g3-en-kirby-g4-nl3161\/","og_site_name":"Veltec Kirby specialist","article_publisher":"https:\/\/www.facebook.com\/Veltec-Kirby-Specialist-236746293374877\/","article_modified_time":"2025-11-08T15:34:36+00:00","og_image":[{"width":500,"height":500,"url":"https:\/\/www.veltec.eu\/wp-content\/uploads\/2018\/10\/kirby-klopborstel-G3-tm-G4-.jpg","type":"image\/jpeg"}],"twitter_card":"summary_large_image","twitter_misc":{"Dur\u00e9e de lecture estim\u00e9e":"3 minutes"},"schema":{"@context":"https:\/\/schema.org","@graph":[{"@type":"WebPage","@id":"https:\/\/www.veltec.eu\/nl\/product\/kirby-klopborstel-kirby-g3-en-kirby-g4-nl3161\/","url":"https:\/\/www.veltec.eu\/nl\/product\/kirby-klopborstel-kirby-g3-en-kirby-g4-nl3161\/","name":"Brosse d\u2019aspiro-batteur Kirby G3-G4 \u2013 Nettoyage profond","isPartOf":{"@id":"https:\/\/www.veltec.eu\/en\/#website"},"primaryImageOfPage":{"@id":"https:\/\/www.veltec.eu\/nl\/product\/kirby-klopborstel-kirby-g3-en-kirby-g4-nl3161\/#primaryimage"},"image":{"@id":"https:\/\/www.veltec.eu\/nl\/product\/kirby-klopborstel-kirby-g3-en-kirby-g4-nl3161\/#primaryimage"},"thumbnailUrl":"https:\/\/www.veltec.eu\/wp-content\/uploads\/2018\/10\/kirby-klopborstel-G3-tm-G4-.jpg","datePublished":"2018-10-16T13:19:34+00:00","dateModified":"2025-11-08T15:34:36+00:00","description":"Redonnez puissance et efficacit\u00e9 \u00e0 votre aspirateur avec la Brosse d\u2019aspiro-batteur Kirby G3-G4. Nettoyage en profondeur, durable et facile \u00e0 installer.","breadcrumb":{"@id":"https:\/\/www.veltec.eu\/nl\/product\/kirby-klopborstel-kirby-g3-en-kirby-g4-nl3161\/#breadcrumb"},"inLanguage":"fr-FR","potentialAction":[{"@type":"ReadAction","target":["https:\/\/www.veltec.eu\/nl\/product\/kirby-klopborstel-kirby-g3-en-kirby-g4-nl3161\/"]}]},{"@type":"ImageObject","inLanguage":"fr-FR","@id":"https:\/\/www.veltec.eu\/nl\/product\/kirby-klopborstel-kirby-g3-en-kirby-g4-nl3161\/#primaryimage","url":"https:\/\/www.veltec.eu\/wp-content\/uploads\/2018\/10\/kirby-klopborstel-G3-tm-G4-.jpg","contentUrl":"https:\/\/www.veltec.eu\/wp-content\/uploads\/2018\/10\/kirby-klopborstel-G3-tm-G4-.jpg","width":500,"height":500},{"@type":"BreadcrumbList","@id":"https:\/\/www.veltec.eu\/nl\/product\/kirby-klopborstel-kirby-g3-en-kirby-g4-nl3161\/#breadcrumb","itemListElement":[{"@type":"ListItem","position":1,"name":"Home","item":"https:\/\/www.veltec.eu\/fr\/"},{"@type":"ListItem","position":2,"name":"Produits","item":"https:\/\/www.veltec.eu\/fr\/shop\/"},{"@type":"ListItem","position":3,"name":"Brosse d\u2019aspiro-batteur Kirby G3-G4"}]},{"@type":"WebSite","@id":"https:\/\/www.veltec.eu\/en\/#website","url":"https:\/\/www.veltec.eu\/en\/","name":"Veltec Kirby specialist","description":"Kirby stofzuiger producten","publisher":{"@id":"https:\/\/www.veltec.eu\/en\/#organization"},"potentialAction":[{"@type":"SearchAction","target":{"@type":"EntryPoint","urlTemplate":"https:\/\/www.veltec.eu\/en\/?s={search_term_string}"},"query-input":{"@type":"PropertyValueSpecification","valueRequired":true,"valueName":"search_term_string"}}],"inLanguage":"fr-FR"},{"@type":"Organization","@id":"https:\/\/www.veltec.eu\/en\/#organization","name":"Veltec Kirby Specialist","url":"https:\/\/www.veltec.eu\/en\/","logo":{"@type":"ImageObject","inLanguage":"fr-FR","@id":"https:\/\/www.veltec.eu\/en\/#\/schema\/logo\/image\/","url":"https:\/\/www.veltec.eu\/wp-content\/uploads\/2021\/12\/Veltec-log-groot-e1537260889125.png","contentUrl":"https:\/\/www.veltec.eu\/wp-content\/uploads\/2021\/12\/Veltec-log-groot-e1537260889125.png","width":200,"height":60,"caption":"Veltec Kirby Specialist"},"image":{"@id":"https:\/\/www.veltec.eu\/en\/#\/schema\/logo\/image\/"},"sameAs":["https:\/\/www.facebook.com\/Veltec-Kirby-Specialist-236746293374877\/","https:\/\/www.youtube.com\/user\/VeltecService"]}]}},"_links":{"self":[{"href":"https:\/\/www.veltec.eu\/fr\/wp-json\/wp\/v2\/product\/12010","targetHints":{"allow":["GET"]}}],"collection":[{"href":"https:\/\/www.veltec.eu\/fr\/wp-json\/wp\/v2\/product"}],"about":[{"href":"https:\/\/www.veltec.eu\/fr\/wp-json\/wp\/v2\/types\/product"}],"replies":[{"embeddable":true,"href":"https:\/\/www.veltec.eu\/fr\/wp-json\/wp\/v2\/comments?post=12010"}],"wp:featuredmedia":[{"embeddable":true,"href":"https:\/\/www.veltec.eu\/fr\/wp-json\/wp\/v2\/media\/20602"}],"wp:attachment":[{"href":"https:\/\/www.veltec.eu\/fr\/wp-json\/wp\/v2\/media?parent=12010"}],"wp:term":[{"taxonomy":"product_brand","embeddable":true,"href":"https:\/\/www.veltec.eu\/fr\/wp-json\/wp\/v2\/product_brand?post=12010"},{"taxonomy":"product_cat","embeddable":true,"href":"https:\/\/www.veltec.eu\/fr\/wp-json\/wp\/v2\/product_cat?post=12010"},{"taxonomy":"product_tag","embeddable":true,"href":"https:\/\/www.veltec.eu\/fr\/wp-json\/wp\/v2\/product_tag?post=12010"}],"curies":[{"name":"wp","href":"https:\/\/api.w.org\/{rel}","templated":true}]}}