{"id":12005,"date":"2018-10-16T15:25:27","date_gmt":"2018-10-16T13:25:27","guid":{"rendered":"https:\/\/www.veltec.eu\/kirby-webshop\/bouton-pivotant-pour-buse-large-d-aspiro-batteur-nl3047\/"},"modified":"2025-04-10T16:34:08","modified_gmt":"2025-04-10T14:34:08","slug":"bouton-pivotant-pour-buse-large-d-aspiro-batteur-kirby-nl3047","status":"publish","type":"product","link":"https:\/\/www.veltec.eu\/fr\/product\/bouton-pivotant-pour-buse-large-d-aspiro-batteur-kirby-nl3047\/","title":{"rendered":"Bouton pivotant pour buse large d\u2019aspiro-batteur Kirby"},"content":{"rendered":"<h2>Bouton pivotant pour buse large d&#8217;aspiro-batteur Kirby &#8211; Pi\u00e8ce essentielle pour une performance optimale<\/h2>\n<p>Lorsque vous remarquez que votre <a href=\"https:\/\/www.veltec.eu\/fr\/aspirateurs-kirby\/\">aspirateur Kirby<\/a> ne fonctionne plus aussi efficacement qu&#8217;avant, il est fort possible que le Bouton pivotant pour buse large d&#8217;aspiro-batteur Kirby ait besoin d&#8217;\u00eatre remplac\u00e9. Situ\u00e9 \u00e0 l&#8217;avant de la buse large d&#8217;aspiro-batteur, ce bouton astucieux joue un r\u00f4le crucial dans le fonctionnement du l\u00e8ve-courroie. Gr\u00e2ce \u00e0 ce bouton rotatif, la courroie d&#8217;entra\u00eenement peut \u00eatre facilement d\u00e9plac\u00e9e de ou sur la brosse de la t\u00eate, ce qui est essentiel pour le bon fonctionnement de la raclette.<\/p>\n<p><strong>Cette t\u00eate pivotante convient uniquement aux aspirateurs Kirby \u00e9num\u00e9r\u00e9s ci-dessous ;<\/strong><\/p>\n<ul>\n<li>Ultimate G Diamond Ed.(G7D or DE)<\/li>\n<li>Ultimate G (G7 or UG)<\/li>\n<li>Generation 6 (G6)<\/li>\n<li>Generation 5 (G5)<\/li>\n<li>Generation 4 (G4)<\/li>\n<li>Generation 3 (G3)<\/li>\n<\/ul>\n<h3>Pourquoi ce bouton rotatif est indispensable<\/h3>\n<p>Tout d&#8217;abord, ce bouton rotatif vous permet de d\u00e9cider si le rouleau de la brosse doit \u00eatre activ\u00e9 ou d\u00e9sactiv\u00e9. C&#8217;est important, car sur les sols durs, par exemple, vous pr\u00e9f\u00e9rez travailler sans brosse rotative, tandis que sur les tapis, vous avez besoin d&#8217;une profondeur suppl\u00e9mentaire.De plus, le bouton est dot\u00e9 d&#8217;une partie articul\u00e9e qui facilite la rotation, m\u00eame si le bouton est un peu rigide. Vous devez donc exercer moins de force, ce qui est particuli\u00e8rement utile en cas d&#8217;utilisation r\u00e9guli\u00e8re ou lorsque vous devez manipuler le bouton d&#8217;une seule main.<\/p>\n<p>De plus, l&#8217;utilisation de ce bouton permet de prolonger la dur\u00e9e de vie de votre appareil Kirby. En choisissant la bonne position, vous \u00e9vitez de surcharger le moteur de la brosse et r\u00e9duisez l&#8217;usure inutile. En bref, avec un bouton rotatif qui fonctionne bien, vous pouvez maintenir votre appareil en parfait \u00e9tat.<\/p>\n<h2>Caract\u00e9ristiques et avantages du bouton rotatif Kirby<\/h2>\n<h3>Adaptation parfaite et montage facile<\/h3>\n<p>Il convient \u00e9galement de mentionner que ce bouton a \u00e9t\u00e9 sp\u00e9cialement con\u00e7u pour la <a href=\"https:\/\/www.veltec.eu\/fr\/?page_id=59143\">buse large originale de Kirby<\/a>. L&#8217;adaptation est donc parfaite et le remplacement est facile. Vous n&#8217;avez besoin d&#8217;aucun outil sp\u00e9cial, ce qui est bien s\u00fbr appr\u00e9ciable si vous pr\u00e9f\u00e9rez ne pas faire appel \u00e0 un technicien pour un r\u00e9glage mineur. En quelques minutes, le cadran est remplac\u00e9, ce qui vous permet de reprendre rapidement votre travail de nettoyage.<\/p>\n<h3>Fiabilit\u00e9 et durabilit\u00e9<\/h3>\n<p>De plus, ce bouton rotatif est fabriqu\u00e9 en plastique de haute qualit\u00e9, ce qui lui assure une longue dur\u00e9e de vie. M\u00eame en cas d&#8217;utilisation intensive, le bouton continue de fonctionner correctement. C&#8217;est important, surtout si vous utilisez votre aspirateur Kirby tous les jours ou toutes les semaines. De plus, le m\u00e9canisme de charni\u00e8re robuste de la partie rabattable garantit que vous avez toujours une prise suffisante pour actionner le bouton en douceur.<\/p>\n<p>Enfin, la combinaison de la fiabilit\u00e9, de la facilit\u00e9 d&#8217;utilisation et de la fonctionnalit\u00e9 fait de ce bouton rotatif Kirby un investissement intelligent pour tous les utilisateurs de Kirby. Il prolonge la dur\u00e9e de vie de votre machine et garantit des r\u00e9sultats de nettoyage optimaux \u00e0 chaque fois.<\/p>\n<h2>Commandez votre Bouton pivotant pour buse large d&#8217;aspiro-batteur Kirby d\u00e8s aujourd&#8217;hui<\/h2>\n<p>En bref, vous recherchez un Bouton pivotant pour buse large d&#8217;aspiro-batteur Kirby original, durable et facile \u00e0 monter ? C&#8217;est la pi\u00e8ce qu&#8217;il vous faut. N&#8217;attendez pas que votre aspirateur soit moins performant, voire qu&#8217;il cesse de fonctionner. En rempla\u00e7ant ce bouton \u00e0 temps, vous \u00e9vitez des probl\u00e8mes plus importants et vous assurez le fonctionnement efficace de votre appareil.<\/p>\n<ul>\n<li>Pi\u00e8ce d&#8217;origine Kirby<\/li>\n<li>Avec poign\u00e9e rabattable pour plus de puissance<\/li>\n<li>Facile \u00e0 installer sans outils<\/li>\n<li>Indispensable pour une utilisation optimale du l\u00e8ve-courroie<\/li>\n<\/ul>\n<p>N&#8217;h\u00e9sitez plus et ajoutez ce bouton rotatif Kirby \u00e0 votre panier d&#8217;achat. Vous serez ainsi assur\u00e9 d&#8217;une performance durable et d&#8217;un aspirateur qui continue \u00e0 faire ce pour quoi il a \u00e9t\u00e9 con\u00e7u.<\/p>\n","protected":false},"excerpt":{"rendered":"<p>Bouton pivotant pour buse large d\u2019aspiro-batteur.<\/p>\n[trustindex data-widget-id=e3bb80b24fa128098b960fc2439]\n<h3><span style=\"color: #008000;\"><br \/>\nEn stock<\/span><\/h3>\n[av_font_icon icon='ue812' font='entypo-fontello' style='' caption='' size='25px' position='left' color='#43ad66' link='' linktarget='' title_attr='' sonar_effect_effect='' sonar_effect_color='' sonar_effect_duration='1' sonar_effect_scale='' sonar_effect_opac='0.5' animation='' id='' custom_class='' template_class='' av_uid='' sc_version='1.0' admin_preview_bg=''][\/av_font_icon]\n<p><span style=\"color: #008000;\">Command\u00e9 23:59, exp\u00e9di\u00e9 demain<\/span><\/p>\n<p>&nbsp;<\/p>\n","protected":false},"featured_media":90730,"comment_status":"open","ping_status":"closed","template":"","meta":{"_acf_changed":false},"product_brand":[],"product_cat":[344],"product_tag":[],"class_list":{"0":"post-12005","1":"product","2":"type-product","3":"status-publish","4":"has-post-thumbnail","6":"product_cat-buse-batteuse-large-kirby","7":"product_shipping_class-klein-de-fr","9":"first","10":"instock","11":"taxable","12":"shipping-taxable","13":"purchasable","14":"product-type-simple"},"acf":[],"yoast_head":"<!-- This site is optimized with the Yoast SEO Premium plugin v27.1 (Yoast SEO v27.5) - https:\/\/yoast.com\/product\/yoast-seo-premium-wordpress\/ -->\n<title>Bouton pivotant pour buse large d\u2019aspiro-batteur Kirby - Veltec Kirby specialist<\/title>\n<meta name=\"description\" content=\"Bouton pivotant pour buse large d\u2019aspiro-batteur Kirby Veltec est le fournisseur des aspirateurs Kirby depuis plus de 20 ans.\" \/>\n<meta name=\"robots\" content=\"index, follow, max-snippet:-1, max-image-preview:large, max-video-preview:-1\" \/>\n<link rel=\"canonical\" href=\"https:\/\/www.veltec.eu\/fr\/product\/bouton-pivotant-pour-buse-large-d-aspiro-batteur-kirby-nl3047\/\" \/>\n<meta property=\"og:locale\" content=\"fr_FR\" \/>\n<meta property=\"og:type\" content=\"article\" \/>\n<meta property=\"og:title\" content=\"Bouton pivotant pour buse large d\u2019aspiro-batteur Kirby\" \/>\n<meta property=\"og:description\" content=\"Bouton pivotant pour buse large d\u2019aspiro-batteur.    En stock   Command\u00e9 23:59, exp\u00e9di\u00e9 demain  &nbsp;\" \/>\n<meta property=\"og:url\" content=\"https:\/\/www.veltec.eu\/fr\/product\/bouton-pivotant-pour-buse-large-d-aspiro-batteur-kirby-nl3047\/\" \/>\n<meta property=\"og:site_name\" content=\"Veltec Kirby specialist\" \/>\n<meta property=\"article:publisher\" content=\"https:\/\/www.facebook.com\/Veltec-Kirby-Specialist-236746293374877\/\" \/>\n<meta property=\"article:modified_time\" content=\"2025-04-10T14:34:08+00:00\" \/>\n<meta property=\"og:image\" content=\"https:\/\/www.veltec.eu\/wp-content\/uploads\/2018\/10\/k-159201.jpg\" \/>\n\t<meta property=\"og:image:width\" content=\"300\" \/>\n\t<meta property=\"og:image:height\" content=\"300\" \/>\n\t<meta property=\"og:image:type\" content=\"image\/jpeg\" \/>\n<meta name=\"twitter:card\" content=\"summary_large_image\" \/>\n<meta name=\"twitter:label1\" content=\"Dur\u00e9e de lecture estim\u00e9e\" \/>\n\t<meta name=\"twitter:data1\" content=\"4 minutes\" \/>\n<script type=\"application\/ld+json\" class=\"yoast-schema-graph\">{\"@context\":\"https:\\\/\\\/schema.org\",\"@graph\":[{\"@type\":\"WebPage\",\"@id\":\"https:\\\/\\\/www.veltec.eu\\\/fr\\\/product\\\/bouton-pivotant-pour-buse-large-d-aspiro-batteur-kirby-nl3047\\\/\",\"url\":\"https:\\\/\\\/www.veltec.eu\\\/fr\\\/product\\\/bouton-pivotant-pour-buse-large-d-aspiro-batteur-kirby-nl3047\\\/\",\"name\":\"Bouton pivotant pour buse large d\u2019aspiro-batteur Kirby - Veltec Kirby specialist\",\"isPartOf\":{\"@id\":\"https:\\\/\\\/www.veltec.eu\\\/en\\\/#website\"},\"primaryImageOfPage\":{\"@id\":\"https:\\\/\\\/www.veltec.eu\\\/fr\\\/product\\\/bouton-pivotant-pour-buse-large-d-aspiro-batteur-kirby-nl3047\\\/#primaryimage\"},\"image\":{\"@id\":\"https:\\\/\\\/www.veltec.eu\\\/fr\\\/product\\\/bouton-pivotant-pour-buse-large-d-aspiro-batteur-kirby-nl3047\\\/#primaryimage\"},\"thumbnailUrl\":\"https:\\\/\\\/www.veltec.eu\\\/wp-content\\\/uploads\\\/2018\\\/10\\\/Kirby-draaiknop.jpg\",\"datePublished\":\"2018-10-16T13:25:27+00:00\",\"dateModified\":\"2025-04-10T14:34:08+00:00\",\"description\":\"Bouton pivotant pour buse large d\u2019aspiro-batteur Kirby Veltec est le fournisseur des aspirateurs Kirby depuis plus de 20 ans.\",\"breadcrumb\":{\"@id\":\"https:\\\/\\\/www.veltec.eu\\\/fr\\\/product\\\/bouton-pivotant-pour-buse-large-d-aspiro-batteur-kirby-nl3047\\\/#breadcrumb\"},\"inLanguage\":\"fr-FR\",\"potentialAction\":[{\"@type\":\"ReadAction\",\"target\":[\"https:\\\/\\\/www.veltec.eu\\\/fr\\\/product\\\/bouton-pivotant-pour-buse-large-d-aspiro-batteur-kirby-nl3047\\\/\"]}]},{\"@type\":\"ImageObject\",\"inLanguage\":\"fr-FR\",\"@id\":\"https:\\\/\\\/www.veltec.eu\\\/fr\\\/product\\\/bouton-pivotant-pour-buse-large-d-aspiro-batteur-kirby-nl3047\\\/#primaryimage\",\"url\":\"https:\\\/\\\/www.veltec.eu\\\/wp-content\\\/uploads\\\/2018\\\/10\\\/Kirby-draaiknop.jpg\",\"contentUrl\":\"https:\\\/\\\/www.veltec.eu\\\/wp-content\\\/uploads\\\/2018\\\/10\\\/Kirby-draaiknop.jpg\",\"width\":600,\"height\":600},{\"@type\":\"BreadcrumbList\",\"@id\":\"https:\\\/\\\/www.veltec.eu\\\/fr\\\/product\\\/bouton-pivotant-pour-buse-large-d-aspiro-batteur-kirby-nl3047\\\/#breadcrumb\",\"itemListElement\":[{\"@type\":\"ListItem\",\"position\":1,\"name\":\"Home\",\"item\":\"https:\\\/\\\/www.veltec.eu\\\/fr\\\/accueil\\\/\"},{\"@type\":\"ListItem\",\"position\":2,\"name\":\"Boutique Kirby\",\"item\":\"https:\\\/\\\/www.veltec.eu\\\/fr\\\/boutique-kirby\\\/\"},{\"@type\":\"ListItem\",\"position\":3,\"name\":\"Bouton pivotant pour buse large d\u2019aspiro-batteur Kirby\"}]},{\"@type\":\"WebSite\",\"@id\":\"https:\\\/\\\/www.veltec.eu\\\/en\\\/#website\",\"url\":\"https:\\\/\\\/www.veltec.eu\\\/en\\\/\",\"name\":\"Veltec Kirby specialist\",\"description\":\"Kirby stofzuiger producten\",\"publisher\":{\"@id\":\"https:\\\/\\\/www.veltec.eu\\\/en\\\/#organization\"},\"potentialAction\":[{\"@type\":\"SearchAction\",\"target\":{\"@type\":\"EntryPoint\",\"urlTemplate\":\"https:\\\/\\\/www.veltec.eu\\\/en\\\/?s={search_term_string}\"},\"query-input\":{\"@type\":\"PropertyValueSpecification\",\"valueRequired\":true,\"valueName\":\"search_term_string\"}}],\"inLanguage\":\"fr-FR\"},{\"@type\":\"Organization\",\"@id\":\"https:\\\/\\\/www.veltec.eu\\\/en\\\/#organization\",\"name\":\"Veltec Kirby Specialist\",\"url\":\"https:\\\/\\\/www.veltec.eu\\\/en\\\/\",\"logo\":{\"@type\":\"ImageObject\",\"inLanguage\":\"fr-FR\",\"@id\":\"https:\\\/\\\/www.veltec.eu\\\/en\\\/#\\\/schema\\\/logo\\\/image\\\/\",\"url\":\"https:\\\/\\\/www.veltec.eu\\\/wp-content\\\/uploads\\\/2021\\\/12\\\/Veltec-log-groot-e1537260889125.png\",\"contentUrl\":\"https:\\\/\\\/www.veltec.eu\\\/wp-content\\\/uploads\\\/2021\\\/12\\\/Veltec-log-groot-e1537260889125.png\",\"width\":200,\"height\":60,\"caption\":\"Veltec Kirby Specialist\"},\"image\":{\"@id\":\"https:\\\/\\\/www.veltec.eu\\\/en\\\/#\\\/schema\\\/logo\\\/image\\\/\"},\"sameAs\":[\"https:\\\/\\\/www.facebook.com\\\/Veltec-Kirby-Specialist-236746293374877\\\/\",\"https:\\\/\\\/www.youtube.com\\\/user\\\/VeltecService\"]}]}<\/script>\n<!-- \/ Yoast SEO Premium plugin. -->","yoast_head_json":{"title":"Bouton pivotant pour buse large d\u2019aspiro-batteur Kirby - Veltec Kirby specialist","description":"Bouton pivotant pour buse large d\u2019aspiro-batteur Kirby Veltec est le fournisseur des aspirateurs Kirby depuis plus de 20 ans.","robots":{"index":"index","follow":"follow","max-snippet":"max-snippet:-1","max-image-preview":"max-image-preview:large","max-video-preview":"max-video-preview:-1"},"canonical":"https:\/\/www.veltec.eu\/fr\/product\/bouton-pivotant-pour-buse-large-d-aspiro-batteur-kirby-nl3047\/","og_locale":"fr_FR","og_type":"article","og_title":"Bouton pivotant pour buse large d\u2019aspiro-batteur Kirby","og_description":"Bouton pivotant pour buse large d\u2019aspiro-batteur.    En stock   Command\u00e9 23:59, exp\u00e9di\u00e9 demain  &nbsp;","og_url":"https:\/\/www.veltec.eu\/fr\/product\/bouton-pivotant-pour-buse-large-d-aspiro-batteur-kirby-nl3047\/","og_site_name":"Veltec Kirby specialist","article_publisher":"https:\/\/www.facebook.com\/Veltec-Kirby-Specialist-236746293374877\/","article_modified_time":"2025-04-10T14:34:08+00:00","og_image":[{"width":300,"height":300,"url":"https:\/\/www.veltec.eu\/wp-content\/uploads\/2018\/10\/k-159201.jpg","type":"image\/jpeg"}],"twitter_card":"summary_large_image","twitter_misc":{"Dur\u00e9e de lecture estim\u00e9e":"4 minutes"},"schema":{"@context":"https:\/\/schema.org","@graph":[{"@type":"WebPage","@id":"https:\/\/www.veltec.eu\/fr\/product\/bouton-pivotant-pour-buse-large-d-aspiro-batteur-kirby-nl3047\/","url":"https:\/\/www.veltec.eu\/fr\/product\/bouton-pivotant-pour-buse-large-d-aspiro-batteur-kirby-nl3047\/","name":"Bouton pivotant pour buse large d\u2019aspiro-batteur Kirby - Veltec Kirby specialist","isPartOf":{"@id":"https:\/\/www.veltec.eu\/en\/#website"},"primaryImageOfPage":{"@id":"https:\/\/www.veltec.eu\/fr\/product\/bouton-pivotant-pour-buse-large-d-aspiro-batteur-kirby-nl3047\/#primaryimage"},"image":{"@id":"https:\/\/www.veltec.eu\/fr\/product\/bouton-pivotant-pour-buse-large-d-aspiro-batteur-kirby-nl3047\/#primaryimage"},"thumbnailUrl":"https:\/\/www.veltec.eu\/wp-content\/uploads\/2018\/10\/Kirby-draaiknop.jpg","datePublished":"2018-10-16T13:25:27+00:00","dateModified":"2025-04-10T14:34:08+00:00","description":"Bouton pivotant pour buse large d\u2019aspiro-batteur Kirby Veltec est le fournisseur des aspirateurs Kirby depuis plus de 20 ans.","breadcrumb":{"@id":"https:\/\/www.veltec.eu\/fr\/product\/bouton-pivotant-pour-buse-large-d-aspiro-batteur-kirby-nl3047\/#breadcrumb"},"inLanguage":"fr-FR","potentialAction":[{"@type":"ReadAction","target":["https:\/\/www.veltec.eu\/fr\/product\/bouton-pivotant-pour-buse-large-d-aspiro-batteur-kirby-nl3047\/"]}]},{"@type":"ImageObject","inLanguage":"fr-FR","@id":"https:\/\/www.veltec.eu\/fr\/product\/bouton-pivotant-pour-buse-large-d-aspiro-batteur-kirby-nl3047\/#primaryimage","url":"https:\/\/www.veltec.eu\/wp-content\/uploads\/2018\/10\/Kirby-draaiknop.jpg","contentUrl":"https:\/\/www.veltec.eu\/wp-content\/uploads\/2018\/10\/Kirby-draaiknop.jpg","width":600,"height":600},{"@type":"BreadcrumbList","@id":"https:\/\/www.veltec.eu\/fr\/product\/bouton-pivotant-pour-buse-large-d-aspiro-batteur-kirby-nl3047\/#breadcrumb","itemListElement":[{"@type":"ListItem","position":1,"name":"Home","item":"https:\/\/www.veltec.eu\/fr\/accueil\/"},{"@type":"ListItem","position":2,"name":"Boutique Kirby","item":"https:\/\/www.veltec.eu\/fr\/boutique-kirby\/"},{"@type":"ListItem","position":3,"name":"Bouton pivotant pour buse large d\u2019aspiro-batteur Kirby"}]},{"@type":"WebSite","@id":"https:\/\/www.veltec.eu\/en\/#website","url":"https:\/\/www.veltec.eu\/en\/","name":"Veltec Kirby specialist","description":"Kirby stofzuiger producten","publisher":{"@id":"https:\/\/www.veltec.eu\/en\/#organization"},"potentialAction":[{"@type":"SearchAction","target":{"@type":"EntryPoint","urlTemplate":"https:\/\/www.veltec.eu\/en\/?s={search_term_string}"},"query-input":{"@type":"PropertyValueSpecification","valueRequired":true,"valueName":"search_term_string"}}],"inLanguage":"fr-FR"},{"@type":"Organization","@id":"https:\/\/www.veltec.eu\/en\/#organization","name":"Veltec Kirby Specialist","url":"https:\/\/www.veltec.eu\/en\/","logo":{"@type":"ImageObject","inLanguage":"fr-FR","@id":"https:\/\/www.veltec.eu\/en\/#\/schema\/logo\/image\/","url":"https:\/\/www.veltec.eu\/wp-content\/uploads\/2021\/12\/Veltec-log-groot-e1537260889125.png","contentUrl":"https:\/\/www.veltec.eu\/wp-content\/uploads\/2021\/12\/Veltec-log-groot-e1537260889125.png","width":200,"height":60,"caption":"Veltec Kirby Specialist"},"image":{"@id":"https:\/\/www.veltec.eu\/en\/#\/schema\/logo\/image\/"},"sameAs":["https:\/\/www.facebook.com\/Veltec-Kirby-Specialist-236746293374877\/","https:\/\/www.youtube.com\/user\/VeltecService"]}]}},"_links":{"self":[{"href":"https:\/\/www.veltec.eu\/fr\/wp-json\/wp\/v2\/product\/12005","targetHints":{"allow":["GET"]}}],"collection":[{"href":"https:\/\/www.veltec.eu\/fr\/wp-json\/wp\/v2\/product"}],"about":[{"href":"https:\/\/www.veltec.eu\/fr\/wp-json\/wp\/v2\/types\/product"}],"replies":[{"embeddable":true,"href":"https:\/\/www.veltec.eu\/fr\/wp-json\/wp\/v2\/comments?post=12005"}],"wp:featuredmedia":[{"embeddable":true,"href":"https:\/\/www.veltec.eu\/fr\/wp-json\/wp\/v2\/media\/90730"}],"wp:attachment":[{"href":"https:\/\/www.veltec.eu\/fr\/wp-json\/wp\/v2\/media?parent=12005"}],"wp:term":[{"taxonomy":"product_brand","embeddable":true,"href":"https:\/\/www.veltec.eu\/fr\/wp-json\/wp\/v2\/product_brand?post=12005"},{"taxonomy":"product_cat","embeddable":true,"href":"https:\/\/www.veltec.eu\/fr\/wp-json\/wp\/v2\/product_cat?post=12005"},{"taxonomy":"product_tag","embeddable":true,"href":"https:\/\/www.veltec.eu\/fr\/wp-json\/wp\/v2\/product_tag?post=12005"}],"curies":[{"name":"wp","href":"https:\/\/api.w.org\/{rel}","templated":true}]}}