{"id":12000,"date":"2018-10-16T15:32:18","date_gmt":"2018-10-16T13:32:18","guid":{"rendered":"https:\/\/www.veltec.eu\/kirby-webshop\/bord-protecteur-nl3118\/"},"modified":"2025-04-10T14:24:06","modified_gmt":"2025-04-10T12:24:06","slug":"kirby-bord-protecteur-nl3118","status":"publish","type":"product","link":"https:\/\/www.veltec.eu\/fr\/product\/kirby-bord-protecteur-nl3118\/","title":{"rendered":"Kirby Bord protecteur"},"content":{"rendered":"<h2>Kirby Bord protecteur &#8211; Protection optimale de votre int\u00e9rieur<\/h2>\n<h3>Prot\u00e9gez vos murs et plinthes avec le Kirby Bord protecteur original<\/h3>\n<p>Vous avez un aspirateur Kirby avec un large suceur batteur ? Vous savez que cet appareil puissant s&#8217;attaque \u00e0 tout, de la salet\u00e9 tenace aux poils d&#8217;animaux. Mais saviez-vous que sans le bord de protection ad\u00e9quat, vos murs et plinthes risquent d&#8217;\u00eatre endommag\u00e9s ? Le Kirby Bord protecteur a \u00e9t\u00e9 sp\u00e9cialement con\u00e7u pour \u00e9viter cela. Cet accessoire intelligent fonctionne comme un pare-chocs souple qui vous permet de nettoyer sans effort et en toute s\u00e9curit\u00e9.<\/p>\n<p>Gr\u00e2ce \u00e0 l&#8217;utilisation de mat\u00e9riaux durables, ce pare-chocs peut r\u00e9sister \u00e0 un usage intensif. Vous n&#8217;avez donc pas \u00e0 vous inqui\u00e9ter d&#8217;une usure rapide. De plus, le pare-chocs s&#8217;adapte parfaitement \u00e0 la buse large de votre Kirby. Le design reste ainsi \u00e9l\u00e9gant sans compromettre la puissance d&#8217;aspiration ou la maniabilit\u00e9 de votre appareil.<\/p>\n<p><strong>Ce pare-chocs convient \u00e0 tous les aspirateurs Kirby ;<\/strong><\/p>\n<ul>\n<li>Avalir Platinum<\/li>\n<li>Avalir 2<\/li>\n<li>Avalir 1<\/li>\n<li>Sentria 2 (G10D)<\/li>\n<li>Sentria 1 (G10)<\/li>\n<li>Ultimate G Diamond Ed.(G7D or DE)<\/li>\n<li>Ultimate G (G7 or UG)<\/li>\n<li>Generation 6 (G6)<\/li>\n<li>Generation 5 (G5)<\/li>\n<li>Generation 4 (G4)<\/li>\n<li>Generation 3 (G3)<\/li>\n<\/ul>\n<div>\n<p>Vous trouverez ici tous les <a href=\"https:\/\/www.veltec.eu\/fr\/kirby-buse-large-daspiro-batteur\/\">suceurs larges Kirby<\/a><\/p>\n<h3>Pourquoi choisir le Kirby Bord protecteur ?<\/h3>\n<p>Un accident est dans un petit coin &#8211; surtout avec les aspirateurs puissants. Heureusement, le Kirby Bord Protecteur offre une solution simple et efficace. Voici ses principaux avantages :<\/p>\n<ul>\n<li>Evite d&#8217;endommager les murs, les meubles et les plinthes<\/li>\n<li>Facile \u00e0 fixer sur le large suceur de votre Kirby<\/li>\n<li>Pi\u00e8ce d&#8217;origine Kirby &#8211; compatibilit\u00e9 et qualit\u00e9 garanties<\/li>\n<li>Mat\u00e9riaux r\u00e9sistants \u00e0 l&#8217;usure pour une utilisation durable<\/li>\n<li>Favorise la maniabilit\u00e9 sans compromettre les performances<\/li>\n<\/ul>\n<p>De plus, ce bord protecteur permet non seulement de prot\u00e9ger votre int\u00e9rieur, mais aussi de prolonger la dur\u00e9e de vie du suceur de votre aspirateur. Un investissement dans ce pare-chocs est donc un investissement dans la durabilit\u00e9 et la commodit\u00e9.<\/p>\n<h2>Installation facile et ajustement garanti<\/h2>\n<h3>Installation rapide, r\u00e9sultat imm\u00e9diat<\/h3>\n<p>Le pare-chocs a \u00e9t\u00e9 con\u00e7u dans un souci de facilit\u00e9 d&#8217;utilisation. Gr\u00e2ce \u00e0 son ajustement parfait, l&#8217;installation est un jeu d&#8217;enfant : il suffit de cliquer le pare-chocs sur le suceur, sans outils ni connaissances techniques. En quelques secondes, vous \u00eates pr\u00eat \u00e0 passer l&#8217;aspirateur, avec la certitude que votre int\u00e9rieur est prot\u00e9g\u00e9.<\/p>\n<p>De plus, le pare-chocs est facile \u00e0 nettoyer. Un chiffon humide suffit pour redonner au mat\u00e9riau l&#8217;aspect du neuf. Cela contribue \u00e0 donner un aspect soign\u00e9 \u00e0 votre aspirateur et \u00e0 votre maison.<\/p>\n<\/div>\n<div>\n<h2>Commandez d\u00e8s aujourd&#8217;hui votre Kirby Bord protecteur<\/h2>\n<p>Ne laissez aucune chance aux dommages caus\u00e9s \u00e0 vos murs ou \u00e0 vos plinthes. Avec le pare-chocs Kirby, vous optez pour la s\u00e9curit\u00e9, la qualit\u00e9 et la durabilit\u00e9. N&#8217;attendez pas que la premi\u00e8re rayure soit visible &#8211; pr\u00e9venez les dommages avant qu&#8217;ils ne se produisent.<\/p>\n<p>Commandez d\u00e8s maintenant et constatez la diff\u00e9rence lors de votre prochain nettoyage !<\/p>\n<\/div>\n","protected":false},"excerpt":{"rendered":"<p>Bord protecteur pour buse large d\u2019aspiro-batteur.<\/p>\n[trustindex data-widget-id=e3bb80b24fa128098b960fc2439]\n<h3><span style=\"color: #008000;\"><br \/>\nEn stock<\/span><\/h3>\n[av_font_icon icon='ue812' font='entypo-fontello' style='' caption='' size='25px' position='left' color='#43ad66' link='' linktarget='' title_attr='' sonar_effect_effect='' sonar_effect_color='' sonar_effect_duration='1' sonar_effect_scale='' sonar_effect_opac='0.5' animation='' id='' custom_class='' template_class='' av_uid='' sc_version='1.0' admin_preview_bg=''][\/av_font_icon]\n<p><span style=\"color: #008000;\">Command\u00e9 23:59, exp\u00e9di\u00e9 demain<\/span><\/p>\n<p>&nbsp;<\/p>\n","protected":false},"featured_media":90379,"comment_status":"open","ping_status":"closed","template":"","meta":{"_acf_changed":false},"product_brand":[],"product_cat":[344],"product_tag":[],"class_list":{"0":"post-12000","1":"product","2":"type-product","3":"status-publish","4":"has-post-thumbnail","6":"product_cat-buse-batteuse-large-kirby","7":"product_shipping_class-klein-de-fr","9":"first","10":"instock","11":"taxable","12":"shipping-taxable","13":"purchasable","14":"product-type-simple"},"acf":[],"yoast_head":"<!-- This site is optimized with the Yoast SEO Premium plugin v27.1 (Yoast SEO v27.4) - https:\/\/yoast.com\/product\/yoast-seo-premium-wordpress\/ -->\n<title>Kirby Bord protecteur - Veltec Kirby specialist<\/title>\n<meta name=\"description\" content=\"Kirby Bord protecteur - Veltec est le fournisseur des aspirateurs Kirby depuis plus de 25 ans. Et est votre service Kirby de confiance\" \/>\n<meta name=\"robots\" content=\"index, follow, max-snippet:-1, max-image-preview:large, max-video-preview:-1\" \/>\n<link rel=\"canonical\" href=\"https:\/\/www.veltec.eu\/fr\/product\/kirby-bord-protecteur-nl3118\/\" \/>\n<meta property=\"og:locale\" content=\"fr_FR\" \/>\n<meta property=\"og:type\" content=\"article\" \/>\n<meta property=\"og:title\" content=\"Kirby Bord protecteur\" \/>\n<meta property=\"og:description\" content=\"Bord protecteur pour buse large d\u2019aspiro-batteur.    En stock   Command\u00e9 23:59, exp\u00e9di\u00e9 demain  &nbsp;\" \/>\n<meta property=\"og:url\" content=\"https:\/\/www.veltec.eu\/fr\/product\/kirby-bord-protecteur-nl3118\/\" \/>\n<meta property=\"og:site_name\" content=\"Veltec Kirby specialist\" \/>\n<meta property=\"article:publisher\" content=\"https:\/\/www.facebook.com\/Veltec-Kirby-Specialist-236746293374877\/\" \/>\n<meta property=\"article:modified_time\" content=\"2025-04-10T12:24:06+00:00\" \/>\n<meta property=\"og:image\" content=\"https:\/\/www.veltec.eu\/wp-content\/uploads\/2018\/10\/kirby_stootrand.jpg\" \/>\n\t<meta property=\"og:image:width\" content=\"300\" \/>\n\t<meta property=\"og:image:height\" content=\"300\" \/>\n\t<meta property=\"og:image:type\" content=\"image\/jpeg\" \/>\n<meta name=\"twitter:card\" content=\"summary_large_image\" \/>\n<meta name=\"twitter:label1\" content=\"Dur\u00e9e de lecture estim\u00e9e\" \/>\n\t<meta name=\"twitter:data1\" content=\"3 minutes\" \/>\n<script type=\"application\/ld+json\" class=\"yoast-schema-graph\">{\"@context\":\"https:\\\/\\\/schema.org\",\"@graph\":[{\"@type\":\"WebPage\",\"@id\":\"https:\\\/\\\/www.veltec.eu\\\/fr\\\/product\\\/kirby-bord-protecteur-nl3118\\\/\",\"url\":\"https:\\\/\\\/www.veltec.eu\\\/fr\\\/product\\\/kirby-bord-protecteur-nl3118\\\/\",\"name\":\"Kirby Bord protecteur - Veltec Kirby specialist\",\"isPartOf\":{\"@id\":\"https:\\\/\\\/www.veltec.eu\\\/en\\\/#website\"},\"primaryImageOfPage\":{\"@id\":\"https:\\\/\\\/www.veltec.eu\\\/fr\\\/product\\\/kirby-bord-protecteur-nl3118\\\/#primaryimage\"},\"image\":{\"@id\":\"https:\\\/\\\/www.veltec.eu\\\/fr\\\/product\\\/kirby-bord-protecteur-nl3118\\\/#primaryimage\"},\"thumbnailUrl\":\"https:\\\/\\\/www.veltec.eu\\\/wp-content\\\/uploads\\\/2018\\\/10\\\/Kirby-bumper.jpg\",\"datePublished\":\"2018-10-16T13:32:18+00:00\",\"dateModified\":\"2025-04-10T12:24:06+00:00\",\"description\":\"Kirby Bord protecteur - Veltec est le fournisseur des aspirateurs Kirby depuis plus de 25 ans. Et est votre service Kirby de confiance\",\"breadcrumb\":{\"@id\":\"https:\\\/\\\/www.veltec.eu\\\/fr\\\/product\\\/kirby-bord-protecteur-nl3118\\\/#breadcrumb\"},\"inLanguage\":\"fr-FR\",\"potentialAction\":[{\"@type\":\"ReadAction\",\"target\":[\"https:\\\/\\\/www.veltec.eu\\\/fr\\\/product\\\/kirby-bord-protecteur-nl3118\\\/\"]}]},{\"@type\":\"ImageObject\",\"inLanguage\":\"fr-FR\",\"@id\":\"https:\\\/\\\/www.veltec.eu\\\/fr\\\/product\\\/kirby-bord-protecteur-nl3118\\\/#primaryimage\",\"url\":\"https:\\\/\\\/www.veltec.eu\\\/wp-content\\\/uploads\\\/2018\\\/10\\\/Kirby-bumper.jpg\",\"contentUrl\":\"https:\\\/\\\/www.veltec.eu\\\/wp-content\\\/uploads\\\/2018\\\/10\\\/Kirby-bumper.jpg\",\"width\":1518,\"height\":1518},{\"@type\":\"BreadcrumbList\",\"@id\":\"https:\\\/\\\/www.veltec.eu\\\/fr\\\/product\\\/kirby-bord-protecteur-nl3118\\\/#breadcrumb\",\"itemListElement\":[{\"@type\":\"ListItem\",\"position\":1,\"name\":\"Home\",\"item\":\"https:\\\/\\\/www.veltec.eu\\\/fr\\\/\"},{\"@type\":\"ListItem\",\"position\":2,\"name\":\"Boutique Kirby\",\"item\":\"https:\\\/\\\/www.veltec.eu\\\/fr\\\/boutique-kirby\\\/\"},{\"@type\":\"ListItem\",\"position\":3,\"name\":\"Kirby Bord protecteur\"}]},{\"@type\":\"WebSite\",\"@id\":\"https:\\\/\\\/www.veltec.eu\\\/en\\\/#website\",\"url\":\"https:\\\/\\\/www.veltec.eu\\\/en\\\/\",\"name\":\"Veltec Kirby specialist\",\"description\":\"Kirby stofzuiger producten\",\"publisher\":{\"@id\":\"https:\\\/\\\/www.veltec.eu\\\/en\\\/#organization\"},\"potentialAction\":[{\"@type\":\"SearchAction\",\"target\":{\"@type\":\"EntryPoint\",\"urlTemplate\":\"https:\\\/\\\/www.veltec.eu\\\/en\\\/?s={search_term_string}\"},\"query-input\":{\"@type\":\"PropertyValueSpecification\",\"valueRequired\":true,\"valueName\":\"search_term_string\"}}],\"inLanguage\":\"fr-FR\"},{\"@type\":\"Organization\",\"@id\":\"https:\\\/\\\/www.veltec.eu\\\/en\\\/#organization\",\"name\":\"Veltec Kirby Specialist\",\"url\":\"https:\\\/\\\/www.veltec.eu\\\/en\\\/\",\"logo\":{\"@type\":\"ImageObject\",\"inLanguage\":\"fr-FR\",\"@id\":\"https:\\\/\\\/www.veltec.eu\\\/en\\\/#\\\/schema\\\/logo\\\/image\\\/\",\"url\":\"https:\\\/\\\/www.veltec.eu\\\/wp-content\\\/uploads\\\/2021\\\/12\\\/Veltec-log-groot-e1537260889125.png\",\"contentUrl\":\"https:\\\/\\\/www.veltec.eu\\\/wp-content\\\/uploads\\\/2021\\\/12\\\/Veltec-log-groot-e1537260889125.png\",\"width\":200,\"height\":60,\"caption\":\"Veltec Kirby Specialist\"},\"image\":{\"@id\":\"https:\\\/\\\/www.veltec.eu\\\/en\\\/#\\\/schema\\\/logo\\\/image\\\/\"},\"sameAs\":[\"https:\\\/\\\/www.facebook.com\\\/Veltec-Kirby-Specialist-236746293374877\\\/\",\"https:\\\/\\\/www.youtube.com\\\/user\\\/VeltecService\"]}]}<\/script>\n<!-- \/ Yoast SEO Premium plugin. -->","yoast_head_json":{"title":"Kirby Bord protecteur - Veltec Kirby specialist","description":"Kirby Bord protecteur - Veltec est le fournisseur des aspirateurs Kirby depuis plus de 25 ans. Et est votre service Kirby de confiance","robots":{"index":"index","follow":"follow","max-snippet":"max-snippet:-1","max-image-preview":"max-image-preview:large","max-video-preview":"max-video-preview:-1"},"canonical":"https:\/\/www.veltec.eu\/fr\/product\/kirby-bord-protecteur-nl3118\/","og_locale":"fr_FR","og_type":"article","og_title":"Kirby Bord protecteur","og_description":"Bord protecteur pour buse large d\u2019aspiro-batteur.    En stock   Command\u00e9 23:59, exp\u00e9di\u00e9 demain  &nbsp;","og_url":"https:\/\/www.veltec.eu\/fr\/product\/kirby-bord-protecteur-nl3118\/","og_site_name":"Veltec Kirby specialist","article_publisher":"https:\/\/www.facebook.com\/Veltec-Kirby-Specialist-236746293374877\/","article_modified_time":"2025-04-10T12:24:06+00:00","og_image":[{"width":300,"height":300,"url":"https:\/\/www.veltec.eu\/wp-content\/uploads\/2018\/10\/kirby_stootrand.jpg","type":"image\/jpeg"}],"twitter_card":"summary_large_image","twitter_misc":{"Dur\u00e9e de lecture estim\u00e9e":"3 minutes"},"schema":{"@context":"https:\/\/schema.org","@graph":[{"@type":"WebPage","@id":"https:\/\/www.veltec.eu\/fr\/product\/kirby-bord-protecteur-nl3118\/","url":"https:\/\/www.veltec.eu\/fr\/product\/kirby-bord-protecteur-nl3118\/","name":"Kirby Bord protecteur - Veltec Kirby specialist","isPartOf":{"@id":"https:\/\/www.veltec.eu\/en\/#website"},"primaryImageOfPage":{"@id":"https:\/\/www.veltec.eu\/fr\/product\/kirby-bord-protecteur-nl3118\/#primaryimage"},"image":{"@id":"https:\/\/www.veltec.eu\/fr\/product\/kirby-bord-protecteur-nl3118\/#primaryimage"},"thumbnailUrl":"https:\/\/www.veltec.eu\/wp-content\/uploads\/2018\/10\/Kirby-bumper.jpg","datePublished":"2018-10-16T13:32:18+00:00","dateModified":"2025-04-10T12:24:06+00:00","description":"Kirby Bord protecteur - Veltec est le fournisseur des aspirateurs Kirby depuis plus de 25 ans. Et est votre service Kirby de confiance","breadcrumb":{"@id":"https:\/\/www.veltec.eu\/fr\/product\/kirby-bord-protecteur-nl3118\/#breadcrumb"},"inLanguage":"fr-FR","potentialAction":[{"@type":"ReadAction","target":["https:\/\/www.veltec.eu\/fr\/product\/kirby-bord-protecteur-nl3118\/"]}]},{"@type":"ImageObject","inLanguage":"fr-FR","@id":"https:\/\/www.veltec.eu\/fr\/product\/kirby-bord-protecteur-nl3118\/#primaryimage","url":"https:\/\/www.veltec.eu\/wp-content\/uploads\/2018\/10\/Kirby-bumper.jpg","contentUrl":"https:\/\/www.veltec.eu\/wp-content\/uploads\/2018\/10\/Kirby-bumper.jpg","width":1518,"height":1518},{"@type":"BreadcrumbList","@id":"https:\/\/www.veltec.eu\/fr\/product\/kirby-bord-protecteur-nl3118\/#breadcrumb","itemListElement":[{"@type":"ListItem","position":1,"name":"Home","item":"https:\/\/www.veltec.eu\/fr\/"},{"@type":"ListItem","position":2,"name":"Boutique Kirby","item":"https:\/\/www.veltec.eu\/fr\/boutique-kirby\/"},{"@type":"ListItem","position":3,"name":"Kirby Bord protecteur"}]},{"@type":"WebSite","@id":"https:\/\/www.veltec.eu\/en\/#website","url":"https:\/\/www.veltec.eu\/en\/","name":"Veltec Kirby specialist","description":"Kirby stofzuiger producten","publisher":{"@id":"https:\/\/www.veltec.eu\/en\/#organization"},"potentialAction":[{"@type":"SearchAction","target":{"@type":"EntryPoint","urlTemplate":"https:\/\/www.veltec.eu\/en\/?s={search_term_string}"},"query-input":{"@type":"PropertyValueSpecification","valueRequired":true,"valueName":"search_term_string"}}],"inLanguage":"fr-FR"},{"@type":"Organization","@id":"https:\/\/www.veltec.eu\/en\/#organization","name":"Veltec Kirby Specialist","url":"https:\/\/www.veltec.eu\/en\/","logo":{"@type":"ImageObject","inLanguage":"fr-FR","@id":"https:\/\/www.veltec.eu\/en\/#\/schema\/logo\/image\/","url":"https:\/\/www.veltec.eu\/wp-content\/uploads\/2021\/12\/Veltec-log-groot-e1537260889125.png","contentUrl":"https:\/\/www.veltec.eu\/wp-content\/uploads\/2021\/12\/Veltec-log-groot-e1537260889125.png","width":200,"height":60,"caption":"Veltec Kirby Specialist"},"image":{"@id":"https:\/\/www.veltec.eu\/en\/#\/schema\/logo\/image\/"},"sameAs":["https:\/\/www.facebook.com\/Veltec-Kirby-Specialist-236746293374877\/","https:\/\/www.youtube.com\/user\/VeltecService"]}]}},"_links":{"self":[{"href":"https:\/\/www.veltec.eu\/fr\/wp-json\/wp\/v2\/product\/12000","targetHints":{"allow":["GET"]}}],"collection":[{"href":"https:\/\/www.veltec.eu\/fr\/wp-json\/wp\/v2\/product"}],"about":[{"href":"https:\/\/www.veltec.eu\/fr\/wp-json\/wp\/v2\/types\/product"}],"replies":[{"embeddable":true,"href":"https:\/\/www.veltec.eu\/fr\/wp-json\/wp\/v2\/comments?post=12000"}],"wp:featuredmedia":[{"embeddable":true,"href":"https:\/\/www.veltec.eu\/fr\/wp-json\/wp\/v2\/media\/90379"}],"wp:attachment":[{"href":"https:\/\/www.veltec.eu\/fr\/wp-json\/wp\/v2\/media?parent=12000"}],"wp:term":[{"taxonomy":"product_brand","embeddable":true,"href":"https:\/\/www.veltec.eu\/fr\/wp-json\/wp\/v2\/product_brand?post=12000"},{"taxonomy":"product_cat","embeddable":true,"href":"https:\/\/www.veltec.eu\/fr\/wp-json\/wp\/v2\/product_cat?post=12000"},{"taxonomy":"product_tag","embeddable":true,"href":"https:\/\/www.veltec.eu\/fr\/wp-json\/wp\/v2\/product_tag?post=12000"}],"curies":[{"name":"wp","href":"https:\/\/api.w.org\/{rel}","templated":true}]}}