{"id":11995,"date":"2018-10-16T15:47:47","date_gmt":"2018-10-16T13:47:47","guid":{"rendered":"https:\/\/www.veltec.eu\/kirby-webshop\/buse-large-daspiro-batteur-g-nl3158\/"},"modified":"2025-04-10T11:54:34","modified_gmt":"2025-04-10T09:54:34","slug":"buse-large-daspiro-batteur-kirby-generation-g6-g7-nl3158","status":"publish","type":"product","link":"https:\/\/www.veltec.eu\/fr\/product\/buse-large-daspiro-batteur-kirby-generation-g6-g7-nl3158\/","title":{"rendered":"Buse large d&#8217;aspiro-batteur Kirby Generation G6\/G7"},"content":{"rendered":"<h2>Buse large d&#8217;aspiro-batteur Kirby Generation G6\/G7 &#8211; Nettoyage puissant pour tapis, moquettes et matelas<\/h2>\n<p>Lorsque vous recherchez un nettoyage en profondeur de vos tapis, moquettes ou matelas, la Buse large d&#8217;aspiro-batteur Kirby Generation G6\/G7 est la solution. D\u00e9velopp\u00e9e comme le brevet le plus puissant de Kirby, cette raclette large offre des r\u00e9sultats de nettoyage en profondeur in\u00e9gal\u00e9s. Sans utiliser de brosse, cet embout \u00e9limine sans effort la salet\u00e9, la poussi\u00e8re et les allerg\u00e8nes.<\/p>\n<p><strong>Cette brosse ne convient qu&#8217;\u00e0 l&#8217;aspirateur Kirby ci-dessous ;<\/strong><\/p>\n<ul>\n<li>Ultimate G Diamond Ed.(G7D or DE)<\/li>\n<li>Ultimate G (G7 or UG)<\/li>\n<li>Generation 6 (G6)<\/li>\n<\/ul>\n<p>Vous pouvez les commander ici<a href=\"https:\/\/www.veltec.eu\/fr\/?page_id=59143\"> Kirby Buse large d\u2019aspiro-batteur G5 pour Avalir<\/a><\/p>\n<h3>Pourquoi choisir la Buse large d&#8217;aspiro-batteur Kirby Generation G6\/G7 ?<\/h3>\n<p>La raclette large Kirby G\u00e9n\u00e9ration G6\/G7 est sp\u00e9cialement con\u00e7ue pour un nettoyage puissant des surfaces souples telles que les tapis et les moquettes. Gr\u00e2ce \u00e0 la technologie intelligente et \u00e0 la surface large, vous gagnez du temps pendant le nettoyage, tout en obtenant un r\u00e9sultat plus complet. Gr\u00e2ce au flux d&#8217;air parfait et \u00e0 l&#8217;aspiration puissante, les particules de salet\u00e9 sont extraites des fibres les plus profondes.<\/p>\n<ul>\n<li>Efficacit\u00e9 d&#8217;utilisation : le format large vous permet de nettoyer de plus grandes surfaces plus rapidement.<\/li>\n<li>Nettoyage en profondeur : id\u00e9al pour les m\u00e9nages avec des animaux domestiques ou des allergies.<\/li>\n<li>Sans brosse de battage : moins de bruit, moins d&#8217;usure et toujours d&#8217;excellentes performances.<\/li>\n<\/ul>\n<h3>Nettoyage en profondeur sans compromis<\/h3>\n<p>Ce qui distingue vraiment cette raclette Kirby, c&#8217;est le fait que vous n&#8217;avez pas besoin d&#8217;une brosse batteuse pour obtenir un nettoyage en profondeur. De nombreux utilisateurs pensent qu&#8217;une brosse est indispensable pour d\u00e9coller la salet\u00e9, mais ce n&#8217;est pas le cas avec le raclette large Kirby Generation G6\/G7. Gr\u00e2ce \u00e0 la puissance de l&#8217;aspiration, la poussi\u00e8re et les particules de salet\u00e9 sont litt\u00e9ralement arrach\u00e9es du tapis. Cet accessoire est donc particuli\u00e8rement adapt\u00e9 aux personnes souffrant d&#8217;allergies ou de probl\u00e8mes respiratoires.<\/p>\n<h3>Parfait pour \u00e9liminer les acariens des matelas<\/h3>\n<p>Les tapis ne sont pas les seuls \u00e0 b\u00e9n\u00e9ficier de cette buse puissante : les matelas peuvent \u00e9galement \u00eatre nettoy\u00e9s efficacement. Les acariens et autres contaminants microscopiques s&#8217;accumulent souvent dans les matelas. En utilisant r\u00e9guli\u00e8rement cette buse, vous r\u00e9duisez le risque de r\u00e9actions allergiques et augmentez l&#8217;hygi\u00e8ne dans votre maison. La buse s&#8217;adapte parfaitement aux mod\u00e8les Kirby Generation G6 et G7 et se connecte facilement sans accessoires suppl\u00e9mentaires.<\/p>\n<h2>R\u00e9sum\u00e9 : les avantages en un coup d&#8217;\u0153il<\/h2>\n<ul>\n<li>Sp\u00e9cifique pour Kirby Generation G6 et G7<\/li>\n<li>Pas besoin de brosse pour un nettoyage en profondeur<\/li>\n<li>Raclette large pour un nettoyage efficace<\/li>\n<li>Id\u00e9al pour les tapis, les moquettes et les matelas<\/li>\n<li>Tr\u00e8s adapt\u00e9 pour les personnes allergiques ou les animaux domestiques<\/li>\n<\/ul>\n<p>Etes-vous pr\u00eat pour une maison plus propre, plus fra\u00eeche et plus saine ? La raclette large Kirby Generation G6\/G7 est le choix id\u00e9al pour vous. Commandez d\u00e8s aujourd&#8217;hui et d\u00e9couvrez par vous-m\u00eame la puissance du design le plus r\u00e9fl\u00e9chi de Kirby.<\/p>\n","protected":false},"excerpt":{"rendered":"<p>Buse large d\u2019aspiro-batteur pour le nettoyage en profondeur de tapis et de moquette.<\/p>\n<p>Sans brosse \u00e0 battre Kirby.<\/p>\n[trustindex data-widget-id=e3bb80b24fa128098b960fc2439]\n<h3><span style=\"color: #008000;\"><br \/>\nEn stock<\/span><\/h3>\n[av_font_icon icon='ue812' font='entypo-fontello' style='' caption='' size='25px' position='left' color='#43ad66' link='' linktarget='' title_attr='' sonar_effect_effect='' sonar_effect_color='' sonar_effect_duration='1' sonar_effect_scale='' sonar_effect_opac='0.5' animation='' id='' custom_class='' template_class='' av_uid='' sc_version='1.0' admin_preview_bg=''][\/av_font_icon]\n<p><span style=\"color: #008000;\">Command\u00e9 23:59, exp\u00e9di\u00e9 demain<\/span><\/p>\n<p>&nbsp;<\/p>\n","protected":false},"featured_media":6159,"comment_status":"open","ping_status":"closed","template":"","meta":{"_acf_changed":false},"product_brand":[],"product_cat":[344],"product_tag":[],"class_list":{"0":"post-11995","1":"product","2":"type-product","3":"status-publish","4":"has-post-thumbnail","6":"product_cat-buse-batteuse-large-kirby","7":"product_shipping_class-klein-de-fr","9":"first","10":"instock","11":"sale","12":"taxable","13":"shipping-taxable","14":"purchasable","15":"product-type-simple"},"acf":[],"yoast_head":"<!-- This site is optimized with the Yoast SEO Premium plugin v27.1 (Yoast SEO v27.5) - https:\/\/yoast.com\/product\/yoast-seo-premium-wordpress\/ -->\n<title>Buse large d&#039;aspiro-batteur Kirby Generation G6\/G7 - Veltec Kirby specialist<\/title>\n<meta name=\"description\" content=\"Buse large d&#039;aspiro-batteur Kirby Generation G6\/G7 - Veltec est le fournisseur des aspirateurs Kirby depuis plus de 25 ans.\" \/>\n<meta name=\"robots\" content=\"index, follow, max-snippet:-1, max-image-preview:large, max-video-preview:-1\" \/>\n<link rel=\"canonical\" href=\"https:\/\/www.veltec.eu\/fr\/product\/buse-large-daspiro-batteur-kirby-generation-g6-g7-nl3158\/\" \/>\n<meta property=\"og:locale\" content=\"fr_FR\" \/>\n<meta property=\"og:type\" content=\"article\" \/>\n<meta property=\"og:title\" content=\"Buse large d&#039;aspiro-batteur Kirby Generation G6\/G7\" \/>\n<meta property=\"og:description\" content=\"Buse large d\u2019aspiro-batteur pour le nettoyage en profondeur de tapis et de moquette.  Sans brosse \u00e0 battre Kirby.    En stock   Command\u00e9 23:59, exp\u00e9di\u00e9 demain  &nbsp;\" \/>\n<meta property=\"og:url\" content=\"https:\/\/www.veltec.eu\/fr\/product\/buse-large-daspiro-batteur-kirby-generation-g6-g7-nl3158\/\" \/>\n<meta property=\"og:site_name\" content=\"Veltec Kirby specialist\" \/>\n<meta property=\"article:publisher\" content=\"https:\/\/www.facebook.com\/Veltec-Kirby-Specialist-236746293374877\/\" \/>\n<meta property=\"article:modified_time\" content=\"2025-04-10T09:54:34+00:00\" \/>\n<meta property=\"og:image\" content=\"https:\/\/www.veltec.eu\/wp-content\/uploads\/2018\/10\/Kirby-klopbzuigmond-86-t_m-g8.jpg\" \/>\n\t<meta property=\"og:image:width\" content=\"300\" \/>\n\t<meta property=\"og:image:height\" content=\"300\" \/>\n\t<meta property=\"og:image:type\" content=\"image\/jpeg\" \/>\n<meta name=\"twitter:card\" content=\"summary_large_image\" \/>\n<meta name=\"twitter:label1\" content=\"Dur\u00e9e de lecture estim\u00e9e\" \/>\n\t<meta name=\"twitter:data1\" content=\"3 minutes\" \/>\n<script type=\"application\/ld+json\" class=\"yoast-schema-graph\">{\"@context\":\"https:\\\/\\\/schema.org\",\"@graph\":[{\"@type\":\"WebPage\",\"@id\":\"https:\\\/\\\/www.veltec.eu\\\/fr\\\/product\\\/buse-large-daspiro-batteur-kirby-generation-g6-g7-nl3158\\\/\",\"url\":\"https:\\\/\\\/www.veltec.eu\\\/fr\\\/product\\\/buse-large-daspiro-batteur-kirby-generation-g6-g7-nl3158\\\/\",\"name\":\"Buse large d'aspiro-batteur Kirby Generation G6\\\/G7 - Veltec Kirby specialist\",\"isPartOf\":{\"@id\":\"https:\\\/\\\/www.veltec.eu\\\/en\\\/#website\"},\"primaryImageOfPage\":{\"@id\":\"https:\\\/\\\/www.veltec.eu\\\/fr\\\/product\\\/buse-large-daspiro-batteur-kirby-generation-g6-g7-nl3158\\\/#primaryimage\"},\"image\":{\"@id\":\"https:\\\/\\\/www.veltec.eu\\\/fr\\\/product\\\/buse-large-daspiro-batteur-kirby-generation-g6-g7-nl3158\\\/#primaryimage\"},\"thumbnailUrl\":\"https:\\\/\\\/www.veltec.eu\\\/wp-content\\\/uploads\\\/2018\\\/10\\\/Kirby-klopbzuigmond-86-t_m-g8.jpg\",\"datePublished\":\"2018-10-16T13:47:47+00:00\",\"dateModified\":\"2025-04-10T09:54:34+00:00\",\"description\":\"Buse large d'aspiro-batteur Kirby Generation G6\\\/G7 - Veltec est le fournisseur des aspirateurs Kirby depuis plus de 25 ans.\",\"breadcrumb\":{\"@id\":\"https:\\\/\\\/www.veltec.eu\\\/fr\\\/product\\\/buse-large-daspiro-batteur-kirby-generation-g6-g7-nl3158\\\/#breadcrumb\"},\"inLanguage\":\"fr-FR\",\"potentialAction\":[{\"@type\":\"ReadAction\",\"target\":[\"https:\\\/\\\/www.veltec.eu\\\/fr\\\/product\\\/buse-large-daspiro-batteur-kirby-generation-g6-g7-nl3158\\\/\"]}]},{\"@type\":\"ImageObject\",\"inLanguage\":\"fr-FR\",\"@id\":\"https:\\\/\\\/www.veltec.eu\\\/fr\\\/product\\\/buse-large-daspiro-batteur-kirby-generation-g6-g7-nl3158\\\/#primaryimage\",\"url\":\"https:\\\/\\\/www.veltec.eu\\\/wp-content\\\/uploads\\\/2018\\\/10\\\/Kirby-klopbzuigmond-86-t_m-g8.jpg\",\"contentUrl\":\"https:\\\/\\\/www.veltec.eu\\\/wp-content\\\/uploads\\\/2018\\\/10\\\/Kirby-klopbzuigmond-86-t_m-g8.jpg\",\"width\":300,\"height\":300,\"caption\":\"Kirby klopzuigmond\"},{\"@type\":\"BreadcrumbList\",\"@id\":\"https:\\\/\\\/www.veltec.eu\\\/fr\\\/product\\\/buse-large-daspiro-batteur-kirby-generation-g6-g7-nl3158\\\/#breadcrumb\",\"itemListElement\":[{\"@type\":\"ListItem\",\"position\":1,\"name\":\"Home\",\"item\":\"https:\\\/\\\/www.veltec.eu\\\/fr\\\/accueil\\\/\"},{\"@type\":\"ListItem\",\"position\":2,\"name\":\"Boutique Kirby\",\"item\":\"https:\\\/\\\/www.veltec.eu\\\/fr\\\/boutique-kirby\\\/\"},{\"@type\":\"ListItem\",\"position\":3,\"name\":\"Buse large d&#8217;aspiro-batteur Kirby Generation G6\\\/G7\"}]},{\"@type\":\"WebSite\",\"@id\":\"https:\\\/\\\/www.veltec.eu\\\/en\\\/#website\",\"url\":\"https:\\\/\\\/www.veltec.eu\\\/en\\\/\",\"name\":\"Veltec Kirby specialist\",\"description\":\"Kirby stofzuiger producten\",\"publisher\":{\"@id\":\"https:\\\/\\\/www.veltec.eu\\\/en\\\/#organization\"},\"potentialAction\":[{\"@type\":\"SearchAction\",\"target\":{\"@type\":\"EntryPoint\",\"urlTemplate\":\"https:\\\/\\\/www.veltec.eu\\\/en\\\/?s={search_term_string}\"},\"query-input\":{\"@type\":\"PropertyValueSpecification\",\"valueRequired\":true,\"valueName\":\"search_term_string\"}}],\"inLanguage\":\"fr-FR\"},{\"@type\":\"Organization\",\"@id\":\"https:\\\/\\\/www.veltec.eu\\\/en\\\/#organization\",\"name\":\"Veltec Kirby Specialist\",\"url\":\"https:\\\/\\\/www.veltec.eu\\\/en\\\/\",\"logo\":{\"@type\":\"ImageObject\",\"inLanguage\":\"fr-FR\",\"@id\":\"https:\\\/\\\/www.veltec.eu\\\/en\\\/#\\\/schema\\\/logo\\\/image\\\/\",\"url\":\"https:\\\/\\\/www.veltec.eu\\\/wp-content\\\/uploads\\\/2021\\\/12\\\/Veltec-log-groot-e1537260889125.png\",\"contentUrl\":\"https:\\\/\\\/www.veltec.eu\\\/wp-content\\\/uploads\\\/2021\\\/12\\\/Veltec-log-groot-e1537260889125.png\",\"width\":200,\"height\":60,\"caption\":\"Veltec Kirby Specialist\"},\"image\":{\"@id\":\"https:\\\/\\\/www.veltec.eu\\\/en\\\/#\\\/schema\\\/logo\\\/image\\\/\"},\"sameAs\":[\"https:\\\/\\\/www.facebook.com\\\/Veltec-Kirby-Specialist-236746293374877\\\/\",\"https:\\\/\\\/www.youtube.com\\\/user\\\/VeltecService\"]}]}<\/script>\n<!-- \/ Yoast SEO Premium plugin. -->","yoast_head_json":{"title":"Buse large d'aspiro-batteur Kirby Generation G6\/G7 - Veltec Kirby specialist","description":"Buse large d'aspiro-batteur Kirby Generation G6\/G7 - Veltec est le fournisseur des aspirateurs Kirby depuis plus de 25 ans.","robots":{"index":"index","follow":"follow","max-snippet":"max-snippet:-1","max-image-preview":"max-image-preview:large","max-video-preview":"max-video-preview:-1"},"canonical":"https:\/\/www.veltec.eu\/fr\/product\/buse-large-daspiro-batteur-kirby-generation-g6-g7-nl3158\/","og_locale":"fr_FR","og_type":"article","og_title":"Buse large d'aspiro-batteur Kirby Generation G6\/G7","og_description":"Buse large d\u2019aspiro-batteur pour le nettoyage en profondeur de tapis et de moquette.  Sans brosse \u00e0 battre Kirby.    En stock   Command\u00e9 23:59, exp\u00e9di\u00e9 demain  &nbsp;","og_url":"https:\/\/www.veltec.eu\/fr\/product\/buse-large-daspiro-batteur-kirby-generation-g6-g7-nl3158\/","og_site_name":"Veltec Kirby specialist","article_publisher":"https:\/\/www.facebook.com\/Veltec-Kirby-Specialist-236746293374877\/","article_modified_time":"2025-04-10T09:54:34+00:00","og_image":[{"width":300,"height":300,"url":"https:\/\/www.veltec.eu\/wp-content\/uploads\/2018\/10\/Kirby-klopbzuigmond-86-t_m-g8.jpg","type":"image\/jpeg"}],"twitter_card":"summary_large_image","twitter_misc":{"Dur\u00e9e de lecture estim\u00e9e":"3 minutes"},"schema":{"@context":"https:\/\/schema.org","@graph":[{"@type":"WebPage","@id":"https:\/\/www.veltec.eu\/fr\/product\/buse-large-daspiro-batteur-kirby-generation-g6-g7-nl3158\/","url":"https:\/\/www.veltec.eu\/fr\/product\/buse-large-daspiro-batteur-kirby-generation-g6-g7-nl3158\/","name":"Buse large d'aspiro-batteur Kirby Generation G6\/G7 - Veltec Kirby specialist","isPartOf":{"@id":"https:\/\/www.veltec.eu\/en\/#website"},"primaryImageOfPage":{"@id":"https:\/\/www.veltec.eu\/fr\/product\/buse-large-daspiro-batteur-kirby-generation-g6-g7-nl3158\/#primaryimage"},"image":{"@id":"https:\/\/www.veltec.eu\/fr\/product\/buse-large-daspiro-batteur-kirby-generation-g6-g7-nl3158\/#primaryimage"},"thumbnailUrl":"https:\/\/www.veltec.eu\/wp-content\/uploads\/2018\/10\/Kirby-klopbzuigmond-86-t_m-g8.jpg","datePublished":"2018-10-16T13:47:47+00:00","dateModified":"2025-04-10T09:54:34+00:00","description":"Buse large d'aspiro-batteur Kirby Generation G6\/G7 - Veltec est le fournisseur des aspirateurs Kirby depuis plus de 25 ans.","breadcrumb":{"@id":"https:\/\/www.veltec.eu\/fr\/product\/buse-large-daspiro-batteur-kirby-generation-g6-g7-nl3158\/#breadcrumb"},"inLanguage":"fr-FR","potentialAction":[{"@type":"ReadAction","target":["https:\/\/www.veltec.eu\/fr\/product\/buse-large-daspiro-batteur-kirby-generation-g6-g7-nl3158\/"]}]},{"@type":"ImageObject","inLanguage":"fr-FR","@id":"https:\/\/www.veltec.eu\/fr\/product\/buse-large-daspiro-batteur-kirby-generation-g6-g7-nl3158\/#primaryimage","url":"https:\/\/www.veltec.eu\/wp-content\/uploads\/2018\/10\/Kirby-klopbzuigmond-86-t_m-g8.jpg","contentUrl":"https:\/\/www.veltec.eu\/wp-content\/uploads\/2018\/10\/Kirby-klopbzuigmond-86-t_m-g8.jpg","width":300,"height":300,"caption":"Kirby klopzuigmond"},{"@type":"BreadcrumbList","@id":"https:\/\/www.veltec.eu\/fr\/product\/buse-large-daspiro-batteur-kirby-generation-g6-g7-nl3158\/#breadcrumb","itemListElement":[{"@type":"ListItem","position":1,"name":"Home","item":"https:\/\/www.veltec.eu\/fr\/accueil\/"},{"@type":"ListItem","position":2,"name":"Boutique Kirby","item":"https:\/\/www.veltec.eu\/fr\/boutique-kirby\/"},{"@type":"ListItem","position":3,"name":"Buse large d&#8217;aspiro-batteur Kirby Generation G6\/G7"}]},{"@type":"WebSite","@id":"https:\/\/www.veltec.eu\/en\/#website","url":"https:\/\/www.veltec.eu\/en\/","name":"Veltec Kirby specialist","description":"Kirby stofzuiger producten","publisher":{"@id":"https:\/\/www.veltec.eu\/en\/#organization"},"potentialAction":[{"@type":"SearchAction","target":{"@type":"EntryPoint","urlTemplate":"https:\/\/www.veltec.eu\/en\/?s={search_term_string}"},"query-input":{"@type":"PropertyValueSpecification","valueRequired":true,"valueName":"search_term_string"}}],"inLanguage":"fr-FR"},{"@type":"Organization","@id":"https:\/\/www.veltec.eu\/en\/#organization","name":"Veltec Kirby Specialist","url":"https:\/\/www.veltec.eu\/en\/","logo":{"@type":"ImageObject","inLanguage":"fr-FR","@id":"https:\/\/www.veltec.eu\/en\/#\/schema\/logo\/image\/","url":"https:\/\/www.veltec.eu\/wp-content\/uploads\/2021\/12\/Veltec-log-groot-e1537260889125.png","contentUrl":"https:\/\/www.veltec.eu\/wp-content\/uploads\/2021\/12\/Veltec-log-groot-e1537260889125.png","width":200,"height":60,"caption":"Veltec Kirby Specialist"},"image":{"@id":"https:\/\/www.veltec.eu\/en\/#\/schema\/logo\/image\/"},"sameAs":["https:\/\/www.facebook.com\/Veltec-Kirby-Specialist-236746293374877\/","https:\/\/www.youtube.com\/user\/VeltecService"]}]}},"_links":{"self":[{"href":"https:\/\/www.veltec.eu\/fr\/wp-json\/wp\/v2\/product\/11995","targetHints":{"allow":["GET"]}}],"collection":[{"href":"https:\/\/www.veltec.eu\/fr\/wp-json\/wp\/v2\/product"}],"about":[{"href":"https:\/\/www.veltec.eu\/fr\/wp-json\/wp\/v2\/types\/product"}],"replies":[{"embeddable":true,"href":"https:\/\/www.veltec.eu\/fr\/wp-json\/wp\/v2\/comments?post=11995"}],"wp:featuredmedia":[{"embeddable":true,"href":"https:\/\/www.veltec.eu\/fr\/wp-json\/wp\/v2\/media\/6159"}],"wp:attachment":[{"href":"https:\/\/www.veltec.eu\/fr\/wp-json\/wp\/v2\/media?parent=11995"}],"wp:term":[{"taxonomy":"product_brand","embeddable":true,"href":"https:\/\/www.veltec.eu\/fr\/wp-json\/wp\/v2\/product_brand?post=11995"},{"taxonomy":"product_cat","embeddable":true,"href":"https:\/\/www.veltec.eu\/fr\/wp-json\/wp\/v2\/product_cat?post=11995"},{"taxonomy":"product_tag","embeddable":true,"href":"https:\/\/www.veltec.eu\/fr\/wp-json\/wp\/v2\/product_tag?post=11995"}],"curies":[{"name":"wp","href":"https:\/\/api.w.org\/{rel}","templated":true}]}}