{"id":11990,"date":"2018-10-16T15:58:00","date_gmt":"2018-10-16T13:58:00","guid":{"rendered":"https:\/\/www.veltec.eu\/kirby-webshop\/buse-large-daspiro-batteur-s-nl3034\/"},"modified":"2025-04-10T13:20:07","modified_gmt":"2025-04-10T11:20:07","slug":"kirby-buse-large-daspiro-batteur-kirby-sentria-avalir-nl3034","status":"publish","type":"product","link":"https:\/\/www.veltec.eu\/fr\/product\/kirby-buse-large-daspiro-batteur-kirby-sentria-avalir-nl3034\/","title":{"rendered":"Kirby Buse large d&#8217;aspiro-batteur Kirby Sentria\/Avalir"},"content":{"rendered":"<h2>Kirby Buse large d&#8217;aspiro-batteur Kirby Sentria\/Avalir &#8211; Nettoyage professionnel en profondeur de votre int\u00e9rieur<\/h2>\n<p>Vous cherchez un moyen efficace de nettoyer en profondeur vos matelas, tapis ou moquettes ? Le Kirby Buse large d&#8217;aspiro-batteur Kirby Sentria\/Avalir est l&#8217;extension id\u00e9ale pour votre aspirateur Kirby. Ce puissant suceur est sp\u00e9cialement con\u00e7u pour le nettoyage en profondeur et offre une exp\u00e9rience de nettoyage professionnel qui va au-del\u00e0 des aspirateurs ordinaires.<\/p>\n<p>Gr\u00e2ce \u00e0 la combinaison du battage et de l&#8217;aspiration, cet accessoire \u00e9limine sans effort la poussi\u00e8re, les allerg\u00e8nes et la salet\u00e9 en profondeur des tissus d&#8217;ameublement et des tapis. Cela permet non seulement d&#8217;am\u00e9liorer l&#8217;hygi\u00e8ne, mais aussi de prolonger la dur\u00e9e de vie de vos textiles.<\/p>\n<p>Vous pouvez le commander ici <a href=\"https:\/\/www.veltec.eu\/fr\/kirby-buse-large-daspiro-batteur\/\">Kirby Buse large d\u2019aspiro-batteur G5 to Avalir<\/a><\/p>\n<p><strong>Ce brosse batteuse convient uniquement \u00e0 l&#8217;aspirateur Kirby ci-dessous ;<\/strong><\/p>\n<ul>\n<li>Avalir<\/li>\n<li>Sentria II (G10D)<\/li>\n<li>Sentria (G10)<\/li>\n<\/ul>\n<h2>Pourquoi choisir la Kirby Buse large d&#8217;aspiro-batteur Kirby Sentria\/Avalir ?<\/h2>\n<h3>Un nettoyage en profondeur qui se remarque vraiment<\/h3>\n<p>Cette raclette se distingue par son action puissante, comparable \u00e0 celle des nettoyeurs de tapis professionnels. Contrairement aux buses standard, cet appareil frappe et aspire r\u00e9ellement la salet\u00e9 dans la profondeur du mat\u00e9riau. Elle est donc id\u00e9ale pour :<\/p>\n<ul>\n<li>Les matelas<\/li>\n<li>Les tapis<\/li>\n<li>Les moquettes<\/li>\n<li>Les tissus d&#8217;ameublement tels que les canap\u00e9s et les chaises<\/li>\n<\/ul>\n<p>Vous obtenez ainsi non seulement un r\u00e9sultat visiblement plus propre, mais vous contribuez \u00e9galement \u00e0 un environnement int\u00e9rieur plus sain.<\/p>\n<h3>Pr\u00e9vient l&#8217;usure des tissus d&#8217;ameublement<\/h3>\n<p>Le grand avantage de la raclette large Kirby Sentria\/Avalir est qu&#8217;elle m\u00e9nage le tissu, tout en le nettoyant en profondeur. Cela permet d&#8217;\u00e9viter l&#8217;usure excessive qui se produit souvent avec des m\u00e9thodes de nettoyage agressives ou des accessoires moins adapt\u00e9s. De plus, elle est facile \u00e0 utiliser et permet d&#8217;obtenir des r\u00e9sultats rapides sans r\u00e9glages compliqu\u00e9s.<\/p>\n<h2>Compatibilit\u00e9 et installation Kirby Buse large d&#8217;aspiro-batteur Kirby Sentria\/Avalir<\/h2>\n<p>La Kirby Buse d&#8217;aspiration large est sp\u00e9cialement con\u00e7ue pour les mod\u00e8les Kirby Sentria et Kirby Avalir. Vous pouvez donc \u00eatre s\u00fbr que cet accessoire s&#8217;adapte parfaitement \u00e0 votre syst\u00e8me. De plus, l&#8217;installation est simple : vous cliquez la buse directement sur l&#8217;appareil, sans outils suppl\u00e9mentaires. Vous pouvez ainsi commencer imm\u00e9diatement votre travail de nettoyage.<\/p>\n<h2>Convient \u00e0 un usage intensif et aux mat\u00e9riaux sensibles<\/h2>\n<p>La raclette \u00e9tant con\u00e7ue pour les surfaces dures et souples, elle convient \u00e0 la fois aux s\u00e9ances de nettoyage intensives et \u00e0 l&#8217;entretien des tissus d\u00e9licats. Cela en fait un excellent investissement pour les personnes souffrant d&#8217;allergies, les animaux domestiques ou les enfants, qui b\u00e9n\u00e9ficieraient d&#8217;un environnement de vie encore plus propre.<\/p>\n<h2>Conclusion : le compl\u00e9ment parfait pour votre Kirby<\/h2>\n<p>En r\u00e9sum\u00e9, le Kirby Buse d&#8217;aspiration large Sentria\/Avalir est une extension indispensable pour tous ceux qui veulent tirer le meilleur parti de leur aspirateur Kirby. Avec cet accessoire, vous ne nettoyez pas seulement plus efficacement, mais vous assurez \u00e9galement un nettoyage plus profond qui contribue \u00e0 la fois \u00e0 l&#8217;hygi\u00e8ne et \u00e0 la durabilit\u00e9 de votre int\u00e9rieur.<\/p>\n<p>N&#8217;attendez plus et d\u00e9couvrez par vous-m\u00eame la diff\u00e9rence d&#8217;une maison nettoy\u00e9e par des professionnels, simplement avec votre aspirateur Kirby.<\/p>\n","protected":false},"excerpt":{"rendered":"<p>Buse large d\u2019aspiro-batteur pour le nettoyage en profondeur de tapis et de moquette.<\/p>\n<p>Sans brosse \u00e0 battre Kirby.<\/p>\n[trustindex data-widget-id=e3bb80b24fa128098b960fc2439]\n<h3><span style=\"color: #008000;\"><br \/>\nEn stock<\/span><\/h3>\n[av_font_icon icon='ue812' font='entypo-fontello' style='' caption='' size='25px' position='left' color='#43ad66' link='' linktarget='' title_attr='' sonar_effect_effect='' sonar_effect_color='' sonar_effect_duration='1' sonar_effect_scale='' sonar_effect_opac='0.5' animation='' id='' custom_class='' template_class='' av_uid='' sc_version='1.0' admin_preview_bg=''][\/av_font_icon]\n<p><span style=\"color: #008000;\">Command\u00e9 23:59, exp\u00e9di\u00e9 demain<\/span><\/p>\n<p>&nbsp;<\/p>\n","protected":false},"featured_media":6174,"comment_status":"open","ping_status":"closed","template":"","meta":{"_acf_changed":false},"product_brand":[],"product_cat":[344],"product_tag":[],"class_list":{"0":"post-11990","1":"product","2":"type-product","3":"status-publish","4":"has-post-thumbnail","6":"product_cat-buse-batteuse-large-kirby","7":"product_shipping_class-klein-de-fr","9":"first","10":"instock","11":"sale","12":"taxable","13":"shipping-taxable","14":"purchasable","15":"product-type-simple"},"acf":[],"yoast_head":"<!-- This site is optimized with the Yoast SEO Premium plugin v27.1 (Yoast SEO v27.4) - https:\/\/yoast.com\/product\/yoast-seo-premium-wordpress\/ -->\n<title>Kirby Buse large d&#039;aspiro-batteur Kirby Sentria\/Avalir - Veltec Kirby specialist<\/title>\n<meta name=\"description\" content=\"Kirby Buse large d&#039;aspiro-batteur Kirby Sentria\/Avalir - Veltec est le fournisseur des aspirateurs Kirby depuis plus de 25 ans.\" \/>\n<meta name=\"robots\" content=\"index, follow, max-snippet:-1, max-image-preview:large, max-video-preview:-1\" \/>\n<link rel=\"canonical\" href=\"https:\/\/www.veltec.eu\/fr\/product\/kirby-buse-large-daspiro-batteur-kirby-sentria-avalir-nl3034\/\" \/>\n<meta property=\"og:locale\" content=\"fr_FR\" \/>\n<meta property=\"og:type\" content=\"article\" \/>\n<meta property=\"og:title\" content=\"Kirby Buse large d&#039;aspiro-batteur Kirby Sentria\/Avalir\" \/>\n<meta property=\"og:description\" content=\"Buse large d\u2019aspiro-batteur pour le nettoyage en profondeur de tapis et de moquette.  Sans brosse \u00e0 battre Kirby.    En stock   Command\u00e9 23:59, exp\u00e9di\u00e9 demain  &nbsp;\" \/>\n<meta property=\"og:url\" content=\"https:\/\/www.veltec.eu\/fr\/product\/kirby-buse-large-daspiro-batteur-kirby-sentria-avalir-nl3034\/\" \/>\n<meta property=\"og:site_name\" content=\"Veltec Kirby specialist\" \/>\n<meta property=\"article:publisher\" content=\"https:\/\/www.facebook.com\/Veltec-Kirby-Specialist-236746293374877\/\" \/>\n<meta property=\"article:modified_time\" content=\"2025-04-10T11:20:07+00:00\" \/>\n<meta property=\"og:image\" content=\"https:\/\/www.veltec.eu\/wp-content\/uploads\/2018\/10\/Brede-klopzuigmond-Sentra.jpg\" \/>\n\t<meta property=\"og:image:width\" content=\"300\" \/>\n\t<meta property=\"og:image:height\" content=\"300\" \/>\n\t<meta property=\"og:image:type\" content=\"image\/jpeg\" \/>\n<meta name=\"twitter:card\" content=\"summary_large_image\" \/>\n<meta name=\"twitter:label1\" content=\"Dur\u00e9e de lecture estim\u00e9e\" \/>\n\t<meta name=\"twitter:data1\" content=\"3 minutes\" \/>\n<script type=\"application\/ld+json\" class=\"yoast-schema-graph\">{\"@context\":\"https:\\\/\\\/schema.org\",\"@graph\":[{\"@type\":\"WebPage\",\"@id\":\"https:\\\/\\\/www.veltec.eu\\\/fr\\\/product\\\/kirby-buse-large-daspiro-batteur-kirby-sentria-avalir-nl3034\\\/\",\"url\":\"https:\\\/\\\/www.veltec.eu\\\/fr\\\/product\\\/kirby-buse-large-daspiro-batteur-kirby-sentria-avalir-nl3034\\\/\",\"name\":\"Kirby Buse large d'aspiro-batteur Kirby Sentria\\\/Avalir - Veltec Kirby specialist\",\"isPartOf\":{\"@id\":\"https:\\\/\\\/www.veltec.eu\\\/en\\\/#website\"},\"primaryImageOfPage\":{\"@id\":\"https:\\\/\\\/www.veltec.eu\\\/fr\\\/product\\\/kirby-buse-large-daspiro-batteur-kirby-sentria-avalir-nl3034\\\/#primaryimage\"},\"image\":{\"@id\":\"https:\\\/\\\/www.veltec.eu\\\/fr\\\/product\\\/kirby-buse-large-daspiro-batteur-kirby-sentria-avalir-nl3034\\\/#primaryimage\"},\"thumbnailUrl\":\"https:\\\/\\\/www.veltec.eu\\\/wp-content\\\/uploads\\\/2018\\\/10\\\/Brede-klopzuigmond-Sentra.jpg\",\"datePublished\":\"2018-10-16T13:58:00+00:00\",\"dateModified\":\"2025-04-10T11:20:07+00:00\",\"description\":\"Kirby Buse large d'aspiro-batteur Kirby Sentria\\\/Avalir - Veltec est le fournisseur des aspirateurs Kirby depuis plus de 25 ans.\",\"breadcrumb\":{\"@id\":\"https:\\\/\\\/www.veltec.eu\\\/fr\\\/product\\\/kirby-buse-large-daspiro-batteur-kirby-sentria-avalir-nl3034\\\/#breadcrumb\"},\"inLanguage\":\"fr-FR\",\"potentialAction\":[{\"@type\":\"ReadAction\",\"target\":[\"https:\\\/\\\/www.veltec.eu\\\/fr\\\/product\\\/kirby-buse-large-daspiro-batteur-kirby-sentria-avalir-nl3034\\\/\"]}]},{\"@type\":\"ImageObject\",\"inLanguage\":\"fr-FR\",\"@id\":\"https:\\\/\\\/www.veltec.eu\\\/fr\\\/product\\\/kirby-buse-large-daspiro-batteur-kirby-sentria-avalir-nl3034\\\/#primaryimage\",\"url\":\"https:\\\/\\\/www.veltec.eu\\\/wp-content\\\/uploads\\\/2018\\\/10\\\/Brede-klopzuigmond-Sentra.jpg\",\"contentUrl\":\"https:\\\/\\\/www.veltec.eu\\\/wp-content\\\/uploads\\\/2018\\\/10\\\/Brede-klopzuigmond-Sentra.jpg\",\"width\":300,\"height\":300,\"caption\":\"Kirby klopzuigmond Sentra\"},{\"@type\":\"BreadcrumbList\",\"@id\":\"https:\\\/\\\/www.veltec.eu\\\/fr\\\/product\\\/kirby-buse-large-daspiro-batteur-kirby-sentria-avalir-nl3034\\\/#breadcrumb\",\"itemListElement\":[{\"@type\":\"ListItem\",\"position\":1,\"name\":\"Home\",\"item\":\"https:\\\/\\\/www.veltec.eu\\\/fr\\\/\"},{\"@type\":\"ListItem\",\"position\":2,\"name\":\"Boutique Kirby\",\"item\":\"https:\\\/\\\/www.veltec.eu\\\/fr\\\/boutique-kirby\\\/\"},{\"@type\":\"ListItem\",\"position\":3,\"name\":\"Kirby Buse large d&#8217;aspiro-batteur Kirby Sentria\\\/Avalir\"}]},{\"@type\":\"WebSite\",\"@id\":\"https:\\\/\\\/www.veltec.eu\\\/en\\\/#website\",\"url\":\"https:\\\/\\\/www.veltec.eu\\\/en\\\/\",\"name\":\"Veltec Kirby specialist\",\"description\":\"Kirby stofzuiger producten\",\"publisher\":{\"@id\":\"https:\\\/\\\/www.veltec.eu\\\/en\\\/#organization\"},\"potentialAction\":[{\"@type\":\"SearchAction\",\"target\":{\"@type\":\"EntryPoint\",\"urlTemplate\":\"https:\\\/\\\/www.veltec.eu\\\/en\\\/?s={search_term_string}\"},\"query-input\":{\"@type\":\"PropertyValueSpecification\",\"valueRequired\":true,\"valueName\":\"search_term_string\"}}],\"inLanguage\":\"fr-FR\"},{\"@type\":\"Organization\",\"@id\":\"https:\\\/\\\/www.veltec.eu\\\/en\\\/#organization\",\"name\":\"Veltec Kirby Specialist\",\"url\":\"https:\\\/\\\/www.veltec.eu\\\/en\\\/\",\"logo\":{\"@type\":\"ImageObject\",\"inLanguage\":\"fr-FR\",\"@id\":\"https:\\\/\\\/www.veltec.eu\\\/en\\\/#\\\/schema\\\/logo\\\/image\\\/\",\"url\":\"https:\\\/\\\/www.veltec.eu\\\/wp-content\\\/uploads\\\/2021\\\/12\\\/Veltec-log-groot-e1537260889125.png\",\"contentUrl\":\"https:\\\/\\\/www.veltec.eu\\\/wp-content\\\/uploads\\\/2021\\\/12\\\/Veltec-log-groot-e1537260889125.png\",\"width\":200,\"height\":60,\"caption\":\"Veltec Kirby Specialist\"},\"image\":{\"@id\":\"https:\\\/\\\/www.veltec.eu\\\/en\\\/#\\\/schema\\\/logo\\\/image\\\/\"},\"sameAs\":[\"https:\\\/\\\/www.facebook.com\\\/Veltec-Kirby-Specialist-236746293374877\\\/\",\"https:\\\/\\\/www.youtube.com\\\/user\\\/VeltecService\"]}]}<\/script>\n<!-- \/ Yoast SEO Premium plugin. -->","yoast_head_json":{"title":"Kirby Buse large d'aspiro-batteur Kirby Sentria\/Avalir - Veltec Kirby specialist","description":"Kirby Buse large d'aspiro-batteur Kirby Sentria\/Avalir - Veltec est le fournisseur des aspirateurs Kirby depuis plus de 25 ans.","robots":{"index":"index","follow":"follow","max-snippet":"max-snippet:-1","max-image-preview":"max-image-preview:large","max-video-preview":"max-video-preview:-1"},"canonical":"https:\/\/www.veltec.eu\/fr\/product\/kirby-buse-large-daspiro-batteur-kirby-sentria-avalir-nl3034\/","og_locale":"fr_FR","og_type":"article","og_title":"Kirby Buse large d'aspiro-batteur Kirby Sentria\/Avalir","og_description":"Buse large d\u2019aspiro-batteur pour le nettoyage en profondeur de tapis et de moquette.  Sans brosse \u00e0 battre Kirby.    En stock   Command\u00e9 23:59, exp\u00e9di\u00e9 demain  &nbsp;","og_url":"https:\/\/www.veltec.eu\/fr\/product\/kirby-buse-large-daspiro-batteur-kirby-sentria-avalir-nl3034\/","og_site_name":"Veltec Kirby specialist","article_publisher":"https:\/\/www.facebook.com\/Veltec-Kirby-Specialist-236746293374877\/","article_modified_time":"2025-04-10T11:20:07+00:00","og_image":[{"width":300,"height":300,"url":"https:\/\/www.veltec.eu\/wp-content\/uploads\/2018\/10\/Brede-klopzuigmond-Sentra.jpg","type":"image\/jpeg"}],"twitter_card":"summary_large_image","twitter_misc":{"Dur\u00e9e de lecture estim\u00e9e":"3 minutes"},"schema":{"@context":"https:\/\/schema.org","@graph":[{"@type":"WebPage","@id":"https:\/\/www.veltec.eu\/fr\/product\/kirby-buse-large-daspiro-batteur-kirby-sentria-avalir-nl3034\/","url":"https:\/\/www.veltec.eu\/fr\/product\/kirby-buse-large-daspiro-batteur-kirby-sentria-avalir-nl3034\/","name":"Kirby Buse large d'aspiro-batteur Kirby Sentria\/Avalir - Veltec Kirby specialist","isPartOf":{"@id":"https:\/\/www.veltec.eu\/en\/#website"},"primaryImageOfPage":{"@id":"https:\/\/www.veltec.eu\/fr\/product\/kirby-buse-large-daspiro-batteur-kirby-sentria-avalir-nl3034\/#primaryimage"},"image":{"@id":"https:\/\/www.veltec.eu\/fr\/product\/kirby-buse-large-daspiro-batteur-kirby-sentria-avalir-nl3034\/#primaryimage"},"thumbnailUrl":"https:\/\/www.veltec.eu\/wp-content\/uploads\/2018\/10\/Brede-klopzuigmond-Sentra.jpg","datePublished":"2018-10-16T13:58:00+00:00","dateModified":"2025-04-10T11:20:07+00:00","description":"Kirby Buse large d'aspiro-batteur Kirby Sentria\/Avalir - Veltec est le fournisseur des aspirateurs Kirby depuis plus de 25 ans.","breadcrumb":{"@id":"https:\/\/www.veltec.eu\/fr\/product\/kirby-buse-large-daspiro-batteur-kirby-sentria-avalir-nl3034\/#breadcrumb"},"inLanguage":"fr-FR","potentialAction":[{"@type":"ReadAction","target":["https:\/\/www.veltec.eu\/fr\/product\/kirby-buse-large-daspiro-batteur-kirby-sentria-avalir-nl3034\/"]}]},{"@type":"ImageObject","inLanguage":"fr-FR","@id":"https:\/\/www.veltec.eu\/fr\/product\/kirby-buse-large-daspiro-batteur-kirby-sentria-avalir-nl3034\/#primaryimage","url":"https:\/\/www.veltec.eu\/wp-content\/uploads\/2018\/10\/Brede-klopzuigmond-Sentra.jpg","contentUrl":"https:\/\/www.veltec.eu\/wp-content\/uploads\/2018\/10\/Brede-klopzuigmond-Sentra.jpg","width":300,"height":300,"caption":"Kirby klopzuigmond Sentra"},{"@type":"BreadcrumbList","@id":"https:\/\/www.veltec.eu\/fr\/product\/kirby-buse-large-daspiro-batteur-kirby-sentria-avalir-nl3034\/#breadcrumb","itemListElement":[{"@type":"ListItem","position":1,"name":"Home","item":"https:\/\/www.veltec.eu\/fr\/"},{"@type":"ListItem","position":2,"name":"Boutique Kirby","item":"https:\/\/www.veltec.eu\/fr\/boutique-kirby\/"},{"@type":"ListItem","position":3,"name":"Kirby Buse large d&#8217;aspiro-batteur Kirby Sentria\/Avalir"}]},{"@type":"WebSite","@id":"https:\/\/www.veltec.eu\/en\/#website","url":"https:\/\/www.veltec.eu\/en\/","name":"Veltec Kirby specialist","description":"Kirby stofzuiger producten","publisher":{"@id":"https:\/\/www.veltec.eu\/en\/#organization"},"potentialAction":[{"@type":"SearchAction","target":{"@type":"EntryPoint","urlTemplate":"https:\/\/www.veltec.eu\/en\/?s={search_term_string}"},"query-input":{"@type":"PropertyValueSpecification","valueRequired":true,"valueName":"search_term_string"}}],"inLanguage":"fr-FR"},{"@type":"Organization","@id":"https:\/\/www.veltec.eu\/en\/#organization","name":"Veltec Kirby Specialist","url":"https:\/\/www.veltec.eu\/en\/","logo":{"@type":"ImageObject","inLanguage":"fr-FR","@id":"https:\/\/www.veltec.eu\/en\/#\/schema\/logo\/image\/","url":"https:\/\/www.veltec.eu\/wp-content\/uploads\/2021\/12\/Veltec-log-groot-e1537260889125.png","contentUrl":"https:\/\/www.veltec.eu\/wp-content\/uploads\/2021\/12\/Veltec-log-groot-e1537260889125.png","width":200,"height":60,"caption":"Veltec Kirby Specialist"},"image":{"@id":"https:\/\/www.veltec.eu\/en\/#\/schema\/logo\/image\/"},"sameAs":["https:\/\/www.facebook.com\/Veltec-Kirby-Specialist-236746293374877\/","https:\/\/www.youtube.com\/user\/VeltecService"]}]}},"_links":{"self":[{"href":"https:\/\/www.veltec.eu\/fr\/wp-json\/wp\/v2\/product\/11990","targetHints":{"allow":["GET"]}}],"collection":[{"href":"https:\/\/www.veltec.eu\/fr\/wp-json\/wp\/v2\/product"}],"about":[{"href":"https:\/\/www.veltec.eu\/fr\/wp-json\/wp\/v2\/types\/product"}],"replies":[{"embeddable":true,"href":"https:\/\/www.veltec.eu\/fr\/wp-json\/wp\/v2\/comments?post=11990"}],"wp:featuredmedia":[{"embeddable":true,"href":"https:\/\/www.veltec.eu\/fr\/wp-json\/wp\/v2\/media\/6174"}],"wp:attachment":[{"href":"https:\/\/www.veltec.eu\/fr\/wp-json\/wp\/v2\/media?parent=11990"}],"wp:term":[{"taxonomy":"product_brand","embeddable":true,"href":"https:\/\/www.veltec.eu\/fr\/wp-json\/wp\/v2\/product_brand?post=11990"},{"taxonomy":"product_cat","embeddable":true,"href":"https:\/\/www.veltec.eu\/fr\/wp-json\/wp\/v2\/product_cat?post=11990"},{"taxonomy":"product_tag","embeddable":true,"href":"https:\/\/www.veltec.eu\/fr\/wp-json\/wp\/v2\/product_tag?post=11990"}],"curies":[{"name":"wp","href":"https:\/\/api.w.org\/{rel}","templated":true}]}}