{"id":11985,"date":"2018-10-16T16:02:45","date_gmt":"2018-10-16T14:02:45","guid":{"rendered":"https:\/\/www.veltec.eu\/kirby-webshop\/kirby-brede-klopzuigmond-g4\/"},"modified":"2025-03-19T15:58:10","modified_gmt":"2025-03-19T13:58:10","slug":"kirby-buse-daspiration-large-generation-g3-g4","status":"publish","type":"product","link":"https:\/\/www.veltec.eu\/fr\/product\/kirby-buse-daspiration-large-generation-g3-g4\/","title":{"rendered":"Kirby Buse d\u2019aspiration large G\u00e9n\u00e9ration G3\/G4"},"content":{"rendered":"<h1>Kirby Buse d\u2019aspiration large G\u00e9n\u00e9ration G3\/G4<\/h1>\n<p>Kirby Buse d&#8217;aspiration large G\u00e9n\u00e9ration G3\/G4 pour le nettoyage en profondeur des tapis et moquettes. Convient \u00e9galement pour \u00e9liminer les acariens des matelas.<br \/>\nSans brosse d&#8217;aspiration Kirby<br \/>\n(Vous pouvez commander la <a href=\"https:\/\/www.veltec.eu\/fr\/categorie\/kirby-buse-large-daspiro-batteur\/\">brosse \u00e0 battre Kirby G3 et G4<\/a> ici).<\/p>\n<p>Cette brosse ne convient qu&#8217;\u00e0 l&#8217;aspirateur Kirby ci-dessous ;<\/p>\n<ul>\n<li>Kirby G\u00e9n\u00e9ration 4<\/li>\n<li>Kirby G\u00e9n\u00e9ration 3<\/li>\n<\/ul>\n<h2>D\u00e9couvrez la puissance de la Kirby Buse d\u2019aspiration large G\u00e9n\u00e9ration G3\/G4<\/h2>\n<p>Si vous cherchez un moyen efficace de nettoyer en profondeur vos tapis et moquettes, le suceur large est exactement ce qu&#8217;il vous faut. Ce suceur large est sp\u00e9cialement con\u00e7u pour le nettoyage intensif des tapis, des moquettes et m\u00eame des matelas. Gr\u00e2ce \u00e0 sa conception intelligente, vous \u00e9liminerez sans effort la salet\u00e9, la poussi\u00e8re et les acariens. Dans cet article, vous d\u00e9couvrirez pourquoi ce suceur est indispensable \u00e0 votre m\u00e9nage et pourquoi il constitue un excellent compl\u00e9ment \u00e0 votre aspirateur Kirby.<\/p>\n<h2>Pourquoi choisir le Kirby Buse d\u2019aspiration large G\u00e9n\u00e9ration G3\/G4 ?<\/h2>\n<h3>Nettoyage en profondeur des tapis et moquettes<\/h3>\n<p>Tout d&#8217;abord, la raclette large est con\u00e7ue pour \u00e9liminer en profondeur la salet\u00e9 emprisonn\u00e9e dans votre tapis ou votre moquette. Cela permet non seulement de garder vos tapis plus propres, mais aussi de les faire durer plus longtemps. En outre, la raclette large offre une plus grande port\u00e9e, ce qui vous permet de terminer le nettoyage plus rapidement. Ce n&#8217;est donc pas pour rien que cette raclette est consid\u00e9r\u00e9e comme indispensable par de nombreux m\u00e9nages.<\/p>\n<h3>Kirby Buse d\u2019aspiration large G\u00e9n\u00e9ration G3\/G4 efficace contre les acariens<\/h3>\n<p>En outre, ce suceur batteur ne convient pas uniquement aux tapis. Vous pouvez \u00e9galement l&#8217;utiliser pour \u00e9liminer les acariens et les allerg\u00e8nes des matelas. Ceci est particuli\u00e8rement important pour les personnes souffrant d&#8217;allergies. En nettoyant r\u00e9guli\u00e8rement vos matelas \u00e0 l&#8217;aide de ce suceur large, vous am\u00e9liorerez consid\u00e9rablement la qualit\u00e9 de l&#8217;air dans votre maison.<\/p>\n<h2>Remarque : sans la brosse batteuse Kirby<\/h2>\n<p>Il est important de noter que le suceur large est livr\u00e9 sans brosse. Si vous ne l&#8217;avez pas encore, vous pouvez facilement commander la brosse large ici. Sans la bonne brosse de battage, le suceur est moins efficace. C&#8217;est pourquoi nous recommandons toujours d&#8217;utiliser les deux pi\u00e8ces ensemble pour obtenir les meilleurs r\u00e9sultats.<\/p>\n<h2>Convient uniquement \u00e0 Kirby Generation 3 et 4<\/h2>\n<p>Avant de passer commande, il convient de v\u00e9rifier si ce suceur convient \u00e0 votre aspirateur. En effet, ce suceur ne peut \u00eatre utilis\u00e9 qu&#8217;avec le Kirby Generation 3 et le Kirby Generation 4. Vous avez un autre mod\u00e8le ? Dans ce cas, nous vous conseillons de consulter les accessoires adapt\u00e9s \u00e0 votre aspirateur Kirby.<\/p>\n<h2>Commandez d\u00e8s aujourd&#8217;hui et d\u00e9couvrez la diff\u00e9rence<\/h2>\n<p>En r\u00e9sum\u00e9, le suceur batteur est la solution pour tous ceux qui souhaitent une maison propre et saine. Avec son design pratique, sa puissance de nettoyage en profondeur et sa capacit\u00e9 \u00e0 \u00e9liminer les acariens, c&#8217;est un produit que vous appr\u00e9cierez pendant des ann\u00e9es. N&#8217;attendez plus et commandez imm\u00e9diatement. Vous profiterez bient\u00f4t d&#8217;une maison fra\u00eeche et hygi\u00e9nique !<\/p>\n","protected":false},"excerpt":{"rendered":"<p>Buse large d\u2019aspiro-batteur pour le nettoyage en profondeur de tapis et de moquette.<\/p>\n[trustindex data-widget-id=e3bb80b24fa128098b960fc2439]\n<h3><span style=\"color: #008000;\"><br \/>\nEn stock<\/span><\/h3>\n[av_font_icon icon='ue812' font='entypo-fontello' style='' caption='' size='25px' position='left' color='#43ad66' link='' linktarget='' title_attr='' sonar_effect_effect='' sonar_effect_color='' sonar_effect_duration='1' sonar_effect_scale='' sonar_effect_opac='0.5' animation='' id='' custom_class='' template_class='' av_uid='' sc_version='1.0' admin_preview_bg=''][\/av_font_icon]\n<p><span style=\"color: #008000;\">Command\u00e9 23:59, exp\u00e9di\u00e9 demain<\/span><\/p>\n<p>&nbsp;<\/p>\n","protected":false},"featured_media":6182,"comment_status":"open","ping_status":"closed","template":"","meta":[],"product_brand":[],"product_cat":[344],"product_tag":[],"class_list":{"0":"post-11985","1":"product","2":"type-product","3":"status-publish","4":"has-post-thumbnail","6":"product_cat-kirby-buse-large-daspiro-batteur","7":"product_shipping_class-klein-de-fr","9":"first","10":"instock","11":"sale","12":"taxable","13":"shipping-taxable","14":"purchasable","15":"product-type-simple"},"yoast_head":"<!-- This site is optimized with the Yoast SEO Premium plugin v27.1 (Yoast SEO v27.4) - https:\/\/yoast.com\/product\/yoast-seo-premium-wordpress\/ -->\n<title>Kirby Buse d\u2019aspiration large G\u00e9n\u00e9ration G3\/G4 - Veltec Kirby specialist<\/title>\n<meta name=\"description\" content=\"Kirby Buse d\u2019aspiration large G\u00e9n\u00e9ration G3\/G4 - Veltec est le fournisseur des aspirateurs Kirby depuis plus de 25 ans. Et est votre sp\u00e9cialiste\" \/>\n<meta name=\"robots\" content=\"index, follow, max-snippet:-1, max-image-preview:large, max-video-preview:-1\" \/>\n<link rel=\"canonical\" href=\"https:\/\/www.veltec.eu\/nl\/product\/kirby-brede-zuigmond-generation-g3-g4\/\" \/>\n<meta property=\"og:locale\" content=\"fr_FR\" \/>\n<meta property=\"og:type\" content=\"article\" \/>\n<meta property=\"og:title\" content=\"Kirby Buse d\u2019aspiration large G\u00e9n\u00e9ration G3\/G4\" \/>\n<meta property=\"og:description\" content=\"Buse large d\u2019aspiro-batteur pour le nettoyage en profondeur de tapis et de moquette.    En stock   Command\u00e9 23:59, exp\u00e9di\u00e9 demain  &nbsp;\" \/>\n<meta property=\"og:url\" content=\"https:\/\/www.veltec.eu\/nl\/product\/kirby-brede-zuigmond-generation-g3-g4\/\" \/>\n<meta property=\"og:site_name\" content=\"Veltec Kirby specialist\" \/>\n<meta property=\"article:publisher\" content=\"https:\/\/www.facebook.com\/Veltec-Kirby-Specialist-236746293374877\/\" \/>\n<meta property=\"article:modified_time\" content=\"2025-03-19T13:58:10+00:00\" \/>\n<meta property=\"og:image\" content=\"https:\/\/www.veltec.eu\/wp-content\/uploads\/2018\/10\/Kirby-klopzuigmond-g4.jpg\" \/>\n\t<meta property=\"og:image:width\" content=\"300\" \/>\n\t<meta property=\"og:image:height\" content=\"300\" \/>\n\t<meta property=\"og:image:type\" content=\"image\/jpeg\" \/>\n<meta name=\"twitter:card\" content=\"summary_large_image\" \/>\n<meta name=\"twitter:label1\" content=\"Dur\u00e9e de lecture estim\u00e9e\" \/>\n\t<meta name=\"twitter:data1\" content=\"3 minutes\" \/>\n<script type=\"application\/ld+json\" class=\"yoast-schema-graph\">{\"@context\":\"https:\\\/\\\/schema.org\",\"@graph\":[{\"@type\":\"WebPage\",\"@id\":\"https:\\\/\\\/www.veltec.eu\\\/nl\\\/product\\\/kirby-brede-zuigmond-generation-g3-g4\\\/\",\"url\":\"https:\\\/\\\/www.veltec.eu\\\/nl\\\/product\\\/kirby-brede-zuigmond-generation-g3-g4\\\/\",\"name\":\"Kirby Buse d\u2019aspiration large G\u00e9n\u00e9ration G3\\\/G4 - Veltec Kirby specialist\",\"isPartOf\":{\"@id\":\"https:\\\/\\\/www.veltec.eu\\\/en\\\/#website\"},\"primaryImageOfPage\":{\"@id\":\"https:\\\/\\\/www.veltec.eu\\\/nl\\\/product\\\/kirby-brede-zuigmond-generation-g3-g4\\\/#primaryimage\"},\"image\":{\"@id\":\"https:\\\/\\\/www.veltec.eu\\\/nl\\\/product\\\/kirby-brede-zuigmond-generation-g3-g4\\\/#primaryimage\"},\"thumbnailUrl\":\"https:\\\/\\\/www.veltec.eu\\\/wp-content\\\/uploads\\\/2018\\\/10\\\/Kirby-klopzuigmond-g4.jpg\",\"datePublished\":\"2018-10-16T14:02:45+00:00\",\"dateModified\":\"2025-03-19T13:58:10+00:00\",\"description\":\"Kirby Buse d\u2019aspiration large G\u00e9n\u00e9ration G3\\\/G4 - Veltec est le fournisseur des aspirateurs Kirby depuis plus de 25 ans. Et est votre sp\u00e9cialiste\",\"breadcrumb\":{\"@id\":\"https:\\\/\\\/www.veltec.eu\\\/nl\\\/product\\\/kirby-brede-zuigmond-generation-g3-g4\\\/#breadcrumb\"},\"inLanguage\":\"fr-FR\",\"potentialAction\":[{\"@type\":\"ReadAction\",\"target\":[\"https:\\\/\\\/www.veltec.eu\\\/nl\\\/product\\\/kirby-brede-zuigmond-generation-g3-g4\\\/\"]}]},{\"@type\":\"ImageObject\",\"inLanguage\":\"fr-FR\",\"@id\":\"https:\\\/\\\/www.veltec.eu\\\/nl\\\/product\\\/kirby-brede-zuigmond-generation-g3-g4\\\/#primaryimage\",\"url\":\"https:\\\/\\\/www.veltec.eu\\\/wp-content\\\/uploads\\\/2018\\\/10\\\/Kirby-klopzuigmond-g4.jpg\",\"contentUrl\":\"https:\\\/\\\/www.veltec.eu\\\/wp-content\\\/uploads\\\/2018\\\/10\\\/Kirby-klopzuigmond-g4.jpg\",\"width\":300,\"height\":300,\"caption\":\"Kirby klopzuigmond G4\"},{\"@type\":\"BreadcrumbList\",\"@id\":\"https:\\\/\\\/www.veltec.eu\\\/nl\\\/product\\\/kirby-brede-zuigmond-generation-g3-g4\\\/#breadcrumb\",\"itemListElement\":[{\"@type\":\"ListItem\",\"position\":1,\"name\":\"Home\",\"item\":\"https:\\\/\\\/www.veltec.eu\\\/fr\\\/\"},{\"@type\":\"ListItem\",\"position\":2,\"name\":\"Produits\",\"item\":\"https:\\\/\\\/www.veltec.eu\\\/fr\\\/shop\\\/\"},{\"@type\":\"ListItem\",\"position\":3,\"name\":\"Kirby Buse d\u2019aspiration large G\u00e9n\u00e9ration G3\\\/G4\"}]},{\"@type\":\"WebSite\",\"@id\":\"https:\\\/\\\/www.veltec.eu\\\/en\\\/#website\",\"url\":\"https:\\\/\\\/www.veltec.eu\\\/en\\\/\",\"name\":\"Veltec Kirby specialist\",\"description\":\"Kirby stofzuiger producten\",\"publisher\":{\"@id\":\"https:\\\/\\\/www.veltec.eu\\\/en\\\/#organization\"},\"potentialAction\":[{\"@type\":\"SearchAction\",\"target\":{\"@type\":\"EntryPoint\",\"urlTemplate\":\"https:\\\/\\\/www.veltec.eu\\\/en\\\/?s={search_term_string}\"},\"query-input\":{\"@type\":\"PropertyValueSpecification\",\"valueRequired\":true,\"valueName\":\"search_term_string\"}}],\"inLanguage\":\"fr-FR\"},{\"@type\":\"Organization\",\"@id\":\"https:\\\/\\\/www.veltec.eu\\\/en\\\/#organization\",\"name\":\"Veltec Kirby Specialist\",\"url\":\"https:\\\/\\\/www.veltec.eu\\\/en\\\/\",\"logo\":{\"@type\":\"ImageObject\",\"inLanguage\":\"fr-FR\",\"@id\":\"https:\\\/\\\/www.veltec.eu\\\/en\\\/#\\\/schema\\\/logo\\\/image\\\/\",\"url\":\"https:\\\/\\\/www.veltec.eu\\\/wp-content\\\/uploads\\\/2021\\\/12\\\/Veltec-log-groot-e1537260889125.png\",\"contentUrl\":\"https:\\\/\\\/www.veltec.eu\\\/wp-content\\\/uploads\\\/2021\\\/12\\\/Veltec-log-groot-e1537260889125.png\",\"width\":200,\"height\":60,\"caption\":\"Veltec Kirby Specialist\"},\"image\":{\"@id\":\"https:\\\/\\\/www.veltec.eu\\\/en\\\/#\\\/schema\\\/logo\\\/image\\\/\"},\"sameAs\":[\"https:\\\/\\\/www.facebook.com\\\/Veltec-Kirby-Specialist-236746293374877\\\/\",\"https:\\\/\\\/www.youtube.com\\\/user\\\/VeltecService\"]}]}<\/script>\n<!-- \/ Yoast SEO Premium plugin. -->","yoast_head_json":{"title":"Kirby Buse d\u2019aspiration large G\u00e9n\u00e9ration G3\/G4 - Veltec Kirby specialist","description":"Kirby Buse d\u2019aspiration large G\u00e9n\u00e9ration G3\/G4 - Veltec est le fournisseur des aspirateurs Kirby depuis plus de 25 ans. Et est votre sp\u00e9cialiste","robots":{"index":"index","follow":"follow","max-snippet":"max-snippet:-1","max-image-preview":"max-image-preview:large","max-video-preview":"max-video-preview:-1"},"canonical":"https:\/\/www.veltec.eu\/nl\/product\/kirby-brede-zuigmond-generation-g3-g4\/","og_locale":"fr_FR","og_type":"article","og_title":"Kirby Buse d\u2019aspiration large G\u00e9n\u00e9ration G3\/G4","og_description":"Buse large d\u2019aspiro-batteur pour le nettoyage en profondeur de tapis et de moquette.    En stock   Command\u00e9 23:59, exp\u00e9di\u00e9 demain  &nbsp;","og_url":"https:\/\/www.veltec.eu\/nl\/product\/kirby-brede-zuigmond-generation-g3-g4\/","og_site_name":"Veltec Kirby specialist","article_publisher":"https:\/\/www.facebook.com\/Veltec-Kirby-Specialist-236746293374877\/","article_modified_time":"2025-03-19T13:58:10+00:00","og_image":[{"width":300,"height":300,"url":"https:\/\/www.veltec.eu\/wp-content\/uploads\/2018\/10\/Kirby-klopzuigmond-g4.jpg","type":"image\/jpeg"}],"twitter_card":"summary_large_image","twitter_misc":{"Dur\u00e9e de lecture estim\u00e9e":"3 minutes"},"schema":{"@context":"https:\/\/schema.org","@graph":[{"@type":"WebPage","@id":"https:\/\/www.veltec.eu\/nl\/product\/kirby-brede-zuigmond-generation-g3-g4\/","url":"https:\/\/www.veltec.eu\/nl\/product\/kirby-brede-zuigmond-generation-g3-g4\/","name":"Kirby Buse d\u2019aspiration large G\u00e9n\u00e9ration G3\/G4 - Veltec Kirby specialist","isPartOf":{"@id":"https:\/\/www.veltec.eu\/en\/#website"},"primaryImageOfPage":{"@id":"https:\/\/www.veltec.eu\/nl\/product\/kirby-brede-zuigmond-generation-g3-g4\/#primaryimage"},"image":{"@id":"https:\/\/www.veltec.eu\/nl\/product\/kirby-brede-zuigmond-generation-g3-g4\/#primaryimage"},"thumbnailUrl":"https:\/\/www.veltec.eu\/wp-content\/uploads\/2018\/10\/Kirby-klopzuigmond-g4.jpg","datePublished":"2018-10-16T14:02:45+00:00","dateModified":"2025-03-19T13:58:10+00:00","description":"Kirby Buse d\u2019aspiration large G\u00e9n\u00e9ration G3\/G4 - Veltec est le fournisseur des aspirateurs Kirby depuis plus de 25 ans. Et est votre sp\u00e9cialiste","breadcrumb":{"@id":"https:\/\/www.veltec.eu\/nl\/product\/kirby-brede-zuigmond-generation-g3-g4\/#breadcrumb"},"inLanguage":"fr-FR","potentialAction":[{"@type":"ReadAction","target":["https:\/\/www.veltec.eu\/nl\/product\/kirby-brede-zuigmond-generation-g3-g4\/"]}]},{"@type":"ImageObject","inLanguage":"fr-FR","@id":"https:\/\/www.veltec.eu\/nl\/product\/kirby-brede-zuigmond-generation-g3-g4\/#primaryimage","url":"https:\/\/www.veltec.eu\/wp-content\/uploads\/2018\/10\/Kirby-klopzuigmond-g4.jpg","contentUrl":"https:\/\/www.veltec.eu\/wp-content\/uploads\/2018\/10\/Kirby-klopzuigmond-g4.jpg","width":300,"height":300,"caption":"Kirby klopzuigmond G4"},{"@type":"BreadcrumbList","@id":"https:\/\/www.veltec.eu\/nl\/product\/kirby-brede-zuigmond-generation-g3-g4\/#breadcrumb","itemListElement":[{"@type":"ListItem","position":1,"name":"Home","item":"https:\/\/www.veltec.eu\/fr\/"},{"@type":"ListItem","position":2,"name":"Produits","item":"https:\/\/www.veltec.eu\/fr\/shop\/"},{"@type":"ListItem","position":3,"name":"Kirby Buse d\u2019aspiration large G\u00e9n\u00e9ration G3\/G4"}]},{"@type":"WebSite","@id":"https:\/\/www.veltec.eu\/en\/#website","url":"https:\/\/www.veltec.eu\/en\/","name":"Veltec Kirby specialist","description":"Kirby stofzuiger producten","publisher":{"@id":"https:\/\/www.veltec.eu\/en\/#organization"},"potentialAction":[{"@type":"SearchAction","target":{"@type":"EntryPoint","urlTemplate":"https:\/\/www.veltec.eu\/en\/?s={search_term_string}"},"query-input":{"@type":"PropertyValueSpecification","valueRequired":true,"valueName":"search_term_string"}}],"inLanguage":"fr-FR"},{"@type":"Organization","@id":"https:\/\/www.veltec.eu\/en\/#organization","name":"Veltec Kirby Specialist","url":"https:\/\/www.veltec.eu\/en\/","logo":{"@type":"ImageObject","inLanguage":"fr-FR","@id":"https:\/\/www.veltec.eu\/en\/#\/schema\/logo\/image\/","url":"https:\/\/www.veltec.eu\/wp-content\/uploads\/2021\/12\/Veltec-log-groot-e1537260889125.png","contentUrl":"https:\/\/www.veltec.eu\/wp-content\/uploads\/2021\/12\/Veltec-log-groot-e1537260889125.png","width":200,"height":60,"caption":"Veltec Kirby Specialist"},"image":{"@id":"https:\/\/www.veltec.eu\/en\/#\/schema\/logo\/image\/"},"sameAs":["https:\/\/www.facebook.com\/Veltec-Kirby-Specialist-236746293374877\/","https:\/\/www.youtube.com\/user\/VeltecService"]}]}},"_links":{"self":[{"href":"https:\/\/www.veltec.eu\/fr\/wp-json\/wp\/v2\/product\/11985","targetHints":{"allow":["GET"]}}],"collection":[{"href":"https:\/\/www.veltec.eu\/fr\/wp-json\/wp\/v2\/product"}],"about":[{"href":"https:\/\/www.veltec.eu\/fr\/wp-json\/wp\/v2\/types\/product"}],"replies":[{"embeddable":true,"href":"https:\/\/www.veltec.eu\/fr\/wp-json\/wp\/v2\/comments?post=11985"}],"wp:featuredmedia":[{"embeddable":true,"href":"https:\/\/www.veltec.eu\/fr\/wp-json\/wp\/v2\/media\/6182"}],"wp:attachment":[{"href":"https:\/\/www.veltec.eu\/fr\/wp-json\/wp\/v2\/media?parent=11985"}],"wp:term":[{"taxonomy":"product_brand","embeddable":true,"href":"https:\/\/www.veltec.eu\/fr\/wp-json\/wp\/v2\/product_brand?post=11985"},{"taxonomy":"product_cat","embeddable":true,"href":"https:\/\/www.veltec.eu\/fr\/wp-json\/wp\/v2\/product_cat?post=11985"},{"taxonomy":"product_tag","embeddable":true,"href":"https:\/\/www.veltec.eu\/fr\/wp-json\/wp\/v2\/product_tag?post=11985"}],"curies":[{"name":"wp","href":"https:\/\/api.w.org\/{rel}","templated":true}]}}