{"id":11980,"date":"2018-10-16T16:06:57","date_gmt":"2018-10-16T14:06:57","guid":{"rendered":"https:\/\/www.veltec.eu\/kirby-webshop\/kirby-brede-klopzuigmond-g5\/"},"modified":"2025-04-10T11:08:16","modified_gmt":"2025-04-10T09:08:16","slug":"kirby-buse-daspiration-large-generation-g5-g7","status":"publish","type":"product","link":"https:\/\/www.veltec.eu\/fr\/product\/kirby-buse-daspiration-large-generation-g5-g7\/","title":{"rendered":"Kirby Buse d&#8217;aspiration large G\u00e9n\u00e9ration G5\/G7"},"content":{"rendered":"<h1>Kirby Buse d&#8217;aspiration large G\u00e9n\u00e9ration G5\/G7<\/h1>\n<p>Kirby Buse d&#8217;aspiration large G\u00e9n\u00e9ration G5\/G7 pour le nettoyage en profondeur des tapis et moquettes. Convient \u00e9galement pour \u00e9liminer les acariens des matelas.<br \/>\nSans brosse d&#8217;aspiration Kirby<br \/>\n(Vous pouvez commander cette brosse ici <a href=\"https:\/\/www.veltec.eu\/fr\/kirby-buse-large-daspiro-batteur\/\">Kirby Buse d&#8217;aspiration G5 \u00e0 Avalir<\/a>)<\/p>\n<p>Cette brosse ne convient qu&#8217;aux aspirateurs Kirby ci-dessous ;<\/p>\n<ul>\n<li>Kirby G\u00e9n\u00e9ration G7 Ultimate<\/li>\n<li>Kirby G\u00e9n\u00e9ration G6<\/li>\n<li>Kirby G\u00e9n\u00e9ration G5<\/li>\n<\/ul>\n<h2>Brosse large Kirby G\u00e9n\u00e9ration G5\/G7 &#8211; Indispensable pour un nettoyage en profondeur<\/h2>\n<p>Vous cherchez une solution efficace pour nettoyer en profondeur vos tapis, moquettes et matelas ? Le suceur \u00e0 large brosse est exactement ce qu&#8217;il vous faut. Ce suceur large est sp\u00e9cialement con\u00e7u pour le nettoyage intensif des tapis et moquettes. En outre, il permet d&#8217;\u00e9liminer les acariens des matelas, contribuant ainsi \u00e0 un environnement de vie plus sain. Vous trouverez ci-dessous les raisons pour lesquelles ce produit est indispensable pour votre aspirateur Kirby et comment il peut am\u00e9liorer consid\u00e9rablement votre routine de nettoyage.<\/p>\n<h2>Pourquoi choisir le suceur large Kirby Generation G5\/G7 ?<\/h2>\n<h3>Sp\u00e9cialement con\u00e7u pour le nettoyage en profondeur<\/h3>\n<p>Tout d&#8217;abord, ce suceur a \u00e9t\u00e9 con\u00e7u pour un nettoyage en profondeur. Alors que les suceurs ordinaires ne vont souvent pas plus loin que la salet\u00e9 superficielle, ce suceur \u00e0 large battement permet d&#8217;\u00e9liminer la salet\u00e9 et la poussi\u00e8re au plus profond des fibres. C&#8217;est particuli\u00e8rement important lorsque vous avez affaire \u00e0 des allerg\u00e8nes tels que les acariens.<\/p>\n<h3>Parfait pour les tapis et les matelas<\/h3>\n<p>En outre, le suceur large est id\u00e9al pour nettoyer les tapis, les moquettes et les matelas. Gr\u00e2ce \u00e0 la buse large, vous travaillez plus rapidement et plus efficacement. Vous passez donc moins souvent sur la m\u00eame surface, ce qui permet d&#8217;\u00e9conomiser du temps et de l&#8217;\u00e9nergie.<\/p>\n<h3>Convient \u00e0 plusieurs mod\u00e8les Kirby<\/h3>\n<p>Il est important de savoir que ce suceur batteur convient uniquement aux aspirateurs Kirby suivants :<\/p>\n<ul>\n<li>Kirby Generation G7 Ultimate<\/li>\n<li>Kirby G\u00e9n\u00e9ration G6<\/li>\n<li>Kirby G\u00e9n\u00e9ration G5<\/li>\n<\/ul>\n<p>Vous poss\u00e9dez l&#8217;un de ces mod\u00e8les ? Dans ce cas, vous \u00eates assur\u00e9 d&#8217;une connexion parfaite et d&#8217;une facilit\u00e9 d&#8217;utilisation optimale. De plus, cette buse d&#8217;aspiration est facile \u00e0 assembler, ce qui vous permet de vous mettre imm\u00e9diatement au travail.<\/p>\n<h2>Que faut-il encore savoir ?<\/h2>\n<h3>Sans brosse de battage<\/h3>\n<p>Bien que cette raclette offre un nettoyage puissant, elle est livr\u00e9e sans brosse batteuse. Cela signifie que vous devez utiliser vous-m\u00eame la brosse de battage d&#8217;origine Kirby, si n\u00e9cessaire. Cela vous permet d&#8217;adapter enti\u00e8rement la raclette \u00e0 vos pr\u00e9f\u00e9rences personnelles et \u00e0 vos besoins de nettoyage.<\/p>\n<h3>Un environnement de vie plus sain<\/h3>\n<p>Un autre avantage important du suceur large est qu&#8217;il ne se contente pas d&#8217;\u00e9liminer la salet\u00e9, mais qu&#8217;il aide \u00e9galement \u00e0 lutter contre les acariens. Cela contribue de mani\u00e8re significative \u00e0 un environnement de vie plus frais et plus sain, ce qui est particuli\u00e8rement important pour les personnes souffrant d&#8217;allergies.<\/p>\n<h2>Commandez d\u00e8s aujourd&#8217;hui le suceur large Kirby Generation G5\/G7 !<\/h2>\n<p>Si vous \u00eates \u00e0 la recherche d&#8217;une solution fiable et puissante pour nettoyer en profondeur vos tapis et matelas, n&#8217;attendez plus. Le suceur large Kirby Generation G5\/G7 est un compl\u00e9ment pr\u00e9cieux \u00e0 votre aspirateur Kirby. Commandez d\u00e8s aujourd&#8217;hui et constatez la diff\u00e9rence par vous-m\u00eame ! Vous avez encore des questions ? N&#8217;h\u00e9sitez pas \u00e0 nous contacter, nous nous ferons un plaisir de vous aider.<\/p>\n","protected":false},"excerpt":{"rendered":"<p>Buse large d\u2019aspiro-batteur pour le nettoyage en profondeur de tapis et de moquette. Convient aussi pour l\u2019\u00e9limination des acariens des matelas. Sans Kirby Brosse d&#8217;aspiro-batteur.<\/p>\n[trustindex data-widget-id=e3bb80b24fa128098b960fc2439]\n<h3><span style=\"color: #008000;\"><br \/>\nEn stock<\/span><\/h3>\n[av_font_icon icon='ue812' font='entypo-fontello' style='' caption='' size='25px' position='left' color='#43ad66' link='' linktarget='' title_attr='' sonar_effect_effect='' sonar_effect_color='' sonar_effect_duration='1' sonar_effect_scale='' sonar_effect_opac='0.5' animation='' id='' custom_class='' template_class='' av_uid='' sc_version='1.0' admin_preview_bg=''][\/av_font_icon]\n<p><span style=\"color: #008000;\">Command\u00e9 23:59, exp\u00e9di\u00e9 demain<\/span><\/p>\n<p>&nbsp;<\/p>\n","protected":false},"featured_media":6190,"comment_status":"open","ping_status":"closed","template":"","meta":[],"product_brand":[],"product_cat":[344],"product_tag":[],"class_list":{"0":"post-11980","1":"product","2":"type-product","3":"status-publish","4":"has-post-thumbnail","6":"product_cat-kirby-buse-large-daspiro-batteur","7":"product_shipping_class-klein-de-fr","9":"first","10":"instock","11":"sale","12":"taxable","13":"shipping-taxable","14":"purchasable","15":"product-type-simple"},"yoast_head":"<!-- This site is optimized with the Yoast SEO Premium plugin v27.1 (Yoast SEO v27.4) - https:\/\/yoast.com\/product\/yoast-seo-premium-wordpress\/ -->\n<title>Kirby Buse d&#039;aspiration large G\u00e9n\u00e9ration G5\/G7 - Veltec Kirby specialist<\/title>\n<meta name=\"description\" content=\"Kirby Buse d&#039;aspiration large G\u00e9n\u00e9ration G5\/G7 - Veltec est le fournisseur des aspirateurs Kirby depuis plus de 25 ans. Et est votre sp\u00e9cialiste\" \/>\n<meta name=\"robots\" content=\"index, follow, max-snippet:-1, max-image-preview:large, max-video-preview:-1\" \/>\n<link rel=\"canonical\" href=\"https:\/\/www.veltec.eu\/fr\/product\/kirby-buse-daspiration-large-generation-g5-g7\/\" \/>\n<meta property=\"og:locale\" content=\"fr_FR\" \/>\n<meta property=\"og:type\" content=\"article\" \/>\n<meta property=\"og:title\" content=\"Kirby Buse d&#039;aspiration large G\u00e9n\u00e9ration G5\/G7\" \/>\n<meta property=\"og:description\" content=\"Buse large d\u2019aspiro-batteur pour le nettoyage en profondeur de tapis et de moquette. Convient aussi pour l\u2019\u00e9limination des acariens des matelas. Sans Kirby Brosse d&#039;aspiro-batteur.    En stock   Command\u00e9 23:59, exp\u00e9di\u00e9 demain  &nbsp;\" \/>\n<meta property=\"og:url\" content=\"https:\/\/www.veltec.eu\/fr\/product\/kirby-buse-daspiration-large-generation-g5-g7\/\" \/>\n<meta property=\"og:site_name\" content=\"Veltec Kirby specialist\" \/>\n<meta property=\"article:publisher\" content=\"https:\/\/www.facebook.com\/Veltec-Kirby-Specialist-236746293374877\/\" \/>\n<meta property=\"article:modified_time\" content=\"2025-04-10T09:08:16+00:00\" \/>\n<meta property=\"og:image\" content=\"https:\/\/www.veltec.eu\/wp-content\/uploads\/2018\/10\/Klopzuigmond-G5.jpg\" \/>\n\t<meta property=\"og:image:width\" content=\"300\" \/>\n\t<meta property=\"og:image:height\" content=\"300\" \/>\n\t<meta property=\"og:image:type\" content=\"image\/jpeg\" \/>\n<meta name=\"twitter:card\" content=\"summary_large_image\" \/>\n<meta name=\"twitter:label1\" content=\"Dur\u00e9e de lecture estim\u00e9e\" \/>\n\t<meta name=\"twitter:data1\" content=\"3 minutes\" \/>\n<script type=\"application\/ld+json\" class=\"yoast-schema-graph\">{\"@context\":\"https:\\\/\\\/schema.org\",\"@graph\":[{\"@type\":\"WebPage\",\"@id\":\"https:\\\/\\\/www.veltec.eu\\\/fr\\\/product\\\/kirby-buse-daspiration-large-generation-g5-g7\\\/\",\"url\":\"https:\\\/\\\/www.veltec.eu\\\/fr\\\/product\\\/kirby-buse-daspiration-large-generation-g5-g7\\\/\",\"name\":\"Kirby Buse d'aspiration large G\u00e9n\u00e9ration G5\\\/G7 - Veltec Kirby specialist\",\"isPartOf\":{\"@id\":\"https:\\\/\\\/www.veltec.eu\\\/en\\\/#website\"},\"primaryImageOfPage\":{\"@id\":\"https:\\\/\\\/www.veltec.eu\\\/fr\\\/product\\\/kirby-buse-daspiration-large-generation-g5-g7\\\/#primaryimage\"},\"image\":{\"@id\":\"https:\\\/\\\/www.veltec.eu\\\/fr\\\/product\\\/kirby-buse-daspiration-large-generation-g5-g7\\\/#primaryimage\"},\"thumbnailUrl\":\"https:\\\/\\\/www.veltec.eu\\\/wp-content\\\/uploads\\\/2018\\\/10\\\/Klopzuigmond-G5.jpg\",\"datePublished\":\"2018-10-16T14:06:57+00:00\",\"dateModified\":\"2025-04-10T09:08:16+00:00\",\"description\":\"Kirby Buse d'aspiration large G\u00e9n\u00e9ration G5\\\/G7 - Veltec est le fournisseur des aspirateurs Kirby depuis plus de 25 ans. Et est votre sp\u00e9cialiste\",\"breadcrumb\":{\"@id\":\"https:\\\/\\\/www.veltec.eu\\\/fr\\\/product\\\/kirby-buse-daspiration-large-generation-g5-g7\\\/#breadcrumb\"},\"inLanguage\":\"fr-FR\",\"potentialAction\":[{\"@type\":\"ReadAction\",\"target\":[\"https:\\\/\\\/www.veltec.eu\\\/fr\\\/product\\\/kirby-buse-daspiration-large-generation-g5-g7\\\/\"]}]},{\"@type\":\"ImageObject\",\"inLanguage\":\"fr-FR\",\"@id\":\"https:\\\/\\\/www.veltec.eu\\\/fr\\\/product\\\/kirby-buse-daspiration-large-generation-g5-g7\\\/#primaryimage\",\"url\":\"https:\\\/\\\/www.veltec.eu\\\/wp-content\\\/uploads\\\/2018\\\/10\\\/Klopzuigmond-G5.jpg\",\"contentUrl\":\"https:\\\/\\\/www.veltec.eu\\\/wp-content\\\/uploads\\\/2018\\\/10\\\/Klopzuigmond-G5.jpg\",\"width\":300,\"height\":300,\"caption\":\"Kirby klopzuigmond G5\"},{\"@type\":\"BreadcrumbList\",\"@id\":\"https:\\\/\\\/www.veltec.eu\\\/fr\\\/product\\\/kirby-buse-daspiration-large-generation-g5-g7\\\/#breadcrumb\",\"itemListElement\":[{\"@type\":\"ListItem\",\"position\":1,\"name\":\"Home\",\"item\":\"https:\\\/\\\/www.veltec.eu\\\/fr\\\/\"},{\"@type\":\"ListItem\",\"position\":2,\"name\":\"Produits\",\"item\":\"https:\\\/\\\/www.veltec.eu\\\/fr\\\/shop\\\/\"},{\"@type\":\"ListItem\",\"position\":3,\"name\":\"Kirby Buse d&#8217;aspiration large G\u00e9n\u00e9ration G5\\\/G7\"}]},{\"@type\":\"WebSite\",\"@id\":\"https:\\\/\\\/www.veltec.eu\\\/en\\\/#website\",\"url\":\"https:\\\/\\\/www.veltec.eu\\\/en\\\/\",\"name\":\"Veltec Kirby specialist\",\"description\":\"Kirby stofzuiger producten\",\"publisher\":{\"@id\":\"https:\\\/\\\/www.veltec.eu\\\/en\\\/#organization\"},\"potentialAction\":[{\"@type\":\"SearchAction\",\"target\":{\"@type\":\"EntryPoint\",\"urlTemplate\":\"https:\\\/\\\/www.veltec.eu\\\/en\\\/?s={search_term_string}\"},\"query-input\":{\"@type\":\"PropertyValueSpecification\",\"valueRequired\":true,\"valueName\":\"search_term_string\"}}],\"inLanguage\":\"fr-FR\"},{\"@type\":\"Organization\",\"@id\":\"https:\\\/\\\/www.veltec.eu\\\/en\\\/#organization\",\"name\":\"Veltec Kirby Specialist\",\"url\":\"https:\\\/\\\/www.veltec.eu\\\/en\\\/\",\"logo\":{\"@type\":\"ImageObject\",\"inLanguage\":\"fr-FR\",\"@id\":\"https:\\\/\\\/www.veltec.eu\\\/en\\\/#\\\/schema\\\/logo\\\/image\\\/\",\"url\":\"https:\\\/\\\/www.veltec.eu\\\/wp-content\\\/uploads\\\/2021\\\/12\\\/Veltec-log-groot-e1537260889125.png\",\"contentUrl\":\"https:\\\/\\\/www.veltec.eu\\\/wp-content\\\/uploads\\\/2021\\\/12\\\/Veltec-log-groot-e1537260889125.png\",\"width\":200,\"height\":60,\"caption\":\"Veltec Kirby Specialist\"},\"image\":{\"@id\":\"https:\\\/\\\/www.veltec.eu\\\/en\\\/#\\\/schema\\\/logo\\\/image\\\/\"},\"sameAs\":[\"https:\\\/\\\/www.facebook.com\\\/Veltec-Kirby-Specialist-236746293374877\\\/\",\"https:\\\/\\\/www.youtube.com\\\/user\\\/VeltecService\"]}]}<\/script>\n<!-- \/ Yoast SEO Premium plugin. -->","yoast_head_json":{"title":"Kirby Buse d'aspiration large G\u00e9n\u00e9ration G5\/G7 - Veltec Kirby specialist","description":"Kirby Buse d'aspiration large G\u00e9n\u00e9ration G5\/G7 - Veltec est le fournisseur des aspirateurs Kirby depuis plus de 25 ans. Et est votre sp\u00e9cialiste","robots":{"index":"index","follow":"follow","max-snippet":"max-snippet:-1","max-image-preview":"max-image-preview:large","max-video-preview":"max-video-preview:-1"},"canonical":"https:\/\/www.veltec.eu\/fr\/product\/kirby-buse-daspiration-large-generation-g5-g7\/","og_locale":"fr_FR","og_type":"article","og_title":"Kirby Buse d'aspiration large G\u00e9n\u00e9ration G5\/G7","og_description":"Buse large d\u2019aspiro-batteur pour le nettoyage en profondeur de tapis et de moquette. Convient aussi pour l\u2019\u00e9limination des acariens des matelas. Sans Kirby Brosse d'aspiro-batteur.    En stock   Command\u00e9 23:59, exp\u00e9di\u00e9 demain  &nbsp;","og_url":"https:\/\/www.veltec.eu\/fr\/product\/kirby-buse-daspiration-large-generation-g5-g7\/","og_site_name":"Veltec Kirby specialist","article_publisher":"https:\/\/www.facebook.com\/Veltec-Kirby-Specialist-236746293374877\/","article_modified_time":"2025-04-10T09:08:16+00:00","og_image":[{"width":300,"height":300,"url":"https:\/\/www.veltec.eu\/wp-content\/uploads\/2018\/10\/Klopzuigmond-G5.jpg","type":"image\/jpeg"}],"twitter_card":"summary_large_image","twitter_misc":{"Dur\u00e9e de lecture estim\u00e9e":"3 minutes"},"schema":{"@context":"https:\/\/schema.org","@graph":[{"@type":"WebPage","@id":"https:\/\/www.veltec.eu\/fr\/product\/kirby-buse-daspiration-large-generation-g5-g7\/","url":"https:\/\/www.veltec.eu\/fr\/product\/kirby-buse-daspiration-large-generation-g5-g7\/","name":"Kirby Buse d'aspiration large G\u00e9n\u00e9ration G5\/G7 - Veltec Kirby specialist","isPartOf":{"@id":"https:\/\/www.veltec.eu\/en\/#website"},"primaryImageOfPage":{"@id":"https:\/\/www.veltec.eu\/fr\/product\/kirby-buse-daspiration-large-generation-g5-g7\/#primaryimage"},"image":{"@id":"https:\/\/www.veltec.eu\/fr\/product\/kirby-buse-daspiration-large-generation-g5-g7\/#primaryimage"},"thumbnailUrl":"https:\/\/www.veltec.eu\/wp-content\/uploads\/2018\/10\/Klopzuigmond-G5.jpg","datePublished":"2018-10-16T14:06:57+00:00","dateModified":"2025-04-10T09:08:16+00:00","description":"Kirby Buse d'aspiration large G\u00e9n\u00e9ration G5\/G7 - Veltec est le fournisseur des aspirateurs Kirby depuis plus de 25 ans. Et est votre sp\u00e9cialiste","breadcrumb":{"@id":"https:\/\/www.veltec.eu\/fr\/product\/kirby-buse-daspiration-large-generation-g5-g7\/#breadcrumb"},"inLanguage":"fr-FR","potentialAction":[{"@type":"ReadAction","target":["https:\/\/www.veltec.eu\/fr\/product\/kirby-buse-daspiration-large-generation-g5-g7\/"]}]},{"@type":"ImageObject","inLanguage":"fr-FR","@id":"https:\/\/www.veltec.eu\/fr\/product\/kirby-buse-daspiration-large-generation-g5-g7\/#primaryimage","url":"https:\/\/www.veltec.eu\/wp-content\/uploads\/2018\/10\/Klopzuigmond-G5.jpg","contentUrl":"https:\/\/www.veltec.eu\/wp-content\/uploads\/2018\/10\/Klopzuigmond-G5.jpg","width":300,"height":300,"caption":"Kirby klopzuigmond G5"},{"@type":"BreadcrumbList","@id":"https:\/\/www.veltec.eu\/fr\/product\/kirby-buse-daspiration-large-generation-g5-g7\/#breadcrumb","itemListElement":[{"@type":"ListItem","position":1,"name":"Home","item":"https:\/\/www.veltec.eu\/fr\/"},{"@type":"ListItem","position":2,"name":"Produits","item":"https:\/\/www.veltec.eu\/fr\/shop\/"},{"@type":"ListItem","position":3,"name":"Kirby Buse d&#8217;aspiration large G\u00e9n\u00e9ration G5\/G7"}]},{"@type":"WebSite","@id":"https:\/\/www.veltec.eu\/en\/#website","url":"https:\/\/www.veltec.eu\/en\/","name":"Veltec Kirby specialist","description":"Kirby stofzuiger producten","publisher":{"@id":"https:\/\/www.veltec.eu\/en\/#organization"},"potentialAction":[{"@type":"SearchAction","target":{"@type":"EntryPoint","urlTemplate":"https:\/\/www.veltec.eu\/en\/?s={search_term_string}"},"query-input":{"@type":"PropertyValueSpecification","valueRequired":true,"valueName":"search_term_string"}}],"inLanguage":"fr-FR"},{"@type":"Organization","@id":"https:\/\/www.veltec.eu\/en\/#organization","name":"Veltec Kirby Specialist","url":"https:\/\/www.veltec.eu\/en\/","logo":{"@type":"ImageObject","inLanguage":"fr-FR","@id":"https:\/\/www.veltec.eu\/en\/#\/schema\/logo\/image\/","url":"https:\/\/www.veltec.eu\/wp-content\/uploads\/2021\/12\/Veltec-log-groot-e1537260889125.png","contentUrl":"https:\/\/www.veltec.eu\/wp-content\/uploads\/2021\/12\/Veltec-log-groot-e1537260889125.png","width":200,"height":60,"caption":"Veltec Kirby Specialist"},"image":{"@id":"https:\/\/www.veltec.eu\/en\/#\/schema\/logo\/image\/"},"sameAs":["https:\/\/www.facebook.com\/Veltec-Kirby-Specialist-236746293374877\/","https:\/\/www.youtube.com\/user\/VeltecService"]}]}},"_links":{"self":[{"href":"https:\/\/www.veltec.eu\/fr\/wp-json\/wp\/v2\/product\/11980","targetHints":{"allow":["GET"]}}],"collection":[{"href":"https:\/\/www.veltec.eu\/fr\/wp-json\/wp\/v2\/product"}],"about":[{"href":"https:\/\/www.veltec.eu\/fr\/wp-json\/wp\/v2\/types\/product"}],"replies":[{"embeddable":true,"href":"https:\/\/www.veltec.eu\/fr\/wp-json\/wp\/v2\/comments?post=11980"}],"wp:featuredmedia":[{"embeddable":true,"href":"https:\/\/www.veltec.eu\/fr\/wp-json\/wp\/v2\/media\/6190"}],"wp:attachment":[{"href":"https:\/\/www.veltec.eu\/fr\/wp-json\/wp\/v2\/media?parent=11980"}],"wp:term":[{"taxonomy":"product_brand","embeddable":true,"href":"https:\/\/www.veltec.eu\/fr\/wp-json\/wp\/v2\/product_brand?post=11980"},{"taxonomy":"product_cat","embeddable":true,"href":"https:\/\/www.veltec.eu\/fr\/wp-json\/wp\/v2\/product_cat?post=11980"},{"taxonomy":"product_tag","embeddable":true,"href":"https:\/\/www.veltec.eu\/fr\/wp-json\/wp\/v2\/product_tag?post=11980"}],"curies":[{"name":"wp","href":"https:\/\/api.w.org\/{rel}","templated":true}]}}