{"id":11970,"date":"2018-10-16T16:28:01","date_gmt":"2018-10-16T14:28:01","guid":{"rendered":"https:\/\/www.veltec.eu\/kirby-webshop\/kirby-aandrijfriempje-2x\/"},"modified":"2026-05-08T10:38:47","modified_gmt":"2026-05-08T08:38:47","slug":"courroie-dentrainement-kirby-2x-nl300612","status":"publish","type":"product","link":"https:\/\/www.veltec.eu\/fr\/product\/courroie-dentrainement-kirby-2x-nl300612\/","title":{"rendered":"Courroie d\u2019entra\u00eenement Kirby 2x"},"content":{"rendered":"<h1 data-start=\"160\" data-end=\"238\">Courroie d\u2019entra\u00eenement Kirby 2x \u2013 Indispensable pour votre aspirateur Kirby<\/h1>\n<h2 data-start=\"240\" data-end=\"291\">Qu\u2019est-ce qu\u2019une Courroie d\u2019entra\u00eenement Kirby ?<\/h2>\n<p data-start=\"293\" data-end=\"820\">Vous vous \u00eates d\u00e9j\u00e0 demand\u00e9 \u00e0 quoi sert exactement une courroie d\u2019entra\u00eenement Kirby ? La Courroie d\u2019entra\u00eenement Kirby 2x est un petit composant puissant qui permet \u00e0 la brosse rotative de votre aspirateur Kirby de fonctionner correctement. Sans une courroie en bon \u00e9tat, la brosse ne tourne pas efficacement, ce qui r\u00e9duit les performances de nettoyage. Avec le set Courroie d\u2019entra\u00eenement Kirby 2x, vous disposez toujours d\u2019une pi\u00e8ce de rechange, garantissant que votre aspirateur reste efficace et performant.<\/p>\n<p data-start=\"822\" data-end=\"890\">Ces courroies sont compatibles avec un large \u00e9ventail de mod\u00e8les :<\/p>\n<ul data-start=\"891\" data-end=\"1116\">\n<li data-start=\"891\" data-end=\"930\">Avalir Platinum, Avalir 2, Avalir 1<\/li>\n<li data-start=\"931\" data-end=\"968\">Sentria 2 (G10D), Sentria 1 (G10)<\/li>\n<li data-start=\"969\" data-end=\"1034\">Ultimate G Diamond Edition (G7D ou DE), Ultimate G (G7 ou UG)<\/li>\n<li data-start=\"1035\" data-end=\"1075\">Generation 6 (G6), Generation 5 (G5)<\/li>\n<li data-start=\"1076\" data-end=\"1116\">Generation 4 (G4), Generation 3 (G3)<\/li>\n<\/ul>\n<p data-start=\"1118\" data-end=\"1320\">Ainsi, vous \u00eates assur\u00e9 que votre aspirateur Kirby fonctionne parfaitement, quel que soit le mod\u00e8le. Pour plus d\u2019informations sur la compatibilit\u00e9 des pi\u00e8ces, consultez notre <a href=\"https:\/\/www.veltec.eu\/fr\/pieces-daspirateur-kirby\/\">page des pi\u00e8ces Kirby.<\/a><\/p>\n<h2 data-start=\"1327\" data-end=\"1384\">Pourquoi choisir la Courroie d\u2019entra\u00eenement Kirby 2x ?<\/h2>\n<h3 data-start=\"1386\" data-end=\"1426\">Performances de nettoyage am\u00e9lior\u00e9es<\/h3>\n<p data-start=\"1428\" data-end=\"1851\">Pourquoi est-il crucial de disposer d\u2019une courroie d\u2019entra\u00eenement Kirby fonctionnelle ? Une courroie performante garantit que la brosse tourne avec suffisamment de puissance pour extraire la salet\u00e9, la poussi\u00e8re et les poils des tapis et des sols. Votre maison para\u00eet ainsi plus propre et plus fra\u00eeche. Avec le set Courroie d\u2019entra\u00eenement Kirby 2x, vous b\u00e9n\u00e9ficiez toujours de performances de nettoyage optimales.<\/p>\n<p data-start=\"1853\" data-end=\"2032\">Pour en savoir plus sur le fonctionnement et l\u2019entretien de la courroie, consultez notre article de blog : <a href=\"https:\/\/www.service-aspirateur-kirby.fr\/courroie-dentrainement-kirby\/\" target=\"_blank\" rel=\"noopener\">Tout ce que vous devez savoir sur la courroie d\u2019entra\u00eenement Kirby.<\/a><\/p>\n<h3 data-start=\"2034\" data-end=\"2061\">Durabilit\u00e9 et fiabilit\u00e9<\/h3>\n<p data-start=\"2063\" data-end=\"2455\">Quelle est la durabilit\u00e9 d\u2019une courroie Kirby ? Ces courroies d\u2019entra\u00eenement Kirby sont fabriqu\u00e9es \u00e0 partir de mat\u00e9riaux de haute qualit\u00e9, con\u00e7ues pour durer m\u00eame en cas d\u2019utilisation intensive. Cela r\u00e9duit la fr\u00e9quence de remplacement et les co\u00fbts de maintenance. Avec deux courroies dans le set, vous \u00eates toujours pr\u00eat, m\u00eame dans les foyers o\u00f9 l\u2019aspirateur est utilis\u00e9 quotidiennement.<\/p>\n<h2 data-start=\"2462\" data-end=\"2518\">Comment remplacer une Courroie d\u2019entra\u00eenement Kirby ?<\/h2>\n<h3 data-start=\"2520\" data-end=\"2540\">Simple et rapide<\/h3>\n<p data-start=\"2542\" data-end=\"2731\">Remplacer une courroie d\u2019entra\u00eenement Kirby est facile et peut \u00eatre r\u00e9alis\u00e9 par tous. Suivez ces \u00e9tapes pour remettre la brosse de votre aspirateur en parfait \u00e9tat de fonctionnement :<\/p>\n<ol data-start=\"2733\" data-end=\"3031\">\n<li data-start=\"2733\" data-end=\"2777\">\u00c9teignez l\u2019aspirateur et d\u00e9branchez-le.<\/li>\n<li data-start=\"2778\" data-end=\"2837\">Retirez la brosse rotative de la t\u00eate de l\u2019aspirateur.<\/li>\n<li data-start=\"2838\" data-end=\"2913\">Retirez l\u2019ancienne courroie et placez la nouvelle autour de la brosse.<\/li>\n<li data-start=\"2914\" data-end=\"2967\">Remettez la brosse dans la t\u00eate de l\u2019aspirateur.<\/li>\n<li data-start=\"2968\" data-end=\"3031\">Rebranchez l\u2019aspirateur et v\u00e9rifiez le bon fonctionnement.<\/li>\n<\/ol>\n<p data-start=\"3033\" data-end=\"3284\">En rempla\u00e7ant la courroie vous-m\u00eame, vous \u00e9conomisez du temps et de l\u2019argent, sans devoir passer par un atelier de r\u00e9paration. Suivez notre vid\u00e9o d\u2019installation d\u00e9taill\u00e9e pour rendre votre aspirateur Kirby op\u00e9rationnel rapidement et efficacement.<\/p>\n<div  class='avia-video av-lnj3m1-de146df985dbe0dd28e2741edbd86741 avia-video-16-9 av-no-preview-image avia-video-load-always av-lazyload-immediate av-lazyload-video-embed'  itemprop=\"video\" itemtype=\"https:\/\/schema.org\/VideoObject\"  data-original_url='https:\/\/youtu.be\/9C1MGv44fgU'><script type='text\/html' class='av-video-tmpl'><div class='avia-iframe-wrap'><iframe loading=\"lazy\" title=\"Kirby vacuum Veltec - Replace your Kirby vacuum belt\" width=\"1500\" height=\"844\" src=\"https:\/\/www.youtube.com\/embed\/9C1MGv44fgU?feature=oembed&enablejsapi=1&origin=https:\/\/www.veltec.eu&autoplay=0&loop=0&controls=1&mute=0\" frameborder=\"0\" allow=\"accelerometer; autoplay; clipboard-write; encrypted-media; gyroscope; picture-in-picture; web-share\" referrerpolicy=\"strict-origin-when-cross-origin\" allowfullscreen><\/iframe><\/div><\/script><div class='av-click-to-play-overlay'><div class=\"avia_playpause_icon\"><\/div><\/div><\/div>\n<h2 data-start=\"4019\" data-end=\"4032\">Conclusion<\/h2>\n<p data-start=\"4034\" data-end=\"4373\">Le set Courroie d\u2019entra\u00eenement Kirby 2x est un \u00e9l\u00e9ment indispensable pour tout propri\u00e9taire d\u2019aspirateur Kirby. Avec des performances de nettoyage am\u00e9lior\u00e9es, une durabilit\u00e9 exceptionnelle, un remplacement facile et une compatibilit\u00e9 parfaite, ce set offre tout ce dont vous avez besoin pour que votre aspirateur fonctionne au mieux.<\/p>\n<p data-start=\"4375\" data-end=\"4682\">Investissez d\u00e8s aujourd\u2019hui dans le Courroie d\u2019entra\u00eenement Kirby 2x et constatez la diff\u00e9rence dans votre routine de nettoyage quotidienne. Pour plus de conseils sur l\u2019entretien de votre aspirateur, consultez \u00e9galement notre article : <a href=\"https:\/\/www.service-aspirateur-kirby.fr\/les-meilleurs-conseils-dentretien-kirby\/\" target=\"_blank\" rel=\"noopener\">Comment entretenir votre aspirateur Kirby de mani\u00e8re optimale.<\/a><\/p>\n","protected":false},"excerpt":{"rendered":"<p>Le set Courroie d\u2019entra\u00eenement Kirby 2x garantit un fonctionnement optimal de la brosse rotative. Deux courroies durables incluses, compatibles avec tous les aspirateurs Kirby. Pour large suceur plat, brosse \u00e0 r\u00e9curer et syst\u00e8me de shampoing.<\/p>\n[trustindex data-widget-id=e3bb80b24fa128098b960fc2439]\n<h3><span style=\"color: #008000;\"><br \/>\nEn stock<\/span><\/h3>\n[av_font_icon icon='ue812' font='entypo-fontello' style='' caption='' size='25px' position='left' color='#43ad66' link='' linktarget='' title_attr='' sonar_effect_effect='' sonar_effect_color='' sonar_effect_duration='1' sonar_effect_scale='' sonar_effect_opac='0.5' animation='' id='' custom_class='' template_class='' av_uid='' sc_version='1.0' admin_preview_bg=''][\/av_font_icon]\n<p><span style=\"color: #008000;\">Command\u00e9 23:59, exp\u00e9di\u00e9 demain<\/span><\/p>\n<p>&nbsp;<\/p>\n","protected":false},"featured_media":18733,"comment_status":"open","ping_status":"closed","template":"","meta":{"_acf_changed":false},"product_brand":[],"product_cat":[344,341,310,334],"product_tag":[],"class_list":{"0":"post-11970","1":"product","2":"type-product","3":"status-publish","4":"has-post-thumbnail","6":"product_cat-buse-batteuse-large-kirby","7":"product_cat-kirby-brosses-et-accessoires","8":"product_cat-kirby-systeme-de-shampoing","9":"product_cat-systeme-de-recurage-kirby-accessoires","10":"product_shipping_class-klein-de-fr","12":"first","13":"instock","14":"taxable","15":"shipping-taxable","16":"purchasable","17":"product-type-simple"},"acf":[],"yoast_head":"<!-- This site is optimized with the Yoast SEO Premium plugin v27.1 (Yoast SEO v27.5) - https:\/\/yoast.com\/product\/yoast-seo-premium-wordpress\/ -->\n<title>Courroie d\u2019entra\u00eenement Kirby 2x \u2013 Pi\u00e8ce de rechange essentielle<\/title>\n<meta name=\"description\" content=\"Am\u00e9liorez les performances de votre aspirateur Kirby avec le set Courroie d\u2019entra\u00eenement Kirby 2x. Durable, facile \u00e0 installer et compatible tous mod\u00e8les.\" \/>\n<meta name=\"robots\" content=\"index, follow, max-snippet:-1, max-image-preview:large, max-video-preview:-1\" \/>\n<link rel=\"canonical\" href=\"https:\/\/www.veltec.eu\/fr\/product\/courroie-dentrainement-kirby-2x-nl300612\/\" \/>\n<meta property=\"og:locale\" content=\"fr_FR\" \/>\n<meta property=\"og:type\" content=\"article\" \/>\n<meta property=\"og:title\" content=\"Courroie d\u2019entra\u00eenement Kirby 2x\" \/>\n<meta property=\"og:description\" content=\"Le set Courroie d\u2019entra\u00eenement Kirby 2x garantit un fonctionnement optimal de la brosse rotative. Deux courroies durables incluses, compatibles avec tous les aspirateurs Kirby. Pour large suceur plat, brosse \u00e0 r\u00e9curer et syst\u00e8me de shampoing.    En stock   Command\u00e9 23:59, exp\u00e9di\u00e9 demain  &nbsp;\" \/>\n<meta property=\"og:url\" content=\"https:\/\/www.veltec.eu\/fr\/product\/courroie-dentrainement-kirby-2x-nl300612\/\" \/>\n<meta property=\"og:site_name\" content=\"Veltec Kirby specialist\" \/>\n<meta property=\"article:publisher\" content=\"https:\/\/www.facebook.com\/Veltec-Kirby-Specialist-236746293374877\/\" \/>\n<meta property=\"article:modified_time\" content=\"2026-05-08T08:38:47+00:00\" \/>\n<meta property=\"og:image\" content=\"https:\/\/www.veltec.eu\/wp-content\/uploads\/2018\/10\/Belt-Kirby-2-4.jpg\" \/>\n\t<meta property=\"og:image:width\" content=\"500\" \/>\n\t<meta property=\"og:image:height\" content=\"500\" \/>\n\t<meta property=\"og:image:type\" content=\"image\/jpeg\" \/>\n<meta name=\"twitter:card\" content=\"summary_large_image\" \/>\n<meta name=\"twitter:label1\" content=\"Dur\u00e9e de lecture estim\u00e9e\" \/>\n\t<meta name=\"twitter:data1\" content=\"3 minutes\" \/>\n<script type=\"application\/ld+json\" class=\"yoast-schema-graph\">{\"@context\":\"https:\\\/\\\/schema.org\",\"@graph\":[{\"@type\":\"WebPage\",\"@id\":\"https:\\\/\\\/www.veltec.eu\\\/fr\\\/product\\\/courroie-dentrainement-kirby-2x-nl300612\\\/\",\"url\":\"https:\\\/\\\/www.veltec.eu\\\/fr\\\/product\\\/courroie-dentrainement-kirby-2x-nl300612\\\/\",\"name\":\"Courroie d\u2019entra\u00eenement Kirby 2x \u2013 Pi\u00e8ce de rechange essentielle\",\"isPartOf\":{\"@id\":\"https:\\\/\\\/www.veltec.eu\\\/en\\\/#website\"},\"primaryImageOfPage\":{\"@id\":\"https:\\\/\\\/www.veltec.eu\\\/fr\\\/product\\\/courroie-dentrainement-kirby-2x-nl300612\\\/#primaryimage\"},\"image\":{\"@id\":\"https:\\\/\\\/www.veltec.eu\\\/fr\\\/product\\\/courroie-dentrainement-kirby-2x-nl300612\\\/#primaryimage\"},\"thumbnailUrl\":\"https:\\\/\\\/www.veltec.eu\\\/wp-content\\\/uploads\\\/2018\\\/10\\\/Belt-Kirby-2-4.jpg\",\"datePublished\":\"2018-10-16T14:28:01+00:00\",\"dateModified\":\"2026-05-08T08:38:47+00:00\",\"description\":\"Am\u00e9liorez les performances de votre aspirateur Kirby avec le set Courroie d\u2019entra\u00eenement Kirby 2x. Durable, facile \u00e0 installer et compatible tous mod\u00e8les.\",\"breadcrumb\":{\"@id\":\"https:\\\/\\\/www.veltec.eu\\\/fr\\\/product\\\/courroie-dentrainement-kirby-2x-nl300612\\\/#breadcrumb\"},\"inLanguage\":\"fr-FR\",\"potentialAction\":[{\"@type\":\"ReadAction\",\"target\":[\"https:\\\/\\\/www.veltec.eu\\\/fr\\\/product\\\/courroie-dentrainement-kirby-2x-nl300612\\\/\"]}]},{\"@type\":\"ImageObject\",\"inLanguage\":\"fr-FR\",\"@id\":\"https:\\\/\\\/www.veltec.eu\\\/fr\\\/product\\\/courroie-dentrainement-kirby-2x-nl300612\\\/#primaryimage\",\"url\":\"https:\\\/\\\/www.veltec.eu\\\/wp-content\\\/uploads\\\/2018\\\/10\\\/Belt-Kirby-2-4.jpg\",\"contentUrl\":\"https:\\\/\\\/www.veltec.eu\\\/wp-content\\\/uploads\\\/2018\\\/10\\\/Belt-Kirby-2-4.jpg\",\"width\":500,\"height\":500},{\"@type\":\"BreadcrumbList\",\"@id\":\"https:\\\/\\\/www.veltec.eu\\\/fr\\\/product\\\/courroie-dentrainement-kirby-2x-nl300612\\\/#breadcrumb\",\"itemListElement\":[{\"@type\":\"ListItem\",\"position\":1,\"name\":\"Home\",\"item\":\"https:\\\/\\\/www.veltec.eu\\\/fr\\\/accueil\\\/\"},{\"@type\":\"ListItem\",\"position\":2,\"name\":\"Boutique Kirby\",\"item\":\"https:\\\/\\\/www.veltec.eu\\\/fr\\\/boutique-kirby\\\/\"},{\"@type\":\"ListItem\",\"position\":3,\"name\":\"Courroie d\u2019entra\u00eenement Kirby 2x\"}]},{\"@type\":\"WebSite\",\"@id\":\"https:\\\/\\\/www.veltec.eu\\\/en\\\/#website\",\"url\":\"https:\\\/\\\/www.veltec.eu\\\/en\\\/\",\"name\":\"Veltec Kirby specialist\",\"description\":\"Kirby stofzuiger producten\",\"publisher\":{\"@id\":\"https:\\\/\\\/www.veltec.eu\\\/en\\\/#organization\"},\"potentialAction\":[{\"@type\":\"SearchAction\",\"target\":{\"@type\":\"EntryPoint\",\"urlTemplate\":\"https:\\\/\\\/www.veltec.eu\\\/en\\\/?s={search_term_string}\"},\"query-input\":{\"@type\":\"PropertyValueSpecification\",\"valueRequired\":true,\"valueName\":\"search_term_string\"}}],\"inLanguage\":\"fr-FR\"},{\"@type\":\"Organization\",\"@id\":\"https:\\\/\\\/www.veltec.eu\\\/en\\\/#organization\",\"name\":\"Veltec Kirby Specialist\",\"url\":\"https:\\\/\\\/www.veltec.eu\\\/en\\\/\",\"logo\":{\"@type\":\"ImageObject\",\"inLanguage\":\"fr-FR\",\"@id\":\"https:\\\/\\\/www.veltec.eu\\\/en\\\/#\\\/schema\\\/logo\\\/image\\\/\",\"url\":\"https:\\\/\\\/www.veltec.eu\\\/wp-content\\\/uploads\\\/2021\\\/12\\\/Veltec-log-groot-e1537260889125.png\",\"contentUrl\":\"https:\\\/\\\/www.veltec.eu\\\/wp-content\\\/uploads\\\/2021\\\/12\\\/Veltec-log-groot-e1537260889125.png\",\"width\":200,\"height\":60,\"caption\":\"Veltec Kirby Specialist\"},\"image\":{\"@id\":\"https:\\\/\\\/www.veltec.eu\\\/en\\\/#\\\/schema\\\/logo\\\/image\\\/\"},\"sameAs\":[\"https:\\\/\\\/www.facebook.com\\\/Veltec-Kirby-Specialist-236746293374877\\\/\",\"https:\\\/\\\/www.youtube.com\\\/user\\\/VeltecService\"]}]}<\/script>\n<!-- \/ Yoast SEO Premium plugin. -->","yoast_head_json":{"title":"Courroie d\u2019entra\u00eenement Kirby 2x \u2013 Pi\u00e8ce de rechange essentielle","description":"Am\u00e9liorez les performances de votre aspirateur Kirby avec le set Courroie d\u2019entra\u00eenement Kirby 2x. Durable, facile \u00e0 installer et compatible tous mod\u00e8les.","robots":{"index":"index","follow":"follow","max-snippet":"max-snippet:-1","max-image-preview":"max-image-preview:large","max-video-preview":"max-video-preview:-1"},"canonical":"https:\/\/www.veltec.eu\/fr\/product\/courroie-dentrainement-kirby-2x-nl300612\/","og_locale":"fr_FR","og_type":"article","og_title":"Courroie d\u2019entra\u00eenement Kirby 2x","og_description":"Le set Courroie d\u2019entra\u00eenement Kirby 2x garantit un fonctionnement optimal de la brosse rotative. Deux courroies durables incluses, compatibles avec tous les aspirateurs Kirby. Pour large suceur plat, brosse \u00e0 r\u00e9curer et syst\u00e8me de shampoing.    En stock   Command\u00e9 23:59, exp\u00e9di\u00e9 demain  &nbsp;","og_url":"https:\/\/www.veltec.eu\/fr\/product\/courroie-dentrainement-kirby-2x-nl300612\/","og_site_name":"Veltec Kirby specialist","article_publisher":"https:\/\/www.facebook.com\/Veltec-Kirby-Specialist-236746293374877\/","article_modified_time":"2026-05-08T08:38:47+00:00","og_image":[{"width":500,"height":500,"url":"https:\/\/www.veltec.eu\/wp-content\/uploads\/2018\/10\/Belt-Kirby-2-4.jpg","type":"image\/jpeg"}],"twitter_card":"summary_large_image","twitter_misc":{"Dur\u00e9e de lecture estim\u00e9e":"3 minutes"},"schema":{"@context":"https:\/\/schema.org","@graph":[{"@type":"WebPage","@id":"https:\/\/www.veltec.eu\/fr\/product\/courroie-dentrainement-kirby-2x-nl300612\/","url":"https:\/\/www.veltec.eu\/fr\/product\/courroie-dentrainement-kirby-2x-nl300612\/","name":"Courroie d\u2019entra\u00eenement Kirby 2x \u2013 Pi\u00e8ce de rechange essentielle","isPartOf":{"@id":"https:\/\/www.veltec.eu\/en\/#website"},"primaryImageOfPage":{"@id":"https:\/\/www.veltec.eu\/fr\/product\/courroie-dentrainement-kirby-2x-nl300612\/#primaryimage"},"image":{"@id":"https:\/\/www.veltec.eu\/fr\/product\/courroie-dentrainement-kirby-2x-nl300612\/#primaryimage"},"thumbnailUrl":"https:\/\/www.veltec.eu\/wp-content\/uploads\/2018\/10\/Belt-Kirby-2-4.jpg","datePublished":"2018-10-16T14:28:01+00:00","dateModified":"2026-05-08T08:38:47+00:00","description":"Am\u00e9liorez les performances de votre aspirateur Kirby avec le set Courroie d\u2019entra\u00eenement Kirby 2x. Durable, facile \u00e0 installer et compatible tous mod\u00e8les.","breadcrumb":{"@id":"https:\/\/www.veltec.eu\/fr\/product\/courroie-dentrainement-kirby-2x-nl300612\/#breadcrumb"},"inLanguage":"fr-FR","potentialAction":[{"@type":"ReadAction","target":["https:\/\/www.veltec.eu\/fr\/product\/courroie-dentrainement-kirby-2x-nl300612\/"]}]},{"@type":"ImageObject","inLanguage":"fr-FR","@id":"https:\/\/www.veltec.eu\/fr\/product\/courroie-dentrainement-kirby-2x-nl300612\/#primaryimage","url":"https:\/\/www.veltec.eu\/wp-content\/uploads\/2018\/10\/Belt-Kirby-2-4.jpg","contentUrl":"https:\/\/www.veltec.eu\/wp-content\/uploads\/2018\/10\/Belt-Kirby-2-4.jpg","width":500,"height":500},{"@type":"BreadcrumbList","@id":"https:\/\/www.veltec.eu\/fr\/product\/courroie-dentrainement-kirby-2x-nl300612\/#breadcrumb","itemListElement":[{"@type":"ListItem","position":1,"name":"Home","item":"https:\/\/www.veltec.eu\/fr\/accueil\/"},{"@type":"ListItem","position":2,"name":"Boutique Kirby","item":"https:\/\/www.veltec.eu\/fr\/boutique-kirby\/"},{"@type":"ListItem","position":3,"name":"Courroie d\u2019entra\u00eenement Kirby 2x"}]},{"@type":"WebSite","@id":"https:\/\/www.veltec.eu\/en\/#website","url":"https:\/\/www.veltec.eu\/en\/","name":"Veltec Kirby specialist","description":"Kirby stofzuiger producten","publisher":{"@id":"https:\/\/www.veltec.eu\/en\/#organization"},"potentialAction":[{"@type":"SearchAction","target":{"@type":"EntryPoint","urlTemplate":"https:\/\/www.veltec.eu\/en\/?s={search_term_string}"},"query-input":{"@type":"PropertyValueSpecification","valueRequired":true,"valueName":"search_term_string"}}],"inLanguage":"fr-FR"},{"@type":"Organization","@id":"https:\/\/www.veltec.eu\/en\/#organization","name":"Veltec Kirby Specialist","url":"https:\/\/www.veltec.eu\/en\/","logo":{"@type":"ImageObject","inLanguage":"fr-FR","@id":"https:\/\/www.veltec.eu\/en\/#\/schema\/logo\/image\/","url":"https:\/\/www.veltec.eu\/wp-content\/uploads\/2021\/12\/Veltec-log-groot-e1537260889125.png","contentUrl":"https:\/\/www.veltec.eu\/wp-content\/uploads\/2021\/12\/Veltec-log-groot-e1537260889125.png","width":200,"height":60,"caption":"Veltec Kirby Specialist"},"image":{"@id":"https:\/\/www.veltec.eu\/en\/#\/schema\/logo\/image\/"},"sameAs":["https:\/\/www.facebook.com\/Veltec-Kirby-Specialist-236746293374877\/","https:\/\/www.youtube.com\/user\/VeltecService"]}]}},"_links":{"self":[{"href":"https:\/\/www.veltec.eu\/fr\/wp-json\/wp\/v2\/product\/11970","targetHints":{"allow":["GET"]}}],"collection":[{"href":"https:\/\/www.veltec.eu\/fr\/wp-json\/wp\/v2\/product"}],"about":[{"href":"https:\/\/www.veltec.eu\/fr\/wp-json\/wp\/v2\/types\/product"}],"replies":[{"embeddable":true,"href":"https:\/\/www.veltec.eu\/fr\/wp-json\/wp\/v2\/comments?post=11970"}],"wp:featuredmedia":[{"embeddable":true,"href":"https:\/\/www.veltec.eu\/fr\/wp-json\/wp\/v2\/media\/18733"}],"wp:attachment":[{"href":"https:\/\/www.veltec.eu\/fr\/wp-json\/wp\/v2\/media?parent=11970"}],"wp:term":[{"taxonomy":"product_brand","embeddable":true,"href":"https:\/\/www.veltec.eu\/fr\/wp-json\/wp\/v2\/product_brand?post=11970"},{"taxonomy":"product_cat","embeddable":true,"href":"https:\/\/www.veltec.eu\/fr\/wp-json\/wp\/v2\/product_cat?post=11970"},{"taxonomy":"product_tag","embeddable":true,"href":"https:\/\/www.veltec.eu\/fr\/wp-json\/wp\/v2\/product_tag?post=11970"}],"curies":[{"name":"wp","href":"https:\/\/api.w.org\/{rel}","templated":true}]}}