{"id":11955,"date":"2018-10-17T14:58:10","date_gmt":"2018-10-17T12:58:10","guid":{"rendered":"https:\/\/www.veltec.eu\/kirby-webshop\/shampooing-de-prelavage-650-ml-nl3101\/"},"modified":"2025-11-04T14:43:34","modified_gmt":"2025-11-04T12:43:34","slug":"kirby-shampooing-pretraitement-650-ml","status":"publish","type":"product","link":"https:\/\/www.veltec.eu\/fr\/product\/kirby-shampooing-pretraitement-650-ml\/","title":{"rendered":"Kirby Shampooing Pr\u00e9traitement 650 ml"},"content":{"rendered":"<h1 data-start=\"160\" data-end=\"199\">Kirby Shampooing Pr\u00e9traitement 650 ml<\/h1>\n<p data-start=\"201\" data-end=\"437\">Kirby Shampooing Pr\u00e9traitement 650 ml \u00e9limine facilement les taches tenaces d\u2019huile et de graisse et pr\u00e9pare parfaitement vos tapis \u00e0 un nettoyage en profondeur avec un shampooing pour tapis, pour un r\u00e9sultat frais et professionnel.<\/p>\n<h2 data-start=\"439\" data-end=\"493\">Qu\u2019est-ce que le Kirby Shampooing Pr\u00e9traitement ?<\/h2>\n<p data-start=\"494\" data-end=\"999\">Le Kirby Shampooing Pr\u00e9traitement 650 ml est un puissant d\u00e9tachant sp\u00e9cialement con\u00e7u pour le pr\u00e9traitement des taches d\u2019huile et de graisse sur les tapis avant l\u2019utilisation d\u2019un shampooing pour tapis. Ce produit permet de dissoudre efficacement les taches tenaces, rendant votre tapis comme neuf. Le flacon pulv\u00e9risateur pratique de 650 ml facilite l\u2019application et \u00e9vite le gaspillage. D\u00e9couvrez tous les <a href=\"https:\/\/www.veltec.eu\/fr\/?page_id=59735\" target=\"_blank\" rel=\"noopener\">produits de nettoyage Kirby<\/a> et am\u00e9liorez vos r\u00e9sultats avec une qualit\u00e9 professionnelle.<\/p>\n<h2 data-start=\"1001\" data-end=\"1053\">\u00c0 quoi sert le Kirby Shampooing Pr\u00e9traitement ?<\/h2>\n<p data-start=\"1054\" data-end=\"1180\">Vous avez des taches incrust\u00e9es sur votre tapis ? Le Kirby Shampooing Pr\u00e9traitement est la solution id\u00e9ale. Ce produit :<\/p>\n<ul data-start=\"1182\" data-end=\"1507\">\n<li data-start=\"1182\" data-end=\"1266\">\u00c9limine efficacement les taches d\u2019huile, de graisse et autres taches difficiles.<\/li>\n<li data-start=\"1267\" data-end=\"1355\">Pr\u00e9pare le tapis pour un nettoyage plus profond avec un shampooing pour tapis Kirby.<\/li>\n<li data-start=\"1356\" data-end=\"1428\">Am\u00e9liore l\u2019efficacit\u00e9 du nettoyage en d\u00e9tachant les salet\u00e9s tenaces.<\/li>\n<li data-start=\"1429\" data-end=\"1507\">Ne laisse pas de r\u00e9sidus collants et conserve la fra\u00eecheur de votre tapis.<\/li>\n<\/ul>\n<p data-start=\"1509\" data-end=\"1799\">Vous voulez savoir comment enlever facilement les taches tenaces ? Ce pr\u00e9traitement assure un nettoyage complet et sans effort. Pour plus de conseils, consultez notre <a class=\"decorated-link cursor-pointer\" target=\"_new\" rel=\"noopener\" data-start=\"1676\" data-end=\"1798\">blog : <\/a><a href=\"https:\/\/www.service-aspirateur-kirby.fr\/produits-de-nettoyage-kirby\/\" target=\"_blank\" rel=\"noopener\">Tout sur les produits de nettoyage Kirby : Le guide complet pour un nettoyage efficace.<\/a><\/p>\n<h2 data-start=\"1801\" data-end=\"1852\">Comment utiliser le Shampooing Pr\u00e9traitement ?<\/h2>\n<p data-start=\"1853\" data-end=\"1961\">Pour obtenir des r\u00e9sultats optimaux avec le Kirby Shampooing Pr\u00e9traitement 650 ml, suivez ces \u00e9tapes :<\/p>\n<ol data-start=\"1963\" data-end=\"2363\">\n<li data-start=\"1963\" data-end=\"2008\">Agitez bien le flacon avant utilisation.<\/li>\n<li data-start=\"2009\" data-end=\"2099\">Vaporisez le pr\u00e9traitement directement sur la tache et laissez agir quelques minutes.<\/li>\n<li data-start=\"2100\" data-end=\"2184\">Frottez l\u00e9g\u00e8rement avec une brosse douce ou un chiffon pour d\u00e9tacher la salet\u00e9.<\/li>\n<li data-start=\"2185\" data-end=\"2296\">Nettoyez le tapis avec un shampooing pour tapis Kirby pour \u00e9liminer toutes les traces et taches restantes.<\/li>\n<li data-start=\"2297\" data-end=\"2363\">Laissez le tapis s\u00e9cher compl\u00e8tement avant de marcher dessus.<\/li>\n<\/ol>\n<p data-start=\"2365\" data-end=\"2476\">En suivant cette m\u00e9thode, m\u00eame les taches les plus tenaces disparaissent, laissant votre tapis frais et propre.<\/p>\n<h2 data-start=\"2478\" data-end=\"2544\">Caract\u00e9ristiques techniques du Kirby Shampooing Pr\u00e9traitement<\/h2>\n<p data-start=\"2545\" data-end=\"2683\">Le Kirby Shampooing Pr\u00e9traitement convient \u00e0 diff\u00e9rents types de tapis et moquettes, fibres synth\u00e9tiques ou naturelles. Le produit :<\/p>\n<ul data-start=\"2685\" data-end=\"2971\">\n<li data-start=\"2685\" data-end=\"2747\">Est livr\u00e9 dans un flacon pulv\u00e9risateur pratique de 650 ml.<\/li>\n<li data-start=\"2748\" data-end=\"2827\">Contient une formule sp\u00e9ciale qui d\u00e9tache les taches d\u2019huile et de graisse.<\/li>\n<li data-start=\"2828\" data-end=\"2891\">Est s\u00fbr pour les fibres du tapis et ne laisse aucun r\u00e9sidu.<\/li>\n<li data-start=\"2892\" data-end=\"2971\">Am\u00e9liore la p\u00e9n\u00e9tration du shampooing pour tapis pour un nettoyage optimal.<\/li>\n<\/ul>\n<h2 data-start=\"2973\" data-end=\"2999\">Entretien et conseils<\/h2>\n<p data-start=\"3000\" data-end=\"3292\">Pour garder vos tapis propres plus longtemps, utilisez r\u00e9guli\u00e8rement le Kirby Shampooing Pr\u00e9traitement 650 ml sur les nouvelles taches et combinez-le avec un shampooing pour tapis Kirby pour un r\u00e9sultat parfait. Veillez \u00e0 bien refermer le flacon et \u00e0 le garder hors de port\u00e9e des enfants.<\/p>\n<p data-start=\"3294\" data-end=\"3420\">Commandez d\u00e8s aujourd\u2019hui le Kirby Shampooing Pr\u00e9traitement 650 ml et profitez d\u2019un tapis \u00e9clatant et sans taches tenaces.<\/p>\n","protected":false},"excerpt":{"rendered":"<p>Le Kirby Shampooing Pr\u00e9traitement 650 ml \u00e9limine efficacement les taches d\u2019huile et de graisse et pr\u00e9pare vos tapis pour un nettoyage en profondeur avec un shampooing pour tapis. Id\u00e9al pour un r\u00e9sultat frais et professionnel.<\/p>\n[trustindex data-widget-id=e3bb80b24fa128098b960fc2439]\n<h3><span style=\"color: #008000;\"><br \/>\nEn stock<\/span><\/h3>\n[av_font_icon icon='ue812' font='entypo-fontello' style='' caption='' size='25px' position='left' color='#43ad66' link='' linktarget='' title_attr='' sonar_effect_effect='' sonar_effect_color='' sonar_effect_duration='1' sonar_effect_scale='' sonar_effect_opac='0.5' animation='' id='' custom_class='' template_class='' av_uid='' sc_version='1.0' admin_preview_bg=''][\/av_font_icon]\n<p><span style=\"color: #008000;\">Command\u00e9 23:59, exp\u00e9di\u00e9 demain<\/span><\/p>\n<p>&nbsp;<\/p>\n","protected":false},"featured_media":41222,"comment_status":"open","ping_status":"closed","template":"","meta":{"_acf_changed":false},"product_brand":[],"product_cat":[373],"product_tag":[],"class_list":{"0":"post-11955","1":"product","2":"type-product","3":"status-publish","4":"has-post-thumbnail","6":"product_cat-produits-de-nettoyage-kirby","7":"product_shipping_class-klein-de-fr","9":"first","10":"instock","11":"taxable","12":"shipping-taxable","13":"purchasable","14":"product-type-simple"},"acf":[],"yoast_head":"<!-- This site is optimized with the Yoast SEO Premium plugin v27.1 (Yoast SEO v27.4) - https:\/\/yoast.com\/product\/yoast-seo-premium-wordpress\/ -->\n<title>Kirby Shampooing Pr\u00e9traitement 650 ml \u2013 D\u00e9tachant Puissant<\/title>\n<meta name=\"description\" content=\"\u00c9liminez facilement les taches d\u2019huile et de graisse avec Kirby Shampooing Pr\u00e9traitement 650 ml. Pr\u00e9parez vos tapis pour un nettoyage en profondeur.\" \/>\n<meta name=\"robots\" content=\"index, follow, max-snippet:-1, max-image-preview:large, max-video-preview:-1\" \/>\n<link rel=\"canonical\" href=\"https:\/\/www.veltec.eu\/fr\/product\/kirby-shampooing-pretraitement-650-ml\/\" \/>\n<meta property=\"og:locale\" content=\"fr_FR\" \/>\n<meta property=\"og:type\" content=\"article\" \/>\n<meta property=\"og:title\" content=\"Kirby Shampooing Pr\u00e9traitement 650 ml\" \/>\n<meta property=\"og:description\" content=\"Le Kirby Shampooing Pr\u00e9traitement 650 ml \u00e9limine efficacement les taches d\u2019huile et de graisse et pr\u00e9pare vos tapis pour un nettoyage en profondeur avec un shampooing pour tapis. Id\u00e9al pour un r\u00e9sultat frais et professionnel.    En stock   Command\u00e9 23:59, exp\u00e9di\u00e9 demain  &nbsp;\" \/>\n<meta property=\"og:url\" content=\"https:\/\/www.veltec.eu\/fr\/product\/kirby-shampooing-pretraitement-650-ml\/\" \/>\n<meta property=\"og:site_name\" content=\"Veltec Kirby specialist\" \/>\n<meta property=\"article:publisher\" content=\"https:\/\/www.facebook.com\/Veltec-Kirby-Specialist-236746293374877\/\" \/>\n<meta property=\"article:modified_time\" content=\"2025-11-04T12:43:34+00:00\" \/>\n<meta property=\"og:image\" content=\"https:\/\/www.veltec.eu\/wp-content\/uploads\/2018\/10\/s-l1600-1.jpg\" \/>\n\t<meta property=\"og:image:width\" content=\"600\" \/>\n\t<meta property=\"og:image:height\" content=\"600\" \/>\n\t<meta property=\"og:image:type\" content=\"image\/jpeg\" \/>\n<meta name=\"twitter:card\" content=\"summary_large_image\" \/>\n<meta name=\"twitter:label1\" content=\"Dur\u00e9e de lecture estim\u00e9e\" \/>\n\t<meta name=\"twitter:data1\" content=\"3 minutes\" \/>\n<script type=\"application\/ld+json\" class=\"yoast-schema-graph\">{\"@context\":\"https:\\\/\\\/schema.org\",\"@graph\":[{\"@type\":\"WebPage\",\"@id\":\"https:\\\/\\\/www.veltec.eu\\\/fr\\\/product\\\/kirby-shampooing-pretraitement-650-ml\\\/\",\"url\":\"https:\\\/\\\/www.veltec.eu\\\/fr\\\/product\\\/kirby-shampooing-pretraitement-650-ml\\\/\",\"name\":\"Kirby Shampooing Pr\u00e9traitement 650 ml \u2013 D\u00e9tachant Puissant\",\"isPartOf\":{\"@id\":\"https:\\\/\\\/www.veltec.eu\\\/en\\\/#website\"},\"primaryImageOfPage\":{\"@id\":\"https:\\\/\\\/www.veltec.eu\\\/fr\\\/product\\\/kirby-shampooing-pretraitement-650-ml\\\/#primaryimage\"},\"image\":{\"@id\":\"https:\\\/\\\/www.veltec.eu\\\/fr\\\/product\\\/kirby-shampooing-pretraitement-650-ml\\\/#primaryimage\"},\"thumbnailUrl\":\"https:\\\/\\\/www.veltec.eu\\\/wp-content\\\/uploads\\\/2018\\\/10\\\/s-l1600-1.jpg\",\"datePublished\":\"2018-10-17T12:58:10+00:00\",\"dateModified\":\"2025-11-04T12:43:34+00:00\",\"description\":\"\u00c9liminez facilement les taches d\u2019huile et de graisse avec Kirby Shampooing Pr\u00e9traitement 650 ml. Pr\u00e9parez vos tapis pour un nettoyage en profondeur.\",\"breadcrumb\":{\"@id\":\"https:\\\/\\\/www.veltec.eu\\\/fr\\\/product\\\/kirby-shampooing-pretraitement-650-ml\\\/#breadcrumb\"},\"inLanguage\":\"fr-FR\",\"potentialAction\":[{\"@type\":\"ReadAction\",\"target\":[\"https:\\\/\\\/www.veltec.eu\\\/fr\\\/product\\\/kirby-shampooing-pretraitement-650-ml\\\/\"]}]},{\"@type\":\"ImageObject\",\"inLanguage\":\"fr-FR\",\"@id\":\"https:\\\/\\\/www.veltec.eu\\\/fr\\\/product\\\/kirby-shampooing-pretraitement-650-ml\\\/#primaryimage\",\"url\":\"https:\\\/\\\/www.veltec.eu\\\/wp-content\\\/uploads\\\/2018\\\/10\\\/s-l1600-1.jpg\",\"contentUrl\":\"https:\\\/\\\/www.veltec.eu\\\/wp-content\\\/uploads\\\/2018\\\/10\\\/s-l1600-1.jpg\",\"width\":600,\"height\":600},{\"@type\":\"BreadcrumbList\",\"@id\":\"https:\\\/\\\/www.veltec.eu\\\/fr\\\/product\\\/kirby-shampooing-pretraitement-650-ml\\\/#breadcrumb\",\"itemListElement\":[{\"@type\":\"ListItem\",\"position\":1,\"name\":\"Home\",\"item\":\"https:\\\/\\\/www.veltec.eu\\\/fr\\\/\"},{\"@type\":\"ListItem\",\"position\":2,\"name\":\"Boutique Kirby\",\"item\":\"https:\\\/\\\/www.veltec.eu\\\/fr\\\/boutique-kirby\\\/\"},{\"@type\":\"ListItem\",\"position\":3,\"name\":\"Kirby Shampooing Pr\u00e9traitement 650 ml\"}]},{\"@type\":\"WebSite\",\"@id\":\"https:\\\/\\\/www.veltec.eu\\\/en\\\/#website\",\"url\":\"https:\\\/\\\/www.veltec.eu\\\/en\\\/\",\"name\":\"Veltec Kirby specialist\",\"description\":\"Kirby stofzuiger producten\",\"publisher\":{\"@id\":\"https:\\\/\\\/www.veltec.eu\\\/en\\\/#organization\"},\"potentialAction\":[{\"@type\":\"SearchAction\",\"target\":{\"@type\":\"EntryPoint\",\"urlTemplate\":\"https:\\\/\\\/www.veltec.eu\\\/en\\\/?s={search_term_string}\"},\"query-input\":{\"@type\":\"PropertyValueSpecification\",\"valueRequired\":true,\"valueName\":\"search_term_string\"}}],\"inLanguage\":\"fr-FR\"},{\"@type\":\"Organization\",\"@id\":\"https:\\\/\\\/www.veltec.eu\\\/en\\\/#organization\",\"name\":\"Veltec Kirby Specialist\",\"url\":\"https:\\\/\\\/www.veltec.eu\\\/en\\\/\",\"logo\":{\"@type\":\"ImageObject\",\"inLanguage\":\"fr-FR\",\"@id\":\"https:\\\/\\\/www.veltec.eu\\\/en\\\/#\\\/schema\\\/logo\\\/image\\\/\",\"url\":\"https:\\\/\\\/www.veltec.eu\\\/wp-content\\\/uploads\\\/2021\\\/12\\\/Veltec-log-groot-e1537260889125.png\",\"contentUrl\":\"https:\\\/\\\/www.veltec.eu\\\/wp-content\\\/uploads\\\/2021\\\/12\\\/Veltec-log-groot-e1537260889125.png\",\"width\":200,\"height\":60,\"caption\":\"Veltec Kirby Specialist\"},\"image\":{\"@id\":\"https:\\\/\\\/www.veltec.eu\\\/en\\\/#\\\/schema\\\/logo\\\/image\\\/\"},\"sameAs\":[\"https:\\\/\\\/www.facebook.com\\\/Veltec-Kirby-Specialist-236746293374877\\\/\",\"https:\\\/\\\/www.youtube.com\\\/user\\\/VeltecService\"]}]}<\/script>\n<!-- \/ Yoast SEO Premium plugin. -->","yoast_head_json":{"title":"Kirby Shampooing Pr\u00e9traitement 650 ml \u2013 D\u00e9tachant Puissant","description":"\u00c9liminez facilement les taches d\u2019huile et de graisse avec Kirby Shampooing Pr\u00e9traitement 650 ml. Pr\u00e9parez vos tapis pour un nettoyage en profondeur.","robots":{"index":"index","follow":"follow","max-snippet":"max-snippet:-1","max-image-preview":"max-image-preview:large","max-video-preview":"max-video-preview:-1"},"canonical":"https:\/\/www.veltec.eu\/fr\/product\/kirby-shampooing-pretraitement-650-ml\/","og_locale":"fr_FR","og_type":"article","og_title":"Kirby Shampooing Pr\u00e9traitement 650 ml","og_description":"Le Kirby Shampooing Pr\u00e9traitement 650 ml \u00e9limine efficacement les taches d\u2019huile et de graisse et pr\u00e9pare vos tapis pour un nettoyage en profondeur avec un shampooing pour tapis. Id\u00e9al pour un r\u00e9sultat frais et professionnel.    En stock   Command\u00e9 23:59, exp\u00e9di\u00e9 demain  &nbsp;","og_url":"https:\/\/www.veltec.eu\/fr\/product\/kirby-shampooing-pretraitement-650-ml\/","og_site_name":"Veltec Kirby specialist","article_publisher":"https:\/\/www.facebook.com\/Veltec-Kirby-Specialist-236746293374877\/","article_modified_time":"2025-11-04T12:43:34+00:00","og_image":[{"width":600,"height":600,"url":"https:\/\/www.veltec.eu\/wp-content\/uploads\/2018\/10\/s-l1600-1.jpg","type":"image\/jpeg"}],"twitter_card":"summary_large_image","twitter_misc":{"Dur\u00e9e de lecture estim\u00e9e":"3 minutes"},"schema":{"@context":"https:\/\/schema.org","@graph":[{"@type":"WebPage","@id":"https:\/\/www.veltec.eu\/fr\/product\/kirby-shampooing-pretraitement-650-ml\/","url":"https:\/\/www.veltec.eu\/fr\/product\/kirby-shampooing-pretraitement-650-ml\/","name":"Kirby Shampooing Pr\u00e9traitement 650 ml \u2013 D\u00e9tachant Puissant","isPartOf":{"@id":"https:\/\/www.veltec.eu\/en\/#website"},"primaryImageOfPage":{"@id":"https:\/\/www.veltec.eu\/fr\/product\/kirby-shampooing-pretraitement-650-ml\/#primaryimage"},"image":{"@id":"https:\/\/www.veltec.eu\/fr\/product\/kirby-shampooing-pretraitement-650-ml\/#primaryimage"},"thumbnailUrl":"https:\/\/www.veltec.eu\/wp-content\/uploads\/2018\/10\/s-l1600-1.jpg","datePublished":"2018-10-17T12:58:10+00:00","dateModified":"2025-11-04T12:43:34+00:00","description":"\u00c9liminez facilement les taches d\u2019huile et de graisse avec Kirby Shampooing Pr\u00e9traitement 650 ml. Pr\u00e9parez vos tapis pour un nettoyage en profondeur.","breadcrumb":{"@id":"https:\/\/www.veltec.eu\/fr\/product\/kirby-shampooing-pretraitement-650-ml\/#breadcrumb"},"inLanguage":"fr-FR","potentialAction":[{"@type":"ReadAction","target":["https:\/\/www.veltec.eu\/fr\/product\/kirby-shampooing-pretraitement-650-ml\/"]}]},{"@type":"ImageObject","inLanguage":"fr-FR","@id":"https:\/\/www.veltec.eu\/fr\/product\/kirby-shampooing-pretraitement-650-ml\/#primaryimage","url":"https:\/\/www.veltec.eu\/wp-content\/uploads\/2018\/10\/s-l1600-1.jpg","contentUrl":"https:\/\/www.veltec.eu\/wp-content\/uploads\/2018\/10\/s-l1600-1.jpg","width":600,"height":600},{"@type":"BreadcrumbList","@id":"https:\/\/www.veltec.eu\/fr\/product\/kirby-shampooing-pretraitement-650-ml\/#breadcrumb","itemListElement":[{"@type":"ListItem","position":1,"name":"Home","item":"https:\/\/www.veltec.eu\/fr\/"},{"@type":"ListItem","position":2,"name":"Boutique Kirby","item":"https:\/\/www.veltec.eu\/fr\/boutique-kirby\/"},{"@type":"ListItem","position":3,"name":"Kirby Shampooing Pr\u00e9traitement 650 ml"}]},{"@type":"WebSite","@id":"https:\/\/www.veltec.eu\/en\/#website","url":"https:\/\/www.veltec.eu\/en\/","name":"Veltec Kirby specialist","description":"Kirby stofzuiger producten","publisher":{"@id":"https:\/\/www.veltec.eu\/en\/#organization"},"potentialAction":[{"@type":"SearchAction","target":{"@type":"EntryPoint","urlTemplate":"https:\/\/www.veltec.eu\/en\/?s={search_term_string}"},"query-input":{"@type":"PropertyValueSpecification","valueRequired":true,"valueName":"search_term_string"}}],"inLanguage":"fr-FR"},{"@type":"Organization","@id":"https:\/\/www.veltec.eu\/en\/#organization","name":"Veltec Kirby Specialist","url":"https:\/\/www.veltec.eu\/en\/","logo":{"@type":"ImageObject","inLanguage":"fr-FR","@id":"https:\/\/www.veltec.eu\/en\/#\/schema\/logo\/image\/","url":"https:\/\/www.veltec.eu\/wp-content\/uploads\/2021\/12\/Veltec-log-groot-e1537260889125.png","contentUrl":"https:\/\/www.veltec.eu\/wp-content\/uploads\/2021\/12\/Veltec-log-groot-e1537260889125.png","width":200,"height":60,"caption":"Veltec Kirby Specialist"},"image":{"@id":"https:\/\/www.veltec.eu\/en\/#\/schema\/logo\/image\/"},"sameAs":["https:\/\/www.facebook.com\/Veltec-Kirby-Specialist-236746293374877\/","https:\/\/www.youtube.com\/user\/VeltecService"]}]}},"_links":{"self":[{"href":"https:\/\/www.veltec.eu\/fr\/wp-json\/wp\/v2\/product\/11955","targetHints":{"allow":["GET"]}}],"collection":[{"href":"https:\/\/www.veltec.eu\/fr\/wp-json\/wp\/v2\/product"}],"about":[{"href":"https:\/\/www.veltec.eu\/fr\/wp-json\/wp\/v2\/types\/product"}],"replies":[{"embeddable":true,"href":"https:\/\/www.veltec.eu\/fr\/wp-json\/wp\/v2\/comments?post=11955"}],"wp:featuredmedia":[{"embeddable":true,"href":"https:\/\/www.veltec.eu\/fr\/wp-json\/wp\/v2\/media\/41222"}],"wp:attachment":[{"href":"https:\/\/www.veltec.eu\/fr\/wp-json\/wp\/v2\/media?parent=11955"}],"wp:term":[{"taxonomy":"product_brand","embeddable":true,"href":"https:\/\/www.veltec.eu\/fr\/wp-json\/wp\/v2\/product_brand?post=11955"},{"taxonomy":"product_cat","embeddable":true,"href":"https:\/\/www.veltec.eu\/fr\/wp-json\/wp\/v2\/product_cat?post=11955"},{"taxonomy":"product_tag","embeddable":true,"href":"https:\/\/www.veltec.eu\/fr\/wp-json\/wp\/v2\/product_tag?post=11955"}],"curies":[{"name":"wp","href":"https:\/\/api.w.org\/{rel}","templated":true}]}}