{"id":11864,"date":"2018-10-17T15:50:28","date_gmt":"2018-10-17T13:50:28","guid":{"rendered":"https:\/\/www.veltec.eu\/kirby-webshop\/systeme-de-cirage-kirby-nl3155\/"},"modified":"2025-04-18T15:49:00","modified_gmt":"2025-04-18T13:49:00","slug":"systeme-de-cirage-kirby-nl3155","status":"publish","type":"product","link":"https:\/\/www.veltec.eu\/fr\/product\/systeme-de-cirage-kirby-nl3155\/","title":{"rendered":"Syst\u00e8me de Cirage Kirby"},"content":{"rendered":"<h1>Syst\u00e8me de Cirage Kirby<\/h1>\n<p>Syst\u00e8me de Cirage Kirby complet, pour polir et cirer les sols durs.<br \/>\nSans rouleau \u00e0 cire.<\/p>\n<p>Ce syst\u00e8me de cirage convient \u00e0 tous les aspirateurs Kirby ;<\/p>\n<ul>\n<li>Avalir Platinum<\/li>\n<li>Avalir 2<\/li>\n<li>Avalir 1<\/li>\n<li>Sentria 2 (G10D)<\/li>\n<li>Sentria 1 (G10)<\/li>\n<li>Ultimate G Diamond Ed.(G7D or DE)<\/li>\n<li>Ultimate G (G7 or UG)<\/li>\n<li>Generation 6 (G6)<\/li>\n<li>Generation 5 (G5)<\/li>\n<li>Generation 4 (G4)<\/li>\n<li>Generation 3 (G3)<\/li>\n<\/ul>\n<h2>Syst\u00e8me de Cirage Kirby &#8211; Parfait pour un sol radieux<\/h2>\n<p>Le syst\u00e8me de cirage Kirby est la solution id\u00e9ale pour le cirage et le polissage professionnels des sols durs. Ce syst\u00e8me de polissage complet garantit que votre sol brille \u00e0 nouveau et reste prot\u00e9g\u00e9 de mani\u00e8re optimale. Adapt\u00e9 \u00e0 tous les aspirateurs Kirby, ce syst\u00e8me offre un moyen efficace de simplifier l&#8217;entretien de vos sols.<\/p>\n<p><a href=\"https:\/\/www.veltec.eu\/fr\/systeme-de-recurage-kirby-et-accessoires\/\">Retrouvez toutes les Kirby Brosse \u00e0 cirer ici<\/a><\/p>\n<h3>Pourquoi choisir le syst\u00e8me de cirage Kirby ?<\/h3>\n<p>Si vous recherchez un moyen puissant et fiable d&#8217;entretenir vos sols durs, le syst\u00e8me boen est le choix id\u00e9al. En voici quelques avantages :<\/p>\n<ul>\n<li>Nettoyage et protection efficaces &#8211; Ce syst\u00e8me de polissage \u00e9limine la poussi\u00e8re et la salet\u00e9 tout en appliquant une couche protectrice.<\/li>\n<li>Adapt\u00e9 \u00e0 diff\u00e9rents types de sols &#8211; Id\u00e9al pour les sols en bois, les carrelages et autres surfaces dures.<\/li>\n<li>Assemblage facile &#8211; Ce syst\u00e8me de polissage se fixe facilement \u00e0 votre aspirateur Kirby.<\/li>\n<li>Un r\u00e9sultat professionnel \u00e0 la maison &#8211; Il procure un brillant profond et pr\u00e9vient l&#8217;usure rapide de votre sol.<\/li>\n<\/ul>\n<h3>Comment fonctionne le syst\u00e8me de polissage ?<\/h3>\n<p>Le syst\u00e8me de lustrage est con\u00e7u pour fonctionner simplement et efficacement. L&#8217;action rotative puissante distribue la cire uniform\u00e9ment sur la surface du sol, garantissant une finition durable et brillante. La combinaison de brosses et de tampons assure une distribution uniforme de la cire et un nettoyage en profondeur du sol.<\/p>\n<h3>Caract\u00e9ristiques principales :<\/h3>\n<ul>\n<li>Compatible avec tous les aspirateurs Kirby &#8211; Ce syst\u00e8me de polissage est facile \u00e0 connecter \u00e0 votre mod\u00e8le Kirby.<\/li>\n<li>Construction durable &#8211; Fabriqu\u00e9 \u00e0 partir de mat\u00e9riaux de haute qualit\u00e9 pour une utilisation durable.<\/li>\n<li>Conception conviviale &#8211; Aucune installation compliqu\u00e9e n&#8217;est n\u00e9cessaire, l&#8217;appareil est imm\u00e9diatement pr\u00eat \u00e0 l&#8217;emploi.<\/li>\n<li>Remarque : le rouleau de cire n&#8217;est pas inclus<\/li>\n<\/ul>\n<p>Ce syst\u00e8me de polissage est fourni sans rouleau de cire. Cela signifie que vous devrez acheter s\u00e9par\u00e9ment un rouleau de cire appropri\u00e9 pour donner \u00e0 votre sol la finition souhait\u00e9e. V\u00e9rifiez toujours quelle cire convient le mieux \u00e0 votre sol avant de commencer.<\/p>\n<h3>Commandez d\u00e8s aujourd&#8217;hui !<\/h3>\n<p>Vous voulez profiter d&#8217;un sol parfaitement entretenu et brillant ? Commandez d\u00e8s maintenant le syst\u00e8me Kirby cirage et d\u00e9couvrez les avantages d&#8217;un entretien professionnel des sols chez vous. Gr\u00e2ce \u00e0 sa qualit\u00e9 sup\u00e9rieure et \u00e0 son utilisation conviviale, ce syst\u00e8me est un must pour tous ceux qui veulent garder leurs sols en parfait \u00e9tat !<\/p>\n","protected":false},"excerpt":{"rendered":"<p>Syst\u00e8me complet de cirage, pour cirer et enduire les surfaces dures.<\/p>\n[trustindex data-widget-id=e3bb80b24fa128098b960fc2439]\n<h3><span style=\"color: #008000;\"><br \/>\nEn stock<\/span><\/h3>\n[av_font_icon icon='ue812' font='entypo-fontello' style='' caption='' size='25px' position='left' color='#43ad66' link='' linktarget='' title_attr='' sonar_effect_effect='' sonar_effect_color='' sonar_effect_duration='1' sonar_effect_scale='' sonar_effect_opac='0.5' animation='' id='' custom_class='' template_class='' av_uid='' sc_version='1.0' admin_preview_bg=''][\/av_font_icon]\n<p><span style=\"color: #008000;\">Command\u00e9 23:59, exp\u00e9di\u00e9 demain<\/span><\/p>\n<p>&nbsp;<\/p>\n","protected":false},"featured_media":91436,"comment_status":"open","ping_status":"closed","template":"","meta":[],"product_brand":[],"product_cat":[334],"product_tag":[],"class_list":{"0":"post-11864","1":"product","2":"type-product","3":"status-publish","4":"has-post-thumbnail","6":"product_cat-kirby-brosse-a-cirer","7":"product_shipping_class-klein-de-fr","9":"first","10":"instock","11":"taxable","12":"shipping-taxable","13":"purchasable","14":"product-type-variable"},"yoast_head":"<!-- This site is optimized with the Yoast SEO Premium plugin v27.1 (Yoast SEO v27.4) - https:\/\/yoast.com\/product\/yoast-seo-premium-wordpress\/ -->\n<title>Syst\u00e8me de Cirage Kirby - Veltec Kirby specialist<\/title>\n<meta name=\"description\" content=\"Syst\u00e8me de Cirage Kirby - Veltec est le fournisseur des aspirateurs Kirby depuis plus de 25 ans. Et est votre sp\u00e9cialiste de confiance\" \/>\n<meta name=\"robots\" content=\"index, follow, max-snippet:-1, max-image-preview:large, max-video-preview:-1\" \/>\n<link rel=\"canonical\" href=\"https:\/\/www.veltec.eu\/nl\/product\/kirby-boen-systeem-nl3155\/\" \/>\n<meta property=\"og:locale\" content=\"fr_FR\" \/>\n<meta property=\"og:type\" content=\"article\" \/>\n<meta property=\"og:title\" content=\"Syst\u00e8me de Cirage Kirby\" \/>\n<meta property=\"og:description\" content=\"Syst\u00e8me complet de cirage, pour cirer et enduire les surfaces dures.    En stock   Command\u00e9 23:59, exp\u00e9di\u00e9 demain  &nbsp;\" \/>\n<meta property=\"og:url\" content=\"https:\/\/www.veltec.eu\/nl\/product\/kirby-boen-systeem-nl3155\/\" \/>\n<meta property=\"og:site_name\" content=\"Veltec Kirby specialist\" \/>\n<meta property=\"article:publisher\" content=\"https:\/\/www.facebook.com\/Veltec-Kirby-Specialist-236746293374877\/\" \/>\n<meta property=\"article:modified_time\" content=\"2025-04-18T13:49:00+00:00\" \/>\n<meta property=\"og:image\" content=\"https:\/\/www.veltec.eu\/wp-content\/uploads\/2018\/10\/Kirby-boensysteem.jpg\" \/>\n\t<meta property=\"og:image:width\" content=\"300\" \/>\n\t<meta property=\"og:image:height\" content=\"300\" \/>\n\t<meta property=\"og:image:type\" content=\"image\/jpeg\" \/>\n<meta name=\"twitter:card\" content=\"summary_large_image\" \/>\n<meta name=\"twitter:label1\" content=\"Dur\u00e9e de lecture estim\u00e9e\" \/>\n\t<meta name=\"twitter:data1\" content=\"3 minutes\" \/>\n<script type=\"application\/ld+json\" class=\"yoast-schema-graph\">{\"@context\":\"https:\\\/\\\/schema.org\",\"@graph\":[{\"@type\":\"WebPage\",\"@id\":\"https:\\\/\\\/www.veltec.eu\\\/nl\\\/product\\\/kirby-boen-systeem-nl3155\\\/\",\"url\":\"https:\\\/\\\/www.veltec.eu\\\/nl\\\/product\\\/kirby-boen-systeem-nl3155\\\/\",\"name\":\"Syst\u00e8me de Cirage Kirby - Veltec Kirby specialist\",\"isPartOf\":{\"@id\":\"https:\\\/\\\/www.veltec.eu\\\/en\\\/#website\"},\"primaryImageOfPage\":{\"@id\":\"https:\\\/\\\/www.veltec.eu\\\/nl\\\/product\\\/kirby-boen-systeem-nl3155\\\/#primaryimage\"},\"image\":{\"@id\":\"https:\\\/\\\/www.veltec.eu\\\/nl\\\/product\\\/kirby-boen-systeem-nl3155\\\/#primaryimage\"},\"thumbnailUrl\":\"https:\\\/\\\/www.veltec.eu\\\/wp-content\\\/uploads\\\/2018\\\/10\\\/Kirby-bensysteem.jpg\",\"datePublished\":\"2018-10-17T13:50:28+00:00\",\"dateModified\":\"2025-04-18T13:49:00+00:00\",\"description\":\"Syst\u00e8me de Cirage Kirby - Veltec est le fournisseur des aspirateurs Kirby depuis plus de 25 ans. Et est votre sp\u00e9cialiste de confiance\",\"breadcrumb\":{\"@id\":\"https:\\\/\\\/www.veltec.eu\\\/nl\\\/product\\\/kirby-boen-systeem-nl3155\\\/#breadcrumb\"},\"inLanguage\":\"fr-FR\",\"potentialAction\":[{\"@type\":\"ReadAction\",\"target\":[\"https:\\\/\\\/www.veltec.eu\\\/nl\\\/product\\\/kirby-boen-systeem-nl3155\\\/\"]}]},{\"@type\":\"ImageObject\",\"inLanguage\":\"fr-FR\",\"@id\":\"https:\\\/\\\/www.veltec.eu\\\/nl\\\/product\\\/kirby-boen-systeem-nl3155\\\/#primaryimage\",\"url\":\"https:\\\/\\\/www.veltec.eu\\\/wp-content\\\/uploads\\\/2018\\\/10\\\/Kirby-bensysteem.jpg\",\"contentUrl\":\"https:\\\/\\\/www.veltec.eu\\\/wp-content\\\/uploads\\\/2018\\\/10\\\/Kirby-bensysteem.jpg\",\"width\":600,\"height\":600},{\"@type\":\"BreadcrumbList\",\"@id\":\"https:\\\/\\\/www.veltec.eu\\\/nl\\\/product\\\/kirby-boen-systeem-nl3155\\\/#breadcrumb\",\"itemListElement\":[{\"@type\":\"ListItem\",\"position\":1,\"name\":\"Home\",\"item\":\"https:\\\/\\\/www.veltec.eu\\\/fr\\\/\"},{\"@type\":\"ListItem\",\"position\":2,\"name\":\"Produits\",\"item\":\"https:\\\/\\\/www.veltec.eu\\\/fr\\\/shop\\\/\"},{\"@type\":\"ListItem\",\"position\":3,\"name\":\"Syst\u00e8me de Cirage Kirby\"}]},{\"@type\":\"WebSite\",\"@id\":\"https:\\\/\\\/www.veltec.eu\\\/en\\\/#website\",\"url\":\"https:\\\/\\\/www.veltec.eu\\\/en\\\/\",\"name\":\"Veltec Kirby specialist\",\"description\":\"Kirby stofzuiger producten\",\"publisher\":{\"@id\":\"https:\\\/\\\/www.veltec.eu\\\/en\\\/#organization\"},\"potentialAction\":[{\"@type\":\"SearchAction\",\"target\":{\"@type\":\"EntryPoint\",\"urlTemplate\":\"https:\\\/\\\/www.veltec.eu\\\/en\\\/?s={search_term_string}\"},\"query-input\":{\"@type\":\"PropertyValueSpecification\",\"valueRequired\":true,\"valueName\":\"search_term_string\"}}],\"inLanguage\":\"fr-FR\"},{\"@type\":\"Organization\",\"@id\":\"https:\\\/\\\/www.veltec.eu\\\/en\\\/#organization\",\"name\":\"Veltec Kirby Specialist\",\"url\":\"https:\\\/\\\/www.veltec.eu\\\/en\\\/\",\"logo\":{\"@type\":\"ImageObject\",\"inLanguage\":\"fr-FR\",\"@id\":\"https:\\\/\\\/www.veltec.eu\\\/en\\\/#\\\/schema\\\/logo\\\/image\\\/\",\"url\":\"https:\\\/\\\/www.veltec.eu\\\/wp-content\\\/uploads\\\/2021\\\/12\\\/Veltec-log-groot-e1537260889125.png\",\"contentUrl\":\"https:\\\/\\\/www.veltec.eu\\\/wp-content\\\/uploads\\\/2021\\\/12\\\/Veltec-log-groot-e1537260889125.png\",\"width\":200,\"height\":60,\"caption\":\"Veltec Kirby Specialist\"},\"image\":{\"@id\":\"https:\\\/\\\/www.veltec.eu\\\/en\\\/#\\\/schema\\\/logo\\\/image\\\/\"},\"sameAs\":[\"https:\\\/\\\/www.facebook.com\\\/Veltec-Kirby-Specialist-236746293374877\\\/\",\"https:\\\/\\\/www.youtube.com\\\/user\\\/VeltecService\"]}]}<\/script>\n<!-- \/ Yoast SEO Premium plugin. -->","yoast_head_json":{"title":"Syst\u00e8me de Cirage Kirby - Veltec Kirby specialist","description":"Syst\u00e8me de Cirage Kirby - Veltec est le fournisseur des aspirateurs Kirby depuis plus de 25 ans. Et est votre sp\u00e9cialiste de confiance","robots":{"index":"index","follow":"follow","max-snippet":"max-snippet:-1","max-image-preview":"max-image-preview:large","max-video-preview":"max-video-preview:-1"},"canonical":"https:\/\/www.veltec.eu\/nl\/product\/kirby-boen-systeem-nl3155\/","og_locale":"fr_FR","og_type":"article","og_title":"Syst\u00e8me de Cirage Kirby","og_description":"Syst\u00e8me complet de cirage, pour cirer et enduire les surfaces dures.    En stock   Command\u00e9 23:59, exp\u00e9di\u00e9 demain  &nbsp;","og_url":"https:\/\/www.veltec.eu\/nl\/product\/kirby-boen-systeem-nl3155\/","og_site_name":"Veltec Kirby specialist","article_publisher":"https:\/\/www.facebook.com\/Veltec-Kirby-Specialist-236746293374877\/","article_modified_time":"2025-04-18T13:49:00+00:00","og_image":[{"width":300,"height":300,"url":"https:\/\/www.veltec.eu\/wp-content\/uploads\/2018\/10\/Kirby-boensysteem.jpg","type":"image\/jpeg"}],"twitter_card":"summary_large_image","twitter_misc":{"Dur\u00e9e de lecture estim\u00e9e":"3 minutes"},"schema":{"@context":"https:\/\/schema.org","@graph":[{"@type":"WebPage","@id":"https:\/\/www.veltec.eu\/nl\/product\/kirby-boen-systeem-nl3155\/","url":"https:\/\/www.veltec.eu\/nl\/product\/kirby-boen-systeem-nl3155\/","name":"Syst\u00e8me de Cirage Kirby - Veltec Kirby specialist","isPartOf":{"@id":"https:\/\/www.veltec.eu\/en\/#website"},"primaryImageOfPage":{"@id":"https:\/\/www.veltec.eu\/nl\/product\/kirby-boen-systeem-nl3155\/#primaryimage"},"image":{"@id":"https:\/\/www.veltec.eu\/nl\/product\/kirby-boen-systeem-nl3155\/#primaryimage"},"thumbnailUrl":"https:\/\/www.veltec.eu\/wp-content\/uploads\/2018\/10\/Kirby-bensysteem.jpg","datePublished":"2018-10-17T13:50:28+00:00","dateModified":"2025-04-18T13:49:00+00:00","description":"Syst\u00e8me de Cirage Kirby - Veltec est le fournisseur des aspirateurs Kirby depuis plus de 25 ans. Et est votre sp\u00e9cialiste de confiance","breadcrumb":{"@id":"https:\/\/www.veltec.eu\/nl\/product\/kirby-boen-systeem-nl3155\/#breadcrumb"},"inLanguage":"fr-FR","potentialAction":[{"@type":"ReadAction","target":["https:\/\/www.veltec.eu\/nl\/product\/kirby-boen-systeem-nl3155\/"]}]},{"@type":"ImageObject","inLanguage":"fr-FR","@id":"https:\/\/www.veltec.eu\/nl\/product\/kirby-boen-systeem-nl3155\/#primaryimage","url":"https:\/\/www.veltec.eu\/wp-content\/uploads\/2018\/10\/Kirby-bensysteem.jpg","contentUrl":"https:\/\/www.veltec.eu\/wp-content\/uploads\/2018\/10\/Kirby-bensysteem.jpg","width":600,"height":600},{"@type":"BreadcrumbList","@id":"https:\/\/www.veltec.eu\/nl\/product\/kirby-boen-systeem-nl3155\/#breadcrumb","itemListElement":[{"@type":"ListItem","position":1,"name":"Home","item":"https:\/\/www.veltec.eu\/fr\/"},{"@type":"ListItem","position":2,"name":"Produits","item":"https:\/\/www.veltec.eu\/fr\/shop\/"},{"@type":"ListItem","position":3,"name":"Syst\u00e8me de Cirage Kirby"}]},{"@type":"WebSite","@id":"https:\/\/www.veltec.eu\/en\/#website","url":"https:\/\/www.veltec.eu\/en\/","name":"Veltec Kirby specialist","description":"Kirby stofzuiger producten","publisher":{"@id":"https:\/\/www.veltec.eu\/en\/#organization"},"potentialAction":[{"@type":"SearchAction","target":{"@type":"EntryPoint","urlTemplate":"https:\/\/www.veltec.eu\/en\/?s={search_term_string}"},"query-input":{"@type":"PropertyValueSpecification","valueRequired":true,"valueName":"search_term_string"}}],"inLanguage":"fr-FR"},{"@type":"Organization","@id":"https:\/\/www.veltec.eu\/en\/#organization","name":"Veltec Kirby Specialist","url":"https:\/\/www.veltec.eu\/en\/","logo":{"@type":"ImageObject","inLanguage":"fr-FR","@id":"https:\/\/www.veltec.eu\/en\/#\/schema\/logo\/image\/","url":"https:\/\/www.veltec.eu\/wp-content\/uploads\/2021\/12\/Veltec-log-groot-e1537260889125.png","contentUrl":"https:\/\/www.veltec.eu\/wp-content\/uploads\/2021\/12\/Veltec-log-groot-e1537260889125.png","width":200,"height":60,"caption":"Veltec Kirby Specialist"},"image":{"@id":"https:\/\/www.veltec.eu\/en\/#\/schema\/logo\/image\/"},"sameAs":["https:\/\/www.facebook.com\/Veltec-Kirby-Specialist-236746293374877\/","https:\/\/www.youtube.com\/user\/VeltecService"]}]}},"_links":{"self":[{"href":"https:\/\/www.veltec.eu\/fr\/wp-json\/wp\/v2\/product\/11864","targetHints":{"allow":["GET"]}}],"collection":[{"href":"https:\/\/www.veltec.eu\/fr\/wp-json\/wp\/v2\/product"}],"about":[{"href":"https:\/\/www.veltec.eu\/fr\/wp-json\/wp\/v2\/types\/product"}],"replies":[{"embeddable":true,"href":"https:\/\/www.veltec.eu\/fr\/wp-json\/wp\/v2\/comments?post=11864"}],"wp:featuredmedia":[{"embeddable":true,"href":"https:\/\/www.veltec.eu\/fr\/wp-json\/wp\/v2\/media\/91436"}],"wp:attachment":[{"href":"https:\/\/www.veltec.eu\/fr\/wp-json\/wp\/v2\/media?parent=11864"}],"wp:term":[{"taxonomy":"product_brand","embeddable":true,"href":"https:\/\/www.veltec.eu\/fr\/wp-json\/wp\/v2\/product_brand?post=11864"},{"taxonomy":"product_cat","embeddable":true,"href":"https:\/\/www.veltec.eu\/fr\/wp-json\/wp\/v2\/product_cat?post=11864"},{"taxonomy":"product_tag","embeddable":true,"href":"https:\/\/www.veltec.eu\/fr\/wp-json\/wp\/v2\/product_tag?post=11864"}],"curies":[{"name":"wp","href":"https:\/\/api.w.org\/{rel}","templated":true}]}}