{"id":11784,"date":"2018-10-18T14:37:51","date_gmt":"2018-10-18T12:37:51","guid":{"rendered":"https:\/\/www.veltec.eu\/kirby-webshop\/moteur-kirby-nl3076\/"},"modified":"2024-12-10T13:30:04","modified_gmt":"2024-12-10T11:30:04","slug":"moteur-kirby-nl3076","status":"publish","type":"product","link":"https:\/\/www.veltec.eu\/fr\/product\/moteur-kirby-nl3076\/","title":{"rendered":"Moteur Kirby"},"content":{"rendered":"<h4>Moteur Kirby<\/h4>\n<p><a href=\"https:\/\/www.veltec.eu\/fr\/product\/kirby-moteur-completement-remis-a-neuf-nl20333\/\">Moteur Kirby complet<\/a> avec pale de rotor.<\/p>\n<p><strong>Ce produit est adapt\u00e9 pour les types<\/strong><\/p>\n<ul>\n<li>Avalir Platinum<\/li>\n<li>Avalir 2<\/li>\n<li>Avalir 1<\/li>\n<li>Sentria 2 (G10D)<\/li>\n<li>Sentria 1 (G10)<\/li>\n<li>Ultimate G Diamond Ed.(G7D or DE)<\/li>\n<li>Ultimate G (G7 or UG)<\/li>\n<li>Generation 6 (G6)<\/li>\n<li>Generation 5 (G5)<\/li>\n<li>Generation 4 (G4)<\/li>\n<li>Generation 3 (G3)<\/li>\n<\/ul>\n<h3>La source d&#8217;\u00e9nergie ultime pour votre aspirateur Kirby<\/h3>\n<p>Bienvenue dans le monde exclusif de Kirby, o\u00f9 la qualit\u00e9 et la durabilit\u00e9 se conjuguent en parfaite harmonie. En tant que revendeur exp\u00e9riment\u00e9 et expert en service apr\u00e8s-vente des produits Kirby, je suis ravi de vous pr\u00e9senter notre moteur complet de haute qualit\u00e9.<\/p>\n<p>Vous trouverez ici toutes les <a href=\"https:\/\/www.veltec.eu\/fr\/kirby-pieces-detachees-de-moteur\/\">Kirby Pieces detachees de moteur<\/a><br \/>\nSi vous pr\u00e9f\u00e9rez d\u00e9penser un peu moins d&#8217;argent, nous avons \u00e9galement une bonne alternative :<a href=\"https:\/\/www.veltec.eu\/fr\/product\/kirby-moteur-completement-remis-a-neuf-nl20333\/\"> le Kirby moteur compl\u00e8tement remis \u00e0 neuf<\/a><\/p>\n<h3>Performances et fiabilit\u00e9 in\u00e9gal\u00e9es du Moteur Kirby complet<\/h3>\n<p>Le moteur complet Kirby est le c\u0153ur battant de votre aspirateur Kirby, con\u00e7u avec les technologies les plus avanc\u00e9es et la meilleure qualit\u00e9 de fabrication pour offrir des performances optimales. Si vous \u00eates \u00e0 la recherche d&#8217;un moteur de remplacement pour votre aspirateur Kirby bien-aim\u00e9 ou si vous souhaitez simplement passer \u00e0 un mod\u00e8le plus puissant, le moteur est le choix id\u00e9al pour vous.<\/p>\n<p>Ce moteur offre une puissance d&#8217;aspiration et une efficacit\u00e9 in\u00e9gal\u00e9es, vous permettant d&#8217;\u00e9liminer sans effort la poussi\u00e8re, la salet\u00e9 et les allerg\u00e8nes de toutes les surfaces de votre maison. Gr\u00e2ce \u00e0 sa fiabilit\u00e9 \u00e0 long terme, vous pouvez compter sur des ann\u00e9es d&#8217;utilisation sans compromis sur les performances.<\/p>\n<h3>Installation et compatibilit\u00e9 faciles Moteur Kirby<\/h3>\n<p>Ne vous inqui\u00e9tez pas si vous n&#8217;\u00eates pas familier avec les aspects techniques. Le moteur est livr\u00e9 avec des instructions claires pour une installation rapide et sans probl\u00e8me. En quelques minutes, vous pouvez remplacer votre aspirateur Kirby et \u00eatre pr\u00eat pour une nouvelle exp\u00e9rience de nettoyage.<\/p>\n<p>Le moteur est compatible avec plusieurs <a href=\"https:\/\/www.veltec.eu\/fr\/modeles-kirby\/\">mod\u00e8les d&#8217;aspirateurs Kirby<\/a>, vous pouvez donc \u00eatre s\u00fbr qu&#8217;il s&#8217;adaptera parfaitement \u00e0 votre appareil.<\/p>\n<h3>L&#8217;assistance de professionnels experts<\/h3>\n<p>Chez Kirby, nous sommes toujours pr\u00eats \u00e0 aider nos clients. Si vous avez des questions sur le moteur Kirby ou si vous avez besoin d&#8217;aide pour l&#8217;installation, vous pouvez compter sur notre \u00e9quipe de professionnels exp\u00e9riment\u00e9s pour vous conseiller et vous aider.<\/p>\n<p>En bref, investissez d\u00e8s aujourd&#8217;hui dans la qualit\u00e9 et la fiabilit\u00e9 Kirby avec le moteur. Contactez-nous pour passer votre commande et d\u00e9couvrez par vous-m\u00eame pourquoi des millions de clients satisfaits dans le monde entier font confiance \u00e0 Kirby pour leurs besoins de nettoyage.<\/p>\n","protected":false},"excerpt":{"rendered":"<p>Moteur complet avec pale de rotor.<\/p>\n[trustindex data-widget-id=e3bb80b24fa128098b960fc2439]\n<h4><span style=\"color: #008000;\"><br \/>\nEn stock<\/span><\/h4>\n[av_font_icon icon='ue812' font='entypo-fontello' style='' caption='' size='25px' position='left' color='#43ad66' link='' linktarget='' title_attr='' sonar_effect_effect='' sonar_effect_color='' sonar_effect_duration='1' sonar_effect_scale='' sonar_effect_opac='0.5' animation='' id='' custom_class='' template_class='' av_uid='' sc_version='1.0' admin_preview_bg=''][\/av_font_icon]\n<p><span style=\"color: #008000;\">Command\u00e9 23:59, exp\u00e9di\u00e9 demain<\/span><\/p>\n<p>&nbsp;<\/p>\n","protected":false},"featured_media":20838,"comment_status":"open","ping_status":"closed","template":"","meta":[],"product_brand":[],"product_cat":[359],"product_tag":[],"class_list":{"0":"post-11784","1":"product","2":"type-product","3":"status-publish","4":"has-post-thumbnail","6":"product_cat-kirby-pieces-detachees-de-moteur","7":"product_shipping_class-klein-de-fr","9":"first","10":"instock","11":"taxable","12":"shipping-taxable","13":"purchasable","14":"product-type-simple"},"yoast_head":"<!-- This site is optimized with the Yoast SEO Premium plugin v27.1 (Yoast SEO v27.4) - https:\/\/yoast.com\/product\/yoast-seo-premium-wordpress\/ -->\n<title>Moteur Kirby - Veltec Kirby specialist<\/title>\n<meta name=\"description\" content=\"Moteur Kirby Veltec est le fournisseur des aspirateurs Kirby depuis plus de 20 ans. Et est votre sp\u00e9cialiste de confiance en mati\u00e8re\" \/>\n<meta name=\"robots\" content=\"index, follow, max-snippet:-1, max-image-preview:large, max-video-preview:-1\" \/>\n<link rel=\"canonical\" href=\"https:\/\/www.veltec.eu\/fr\/product\/moteur-kirby-nl3076\/\" \/>\n<meta property=\"og:locale\" content=\"fr_FR\" \/>\n<meta property=\"og:type\" content=\"article\" \/>\n<meta property=\"og:title\" content=\"Moteur Kirby\" \/>\n<meta property=\"og:description\" content=\"Moteur complet avec pale de rotor.    En stock   Command\u00e9 23:59, exp\u00e9di\u00e9 demain  &nbsp;\" \/>\n<meta property=\"og:url\" content=\"https:\/\/www.veltec.eu\/fr\/product\/moteur-kirby-nl3076\/\" \/>\n<meta property=\"og:site_name\" content=\"Veltec Kirby specialist\" \/>\n<meta property=\"article:publisher\" content=\"https:\/\/www.facebook.com\/Veltec-Kirby-Specialist-236746293374877\/\" \/>\n<meta property=\"article:modified_time\" content=\"2024-12-10T11:30:04+00:00\" \/>\n<meta property=\"og:image\" content=\"https:\/\/www.veltec.eu\/wp-content\/uploads\/2018\/10\/Kirby-motor-vierkant-3.jpg\" \/>\n\t<meta property=\"og:image:width\" content=\"405\" \/>\n\t<meta property=\"og:image:height\" content=\"405\" \/>\n\t<meta property=\"og:image:type\" content=\"image\/jpeg\" \/>\n<meta name=\"twitter:card\" content=\"summary_large_image\" \/>\n<meta name=\"twitter:label1\" content=\"Dur\u00e9e de lecture estim\u00e9e\" \/>\n\t<meta name=\"twitter:data1\" content=\"3 minutes\" \/>\n<script type=\"application\/ld+json\" class=\"yoast-schema-graph\">{\"@context\":\"https:\\\/\\\/schema.org\",\"@graph\":[{\"@type\":\"WebPage\",\"@id\":\"https:\\\/\\\/www.veltec.eu\\\/fr\\\/product\\\/moteur-kirby-nl3076\\\/\",\"url\":\"https:\\\/\\\/www.veltec.eu\\\/fr\\\/product\\\/moteur-kirby-nl3076\\\/\",\"name\":\"Moteur Kirby - Veltec Kirby specialist\",\"isPartOf\":{\"@id\":\"https:\\\/\\\/www.veltec.eu\\\/en\\\/#website\"},\"primaryImageOfPage\":{\"@id\":\"https:\\\/\\\/www.veltec.eu\\\/fr\\\/product\\\/moteur-kirby-nl3076\\\/#primaryimage\"},\"image\":{\"@id\":\"https:\\\/\\\/www.veltec.eu\\\/fr\\\/product\\\/moteur-kirby-nl3076\\\/#primaryimage\"},\"thumbnailUrl\":\"https:\\\/\\\/www.veltec.eu\\\/wp-content\\\/uploads\\\/2018\\\/10\\\/Kirby-motor-vierkant-3.jpg\",\"datePublished\":\"2018-10-18T12:37:51+00:00\",\"dateModified\":\"2024-12-10T11:30:04+00:00\",\"description\":\"Moteur Kirby Veltec est le fournisseur des aspirateurs Kirby depuis plus de 20 ans. Et est votre sp\u00e9cialiste de confiance en mati\u00e8re\",\"breadcrumb\":{\"@id\":\"https:\\\/\\\/www.veltec.eu\\\/fr\\\/product\\\/moteur-kirby-nl3076\\\/#breadcrumb\"},\"inLanguage\":\"fr-FR\",\"potentialAction\":[{\"@type\":\"ReadAction\",\"target\":[\"https:\\\/\\\/www.veltec.eu\\\/fr\\\/product\\\/moteur-kirby-nl3076\\\/\"]}]},{\"@type\":\"ImageObject\",\"inLanguage\":\"fr-FR\",\"@id\":\"https:\\\/\\\/www.veltec.eu\\\/fr\\\/product\\\/moteur-kirby-nl3076\\\/#primaryimage\",\"url\":\"https:\\\/\\\/www.veltec.eu\\\/wp-content\\\/uploads\\\/2018\\\/10\\\/Kirby-motor-vierkant-3.jpg\",\"contentUrl\":\"https:\\\/\\\/www.veltec.eu\\\/wp-content\\\/uploads\\\/2018\\\/10\\\/Kirby-motor-vierkant-3.jpg\",\"width\":405,\"height\":405},{\"@type\":\"BreadcrumbList\",\"@id\":\"https:\\\/\\\/www.veltec.eu\\\/fr\\\/product\\\/moteur-kirby-nl3076\\\/#breadcrumb\",\"itemListElement\":[{\"@type\":\"ListItem\",\"position\":1,\"name\":\"Home\",\"item\":\"https:\\\/\\\/www.veltec.eu\\\/fr\\\/\"},{\"@type\":\"ListItem\",\"position\":2,\"name\":\"Produits\",\"item\":\"https:\\\/\\\/www.veltec.eu\\\/fr\\\/shop\\\/\"},{\"@type\":\"ListItem\",\"position\":3,\"name\":\"Moteur Kirby\"}]},{\"@type\":\"WebSite\",\"@id\":\"https:\\\/\\\/www.veltec.eu\\\/en\\\/#website\",\"url\":\"https:\\\/\\\/www.veltec.eu\\\/en\\\/\",\"name\":\"Veltec Kirby specialist\",\"description\":\"Kirby stofzuiger producten\",\"publisher\":{\"@id\":\"https:\\\/\\\/www.veltec.eu\\\/en\\\/#organization\"},\"potentialAction\":[{\"@type\":\"SearchAction\",\"target\":{\"@type\":\"EntryPoint\",\"urlTemplate\":\"https:\\\/\\\/www.veltec.eu\\\/en\\\/?s={search_term_string}\"},\"query-input\":{\"@type\":\"PropertyValueSpecification\",\"valueRequired\":true,\"valueName\":\"search_term_string\"}}],\"inLanguage\":\"fr-FR\"},{\"@type\":\"Organization\",\"@id\":\"https:\\\/\\\/www.veltec.eu\\\/en\\\/#organization\",\"name\":\"Veltec Kirby Specialist\",\"url\":\"https:\\\/\\\/www.veltec.eu\\\/en\\\/\",\"logo\":{\"@type\":\"ImageObject\",\"inLanguage\":\"fr-FR\",\"@id\":\"https:\\\/\\\/www.veltec.eu\\\/en\\\/#\\\/schema\\\/logo\\\/image\\\/\",\"url\":\"https:\\\/\\\/www.veltec.eu\\\/wp-content\\\/uploads\\\/2021\\\/12\\\/Veltec-log-groot-e1537260889125.png\",\"contentUrl\":\"https:\\\/\\\/www.veltec.eu\\\/wp-content\\\/uploads\\\/2021\\\/12\\\/Veltec-log-groot-e1537260889125.png\",\"width\":200,\"height\":60,\"caption\":\"Veltec Kirby Specialist\"},\"image\":{\"@id\":\"https:\\\/\\\/www.veltec.eu\\\/en\\\/#\\\/schema\\\/logo\\\/image\\\/\"},\"sameAs\":[\"https:\\\/\\\/www.facebook.com\\\/Veltec-Kirby-Specialist-236746293374877\\\/\",\"https:\\\/\\\/www.youtube.com\\\/user\\\/VeltecService\"]}]}<\/script>\n<!-- \/ Yoast SEO Premium plugin. -->","yoast_head_json":{"title":"Moteur Kirby - Veltec Kirby specialist","description":"Moteur Kirby Veltec est le fournisseur des aspirateurs Kirby depuis plus de 20 ans. Et est votre sp\u00e9cialiste de confiance en mati\u00e8re","robots":{"index":"index","follow":"follow","max-snippet":"max-snippet:-1","max-image-preview":"max-image-preview:large","max-video-preview":"max-video-preview:-1"},"canonical":"https:\/\/www.veltec.eu\/fr\/product\/moteur-kirby-nl3076\/","og_locale":"fr_FR","og_type":"article","og_title":"Moteur Kirby","og_description":"Moteur complet avec pale de rotor.    En stock   Command\u00e9 23:59, exp\u00e9di\u00e9 demain  &nbsp;","og_url":"https:\/\/www.veltec.eu\/fr\/product\/moteur-kirby-nl3076\/","og_site_name":"Veltec Kirby specialist","article_publisher":"https:\/\/www.facebook.com\/Veltec-Kirby-Specialist-236746293374877\/","article_modified_time":"2024-12-10T11:30:04+00:00","og_image":[{"width":405,"height":405,"url":"https:\/\/www.veltec.eu\/wp-content\/uploads\/2018\/10\/Kirby-motor-vierkant-3.jpg","type":"image\/jpeg"}],"twitter_card":"summary_large_image","twitter_misc":{"Dur\u00e9e de lecture estim\u00e9e":"3 minutes"},"schema":{"@context":"https:\/\/schema.org","@graph":[{"@type":"WebPage","@id":"https:\/\/www.veltec.eu\/fr\/product\/moteur-kirby-nl3076\/","url":"https:\/\/www.veltec.eu\/fr\/product\/moteur-kirby-nl3076\/","name":"Moteur Kirby - Veltec Kirby specialist","isPartOf":{"@id":"https:\/\/www.veltec.eu\/en\/#website"},"primaryImageOfPage":{"@id":"https:\/\/www.veltec.eu\/fr\/product\/moteur-kirby-nl3076\/#primaryimage"},"image":{"@id":"https:\/\/www.veltec.eu\/fr\/product\/moteur-kirby-nl3076\/#primaryimage"},"thumbnailUrl":"https:\/\/www.veltec.eu\/wp-content\/uploads\/2018\/10\/Kirby-motor-vierkant-3.jpg","datePublished":"2018-10-18T12:37:51+00:00","dateModified":"2024-12-10T11:30:04+00:00","description":"Moteur Kirby Veltec est le fournisseur des aspirateurs Kirby depuis plus de 20 ans. Et est votre sp\u00e9cialiste de confiance en mati\u00e8re","breadcrumb":{"@id":"https:\/\/www.veltec.eu\/fr\/product\/moteur-kirby-nl3076\/#breadcrumb"},"inLanguage":"fr-FR","potentialAction":[{"@type":"ReadAction","target":["https:\/\/www.veltec.eu\/fr\/product\/moteur-kirby-nl3076\/"]}]},{"@type":"ImageObject","inLanguage":"fr-FR","@id":"https:\/\/www.veltec.eu\/fr\/product\/moteur-kirby-nl3076\/#primaryimage","url":"https:\/\/www.veltec.eu\/wp-content\/uploads\/2018\/10\/Kirby-motor-vierkant-3.jpg","contentUrl":"https:\/\/www.veltec.eu\/wp-content\/uploads\/2018\/10\/Kirby-motor-vierkant-3.jpg","width":405,"height":405},{"@type":"BreadcrumbList","@id":"https:\/\/www.veltec.eu\/fr\/product\/moteur-kirby-nl3076\/#breadcrumb","itemListElement":[{"@type":"ListItem","position":1,"name":"Home","item":"https:\/\/www.veltec.eu\/fr\/"},{"@type":"ListItem","position":2,"name":"Produits","item":"https:\/\/www.veltec.eu\/fr\/shop\/"},{"@type":"ListItem","position":3,"name":"Moteur Kirby"}]},{"@type":"WebSite","@id":"https:\/\/www.veltec.eu\/en\/#website","url":"https:\/\/www.veltec.eu\/en\/","name":"Veltec Kirby specialist","description":"Kirby stofzuiger producten","publisher":{"@id":"https:\/\/www.veltec.eu\/en\/#organization"},"potentialAction":[{"@type":"SearchAction","target":{"@type":"EntryPoint","urlTemplate":"https:\/\/www.veltec.eu\/en\/?s={search_term_string}"},"query-input":{"@type":"PropertyValueSpecification","valueRequired":true,"valueName":"search_term_string"}}],"inLanguage":"fr-FR"},{"@type":"Organization","@id":"https:\/\/www.veltec.eu\/en\/#organization","name":"Veltec Kirby Specialist","url":"https:\/\/www.veltec.eu\/en\/","logo":{"@type":"ImageObject","inLanguage":"fr-FR","@id":"https:\/\/www.veltec.eu\/en\/#\/schema\/logo\/image\/","url":"https:\/\/www.veltec.eu\/wp-content\/uploads\/2021\/12\/Veltec-log-groot-e1537260889125.png","contentUrl":"https:\/\/www.veltec.eu\/wp-content\/uploads\/2021\/12\/Veltec-log-groot-e1537260889125.png","width":200,"height":60,"caption":"Veltec Kirby Specialist"},"image":{"@id":"https:\/\/www.veltec.eu\/en\/#\/schema\/logo\/image\/"},"sameAs":["https:\/\/www.facebook.com\/Veltec-Kirby-Specialist-236746293374877\/","https:\/\/www.youtube.com\/user\/VeltecService"]}]}},"_links":{"self":[{"href":"https:\/\/www.veltec.eu\/fr\/wp-json\/wp\/v2\/product\/11784","targetHints":{"allow":["GET"]}}],"collection":[{"href":"https:\/\/www.veltec.eu\/fr\/wp-json\/wp\/v2\/product"}],"about":[{"href":"https:\/\/www.veltec.eu\/fr\/wp-json\/wp\/v2\/types\/product"}],"replies":[{"embeddable":true,"href":"https:\/\/www.veltec.eu\/fr\/wp-json\/wp\/v2\/comments?post=11784"}],"wp:featuredmedia":[{"embeddable":true,"href":"https:\/\/www.veltec.eu\/fr\/wp-json\/wp\/v2\/media\/20838"}],"wp:attachment":[{"href":"https:\/\/www.veltec.eu\/fr\/wp-json\/wp\/v2\/media?parent=11784"}],"wp:term":[{"taxonomy":"product_brand","embeddable":true,"href":"https:\/\/www.veltec.eu\/fr\/wp-json\/wp\/v2\/product_brand?post=11784"},{"taxonomy":"product_cat","embeddable":true,"href":"https:\/\/www.veltec.eu\/fr\/wp-json\/wp\/v2\/product_cat?post=11784"},{"taxonomy":"product_tag","embeddable":true,"href":"https:\/\/www.veltec.eu\/fr\/wp-json\/wp\/v2\/product_tag?post=11784"}],"curies":[{"name":"wp","href":"https:\/\/api.w.org\/{rel}","templated":true}]}}