{"id":11749,"date":"2018-10-18T15:32:12","date_gmt":"2018-10-18T13:32:12","guid":{"rendered":"https:\/\/www.veltec.eu\/kirby-webshop\/ancre-nl3022\/"},"modified":"2024-12-10T11:41:50","modified_gmt":"2024-12-10T09:41:50","slug":"kirby-ancre-nl3022","status":"publish","type":"product","link":"https:\/\/www.veltec.eu\/fr\/product\/kirby-ancre-nl3022\/","title":{"rendered":"Kirby Ancre"},"content":{"rendered":"<h1>Kirby Ancre<\/h1>\n<p>Kirby Ancre pour moteur Kirby.<\/p>\n<p><strong>Ce produit est adapt\u00e9 pour les types:<\/strong><\/p>\n<ul>\n<li>Avalir Platinum<\/li>\n<li>Avalir 2<\/li>\n<li>Avalir 1<\/li>\n<li>Sentria 2 (G10D)<\/li>\n<li>Sentria 1 (G10)<\/li>\n<li>Ultimate G Diamond Ed.(G7D or DE)<\/li>\n<li>Ultimate G (G7 or UG)<\/li>\n<li>Generation 6 (G6)<\/li>\n<li>Generation 5 (G5)<\/li>\n<li>Generation 4 (G4)<\/li>\n<li>Generation 3 (G3)<\/li>\n<\/ul>\n<h2>Kirby Ancre 220 V : Le choix ultime pour la fiabilit\u00e9 et la qualit\u00e9<\/h2>\n<h3>Introduction<\/h3>\n<p>Si vous recherchez un ancrage de haute qualit\u00e9 pour votre aspirateur Kirby, le Kirby Ancre est le meilleur choix que vous puissiez faire. L&#8217;ancre offre non seulement des performances sup\u00e9rieures, mais aussi la long\u00e9vit\u00e9 et la fiabilit\u00e9 que vous \u00eates en droit d&#8217;attendre de la marque Kirby. Dans cette description compl\u00e8te du produit, nous aborderons tous les aspects importants de cette ancre afin que vous puissiez prendre une d\u00e9cision \u00e9clair\u00e9e lors de votre achat.<\/p>\n<p>Vous y trouverez toutes les <a href=\"https:\/\/www.veltec.eu\/fr\/kirby-pieces-detachees-de-moteur\/\">Kirby Pieces detachees de moteur<\/a><br \/>\nSi vous pr\u00e9f\u00e9rez d\u00e9penser un peu moins d&#8217;argent, nous avons aussi une bonne alternative : <a href=\"https:\/\/www.veltec.eu\/fr\/product\/kirby-anchor-remis-a-neuf-nl3023\/\">le Kirby Anchor Remis \u00e0 neuf<\/a><\/p>\n<h3>Qu&#8217;est-ce qu&#8217;une ancre Kirby ?<\/h3>\n<p>L&#8217;ancre est un composant essentiel du moteur de votre aspirateur Kirby. Ce composant joue un r\u00f4le crucial dans le fonctionnement de l&#8217;aspirateur en convertissant le courant \u00e9lectrique en \u00e9nergie m\u00e9canique qui entra\u00eene l&#8217;aspirateur.<\/p>\n<h3>Sp\u00e9cifications et caract\u00e9ristiques<\/h3>\n<p>Les principales caract\u00e9ristiques de cette ancre sont les suivantes :<\/p>\n<p><strong>Voltage :<\/strong> 220V, adapt\u00e9 aux prises europ\u00e9ennes.<br \/>\n<strong>Compatibilit\u00e9 :<\/strong> Con\u00e7ue sp\u00e9cifiquement pour les aspirateurs Kirby.<br \/>\n<strong>Mat\u00e9riau :<\/strong> Fabriqu\u00e9 \u00e0 partir de mat\u00e9riaux de haute qualit\u00e9 pour une durabilit\u00e9 maximale.<br \/>\n<strong>Poids :<\/strong> Conception l\u00e9g\u00e8re pour que l&#8217;aspirateur reste facile \u00e0 man\u0153uvrer.<\/p>\n<h3>Pourquoi choisir l&#8217;ancrage Kirby ?<\/h3>\n<h3>Fiabilit\u00e9 et durabilit\u00e9<\/h3>\n<p>L&#8217;un des principaux avantages de l&#8217;Anchor est sa fiabilit\u00e9. Kirby est connu pour ses appareils m\u00e9nagers durables et fiables, et cet appareil ne fait pas exception \u00e0 la r\u00e8gle. Gr\u00e2ce \u00e0 l&#8217;utilisation de mat\u00e9riaux de haute qualit\u00e9 et \u00e0 une fabrication soign\u00e9e, vous pouvez \u00eatre s\u00fbr que l&#8217;Ancre durera longtemps.<\/p>\n<p>En outre, la durabilit\u00e9 de l&#8217;Ancre r\u00e9duit le besoin de remplacements fr\u00e9quents, ce qui permet de r\u00e9aliser des \u00e9conomies \u00e0 long terme. Il s&#8217;agit donc d&#8217;un investissement judicieux pour les m\u00e9nages qui accordent de l&#8217;importance \u00e0 la qualit\u00e9 et \u00e0 la fiabilit\u00e9.<\/p>\n<h3>Des performances optimales<\/h3>\n<p>Une autre raison de choisir l&#8217;Ancre est la performance optimale qu&#8217;elle offre. Cette ancre est sp\u00e9cialement con\u00e7ue pour fonctionner parfaitement avec le moteur de votre aspirateur Kirby, garantissant une aspiration puissante et un fonctionnement efficace. Il en r\u00e9sulte une maison plus propre et un aspirateur qui fait son travail sans effort.<\/p>\n<p>De plus, le fonctionnement efficace de l&#8217;Ancre permet d&#8217;\u00e9conomiser de l&#8217;\u00e9nergie, ce qui est bon non seulement pour votre portefeuille, mais aussi pour l&#8217;environnement. En choisissant un Anchor \u00e0 haut rendement \u00e9nerg\u00e9tique, vous contribuez \u00e0 un avenir plus durable.<\/p>\n<h3>Installation et entretien<\/h3>\n<h3>Installation facile<\/h3>\n<p>L&#8217;installation de l&#8217;Ancre est un processus relativement simple, m\u00eame pour ceux qui n&#8217;ont pas de connaissances techniques approfondies. L&#8217;ancre est con\u00e7ue pour s&#8217;adapter parfaitement \u00e0 votre aspirateur Kirby et, gr\u00e2ce aux instructions claires, vous pouvez effectuer l&#8217;installation rapidement et sans probl\u00e8me.<\/p>\n<h3>Conseils d&#8217;entretien<\/h3>\n<p>Pour optimiser la dur\u00e9e de vie et les performances de votre ancrage, un entretien r\u00e9gulier est essentiel. Voici quelques conseils pour maintenir votre appareil en parfait \u00e9tat :<\/p>\n<p><a href=\"https:\/\/www.veltec.eu\/fr\/product\/pierre-a-aiguiser-kirby-nl3105\/\"><strong>Meulage et polissage :<\/strong><\/a> veillez \u00e0 meuler ou \u00e0 polir r\u00e9guli\u00e8rement l&#8217;induit pour \u00e9viter l&#8217;usure pr\u00e9matur\u00e9e des balais de carbone.<br \/>\n<a href=\"https:\/\/www.veltec.eu\/fr\/product\/palier-avant-nl3065\/\"><strong>Roulements \u00e0 billes :<\/strong><\/a> v\u00e9rifiez p\u00e9riodiquement l&#8217;absence d&#8217;usure ou de dommages et remplacez les roulements si n\u00e9cessaire.<br \/>\n<strong><a href=\"https:\/\/www.veltec.eu\/fr\/product\/balais-en-carbone-kirby-lot-de-2-nl3060\/\">Balais de carbone<\/a> :<\/strong> Remplacez vos charbons \u00e0 temps pour \u00e9viter de br\u00fbler l&#8217;induit et assurer un bon fonctionnement.<\/p>\n<p>En suivant ces simples conseils d&#8217;entretien, vous pouvez prolonger la dur\u00e9e de vie de votre armature et optimiser les performances de votre aspirateur.<\/p>\n<h3>Satisfaction des clients et garantie<\/h3>\n<h3>Commentaires positifs des clients<\/h3>\n<p>L&#8217;ancre a re\u00e7u de nombreuses critiques positives de la part de clients satisfaits. Les utilisateurs font l&#8217;\u00e9loge de l&#8217;ancre pour sa fiabilit\u00e9, sa durabilit\u00e9 et sa facilit\u00e9 d&#8217;installation. De nombreux clients notent que leur aspirateur fonctionne mieux depuis l&#8217;installation d&#8217;une nouvelle ancre Kirby et qu&#8217;ils sont satisfaits de l&#8217;am\u00e9lioration de la puissance d&#8217;aspiration et de l&#8217;efficacit\u00e9.<\/p>\n<h3>Garantie et service client\u00e8le<\/h3>\n<p>Kirby offre une excellente garantie et un service client\u00e8le pour ses produits, y compris l&#8217;ancre. Si vous rencontrez des probl\u00e8mes avec votre ancre, vous pouvez compter sur le soutien professionnel de l&#8217;\u00e9quipe de sp\u00e9cialistes Veltec Kirby. Vous aurez ainsi l&#8217;esprit tranquille, sachant que vous pourrez toujours compter sur de l&#8217;aide en cas de besoin.<\/p>\n<h3>Conclusion : un investissement intelligent pour votre m\u00e9nage<\/h3>\n<p>L&#8217;Anchor est sans aucun doute un excellent choix pour tous ceux qui souhaitent tirer le meilleur parti de leur aspirateur Kirby. Avec ses performances fiables, sa durabilit\u00e9 et sa facilit\u00e9 d&#8217;installation, ce dispositif offre tout ce dont vous avez besoin pour maintenir votre aspirateur en parfait \u00e9tat. En choisissant des pi\u00e8ces d&#8217;origine Kirby, vous vous assurez de la meilleure qualit\u00e9 et de la meilleure compatibilit\u00e9.<\/p>\n<p>Si vous recherchez un ancrage de haute qualit\u00e9, \u00e0 la fois efficace et durable, l&#8217;Anchor est le choix id\u00e9al. Faites l&#8217;investissement aujourd&#8217;hui et profitez d&#8217;une maison plus propre et d&#8217;un aspirateur plus performant.<\/p>\n","protected":false},"excerpt":{"rendered":"<p>Ancre pour moteur Kirby.<\/p>\n[trustindex data-widget-id=e3bb80b24fa128098b960fc2439]\n<h3><span style=\"color: #008000;\"><br \/>\nEn stock<\/span><\/h3>\n[av_font_icon icon='ue812' font='entypo-fontello' style='' caption='' size='25px' position='left' color='#43ad66' link='' linktarget='' title_attr='' sonar_effect_effect='' sonar_effect_color='' sonar_effect_duration='1' sonar_effect_scale='' sonar_effect_opac='0.5' animation='' id='' custom_class='' template_class='' av_uid='' sc_version='1.0' admin_preview_bg=''][\/av_font_icon]\n<p><span style=\"color: #008000;\">Command\u00e9 23:59, exp\u00e9di\u00e9 demain<\/span><\/p>\n<p>&nbsp;<\/p>\n","protected":false},"featured_media":20638,"comment_status":"open","ping_status":"closed","template":"","meta":[],"product_brand":[],"product_cat":[359],"product_tag":[],"class_list":{"0":"post-11749","1":"product","2":"type-product","3":"status-publish","4":"has-post-thumbnail","6":"product_cat-kirby-pieces-detachees-de-moteur","7":"product_shipping_class-klein-de-fr","9":"first","10":"instock","11":"taxable","12":"shipping-taxable","13":"purchasable","14":"product-type-simple"},"yoast_head":"<!-- This site is optimized with the Yoast SEO Premium plugin v27.1 (Yoast SEO v27.3) - https:\/\/yoast.com\/product\/yoast-seo-premium-wordpress\/ -->\n<title>Kirby Ancre - Veltec Kirby specialist<\/title>\n<meta name=\"description\" content=\"Kirby Ancre - Veltec est le fournisseur des aspirateurs Kirby depuis plus de 25 ans. Et est votre sp\u00e9cialiste de confiance\" \/>\n<meta name=\"robots\" content=\"index, follow, max-snippet:-1, max-image-preview:large, max-video-preview:-1\" \/>\n<link rel=\"canonical\" href=\"https:\/\/www.veltec.eu\/nl\/product\/kirby-anker-nl3022\/\" \/>\n<meta property=\"og:locale\" content=\"fr_FR\" \/>\n<meta property=\"og:type\" content=\"article\" \/>\n<meta property=\"og:title\" content=\"Kirby Ancre\" \/>\n<meta property=\"og:description\" content=\"Ancre pour moteur Kirby.    En stock   Command\u00e9 23:59, exp\u00e9di\u00e9 demain  &nbsp;\" \/>\n<meta property=\"og:url\" content=\"https:\/\/www.veltec.eu\/nl\/product\/kirby-anker-nl3022\/\" \/>\n<meta property=\"og:site_name\" content=\"Veltec Kirby specialist\" \/>\n<meta property=\"article:publisher\" content=\"https:\/\/www.facebook.com\/Veltec-Kirby-Specialist-236746293374877\/\" \/>\n<meta property=\"article:modified_time\" content=\"2024-12-10T09:41:50+00:00\" \/>\n<meta property=\"og:image\" content=\"https:\/\/www.veltec.eu\/wp-content\/uploads\/2018\/10\/kirby_anker.jpg\" \/>\n\t<meta property=\"og:image:width\" content=\"500\" \/>\n\t<meta property=\"og:image:height\" content=\"500\" \/>\n\t<meta property=\"og:image:type\" content=\"image\/jpeg\" \/>\n<meta name=\"twitter:card\" content=\"summary_large_image\" \/>\n<meta name=\"twitter:label1\" content=\"Dur\u00e9e de lecture estim\u00e9e\" \/>\n\t<meta name=\"twitter:data1\" content=\"5 minutes\" \/>\n<script type=\"application\/ld+json\" class=\"yoast-schema-graph\">{\"@context\":\"https:\\\/\\\/schema.org\",\"@graph\":[{\"@type\":\"WebPage\",\"@id\":\"https:\\\/\\\/www.veltec.eu\\\/nl\\\/product\\\/kirby-anker-nl3022\\\/\",\"url\":\"https:\\\/\\\/www.veltec.eu\\\/nl\\\/product\\\/kirby-anker-nl3022\\\/\",\"name\":\"Kirby Ancre - Veltec Kirby specialist\",\"isPartOf\":{\"@id\":\"https:\\\/\\\/www.veltec.eu\\\/en\\\/#website\"},\"primaryImageOfPage\":{\"@id\":\"https:\\\/\\\/www.veltec.eu\\\/nl\\\/product\\\/kirby-anker-nl3022\\\/#primaryimage\"},\"image\":{\"@id\":\"https:\\\/\\\/www.veltec.eu\\\/nl\\\/product\\\/kirby-anker-nl3022\\\/#primaryimage\"},\"thumbnailUrl\":\"https:\\\/\\\/www.veltec.eu\\\/wp-content\\\/uploads\\\/2018\\\/10\\\/kirby_anker.jpg\",\"datePublished\":\"2018-10-18T13:32:12+00:00\",\"dateModified\":\"2024-12-10T09:41:50+00:00\",\"description\":\"Kirby Ancre - Veltec est le fournisseur des aspirateurs Kirby depuis plus de 25 ans. Et est votre sp\u00e9cialiste de confiance\",\"breadcrumb\":{\"@id\":\"https:\\\/\\\/www.veltec.eu\\\/nl\\\/product\\\/kirby-anker-nl3022\\\/#breadcrumb\"},\"inLanguage\":\"fr-FR\",\"potentialAction\":[{\"@type\":\"ReadAction\",\"target\":[\"https:\\\/\\\/www.veltec.eu\\\/nl\\\/product\\\/kirby-anker-nl3022\\\/\"]}]},{\"@type\":\"ImageObject\",\"inLanguage\":\"fr-FR\",\"@id\":\"https:\\\/\\\/www.veltec.eu\\\/nl\\\/product\\\/kirby-anker-nl3022\\\/#primaryimage\",\"url\":\"https:\\\/\\\/www.veltec.eu\\\/wp-content\\\/uploads\\\/2018\\\/10\\\/kirby_anker.jpg\",\"contentUrl\":\"https:\\\/\\\/www.veltec.eu\\\/wp-content\\\/uploads\\\/2018\\\/10\\\/kirby_anker.jpg\",\"width\":500,\"height\":500},{\"@type\":\"BreadcrumbList\",\"@id\":\"https:\\\/\\\/www.veltec.eu\\\/nl\\\/product\\\/kirby-anker-nl3022\\\/#breadcrumb\",\"itemListElement\":[{\"@type\":\"ListItem\",\"position\":1,\"name\":\"Home\",\"item\":\"https:\\\/\\\/www.veltec.eu\\\/fr\\\/\"},{\"@type\":\"ListItem\",\"position\":2,\"name\":\"Produits\",\"item\":\"https:\\\/\\\/www.veltec.eu\\\/fr\\\/shop\\\/\"},{\"@type\":\"ListItem\",\"position\":3,\"name\":\"Kirby Ancre\"}]},{\"@type\":\"WebSite\",\"@id\":\"https:\\\/\\\/www.veltec.eu\\\/en\\\/#website\",\"url\":\"https:\\\/\\\/www.veltec.eu\\\/en\\\/\",\"name\":\"Veltec Kirby specialist\",\"description\":\"Kirby stofzuiger producten\",\"publisher\":{\"@id\":\"https:\\\/\\\/www.veltec.eu\\\/en\\\/#organization\"},\"potentialAction\":[{\"@type\":\"SearchAction\",\"target\":{\"@type\":\"EntryPoint\",\"urlTemplate\":\"https:\\\/\\\/www.veltec.eu\\\/en\\\/?s={search_term_string}\"},\"query-input\":{\"@type\":\"PropertyValueSpecification\",\"valueRequired\":true,\"valueName\":\"search_term_string\"}}],\"inLanguage\":\"fr-FR\"},{\"@type\":\"Organization\",\"@id\":\"https:\\\/\\\/www.veltec.eu\\\/en\\\/#organization\",\"name\":\"Veltec Kirby Specialist\",\"url\":\"https:\\\/\\\/www.veltec.eu\\\/en\\\/\",\"logo\":{\"@type\":\"ImageObject\",\"inLanguage\":\"fr-FR\",\"@id\":\"https:\\\/\\\/www.veltec.eu\\\/en\\\/#\\\/schema\\\/logo\\\/image\\\/\",\"url\":\"https:\\\/\\\/www.veltec.eu\\\/wp-content\\\/uploads\\\/2021\\\/12\\\/Veltec-log-groot-e1537260889125.png\",\"contentUrl\":\"https:\\\/\\\/www.veltec.eu\\\/wp-content\\\/uploads\\\/2021\\\/12\\\/Veltec-log-groot-e1537260889125.png\",\"width\":200,\"height\":60,\"caption\":\"Veltec Kirby Specialist\"},\"image\":{\"@id\":\"https:\\\/\\\/www.veltec.eu\\\/en\\\/#\\\/schema\\\/logo\\\/image\\\/\"},\"sameAs\":[\"https:\\\/\\\/www.facebook.com\\\/Veltec-Kirby-Specialist-236746293374877\\\/\",\"https:\\\/\\\/www.youtube.com\\\/user\\\/VeltecService\"]}]}<\/script>\n<!-- \/ Yoast SEO Premium plugin. -->","yoast_head_json":{"title":"Kirby Ancre - Veltec Kirby specialist","description":"Kirby Ancre - Veltec est le fournisseur des aspirateurs Kirby depuis plus de 25 ans. Et est votre sp\u00e9cialiste de confiance","robots":{"index":"index","follow":"follow","max-snippet":"max-snippet:-1","max-image-preview":"max-image-preview:large","max-video-preview":"max-video-preview:-1"},"canonical":"https:\/\/www.veltec.eu\/nl\/product\/kirby-anker-nl3022\/","og_locale":"fr_FR","og_type":"article","og_title":"Kirby Ancre","og_description":"Ancre pour moteur Kirby.    En stock   Command\u00e9 23:59, exp\u00e9di\u00e9 demain  &nbsp;","og_url":"https:\/\/www.veltec.eu\/nl\/product\/kirby-anker-nl3022\/","og_site_name":"Veltec Kirby specialist","article_publisher":"https:\/\/www.facebook.com\/Veltec-Kirby-Specialist-236746293374877\/","article_modified_time":"2024-12-10T09:41:50+00:00","og_image":[{"width":500,"height":500,"url":"https:\/\/www.veltec.eu\/wp-content\/uploads\/2018\/10\/kirby_anker.jpg","type":"image\/jpeg"}],"twitter_card":"summary_large_image","twitter_misc":{"Dur\u00e9e de lecture estim\u00e9e":"5 minutes"},"schema":{"@context":"https:\/\/schema.org","@graph":[{"@type":"WebPage","@id":"https:\/\/www.veltec.eu\/nl\/product\/kirby-anker-nl3022\/","url":"https:\/\/www.veltec.eu\/nl\/product\/kirby-anker-nl3022\/","name":"Kirby Ancre - Veltec Kirby specialist","isPartOf":{"@id":"https:\/\/www.veltec.eu\/en\/#website"},"primaryImageOfPage":{"@id":"https:\/\/www.veltec.eu\/nl\/product\/kirby-anker-nl3022\/#primaryimage"},"image":{"@id":"https:\/\/www.veltec.eu\/nl\/product\/kirby-anker-nl3022\/#primaryimage"},"thumbnailUrl":"https:\/\/www.veltec.eu\/wp-content\/uploads\/2018\/10\/kirby_anker.jpg","datePublished":"2018-10-18T13:32:12+00:00","dateModified":"2024-12-10T09:41:50+00:00","description":"Kirby Ancre - Veltec est le fournisseur des aspirateurs Kirby depuis plus de 25 ans. Et est votre sp\u00e9cialiste de confiance","breadcrumb":{"@id":"https:\/\/www.veltec.eu\/nl\/product\/kirby-anker-nl3022\/#breadcrumb"},"inLanguage":"fr-FR","potentialAction":[{"@type":"ReadAction","target":["https:\/\/www.veltec.eu\/nl\/product\/kirby-anker-nl3022\/"]}]},{"@type":"ImageObject","inLanguage":"fr-FR","@id":"https:\/\/www.veltec.eu\/nl\/product\/kirby-anker-nl3022\/#primaryimage","url":"https:\/\/www.veltec.eu\/wp-content\/uploads\/2018\/10\/kirby_anker.jpg","contentUrl":"https:\/\/www.veltec.eu\/wp-content\/uploads\/2018\/10\/kirby_anker.jpg","width":500,"height":500},{"@type":"BreadcrumbList","@id":"https:\/\/www.veltec.eu\/nl\/product\/kirby-anker-nl3022\/#breadcrumb","itemListElement":[{"@type":"ListItem","position":1,"name":"Home","item":"https:\/\/www.veltec.eu\/fr\/"},{"@type":"ListItem","position":2,"name":"Produits","item":"https:\/\/www.veltec.eu\/fr\/shop\/"},{"@type":"ListItem","position":3,"name":"Kirby Ancre"}]},{"@type":"WebSite","@id":"https:\/\/www.veltec.eu\/en\/#website","url":"https:\/\/www.veltec.eu\/en\/","name":"Veltec Kirby specialist","description":"Kirby stofzuiger producten","publisher":{"@id":"https:\/\/www.veltec.eu\/en\/#organization"},"potentialAction":[{"@type":"SearchAction","target":{"@type":"EntryPoint","urlTemplate":"https:\/\/www.veltec.eu\/en\/?s={search_term_string}"},"query-input":{"@type":"PropertyValueSpecification","valueRequired":true,"valueName":"search_term_string"}}],"inLanguage":"fr-FR"},{"@type":"Organization","@id":"https:\/\/www.veltec.eu\/en\/#organization","name":"Veltec Kirby Specialist","url":"https:\/\/www.veltec.eu\/en\/","logo":{"@type":"ImageObject","inLanguage":"fr-FR","@id":"https:\/\/www.veltec.eu\/en\/#\/schema\/logo\/image\/","url":"https:\/\/www.veltec.eu\/wp-content\/uploads\/2021\/12\/Veltec-log-groot-e1537260889125.png","contentUrl":"https:\/\/www.veltec.eu\/wp-content\/uploads\/2021\/12\/Veltec-log-groot-e1537260889125.png","width":200,"height":60,"caption":"Veltec Kirby Specialist"},"image":{"@id":"https:\/\/www.veltec.eu\/en\/#\/schema\/logo\/image\/"},"sameAs":["https:\/\/www.facebook.com\/Veltec-Kirby-Specialist-236746293374877\/","https:\/\/www.youtube.com\/user\/VeltecService"]}]}},"_links":{"self":[{"href":"https:\/\/www.veltec.eu\/fr\/wp-json\/wp\/v2\/product\/11749","targetHints":{"allow":["GET"]}}],"collection":[{"href":"https:\/\/www.veltec.eu\/fr\/wp-json\/wp\/v2\/product"}],"about":[{"href":"https:\/\/www.veltec.eu\/fr\/wp-json\/wp\/v2\/types\/product"}],"replies":[{"embeddable":true,"href":"https:\/\/www.veltec.eu\/fr\/wp-json\/wp\/v2\/comments?post=11749"}],"wp:featuredmedia":[{"embeddable":true,"href":"https:\/\/www.veltec.eu\/fr\/wp-json\/wp\/v2\/media\/20638"}],"wp:attachment":[{"href":"https:\/\/www.veltec.eu\/fr\/wp-json\/wp\/v2\/media?parent=11749"}],"wp:term":[{"taxonomy":"product_brand","embeddable":true,"href":"https:\/\/www.veltec.eu\/fr\/wp-json\/wp\/v2\/product_brand?post=11749"},{"taxonomy":"product_cat","embeddable":true,"href":"https:\/\/www.veltec.eu\/fr\/wp-json\/wp\/v2\/product_cat?post=11749"},{"taxonomy":"product_tag","embeddable":true,"href":"https:\/\/www.veltec.eu\/fr\/wp-json\/wp\/v2\/product_tag?post=11749"}],"curies":[{"name":"wp","href":"https:\/\/api.w.org\/{rel}","templated":true}]}}