{"id":11744,"date":"2018-10-18T15:26:19","date_gmt":"2018-10-18T13:26:19","guid":{"rendered":"https:\/\/www.veltec.eu\/kirby-webshop\/pierre-a-aiguiser-kirby-nl3105\/"},"modified":"2025-04-22T11:34:21","modified_gmt":"2025-04-22T09:34:21","slug":"pierre-a-aiguiser-kirby-nl3105","status":"publish","type":"product","link":"https:\/\/www.veltec.eu\/fr\/product\/pierre-a-aiguiser-kirby-nl3105\/","title":{"rendered":"Pierre a Aiguiser Kirby"},"content":{"rendered":"<h1>Pierre a Aiguiser Kirby<\/h1>\n<p>Pierre a Aiguiser Kirby pour l&#8217;aff\u00fbtage de l&#8217;ancre.<\/p>\n<p><strong>Cette pierre \u00e0 aiguiser est universelle et convient \u00e0 tous les aspirateurs Kirby ;<\/strong><\/p>\n<ul>\n<li>Avalir Platinum<\/li>\n<li>Avalir 2<\/li>\n<li>Avalir 1<\/li>\n<li>Sentria 2 (G10D)<\/li>\n<li>Sentria 1 (G10)<\/li>\n<li>Ultimate G Diamond Ed.(G7D or DE)<\/li>\n<li>Ultimate G (G7 or UG)<\/li>\n<li>Generation 6 (G6)<\/li>\n<li>Generation 5 (G5)<\/li>\n<li>Generation 4 (G4)<\/li>\n<li>Generation 3 (G3)<\/li>\n<\/ul>\n<h2>La Pierre a Aiguiser Kirby : l&#8217;outil indispensable pour l&#8217;entretien de votre aspirateur Kirby<\/h2>\n<div class=\"group\/conversation-turn relative flex w-full min-w-0 flex-col agent-turn\">\n<div class=\"flex-col gap-1 md:gap-3\">\n<div class=\"flex max-w-full flex-col flex-grow\">\n<div class=\"min-h-8 text-message flex w-full flex-col items-end gap-2 whitespace-normal break-words [.text-message+&amp;]:mt-5\" dir=\"auto\" data-message-author-role=\"assistant\" data-message-id=\"98308336-ad3e-4b23-bc96-8c51b5cb6dcb\" data-message-model-slug=\"gpt-4o\">\n<div class=\"flex w-full flex-col gap-1 empty:hidden first:pt-[3px]\">\n<div class=\"markdown prose w-full break-words dark:prose-invert light\">\n<h3>Qu&#8217;est-ce que la pierre de meulage ?<\/h3>\n<p>La pierre \u00e0 aff\u00fbter est une pierre douce sp\u00e9cialement con\u00e7ue pour aff\u00fbter et polir efficacement les ailettes de l&#8217;ancre ou du rotor Kirby. Gr\u00e2ce \u00e0 cette pierre, vous pouvez facilement \u00e9liminer les r\u00e9sidus de brosse \u00e0 charbon et autres d\u00e9p\u00f4ts sur les ailettes. Cela permet non seulement de prolonger la dur\u00e9e de vie de votre aspirateur Kirby, mais aussi d&#8217;en optimiser le fonctionnement. Lorsque les lames sont propres et polies, l&#8217;appareil fonctionne plus facilement, ce qui se traduit par de meilleures performances et une consommation d&#8217;\u00e9nergie r\u00e9duite.<\/p>\n<p>Trouvez toutes les <a href=\"https:\/\/www.veltec.eu\/fr\/?page_id=59333\">pi\u00e8ces de moteur Kirby<\/a> ici<\/p>\n<h3>Pourquoi choisir la Pierre a Aiguiser Kirby ?<\/h3>\n<p>La pierre de broyage offre un certain nombre d&#8217;avantages uniques pour votre \u00e9quipement Kirby :<\/p>\n<ul>\n<li><strong>Texture douce<\/strong>: la composition douce de la pierre de broyage vous permet de polir efficacement et en toute s\u00e9curit\u00e9 les pales du rotor sans les endommager.<\/li>\n<li><strong>Nettoyage efficace<\/strong>: L&#8217;\u00e9limination des r\u00e9sidus de brosses \u00e0 charbon est essentielle pour maintenir la qualit\u00e9 du moteur et assurer un fonctionnement plus efficace.<\/li>\n<li><strong>Durabilit\u00e9<\/strong>: L&#8217;utilisation r\u00e9guli\u00e8re de la pierre \u00e0 polir permet de r\u00e9duire l&#8217;usure du rotor et d&#8217;emp\u00eacher la poussi\u00e8re et les r\u00e9sidus de brosses de carbone d&#8217;affecter les performances de votre aspirateur Kirby.<\/li>\n<\/ul>\n<h3>Comment utiliser la pierre \u00e0 aiguiser ?<\/h3>\n<p>L&#8217;utilisation de la pierre \u00e0 aiguiser n&#8217;est pas facile et se fait sous tension \u00e9lectrique. Si vous ne poss\u00e9dez pas ces connaissances, consultez un m\u00e9canicien Kirby agr\u00e9\u00e9. Avec un entretien et une technique appropri\u00e9s, vous pouvez am\u00e9liorer de mani\u00e8re significative la dur\u00e9e de vie et les performances de votre aspirateur.<\/p>\n<h3>L&#8217;importance d&#8217;un entretien r\u00e9gulier<\/h3>\n<p>Le nettoyage et l&#8217;entretien r\u00e9guliers de votre \u00e9quipement Kirby \u00e0 l&#8217;aide de la pierre de broyage emp\u00eachent l&#8217;accumulation de salet\u00e9s et de d\u00e9p\u00f4ts, ce qui r\u00e9duit les frottements et la consommation d&#8217;\u00e9nergie. Cela permet au moteur de fonctionner plus efficacement, prolongeant ainsi la dur\u00e9e de vie et la puissance d&#8217;aspiration de votre aspirateur. En effet, sans un entretien r\u00e9gulier, les r\u00e9sidus et la salet\u00e9 peuvent entra\u00eener un dysfonctionnement du moteur, ce qui finit par provoquer des pannes ou une baisse des performances.<\/p>\n<h3>O\u00f9 peut-on acheter la Pierre a Aiguiser Kirby ?<\/h3>\n<p>La pierre de broyage est uniquement disponible aupr\u00e8s des revendeurs Kirby agr\u00e9\u00e9s et des boutiques en ligne sp\u00e9cialis\u00e9es dans les pi\u00e8ces d\u00e9tach\u00e9es Kirby. Il est important de choisir une source fiable pour garantir la qualit\u00e9 et l&#8217;originalit\u00e9 des pi\u00e8ces Kirby.<\/p>\n<h3>Conseils d&#8217;achat :<\/h3>\n<ul>\n<li>V\u00e9rifiez toujours que vous achetez une pierre \u00e0 aiguiser originale pour b\u00e9n\u00e9ficier de la meilleure qualit\u00e9.<\/li>\n<li>Faites attention aux options de livraison et aux prix ; la livraison est gratuite dans certains magasins \u00e0 partir d&#8217;un certain montant d&#8217;achat.<\/li>\n<\/ul>\n<h3>Conclusion<\/h3>\n<p>La pierre \u00e0 aiguiser est un outil essentiel pour tous ceux qui veulent tirer le meilleur parti de leur aspirateur Kirby. L&#8217;utilisation r\u00e9guli\u00e8re de cette pierre \u00e0 aff\u00fbter permet de maintenir le rotor en parfait \u00e9tat, ce qui favorise les performances du moteur et pr\u00e9vient l&#8217;usure. Que vous soyez un nouvel utilisateur ou un propri\u00e9taire fid\u00e8le de Kirby depuis de nombreuses ann\u00e9es, cette pierre \u00e0 aiguiser offre un \u00e9quilibre parfait entre simplicit\u00e9 et efficacit\u00e9. Gr\u00e2ce \u00e0 la pierre d&#8217;aff\u00fbtage, vous pr\u00e9serverez non seulement la puissance et l&#8217;efficacit\u00e9 de votre aspirateur, mais vous prolongerez \u00e9galement sa dur\u00e9e de vie de mani\u00e8re significative.<\/p>\n<\/div>\n<\/div>\n<\/div>\n<\/div>\n<\/div>\n<\/div>\n","protected":false},"excerpt":{"rendered":"<p>Pour appointer l&#8217;ancre.<\/p>\n[trustindex data-widget-id=e3bb80b24fa128098b960fc2439]\n<h3><span style=\"color: #008000;\"><br \/>\nEn stock<\/span><\/h3>\n[av_font_icon icon='ue812' font='entypo-fontello' style='' caption='' size='25px' position='left' color='#43ad66' link='' linktarget='' title_attr='' sonar_effect_effect='' sonar_effect_color='' sonar_effect_duration='1' sonar_effect_scale='' sonar_effect_opac='0.5' animation='' id='' custom_class='' template_class='' av_uid='' sc_version='1.0' admin_preview_bg=''][\/av_font_icon]\n<p><span style=\"color: #008000;\">Command\u00e9 23:59, exp\u00e9di\u00e9 demain<\/span><\/p>\n<p>&nbsp;<\/p>\n","protected":false},"featured_media":6600,"comment_status":"open","ping_status":"closed","template":"","meta":{"_acf_changed":false},"product_brand":[],"product_cat":[359],"product_tag":[],"class_list":{"0":"post-11744","1":"product","2":"type-product","3":"status-publish","4":"has-post-thumbnail","6":"product_cat-kirby-pieces-detachees-de-moteur","7":"product_shipping_class-klein-de-fr","9":"first","10":"instock","11":"taxable","12":"shipping-taxable","13":"purchasable","14":"product-type-simple"},"acf":[],"yoast_head":"<!-- This site is optimized with the Yoast SEO Premium plugin v27.1 (Yoast SEO v27.5) - https:\/\/yoast.com\/product\/yoast-seo-premium-wordpress\/ -->\n<title>Pierre a Aiguiser Kirby - Veltec Kirby specialist<\/title>\n<meta name=\"description\" content=\"Pierre a Aiguiser Kirby - Veltec est le fournisseur des aspirateurs Kirby depuis plus de 25 ans. Et est votre sp\u00e9cialiste de confiance\" \/>\n<meta name=\"robots\" content=\"index, follow, max-snippet:-1, max-image-preview:large, max-video-preview:-1\" \/>\n<link rel=\"canonical\" href=\"https:\/\/www.veltec.eu\/fr\/product\/pierre-a-aiguiser-kirby-nl3105\/\" \/>\n<meta property=\"og:locale\" content=\"fr_FR\" \/>\n<meta property=\"og:type\" content=\"article\" \/>\n<meta property=\"og:title\" content=\"Pierre a Aiguiser Kirby\" \/>\n<meta property=\"og:description\" content=\"Pour appointer l&#039;ancre.    En stock   Command\u00e9 23:59, exp\u00e9di\u00e9 demain  &nbsp;\" \/>\n<meta property=\"og:url\" content=\"https:\/\/www.veltec.eu\/fr\/product\/pierre-a-aiguiser-kirby-nl3105\/\" \/>\n<meta property=\"og:site_name\" content=\"Veltec Kirby specialist\" \/>\n<meta property=\"article:publisher\" content=\"https:\/\/www.facebook.com\/Veltec-Kirby-Specialist-236746293374877\/\" \/>\n<meta property=\"article:modified_time\" content=\"2025-04-22T09:34:21+00:00\" \/>\n<meta property=\"og:image\" content=\"https:\/\/www.veltec.eu\/wp-content\/uploads\/2018\/10\/kirby_slijpsteen.jpg\" \/>\n\t<meta property=\"og:image:width\" content=\"300\" \/>\n\t<meta property=\"og:image:height\" content=\"300\" \/>\n\t<meta property=\"og:image:type\" content=\"image\/jpeg\" \/>\n<meta name=\"twitter:card\" content=\"summary_large_image\" \/>\n<meta name=\"twitter:label1\" content=\"Dur\u00e9e de lecture estim\u00e9e\" \/>\n\t<meta name=\"twitter:data1\" content=\"4 minutes\" \/>\n<script type=\"application\/ld+json\" class=\"yoast-schema-graph\">{\"@context\":\"https:\\\/\\\/schema.org\",\"@graph\":[{\"@type\":\"WebPage\",\"@id\":\"https:\\\/\\\/www.veltec.eu\\\/fr\\\/product\\\/pierre-a-aiguiser-kirby-nl3105\\\/\",\"url\":\"https:\\\/\\\/www.veltec.eu\\\/fr\\\/product\\\/pierre-a-aiguiser-kirby-nl3105\\\/\",\"name\":\"Pierre a Aiguiser Kirby - Veltec Kirby specialist\",\"isPartOf\":{\"@id\":\"https:\\\/\\\/www.veltec.eu\\\/en\\\/#website\"},\"primaryImageOfPage\":{\"@id\":\"https:\\\/\\\/www.veltec.eu\\\/fr\\\/product\\\/pierre-a-aiguiser-kirby-nl3105\\\/#primaryimage\"},\"image\":{\"@id\":\"https:\\\/\\\/www.veltec.eu\\\/fr\\\/product\\\/pierre-a-aiguiser-kirby-nl3105\\\/#primaryimage\"},\"thumbnailUrl\":\"https:\\\/\\\/www.veltec.eu\\\/wp-content\\\/uploads\\\/2018\\\/10\\\/kirby_slijpsteen.jpg\",\"datePublished\":\"2018-10-18T13:26:19+00:00\",\"dateModified\":\"2025-04-22T09:34:21+00:00\",\"description\":\"Pierre a Aiguiser Kirby - Veltec est le fournisseur des aspirateurs Kirby depuis plus de 25 ans. Et est votre sp\u00e9cialiste de confiance\",\"breadcrumb\":{\"@id\":\"https:\\\/\\\/www.veltec.eu\\\/fr\\\/product\\\/pierre-a-aiguiser-kirby-nl3105\\\/#breadcrumb\"},\"inLanguage\":\"fr-FR\",\"potentialAction\":[{\"@type\":\"ReadAction\",\"target\":[\"https:\\\/\\\/www.veltec.eu\\\/fr\\\/product\\\/pierre-a-aiguiser-kirby-nl3105\\\/\"]}]},{\"@type\":\"ImageObject\",\"inLanguage\":\"fr-FR\",\"@id\":\"https:\\\/\\\/www.veltec.eu\\\/fr\\\/product\\\/pierre-a-aiguiser-kirby-nl3105\\\/#primaryimage\",\"url\":\"https:\\\/\\\/www.veltec.eu\\\/wp-content\\\/uploads\\\/2018\\\/10\\\/kirby_slijpsteen.jpg\",\"contentUrl\":\"https:\\\/\\\/www.veltec.eu\\\/wp-content\\\/uploads\\\/2018\\\/10\\\/kirby_slijpsteen.jpg\",\"width\":300,\"height\":300,\"caption\":\"Pierre a Aiguiser Kirby\"},{\"@type\":\"BreadcrumbList\",\"@id\":\"https:\\\/\\\/www.veltec.eu\\\/fr\\\/product\\\/pierre-a-aiguiser-kirby-nl3105\\\/#breadcrumb\",\"itemListElement\":[{\"@type\":\"ListItem\",\"position\":1,\"name\":\"Home\",\"item\":\"https:\\\/\\\/www.veltec.eu\\\/fr\\\/accueil\\\/\"},{\"@type\":\"ListItem\",\"position\":2,\"name\":\"Boutique Kirby\",\"item\":\"https:\\\/\\\/www.veltec.eu\\\/fr\\\/boutique-kirby\\\/\"},{\"@type\":\"ListItem\",\"position\":3,\"name\":\"Pierre a Aiguiser Kirby\"}]},{\"@type\":\"WebSite\",\"@id\":\"https:\\\/\\\/www.veltec.eu\\\/en\\\/#website\",\"url\":\"https:\\\/\\\/www.veltec.eu\\\/en\\\/\",\"name\":\"Veltec Kirby specialist\",\"description\":\"Kirby stofzuiger producten\",\"publisher\":{\"@id\":\"https:\\\/\\\/www.veltec.eu\\\/en\\\/#organization\"},\"potentialAction\":[{\"@type\":\"SearchAction\",\"target\":{\"@type\":\"EntryPoint\",\"urlTemplate\":\"https:\\\/\\\/www.veltec.eu\\\/en\\\/?s={search_term_string}\"},\"query-input\":{\"@type\":\"PropertyValueSpecification\",\"valueRequired\":true,\"valueName\":\"search_term_string\"}}],\"inLanguage\":\"fr-FR\"},{\"@type\":\"Organization\",\"@id\":\"https:\\\/\\\/www.veltec.eu\\\/en\\\/#organization\",\"name\":\"Veltec Kirby Specialist\",\"url\":\"https:\\\/\\\/www.veltec.eu\\\/en\\\/\",\"logo\":{\"@type\":\"ImageObject\",\"inLanguage\":\"fr-FR\",\"@id\":\"https:\\\/\\\/www.veltec.eu\\\/en\\\/#\\\/schema\\\/logo\\\/image\\\/\",\"url\":\"https:\\\/\\\/www.veltec.eu\\\/wp-content\\\/uploads\\\/2021\\\/12\\\/Veltec-log-groot-e1537260889125.png\",\"contentUrl\":\"https:\\\/\\\/www.veltec.eu\\\/wp-content\\\/uploads\\\/2021\\\/12\\\/Veltec-log-groot-e1537260889125.png\",\"width\":200,\"height\":60,\"caption\":\"Veltec Kirby Specialist\"},\"image\":{\"@id\":\"https:\\\/\\\/www.veltec.eu\\\/en\\\/#\\\/schema\\\/logo\\\/image\\\/\"},\"sameAs\":[\"https:\\\/\\\/www.facebook.com\\\/Veltec-Kirby-Specialist-236746293374877\\\/\",\"https:\\\/\\\/www.youtube.com\\\/user\\\/VeltecService\"]}]}<\/script>\n<!-- \/ Yoast SEO Premium plugin. -->","yoast_head_json":{"title":"Pierre a Aiguiser Kirby - Veltec Kirby specialist","description":"Pierre a Aiguiser Kirby - Veltec est le fournisseur des aspirateurs Kirby depuis plus de 25 ans. Et est votre sp\u00e9cialiste de confiance","robots":{"index":"index","follow":"follow","max-snippet":"max-snippet:-1","max-image-preview":"max-image-preview:large","max-video-preview":"max-video-preview:-1"},"canonical":"https:\/\/www.veltec.eu\/fr\/product\/pierre-a-aiguiser-kirby-nl3105\/","og_locale":"fr_FR","og_type":"article","og_title":"Pierre a Aiguiser Kirby","og_description":"Pour appointer l'ancre.    En stock   Command\u00e9 23:59, exp\u00e9di\u00e9 demain  &nbsp;","og_url":"https:\/\/www.veltec.eu\/fr\/product\/pierre-a-aiguiser-kirby-nl3105\/","og_site_name":"Veltec Kirby specialist","article_publisher":"https:\/\/www.facebook.com\/Veltec-Kirby-Specialist-236746293374877\/","article_modified_time":"2025-04-22T09:34:21+00:00","og_image":[{"width":300,"height":300,"url":"https:\/\/www.veltec.eu\/wp-content\/uploads\/2018\/10\/kirby_slijpsteen.jpg","type":"image\/jpeg"}],"twitter_card":"summary_large_image","twitter_misc":{"Dur\u00e9e de lecture estim\u00e9e":"4 minutes"},"schema":{"@context":"https:\/\/schema.org","@graph":[{"@type":"WebPage","@id":"https:\/\/www.veltec.eu\/fr\/product\/pierre-a-aiguiser-kirby-nl3105\/","url":"https:\/\/www.veltec.eu\/fr\/product\/pierre-a-aiguiser-kirby-nl3105\/","name":"Pierre a Aiguiser Kirby - Veltec Kirby specialist","isPartOf":{"@id":"https:\/\/www.veltec.eu\/en\/#website"},"primaryImageOfPage":{"@id":"https:\/\/www.veltec.eu\/fr\/product\/pierre-a-aiguiser-kirby-nl3105\/#primaryimage"},"image":{"@id":"https:\/\/www.veltec.eu\/fr\/product\/pierre-a-aiguiser-kirby-nl3105\/#primaryimage"},"thumbnailUrl":"https:\/\/www.veltec.eu\/wp-content\/uploads\/2018\/10\/kirby_slijpsteen.jpg","datePublished":"2018-10-18T13:26:19+00:00","dateModified":"2025-04-22T09:34:21+00:00","description":"Pierre a Aiguiser Kirby - Veltec est le fournisseur des aspirateurs Kirby depuis plus de 25 ans. Et est votre sp\u00e9cialiste de confiance","breadcrumb":{"@id":"https:\/\/www.veltec.eu\/fr\/product\/pierre-a-aiguiser-kirby-nl3105\/#breadcrumb"},"inLanguage":"fr-FR","potentialAction":[{"@type":"ReadAction","target":["https:\/\/www.veltec.eu\/fr\/product\/pierre-a-aiguiser-kirby-nl3105\/"]}]},{"@type":"ImageObject","inLanguage":"fr-FR","@id":"https:\/\/www.veltec.eu\/fr\/product\/pierre-a-aiguiser-kirby-nl3105\/#primaryimage","url":"https:\/\/www.veltec.eu\/wp-content\/uploads\/2018\/10\/kirby_slijpsteen.jpg","contentUrl":"https:\/\/www.veltec.eu\/wp-content\/uploads\/2018\/10\/kirby_slijpsteen.jpg","width":300,"height":300,"caption":"Pierre a Aiguiser Kirby"},{"@type":"BreadcrumbList","@id":"https:\/\/www.veltec.eu\/fr\/product\/pierre-a-aiguiser-kirby-nl3105\/#breadcrumb","itemListElement":[{"@type":"ListItem","position":1,"name":"Home","item":"https:\/\/www.veltec.eu\/fr\/accueil\/"},{"@type":"ListItem","position":2,"name":"Boutique Kirby","item":"https:\/\/www.veltec.eu\/fr\/boutique-kirby\/"},{"@type":"ListItem","position":3,"name":"Pierre a Aiguiser Kirby"}]},{"@type":"WebSite","@id":"https:\/\/www.veltec.eu\/en\/#website","url":"https:\/\/www.veltec.eu\/en\/","name":"Veltec Kirby specialist","description":"Kirby stofzuiger producten","publisher":{"@id":"https:\/\/www.veltec.eu\/en\/#organization"},"potentialAction":[{"@type":"SearchAction","target":{"@type":"EntryPoint","urlTemplate":"https:\/\/www.veltec.eu\/en\/?s={search_term_string}"},"query-input":{"@type":"PropertyValueSpecification","valueRequired":true,"valueName":"search_term_string"}}],"inLanguage":"fr-FR"},{"@type":"Organization","@id":"https:\/\/www.veltec.eu\/en\/#organization","name":"Veltec Kirby Specialist","url":"https:\/\/www.veltec.eu\/en\/","logo":{"@type":"ImageObject","inLanguage":"fr-FR","@id":"https:\/\/www.veltec.eu\/en\/#\/schema\/logo\/image\/","url":"https:\/\/www.veltec.eu\/wp-content\/uploads\/2021\/12\/Veltec-log-groot-e1537260889125.png","contentUrl":"https:\/\/www.veltec.eu\/wp-content\/uploads\/2021\/12\/Veltec-log-groot-e1537260889125.png","width":200,"height":60,"caption":"Veltec Kirby Specialist"},"image":{"@id":"https:\/\/www.veltec.eu\/en\/#\/schema\/logo\/image\/"},"sameAs":["https:\/\/www.facebook.com\/Veltec-Kirby-Specialist-236746293374877\/","https:\/\/www.youtube.com\/user\/VeltecService"]}]}},"_links":{"self":[{"href":"https:\/\/www.veltec.eu\/fr\/wp-json\/wp\/v2\/product\/11744","targetHints":{"allow":["GET"]}}],"collection":[{"href":"https:\/\/www.veltec.eu\/fr\/wp-json\/wp\/v2\/product"}],"about":[{"href":"https:\/\/www.veltec.eu\/fr\/wp-json\/wp\/v2\/types\/product"}],"replies":[{"embeddable":true,"href":"https:\/\/www.veltec.eu\/fr\/wp-json\/wp\/v2\/comments?post=11744"}],"wp:featuredmedia":[{"embeddable":true,"href":"https:\/\/www.veltec.eu\/fr\/wp-json\/wp\/v2\/media\/6600"}],"wp:attachment":[{"href":"https:\/\/www.veltec.eu\/fr\/wp-json\/wp\/v2\/media?parent=11744"}],"wp:term":[{"taxonomy":"product_brand","embeddable":true,"href":"https:\/\/www.veltec.eu\/fr\/wp-json\/wp\/v2\/product_brand?post=11744"},{"taxonomy":"product_cat","embeddable":true,"href":"https:\/\/www.veltec.eu\/fr\/wp-json\/wp\/v2\/product_cat?post=11744"},{"taxonomy":"product_tag","embeddable":true,"href":"https:\/\/www.veltec.eu\/fr\/wp-json\/wp\/v2\/product_tag?post=11744"}],"curies":[{"name":"wp","href":"https:\/\/api.w.org\/{rel}","templated":true}]}}