{"id":11739,"date":"2018-10-18T15:39:12","date_gmt":"2018-10-18T13:39:12","guid":{"rendered":"https:\/\/www.veltec.eu\/kirby-webshop\/bobine-electrique-nl3049\/"},"modified":"2024-12-10T11:36:10","modified_gmt":"2024-12-10T09:36:10","slug":"bobine-electrique-kirby-nl3049","status":"publish","type":"product","link":"https:\/\/www.veltec.eu\/fr\/product\/bobine-electrique-kirby-nl3049\/","title":{"rendered":"Bobine \u00c9lectrique Kirby"},"content":{"rendered":"<h1>Bobine \u00c9lectrique Kirby<\/h1>\n<p>Bobine \u00e9lectrique pour moteur Kirby.<\/p>\n<p><strong>Ce produit est adapt\u00e9 pour les types:<\/strong><\/p>\n<ul>\n<li>Avalir Platinum<\/li>\n<li>Avalir 2<\/li>\n<li>Avalir 1<\/li>\n<li>Sentria 2 (G10D)<\/li>\n<li>Sentria 1 (G10)<\/li>\n<li>Ultimate G Diamond Ed.(G7D or DE)<\/li>\n<li>Ultimate G (G7 or UG)<\/li>\n<li>Generation 6 (G6)<\/li>\n<li>Generation 5 (G5)<\/li>\n<li>Generation 4 (G4)<\/li>\n<li>Generation 3 (G3)<\/li>\n<\/ul>\n<h2>Kirby Electro Coil : Pi\u00e8ces essentielles pour une performance optimale de votre aspirateur Kirby<\/h2>\n<p>L&#8217;<strong>Electro<\/strong> Coil est une pi\u00e8ce cruciale pour le fonctionnement de votre aspirateur Kirby. Que vous soyez un utilisateur fid\u00e8le de ces aspirateurs de haute qualit\u00e9 ou que vous cherchiez simplement une pi\u00e8ce de rechange, cette bobine garantit que votre aspirateur continue \u00e0 fonctionner de mani\u00e8re optimale. Dans cette description de produit, nous expliquons exactement ce que fait la bobine Electro, comment elle fonctionne et pourquoi elle est une pi\u00e8ce essentielle pour votre aspirateur Kirby.<\/p>\n<p>Vous trouverez ici toutes les <a href=\"https:\/\/www.veltec.eu\/fr\/categorie\/kirby-pieces-detachees-de-moteur\/\">pi\u00e8ces de moteur Kirby.<\/a><\/p>\n<h3>Qu&#8217;est-ce qu&#8217;une bobine \u00e9lectrique Kirby ?<\/h3>\n<p>Une <strong>bobine \u00e9lectrique<\/strong> est constitu\u00e9e de deux composants \u00e9lectriques qui contiennent des enroulements conducteurs en fil de cuivre. Ces enroulements sont enroul\u00e9s sur une forme de bobine et il y a un noyau magn\u00e9tisable \u00e0 l&#8217;int\u00e9rieur de la bobine. Ces composants sont essentiels pour g\u00e9n\u00e9rer un champ magn\u00e9tique, n\u00e9cessaire pour entra\u00eener le moteur de votre aspirateur Kirby.<\/p>\n<h2>Couplage magn\u00e9tique et fonction de transformateur<\/h2>\n<p>La particularit\u00e9 de l&#8217;\u00e9lectro-bobine r\u00e9side dans le couplage magn\u00e9tique entre deux bobines. Ensemble, ces bobines forment un transformateur, qui est responsable de l&#8217;alimentation correcte en tension et en courant du moteur de votre aspirateur Kirby. Si la bobine ne fonctionne pas correctement, le moteur ne peut pas fonctionner correctement, ce qui peut r\u00e9duire consid\u00e9rablement les performances de votre aspirateur.<\/p>\n<h3>Convient \u00e0 tous les mod\u00e8les d&#8217;aspirateurs Kirby<\/h3>\n<p>La polyvalence de la <strong>bobine Electro<\/strong> fait qu&#8217;elle convient \u00e0 tous les mod\u00e8les d&#8217;aspirateurs Kirby. Que vous ayez un ancien mod\u00e8le ou la derni\u00e8re version de l&#8217;aspirateur Kirby, cette bobine s&#8217;adapte parfaitement et garantit que votre aspirateur continue \u00e0 fonctionner comme il se doit. Il s&#8217;agit donc d&#8217;une pi\u00e8ce universelle, ce qui vous permet d&#8217;avoir l&#8217;esprit tranquille en sachant que vous disposez toujours d&#8217;une pi\u00e8ce de rechange appropri\u00e9e, quel que soit le mod\u00e8le que vous utilisez.<\/p>\n<h3>Pourquoi choisir une bobine \u00e9lectrique ?<\/h3>\n<p>Il y a plusieurs raisons pour lesquelles vous devriez choisir la <strong>bobine<\/strong> \u00e9lectrique :<\/p>\n<ol>\n<li><strong>Fiabilit\u00e9<\/strong>: Kirby est connu depuis des ann\u00e9es pour ses aspirateurs durables et fiables. En choisissant des pi\u00e8ces d&#8217;origine Kirby, comme ce serpentin \u00e9lectrique, vous vous assurez que votre aspirateur continue \u00e0 fonctionner de mani\u00e8re optimale.<\/li>\n<li><strong>Installation facile<\/strong>: L&#8217;\u00e9lectro-bobine est facile \u00e0 installer, m\u00eame si vous n&#8217;avez aucune connaissance technique. La bobine est con\u00e7ue pour \u00eatre remplac\u00e9e rapidement et facilement, sans qu&#8217;il soit n\u00e9cessaire de faire appel \u00e0 un professionnel.<\/li>\n<li><strong>Am\u00e9lioration des performances<\/strong>: Le bon fonctionnement de la bobine est essentiel \u00e0 la performance de votre aspirateur. En choisissant un nouveau serpentin Electro, vous vous assurez que le moteur de votre aspirateur fonctionne \u00e0 nouveau de mani\u00e8re optimale, ce qui se traduit par une aspiration plus puissante et de meilleures performances de nettoyage.<\/li>\n<li style=\"list-style-type: none;\"><\/li>\n<\/ol>\n<p>Si vous remarquez que les performances de votre aspirateur Kirby se d\u00e9t\u00e9riorent, le remplacement de la <strong>bobine \u00e9lectrique<\/strong> peut \u00eatre une solution simple et efficace. Cette bobine est sp\u00e9cialement con\u00e7ue pour garantir que le moteur de votre aspirateur re\u00e7oive la tension et le courant corrects, ce qui est essentiel pour maintenir la puissance d&#8217;aspiration et la durabilit\u00e9. Gr\u00e2ce \u00e0 son adaptation universelle \u00e0 tous les mod\u00e8les Kirby, vous pouvez choisir cette bobine de haute qualit\u00e9 en toute confiance.<\/p>\n<p>Investissez d\u00e8s aujourd&#8217;hui dans une bobine Electro pour votre Kirby et gardez votre aspirateur en parfait \u00e9tat pour des ann\u00e9es d&#8217;utilisation optimale.<\/p>\n","protected":false},"excerpt":{"rendered":"<p>Bobine \u00e9lectrique pour moteur Kirby.<\/p>\n[trustindex data-widget-id=e3bb80b24fa128098b960fc2439]\n<h3><span style=\"color: #008000;\"><br \/>\nEn stock<\/span><\/h3>\n[av_font_icon icon='ue812' font='entypo-fontello' style='' caption='' size='25px' position='left' color='#43ad66' link='' linktarget='' title_attr='' sonar_effect_effect='' sonar_effect_color='' sonar_effect_duration='1' sonar_effect_scale='' sonar_effect_opac='0.5' animation='' id='' custom_class='' template_class='' av_uid='' sc_version='1.0' admin_preview_bg=''][\/av_font_icon]\n<p><span style=\"color: #008000;\">Command\u00e9 23:59, exp\u00e9di\u00e9 demain<\/span><\/p>\n<p>&nbsp;<\/p>\n","protected":false},"featured_media":6618,"comment_status":"open","ping_status":"closed","template":"","meta":[],"product_brand":[],"product_cat":[359],"product_tag":[],"class_list":{"0":"post-11739","1":"product","2":"type-product","3":"status-publish","4":"has-post-thumbnail","6":"product_cat-kirby-pieces-detachees-de-moteur","7":"product_shipping_class-klein-de-fr","9":"first","10":"instock","11":"taxable","12":"shipping-taxable","13":"purchasable","14":"product-type-simple"},"yoast_head":"<!-- This site is optimized with the Yoast SEO Premium plugin v27.1 (Yoast SEO v27.4) - https:\/\/yoast.com\/product\/yoast-seo-premium-wordpress\/ -->\n<title>Bobine \u00c9lectrique Kirby - Veltec Kirby specialist<\/title>\n<meta name=\"description\" content=\"Bobine \u00c9lectrique Kirby - Veltec est le fournisseur des aspirateurs Kirby depuis plus de 25 ans. Et est votre sp\u00e9cialiste de confiance\" \/>\n<meta name=\"robots\" content=\"index, follow, max-snippet:-1, max-image-preview:large, max-video-preview:-1\" \/>\n<link rel=\"canonical\" href=\"https:\/\/www.veltec.eu\/nl\/product\/kirby-electro-spoel-nl3049\/\" \/>\n<meta property=\"og:locale\" content=\"fr_FR\" \/>\n<meta property=\"og:type\" content=\"article\" \/>\n<meta property=\"og:title\" content=\"Bobine \u00c9lectrique Kirby\" \/>\n<meta property=\"og:description\" content=\"Bobine \u00e9lectrique pour moteur Kirby.    En stock   Command\u00e9 23:59, exp\u00e9di\u00e9 demain  &nbsp;\" \/>\n<meta property=\"og:url\" content=\"https:\/\/www.veltec.eu\/nl\/product\/kirby-electro-spoel-nl3049\/\" \/>\n<meta property=\"og:site_name\" content=\"Veltec Kirby specialist\" \/>\n<meta property=\"article:publisher\" content=\"https:\/\/www.facebook.com\/Veltec-Kirby-Specialist-236746293374877\/\" \/>\n<meta property=\"article:modified_time\" content=\"2024-12-10T09:36:10+00:00\" \/>\n<meta property=\"og:image\" content=\"https:\/\/www.veltec.eu\/wp-content\/uploads\/2018\/10\/Kirby-elektro-spoel.jpg\" \/>\n\t<meta property=\"og:image:width\" content=\"300\" \/>\n\t<meta property=\"og:image:height\" content=\"300\" \/>\n\t<meta property=\"og:image:type\" content=\"image\/jpeg\" \/>\n<meta name=\"twitter:card\" content=\"summary_large_image\" \/>\n<meta name=\"twitter:label1\" content=\"Dur\u00e9e de lecture estim\u00e9e\" \/>\n\t<meta name=\"twitter:data1\" content=\"3 minutes\" \/>\n<script type=\"application\/ld+json\" class=\"yoast-schema-graph\">{\"@context\":\"https:\\\/\\\/schema.org\",\"@graph\":[{\"@type\":\"WebPage\",\"@id\":\"https:\\\/\\\/www.veltec.eu\\\/nl\\\/product\\\/kirby-electro-spoel-nl3049\\\/\",\"url\":\"https:\\\/\\\/www.veltec.eu\\\/nl\\\/product\\\/kirby-electro-spoel-nl3049\\\/\",\"name\":\"Bobine \u00c9lectrique Kirby - Veltec Kirby specialist\",\"isPartOf\":{\"@id\":\"https:\\\/\\\/www.veltec.eu\\\/en\\\/#website\"},\"primaryImageOfPage\":{\"@id\":\"https:\\\/\\\/www.veltec.eu\\\/nl\\\/product\\\/kirby-electro-spoel-nl3049\\\/#primaryimage\"},\"image\":{\"@id\":\"https:\\\/\\\/www.veltec.eu\\\/nl\\\/product\\\/kirby-electro-spoel-nl3049\\\/#primaryimage\"},\"thumbnailUrl\":\"https:\\\/\\\/www.veltec.eu\\\/wp-content\\\/uploads\\\/2018\\\/10\\\/Kirby-elektro-spoel.jpg\",\"datePublished\":\"2018-10-18T13:39:12+00:00\",\"dateModified\":\"2024-12-10T09:36:10+00:00\",\"description\":\"Bobine \u00c9lectrique Kirby - Veltec est le fournisseur des aspirateurs Kirby depuis plus de 25 ans. Et est votre sp\u00e9cialiste de confiance\",\"breadcrumb\":{\"@id\":\"https:\\\/\\\/www.veltec.eu\\\/nl\\\/product\\\/kirby-electro-spoel-nl3049\\\/#breadcrumb\"},\"inLanguage\":\"fr-FR\",\"potentialAction\":[{\"@type\":\"ReadAction\",\"target\":[\"https:\\\/\\\/www.veltec.eu\\\/nl\\\/product\\\/kirby-electro-spoel-nl3049\\\/\"]}]},{\"@type\":\"ImageObject\",\"inLanguage\":\"fr-FR\",\"@id\":\"https:\\\/\\\/www.veltec.eu\\\/nl\\\/product\\\/kirby-electro-spoel-nl3049\\\/#primaryimage\",\"url\":\"https:\\\/\\\/www.veltec.eu\\\/wp-content\\\/uploads\\\/2018\\\/10\\\/Kirby-elektro-spoel.jpg\",\"contentUrl\":\"https:\\\/\\\/www.veltec.eu\\\/wp-content\\\/uploads\\\/2018\\\/10\\\/Kirby-elektro-spoel.jpg\",\"width\":300,\"height\":300,\"caption\":\"Bobine \u00c9lectrique Kirby\"},{\"@type\":\"BreadcrumbList\",\"@id\":\"https:\\\/\\\/www.veltec.eu\\\/nl\\\/product\\\/kirby-electro-spoel-nl3049\\\/#breadcrumb\",\"itemListElement\":[{\"@type\":\"ListItem\",\"position\":1,\"name\":\"Home\",\"item\":\"https:\\\/\\\/www.veltec.eu\\\/fr\\\/\"},{\"@type\":\"ListItem\",\"position\":2,\"name\":\"Produits\",\"item\":\"https:\\\/\\\/www.veltec.eu\\\/fr\\\/shop\\\/\"},{\"@type\":\"ListItem\",\"position\":3,\"name\":\"Bobine \u00c9lectrique Kirby\"}]},{\"@type\":\"WebSite\",\"@id\":\"https:\\\/\\\/www.veltec.eu\\\/en\\\/#website\",\"url\":\"https:\\\/\\\/www.veltec.eu\\\/en\\\/\",\"name\":\"Veltec Kirby specialist\",\"description\":\"Kirby stofzuiger producten\",\"publisher\":{\"@id\":\"https:\\\/\\\/www.veltec.eu\\\/en\\\/#organization\"},\"potentialAction\":[{\"@type\":\"SearchAction\",\"target\":{\"@type\":\"EntryPoint\",\"urlTemplate\":\"https:\\\/\\\/www.veltec.eu\\\/en\\\/?s={search_term_string}\"},\"query-input\":{\"@type\":\"PropertyValueSpecification\",\"valueRequired\":true,\"valueName\":\"search_term_string\"}}],\"inLanguage\":\"fr-FR\"},{\"@type\":\"Organization\",\"@id\":\"https:\\\/\\\/www.veltec.eu\\\/en\\\/#organization\",\"name\":\"Veltec Kirby Specialist\",\"url\":\"https:\\\/\\\/www.veltec.eu\\\/en\\\/\",\"logo\":{\"@type\":\"ImageObject\",\"inLanguage\":\"fr-FR\",\"@id\":\"https:\\\/\\\/www.veltec.eu\\\/en\\\/#\\\/schema\\\/logo\\\/image\\\/\",\"url\":\"https:\\\/\\\/www.veltec.eu\\\/wp-content\\\/uploads\\\/2021\\\/12\\\/Veltec-log-groot-e1537260889125.png\",\"contentUrl\":\"https:\\\/\\\/www.veltec.eu\\\/wp-content\\\/uploads\\\/2021\\\/12\\\/Veltec-log-groot-e1537260889125.png\",\"width\":200,\"height\":60,\"caption\":\"Veltec Kirby Specialist\"},\"image\":{\"@id\":\"https:\\\/\\\/www.veltec.eu\\\/en\\\/#\\\/schema\\\/logo\\\/image\\\/\"},\"sameAs\":[\"https:\\\/\\\/www.facebook.com\\\/Veltec-Kirby-Specialist-236746293374877\\\/\",\"https:\\\/\\\/www.youtube.com\\\/user\\\/VeltecService\"]}]}<\/script>\n<!-- \/ Yoast SEO Premium plugin. -->","yoast_head_json":{"title":"Bobine \u00c9lectrique Kirby - Veltec Kirby specialist","description":"Bobine \u00c9lectrique Kirby - Veltec est le fournisseur des aspirateurs Kirby depuis plus de 25 ans. Et est votre sp\u00e9cialiste de confiance","robots":{"index":"index","follow":"follow","max-snippet":"max-snippet:-1","max-image-preview":"max-image-preview:large","max-video-preview":"max-video-preview:-1"},"canonical":"https:\/\/www.veltec.eu\/nl\/product\/kirby-electro-spoel-nl3049\/","og_locale":"fr_FR","og_type":"article","og_title":"Bobine \u00c9lectrique Kirby","og_description":"Bobine \u00e9lectrique pour moteur Kirby.    En stock   Command\u00e9 23:59, exp\u00e9di\u00e9 demain  &nbsp;","og_url":"https:\/\/www.veltec.eu\/nl\/product\/kirby-electro-spoel-nl3049\/","og_site_name":"Veltec Kirby specialist","article_publisher":"https:\/\/www.facebook.com\/Veltec-Kirby-Specialist-236746293374877\/","article_modified_time":"2024-12-10T09:36:10+00:00","og_image":[{"width":300,"height":300,"url":"https:\/\/www.veltec.eu\/wp-content\/uploads\/2018\/10\/Kirby-elektro-spoel.jpg","type":"image\/jpeg"}],"twitter_card":"summary_large_image","twitter_misc":{"Dur\u00e9e de lecture estim\u00e9e":"3 minutes"},"schema":{"@context":"https:\/\/schema.org","@graph":[{"@type":"WebPage","@id":"https:\/\/www.veltec.eu\/nl\/product\/kirby-electro-spoel-nl3049\/","url":"https:\/\/www.veltec.eu\/nl\/product\/kirby-electro-spoel-nl3049\/","name":"Bobine \u00c9lectrique Kirby - Veltec Kirby specialist","isPartOf":{"@id":"https:\/\/www.veltec.eu\/en\/#website"},"primaryImageOfPage":{"@id":"https:\/\/www.veltec.eu\/nl\/product\/kirby-electro-spoel-nl3049\/#primaryimage"},"image":{"@id":"https:\/\/www.veltec.eu\/nl\/product\/kirby-electro-spoel-nl3049\/#primaryimage"},"thumbnailUrl":"https:\/\/www.veltec.eu\/wp-content\/uploads\/2018\/10\/Kirby-elektro-spoel.jpg","datePublished":"2018-10-18T13:39:12+00:00","dateModified":"2024-12-10T09:36:10+00:00","description":"Bobine \u00c9lectrique Kirby - Veltec est le fournisseur des aspirateurs Kirby depuis plus de 25 ans. Et est votre sp\u00e9cialiste de confiance","breadcrumb":{"@id":"https:\/\/www.veltec.eu\/nl\/product\/kirby-electro-spoel-nl3049\/#breadcrumb"},"inLanguage":"fr-FR","potentialAction":[{"@type":"ReadAction","target":["https:\/\/www.veltec.eu\/nl\/product\/kirby-electro-spoel-nl3049\/"]}]},{"@type":"ImageObject","inLanguage":"fr-FR","@id":"https:\/\/www.veltec.eu\/nl\/product\/kirby-electro-spoel-nl3049\/#primaryimage","url":"https:\/\/www.veltec.eu\/wp-content\/uploads\/2018\/10\/Kirby-elektro-spoel.jpg","contentUrl":"https:\/\/www.veltec.eu\/wp-content\/uploads\/2018\/10\/Kirby-elektro-spoel.jpg","width":300,"height":300,"caption":"Bobine \u00c9lectrique Kirby"},{"@type":"BreadcrumbList","@id":"https:\/\/www.veltec.eu\/nl\/product\/kirby-electro-spoel-nl3049\/#breadcrumb","itemListElement":[{"@type":"ListItem","position":1,"name":"Home","item":"https:\/\/www.veltec.eu\/fr\/"},{"@type":"ListItem","position":2,"name":"Produits","item":"https:\/\/www.veltec.eu\/fr\/shop\/"},{"@type":"ListItem","position":3,"name":"Bobine \u00c9lectrique Kirby"}]},{"@type":"WebSite","@id":"https:\/\/www.veltec.eu\/en\/#website","url":"https:\/\/www.veltec.eu\/en\/","name":"Veltec Kirby specialist","description":"Kirby stofzuiger producten","publisher":{"@id":"https:\/\/www.veltec.eu\/en\/#organization"},"potentialAction":[{"@type":"SearchAction","target":{"@type":"EntryPoint","urlTemplate":"https:\/\/www.veltec.eu\/en\/?s={search_term_string}"},"query-input":{"@type":"PropertyValueSpecification","valueRequired":true,"valueName":"search_term_string"}}],"inLanguage":"fr-FR"},{"@type":"Organization","@id":"https:\/\/www.veltec.eu\/en\/#organization","name":"Veltec Kirby Specialist","url":"https:\/\/www.veltec.eu\/en\/","logo":{"@type":"ImageObject","inLanguage":"fr-FR","@id":"https:\/\/www.veltec.eu\/en\/#\/schema\/logo\/image\/","url":"https:\/\/www.veltec.eu\/wp-content\/uploads\/2021\/12\/Veltec-log-groot-e1537260889125.png","contentUrl":"https:\/\/www.veltec.eu\/wp-content\/uploads\/2021\/12\/Veltec-log-groot-e1537260889125.png","width":200,"height":60,"caption":"Veltec Kirby Specialist"},"image":{"@id":"https:\/\/www.veltec.eu\/en\/#\/schema\/logo\/image\/"},"sameAs":["https:\/\/www.facebook.com\/Veltec-Kirby-Specialist-236746293374877\/","https:\/\/www.youtube.com\/user\/VeltecService"]}]}},"_links":{"self":[{"href":"https:\/\/www.veltec.eu\/fr\/wp-json\/wp\/v2\/product\/11739","targetHints":{"allow":["GET"]}}],"collection":[{"href":"https:\/\/www.veltec.eu\/fr\/wp-json\/wp\/v2\/product"}],"about":[{"href":"https:\/\/www.veltec.eu\/fr\/wp-json\/wp\/v2\/types\/product"}],"replies":[{"embeddable":true,"href":"https:\/\/www.veltec.eu\/fr\/wp-json\/wp\/v2\/comments?post=11739"}],"wp:featuredmedia":[{"embeddable":true,"href":"https:\/\/www.veltec.eu\/fr\/wp-json\/wp\/v2\/media\/6618"}],"wp:attachment":[{"href":"https:\/\/www.veltec.eu\/fr\/wp-json\/wp\/v2\/media?parent=11739"}],"wp:term":[{"taxonomy":"product_brand","embeddable":true,"href":"https:\/\/www.veltec.eu\/fr\/wp-json\/wp\/v2\/product_brand?post=11739"},{"taxonomy":"product_cat","embeddable":true,"href":"https:\/\/www.veltec.eu\/fr\/wp-json\/wp\/v2\/product_cat?post=11739"},{"taxonomy":"product_tag","embeddable":true,"href":"https:\/\/www.veltec.eu\/fr\/wp-json\/wp\/v2\/product_tag?post=11739"}],"curies":[{"name":"wp","href":"https:\/\/api.w.org\/{rel}","templated":true}]}}