{"id":11729,"date":"2018-10-18T15:53:20","date_gmt":"2018-10-18T13:53:20","guid":{"rendered":"https:\/\/www.veltec.eu\/kirby-webshop\/plaque-avant-de-moteur-nl3078\/"},"modified":"2024-12-10T11:15:44","modified_gmt":"2024-12-10T09:15:44","slug":"plaque-avant-de-moteur-kirby-nl3078","status":"publish","type":"product","link":"https:\/\/www.veltec.eu\/fr\/product\/plaque-avant-de-moteur-kirby-nl3078\/","title":{"rendered":"Plaque Avant De Moteur Kirby"},"content":{"rendered":"<h1>Plaque Avant De Moteur Kirby<\/h1>\n<p>Plaque Avant De Moteur Kirby\u00a0pour moteur Kirby.<br \/>\n(Avec Palier Avant)<\/p>\n<p><strong>Ce produit est adapt\u00e9 pour les types:<\/strong><\/p>\n<ul>\n<li>Avalir Platinum<\/li>\n<li>Avalir 2<\/li>\n<li>Avalir 1<\/li>\n<li>Sentria 2 (G10D)<\/li>\n<li>Sentria 1 (G10)<\/li>\n<li>Ultimate G Diamond Ed.(G7D or DE)<\/li>\n<li>Ultimate G (G7 or UG)<\/li>\n<li>Generation 6 (G6)<\/li>\n<li>Generation 5 (G5)<\/li>\n<li>Generation 4 (G4)<\/li>\n<li>Generation 3 (G3)<\/li>\n<\/ul>\n<h2>Plaque Avant De Moteur Kirby &#8211; La solution universelle pour votre aspirateur Kirby<\/h2>\n<p>Lorsque votre aspirateur Kirby commence \u00e0 fonctionner moins efficacement ou \u00e0 faire des bruits \u00e9tranges, il se peut que les pi\u00e8ces du moteur aient besoin d&#8217;\u00eatre remplac\u00e9es. L&#8217;une des pi\u00e8ces les plus importantes de votre aspirateur Kirby est la plaque frontale du moteur Kirby, \u00e9galement connue sous le nom de couvercle du moteur. Cette plaque frontale universelle de haute qualit\u00e9 constitue la solution parfaite pour remplacer les pi\u00e8ces de moteur us\u00e9es ou endommag\u00e9es et garantit que votre aspirateur fonctionne \u00e0 nouveau comme s&#8217;il \u00e9tait neuf.<\/p>\n<p>Vous trouverez ci-dessous toutes <a href=\"https:\/\/www.veltec.eu\/fr\/kirby-pieces-detachees-de-moteur\/\">les pi\u00e8ces de detachees de moteur Kirby<\/a><\/p>\n<h3>Qu&#8217;est-ce que la Plaque Avant De Moteur Kirby ?<\/h3>\n<p>La Plaque Avant De Moteur Kirby est une pi\u00e8ce essentielle de l&#8217;assemblage du moteur de votre aspirateur Kirby. Elle prot\u00e8ge non seulement l&#8217;int\u00e9rieur du moteur, mais contient \u00e9galement un roulement \u00e0 billes avant, essentiel au bon fonctionnement du moteur. Fabriqu\u00e9e dans des mat\u00e9riaux durables, cette plaque avant est con\u00e7ue pour durer longtemps, m\u00eame en cas d&#8217;utilisation intensive. L&#8217;avantage de cette plaque avant est qu&#8217;elle est universellement compatible avec tous les mod\u00e8les d&#8217;aspirateurs Kirby, ce qui signifie que vous n&#8217;avez pas \u00e0 vous inqui\u00e9ter de savoir si elle convient \u00e0 votre type d&#8217;aspirateur Kirby.<\/p>\n<h3>Pourquoi la Plaque Avant De Moteur Kirby est-elle si importante ?<\/h3>\n<p>La plaque frontale joue un r\u00f4le cl\u00e9 dans le bon fonctionnement de votre aspirateur Kirby. Elle maintient les pi\u00e8ces du moteur en place et les prot\u00e8ge de la poussi\u00e8re et de la salet\u00e9, ce qui est essentiel pour prolonger la dur\u00e9e de vie de l&#8217;aspirateur. En outre, le roulement \u00e0 billes int\u00e9gr\u00e9 assure un fonctionnement r\u00e9gulier et silencieux du moteur. Si cette plaque frontale est endommag\u00e9e ou si le roulement est us\u00e9, vous le remarquerez imm\u00e9diatement dans les performances de votre aspirateur.<\/p>\n<h3>Compatibilit\u00e9 universelle pour tous les mod\u00e8les Kirby<\/h3>\n<p>Que vous ayez un ancien mod\u00e8le Kirby ou une version plus r\u00e9cente, la plaque avant du moteur est universelle et convient \u00e0 tous les types d&#8217;aspirateurs Kirby. Ce produit est donc id\u00e9al pour les particuliers et les r\u00e9parateurs professionnels qui travaillent avec diff\u00e9rents mod\u00e8les. Vous n&#8217;avez pas \u00e0 vous soucier de trouver la bonne taille ou les bonnes sp\u00e9cifications, car cette plaque avant est sp\u00e9cialement con\u00e7ue pour s&#8217;adapter parfaitement \u00e0 tous les mod\u00e8les.<\/p>\n<h3>Facile \u00e0 installer<\/h3>\n<p>Un autre grand avantage de la plaque avant de moteur est qu&#8217;elle est facile \u00e0 installer, m\u00eame pour ceux qui n&#8217;ont pas de connaissances techniques approfondies. Avec les bons outils et un peu de patience, vous pouvez remplacer vous-m\u00eame cette plaque avant et remettre votre aspirateur en \u00e9tat. Vous \u00e9conomiserez ainsi du temps et de l&#8217;argent, car vous n&#8217;aurez pas \u00e0 faire appel \u00e0 un service de r\u00e9paration professionnel.<\/p>\n<h3>Durabilit\u00e9 et long\u00e9vit\u00e9<\/h3>\n<p>La plaque avant du moteur est fabriqu\u00e9e dans des mat\u00e9riaux de haute qualit\u00e9 qui r\u00e9sistent \u00e0 l&#8217;usure, m\u00eame apr\u00e8s une utilisation prolong\u00e9e. Vous pouvez donc \u00eatre certain que votre aspirateur fonctionnera \u00e0 nouveau sans probl\u00e8me pendant des ann\u00e9es apr\u00e8s l&#8217;installation de cette plaque frontale. Le roulement \u00e0 billes int\u00e9gr\u00e9 est \u00e9galement de qualit\u00e9 sup\u00e9rieure et garantit un fonctionnement silencieux du moteur, sans vibrations ni bruits ind\u00e9sirables.<\/p>\n<h3>Conclusi\u00f3n: La mejor opci\u00f3n para su aspiradora Kirby<\/h3>\n<p>La placa frontal del motor Kirby es una pieza esencial para cualquiera que desee optimizar el rendimiento de su aspiradora Kirby. Su compatibilidad universal, durabilidad y f\u00e1cil instalaci\u00f3n la convierten en la elecci\u00f3n ideal tanto para los aficionados al bricolaje como para los mec\u00e1nicos profesionales. D\u00e9 a su aspiradora Kirby la actualizaci\u00f3n que se merece y vuelva a disfrutar de una limpieza potente, silenciosa y eficaz.<\/p>\n<p>Con la placa frontal del motor Kirby, est\u00e1 eligiendo calidad, durabilidad y un rendimiento sin problemas, independientemente del modelo Kirby que posea.<\/p>\n","protected":false},"excerpt":{"rendered":"<p>Plaque avant pour moteur Kirby.<br \/>\n(Avec Palier Avant)<\/p>\n[trustindex data-widget-id=e3bb80b24fa128098b960fc2439]\n<h3><span style=\"color: #008000;\"><br \/>\nEn stock<\/span><\/h3>\n[av_font_icon icon='ue812' font='entypo-fontello' style='' caption='' size='25px' position='left' color='#43ad66' link='' linktarget='' title_attr='' sonar_effect_effect='' sonar_effect_color='' sonar_effect_duration='1' sonar_effect_scale='' sonar_effect_opac='0.5' animation='' id='' custom_class='' template_class='' av_uid='' sc_version='1.0' admin_preview_bg=''][\/av_font_icon]\n<p><span style=\"color: #008000;\">Command\u00e9 23:59, exp\u00e9di\u00e9 demain<\/span><\/p>\n<p>&nbsp;<\/p>\n","protected":false},"featured_media":6648,"comment_status":"open","ping_status":"closed","template":"","meta":[],"product_brand":[],"product_cat":[359],"product_tag":[],"class_list":{"0":"post-11729","1":"product","2":"type-product","3":"status-publish","4":"has-post-thumbnail","6":"product_cat-kirby-pieces-detachees-de-moteur","7":"product_shipping_class-klein-de-fr","9":"first","10":"instock","11":"sale","12":"taxable","13":"shipping-taxable","14":"purchasable","15":"product-type-simple"},"yoast_head":"<!-- This site is optimized with the Yoast SEO Premium plugin v27.1 (Yoast SEO v27.4) - https:\/\/yoast.com\/product\/yoast-seo-premium-wordpress\/ -->\n<title>Plaque Avant De Moteur Kirby - Veltec Kirby specialist<\/title>\n<meta name=\"description\" content=\"Plaque Avant De Moteur Kirby - Veltec est le fournisseur des aspirateurs Kirby depuis plus de 25 ans. Et est votre sp\u00e9cialiste de confiance\" \/>\n<meta name=\"robots\" content=\"index, follow, max-snippet:-1, max-image-preview:large, max-video-preview:-1\" \/>\n<link rel=\"canonical\" href=\"https:\/\/www.veltec.eu\/nl\/product\/kirby-motor-voorplaat-nl3078\/\" \/>\n<meta property=\"og:locale\" content=\"fr_FR\" \/>\n<meta property=\"og:type\" content=\"article\" \/>\n<meta property=\"og:title\" content=\"Plaque Avant De Moteur Kirby\" \/>\n<meta property=\"og:description\" content=\"Plaque avant pour moteur Kirby. (Avec Palier Avant)    En stock   Command\u00e9 23:59, exp\u00e9di\u00e9 demain  &nbsp;\" \/>\n<meta property=\"og:url\" content=\"https:\/\/www.veltec.eu\/nl\/product\/kirby-motor-voorplaat-nl3078\/\" \/>\n<meta property=\"og:site_name\" content=\"Veltec Kirby specialist\" \/>\n<meta property=\"article:publisher\" content=\"https:\/\/www.facebook.com\/Veltec-Kirby-Specialist-236746293374877\/\" \/>\n<meta property=\"article:modified_time\" content=\"2024-12-10T09:15:44+00:00\" \/>\n<meta property=\"og:image\" content=\"https:\/\/www.veltec.eu\/wp-content\/uploads\/2018\/10\/voorplaat-Kirby-motor-achterzjde.jpg\" \/>\n\t<meta property=\"og:image:width\" content=\"300\" \/>\n\t<meta property=\"og:image:height\" content=\"300\" \/>\n\t<meta property=\"og:image:type\" content=\"image\/jpeg\" \/>\n<meta name=\"twitter:card\" content=\"summary_large_image\" \/>\n<meta name=\"twitter:label1\" content=\"Dur\u00e9e de lecture estim\u00e9e\" \/>\n\t<meta name=\"twitter:data1\" content=\"4 minutes\" \/>\n<script type=\"application\/ld+json\" class=\"yoast-schema-graph\">{\"@context\":\"https:\\\/\\\/schema.org\",\"@graph\":[{\"@type\":\"WebPage\",\"@id\":\"https:\\\/\\\/www.veltec.eu\\\/nl\\\/product\\\/kirby-motor-voorplaat-nl3078\\\/\",\"url\":\"https:\\\/\\\/www.veltec.eu\\\/nl\\\/product\\\/kirby-motor-voorplaat-nl3078\\\/\",\"name\":\"Plaque Avant De Moteur Kirby - Veltec Kirby specialist\",\"isPartOf\":{\"@id\":\"https:\\\/\\\/www.veltec.eu\\\/en\\\/#website\"},\"primaryImageOfPage\":{\"@id\":\"https:\\\/\\\/www.veltec.eu\\\/nl\\\/product\\\/kirby-motor-voorplaat-nl3078\\\/#primaryimage\"},\"image\":{\"@id\":\"https:\\\/\\\/www.veltec.eu\\\/nl\\\/product\\\/kirby-motor-voorplaat-nl3078\\\/#primaryimage\"},\"thumbnailUrl\":\"https:\\\/\\\/www.veltec.eu\\\/wp-content\\\/uploads\\\/2018\\\/10\\\/voorplaat-Kirby-motor-achterzjde.jpg\",\"datePublished\":\"2018-10-18T13:53:20+00:00\",\"dateModified\":\"2024-12-10T09:15:44+00:00\",\"description\":\"Plaque Avant De Moteur Kirby - Veltec est le fournisseur des aspirateurs Kirby depuis plus de 25 ans. Et est votre sp\u00e9cialiste de confiance\",\"breadcrumb\":{\"@id\":\"https:\\\/\\\/www.veltec.eu\\\/nl\\\/product\\\/kirby-motor-voorplaat-nl3078\\\/#breadcrumb\"},\"inLanguage\":\"fr-FR\",\"potentialAction\":[{\"@type\":\"ReadAction\",\"target\":[\"https:\\\/\\\/www.veltec.eu\\\/nl\\\/product\\\/kirby-motor-voorplaat-nl3078\\\/\"]}]},{\"@type\":\"ImageObject\",\"inLanguage\":\"fr-FR\",\"@id\":\"https:\\\/\\\/www.veltec.eu\\\/nl\\\/product\\\/kirby-motor-voorplaat-nl3078\\\/#primaryimage\",\"url\":\"https:\\\/\\\/www.veltec.eu\\\/wp-content\\\/uploads\\\/2018\\\/10\\\/voorplaat-Kirby-motor-achterzjde.jpg\",\"contentUrl\":\"https:\\\/\\\/www.veltec.eu\\\/wp-content\\\/uploads\\\/2018\\\/10\\\/voorplaat-Kirby-motor-achterzjde.jpg\",\"width\":300,\"height\":300,\"caption\":\"Plaque Avant De Moteur Kirby\"},{\"@type\":\"BreadcrumbList\",\"@id\":\"https:\\\/\\\/www.veltec.eu\\\/nl\\\/product\\\/kirby-motor-voorplaat-nl3078\\\/#breadcrumb\",\"itemListElement\":[{\"@type\":\"ListItem\",\"position\":1,\"name\":\"Home\",\"item\":\"https:\\\/\\\/www.veltec.eu\\\/fr\\\/\"},{\"@type\":\"ListItem\",\"position\":2,\"name\":\"Produits\",\"item\":\"https:\\\/\\\/www.veltec.eu\\\/fr\\\/shop\\\/\"},{\"@type\":\"ListItem\",\"position\":3,\"name\":\"Plaque Avant De Moteur Kirby\"}]},{\"@type\":\"WebSite\",\"@id\":\"https:\\\/\\\/www.veltec.eu\\\/en\\\/#website\",\"url\":\"https:\\\/\\\/www.veltec.eu\\\/en\\\/\",\"name\":\"Veltec Kirby specialist\",\"description\":\"Kirby stofzuiger producten\",\"publisher\":{\"@id\":\"https:\\\/\\\/www.veltec.eu\\\/en\\\/#organization\"},\"potentialAction\":[{\"@type\":\"SearchAction\",\"target\":{\"@type\":\"EntryPoint\",\"urlTemplate\":\"https:\\\/\\\/www.veltec.eu\\\/en\\\/?s={search_term_string}\"},\"query-input\":{\"@type\":\"PropertyValueSpecification\",\"valueRequired\":true,\"valueName\":\"search_term_string\"}}],\"inLanguage\":\"fr-FR\"},{\"@type\":\"Organization\",\"@id\":\"https:\\\/\\\/www.veltec.eu\\\/en\\\/#organization\",\"name\":\"Veltec Kirby Specialist\",\"url\":\"https:\\\/\\\/www.veltec.eu\\\/en\\\/\",\"logo\":{\"@type\":\"ImageObject\",\"inLanguage\":\"fr-FR\",\"@id\":\"https:\\\/\\\/www.veltec.eu\\\/en\\\/#\\\/schema\\\/logo\\\/image\\\/\",\"url\":\"https:\\\/\\\/www.veltec.eu\\\/wp-content\\\/uploads\\\/2021\\\/12\\\/Veltec-log-groot-e1537260889125.png\",\"contentUrl\":\"https:\\\/\\\/www.veltec.eu\\\/wp-content\\\/uploads\\\/2021\\\/12\\\/Veltec-log-groot-e1537260889125.png\",\"width\":200,\"height\":60,\"caption\":\"Veltec Kirby Specialist\"},\"image\":{\"@id\":\"https:\\\/\\\/www.veltec.eu\\\/en\\\/#\\\/schema\\\/logo\\\/image\\\/\"},\"sameAs\":[\"https:\\\/\\\/www.facebook.com\\\/Veltec-Kirby-Specialist-236746293374877\\\/\",\"https:\\\/\\\/www.youtube.com\\\/user\\\/VeltecService\"]}]}<\/script>\n<!-- \/ Yoast SEO Premium plugin. -->","yoast_head_json":{"title":"Plaque Avant De Moteur Kirby - Veltec Kirby specialist","description":"Plaque Avant De Moteur Kirby - Veltec est le fournisseur des aspirateurs Kirby depuis plus de 25 ans. Et est votre sp\u00e9cialiste de confiance","robots":{"index":"index","follow":"follow","max-snippet":"max-snippet:-1","max-image-preview":"max-image-preview:large","max-video-preview":"max-video-preview:-1"},"canonical":"https:\/\/www.veltec.eu\/nl\/product\/kirby-motor-voorplaat-nl3078\/","og_locale":"fr_FR","og_type":"article","og_title":"Plaque Avant De Moteur Kirby","og_description":"Plaque avant pour moteur Kirby. (Avec Palier Avant)    En stock   Command\u00e9 23:59, exp\u00e9di\u00e9 demain  &nbsp;","og_url":"https:\/\/www.veltec.eu\/nl\/product\/kirby-motor-voorplaat-nl3078\/","og_site_name":"Veltec Kirby specialist","article_publisher":"https:\/\/www.facebook.com\/Veltec-Kirby-Specialist-236746293374877\/","article_modified_time":"2024-12-10T09:15:44+00:00","og_image":[{"width":300,"height":300,"url":"https:\/\/www.veltec.eu\/wp-content\/uploads\/2018\/10\/voorplaat-Kirby-motor-achterzjde.jpg","type":"image\/jpeg"}],"twitter_card":"summary_large_image","twitter_misc":{"Dur\u00e9e de lecture estim\u00e9e":"4 minutes"},"schema":{"@context":"https:\/\/schema.org","@graph":[{"@type":"WebPage","@id":"https:\/\/www.veltec.eu\/nl\/product\/kirby-motor-voorplaat-nl3078\/","url":"https:\/\/www.veltec.eu\/nl\/product\/kirby-motor-voorplaat-nl3078\/","name":"Plaque Avant De Moteur Kirby - Veltec Kirby specialist","isPartOf":{"@id":"https:\/\/www.veltec.eu\/en\/#website"},"primaryImageOfPage":{"@id":"https:\/\/www.veltec.eu\/nl\/product\/kirby-motor-voorplaat-nl3078\/#primaryimage"},"image":{"@id":"https:\/\/www.veltec.eu\/nl\/product\/kirby-motor-voorplaat-nl3078\/#primaryimage"},"thumbnailUrl":"https:\/\/www.veltec.eu\/wp-content\/uploads\/2018\/10\/voorplaat-Kirby-motor-achterzjde.jpg","datePublished":"2018-10-18T13:53:20+00:00","dateModified":"2024-12-10T09:15:44+00:00","description":"Plaque Avant De Moteur Kirby - Veltec est le fournisseur des aspirateurs Kirby depuis plus de 25 ans. Et est votre sp\u00e9cialiste de confiance","breadcrumb":{"@id":"https:\/\/www.veltec.eu\/nl\/product\/kirby-motor-voorplaat-nl3078\/#breadcrumb"},"inLanguage":"fr-FR","potentialAction":[{"@type":"ReadAction","target":["https:\/\/www.veltec.eu\/nl\/product\/kirby-motor-voorplaat-nl3078\/"]}]},{"@type":"ImageObject","inLanguage":"fr-FR","@id":"https:\/\/www.veltec.eu\/nl\/product\/kirby-motor-voorplaat-nl3078\/#primaryimage","url":"https:\/\/www.veltec.eu\/wp-content\/uploads\/2018\/10\/voorplaat-Kirby-motor-achterzjde.jpg","contentUrl":"https:\/\/www.veltec.eu\/wp-content\/uploads\/2018\/10\/voorplaat-Kirby-motor-achterzjde.jpg","width":300,"height":300,"caption":"Plaque Avant De Moteur Kirby"},{"@type":"BreadcrumbList","@id":"https:\/\/www.veltec.eu\/nl\/product\/kirby-motor-voorplaat-nl3078\/#breadcrumb","itemListElement":[{"@type":"ListItem","position":1,"name":"Home","item":"https:\/\/www.veltec.eu\/fr\/"},{"@type":"ListItem","position":2,"name":"Produits","item":"https:\/\/www.veltec.eu\/fr\/shop\/"},{"@type":"ListItem","position":3,"name":"Plaque Avant De Moteur Kirby"}]},{"@type":"WebSite","@id":"https:\/\/www.veltec.eu\/en\/#website","url":"https:\/\/www.veltec.eu\/en\/","name":"Veltec Kirby specialist","description":"Kirby stofzuiger producten","publisher":{"@id":"https:\/\/www.veltec.eu\/en\/#organization"},"potentialAction":[{"@type":"SearchAction","target":{"@type":"EntryPoint","urlTemplate":"https:\/\/www.veltec.eu\/en\/?s={search_term_string}"},"query-input":{"@type":"PropertyValueSpecification","valueRequired":true,"valueName":"search_term_string"}}],"inLanguage":"fr-FR"},{"@type":"Organization","@id":"https:\/\/www.veltec.eu\/en\/#organization","name":"Veltec Kirby Specialist","url":"https:\/\/www.veltec.eu\/en\/","logo":{"@type":"ImageObject","inLanguage":"fr-FR","@id":"https:\/\/www.veltec.eu\/en\/#\/schema\/logo\/image\/","url":"https:\/\/www.veltec.eu\/wp-content\/uploads\/2021\/12\/Veltec-log-groot-e1537260889125.png","contentUrl":"https:\/\/www.veltec.eu\/wp-content\/uploads\/2021\/12\/Veltec-log-groot-e1537260889125.png","width":200,"height":60,"caption":"Veltec Kirby Specialist"},"image":{"@id":"https:\/\/www.veltec.eu\/en\/#\/schema\/logo\/image\/"},"sameAs":["https:\/\/www.facebook.com\/Veltec-Kirby-Specialist-236746293374877\/","https:\/\/www.youtube.com\/user\/VeltecService"]}]}},"_links":{"self":[{"href":"https:\/\/www.veltec.eu\/fr\/wp-json\/wp\/v2\/product\/11729","targetHints":{"allow":["GET"]}}],"collection":[{"href":"https:\/\/www.veltec.eu\/fr\/wp-json\/wp\/v2\/product"}],"about":[{"href":"https:\/\/www.veltec.eu\/fr\/wp-json\/wp\/v2\/types\/product"}],"replies":[{"embeddable":true,"href":"https:\/\/www.veltec.eu\/fr\/wp-json\/wp\/v2\/comments?post=11729"}],"wp:featuredmedia":[{"embeddable":true,"href":"https:\/\/www.veltec.eu\/fr\/wp-json\/wp\/v2\/media\/6648"}],"wp:attachment":[{"href":"https:\/\/www.veltec.eu\/fr\/wp-json\/wp\/v2\/media?parent=11729"}],"wp:term":[{"taxonomy":"product_brand","embeddable":true,"href":"https:\/\/www.veltec.eu\/fr\/wp-json\/wp\/v2\/product_brand?post=11729"},{"taxonomy":"product_cat","embeddable":true,"href":"https:\/\/www.veltec.eu\/fr\/wp-json\/wp\/v2\/product_cat?post=11729"},{"taxonomy":"product_tag","embeddable":true,"href":"https:\/\/www.veltec.eu\/fr\/wp-json\/wp\/v2\/product_tag?post=11729"}],"curies":[{"name":"wp","href":"https:\/\/api.w.org\/{rel}","templated":true}]}}