{"id":11654,"date":"2018-10-18T16:12:42","date_gmt":"2018-10-18T14:12:42","guid":{"rendered":"https:\/\/www.veltec.eu\/kirby-webshop\/kirby-koolborstel-verbindingskabeltje-nl4545556\/"},"modified":"2024-12-10T10:54:10","modified_gmt":"2024-12-10T08:54:10","slug":"balais-en-carbone-cable-de-raccordement-kirby-nl4545556","status":"publish","type":"product","link":"https:\/\/www.veltec.eu\/fr\/product\/balais-en-carbone-cable-de-raccordement-kirby-nl4545556\/","title":{"rendered":"Balais En Carbone c\u00e2ble de raccordement Kirby"},"content":{"rendered":"<h1>Balais En Carbone c\u00e2ble de raccordement Kirby<\/h1>\n<p>Balais En Carbone c\u00e2ble de raccordement Kirby<\/p>\n<p><strong>Dit verbindingskabeltje is universeel en geschikt voor elke Kirby stofzuiger;<br \/>\n<\/strong><\/p>\n<ul>\n<li>Avalir Platinum<\/li>\n<li>Avalir 2<\/li>\n<li>Avalir 1<\/li>\n<li>Sentria 2 (G10D)<\/li>\n<li>Sentria 1 (G10)<\/li>\n<li>Ultimate G Diamond Ed.(G7D or DE)<\/li>\n<li>Ultimate G (G7 or UG)<\/li>\n<li>Generation 6 (G6)<\/li>\n<li>Generation 5 (G5)<\/li>\n<li>Generation 4 (G4)<\/li>\n<li>Generation 3 (G3)<\/li>\n<\/ul>\n<h2>C\u00e2ble de connexion de la brosse en carbone Kirby : la solution parfaite pour une connexion fiable<\/h2>\n<p>Lorsque votre aspirateur Kirby ne fonctionne pas de mani\u00e8re optimale, c&#8217;est souvent une petite pi\u00e8ce qui fait la diff\u00e9rence. Le <strong>c\u00e2ble de connexion Kirby<\/strong> joue un r\u00f4le essentiel dans le fonctionnement de votre aspirateur. Ce c\u00e2ble assure la connexion entre le porte-balai en carbone et le moteur Kirby, afin que votre appareil fonctionne \u00e0 nouveau sans probl\u00e8me. Adapt\u00e9 \u00e0 tous les types d&#8217;aspirateurs Kirby, il est indispensable pour l&#8217;entretien et la r\u00e9paration.<\/p>\n<p>Retrouvez toutes les <a href=\"https:\/\/www.veltec.eu\/fr\/kirby-pieces-detachees-de-moteur\/\">pi\u00e8ces d\u00e9tach\u00e9es pour moteur Kirby<\/a> ici<\/p>\n<h3>Pourquoi choisir le c\u00e2ble de connexion des brosses en carbone Kirby ?<\/h3>\n<p>Le <strong>c\u00e2ble de connexion<\/strong> est con\u00e7u dans un souci de pr\u00e9cision et de durabilit\u00e9. Cela signifie que vous obtenez non seulement un remplacement fiable, mais aussi un produit qui durera. Sa compatibilit\u00e9 avec tous les mod\u00e8les Kirby permet de remettre facilement votre aspirateur en \u00e9tat, sans avoir \u00e0 se soucier des pi\u00e8ces d\u00e9fectueuses.<\/p>\n<ul>\n<li><strong>Compatibilit\u00e9 universelle :<\/strong> convient \u00e0 tous les mod\u00e8les d&#8217;aspirateurs Kirby.<\/li>\n<li><strong>Qualit\u00e9 durable :<\/strong> Fabriqu\u00e9 dans un mat\u00e9riau de haute qualit\u00e9 pour une utilisation durable.<\/li>\n<li><strong>Installation facile :<\/strong> Remplacez votre c\u00e2ble usag\u00e9 ou endommag\u00e9 en quelques minutes.<\/li>\n<\/ul>\n<h2>Comment savoir que vous avez besoin d&#8217;un nouveau c\u00e2ble de connexion ?<\/h2>\n<p>Signes indiquant que le c\u00e2ble doit \u00eatre remplac\u00e9 :<\/p>\n<ul>\n<li>Diminution des performances de l&#8217;aspirateur.<\/li>\n<li>Difficult\u00e9 \u00e0 d\u00e9marrer le moteur.<\/li>\n<li>Le c\u00e2ble actuel est endommag\u00e9 ou us\u00e9.<\/li>\n<\/ul>\n<p>Le remplacement de cette petite pi\u00e8ce peut prolonger consid\u00e9rablement la dur\u00e9e de vie de votre aspirateur Kirby.<\/p>\n<h3>Facile \u00e0 commander et rapide \u00e0 domicile<\/h3>\n<p>Vous avez un aspirateur Kirby qui a besoin d&#8217;une attention particuli\u00e8re ? N&#8217;attendez plus et commandez d\u00e8s aujourd&#8217;hui le c\u00e2ble de raccordement du balai en carbone Kirby. Avec une livraison rapide et une qualit\u00e9 garantie, vous \u00eates s\u00fbr que votre aspirateur fonctionnera \u00e0 nouveau comme un neuf en un rien de temps.<\/p>\n<h3>Commandez maintenant et constatez la diff\u00e9rence<\/h3>\n<p>Avec la bonne pi\u00e8ce, vous garderez votre aspirateur Kirby en parfait \u00e9tat. Le <strong>c\u00e2ble de raccordement du balai en carbone Kirby<\/strong> est la solution fiable pour une utilisation sans probl\u00e8me de l&#8217;aspirateur. Choisissez la qualit\u00e9 et assurez-vous d&#8217;\u00eatre toujours pr\u00eat pour une maison propre.<\/p>\n","protected":false},"excerpt":{"rendered":"<p>Balais En Carbone c\u00e2ble de raccordement.<\/p>\n[trustindex data-widget-id=e3bb80b24fa128098b960fc2439]\n<h3><span style=\"color: #008000;\"><br \/>\nEn stock<\/span><\/h3>\n[av_font_icon icon='ue812' font='entypo-fontello' style='' caption='' size='25px' position='left' color='#43ad66' link='' linktarget='' title_attr='' sonar_effect_effect='' sonar_effect_color='' sonar_effect_duration='1' sonar_effect_scale='' sonar_effect_opac='0.5' animation='' id='' custom_class='' template_class='' av_uid='' sc_version='1.0' admin_preview_bg=''][\/av_font_icon]\n<p><span style=\"color: #008000;\">Command\u00e9 23:59, exp\u00e9di\u00e9 demain<\/span><\/p>\n<p>&nbsp;<\/p>\n","protected":false},"featured_media":6701,"comment_status":"open","ping_status":"closed","template":"","meta":[],"product_brand":[],"product_cat":[359],"product_tag":[],"class_list":{"0":"post-11654","1":"product","2":"type-product","3":"status-publish","4":"has-post-thumbnail","6":"product_cat-kirby-pieces-detachees-de-moteur","7":"product_shipping_class-klein-de-fr","9":"first","10":"instock","11":"taxable","12":"shipping-taxable","13":"purchasable","14":"product-type-simple"},"yoast_head":"<!-- This site is optimized with the Yoast SEO Premium plugin v27.1 (Yoast SEO v27.4) - https:\/\/yoast.com\/product\/yoast-seo-premium-wordpress\/ -->\n<title>Balais En Carbone c\u00e2ble de raccordement Kirby - Veltec Kirby specialist<\/title>\n<meta name=\"description\" content=\"Balais En Carbone c\u00e2ble de raccordement Kirby - Veltec est le fournisseur des aspirateurs Kirby depuis plus de 25 ans. Kirby\" \/>\n<meta name=\"robots\" content=\"index, follow, max-snippet:-1, max-image-preview:large, max-video-preview:-1\" \/>\n<link rel=\"canonical\" href=\"https:\/\/www.veltec.eu\/fr\/product\/balais-en-carbone-cable-de-raccordement-kirby-nl4545556\/\" \/>\n<meta property=\"og:locale\" content=\"fr_FR\" \/>\n<meta property=\"og:type\" content=\"article\" \/>\n<meta property=\"og:title\" content=\"Balais En Carbone c\u00e2ble de raccordement Kirby\" \/>\n<meta property=\"og:description\" content=\"Balais En Carbone c\u00e2ble de raccordement.    En stock   Command\u00e9 23:59, exp\u00e9di\u00e9 demain  &nbsp;\" \/>\n<meta property=\"og:url\" content=\"https:\/\/www.veltec.eu\/fr\/product\/balais-en-carbone-cable-de-raccordement-kirby-nl4545556\/\" \/>\n<meta property=\"og:site_name\" content=\"Veltec Kirby specialist\" \/>\n<meta property=\"article:publisher\" content=\"https:\/\/www.facebook.com\/Veltec-Kirby-Specialist-236746293374877\/\" \/>\n<meta property=\"article:modified_time\" content=\"2024-12-10T08:54:10+00:00\" \/>\n<meta property=\"og:image\" content=\"https:\/\/www.veltec.eu\/wp-content\/uploads\/2018\/10\/kirby-right-carbon-brush-wire-k-602889.jpg\" \/>\n\t<meta property=\"og:image:width\" content=\"300\" \/>\n\t<meta property=\"og:image:height\" content=\"300\" \/>\n\t<meta property=\"og:image:type\" content=\"image\/jpeg\" \/>\n<meta name=\"twitter:card\" content=\"summary_large_image\" \/>\n<meta name=\"twitter:label1\" content=\"Dur\u00e9e de lecture estim\u00e9e\" \/>\n\t<meta name=\"twitter:data1\" content=\"3 minutes\" \/>\n<script type=\"application\/ld+json\" class=\"yoast-schema-graph\">{\"@context\":\"https:\\\/\\\/schema.org\",\"@graph\":[{\"@type\":\"WebPage\",\"@id\":\"https:\\\/\\\/www.veltec.eu\\\/fr\\\/product\\\/balais-en-carbone-cable-de-raccordement-kirby-nl4545556\\\/\",\"url\":\"https:\\\/\\\/www.veltec.eu\\\/fr\\\/product\\\/balais-en-carbone-cable-de-raccordement-kirby-nl4545556\\\/\",\"name\":\"Balais En Carbone c\u00e2ble de raccordement Kirby - Veltec Kirby specialist\",\"isPartOf\":{\"@id\":\"https:\\\/\\\/www.veltec.eu\\\/en\\\/#website\"},\"primaryImageOfPage\":{\"@id\":\"https:\\\/\\\/www.veltec.eu\\\/fr\\\/product\\\/balais-en-carbone-cable-de-raccordement-kirby-nl4545556\\\/#primaryimage\"},\"image\":{\"@id\":\"https:\\\/\\\/www.veltec.eu\\\/fr\\\/product\\\/balais-en-carbone-cable-de-raccordement-kirby-nl4545556\\\/#primaryimage\"},\"thumbnailUrl\":\"https:\\\/\\\/www.veltec.eu\\\/wp-content\\\/uploads\\\/2018\\\/10\\\/kirby-right-carbon-brush-wire-k-602889.jpg\",\"datePublished\":\"2018-10-18T14:12:42+00:00\",\"dateModified\":\"2024-12-10T08:54:10+00:00\",\"description\":\"Balais En Carbone c\u00e2ble de raccordement Kirby - Veltec est le fournisseur des aspirateurs Kirby depuis plus de 25 ans. Kirby\",\"breadcrumb\":{\"@id\":\"https:\\\/\\\/www.veltec.eu\\\/fr\\\/product\\\/balais-en-carbone-cable-de-raccordement-kirby-nl4545556\\\/#breadcrumb\"},\"inLanguage\":\"fr-FR\",\"potentialAction\":[{\"@type\":\"ReadAction\",\"target\":[\"https:\\\/\\\/www.veltec.eu\\\/fr\\\/product\\\/balais-en-carbone-cable-de-raccordement-kirby-nl4545556\\\/\"]}]},{\"@type\":\"ImageObject\",\"inLanguage\":\"fr-FR\",\"@id\":\"https:\\\/\\\/www.veltec.eu\\\/fr\\\/product\\\/balais-en-carbone-cable-de-raccordement-kirby-nl4545556\\\/#primaryimage\",\"url\":\"https:\\\/\\\/www.veltec.eu\\\/wp-content\\\/uploads\\\/2018\\\/10\\\/kirby-right-carbon-brush-wire-k-602889.jpg\",\"contentUrl\":\"https:\\\/\\\/www.veltec.eu\\\/wp-content\\\/uploads\\\/2018\\\/10\\\/kirby-right-carbon-brush-wire-k-602889.jpg\",\"width\":300,\"height\":300},{\"@type\":\"BreadcrumbList\",\"@id\":\"https:\\\/\\\/www.veltec.eu\\\/fr\\\/product\\\/balais-en-carbone-cable-de-raccordement-kirby-nl4545556\\\/#breadcrumb\",\"itemListElement\":[{\"@type\":\"ListItem\",\"position\":1,\"name\":\"Home\",\"item\":\"https:\\\/\\\/www.veltec.eu\\\/fr\\\/\"},{\"@type\":\"ListItem\",\"position\":2,\"name\":\"Produits\",\"item\":\"https:\\\/\\\/www.veltec.eu\\\/fr\\\/shop\\\/\"},{\"@type\":\"ListItem\",\"position\":3,\"name\":\"Balais En Carbone c\u00e2ble de raccordement Kirby\"}]},{\"@type\":\"WebSite\",\"@id\":\"https:\\\/\\\/www.veltec.eu\\\/en\\\/#website\",\"url\":\"https:\\\/\\\/www.veltec.eu\\\/en\\\/\",\"name\":\"Veltec Kirby specialist\",\"description\":\"Kirby stofzuiger producten\",\"publisher\":{\"@id\":\"https:\\\/\\\/www.veltec.eu\\\/en\\\/#organization\"},\"potentialAction\":[{\"@type\":\"SearchAction\",\"target\":{\"@type\":\"EntryPoint\",\"urlTemplate\":\"https:\\\/\\\/www.veltec.eu\\\/en\\\/?s={search_term_string}\"},\"query-input\":{\"@type\":\"PropertyValueSpecification\",\"valueRequired\":true,\"valueName\":\"search_term_string\"}}],\"inLanguage\":\"fr-FR\"},{\"@type\":\"Organization\",\"@id\":\"https:\\\/\\\/www.veltec.eu\\\/en\\\/#organization\",\"name\":\"Veltec Kirby Specialist\",\"url\":\"https:\\\/\\\/www.veltec.eu\\\/en\\\/\",\"logo\":{\"@type\":\"ImageObject\",\"inLanguage\":\"fr-FR\",\"@id\":\"https:\\\/\\\/www.veltec.eu\\\/en\\\/#\\\/schema\\\/logo\\\/image\\\/\",\"url\":\"https:\\\/\\\/www.veltec.eu\\\/wp-content\\\/uploads\\\/2021\\\/12\\\/Veltec-log-groot-e1537260889125.png\",\"contentUrl\":\"https:\\\/\\\/www.veltec.eu\\\/wp-content\\\/uploads\\\/2021\\\/12\\\/Veltec-log-groot-e1537260889125.png\",\"width\":200,\"height\":60,\"caption\":\"Veltec Kirby Specialist\"},\"image\":{\"@id\":\"https:\\\/\\\/www.veltec.eu\\\/en\\\/#\\\/schema\\\/logo\\\/image\\\/\"},\"sameAs\":[\"https:\\\/\\\/www.facebook.com\\\/Veltec-Kirby-Specialist-236746293374877\\\/\",\"https:\\\/\\\/www.youtube.com\\\/user\\\/VeltecService\"]}]}<\/script>\n<!-- \/ Yoast SEO Premium plugin. -->","yoast_head_json":{"title":"Balais En Carbone c\u00e2ble de raccordement Kirby - Veltec Kirby specialist","description":"Balais En Carbone c\u00e2ble de raccordement Kirby - Veltec est le fournisseur des aspirateurs Kirby depuis plus de 25 ans. Kirby","robots":{"index":"index","follow":"follow","max-snippet":"max-snippet:-1","max-image-preview":"max-image-preview:large","max-video-preview":"max-video-preview:-1"},"canonical":"https:\/\/www.veltec.eu\/fr\/product\/balais-en-carbone-cable-de-raccordement-kirby-nl4545556\/","og_locale":"fr_FR","og_type":"article","og_title":"Balais En Carbone c\u00e2ble de raccordement Kirby","og_description":"Balais En Carbone c\u00e2ble de raccordement.    En stock   Command\u00e9 23:59, exp\u00e9di\u00e9 demain  &nbsp;","og_url":"https:\/\/www.veltec.eu\/fr\/product\/balais-en-carbone-cable-de-raccordement-kirby-nl4545556\/","og_site_name":"Veltec Kirby specialist","article_publisher":"https:\/\/www.facebook.com\/Veltec-Kirby-Specialist-236746293374877\/","article_modified_time":"2024-12-10T08:54:10+00:00","og_image":[{"width":300,"height":300,"url":"https:\/\/www.veltec.eu\/wp-content\/uploads\/2018\/10\/kirby-right-carbon-brush-wire-k-602889.jpg","type":"image\/jpeg"}],"twitter_card":"summary_large_image","twitter_misc":{"Dur\u00e9e de lecture estim\u00e9e":"3 minutes"},"schema":{"@context":"https:\/\/schema.org","@graph":[{"@type":"WebPage","@id":"https:\/\/www.veltec.eu\/fr\/product\/balais-en-carbone-cable-de-raccordement-kirby-nl4545556\/","url":"https:\/\/www.veltec.eu\/fr\/product\/balais-en-carbone-cable-de-raccordement-kirby-nl4545556\/","name":"Balais En Carbone c\u00e2ble de raccordement Kirby - Veltec Kirby specialist","isPartOf":{"@id":"https:\/\/www.veltec.eu\/en\/#website"},"primaryImageOfPage":{"@id":"https:\/\/www.veltec.eu\/fr\/product\/balais-en-carbone-cable-de-raccordement-kirby-nl4545556\/#primaryimage"},"image":{"@id":"https:\/\/www.veltec.eu\/fr\/product\/balais-en-carbone-cable-de-raccordement-kirby-nl4545556\/#primaryimage"},"thumbnailUrl":"https:\/\/www.veltec.eu\/wp-content\/uploads\/2018\/10\/kirby-right-carbon-brush-wire-k-602889.jpg","datePublished":"2018-10-18T14:12:42+00:00","dateModified":"2024-12-10T08:54:10+00:00","description":"Balais En Carbone c\u00e2ble de raccordement Kirby - Veltec est le fournisseur des aspirateurs Kirby depuis plus de 25 ans. Kirby","breadcrumb":{"@id":"https:\/\/www.veltec.eu\/fr\/product\/balais-en-carbone-cable-de-raccordement-kirby-nl4545556\/#breadcrumb"},"inLanguage":"fr-FR","potentialAction":[{"@type":"ReadAction","target":["https:\/\/www.veltec.eu\/fr\/product\/balais-en-carbone-cable-de-raccordement-kirby-nl4545556\/"]}]},{"@type":"ImageObject","inLanguage":"fr-FR","@id":"https:\/\/www.veltec.eu\/fr\/product\/balais-en-carbone-cable-de-raccordement-kirby-nl4545556\/#primaryimage","url":"https:\/\/www.veltec.eu\/wp-content\/uploads\/2018\/10\/kirby-right-carbon-brush-wire-k-602889.jpg","contentUrl":"https:\/\/www.veltec.eu\/wp-content\/uploads\/2018\/10\/kirby-right-carbon-brush-wire-k-602889.jpg","width":300,"height":300},{"@type":"BreadcrumbList","@id":"https:\/\/www.veltec.eu\/fr\/product\/balais-en-carbone-cable-de-raccordement-kirby-nl4545556\/#breadcrumb","itemListElement":[{"@type":"ListItem","position":1,"name":"Home","item":"https:\/\/www.veltec.eu\/fr\/"},{"@type":"ListItem","position":2,"name":"Produits","item":"https:\/\/www.veltec.eu\/fr\/shop\/"},{"@type":"ListItem","position":3,"name":"Balais En Carbone c\u00e2ble de raccordement Kirby"}]},{"@type":"WebSite","@id":"https:\/\/www.veltec.eu\/en\/#website","url":"https:\/\/www.veltec.eu\/en\/","name":"Veltec Kirby specialist","description":"Kirby stofzuiger producten","publisher":{"@id":"https:\/\/www.veltec.eu\/en\/#organization"},"potentialAction":[{"@type":"SearchAction","target":{"@type":"EntryPoint","urlTemplate":"https:\/\/www.veltec.eu\/en\/?s={search_term_string}"},"query-input":{"@type":"PropertyValueSpecification","valueRequired":true,"valueName":"search_term_string"}}],"inLanguage":"fr-FR"},{"@type":"Organization","@id":"https:\/\/www.veltec.eu\/en\/#organization","name":"Veltec Kirby Specialist","url":"https:\/\/www.veltec.eu\/en\/","logo":{"@type":"ImageObject","inLanguage":"fr-FR","@id":"https:\/\/www.veltec.eu\/en\/#\/schema\/logo\/image\/","url":"https:\/\/www.veltec.eu\/wp-content\/uploads\/2021\/12\/Veltec-log-groot-e1537260889125.png","contentUrl":"https:\/\/www.veltec.eu\/wp-content\/uploads\/2021\/12\/Veltec-log-groot-e1537260889125.png","width":200,"height":60,"caption":"Veltec Kirby Specialist"},"image":{"@id":"https:\/\/www.veltec.eu\/en\/#\/schema\/logo\/image\/"},"sameAs":["https:\/\/www.facebook.com\/Veltec-Kirby-Specialist-236746293374877\/","https:\/\/www.youtube.com\/user\/VeltecService"]}]}},"_links":{"self":[{"href":"https:\/\/www.veltec.eu\/fr\/wp-json\/wp\/v2\/product\/11654","targetHints":{"allow":["GET"]}}],"collection":[{"href":"https:\/\/www.veltec.eu\/fr\/wp-json\/wp\/v2\/product"}],"about":[{"href":"https:\/\/www.veltec.eu\/fr\/wp-json\/wp\/v2\/types\/product"}],"replies":[{"embeddable":true,"href":"https:\/\/www.veltec.eu\/fr\/wp-json\/wp\/v2\/comments?post=11654"}],"wp:featuredmedia":[{"embeddable":true,"href":"https:\/\/www.veltec.eu\/fr\/wp-json\/wp\/v2\/media\/6701"}],"wp:attachment":[{"href":"https:\/\/www.veltec.eu\/fr\/wp-json\/wp\/v2\/media?parent=11654"}],"wp:term":[{"taxonomy":"product_brand","embeddable":true,"href":"https:\/\/www.veltec.eu\/fr\/wp-json\/wp\/v2\/product_brand?post=11654"},{"taxonomy":"product_cat","embeddable":true,"href":"https:\/\/www.veltec.eu\/fr\/wp-json\/wp\/v2\/product_cat?post=11654"},{"taxonomy":"product_tag","embeddable":true,"href":"https:\/\/www.veltec.eu\/fr\/wp-json\/wp\/v2\/product_tag?post=11654"}],"curies":[{"name":"wp","href":"https:\/\/api.w.org\/{rel}","templated":true}]}}