{"id":11644,"date":"2018-10-18T16:20:39","date_gmt":"2018-10-18T14:20:39","guid":{"rendered":"https:\/\/www.veltec.eu\/kirby-webshop\/kirby-electro-spoel-schroeven-2x-nl390006\/"},"modified":"2024-12-10T10:39:52","modified_gmt":"2024-12-10T08:39:52","slug":"kirby-electro-bobine-vis-2x","status":"publish","type":"product","link":"https:\/\/www.veltec.eu\/fr\/product\/kirby-electro-bobine-vis-2x\/","title":{"rendered":"Kirby \u00e9lectro bobine vis 2x"},"content":{"rendered":"<h1>Kirby \u00e9lectro bobine vis 2x<\/h1>\n<p>Kirby \u00e9lectro bobine vis 2x<\/p>\n<p><strong>Ce produit est adapt\u00e9 pour les types:<\/strong><\/p>\n<ul>\n<li>Avalir Platinum<\/li>\n<li>Avalir 2<\/li>\n<li>Avalir 1<\/li>\n<li>Sentria 2 (G10D)<\/li>\n<li>Sentria 1 (G10)<\/li>\n<li>Ultimate G Diamond Ed.(G7D or DE)<\/li>\n<li>Ultimate G (G7 or UG)<\/li>\n<li>Generation 6 (G6)<\/li>\n<li>Generation 5 (G5)<\/li>\n<li>Generation 4 (G4)<\/li>\n<li>Generation 3 (G3)<\/li>\n<\/ul>\n<h2>Kirby \u00e9lectro bobine vis 2x &#8211; Ajustement parfait et compatibilit\u00e9 universelle<\/h2>\n<p>Vous cherchez les bonnes vis pour votre aspirateur Kirby ? Les <strong>vis Kirby<\/strong> sont sp\u00e9cialement con\u00e7ues pour relier fermement l&#8217;\u00e9lectro-bobine au bo\u00eetier du moteur de votre aspirateur Kirby. Ces vis sont de haute qualit\u00e9 et conviennent \u00e0 <strong>tous les mod\u00e8les Kirby<\/strong>, ce qui en fait une solution universelle pour l&#8217;entretien et la r\u00e9paration.<\/p>\n<p>Vous pouvez trouver toutes les <a href=\"https:\/\/www.veltec.eu\/fr\/kirby-pieces-detachees-de-moteur\/\">pi\u00e8ces de moteur Kirby<\/a> ici<\/p>\n<h3>Pourquoi choisir les vis \u00e0 Kirby \u00e9lectro bobine vis 2x?<\/h3>\n<p>Lors de l&#8217;entretien de votre aspirateur Kirby, il est essentiel que toutes les pi\u00e8ces soient correctement fix\u00e9es. Les <strong>vis<\/strong>assurent :<\/p>\n<ul>\n<li><strong>Une fixation optimale<\/strong>: Ces vis sont con\u00e7ues pour une connexion ferme et s\u00fbre de l&#8217;\u00e9lectro-bobine dans le bo\u00eetier du moteur.<\/li>\n<li><strong>Durabilit\u00e9<\/strong>: fabriqu\u00e9es dans des mat\u00e9riaux de haute qualit\u00e9, elles r\u00e9sistent \u00e0 l&#8217;usure et \u00e0 une utilisation prolong\u00e9e.<\/li>\n<li><strong>Compatibilit\u00e9 parfaite<\/strong>: Convient \u00e0 tous les types d&#8217;aspirateurs Kirby, quel que soit le mod\u00e8le.<\/li>\n<\/ul>\n<p>Gr\u00e2ce \u00e0 ces caract\u00e9ristiques, vous pouvez compter sur une installation sans probl\u00e8me et un fonctionnement fiable de votre aspirateur Kirby.<\/p>\n<h3>Facile \u00e0 utiliser pour l&#8217;entretien et la r\u00e9paration<\/h3>\n<p>Remplacer les vis de votre aspirateur Kirby ne doit pas \u00eatre une t\u00e2che compliqu\u00e9e. Avec ces vis, vous pouvez :<\/p>\n<ul>\n<li><strong>Effectuer des r\u00e9parations vous-m\u00eame<\/strong>, sans devoir faire appel \u00e0 un professionnel.<\/li>\n<li><strong>Prolonger la dur\u00e9e de vie de votre aspirateur<\/strong>, car toutes les pi\u00e8ces restent fermement en place.<\/li>\n<\/ul>\n<p>L&#8217;installation de ces vis est facile et ne n\u00e9cessite que des outils de base. Elles sont donc id\u00e9ales pour les bricoleurs exp\u00e9riment\u00e9s comme pour les d\u00e9butants.<\/p>\n<h3>Gagnez du temps et de l&#8217;argent avec les bonnes pi\u00e8ces<\/h3>\n<p>En choisissant les vis d&#8217;origine Kirby Electro Coil Screws, vous \u00e9viterez d&#8217;endommager inutilement votre aspirateur. Ces vis offrent une solution d&#8217;entretien rentable, vous permettant d&#8217;\u00e9conomiser du temps et de l&#8217;argent sur des r\u00e9parations ou des remplacements co\u00fbteux.<\/p>\n<p>Choisissez la qualit\u00e9 et la fiabilit\u00e9. Commandez d\u00e8s aujourd&#8217;hui les <strong>vis Electro Coil<\/strong> et gardez votre aspirateur Kirby en parfait \u00e9tat !<\/p>\n","protected":false},"excerpt":{"rendered":"<p>Support Bo\u00eetier D&#8217;\u00e9lectromoteur (2x).<\/p>\n[trustindex data-widget-id=e3bb80b24fa128098b960fc2439]\n<h3><span style=\"color: #008000;\"><br \/>\nEn stock<\/span><\/h3>\n[av_font_icon icon='ue812' font='entypo-fontello' style='' caption='' size='25px' position='left' color='#43ad66' link='' linktarget='' title_attr='' sonar_effect_effect='' sonar_effect_color='' sonar_effect_duration='1' sonar_effect_scale='' sonar_effect_opac='0.5' animation='' id='' custom_class='' template_class='' av_uid='' sc_version='1.0' admin_preview_bg=''][\/av_font_icon]\n<p><span style=\"color: #008000;\">Command\u00e9 23:59, exp\u00e9di\u00e9 demain<\/span><\/p>\n<p>&nbsp;<\/p>\n","protected":false},"featured_media":6717,"comment_status":"open","ping_status":"closed","template":"","meta":[],"product_brand":[],"product_cat":[359],"product_tag":[],"class_list":{"0":"post-11644","1":"product","2":"type-product","3":"status-publish","4":"has-post-thumbnail","6":"product_cat-kirby-pieces-detachees-de-moteur","7":"product_shipping_class-klein-de-fr","9":"first","10":"instock","11":"taxable","12":"shipping-taxable","13":"purchasable","14":"product-type-simple"},"yoast_head":"<!-- This site is optimized with the Yoast SEO Premium plugin v27.1 (Yoast SEO v27.4) - https:\/\/yoast.com\/product\/yoast-seo-premium-wordpress\/ -->\n<title>Kirby \u00e9lectro bobine vis 2x - Veltec Kirby specialist<\/title>\n<meta name=\"description\" content=\"Kirby \u00e9lectro bobine vis 2x - Veltec est le fournisseur des aspirateurs Kirby depuis plus de 25 ans. Et est votre sp\u00e9cialiste\" \/>\n<meta name=\"robots\" content=\"index, follow, max-snippet:-1, max-image-preview:large, max-video-preview:-1\" \/>\n<link rel=\"canonical\" href=\"https:\/\/www.veltec.eu\/nl\/product\/kirby-electro-spoel-schroeven-2x-nl390006\/\" \/>\n<meta property=\"og:locale\" content=\"fr_FR\" \/>\n<meta property=\"og:type\" content=\"article\" \/>\n<meta property=\"og:title\" content=\"Kirby \u00e9lectro bobine vis 2x\" \/>\n<meta property=\"og:description\" content=\"Support Bo\u00eetier D&#039;\u00e9lectromoteur (2x).    En stock   Command\u00e9 23:59, exp\u00e9di\u00e9 demain  &nbsp;\" \/>\n<meta property=\"og:url\" content=\"https:\/\/www.veltec.eu\/nl\/product\/kirby-electro-spoel-schroeven-2x-nl390006\/\" \/>\n<meta property=\"og:site_name\" content=\"Veltec Kirby specialist\" \/>\n<meta property=\"article:publisher\" content=\"https:\/\/www.facebook.com\/Veltec-Kirby-Specialist-236746293374877\/\" \/>\n<meta property=\"article:modified_time\" content=\"2024-12-10T08:39:52+00:00\" \/>\n<meta property=\"og:image\" content=\"https:\/\/www.veltec.eu\/wp-content\/uploads\/2018\/10\/57-2_1_1.jpg\" \/>\n\t<meta property=\"og:image:width\" content=\"300\" \/>\n\t<meta property=\"og:image:height\" content=\"300\" \/>\n\t<meta property=\"og:image:type\" content=\"image\/jpeg\" \/>\n<meta name=\"twitter:card\" content=\"summary_large_image\" \/>\n<meta name=\"twitter:label1\" content=\"Dur\u00e9e de lecture estim\u00e9e\" \/>\n\t<meta name=\"twitter:data1\" content=\"2 minutes\" \/>\n<script type=\"application\/ld+json\" class=\"yoast-schema-graph\">{\"@context\":\"https:\\\/\\\/schema.org\",\"@graph\":[{\"@type\":\"WebPage\",\"@id\":\"https:\\\/\\\/www.veltec.eu\\\/nl\\\/product\\\/kirby-electro-spoel-schroeven-2x-nl390006\\\/\",\"url\":\"https:\\\/\\\/www.veltec.eu\\\/nl\\\/product\\\/kirby-electro-spoel-schroeven-2x-nl390006\\\/\",\"name\":\"Kirby \u00e9lectro bobine vis 2x - Veltec Kirby specialist\",\"isPartOf\":{\"@id\":\"https:\\\/\\\/www.veltec.eu\\\/en\\\/#website\"},\"primaryImageOfPage\":{\"@id\":\"https:\\\/\\\/www.veltec.eu\\\/nl\\\/product\\\/kirby-electro-spoel-schroeven-2x-nl390006\\\/#primaryimage\"},\"image\":{\"@id\":\"https:\\\/\\\/www.veltec.eu\\\/nl\\\/product\\\/kirby-electro-spoel-schroeven-2x-nl390006\\\/#primaryimage\"},\"thumbnailUrl\":\"https:\\\/\\\/www.veltec.eu\\\/wp-content\\\/uploads\\\/2018\\\/10\\\/57-2_1_1.jpg\",\"datePublished\":\"2018-10-18T14:20:39+00:00\",\"dateModified\":\"2024-12-10T08:39:52+00:00\",\"description\":\"Kirby \u00e9lectro bobine vis 2x - Veltec est le fournisseur des aspirateurs Kirby depuis plus de 25 ans. Et est votre sp\u00e9cialiste\",\"breadcrumb\":{\"@id\":\"https:\\\/\\\/www.veltec.eu\\\/nl\\\/product\\\/kirby-electro-spoel-schroeven-2x-nl390006\\\/#breadcrumb\"},\"inLanguage\":\"fr-FR\",\"potentialAction\":[{\"@type\":\"ReadAction\",\"target\":[\"https:\\\/\\\/www.veltec.eu\\\/nl\\\/product\\\/kirby-electro-spoel-schroeven-2x-nl390006\\\/\"]}]},{\"@type\":\"ImageObject\",\"inLanguage\":\"fr-FR\",\"@id\":\"https:\\\/\\\/www.veltec.eu\\\/nl\\\/product\\\/kirby-electro-spoel-schroeven-2x-nl390006\\\/#primaryimage\",\"url\":\"https:\\\/\\\/www.veltec.eu\\\/wp-content\\\/uploads\\\/2018\\\/10\\\/57-2_1_1.jpg\",\"contentUrl\":\"https:\\\/\\\/www.veltec.eu\\\/wp-content\\\/uploads\\\/2018\\\/10\\\/57-2_1_1.jpg\",\"width\":300,\"height\":300},{\"@type\":\"BreadcrumbList\",\"@id\":\"https:\\\/\\\/www.veltec.eu\\\/nl\\\/product\\\/kirby-electro-spoel-schroeven-2x-nl390006\\\/#breadcrumb\",\"itemListElement\":[{\"@type\":\"ListItem\",\"position\":1,\"name\":\"Home\",\"item\":\"https:\\\/\\\/www.veltec.eu\\\/fr\\\/\"},{\"@type\":\"ListItem\",\"position\":2,\"name\":\"Produits\",\"item\":\"https:\\\/\\\/www.veltec.eu\\\/fr\\\/shop\\\/\"},{\"@type\":\"ListItem\",\"position\":3,\"name\":\"Kirby \u00e9lectro bobine vis 2x\"}]},{\"@type\":\"WebSite\",\"@id\":\"https:\\\/\\\/www.veltec.eu\\\/en\\\/#website\",\"url\":\"https:\\\/\\\/www.veltec.eu\\\/en\\\/\",\"name\":\"Veltec Kirby specialist\",\"description\":\"Kirby stofzuiger producten\",\"publisher\":{\"@id\":\"https:\\\/\\\/www.veltec.eu\\\/en\\\/#organization\"},\"potentialAction\":[{\"@type\":\"SearchAction\",\"target\":{\"@type\":\"EntryPoint\",\"urlTemplate\":\"https:\\\/\\\/www.veltec.eu\\\/en\\\/?s={search_term_string}\"},\"query-input\":{\"@type\":\"PropertyValueSpecification\",\"valueRequired\":true,\"valueName\":\"search_term_string\"}}],\"inLanguage\":\"fr-FR\"},{\"@type\":\"Organization\",\"@id\":\"https:\\\/\\\/www.veltec.eu\\\/en\\\/#organization\",\"name\":\"Veltec Kirby Specialist\",\"url\":\"https:\\\/\\\/www.veltec.eu\\\/en\\\/\",\"logo\":{\"@type\":\"ImageObject\",\"inLanguage\":\"fr-FR\",\"@id\":\"https:\\\/\\\/www.veltec.eu\\\/en\\\/#\\\/schema\\\/logo\\\/image\\\/\",\"url\":\"https:\\\/\\\/www.veltec.eu\\\/wp-content\\\/uploads\\\/2021\\\/12\\\/Veltec-log-groot-e1537260889125.png\",\"contentUrl\":\"https:\\\/\\\/www.veltec.eu\\\/wp-content\\\/uploads\\\/2021\\\/12\\\/Veltec-log-groot-e1537260889125.png\",\"width\":200,\"height\":60,\"caption\":\"Veltec Kirby Specialist\"},\"image\":{\"@id\":\"https:\\\/\\\/www.veltec.eu\\\/en\\\/#\\\/schema\\\/logo\\\/image\\\/\"},\"sameAs\":[\"https:\\\/\\\/www.facebook.com\\\/Veltec-Kirby-Specialist-236746293374877\\\/\",\"https:\\\/\\\/www.youtube.com\\\/user\\\/VeltecService\"]}]}<\/script>\n<!-- \/ Yoast SEO Premium plugin. -->","yoast_head_json":{"title":"Kirby \u00e9lectro bobine vis 2x - Veltec Kirby specialist","description":"Kirby \u00e9lectro bobine vis 2x - Veltec est le fournisseur des aspirateurs Kirby depuis plus de 25 ans. Et est votre sp\u00e9cialiste","robots":{"index":"index","follow":"follow","max-snippet":"max-snippet:-1","max-image-preview":"max-image-preview:large","max-video-preview":"max-video-preview:-1"},"canonical":"https:\/\/www.veltec.eu\/nl\/product\/kirby-electro-spoel-schroeven-2x-nl390006\/","og_locale":"fr_FR","og_type":"article","og_title":"Kirby \u00e9lectro bobine vis 2x","og_description":"Support Bo\u00eetier D'\u00e9lectromoteur (2x).    En stock   Command\u00e9 23:59, exp\u00e9di\u00e9 demain  &nbsp;","og_url":"https:\/\/www.veltec.eu\/nl\/product\/kirby-electro-spoel-schroeven-2x-nl390006\/","og_site_name":"Veltec Kirby specialist","article_publisher":"https:\/\/www.facebook.com\/Veltec-Kirby-Specialist-236746293374877\/","article_modified_time":"2024-12-10T08:39:52+00:00","og_image":[{"width":300,"height":300,"url":"https:\/\/www.veltec.eu\/wp-content\/uploads\/2018\/10\/57-2_1_1.jpg","type":"image\/jpeg"}],"twitter_card":"summary_large_image","twitter_misc":{"Dur\u00e9e de lecture estim\u00e9e":"2 minutes"},"schema":{"@context":"https:\/\/schema.org","@graph":[{"@type":"WebPage","@id":"https:\/\/www.veltec.eu\/nl\/product\/kirby-electro-spoel-schroeven-2x-nl390006\/","url":"https:\/\/www.veltec.eu\/nl\/product\/kirby-electro-spoel-schroeven-2x-nl390006\/","name":"Kirby \u00e9lectro bobine vis 2x - Veltec Kirby specialist","isPartOf":{"@id":"https:\/\/www.veltec.eu\/en\/#website"},"primaryImageOfPage":{"@id":"https:\/\/www.veltec.eu\/nl\/product\/kirby-electro-spoel-schroeven-2x-nl390006\/#primaryimage"},"image":{"@id":"https:\/\/www.veltec.eu\/nl\/product\/kirby-electro-spoel-schroeven-2x-nl390006\/#primaryimage"},"thumbnailUrl":"https:\/\/www.veltec.eu\/wp-content\/uploads\/2018\/10\/57-2_1_1.jpg","datePublished":"2018-10-18T14:20:39+00:00","dateModified":"2024-12-10T08:39:52+00:00","description":"Kirby \u00e9lectro bobine vis 2x - Veltec est le fournisseur des aspirateurs Kirby depuis plus de 25 ans. Et est votre sp\u00e9cialiste","breadcrumb":{"@id":"https:\/\/www.veltec.eu\/nl\/product\/kirby-electro-spoel-schroeven-2x-nl390006\/#breadcrumb"},"inLanguage":"fr-FR","potentialAction":[{"@type":"ReadAction","target":["https:\/\/www.veltec.eu\/nl\/product\/kirby-electro-spoel-schroeven-2x-nl390006\/"]}]},{"@type":"ImageObject","inLanguage":"fr-FR","@id":"https:\/\/www.veltec.eu\/nl\/product\/kirby-electro-spoel-schroeven-2x-nl390006\/#primaryimage","url":"https:\/\/www.veltec.eu\/wp-content\/uploads\/2018\/10\/57-2_1_1.jpg","contentUrl":"https:\/\/www.veltec.eu\/wp-content\/uploads\/2018\/10\/57-2_1_1.jpg","width":300,"height":300},{"@type":"BreadcrumbList","@id":"https:\/\/www.veltec.eu\/nl\/product\/kirby-electro-spoel-schroeven-2x-nl390006\/#breadcrumb","itemListElement":[{"@type":"ListItem","position":1,"name":"Home","item":"https:\/\/www.veltec.eu\/fr\/"},{"@type":"ListItem","position":2,"name":"Produits","item":"https:\/\/www.veltec.eu\/fr\/shop\/"},{"@type":"ListItem","position":3,"name":"Kirby \u00e9lectro bobine vis 2x"}]},{"@type":"WebSite","@id":"https:\/\/www.veltec.eu\/en\/#website","url":"https:\/\/www.veltec.eu\/en\/","name":"Veltec Kirby specialist","description":"Kirby stofzuiger producten","publisher":{"@id":"https:\/\/www.veltec.eu\/en\/#organization"},"potentialAction":[{"@type":"SearchAction","target":{"@type":"EntryPoint","urlTemplate":"https:\/\/www.veltec.eu\/en\/?s={search_term_string}"},"query-input":{"@type":"PropertyValueSpecification","valueRequired":true,"valueName":"search_term_string"}}],"inLanguage":"fr-FR"},{"@type":"Organization","@id":"https:\/\/www.veltec.eu\/en\/#organization","name":"Veltec Kirby Specialist","url":"https:\/\/www.veltec.eu\/en\/","logo":{"@type":"ImageObject","inLanguage":"fr-FR","@id":"https:\/\/www.veltec.eu\/en\/#\/schema\/logo\/image\/","url":"https:\/\/www.veltec.eu\/wp-content\/uploads\/2021\/12\/Veltec-log-groot-e1537260889125.png","contentUrl":"https:\/\/www.veltec.eu\/wp-content\/uploads\/2021\/12\/Veltec-log-groot-e1537260889125.png","width":200,"height":60,"caption":"Veltec Kirby Specialist"},"image":{"@id":"https:\/\/www.veltec.eu\/en\/#\/schema\/logo\/image\/"},"sameAs":["https:\/\/www.facebook.com\/Veltec-Kirby-Specialist-236746293374877\/","https:\/\/www.youtube.com\/user\/VeltecService"]}]}},"_links":{"self":[{"href":"https:\/\/www.veltec.eu\/fr\/wp-json\/wp\/v2\/product\/11644","targetHints":{"allow":["GET"]}}],"collection":[{"href":"https:\/\/www.veltec.eu\/fr\/wp-json\/wp\/v2\/product"}],"about":[{"href":"https:\/\/www.veltec.eu\/fr\/wp-json\/wp\/v2\/types\/product"}],"replies":[{"embeddable":true,"href":"https:\/\/www.veltec.eu\/fr\/wp-json\/wp\/v2\/comments?post=11644"}],"wp:featuredmedia":[{"embeddable":true,"href":"https:\/\/www.veltec.eu\/fr\/wp-json\/wp\/v2\/media\/6717"}],"wp:attachment":[{"href":"https:\/\/www.veltec.eu\/fr\/wp-json\/wp\/v2\/media?parent=11644"}],"wp:term":[{"taxonomy":"product_brand","embeddable":true,"href":"https:\/\/www.veltec.eu\/fr\/wp-json\/wp\/v2\/product_brand?post=11644"},{"taxonomy":"product_cat","embeddable":true,"href":"https:\/\/www.veltec.eu\/fr\/wp-json\/wp\/v2\/product_cat?post=11644"},{"taxonomy":"product_tag","embeddable":true,"href":"https:\/\/www.veltec.eu\/fr\/wp-json\/wp\/v2\/product_tag?post=11644"}],"curies":[{"name":"wp","href":"https:\/\/api.w.org\/{rel}","templated":true}]}}