{"id":11639,"date":"2018-10-18T16:25:04","date_gmt":"2018-10-18T14:25:04","guid":{"rendered":"https:\/\/www.veltec.eu\/kirby-webshop\/boutje-en-moertje-kirby-motor-voorplaat-4x-nl6666879\/"},"modified":"2024-12-10T10:34:27","modified_gmt":"2024-12-10T08:34:27","slug":"boulon-et-ecrou-plaque-avant-de-moteur-kirby-4x-nl6666879","status":"publish","type":"product","link":"https:\/\/www.veltec.eu\/fr\/product\/boulon-et-ecrou-plaque-avant-de-moteur-kirby-4x-nl6666879\/","title":{"rendered":"Boulon et \u00e9crou Plaque Avant De Moteur Kirby 4x"},"content":{"rendered":"<h1>Boulon et \u00e9crou Plaque Avant De Moteur Kirby 4x<\/h1>\n<p>Boulon et \u00e9crou Plaque Avant De Moteur Kirby 4x<\/p>\n<p><strong>Ce produit est adapt\u00e9 pour les types:<\/strong><\/p>\n<ul>\n<li>Avalir Platinum<\/li>\n<li>Avalir 2<\/li>\n<li>Avalir 1<\/li>\n<li>Sentria 2 (G10D)<\/li>\n<li>Sentria 1 (G10)<\/li>\n<li>Ultimate G Diamond Ed.(G7D or DE)<\/li>\n<li>Ultimate G (G7 or UG)<\/li>\n<li>Generation 6 (G6)<\/li>\n<li>Generation 5 (G5)<\/li>\n<li>Generation 4 (G4)<\/li>\n<li>Generation 3 (G3)<\/li>\n<\/ul>\n<h2>Boulon et \u00e9crou plaque avant moteur Kirby 4x &#8211; Pour une fixation solide<\/h2>\n<p>Les pi\u00e8ces de fixation de votre aspirateur Kirby sont desserr\u00e9es ou manquantes ? Ce jeu de <strong>4 boulons et \u00e9crous assortis<\/strong>est exactement ce qu&#8217;il vous faut pour fixer solidement la plaque avant du moteur au carter du moteur de votre aspirateur Kirby. Adapt\u00e9 \u00e0 <strong>tous les types d&#8217;aspirateurs Kirby<\/strong>, ce produit permet \u00e0 votre appareil de fonctionner \u00e0 nouveau de mani\u00e8re optimale.<\/p>\n<p>Vous trouverez toutes les <a href=\"https:\/\/www.veltec.eu\/fr\/?page_id=59333\">pi\u00e8ces de moteur Kirby<\/a> ici<\/p>\n<h3>Pourquoi choisir ces \u00e9crous et boulons pour la plaque avant du moteur Kirby ?<\/h3>\n<p>Il est essentiel que la plaque avant du moteur de votre aspirateur Kirby soit solidement fix\u00e9e pour assurer le bon fonctionnement de votre aspirateur. Ce <strong>kit de fixation de haute qualit\u00e9<\/strong> est sp\u00e9cialement con\u00e7u \u00e0 cet effet :<\/p>\n<ul>\n<li><strong>Adaptation parfaite :<\/strong> Ces \u00e9crous et boulons s&#8217;adaptent parfaitement \u00e0 tous les mod\u00e8les d&#8217;aspirateurs Kirby.<\/li>\n<li><strong>Mat\u00e9riaux durables :<\/strong> Fabriqu\u00e9s \u00e0 partir de mat\u00e9riaux robustes et r\u00e9sistants \u00e0 la corrosion pour une longue dur\u00e9e de vie.<\/li>\n<li><strong>Installation facile :<\/strong> Ces pi\u00e8ces sont faciles \u00e0 assembler, m\u00eame sans connaissances techniques.<\/li>\n<\/ul>\n<p>Avec ce kit, vous n&#8217;aurez plus jamais \u00e0 vous soucier d&#8217;une plaque avant de moteur mal fix\u00e9e.<\/p>\n<h3>Avantages d&#8217;un entretien r\u00e9gulier<\/h3>\n<p>Le remplacement des pi\u00e8ces us\u00e9es ou manquantes, comme les boulons et les \u00e9crous, est un moyen simple mais efficace de prolonger la dur\u00e9e de vie de votre aspirateur Kirby. En fixant <strong>fermement la plaque avant du moteur<\/strong>, vous \u00e9viterez les vibrations et les nuisances sonores et votre aspirateur conservera sa puissance et son efficacit\u00e9.<\/p>\n<h4>Convient \u00e0 tous les mod\u00e8les Kirby<\/h4>\n<p>Que vous ayez un ancien ou un nouveau mod\u00e8le d&#8217;aspirateur Kirby, ce jeu d&#8217;\u00e9crous et de boulons est universellement compatible. Cela signifie que vous n&#8217;avez pas besoin de perdre du temps \u00e0 chercher des pi\u00e8ces sp\u00e9cifiques.<\/p>\n<h3>Commandez d\u00e8s aujourd&#8217;hui !<\/h3>\n<p>Avec le jeu de <strong>boulons et d&#8217;\u00e9crous<\/strong>, vous remettrez rapidement votre aspirateur Kirby en \u00e9tat. Commandez d\u00e8s aujourd&#8217;hui et profitez d&#8217;une <strong>installation sans probl\u00e8me et d&#8217;un fonctionnement optimal<\/strong> de votre appareil. Votre aspirateur Kirby le m\u00e9rite !<\/p>\n","protected":false},"excerpt":{"rendered":"<p>Boulon et \u00e9crou Plaque Avant De Moteur (4x).<\/p>\n[trustindex data-widget-id=e3bb80b24fa128098b960fc2439]\n<h3><span style=\"color: #008000;\"><br \/>\nEn stock<\/span><\/h3>\n[av_font_icon icon='ue812' font='entypo-fontello' style='' caption='' size='25px' position='left' color='#43ad66' link='' linktarget='' title_attr='' sonar_effect_effect='' sonar_effect_color='' sonar_effect_duration='1' sonar_effect_scale='' sonar_effect_opac='0.5' animation='' id='' custom_class='' template_class='' av_uid='' sc_version='1.0' admin_preview_bg=''][\/av_font_icon]\n<p><span style=\"color: #008000;\">Command\u00e9 23:59, exp\u00e9di\u00e9 demain<\/span><\/p>\n<p>&nbsp;<\/p>\n","protected":false},"featured_media":70456,"comment_status":"open","ping_status":"closed","template":"","meta":{"_acf_changed":false},"product_brand":[],"product_cat":[359],"product_tag":[],"class_list":{"0":"post-11639","1":"product","2":"type-product","3":"status-publish","4":"has-post-thumbnail","6":"product_cat-kirby-pieces-detachees-de-moteur","7":"product_shipping_class-klein-de-fr","9":"first","10":"instock","11":"taxable","12":"shipping-taxable","13":"purchasable","14":"product-type-simple"},"acf":[],"yoast_head":"<!-- This site is optimized with the Yoast SEO Premium plugin v27.1 (Yoast SEO v27.5) - https:\/\/yoast.com\/product\/yoast-seo-premium-wordpress\/ -->\n<title>Boulon et \u00e9crou Plaque Avant De Moteur Kirby 4x - Veltec Kirby specialist<\/title>\n<meta name=\"description\" content=\"Boulon et \u00e9crou Plaque Avant De Moteur Kirby 4x - Veltec est le fournisseur des aspirateurs Kirby depuis plus de 25 ans. Veltec Kirby\" \/>\n<meta name=\"robots\" content=\"index, follow, max-snippet:-1, max-image-preview:large, max-video-preview:-1\" \/>\n<link rel=\"canonical\" href=\"https:\/\/www.veltec.eu\/fr\/product\/boulon-et-ecrou-plaque-avant-de-moteur-kirby-4x-nl6666879\/\" \/>\n<meta property=\"og:locale\" content=\"fr_FR\" \/>\n<meta property=\"og:type\" content=\"article\" \/>\n<meta property=\"og:title\" content=\"Boulon et \u00e9crou Plaque Avant De Moteur Kirby 4x\" \/>\n<meta property=\"og:description\" content=\"Boulon et \u00e9crou Plaque Avant De Moteur (4x).    En stock   Command\u00e9 23:59, exp\u00e9di\u00e9 demain  &nbsp;\" \/>\n<meta property=\"og:url\" content=\"https:\/\/www.veltec.eu\/fr\/product\/boulon-et-ecrou-plaque-avant-de-moteur-kirby-4x-nl6666879\/\" \/>\n<meta property=\"og:site_name\" content=\"Veltec Kirby specialist\" \/>\n<meta property=\"article:publisher\" content=\"https:\/\/www.facebook.com\/Veltec-Kirby-Specialist-236746293374877\/\" \/>\n<meta property=\"article:modified_time\" content=\"2024-12-10T08:34:27+00:00\" \/>\n<meta property=\"og:image\" content=\"https:\/\/www.veltec.eu\/wp-content\/uploads\/2018\/10\/Kirby-voorplaat-schroeven.jpg\" \/>\n\t<meta property=\"og:image:width\" content=\"600\" \/>\n\t<meta property=\"og:image:height\" content=\"600\" \/>\n\t<meta property=\"og:image:type\" content=\"image\/jpeg\" \/>\n<meta name=\"twitter:card\" content=\"summary_large_image\" \/>\n<meta name=\"twitter:label1\" content=\"Dur\u00e9e de lecture estim\u00e9e\" \/>\n\t<meta name=\"twitter:data1\" content=\"2 minutes\" \/>\n<script type=\"application\/ld+json\" class=\"yoast-schema-graph\">{\"@context\":\"https:\\\/\\\/schema.org\",\"@graph\":[{\"@type\":\"WebPage\",\"@id\":\"https:\\\/\\\/www.veltec.eu\\\/fr\\\/product\\\/boulon-et-ecrou-plaque-avant-de-moteur-kirby-4x-nl6666879\\\/\",\"url\":\"https:\\\/\\\/www.veltec.eu\\\/fr\\\/product\\\/boulon-et-ecrou-plaque-avant-de-moteur-kirby-4x-nl6666879\\\/\",\"name\":\"Boulon et \u00e9crou Plaque Avant De Moteur Kirby 4x - Veltec Kirby specialist\",\"isPartOf\":{\"@id\":\"https:\\\/\\\/www.veltec.eu\\\/en\\\/#website\"},\"primaryImageOfPage\":{\"@id\":\"https:\\\/\\\/www.veltec.eu\\\/fr\\\/product\\\/boulon-et-ecrou-plaque-avant-de-moteur-kirby-4x-nl6666879\\\/#primaryimage\"},\"image\":{\"@id\":\"https:\\\/\\\/www.veltec.eu\\\/fr\\\/product\\\/boulon-et-ecrou-plaque-avant-de-moteur-kirby-4x-nl6666879\\\/#primaryimage\"},\"thumbnailUrl\":\"https:\\\/\\\/www.veltec.eu\\\/wp-content\\\/uploads\\\/2018\\\/10\\\/Kirby-voorplaat-schroeven.jpg\",\"datePublished\":\"2018-10-18T14:25:04+00:00\",\"dateModified\":\"2024-12-10T08:34:27+00:00\",\"description\":\"Boulon et \u00e9crou Plaque Avant De Moteur Kirby 4x - Veltec est le fournisseur des aspirateurs Kirby depuis plus de 25 ans. Veltec Kirby\",\"breadcrumb\":{\"@id\":\"https:\\\/\\\/www.veltec.eu\\\/fr\\\/product\\\/boulon-et-ecrou-plaque-avant-de-moteur-kirby-4x-nl6666879\\\/#breadcrumb\"},\"inLanguage\":\"fr-FR\",\"potentialAction\":[{\"@type\":\"ReadAction\",\"target\":[\"https:\\\/\\\/www.veltec.eu\\\/fr\\\/product\\\/boulon-et-ecrou-plaque-avant-de-moteur-kirby-4x-nl6666879\\\/\"]}]},{\"@type\":\"ImageObject\",\"inLanguage\":\"fr-FR\",\"@id\":\"https:\\\/\\\/www.veltec.eu\\\/fr\\\/product\\\/boulon-et-ecrou-plaque-avant-de-moteur-kirby-4x-nl6666879\\\/#primaryimage\",\"url\":\"https:\\\/\\\/www.veltec.eu\\\/wp-content\\\/uploads\\\/2018\\\/10\\\/Kirby-voorplaat-schroeven.jpg\",\"contentUrl\":\"https:\\\/\\\/www.veltec.eu\\\/wp-content\\\/uploads\\\/2018\\\/10\\\/Kirby-voorplaat-schroeven.jpg\",\"width\":600,\"height\":600},{\"@type\":\"BreadcrumbList\",\"@id\":\"https:\\\/\\\/www.veltec.eu\\\/fr\\\/product\\\/boulon-et-ecrou-plaque-avant-de-moteur-kirby-4x-nl6666879\\\/#breadcrumb\",\"itemListElement\":[{\"@type\":\"ListItem\",\"position\":1,\"name\":\"Home\",\"item\":\"https:\\\/\\\/www.veltec.eu\\\/fr\\\/accueil\\\/\"},{\"@type\":\"ListItem\",\"position\":2,\"name\":\"Boutique Kirby\",\"item\":\"https:\\\/\\\/www.veltec.eu\\\/fr\\\/boutique-kirby\\\/\"},{\"@type\":\"ListItem\",\"position\":3,\"name\":\"Boulon et \u00e9crou Plaque Avant De Moteur Kirby 4x\"}]},{\"@type\":\"WebSite\",\"@id\":\"https:\\\/\\\/www.veltec.eu\\\/en\\\/#website\",\"url\":\"https:\\\/\\\/www.veltec.eu\\\/en\\\/\",\"name\":\"Veltec Kirby specialist\",\"description\":\"Kirby stofzuiger producten\",\"publisher\":{\"@id\":\"https:\\\/\\\/www.veltec.eu\\\/en\\\/#organization\"},\"potentialAction\":[{\"@type\":\"SearchAction\",\"target\":{\"@type\":\"EntryPoint\",\"urlTemplate\":\"https:\\\/\\\/www.veltec.eu\\\/en\\\/?s={search_term_string}\"},\"query-input\":{\"@type\":\"PropertyValueSpecification\",\"valueRequired\":true,\"valueName\":\"search_term_string\"}}],\"inLanguage\":\"fr-FR\"},{\"@type\":\"Organization\",\"@id\":\"https:\\\/\\\/www.veltec.eu\\\/en\\\/#organization\",\"name\":\"Veltec Kirby Specialist\",\"url\":\"https:\\\/\\\/www.veltec.eu\\\/en\\\/\",\"logo\":{\"@type\":\"ImageObject\",\"inLanguage\":\"fr-FR\",\"@id\":\"https:\\\/\\\/www.veltec.eu\\\/en\\\/#\\\/schema\\\/logo\\\/image\\\/\",\"url\":\"https:\\\/\\\/www.veltec.eu\\\/wp-content\\\/uploads\\\/2021\\\/12\\\/Veltec-log-groot-e1537260889125.png\",\"contentUrl\":\"https:\\\/\\\/www.veltec.eu\\\/wp-content\\\/uploads\\\/2021\\\/12\\\/Veltec-log-groot-e1537260889125.png\",\"width\":200,\"height\":60,\"caption\":\"Veltec Kirby Specialist\"},\"image\":{\"@id\":\"https:\\\/\\\/www.veltec.eu\\\/en\\\/#\\\/schema\\\/logo\\\/image\\\/\"},\"sameAs\":[\"https:\\\/\\\/www.facebook.com\\\/Veltec-Kirby-Specialist-236746293374877\\\/\",\"https:\\\/\\\/www.youtube.com\\\/user\\\/VeltecService\"]}]}<\/script>\n<!-- \/ Yoast SEO Premium plugin. -->","yoast_head_json":{"title":"Boulon et \u00e9crou Plaque Avant De Moteur Kirby 4x - Veltec Kirby specialist","description":"Boulon et \u00e9crou Plaque Avant De Moteur Kirby 4x - Veltec est le fournisseur des aspirateurs Kirby depuis plus de 25 ans. Veltec Kirby","robots":{"index":"index","follow":"follow","max-snippet":"max-snippet:-1","max-image-preview":"max-image-preview:large","max-video-preview":"max-video-preview:-1"},"canonical":"https:\/\/www.veltec.eu\/fr\/product\/boulon-et-ecrou-plaque-avant-de-moteur-kirby-4x-nl6666879\/","og_locale":"fr_FR","og_type":"article","og_title":"Boulon et \u00e9crou Plaque Avant De Moteur Kirby 4x","og_description":"Boulon et \u00e9crou Plaque Avant De Moteur (4x).    En stock   Command\u00e9 23:59, exp\u00e9di\u00e9 demain  &nbsp;","og_url":"https:\/\/www.veltec.eu\/fr\/product\/boulon-et-ecrou-plaque-avant-de-moteur-kirby-4x-nl6666879\/","og_site_name":"Veltec Kirby specialist","article_publisher":"https:\/\/www.facebook.com\/Veltec-Kirby-Specialist-236746293374877\/","article_modified_time":"2024-12-10T08:34:27+00:00","og_image":[{"width":600,"height":600,"url":"https:\/\/www.veltec.eu\/wp-content\/uploads\/2018\/10\/Kirby-voorplaat-schroeven.jpg","type":"image\/jpeg"}],"twitter_card":"summary_large_image","twitter_misc":{"Dur\u00e9e de lecture estim\u00e9e":"2 minutes"},"schema":{"@context":"https:\/\/schema.org","@graph":[{"@type":"WebPage","@id":"https:\/\/www.veltec.eu\/fr\/product\/boulon-et-ecrou-plaque-avant-de-moteur-kirby-4x-nl6666879\/","url":"https:\/\/www.veltec.eu\/fr\/product\/boulon-et-ecrou-plaque-avant-de-moteur-kirby-4x-nl6666879\/","name":"Boulon et \u00e9crou Plaque Avant De Moteur Kirby 4x - Veltec Kirby specialist","isPartOf":{"@id":"https:\/\/www.veltec.eu\/en\/#website"},"primaryImageOfPage":{"@id":"https:\/\/www.veltec.eu\/fr\/product\/boulon-et-ecrou-plaque-avant-de-moteur-kirby-4x-nl6666879\/#primaryimage"},"image":{"@id":"https:\/\/www.veltec.eu\/fr\/product\/boulon-et-ecrou-plaque-avant-de-moteur-kirby-4x-nl6666879\/#primaryimage"},"thumbnailUrl":"https:\/\/www.veltec.eu\/wp-content\/uploads\/2018\/10\/Kirby-voorplaat-schroeven.jpg","datePublished":"2018-10-18T14:25:04+00:00","dateModified":"2024-12-10T08:34:27+00:00","description":"Boulon et \u00e9crou Plaque Avant De Moteur Kirby 4x - Veltec est le fournisseur des aspirateurs Kirby depuis plus de 25 ans. Veltec Kirby","breadcrumb":{"@id":"https:\/\/www.veltec.eu\/fr\/product\/boulon-et-ecrou-plaque-avant-de-moteur-kirby-4x-nl6666879\/#breadcrumb"},"inLanguage":"fr-FR","potentialAction":[{"@type":"ReadAction","target":["https:\/\/www.veltec.eu\/fr\/product\/boulon-et-ecrou-plaque-avant-de-moteur-kirby-4x-nl6666879\/"]}]},{"@type":"ImageObject","inLanguage":"fr-FR","@id":"https:\/\/www.veltec.eu\/fr\/product\/boulon-et-ecrou-plaque-avant-de-moteur-kirby-4x-nl6666879\/#primaryimage","url":"https:\/\/www.veltec.eu\/wp-content\/uploads\/2018\/10\/Kirby-voorplaat-schroeven.jpg","contentUrl":"https:\/\/www.veltec.eu\/wp-content\/uploads\/2018\/10\/Kirby-voorplaat-schroeven.jpg","width":600,"height":600},{"@type":"BreadcrumbList","@id":"https:\/\/www.veltec.eu\/fr\/product\/boulon-et-ecrou-plaque-avant-de-moteur-kirby-4x-nl6666879\/#breadcrumb","itemListElement":[{"@type":"ListItem","position":1,"name":"Home","item":"https:\/\/www.veltec.eu\/fr\/accueil\/"},{"@type":"ListItem","position":2,"name":"Boutique Kirby","item":"https:\/\/www.veltec.eu\/fr\/boutique-kirby\/"},{"@type":"ListItem","position":3,"name":"Boulon et \u00e9crou Plaque Avant De Moteur Kirby 4x"}]},{"@type":"WebSite","@id":"https:\/\/www.veltec.eu\/en\/#website","url":"https:\/\/www.veltec.eu\/en\/","name":"Veltec Kirby specialist","description":"Kirby stofzuiger producten","publisher":{"@id":"https:\/\/www.veltec.eu\/en\/#organization"},"potentialAction":[{"@type":"SearchAction","target":{"@type":"EntryPoint","urlTemplate":"https:\/\/www.veltec.eu\/en\/?s={search_term_string}"},"query-input":{"@type":"PropertyValueSpecification","valueRequired":true,"valueName":"search_term_string"}}],"inLanguage":"fr-FR"},{"@type":"Organization","@id":"https:\/\/www.veltec.eu\/en\/#organization","name":"Veltec Kirby Specialist","url":"https:\/\/www.veltec.eu\/en\/","logo":{"@type":"ImageObject","inLanguage":"fr-FR","@id":"https:\/\/www.veltec.eu\/en\/#\/schema\/logo\/image\/","url":"https:\/\/www.veltec.eu\/wp-content\/uploads\/2021\/12\/Veltec-log-groot-e1537260889125.png","contentUrl":"https:\/\/www.veltec.eu\/wp-content\/uploads\/2021\/12\/Veltec-log-groot-e1537260889125.png","width":200,"height":60,"caption":"Veltec Kirby Specialist"},"image":{"@id":"https:\/\/www.veltec.eu\/en\/#\/schema\/logo\/image\/"},"sameAs":["https:\/\/www.facebook.com\/Veltec-Kirby-Specialist-236746293374877\/","https:\/\/www.youtube.com\/user\/VeltecService"]}]}},"_links":{"self":[{"href":"https:\/\/www.veltec.eu\/fr\/wp-json\/wp\/v2\/product\/11639","targetHints":{"allow":["GET"]}}],"collection":[{"href":"https:\/\/www.veltec.eu\/fr\/wp-json\/wp\/v2\/product"}],"about":[{"href":"https:\/\/www.veltec.eu\/fr\/wp-json\/wp\/v2\/types\/product"}],"replies":[{"embeddable":true,"href":"https:\/\/www.veltec.eu\/fr\/wp-json\/wp\/v2\/comments?post=11639"}],"wp:featuredmedia":[{"embeddable":true,"href":"https:\/\/www.veltec.eu\/fr\/wp-json\/wp\/v2\/media\/70456"}],"wp:attachment":[{"href":"https:\/\/www.veltec.eu\/fr\/wp-json\/wp\/v2\/media?parent=11639"}],"wp:term":[{"taxonomy":"product_brand","embeddable":true,"href":"https:\/\/www.veltec.eu\/fr\/wp-json\/wp\/v2\/product_brand?post=11639"},{"taxonomy":"product_cat","embeddable":true,"href":"https:\/\/www.veltec.eu\/fr\/wp-json\/wp\/v2\/product_cat?post=11639"},{"taxonomy":"product_tag","embeddable":true,"href":"https:\/\/www.veltec.eu\/fr\/wp-json\/wp\/v2\/product_tag?post=11639"}],"curies":[{"name":"wp","href":"https:\/\/api.w.org\/{rel}","templated":true}]}}