{"id":11634,"date":"2018-10-18T16:29:03","date_gmt":"2018-10-18T14:29:03","guid":{"rendered":"https:\/\/www.veltec.eu\/kirby-webshop\/schroef-kirby-koolborstel-houder-nl111289\/"},"modified":"2024-12-10T10:18:29","modified_gmt":"2024-12-10T08:18:29","slug":"support-balais-en-carbone-support-kirby-lot-de-2","status":"publish","type":"product","link":"https:\/\/www.veltec.eu\/fr\/product\/support-balais-en-carbone-support-kirby-lot-de-2\/","title":{"rendered":"Support Balais En Carbone, Support Kirby Lot De 2"},"content":{"rendered":"<h1>Support Balais En Carbone, Support Kirby Lot De 2<\/h1>\n<p>Support Balais En Carbone, Support Kirby Lot De 2<\/p>\n<p><strong>Ce produit est adapt\u00e9 pour les types:<\/strong><\/p>\n<ul>\n<li>Avalir Platinum<\/li>\n<li>Avalir 2<\/li>\n<li>Avalir 1<\/li>\n<li>Sentria 2 (G10D)<\/li>\n<li>Sentria 1 (G10)<\/li>\n<li>Ultimate G Diamond Ed.(G7D or DE)<\/li>\n<li>Ultimate G (G7 or UG)<\/li>\n<li>Generation 6 (G6)<\/li>\n<li>Generation 5 (G5)<\/li>\n<li>Generation 4 (G4)<\/li>\n<li>Generation 3 (G3)<\/li>\n<\/ul>\n<h2>Support Balais En Carbone, Support Kirby Lot De 2 &#8211; Fixation parfaite pour votre aspirateur Kirby<\/h2>\n<p>Vous \u00eates \u00e0 la recherche de vis de haute qualit\u00e9 pour fixer les porte-balais au bo\u00eetier du moteur de votre aspirateur Kirby ? The <strong>Screws <\/strong>est la solution id\u00e9ale ! Ce set contient deux vis \u00e0 t\u00eate cruciforme qui conviennent \u00e0 tous les types d&#8217;aspirateurs Kirby et garantissent une fixation solide et fiable.<\/p>\n<p>Vous pouvez trouver toutes les<a href=\"https:\/\/www.veltec.eu\/fr\/kirby-pieces-detachees-de-moteur\/\"> pi\u00e8ces de moteur Kirby<\/a> ici<\/p>\n<h3>Pourquoi choisir ces vis ?<\/h3>\n<p>La qualit\u00e9 des pi\u00e8ces de votre aspirateur d\u00e9termine la dur\u00e9e de vie et les performances de votre appareil. C&#8217;est pourquoi il est important de choisir des pi\u00e8ces originales et adapt\u00e9es comme ces vis. Elles sont sp\u00e9cialement con\u00e7ues pour les aspirateurs Kirby et garantissent un ajustement parfait et une grande durabilit\u00e9. Gr\u00e2ce \u00e0 la t\u00eate Phillips, l&#8217;installation est facile et rapide, m\u00eame pour les moins exp\u00e9riment\u00e9s en mati\u00e8re de remplacement de pi\u00e8ces.<\/p>\n<h3>Convient \u00e0 tous les aspirateurs Kirby<\/h3>\n<p>Que vous ayez un ancien mod\u00e8le d&#8217;aspirateur Kirby ou l&#8217;une des versions les plus r\u00e9centes, ces vis sont garanties pour s&#8217;adapter. Elles constituent donc un choix polyvalent pour tous ceux qui souhaitent entretenir au mieux leur aspirateur Kirby. Le remplacement des porte-balais en carbone devient ainsi beaucoup plus facile, ce qui permet de prot\u00e9ger le bo\u00eetier du moteur contre l&#8217;usure et les dommages.<\/p>\n<hr \/>\n<h3>Avantages de ces vis<\/h3>\n<ul>\n<li><strong>Fixation solide<\/strong>: Les vis maintiennent fermement le porte-balai en carbone.<\/li>\n<li><strong>Facile \u00e0 utiliser<\/strong>: Gr\u00e2ce \u00e0 la t\u00eate Phillips, vous n&#8217;avez pas besoin d&#8217;outils sp\u00e9ciaux.<\/li>\n<li><strong>Mat\u00e9riau durable<\/strong>: Longue dur\u00e9e de vie et r\u00e9sistance \u00e0 l&#8217;usure.<\/li>\n<li><strong>Compatibilit\u00e9 universelle<\/strong>: Convient \u00e0 tous les mod\u00e8les d&#8217;aspirateurs Kirby.<\/li>\n<\/ul>\n<h3>Comment utiliser la Support Balais En Carbone, Support Kirby Lot De 2 ?<\/h3>\n<p>Le montage de ces vis est simple :<\/p>\n<ol>\n<li>Retirez les anciennes vis du carter du moteur de votre aspirateur.<\/li>\n<li>Placez le porte-balai en carbone dans la bonne position.<\/li>\n<li>Fixez la vis fermement, mais sans trop forcer.<\/li>\n<\/ol>\n<p>Gr\u00e2ce \u00e0 ces vis, vous prolongerez la dur\u00e9e de vie de votre aspirateur Kirby et veillerez \u00e0 ce qu&#8217;il continue \u00e0 fonctionner comme au premier jour. Commandez maintenant et donnez \u00e0 votre aspirateur l&#8217;entretien qu&#8217;il m\u00e9rite !<\/p>\n","protected":false},"excerpt":{"rendered":"<p>Support Balais En Carbone, Support (Lot De 2)<\/p>\n[trustindex data-widget-id=e3bb80b24fa128098b960fc2439]\n<h3><span style=\"color: #008000;\"><br \/>\nEn stock<\/span><\/h3>\n[av_font_icon icon='ue812' font='entypo-fontello' style='' caption='' size='25px' position='left' color='#43ad66' link='' linktarget='' title_attr='' sonar_effect_effect='' sonar_effect_color='' sonar_effect_duration='1' sonar_effect_scale='' sonar_effect_opac='0.5' animation='' id='' custom_class='' template_class='' av_uid='' sc_version='1.0' admin_preview_bg=''][\/av_font_icon]\n<p><span style=\"color: #008000;\">Command\u00e9 23:59, exp\u00e9di\u00e9 demain<\/span><\/p>\n<p>&nbsp;<\/p>\n","protected":false},"featured_media":6739,"comment_status":"open","ping_status":"closed","template":"","meta":[],"product_brand":[],"product_cat":[359],"product_tag":[],"class_list":{"0":"post-11634","1":"product","2":"type-product","3":"status-publish","4":"has-post-thumbnail","6":"product_cat-kirby-pieces-detachees-de-moteur","7":"product_shipping_class-klein-de-fr","9":"first","10":"instock","11":"taxable","12":"shipping-taxable","13":"purchasable","14":"product-type-simple"},"yoast_head":"<!-- This site is optimized with the Yoast SEO Premium plugin v27.1 (Yoast SEO v27.4) - https:\/\/yoast.com\/product\/yoast-seo-premium-wordpress\/ -->\n<title>Support Balais En Carbone, Support Kirby Lot De 2 - Veltec Kirby specialist<\/title>\n<meta name=\"description\" content=\"Support Balais En Carbone Support Kirby Lot De 2 - Veltec est le fournisseur des aspirateurs Kirby depuis plus de 25 ans. Veltec\" \/>\n<meta name=\"robots\" content=\"index, follow, max-snippet:-1, max-image-preview:large, max-video-preview:-1\" \/>\n<link rel=\"canonical\" href=\"https:\/\/www.veltec.eu\/nl\/product\/schroef-kirby-koolborstel-houder-2x-nl111289\/\" \/>\n<meta property=\"og:locale\" content=\"fr_FR\" \/>\n<meta property=\"og:type\" content=\"article\" \/>\n<meta property=\"og:title\" content=\"Support Balais En Carbone, Support Kirby Lot De 2\" \/>\n<meta property=\"og:description\" content=\"Support Balais En Carbone, Support (Lot De 2)    En stock   Command\u00e9 23:59, exp\u00e9di\u00e9 demain  &nbsp;\" \/>\n<meta property=\"og:url\" content=\"https:\/\/www.veltec.eu\/nl\/product\/schroef-kirby-koolborstel-houder-2x-nl111289\/\" \/>\n<meta property=\"og:site_name\" content=\"Veltec Kirby specialist\" \/>\n<meta property=\"article:publisher\" content=\"https:\/\/www.facebook.com\/Veltec-Kirby-Specialist-236746293374877\/\" \/>\n<meta property=\"article:modified_time\" content=\"2024-12-10T08:18:29+00:00\" \/>\n<meta property=\"og:image\" content=\"https:\/\/www.veltec.eu\/wp-content\/uploads\/2018\/10\/schroef-1_1.jpg\" \/>\n\t<meta property=\"og:image:width\" content=\"300\" \/>\n\t<meta property=\"og:image:height\" content=\"300\" \/>\n\t<meta property=\"og:image:type\" content=\"image\/jpeg\" \/>\n<meta name=\"twitter:card\" content=\"summary_large_image\" \/>\n<meta name=\"twitter:label1\" content=\"Dur\u00e9e de lecture estim\u00e9e\" \/>\n\t<meta name=\"twitter:data1\" content=\"3 minutes\" \/>\n<script type=\"application\/ld+json\" class=\"yoast-schema-graph\">{\"@context\":\"https:\\\/\\\/schema.org\",\"@graph\":[{\"@type\":\"WebPage\",\"@id\":\"https:\\\/\\\/www.veltec.eu\\\/nl\\\/product\\\/schroef-kirby-koolborstel-houder-2x-nl111289\\\/\",\"url\":\"https:\\\/\\\/www.veltec.eu\\\/nl\\\/product\\\/schroef-kirby-koolborstel-houder-2x-nl111289\\\/\",\"name\":\"Support Balais En Carbone, Support Kirby Lot De 2 - Veltec Kirby specialist\",\"isPartOf\":{\"@id\":\"https:\\\/\\\/www.veltec.eu\\\/en\\\/#website\"},\"primaryImageOfPage\":{\"@id\":\"https:\\\/\\\/www.veltec.eu\\\/nl\\\/product\\\/schroef-kirby-koolborstel-houder-2x-nl111289\\\/#primaryimage\"},\"image\":{\"@id\":\"https:\\\/\\\/www.veltec.eu\\\/nl\\\/product\\\/schroef-kirby-koolborstel-houder-2x-nl111289\\\/#primaryimage\"},\"thumbnailUrl\":\"https:\\\/\\\/www.veltec.eu\\\/wp-content\\\/uploads\\\/2018\\\/10\\\/schroef-1_1.jpg\",\"datePublished\":\"2018-10-18T14:29:03+00:00\",\"dateModified\":\"2024-12-10T08:18:29+00:00\",\"description\":\"Support Balais En Carbone Support Kirby Lot De 2 - Veltec est le fournisseur des aspirateurs Kirby depuis plus de 25 ans. Veltec\",\"breadcrumb\":{\"@id\":\"https:\\\/\\\/www.veltec.eu\\\/nl\\\/product\\\/schroef-kirby-koolborstel-houder-2x-nl111289\\\/#breadcrumb\"},\"inLanguage\":\"fr-FR\",\"potentialAction\":[{\"@type\":\"ReadAction\",\"target\":[\"https:\\\/\\\/www.veltec.eu\\\/nl\\\/product\\\/schroef-kirby-koolborstel-houder-2x-nl111289\\\/\"]}]},{\"@type\":\"ImageObject\",\"inLanguage\":\"fr-FR\",\"@id\":\"https:\\\/\\\/www.veltec.eu\\\/nl\\\/product\\\/schroef-kirby-koolborstel-houder-2x-nl111289\\\/#primaryimage\",\"url\":\"https:\\\/\\\/www.veltec.eu\\\/wp-content\\\/uploads\\\/2018\\\/10\\\/schroef-1_1.jpg\",\"contentUrl\":\"https:\\\/\\\/www.veltec.eu\\\/wp-content\\\/uploads\\\/2018\\\/10\\\/schroef-1_1.jpg\",\"width\":300,\"height\":300},{\"@type\":\"BreadcrumbList\",\"@id\":\"https:\\\/\\\/www.veltec.eu\\\/nl\\\/product\\\/schroef-kirby-koolborstel-houder-2x-nl111289\\\/#breadcrumb\",\"itemListElement\":[{\"@type\":\"ListItem\",\"position\":1,\"name\":\"Home\",\"item\":\"https:\\\/\\\/www.veltec.eu\\\/fr\\\/\"},{\"@type\":\"ListItem\",\"position\":2,\"name\":\"Produits\",\"item\":\"https:\\\/\\\/www.veltec.eu\\\/fr\\\/shop\\\/\"},{\"@type\":\"ListItem\",\"position\":3,\"name\":\"Support Balais En Carbone, Support Kirby Lot De 2\"}]},{\"@type\":\"WebSite\",\"@id\":\"https:\\\/\\\/www.veltec.eu\\\/en\\\/#website\",\"url\":\"https:\\\/\\\/www.veltec.eu\\\/en\\\/\",\"name\":\"Veltec Kirby specialist\",\"description\":\"Kirby stofzuiger producten\",\"publisher\":{\"@id\":\"https:\\\/\\\/www.veltec.eu\\\/en\\\/#organization\"},\"potentialAction\":[{\"@type\":\"SearchAction\",\"target\":{\"@type\":\"EntryPoint\",\"urlTemplate\":\"https:\\\/\\\/www.veltec.eu\\\/en\\\/?s={search_term_string}\"},\"query-input\":{\"@type\":\"PropertyValueSpecification\",\"valueRequired\":true,\"valueName\":\"search_term_string\"}}],\"inLanguage\":\"fr-FR\"},{\"@type\":\"Organization\",\"@id\":\"https:\\\/\\\/www.veltec.eu\\\/en\\\/#organization\",\"name\":\"Veltec Kirby Specialist\",\"url\":\"https:\\\/\\\/www.veltec.eu\\\/en\\\/\",\"logo\":{\"@type\":\"ImageObject\",\"inLanguage\":\"fr-FR\",\"@id\":\"https:\\\/\\\/www.veltec.eu\\\/en\\\/#\\\/schema\\\/logo\\\/image\\\/\",\"url\":\"https:\\\/\\\/www.veltec.eu\\\/wp-content\\\/uploads\\\/2021\\\/12\\\/Veltec-log-groot-e1537260889125.png\",\"contentUrl\":\"https:\\\/\\\/www.veltec.eu\\\/wp-content\\\/uploads\\\/2021\\\/12\\\/Veltec-log-groot-e1537260889125.png\",\"width\":200,\"height\":60,\"caption\":\"Veltec Kirby Specialist\"},\"image\":{\"@id\":\"https:\\\/\\\/www.veltec.eu\\\/en\\\/#\\\/schema\\\/logo\\\/image\\\/\"},\"sameAs\":[\"https:\\\/\\\/www.facebook.com\\\/Veltec-Kirby-Specialist-236746293374877\\\/\",\"https:\\\/\\\/www.youtube.com\\\/user\\\/VeltecService\"]}]}<\/script>\n<!-- \/ Yoast SEO Premium plugin. -->","yoast_head_json":{"title":"Support Balais En Carbone, Support Kirby Lot De 2 - Veltec Kirby specialist","description":"Support Balais En Carbone Support Kirby Lot De 2 - Veltec est le fournisseur des aspirateurs Kirby depuis plus de 25 ans. Veltec","robots":{"index":"index","follow":"follow","max-snippet":"max-snippet:-1","max-image-preview":"max-image-preview:large","max-video-preview":"max-video-preview:-1"},"canonical":"https:\/\/www.veltec.eu\/nl\/product\/schroef-kirby-koolborstel-houder-2x-nl111289\/","og_locale":"fr_FR","og_type":"article","og_title":"Support Balais En Carbone, Support Kirby Lot De 2","og_description":"Support Balais En Carbone, Support (Lot De 2)    En stock   Command\u00e9 23:59, exp\u00e9di\u00e9 demain  &nbsp;","og_url":"https:\/\/www.veltec.eu\/nl\/product\/schroef-kirby-koolborstel-houder-2x-nl111289\/","og_site_name":"Veltec Kirby specialist","article_publisher":"https:\/\/www.facebook.com\/Veltec-Kirby-Specialist-236746293374877\/","article_modified_time":"2024-12-10T08:18:29+00:00","og_image":[{"width":300,"height":300,"url":"https:\/\/www.veltec.eu\/wp-content\/uploads\/2018\/10\/schroef-1_1.jpg","type":"image\/jpeg"}],"twitter_card":"summary_large_image","twitter_misc":{"Dur\u00e9e de lecture estim\u00e9e":"3 minutes"},"schema":{"@context":"https:\/\/schema.org","@graph":[{"@type":"WebPage","@id":"https:\/\/www.veltec.eu\/nl\/product\/schroef-kirby-koolborstel-houder-2x-nl111289\/","url":"https:\/\/www.veltec.eu\/nl\/product\/schroef-kirby-koolborstel-houder-2x-nl111289\/","name":"Support Balais En Carbone, Support Kirby Lot De 2 - Veltec Kirby specialist","isPartOf":{"@id":"https:\/\/www.veltec.eu\/en\/#website"},"primaryImageOfPage":{"@id":"https:\/\/www.veltec.eu\/nl\/product\/schroef-kirby-koolborstel-houder-2x-nl111289\/#primaryimage"},"image":{"@id":"https:\/\/www.veltec.eu\/nl\/product\/schroef-kirby-koolborstel-houder-2x-nl111289\/#primaryimage"},"thumbnailUrl":"https:\/\/www.veltec.eu\/wp-content\/uploads\/2018\/10\/schroef-1_1.jpg","datePublished":"2018-10-18T14:29:03+00:00","dateModified":"2024-12-10T08:18:29+00:00","description":"Support Balais En Carbone Support Kirby Lot De 2 - Veltec est le fournisseur des aspirateurs Kirby depuis plus de 25 ans. Veltec","breadcrumb":{"@id":"https:\/\/www.veltec.eu\/nl\/product\/schroef-kirby-koolborstel-houder-2x-nl111289\/#breadcrumb"},"inLanguage":"fr-FR","potentialAction":[{"@type":"ReadAction","target":["https:\/\/www.veltec.eu\/nl\/product\/schroef-kirby-koolborstel-houder-2x-nl111289\/"]}]},{"@type":"ImageObject","inLanguage":"fr-FR","@id":"https:\/\/www.veltec.eu\/nl\/product\/schroef-kirby-koolborstel-houder-2x-nl111289\/#primaryimage","url":"https:\/\/www.veltec.eu\/wp-content\/uploads\/2018\/10\/schroef-1_1.jpg","contentUrl":"https:\/\/www.veltec.eu\/wp-content\/uploads\/2018\/10\/schroef-1_1.jpg","width":300,"height":300},{"@type":"BreadcrumbList","@id":"https:\/\/www.veltec.eu\/nl\/product\/schroef-kirby-koolborstel-houder-2x-nl111289\/#breadcrumb","itemListElement":[{"@type":"ListItem","position":1,"name":"Home","item":"https:\/\/www.veltec.eu\/fr\/"},{"@type":"ListItem","position":2,"name":"Produits","item":"https:\/\/www.veltec.eu\/fr\/shop\/"},{"@type":"ListItem","position":3,"name":"Support Balais En Carbone, Support Kirby Lot De 2"}]},{"@type":"WebSite","@id":"https:\/\/www.veltec.eu\/en\/#website","url":"https:\/\/www.veltec.eu\/en\/","name":"Veltec Kirby specialist","description":"Kirby stofzuiger producten","publisher":{"@id":"https:\/\/www.veltec.eu\/en\/#organization"},"potentialAction":[{"@type":"SearchAction","target":{"@type":"EntryPoint","urlTemplate":"https:\/\/www.veltec.eu\/en\/?s={search_term_string}"},"query-input":{"@type":"PropertyValueSpecification","valueRequired":true,"valueName":"search_term_string"}}],"inLanguage":"fr-FR"},{"@type":"Organization","@id":"https:\/\/www.veltec.eu\/en\/#organization","name":"Veltec Kirby Specialist","url":"https:\/\/www.veltec.eu\/en\/","logo":{"@type":"ImageObject","inLanguage":"fr-FR","@id":"https:\/\/www.veltec.eu\/en\/#\/schema\/logo\/image\/","url":"https:\/\/www.veltec.eu\/wp-content\/uploads\/2021\/12\/Veltec-log-groot-e1537260889125.png","contentUrl":"https:\/\/www.veltec.eu\/wp-content\/uploads\/2021\/12\/Veltec-log-groot-e1537260889125.png","width":200,"height":60,"caption":"Veltec Kirby Specialist"},"image":{"@id":"https:\/\/www.veltec.eu\/en\/#\/schema\/logo\/image\/"},"sameAs":["https:\/\/www.facebook.com\/Veltec-Kirby-Specialist-236746293374877\/","https:\/\/www.youtube.com\/user\/VeltecService"]}]}},"_links":{"self":[{"href":"https:\/\/www.veltec.eu\/fr\/wp-json\/wp\/v2\/product\/11634","targetHints":{"allow":["GET"]}}],"collection":[{"href":"https:\/\/www.veltec.eu\/fr\/wp-json\/wp\/v2\/product"}],"about":[{"href":"https:\/\/www.veltec.eu\/fr\/wp-json\/wp\/v2\/types\/product"}],"replies":[{"embeddable":true,"href":"https:\/\/www.veltec.eu\/fr\/wp-json\/wp\/v2\/comments?post=11634"}],"wp:featuredmedia":[{"embeddable":true,"href":"https:\/\/www.veltec.eu\/fr\/wp-json\/wp\/v2\/media\/6739"}],"wp:attachment":[{"href":"https:\/\/www.veltec.eu\/fr\/wp-json\/wp\/v2\/media?parent=11634"}],"wp:term":[{"taxonomy":"product_brand","embeddable":true,"href":"https:\/\/www.veltec.eu\/fr\/wp-json\/wp\/v2\/product_brand?post=11634"},{"taxonomy":"product_cat","embeddable":true,"href":"https:\/\/www.veltec.eu\/fr\/wp-json\/wp\/v2\/product_cat?post=11634"},{"taxonomy":"product_tag","embeddable":true,"href":"https:\/\/www.veltec.eu\/fr\/wp-json\/wp\/v2\/product_tag?post=11634"}],"curies":[{"name":"wp","href":"https:\/\/api.w.org\/{rel}","templated":true}]}}