{"id":11629,"date":"2018-10-18T16:33:35","date_gmt":"2018-10-18T14:33:35","guid":{"rendered":"https:\/\/www.veltec.eu\/kirby-webshop\/borgring-kirby-lager-voor-nl334562\/"},"modified":"2025-04-22T11:26:41","modified_gmt":"2025-04-22T09:26:41","slug":"rondelle-de-blocage-palier-avant-kirby-nl334562","status":"publish","type":"product","link":"https:\/\/www.veltec.eu\/fr\/product\/rondelle-de-blocage-palier-avant-kirby-nl334562\/","title":{"rendered":"Rondelle de blocage Palier Avant Kirby"},"content":{"rendered":"<h1>Rondelle de blocage Palier Avant Kirby<\/h1>\n<p>Rondelle de blocage Palier Avant Kirby<\/p>\n<p><strong>Ce produit est adapt\u00e9 pour les types:<\/strong><\/p>\n<ul>\n<li>Avalir Platinum<\/li>\n<li>Avalir 2<\/li>\n<li>Avalir 1<\/li>\n<li>Sentria 2 (G10D)<\/li>\n<li>Sentria 1 (G10)<\/li>\n<li>Ultimate G Diamond Ed.(G7D or DE)<\/li>\n<li>Ultimate G (G7 or UG)<\/li>\n<li>Generation 6 (G6)<\/li>\n<li>Generation 5 (G5)<\/li>\n<li>Generation 4 (G4)<\/li>\n<li>Generation 3 (G3)<\/li>\n<\/ul>\n<h2>Rondelle de blocage Palier Avant Kirby &#8211; La solution id\u00e9ale pour votre aspirateur Kirby<\/h2>\n<p>Vous cherchez un moyen fiable de maintenir le roulement avant de votre aspirateur Kirby fermement en place ? L&#8217;<strong>anneau de blocage<\/strong> est la solution id\u00e9ale. Cette petite pi\u00e8ce essentielle garantit que le roulement avant reste bien en place et \u00e9vite d&#8217;endommager inutilement votre aspirateur. Adapt\u00e9e \u00e0 tous les mod\u00e8les Kirby, cette bague de blocage est une pi\u00e8ce indispensable pour un aspirateur qui fonctionne sans probl\u00e8me.<\/p>\n<p>Vous trouverez ici toutes les <a href=\"https:\/\/www.veltec.eu\/nl\/kirby-motor-onderdelen\/\">pi\u00e8ces de moteur Kirby<\/a><\/p>\n<h3>Pourquoi choisir l&#8217;anneau de blocage ?<\/h3>\n<p>Avec l&#8217;anneau de <strong>blocage<\/strong>, vous disposez d&#8217;un produit sp\u00e9cialement con\u00e7u pour durer et \u00eatre fiable. Cet anneau de verrouillage est fabriqu\u00e9 dans un mat\u00e9riau de haute qualit\u00e9, ce qui signifie qu&#8217;il peut r\u00e9sister \u00e0 l&#8217;usure et \u00e0 une utilisation \u00e0 long terme. Vous n&#8217;aurez donc pas \u00e0 vous soucier d&#8217;un remplacement rapide. De plus, l&#8217;anneau de verrouillage convient \u00e0 tous les types d&#8217;aspirateurs Kirby.<\/p>\n<h4>Les avantages en un coup d&#8217;\u0153il :<\/h4>\n<ul>\n<li><strong>Utilisation universelle<\/strong>: Convient \u00e0 tous les mod\u00e8les d&#8217;aspirateurs Kirby.<\/li>\n<li><strong>Mat\u00e9riau durable<\/strong>: Fabriqu\u00e9 pour une utilisation \u00e0 long terme.<\/li>\n<li><strong>Installation facile<\/strong>: Rapide et facile \u00e0 remplacer soi-m\u00eame.<\/li>\n<li><strong>Protection du palier avant<\/strong>: \u00e9vite l&#8217;usure et les dommages inutiles.<\/li>\n<\/ul>\n<h3>Comment utiliser Rondelle de blocage Palier Avant Kirby ?<\/h3>\n<p>L&#8217;installation de l&#8217;<strong>anneau de blocage<\/strong> est facile et peut se faire sans outils sp\u00e9ciaux. Il suffit de suivre le mode d&#8217;emploi de votre aspirateur Kirby pour atteindre le palier avant. Placez l&#8217;anneau de verrouillage fermement en place, et votre aspirateur est \u00e0 nouveau pr\u00eat pour une utilisation optimale.<\/p>\n<h3>Conclusion : optez pour la qualit\u00e9 et la durabilit\u00e9<\/h3>\n<p>Si vous souhaitez prolonger la dur\u00e9e de vie de votre aspirateur Kirby, l&#8217;<strong>anneau de blocage<\/strong> est un investissement indispensable. Il permet non seulement de bloquer le roulement avant de mani\u00e8re fiable, mais il garantit \u00e9galement que votre aspirateur reste en parfait \u00e9tat plus longtemps. Commandez d\u00e8s aujourd&#8217;hui et profitez des avantages d&#8217;un aspirateur sans probl\u00e8me !<\/p>\n","protected":false},"excerpt":{"rendered":"<p>Rondelle de blocage Palier Avant.<\/p>\n[trustindex data-widget-id=e3bb80b24fa128098b960fc2439]\n<h3><span style=\"color: #008000;\"><br \/>\nEn stock<\/span><\/h3>\n[av_font_icon icon='ue812' font='entypo-fontello' style='' caption='' size='25px' position='left' color='#43ad66' link='' linktarget='' title_attr='' sonar_effect_effect='' sonar_effect_color='' sonar_effect_duration='1' sonar_effect_scale='' sonar_effect_opac='0.5' animation='' id='' custom_class='' template_class='' av_uid='' sc_version='1.0' admin_preview_bg=''][\/av_font_icon]\n<p><span style=\"color: #008000;\">Command\u00e9 23:59, exp\u00e9di\u00e9 demain<\/span><\/p>\n<p>&nbsp;<\/p>\n","protected":false},"featured_media":6747,"comment_status":"open","ping_status":"closed","template":"","meta":[],"product_brand":[],"product_cat":[359],"product_tag":[],"class_list":{"0":"post-11629","1":"product","2":"type-product","3":"status-publish","4":"has-post-thumbnail","6":"product_cat-kirby-pieces-detachees-de-moteur","7":"product_shipping_class-klein-de-fr","9":"first","10":"instock","11":"taxable","12":"shipping-taxable","13":"purchasable","14":"product-type-simple"},"yoast_head":"<!-- This site is optimized with the Yoast SEO Premium plugin v27.1 (Yoast SEO v27.4) - https:\/\/yoast.com\/product\/yoast-seo-premium-wordpress\/ -->\n<title>Rondelle de blocage Palier Avant Kirby - Veltec Kirby specialist<\/title>\n<meta name=\"description\" content=\"Rondelle de blocage Palier Avant Kirby - Veltec est le fournisseur des aspirateurs Kirby depuis plus de 25 ans. Et est votre sp\u00e9cialiste\" \/>\n<meta name=\"robots\" content=\"index, follow, max-snippet:-1, max-image-preview:large, max-video-preview:-1\" \/>\n<link rel=\"canonical\" href=\"https:\/\/www.veltec.eu\/nl\/product\/borgring-kirby-lager-voor-nl334562\/\" \/>\n<meta property=\"og:locale\" content=\"fr_FR\" \/>\n<meta property=\"og:type\" content=\"article\" \/>\n<meta property=\"og:title\" content=\"Rondelle de blocage Palier Avant Kirby\" \/>\n<meta property=\"og:description\" content=\"Rondelle de blocage Palier Avant.    En stock   Command\u00e9 23:59, exp\u00e9di\u00e9 demain  &nbsp;\" \/>\n<meta property=\"og:url\" content=\"https:\/\/www.veltec.eu\/nl\/product\/borgring-kirby-lager-voor-nl334562\/\" \/>\n<meta property=\"og:site_name\" content=\"Veltec Kirby specialist\" \/>\n<meta property=\"article:publisher\" content=\"https:\/\/www.facebook.com\/Veltec-Kirby-Specialist-236746293374877\/\" \/>\n<meta property=\"article:modified_time\" content=\"2025-04-22T09:26:41+00:00\" \/>\n<meta property=\"og:image\" content=\"https:\/\/www.veltec.eu\/wp-content\/uploads\/2018\/10\/Kirby-borgring.jpg\" \/>\n\t<meta property=\"og:image:width\" content=\"300\" \/>\n\t<meta property=\"og:image:height\" content=\"300\" \/>\n\t<meta property=\"og:image:type\" content=\"image\/jpeg\" \/>\n<meta name=\"twitter:card\" content=\"summary_large_image\" \/>\n<meta name=\"twitter:label1\" content=\"Dur\u00e9e de lecture estim\u00e9e\" \/>\n\t<meta name=\"twitter:data1\" content=\"2 minutes\" \/>\n<script type=\"application\/ld+json\" class=\"yoast-schema-graph\">{\"@context\":\"https:\\\/\\\/schema.org\",\"@graph\":[{\"@type\":\"WebPage\",\"@id\":\"https:\\\/\\\/www.veltec.eu\\\/nl\\\/product\\\/borgring-kirby-lager-voor-nl334562\\\/\",\"url\":\"https:\\\/\\\/www.veltec.eu\\\/nl\\\/product\\\/borgring-kirby-lager-voor-nl334562\\\/\",\"name\":\"Rondelle de blocage Palier Avant Kirby - Veltec Kirby specialist\",\"isPartOf\":{\"@id\":\"https:\\\/\\\/www.veltec.eu\\\/en\\\/#website\"},\"primaryImageOfPage\":{\"@id\":\"https:\\\/\\\/www.veltec.eu\\\/nl\\\/product\\\/borgring-kirby-lager-voor-nl334562\\\/#primaryimage\"},\"image\":{\"@id\":\"https:\\\/\\\/www.veltec.eu\\\/nl\\\/product\\\/borgring-kirby-lager-voor-nl334562\\\/#primaryimage\"},\"thumbnailUrl\":\"https:\\\/\\\/www.veltec.eu\\\/wp-content\\\/uploads\\\/2018\\\/10\\\/Kirby-borgring.jpg\",\"datePublished\":\"2018-10-18T14:33:35+00:00\",\"dateModified\":\"2025-04-22T09:26:41+00:00\",\"description\":\"Rondelle de blocage Palier Avant Kirby - Veltec est le fournisseur des aspirateurs Kirby depuis plus de 25 ans. Et est votre sp\u00e9cialiste\",\"breadcrumb\":{\"@id\":\"https:\\\/\\\/www.veltec.eu\\\/nl\\\/product\\\/borgring-kirby-lager-voor-nl334562\\\/#breadcrumb\"},\"inLanguage\":\"fr-FR\",\"potentialAction\":[{\"@type\":\"ReadAction\",\"target\":[\"https:\\\/\\\/www.veltec.eu\\\/nl\\\/product\\\/borgring-kirby-lager-voor-nl334562\\\/\"]}]},{\"@type\":\"ImageObject\",\"inLanguage\":\"fr-FR\",\"@id\":\"https:\\\/\\\/www.veltec.eu\\\/nl\\\/product\\\/borgring-kirby-lager-voor-nl334562\\\/#primaryimage\",\"url\":\"https:\\\/\\\/www.veltec.eu\\\/wp-content\\\/uploads\\\/2018\\\/10\\\/Kirby-borgring.jpg\",\"contentUrl\":\"https:\\\/\\\/www.veltec.eu\\\/wp-content\\\/uploads\\\/2018\\\/10\\\/Kirby-borgring.jpg\",\"width\":300,\"height\":300,\"caption\":\"Rondelle de blocage Palier Avant Kirby\"},{\"@type\":\"BreadcrumbList\",\"@id\":\"https:\\\/\\\/www.veltec.eu\\\/nl\\\/product\\\/borgring-kirby-lager-voor-nl334562\\\/#breadcrumb\",\"itemListElement\":[{\"@type\":\"ListItem\",\"position\":1,\"name\":\"Home\",\"item\":\"https:\\\/\\\/www.veltec.eu\\\/fr\\\/\"},{\"@type\":\"ListItem\",\"position\":2,\"name\":\"Produits\",\"item\":\"https:\\\/\\\/www.veltec.eu\\\/fr\\\/shop\\\/\"},{\"@type\":\"ListItem\",\"position\":3,\"name\":\"Rondelle de blocage Palier Avant Kirby\"}]},{\"@type\":\"WebSite\",\"@id\":\"https:\\\/\\\/www.veltec.eu\\\/en\\\/#website\",\"url\":\"https:\\\/\\\/www.veltec.eu\\\/en\\\/\",\"name\":\"Veltec Kirby specialist\",\"description\":\"Kirby stofzuiger producten\",\"publisher\":{\"@id\":\"https:\\\/\\\/www.veltec.eu\\\/en\\\/#organization\"},\"potentialAction\":[{\"@type\":\"SearchAction\",\"target\":{\"@type\":\"EntryPoint\",\"urlTemplate\":\"https:\\\/\\\/www.veltec.eu\\\/en\\\/?s={search_term_string}\"},\"query-input\":{\"@type\":\"PropertyValueSpecification\",\"valueRequired\":true,\"valueName\":\"search_term_string\"}}],\"inLanguage\":\"fr-FR\"},{\"@type\":\"Organization\",\"@id\":\"https:\\\/\\\/www.veltec.eu\\\/en\\\/#organization\",\"name\":\"Veltec Kirby Specialist\",\"url\":\"https:\\\/\\\/www.veltec.eu\\\/en\\\/\",\"logo\":{\"@type\":\"ImageObject\",\"inLanguage\":\"fr-FR\",\"@id\":\"https:\\\/\\\/www.veltec.eu\\\/en\\\/#\\\/schema\\\/logo\\\/image\\\/\",\"url\":\"https:\\\/\\\/www.veltec.eu\\\/wp-content\\\/uploads\\\/2021\\\/12\\\/Veltec-log-groot-e1537260889125.png\",\"contentUrl\":\"https:\\\/\\\/www.veltec.eu\\\/wp-content\\\/uploads\\\/2021\\\/12\\\/Veltec-log-groot-e1537260889125.png\",\"width\":200,\"height\":60,\"caption\":\"Veltec Kirby Specialist\"},\"image\":{\"@id\":\"https:\\\/\\\/www.veltec.eu\\\/en\\\/#\\\/schema\\\/logo\\\/image\\\/\"},\"sameAs\":[\"https:\\\/\\\/www.facebook.com\\\/Veltec-Kirby-Specialist-236746293374877\\\/\",\"https:\\\/\\\/www.youtube.com\\\/user\\\/VeltecService\"]}]}<\/script>\n<!-- \/ Yoast SEO Premium plugin. -->","yoast_head_json":{"title":"Rondelle de blocage Palier Avant Kirby - Veltec Kirby specialist","description":"Rondelle de blocage Palier Avant Kirby - Veltec est le fournisseur des aspirateurs Kirby depuis plus de 25 ans. Et est votre sp\u00e9cialiste","robots":{"index":"index","follow":"follow","max-snippet":"max-snippet:-1","max-image-preview":"max-image-preview:large","max-video-preview":"max-video-preview:-1"},"canonical":"https:\/\/www.veltec.eu\/nl\/product\/borgring-kirby-lager-voor-nl334562\/","og_locale":"fr_FR","og_type":"article","og_title":"Rondelle de blocage Palier Avant Kirby","og_description":"Rondelle de blocage Palier Avant.    En stock   Command\u00e9 23:59, exp\u00e9di\u00e9 demain  &nbsp;","og_url":"https:\/\/www.veltec.eu\/nl\/product\/borgring-kirby-lager-voor-nl334562\/","og_site_name":"Veltec Kirby specialist","article_publisher":"https:\/\/www.facebook.com\/Veltec-Kirby-Specialist-236746293374877\/","article_modified_time":"2025-04-22T09:26:41+00:00","og_image":[{"width":300,"height":300,"url":"https:\/\/www.veltec.eu\/wp-content\/uploads\/2018\/10\/Kirby-borgring.jpg","type":"image\/jpeg"}],"twitter_card":"summary_large_image","twitter_misc":{"Dur\u00e9e de lecture estim\u00e9e":"2 minutes"},"schema":{"@context":"https:\/\/schema.org","@graph":[{"@type":"WebPage","@id":"https:\/\/www.veltec.eu\/nl\/product\/borgring-kirby-lager-voor-nl334562\/","url":"https:\/\/www.veltec.eu\/nl\/product\/borgring-kirby-lager-voor-nl334562\/","name":"Rondelle de blocage Palier Avant Kirby - Veltec Kirby specialist","isPartOf":{"@id":"https:\/\/www.veltec.eu\/en\/#website"},"primaryImageOfPage":{"@id":"https:\/\/www.veltec.eu\/nl\/product\/borgring-kirby-lager-voor-nl334562\/#primaryimage"},"image":{"@id":"https:\/\/www.veltec.eu\/nl\/product\/borgring-kirby-lager-voor-nl334562\/#primaryimage"},"thumbnailUrl":"https:\/\/www.veltec.eu\/wp-content\/uploads\/2018\/10\/Kirby-borgring.jpg","datePublished":"2018-10-18T14:33:35+00:00","dateModified":"2025-04-22T09:26:41+00:00","description":"Rondelle de blocage Palier Avant Kirby - Veltec est le fournisseur des aspirateurs Kirby depuis plus de 25 ans. Et est votre sp\u00e9cialiste","breadcrumb":{"@id":"https:\/\/www.veltec.eu\/nl\/product\/borgring-kirby-lager-voor-nl334562\/#breadcrumb"},"inLanguage":"fr-FR","potentialAction":[{"@type":"ReadAction","target":["https:\/\/www.veltec.eu\/nl\/product\/borgring-kirby-lager-voor-nl334562\/"]}]},{"@type":"ImageObject","inLanguage":"fr-FR","@id":"https:\/\/www.veltec.eu\/nl\/product\/borgring-kirby-lager-voor-nl334562\/#primaryimage","url":"https:\/\/www.veltec.eu\/wp-content\/uploads\/2018\/10\/Kirby-borgring.jpg","contentUrl":"https:\/\/www.veltec.eu\/wp-content\/uploads\/2018\/10\/Kirby-borgring.jpg","width":300,"height":300,"caption":"Rondelle de blocage Palier Avant Kirby"},{"@type":"BreadcrumbList","@id":"https:\/\/www.veltec.eu\/nl\/product\/borgring-kirby-lager-voor-nl334562\/#breadcrumb","itemListElement":[{"@type":"ListItem","position":1,"name":"Home","item":"https:\/\/www.veltec.eu\/fr\/"},{"@type":"ListItem","position":2,"name":"Produits","item":"https:\/\/www.veltec.eu\/fr\/shop\/"},{"@type":"ListItem","position":3,"name":"Rondelle de blocage Palier Avant Kirby"}]},{"@type":"WebSite","@id":"https:\/\/www.veltec.eu\/en\/#website","url":"https:\/\/www.veltec.eu\/en\/","name":"Veltec Kirby specialist","description":"Kirby stofzuiger producten","publisher":{"@id":"https:\/\/www.veltec.eu\/en\/#organization"},"potentialAction":[{"@type":"SearchAction","target":{"@type":"EntryPoint","urlTemplate":"https:\/\/www.veltec.eu\/en\/?s={search_term_string}"},"query-input":{"@type":"PropertyValueSpecification","valueRequired":true,"valueName":"search_term_string"}}],"inLanguage":"fr-FR"},{"@type":"Organization","@id":"https:\/\/www.veltec.eu\/en\/#organization","name":"Veltec Kirby Specialist","url":"https:\/\/www.veltec.eu\/en\/","logo":{"@type":"ImageObject","inLanguage":"fr-FR","@id":"https:\/\/www.veltec.eu\/en\/#\/schema\/logo\/image\/","url":"https:\/\/www.veltec.eu\/wp-content\/uploads\/2021\/12\/Veltec-log-groot-e1537260889125.png","contentUrl":"https:\/\/www.veltec.eu\/wp-content\/uploads\/2021\/12\/Veltec-log-groot-e1537260889125.png","width":200,"height":60,"caption":"Veltec Kirby Specialist"},"image":{"@id":"https:\/\/www.veltec.eu\/en\/#\/schema\/logo\/image\/"},"sameAs":["https:\/\/www.facebook.com\/Veltec-Kirby-Specialist-236746293374877\/","https:\/\/www.youtube.com\/user\/VeltecService"]}]}},"_links":{"self":[{"href":"https:\/\/www.veltec.eu\/fr\/wp-json\/wp\/v2\/product\/11629","targetHints":{"allow":["GET"]}}],"collection":[{"href":"https:\/\/www.veltec.eu\/fr\/wp-json\/wp\/v2\/product"}],"about":[{"href":"https:\/\/www.veltec.eu\/fr\/wp-json\/wp\/v2\/types\/product"}],"replies":[{"embeddable":true,"href":"https:\/\/www.veltec.eu\/fr\/wp-json\/wp\/v2\/comments?post=11629"}],"wp:featuredmedia":[{"embeddable":true,"href":"https:\/\/www.veltec.eu\/fr\/wp-json\/wp\/v2\/media\/6747"}],"wp:attachment":[{"href":"https:\/\/www.veltec.eu\/fr\/wp-json\/wp\/v2\/media?parent=11629"}],"wp:term":[{"taxonomy":"product_brand","embeddable":true,"href":"https:\/\/www.veltec.eu\/fr\/wp-json\/wp\/v2\/product_brand?post=11629"},{"taxonomy":"product_cat","embeddable":true,"href":"https:\/\/www.veltec.eu\/fr\/wp-json\/wp\/v2\/product_cat?post=11629"},{"taxonomy":"product_tag","embeddable":true,"href":"https:\/\/www.veltec.eu\/fr\/wp-json\/wp\/v2\/product_tag?post=11629"}],"curies":[{"name":"wp","href":"https:\/\/api.w.org\/{rel}","templated":true}]}}