{"id":11623,"date":"2018-10-18T16:38:31","date_gmt":"2018-10-18T14:38:31","guid":{"rendered":"https:\/\/www.veltec.eu\/kirby-webshop\/ringveer-achterkant-motorhuis-nl66666\/"},"modified":"2024-12-09T17:37:07","modified_gmt":"2024-12-09T15:37:07","slug":"anneau-ressort-du-moteur-electrique-kirby","status":"publish","type":"product","link":"https:\/\/www.veltec.eu\/fr\/product\/anneau-ressort-du-moteur-electrique-kirby\/","title":{"rendered":"Anneau ressort du moteur \u00e9lectrique Kirby"},"content":{"rendered":"<h1>Anneau ressort du moteur \u00e9lectrique Kirby<\/h1>\n<p>Anneau ressort du moteur \u00e9lectrique Kirby<\/p>\n<p><strong>Ce produit est adapt\u00e9 pour les types:<\/strong><\/p>\n<ul>\n<li>Avalir Platinum<\/li>\n<li>Avalir 2<\/li>\n<li>Avalir 1<\/li>\n<li>Sentria 2 (G10D)<\/li>\n<li>Sentria 1 (G10)<\/li>\n<li>Ultimate G Diamond Ed.(G7D or DE)<\/li>\n<li>Ultimate G (G7 or UG)<\/li>\n<li>Generation 6 (G6)<\/li>\n<li>Generation 5 (G5)<\/li>\n<li>Generation 4 (G4)<\/li>\n<li>Generation 3 (G3)<\/li>\n<\/ul>\n<h2>Anneau ressort du moteur \u00e9lectrique Kirby- Pour tous les aspirateurs Kirby<\/h2>\n<p>Le <strong>ressort annulaire du carter de moteur arri\u00e8re<\/strong> est une pi\u00e8ce essentielle au bon fonctionnement de l&#8217;aspirateur Kirby. \u00c9galement connu sous le nom de ressort de doigt de palier arri\u00e8re, ce ressort garantit que le palier arri\u00e8re reste fermement en place entre le palier arri\u00e8re et le carter du moteur. Cela permet \u00e0 votre aspirateur de fonctionner efficacement et sans \u00e0-coups. Ce produit convient \u00e0 <strong>tous les types d&#8217;aspirateurs Kirby<\/strong> et contribue \u00e0 prolonger la dur\u00e9e de vie de votre appareil.<\/p>\n<p>Vous trouverez ici toutes les <a href=\"https:\/\/www.veltec.eu\/fr\/categorie\/kirby-pieces-detachees-de-moteur\/\">pi\u00e8ces de moteur Kirby<\/a>.<\/p>\n<h3>Pourquoi la bague Anneau ressort du moteur \u00e9lectrique Kirby est indispensable<\/h3>\n<p>Un aspirateur Kirby qui fonctionne bien a besoin d&#8217;un moteur solide et stable. Le <strong>ressort annulaire<\/strong> joue un r\u00f4le crucial \u00e0 cet \u00e9gard, car il<\/p>\n<ul>\n<li>Il assure la fixation correcte du roulement arri\u00e8re.<\/li>\n<li>Pr\u00e9vient l&#8217;usure et les dommages dus au frottement.<\/li>\n<li>Contribue au fonctionnement silencieux et r\u00e9gulier de votre aspirateur.<\/li>\n<\/ul>\n<p>Vous souffrez d&#8217;un cliquetis du moteur ou d&#8217;une aspiration moins puissante ? Le remplacement du <strong>ressort de la bague du palier arri\u00e8re<\/strong> pourrait \u00eatre la solution !<\/p>\n<h3>Convient \u00e0 tous les types d&#8217;aspirateurs Kirby<\/h3>\n<p>Que vous ayez un ancien mod\u00e8le d&#8217;aspirateur Kirby ou une des versions les plus r\u00e9centes, ce <strong>ressort annulaire<\/strong> s&#8217;adapte parfaitement. Gr\u00e2ce \u00e0 l&#8217;utilisation de mat\u00e9riaux de haute qualit\u00e9, le ressort r\u00e9siste \u00e0 l&#8217;usure et \u00e0 un usage intensif. De plus, l&#8217;installation est facile, m\u00eame si vous n&#8217;avez pas d&#8217;exp\u00e9rience technique.<\/p>\n<h2>Avantages du remplacement du ressort annulaire<\/h2>\n<p>Remplacer le ressort annulaire \u00e0 temps pr\u00e9sente plusieurs avantages :<\/p>\n<ol>\n<li><strong>Efficacit\u00e9<\/strong>: votre aspirateur fonctionnera \u00e0 nouveau de mani\u00e8re optimale et aspirera la salet\u00e9 avec puissance.<\/li>\n<li><strong>Durabilit\u00e9<\/strong>: il \u00e9vite d&#8217;endommager d&#8217;autres pi\u00e8ces.<\/li>\n<li><strong>\u00c9conomies<\/strong>: en effectuant une petite r\u00e9paration, vous \u00e9vitez le remplacement co\u00fbteux de pi\u00e8ces plus importantes.<\/li>\n<\/ol>\n<h3>Commandez d\u00e8s aujourd&#8217;hui la bague ressort du carter moteur arri\u00e8re !<\/h3>\n<p>N&#8217;h\u00e9sitez plus et donnez \u00e0 votre aspirateur Kirby le soin qu&#8217;il m\u00e9rite. Avec ce ressort annulaire, vous prolongerez la dur\u00e9e de vie de votre appareil et profiterez \u00e0 nouveau d&#8217;une performance puissante. <strong>Commandez maintenant et constatez la diff\u00e9rence !<\/strong><\/p>\n<p>Avec le <strong>ressort annulaire<\/strong>, vous pouvez \u00eatre s\u00fbr que votre aspirateur Kirby fonctionne toujours \u00e0 pleine puissance.<\/p>\n","protected":false},"excerpt":{"rendered":"<p>Anneau ressort du moteur \u00e9lectrique.<\/p>\n[trustindex data-widget-id=e3bb80b24fa128098b960fc2439]\n<h3><span style=\"color: #008000;\"><br \/>\nEn stock<\/span><\/h3>\n[av_font_icon icon='ue812' font='entypo-fontello' style='' caption='' size='25px' position='left' color='#43ad66' link='' linktarget='' title_attr='' sonar_effect_effect='' sonar_effect_color='' sonar_effect_duration='1' sonar_effect_scale='' sonar_effect_opac='0.5' animation='' id='' custom_class='' template_class='' av_uid='' sc_version='1.0' admin_preview_bg=''][\/av_font_icon]\n<p><span style=\"color: #008000;\">Command\u00e9 23:59, exp\u00e9di\u00e9 demain<\/span><\/p>\n<p>&nbsp;<\/p>\n","protected":false},"featured_media":91576,"comment_status":"open","ping_status":"closed","template":"","meta":[],"product_brand":[],"product_cat":[359],"product_tag":[],"class_list":{"0":"post-11623","1":"product","2":"type-product","3":"status-publish","4":"has-post-thumbnail","6":"product_cat-kirby-pieces-detachees-de-moteur","7":"product_shipping_class-klein-de-fr","9":"first","10":"instock","11":"taxable","12":"shipping-taxable","13":"purchasable","14":"product-type-simple"},"yoast_head":"<!-- This site is optimized with the Yoast SEO Premium plugin v27.1 (Yoast SEO v27.4) - https:\/\/yoast.com\/product\/yoast-seo-premium-wordpress\/ -->\n<title>Anneau ressort du moteur \u00e9lectrique Kirby - Veltec Kirby specialist<\/title>\n<meta name=\"description\" content=\"Anneau ressort du moteur \u00e9lectrique Kirby - Veltec is al ruim 25 jaar leverancier van Kirby stofzuigers. En is uw vertrouwde Kirby service\" \/>\n<meta name=\"robots\" content=\"index, follow, max-snippet:-1, max-image-preview:large, max-video-preview:-1\" \/>\n<link rel=\"canonical\" href=\"https:\/\/www.veltec.eu\/fr\/product\/anneau-ressort-du-moteur-electrique-kirby\/\" \/>\n<meta property=\"og:locale\" content=\"fr_FR\" \/>\n<meta property=\"og:type\" content=\"article\" \/>\n<meta property=\"og:title\" content=\"Anneau ressort du moteur \u00e9lectrique Kirby\" \/>\n<meta property=\"og:description\" content=\"Anneau ressort du moteur \u00e9lectrique.    En stock   Command\u00e9 23:59, exp\u00e9di\u00e9 demain  &nbsp;\" \/>\n<meta property=\"og:url\" content=\"https:\/\/www.veltec.eu\/fr\/product\/anneau-ressort-du-moteur-electrique-kirby\/\" \/>\n<meta property=\"og:site_name\" content=\"Veltec Kirby specialist\" \/>\n<meta property=\"article:publisher\" content=\"https:\/\/www.facebook.com\/Veltec-Kirby-Specialist-236746293374877\/\" \/>\n<meta property=\"article:modified_time\" content=\"2024-12-09T15:37:07+00:00\" \/>\n<meta property=\"og:image\" content=\"https:\/\/www.veltec.eu\/wp-content\/uploads\/2018\/10\/Kirby-springveer.jpg\" \/>\n\t<meta property=\"og:image:width\" content=\"600\" \/>\n\t<meta property=\"og:image:height\" content=\"600\" \/>\n\t<meta property=\"og:image:type\" content=\"image\/jpeg\" \/>\n<meta name=\"twitter:card\" content=\"summary_large_image\" \/>\n<meta name=\"twitter:label1\" content=\"Dur\u00e9e de lecture estim\u00e9e\" \/>\n\t<meta name=\"twitter:data1\" content=\"3 minutes\" \/>\n<script type=\"application\/ld+json\" class=\"yoast-schema-graph\">{\"@context\":\"https:\\\/\\\/schema.org\",\"@graph\":[{\"@type\":\"WebPage\",\"@id\":\"https:\\\/\\\/www.veltec.eu\\\/fr\\\/product\\\/anneau-ressort-du-moteur-electrique-kirby\\\/\",\"url\":\"https:\\\/\\\/www.veltec.eu\\\/fr\\\/product\\\/anneau-ressort-du-moteur-electrique-kirby\\\/\",\"name\":\"Anneau ressort du moteur \u00e9lectrique Kirby - Veltec Kirby specialist\",\"isPartOf\":{\"@id\":\"https:\\\/\\\/www.veltec.eu\\\/en\\\/#website\"},\"primaryImageOfPage\":{\"@id\":\"https:\\\/\\\/www.veltec.eu\\\/fr\\\/product\\\/anneau-ressort-du-moteur-electrique-kirby\\\/#primaryimage\"},\"image\":{\"@id\":\"https:\\\/\\\/www.veltec.eu\\\/fr\\\/product\\\/anneau-ressort-du-moteur-electrique-kirby\\\/#primaryimage\"},\"thumbnailUrl\":\"https:\\\/\\\/www.veltec.eu\\\/wp-content\\\/uploads\\\/2018\\\/10\\\/Kirby-springveer.jpg\",\"datePublished\":\"2018-10-18T14:38:31+00:00\",\"dateModified\":\"2024-12-09T15:37:07+00:00\",\"description\":\"Anneau ressort du moteur \u00e9lectrique Kirby - Veltec is al ruim 25 jaar leverancier van Kirby stofzuigers. En is uw vertrouwde Kirby service\",\"breadcrumb\":{\"@id\":\"https:\\\/\\\/www.veltec.eu\\\/fr\\\/product\\\/anneau-ressort-du-moteur-electrique-kirby\\\/#breadcrumb\"},\"inLanguage\":\"fr-FR\",\"potentialAction\":[{\"@type\":\"ReadAction\",\"target\":[\"https:\\\/\\\/www.veltec.eu\\\/fr\\\/product\\\/anneau-ressort-du-moteur-electrique-kirby\\\/\"]}]},{\"@type\":\"ImageObject\",\"inLanguage\":\"fr-FR\",\"@id\":\"https:\\\/\\\/www.veltec.eu\\\/fr\\\/product\\\/anneau-ressort-du-moteur-electrique-kirby\\\/#primaryimage\",\"url\":\"https:\\\/\\\/www.veltec.eu\\\/wp-content\\\/uploads\\\/2018\\\/10\\\/Kirby-springveer.jpg\",\"contentUrl\":\"https:\\\/\\\/www.veltec.eu\\\/wp-content\\\/uploads\\\/2018\\\/10\\\/Kirby-springveer.jpg\",\"width\":600,\"height\":600},{\"@type\":\"BreadcrumbList\",\"@id\":\"https:\\\/\\\/www.veltec.eu\\\/fr\\\/product\\\/anneau-ressort-du-moteur-electrique-kirby\\\/#breadcrumb\",\"itemListElement\":[{\"@type\":\"ListItem\",\"position\":1,\"name\":\"Home\",\"item\":\"https:\\\/\\\/www.veltec.eu\\\/fr\\\/\"},{\"@type\":\"ListItem\",\"position\":2,\"name\":\"Produits\",\"item\":\"https:\\\/\\\/www.veltec.eu\\\/fr\\\/shop\\\/\"},{\"@type\":\"ListItem\",\"position\":3,\"name\":\"Anneau ressort du moteur \u00e9lectrique Kirby\"}]},{\"@type\":\"WebSite\",\"@id\":\"https:\\\/\\\/www.veltec.eu\\\/en\\\/#website\",\"url\":\"https:\\\/\\\/www.veltec.eu\\\/en\\\/\",\"name\":\"Veltec Kirby specialist\",\"description\":\"Kirby stofzuiger producten\",\"publisher\":{\"@id\":\"https:\\\/\\\/www.veltec.eu\\\/en\\\/#organization\"},\"potentialAction\":[{\"@type\":\"SearchAction\",\"target\":{\"@type\":\"EntryPoint\",\"urlTemplate\":\"https:\\\/\\\/www.veltec.eu\\\/en\\\/?s={search_term_string}\"},\"query-input\":{\"@type\":\"PropertyValueSpecification\",\"valueRequired\":true,\"valueName\":\"search_term_string\"}}],\"inLanguage\":\"fr-FR\"},{\"@type\":\"Organization\",\"@id\":\"https:\\\/\\\/www.veltec.eu\\\/en\\\/#organization\",\"name\":\"Veltec Kirby Specialist\",\"url\":\"https:\\\/\\\/www.veltec.eu\\\/en\\\/\",\"logo\":{\"@type\":\"ImageObject\",\"inLanguage\":\"fr-FR\",\"@id\":\"https:\\\/\\\/www.veltec.eu\\\/en\\\/#\\\/schema\\\/logo\\\/image\\\/\",\"url\":\"https:\\\/\\\/www.veltec.eu\\\/wp-content\\\/uploads\\\/2021\\\/12\\\/Veltec-log-groot-e1537260889125.png\",\"contentUrl\":\"https:\\\/\\\/www.veltec.eu\\\/wp-content\\\/uploads\\\/2021\\\/12\\\/Veltec-log-groot-e1537260889125.png\",\"width\":200,\"height\":60,\"caption\":\"Veltec Kirby Specialist\"},\"image\":{\"@id\":\"https:\\\/\\\/www.veltec.eu\\\/en\\\/#\\\/schema\\\/logo\\\/image\\\/\"},\"sameAs\":[\"https:\\\/\\\/www.facebook.com\\\/Veltec-Kirby-Specialist-236746293374877\\\/\",\"https:\\\/\\\/www.youtube.com\\\/user\\\/VeltecService\"]}]}<\/script>\n<!-- \/ Yoast SEO Premium plugin. -->","yoast_head_json":{"title":"Anneau ressort du moteur \u00e9lectrique Kirby - Veltec Kirby specialist","description":"Anneau ressort du moteur \u00e9lectrique Kirby - Veltec is al ruim 25 jaar leverancier van Kirby stofzuigers. En is uw vertrouwde Kirby service","robots":{"index":"index","follow":"follow","max-snippet":"max-snippet:-1","max-image-preview":"max-image-preview:large","max-video-preview":"max-video-preview:-1"},"canonical":"https:\/\/www.veltec.eu\/fr\/product\/anneau-ressort-du-moteur-electrique-kirby\/","og_locale":"fr_FR","og_type":"article","og_title":"Anneau ressort du moteur \u00e9lectrique Kirby","og_description":"Anneau ressort du moteur \u00e9lectrique.    En stock   Command\u00e9 23:59, exp\u00e9di\u00e9 demain  &nbsp;","og_url":"https:\/\/www.veltec.eu\/fr\/product\/anneau-ressort-du-moteur-electrique-kirby\/","og_site_name":"Veltec Kirby specialist","article_publisher":"https:\/\/www.facebook.com\/Veltec-Kirby-Specialist-236746293374877\/","article_modified_time":"2024-12-09T15:37:07+00:00","og_image":[{"width":600,"height":600,"url":"https:\/\/www.veltec.eu\/wp-content\/uploads\/2018\/10\/Kirby-springveer.jpg","type":"image\/jpeg"}],"twitter_card":"summary_large_image","twitter_misc":{"Dur\u00e9e de lecture estim\u00e9e":"3 minutes"},"schema":{"@context":"https:\/\/schema.org","@graph":[{"@type":"WebPage","@id":"https:\/\/www.veltec.eu\/fr\/product\/anneau-ressort-du-moteur-electrique-kirby\/","url":"https:\/\/www.veltec.eu\/fr\/product\/anneau-ressort-du-moteur-electrique-kirby\/","name":"Anneau ressort du moteur \u00e9lectrique Kirby - Veltec Kirby specialist","isPartOf":{"@id":"https:\/\/www.veltec.eu\/en\/#website"},"primaryImageOfPage":{"@id":"https:\/\/www.veltec.eu\/fr\/product\/anneau-ressort-du-moteur-electrique-kirby\/#primaryimage"},"image":{"@id":"https:\/\/www.veltec.eu\/fr\/product\/anneau-ressort-du-moteur-electrique-kirby\/#primaryimage"},"thumbnailUrl":"https:\/\/www.veltec.eu\/wp-content\/uploads\/2018\/10\/Kirby-springveer.jpg","datePublished":"2018-10-18T14:38:31+00:00","dateModified":"2024-12-09T15:37:07+00:00","description":"Anneau ressort du moteur \u00e9lectrique Kirby - Veltec is al ruim 25 jaar leverancier van Kirby stofzuigers. En is uw vertrouwde Kirby service","breadcrumb":{"@id":"https:\/\/www.veltec.eu\/fr\/product\/anneau-ressort-du-moteur-electrique-kirby\/#breadcrumb"},"inLanguage":"fr-FR","potentialAction":[{"@type":"ReadAction","target":["https:\/\/www.veltec.eu\/fr\/product\/anneau-ressort-du-moteur-electrique-kirby\/"]}]},{"@type":"ImageObject","inLanguage":"fr-FR","@id":"https:\/\/www.veltec.eu\/fr\/product\/anneau-ressort-du-moteur-electrique-kirby\/#primaryimage","url":"https:\/\/www.veltec.eu\/wp-content\/uploads\/2018\/10\/Kirby-springveer.jpg","contentUrl":"https:\/\/www.veltec.eu\/wp-content\/uploads\/2018\/10\/Kirby-springveer.jpg","width":600,"height":600},{"@type":"BreadcrumbList","@id":"https:\/\/www.veltec.eu\/fr\/product\/anneau-ressort-du-moteur-electrique-kirby\/#breadcrumb","itemListElement":[{"@type":"ListItem","position":1,"name":"Home","item":"https:\/\/www.veltec.eu\/fr\/"},{"@type":"ListItem","position":2,"name":"Produits","item":"https:\/\/www.veltec.eu\/fr\/shop\/"},{"@type":"ListItem","position":3,"name":"Anneau ressort du moteur \u00e9lectrique Kirby"}]},{"@type":"WebSite","@id":"https:\/\/www.veltec.eu\/en\/#website","url":"https:\/\/www.veltec.eu\/en\/","name":"Veltec Kirby specialist","description":"Kirby stofzuiger producten","publisher":{"@id":"https:\/\/www.veltec.eu\/en\/#organization"},"potentialAction":[{"@type":"SearchAction","target":{"@type":"EntryPoint","urlTemplate":"https:\/\/www.veltec.eu\/en\/?s={search_term_string}"},"query-input":{"@type":"PropertyValueSpecification","valueRequired":true,"valueName":"search_term_string"}}],"inLanguage":"fr-FR"},{"@type":"Organization","@id":"https:\/\/www.veltec.eu\/en\/#organization","name":"Veltec Kirby Specialist","url":"https:\/\/www.veltec.eu\/en\/","logo":{"@type":"ImageObject","inLanguage":"fr-FR","@id":"https:\/\/www.veltec.eu\/en\/#\/schema\/logo\/image\/","url":"https:\/\/www.veltec.eu\/wp-content\/uploads\/2021\/12\/Veltec-log-groot-e1537260889125.png","contentUrl":"https:\/\/www.veltec.eu\/wp-content\/uploads\/2021\/12\/Veltec-log-groot-e1537260889125.png","width":200,"height":60,"caption":"Veltec Kirby Specialist"},"image":{"@id":"https:\/\/www.veltec.eu\/en\/#\/schema\/logo\/image\/"},"sameAs":["https:\/\/www.facebook.com\/Veltec-Kirby-Specialist-236746293374877\/","https:\/\/www.youtube.com\/user\/VeltecService"]}]}},"_links":{"self":[{"href":"https:\/\/www.veltec.eu\/fr\/wp-json\/wp\/v2\/product\/11623","targetHints":{"allow":["GET"]}}],"collection":[{"href":"https:\/\/www.veltec.eu\/fr\/wp-json\/wp\/v2\/product"}],"about":[{"href":"https:\/\/www.veltec.eu\/fr\/wp-json\/wp\/v2\/types\/product"}],"replies":[{"embeddable":true,"href":"https:\/\/www.veltec.eu\/fr\/wp-json\/wp\/v2\/comments?post=11623"}],"wp:featuredmedia":[{"embeddable":true,"href":"https:\/\/www.veltec.eu\/fr\/wp-json\/wp\/v2\/media\/91576"}],"wp:attachment":[{"href":"https:\/\/www.veltec.eu\/fr\/wp-json\/wp\/v2\/media?parent=11623"}],"wp:term":[{"taxonomy":"product_brand","embeddable":true,"href":"https:\/\/www.veltec.eu\/fr\/wp-json\/wp\/v2\/product_brand?post=11623"},{"taxonomy":"product_cat","embeddable":true,"href":"https:\/\/www.veltec.eu\/fr\/wp-json\/wp\/v2\/product_cat?post=11623"},{"taxonomy":"product_tag","embeddable":true,"href":"https:\/\/www.veltec.eu\/fr\/wp-json\/wp\/v2\/product_tag?post=11623"}],"curies":[{"name":"wp","href":"https:\/\/api.w.org\/{rel}","templated":true}]}}