{"id":11125,"date":"2018-10-19T10:37:31","date_gmt":"2018-10-19T08:37:31","guid":{"rendered":"https:\/\/www.veltec.eu\/kirby-webshop\/tube-prolongateur-2x-nl3132\/"},"modified":"2026-02-05T11:32:58","modified_gmt":"2026-02-05T09:32:58","slug":"tube-prolongateur-kirby-2x-nl3132","status":"publish","type":"product","link":"https:\/\/www.veltec.eu\/fr\/product\/tube-prolongateur-kirby-2x-nl3132\/","title":{"rendered":"Tube Prolongateur Kirby 2x"},"content":{"rendered":"<h1 data-start=\"110\" data-end=\"190\">Tube Prolongateur Kirby 2x \u2013 Flexibilit\u00e9 maximale pour vos besoins de nettoyage<\/h1>\n<p data-start=\"192\" data-end=\"664\">D\u00e9couvrez le Tube Prolongateur Kirby 2x, un compl\u00e9ment indispensable \u00e0 votre aspirateur Kirby. Ce set contient deux tubes d\u2019extension en plastique d\u2019origine qui augmentent consid\u00e9rablement la polyvalence et la port\u00e9e de votre aspirateur. Bien que la poign\u00e9e ne soit pas incluse, ces tubes permettent une exp\u00e9rience de nettoyage plus efficace, sur les surfaces basses comme hautes. Pour un reach suppl\u00e9mentaire, il est facile d\u2019ajouter des tubes d\u2019extension suppl\u00e9mentaires.<\/p>\n<h2 data-start=\"671\" data-end=\"721\">Pourquoi choisir le Tube Prolongateur Kirby 2x ?<\/h2>\n<p data-start=\"723\" data-end=\"1037\">Le Tube d\u2019extension Kirby 2x est con\u00e7u pour rendre le nettoyage plus simple et plus confortable. Gr\u00e2ce \u00e0 son plastique solide, vous b\u00e9n\u00e9ficiez d\u2019une longue dur\u00e9e de vie et de performances fiables. De plus, ces tubes d\u2019extension sont universellement compatibles avec tous les mod\u00e8les populaires de Kirby, tels que :<\/p>\n<ul data-start=\"1039\" data-end=\"1257\">\n<li data-start=\"1039\" data-end=\"1078\">Avalir Platinum, Avalir 2, Avalir 1<\/li>\n<li data-start=\"1079\" data-end=\"1116\">Sentria 2 (G10D), Sentria 1 (G10)<\/li>\n<li data-start=\"1117\" data-end=\"1178\">Ultimate G Diamond Ed. (G7D ou DE), Ultimate G (G7 ou UG)<\/li>\n<li data-start=\"1179\" data-end=\"1257\">Generation 6 (G6), Generation 5 (G5), Generation 4 (G4), Generation 3 (G3)<\/li>\n<\/ul>\n<p data-start=\"1259\" data-end=\"1392\"><a href=\"https:\/\/www.veltec.eu\/fr\/?page_id=59277\" target=\"_blank\" rel=\"noopener\">D\u00e9couvrez ici tous les accessoires Kirby<\/a> et apprenez comment ces tubes d\u2019extension peuvent am\u00e9liorer votre routine de nettoyage.<\/p>\n<h2 data-start=\"1399\" data-end=\"1439\">Qualit\u00e9 originale Kirby et durabilit\u00e9<\/h2>\n<p data-start=\"1441\" data-end=\"1659\">L\u2019utilisation de pi\u00e8ces Kirby originales garantit des performances optimales. Le Tube d\u2019extension Kirby 2x est fabriqu\u00e9 en plastique robuste, r\u00e9sistant \u00e0 un usage intensif. Compar\u00e9 aux tubes imitation, ce set offre :<\/p>\n<ul data-start=\"1661\" data-end=\"1783\">\n<li data-start=\"1661\" data-end=\"1714\">Un meilleur ajustement sur votre aspirateur Kirby<\/li>\n<li data-start=\"1715\" data-end=\"1740\">Une durabilit\u00e9 accrue<\/li>\n<li data-start=\"1741\" data-end=\"1783\">Des performances constantes et fiables<\/li>\n<\/ul>\n<p data-start=\"1785\" data-end=\"1888\">Vous pouvez ainsi compter sur ces tubes d\u2019extension pendant de nombreuses ann\u00e9es sans perte de qualit\u00e9.<\/p>\n<h2 data-start=\"1895\" data-end=\"1949\">Option extensible pour les zones difficiles d\u2019acc\u00e8s<\/h2>\n<p data-start=\"1951\" data-end=\"2482\">Avec le Tube d\u2019extension Kirby 2x, vous atteignez facilement les zones difficiles, comme les plafonds \u00e9lev\u00e9s ou les interstices profonds. En combinant les tubes d\u2019extension, vous augmentez consid\u00e9rablement la port\u00e9e. Des tubes suppl\u00e9mentaires peuvent \u00eatre ajout\u00e9s pour atteindre les endroits les plus complexes sans avoir \u00e0 vous pencher ni utiliser une \u00e9chelle. Pour des conseils d\u2019utilisation, consultez notre article de blog <em><a href=\"https:\/\/www.service-aspirateur-kirby.fr\/tubes-rallonge-kirby\/\" target=\"_blank\" rel=\"noopener\">Tout sur les tubes d\u2019extension Kirby.<\/a><\/em><\/p>\n<h2 data-start=\"2489\" data-end=\"2538\">Installation facile et utilisation confortable<\/h2>\n<p data-start=\"2540\" data-end=\"2907\">Installer les tubes d\u2019extension Kirby est rapide et simple. Gr\u00e2ce au m\u00e9canisme de clic et de verrouillage, les tubes sont pr\u00eats \u00e0 l\u2019usage en quelques secondes. De plus, les tubes am\u00e9liorent l\u2019ergonomie de votre aspirateur, rendant le nettoyage plus confortable et r\u00e9duisant les tensions dorsales. Id\u00e9al pour les t\u00e2ches de nettoyage prolong\u00e9es ou les grandes surfaces.<\/p>\n<h2 data-start=\"2914\" data-end=\"2990\">Optimisez votre exp\u00e9rience de nettoyage avec le Tube d\u2019extension Kirby 2x<\/h2>\n<p data-start=\"2992\" data-end=\"3407\">Le Tube d\u2019extension Kirby 2x offre une flexibilit\u00e9 maximale, une durabilit\u00e9 et une grande facilit\u00e9 d\u2019utilisation. Gr\u00e2ce \u00e0 son plastique de haute qualit\u00e9, sa compatibilit\u00e9 universelle et la possibilit\u00e9 d\u2019ajouter des extensions suppl\u00e9mentaires, vous pouvez atteindre sans effort toutes les surfaces de votre maison. Optez pour la qualit\u00e9 originale Kirby et rendez votre routine de nettoyage plus efficace et agr\u00e9able.<\/p>\n<p data-start=\"3409\" data-end=\"3511\"><a href=\"https:\/\/www.veltec.eu\/fr\/product\/kirby-tube-prolongateur-2x-regulateur-de-debit-dair\/\" target=\"_blank\" rel=\"noopener\">D\u00e9couvrez ici le set complet Tube d\u2019extension 2x + R\u00e9gulateur d\u2019air pour commander directement.<\/a><\/p>\n","protected":false},"excerpt":{"rendered":"<p>Le tube prolongateur Kirby 2x offre une longueur et une flexibilit\u00e9 suppl\u00e9mentaires pour un nettoyage efficace. Compatible avec tous les mod\u00e8les Kirby.<\/p>\n[trustindex data-widget-id=e3bb80b24fa128098b960fc2439]\n<h3><span style=\"color: #008000;\"><br \/>\nEn stock<\/span><\/h3>\n[av_font_icon icon='ue812' font='entypo-fontello' style='' caption='' size='25px' position='left' color='#43ad66' link='' linktarget='' title_attr='' sonar_effect_effect='' sonar_effect_color='' sonar_effect_duration='1' sonar_effect_scale='' sonar_effect_opac='0.5' animation='' id='' custom_class='' template_class='' av_uid='' sc_version='1.0' admin_preview_bg=''][\/av_font_icon]\n<p><span style=\"color: #008000;\">Command\u00e9 23:59, exp\u00e9di\u00e9 demain<\/span><\/p>\n<p>&nbsp;<\/p>\n","protected":false},"featured_media":90667,"comment_status":"open","ping_status":"closed","template":"","meta":{"_acf_changed":false},"product_brand":[],"product_cat":[354],"product_tag":[],"class_list":{"0":"post-11125","1":"product","2":"type-product","3":"status-publish","4":"has-post-thumbnail","6":"product_cat-kirby-accessoires","7":"product_shipping_class-klein-de-fr","9":"first","10":"instock","11":"sale","12":"taxable","13":"shipping-taxable","14":"purchasable","15":"product-type-simple"},"acf":[],"yoast_head":"<!-- This site is optimized with the Yoast SEO Premium plugin v27.1 (Yoast SEO v27.4) - https:\/\/yoast.com\/product\/yoast-seo-premium-wordpress\/ -->\n<title>Tube Prolongateur Kirby 2x \u2013 Flexibilit\u00e9 et port\u00e9e maximales<\/title>\n<meta name=\"description\" content=\"Augmentez la port\u00e9e de votre aspirateur Kirby avec le Tube Prolongateur Kirby 2x. Durable, universel et facile \u00e0 installer.\" \/>\n<meta name=\"robots\" content=\"index, follow, max-snippet:-1, max-image-preview:large, max-video-preview:-1\" \/>\n<link rel=\"canonical\" href=\"https:\/\/www.veltec.eu\/fr\/product\/tube-prolongateur-kirby-2x-nl3132\/\" \/>\n<meta property=\"og:locale\" content=\"fr_FR\" \/>\n<meta property=\"og:type\" content=\"article\" \/>\n<meta property=\"og:title\" content=\"Tube Prolongateur Kirby 2x\" \/>\n<meta property=\"og:description\" content=\"Le tube prolongateur Kirby 2x offre une longueur et une flexibilit\u00e9 suppl\u00e9mentaires pour un nettoyage efficace. Compatible avec tous les mod\u00e8les Kirby.    En stock   Command\u00e9 23:59, exp\u00e9di\u00e9 demain  &nbsp;\" \/>\n<meta property=\"og:url\" content=\"https:\/\/www.veltec.eu\/fr\/product\/tube-prolongateur-kirby-2x-nl3132\/\" \/>\n<meta property=\"og:site_name\" content=\"Veltec Kirby specialist\" \/>\n<meta property=\"article:publisher\" content=\"https:\/\/www.facebook.com\/Veltec-Kirby-Specialist-236746293374877\/\" \/>\n<meta property=\"article:modified_time\" content=\"2026-02-05T09:32:58+00:00\" \/>\n<meta property=\"og:image\" content=\"https:\/\/www.veltec.eu\/wp-content\/uploads\/2018\/10\/verleng-2x_edited-1.jpg\" \/>\n\t<meta property=\"og:image:width\" content=\"500\" \/>\n\t<meta property=\"og:image:height\" content=\"500\" \/>\n\t<meta property=\"og:image:type\" content=\"image\/jpeg\" \/>\n<meta name=\"twitter:card\" content=\"summary_large_image\" \/>\n<meta name=\"twitter:label1\" content=\"Dur\u00e9e de lecture estim\u00e9e\" \/>\n\t<meta name=\"twitter:data1\" content=\"3 minutes\" \/>\n<script type=\"application\/ld+json\" class=\"yoast-schema-graph\">{\"@context\":\"https:\\\/\\\/schema.org\",\"@graph\":[{\"@type\":\"WebPage\",\"@id\":\"https:\\\/\\\/www.veltec.eu\\\/fr\\\/product\\\/tube-prolongateur-kirby-2x-nl3132\\\/\",\"url\":\"https:\\\/\\\/www.veltec.eu\\\/fr\\\/product\\\/tube-prolongateur-kirby-2x-nl3132\\\/\",\"name\":\"Tube Prolongateur Kirby 2x \u2013 Flexibilit\u00e9 et port\u00e9e maximales\",\"isPartOf\":{\"@id\":\"https:\\\/\\\/www.veltec.eu\\\/en\\\/#website\"},\"primaryImageOfPage\":{\"@id\":\"https:\\\/\\\/www.veltec.eu\\\/fr\\\/product\\\/tube-prolongateur-kirby-2x-nl3132\\\/#primaryimage\"},\"image\":{\"@id\":\"https:\\\/\\\/www.veltec.eu\\\/fr\\\/product\\\/tube-prolongateur-kirby-2x-nl3132\\\/#primaryimage\"},\"thumbnailUrl\":\"https:\\\/\\\/www.veltec.eu\\\/wp-content\\\/uploads\\\/2018\\\/10\\\/Kirby-buis2x.jpg\",\"datePublished\":\"2018-10-19T08:37:31+00:00\",\"dateModified\":\"2026-02-05T09:32:58+00:00\",\"description\":\"Augmentez la port\u00e9e de votre aspirateur Kirby avec le Tube Prolongateur Kirby 2x. Durable, universel et facile \u00e0 installer.\",\"breadcrumb\":{\"@id\":\"https:\\\/\\\/www.veltec.eu\\\/fr\\\/product\\\/tube-prolongateur-kirby-2x-nl3132\\\/#breadcrumb\"},\"inLanguage\":\"fr-FR\",\"potentialAction\":[{\"@type\":\"ReadAction\",\"target\":[\"https:\\\/\\\/www.veltec.eu\\\/fr\\\/product\\\/tube-prolongateur-kirby-2x-nl3132\\\/\"]}]},{\"@type\":\"ImageObject\",\"inLanguage\":\"fr-FR\",\"@id\":\"https:\\\/\\\/www.veltec.eu\\\/fr\\\/product\\\/tube-prolongateur-kirby-2x-nl3132\\\/#primaryimage\",\"url\":\"https:\\\/\\\/www.veltec.eu\\\/wp-content\\\/uploads\\\/2018\\\/10\\\/Kirby-buis2x.jpg\",\"contentUrl\":\"https:\\\/\\\/www.veltec.eu\\\/wp-content\\\/uploads\\\/2018\\\/10\\\/Kirby-buis2x.jpg\",\"width\":600,\"height\":600},{\"@type\":\"BreadcrumbList\",\"@id\":\"https:\\\/\\\/www.veltec.eu\\\/fr\\\/product\\\/tube-prolongateur-kirby-2x-nl3132\\\/#breadcrumb\",\"itemListElement\":[{\"@type\":\"ListItem\",\"position\":1,\"name\":\"Home\",\"item\":\"https:\\\/\\\/www.veltec.eu\\\/fr\\\/accueil\\\/\"},{\"@type\":\"ListItem\",\"position\":2,\"name\":\"Boutique Kirby\",\"item\":\"https:\\\/\\\/www.veltec.eu\\\/fr\\\/boutique-kirby\\\/\"},{\"@type\":\"ListItem\",\"position\":3,\"name\":\"Tube Prolongateur Kirby 2x\"}]},{\"@type\":\"WebSite\",\"@id\":\"https:\\\/\\\/www.veltec.eu\\\/en\\\/#website\",\"url\":\"https:\\\/\\\/www.veltec.eu\\\/en\\\/\",\"name\":\"Veltec Kirby specialist\",\"description\":\"Kirby stofzuiger producten\",\"publisher\":{\"@id\":\"https:\\\/\\\/www.veltec.eu\\\/en\\\/#organization\"},\"potentialAction\":[{\"@type\":\"SearchAction\",\"target\":{\"@type\":\"EntryPoint\",\"urlTemplate\":\"https:\\\/\\\/www.veltec.eu\\\/en\\\/?s={search_term_string}\"},\"query-input\":{\"@type\":\"PropertyValueSpecification\",\"valueRequired\":true,\"valueName\":\"search_term_string\"}}],\"inLanguage\":\"fr-FR\"},{\"@type\":\"Organization\",\"@id\":\"https:\\\/\\\/www.veltec.eu\\\/en\\\/#organization\",\"name\":\"Veltec Kirby Specialist\",\"url\":\"https:\\\/\\\/www.veltec.eu\\\/en\\\/\",\"logo\":{\"@type\":\"ImageObject\",\"inLanguage\":\"fr-FR\",\"@id\":\"https:\\\/\\\/www.veltec.eu\\\/en\\\/#\\\/schema\\\/logo\\\/image\\\/\",\"url\":\"https:\\\/\\\/www.veltec.eu\\\/wp-content\\\/uploads\\\/2021\\\/12\\\/Veltec-log-groot-e1537260889125.png\",\"contentUrl\":\"https:\\\/\\\/www.veltec.eu\\\/wp-content\\\/uploads\\\/2021\\\/12\\\/Veltec-log-groot-e1537260889125.png\",\"width\":200,\"height\":60,\"caption\":\"Veltec Kirby Specialist\"},\"image\":{\"@id\":\"https:\\\/\\\/www.veltec.eu\\\/en\\\/#\\\/schema\\\/logo\\\/image\\\/\"},\"sameAs\":[\"https:\\\/\\\/www.facebook.com\\\/Veltec-Kirby-Specialist-236746293374877\\\/\",\"https:\\\/\\\/www.youtube.com\\\/user\\\/VeltecService\"]}]}<\/script>\n<!-- \/ Yoast SEO Premium plugin. -->","yoast_head_json":{"title":"Tube Prolongateur Kirby 2x \u2013 Flexibilit\u00e9 et port\u00e9e maximales","description":"Augmentez la port\u00e9e de votre aspirateur Kirby avec le Tube Prolongateur Kirby 2x. Durable, universel et facile \u00e0 installer.","robots":{"index":"index","follow":"follow","max-snippet":"max-snippet:-1","max-image-preview":"max-image-preview:large","max-video-preview":"max-video-preview:-1"},"canonical":"https:\/\/www.veltec.eu\/fr\/product\/tube-prolongateur-kirby-2x-nl3132\/","og_locale":"fr_FR","og_type":"article","og_title":"Tube Prolongateur Kirby 2x","og_description":"Le tube prolongateur Kirby 2x offre une longueur et une flexibilit\u00e9 suppl\u00e9mentaires pour un nettoyage efficace. Compatible avec tous les mod\u00e8les Kirby.    En stock   Command\u00e9 23:59, exp\u00e9di\u00e9 demain  &nbsp;","og_url":"https:\/\/www.veltec.eu\/fr\/product\/tube-prolongateur-kirby-2x-nl3132\/","og_site_name":"Veltec Kirby specialist","article_publisher":"https:\/\/www.facebook.com\/Veltec-Kirby-Specialist-236746293374877\/","article_modified_time":"2026-02-05T09:32:58+00:00","og_image":[{"width":500,"height":500,"url":"https:\/\/www.veltec.eu\/wp-content\/uploads\/2018\/10\/verleng-2x_edited-1.jpg","type":"image\/jpeg"}],"twitter_card":"summary_large_image","twitter_misc":{"Dur\u00e9e de lecture estim\u00e9e":"3 minutes"},"schema":{"@context":"https:\/\/schema.org","@graph":[{"@type":"WebPage","@id":"https:\/\/www.veltec.eu\/fr\/product\/tube-prolongateur-kirby-2x-nl3132\/","url":"https:\/\/www.veltec.eu\/fr\/product\/tube-prolongateur-kirby-2x-nl3132\/","name":"Tube Prolongateur Kirby 2x \u2013 Flexibilit\u00e9 et port\u00e9e maximales","isPartOf":{"@id":"https:\/\/www.veltec.eu\/en\/#website"},"primaryImageOfPage":{"@id":"https:\/\/www.veltec.eu\/fr\/product\/tube-prolongateur-kirby-2x-nl3132\/#primaryimage"},"image":{"@id":"https:\/\/www.veltec.eu\/fr\/product\/tube-prolongateur-kirby-2x-nl3132\/#primaryimage"},"thumbnailUrl":"https:\/\/www.veltec.eu\/wp-content\/uploads\/2018\/10\/Kirby-buis2x.jpg","datePublished":"2018-10-19T08:37:31+00:00","dateModified":"2026-02-05T09:32:58+00:00","description":"Augmentez la port\u00e9e de votre aspirateur Kirby avec le Tube Prolongateur Kirby 2x. Durable, universel et facile \u00e0 installer.","breadcrumb":{"@id":"https:\/\/www.veltec.eu\/fr\/product\/tube-prolongateur-kirby-2x-nl3132\/#breadcrumb"},"inLanguage":"fr-FR","potentialAction":[{"@type":"ReadAction","target":["https:\/\/www.veltec.eu\/fr\/product\/tube-prolongateur-kirby-2x-nl3132\/"]}]},{"@type":"ImageObject","inLanguage":"fr-FR","@id":"https:\/\/www.veltec.eu\/fr\/product\/tube-prolongateur-kirby-2x-nl3132\/#primaryimage","url":"https:\/\/www.veltec.eu\/wp-content\/uploads\/2018\/10\/Kirby-buis2x.jpg","contentUrl":"https:\/\/www.veltec.eu\/wp-content\/uploads\/2018\/10\/Kirby-buis2x.jpg","width":600,"height":600},{"@type":"BreadcrumbList","@id":"https:\/\/www.veltec.eu\/fr\/product\/tube-prolongateur-kirby-2x-nl3132\/#breadcrumb","itemListElement":[{"@type":"ListItem","position":1,"name":"Home","item":"https:\/\/www.veltec.eu\/fr\/accueil\/"},{"@type":"ListItem","position":2,"name":"Boutique Kirby","item":"https:\/\/www.veltec.eu\/fr\/boutique-kirby\/"},{"@type":"ListItem","position":3,"name":"Tube Prolongateur Kirby 2x"}]},{"@type":"WebSite","@id":"https:\/\/www.veltec.eu\/en\/#website","url":"https:\/\/www.veltec.eu\/en\/","name":"Veltec Kirby specialist","description":"Kirby stofzuiger producten","publisher":{"@id":"https:\/\/www.veltec.eu\/en\/#organization"},"potentialAction":[{"@type":"SearchAction","target":{"@type":"EntryPoint","urlTemplate":"https:\/\/www.veltec.eu\/en\/?s={search_term_string}"},"query-input":{"@type":"PropertyValueSpecification","valueRequired":true,"valueName":"search_term_string"}}],"inLanguage":"fr-FR"},{"@type":"Organization","@id":"https:\/\/www.veltec.eu\/en\/#organization","name":"Veltec Kirby Specialist","url":"https:\/\/www.veltec.eu\/en\/","logo":{"@type":"ImageObject","inLanguage":"fr-FR","@id":"https:\/\/www.veltec.eu\/en\/#\/schema\/logo\/image\/","url":"https:\/\/www.veltec.eu\/wp-content\/uploads\/2021\/12\/Veltec-log-groot-e1537260889125.png","contentUrl":"https:\/\/www.veltec.eu\/wp-content\/uploads\/2021\/12\/Veltec-log-groot-e1537260889125.png","width":200,"height":60,"caption":"Veltec Kirby Specialist"},"image":{"@id":"https:\/\/www.veltec.eu\/en\/#\/schema\/logo\/image\/"},"sameAs":["https:\/\/www.facebook.com\/Veltec-Kirby-Specialist-236746293374877\/","https:\/\/www.youtube.com\/user\/VeltecService"]}]}},"_links":{"self":[{"href":"https:\/\/www.veltec.eu\/fr\/wp-json\/wp\/v2\/product\/11125","targetHints":{"allow":["GET"]}}],"collection":[{"href":"https:\/\/www.veltec.eu\/fr\/wp-json\/wp\/v2\/product"}],"about":[{"href":"https:\/\/www.veltec.eu\/fr\/wp-json\/wp\/v2\/types\/product"}],"replies":[{"embeddable":true,"href":"https:\/\/www.veltec.eu\/fr\/wp-json\/wp\/v2\/comments?post=11125"}],"wp:featuredmedia":[{"embeddable":true,"href":"https:\/\/www.veltec.eu\/fr\/wp-json\/wp\/v2\/media\/90667"}],"wp:attachment":[{"href":"https:\/\/www.veltec.eu\/fr\/wp-json\/wp\/v2\/media?parent=11125"}],"wp:term":[{"taxonomy":"product_brand","embeddable":true,"href":"https:\/\/www.veltec.eu\/fr\/wp-json\/wp\/v2\/product_brand?post=11125"},{"taxonomy":"product_cat","embeddable":true,"href":"https:\/\/www.veltec.eu\/fr\/wp-json\/wp\/v2\/product_cat?post=11125"},{"taxonomy":"product_tag","embeddable":true,"href":"https:\/\/www.veltec.eu\/fr\/wp-json\/wp\/v2\/product_tag?post=11125"}],"curies":[{"name":"wp","href":"https:\/\/api.w.org\/{rel}","templated":true}]}}