{"id":11115,"date":"2018-10-19T10:51:11","date_gmt":"2018-10-19T08:51:11","guid":{"rendered":"https:\/\/www.veltec.eu\/kirby-webshop\/brosse-de-depoussierage-nl3021\/"},"modified":"2026-01-26T11:55:06","modified_gmt":"2026-01-26T09:55:06","slug":"brosse-de-depoussierage-kirby-nl3021","status":"publish","type":"product","link":"https:\/\/www.veltec.eu\/fr\/product\/brosse-de-depoussierage-kirby-nl3021\/","title":{"rendered":"Brosse De D\u00e9poussi\u00e9rage Kirby"},"content":{"rendered":"<h1 data-start=\"58\" data-end=\"139\">Brosse De D\u00e9poussi\u00e9rage Kirby \u2013 D\u00e9poussi\u00e9rage sans poussi\u00e8re via votre aspirateur<\/h1>\n<p data-start=\"141\" data-end=\"415\">La brosse de d\u00e9poussi\u00e9rage Kirby\u00a0est un accessoire universel qui \u00e9limine la poussi\u00e8re facilement et rapidement, tout en prot\u00e9geant les surfaces d\u00e9licates. Gr\u00e2ce aux poils de cheval de haute qualit\u00e9, vous \u00e9liminez la poussi\u00e8re en un seul geste, sans simplement la d\u00e9placer.<\/p>\n<h2 data-start=\"417\" data-end=\"471\">Pourquoi choisir la brosse de d\u00e9poussi\u00e9rage Kirby ?<\/h2>\n<p data-start=\"472\" data-end=\"862\">La brosse \u00e0 d\u00e9poussi\u00e9rer Kirby associe un soin doux \u00e0 un nettoyage puissant, ce qui permet de retirer la poussi\u00e8re de mani\u00e8re efficace. De plus, cette brosse est con\u00e7ue pour \u00eatre utilis\u00e9e avec votre aspirateur Kirby, afin que vous puissiez toujours b\u00e9n\u00e9ficier imm\u00e9diatement de la puissance d\u2019aspiration. Ainsi, le d\u00e9poussi\u00e9rage devient non seulement plus rapide, mais aussi plus hygi\u00e9nique.<\/p>\n<h3 data-start=\"864\" data-end=\"937\">Poils de cheval de haute qualit\u00e9 pour un nettoyage doux et efficace<\/h3>\n<p data-start=\"938\" data-end=\"1171\">Les poils de la brosse sont en poils de cheval de haute qualit\u00e9, ce qui permet de capturer la poussi\u00e8re et les salet\u00e9s fines sans rayer les surfaces. En outre, le mat\u00e9riau est durable, ce qui garantit une efficacit\u00e9 longue dur\u00e9e.<\/p>\n<h3 data-start=\"1173\" data-end=\"1220\">Facile \u00e0 utiliser et \u00e0 changer rapidement<\/h3>\n<p data-start=\"1221\" data-end=\"1443\">La brosse se fixe facilement sur votre aspirateur Kirby, et vous pouvez imm\u00e9diatement commencer \u00e0 d\u00e9poussi\u00e9rer. Gr\u00e2ce \u00e0 sa conception ergonomique, la brosse est agr\u00e9able en main, m\u00eame lors de longues sessions de nettoyage.<\/p>\n<h2 data-start=\"1445\" data-end=\"1499\">Compatibilit\u00e9 \u2013 Convient \u00e0 tous les mod\u00e8les Kirby<\/h2>\n<p data-start=\"1500\" data-end=\"1587\">Cette brosse est universelle et compatible avec tous les aspirateurs Kirby, notamment :<\/p>\n<ul data-start=\"1589\" data-end=\"1828\">\n<li data-start=\"1589\" data-end=\"1608\">Avalir Platinum<\/li>\n<li data-start=\"1609\" data-end=\"1632\">Avalir 2 \/ Avalir 1<\/li>\n<li data-start=\"1633\" data-end=\"1671\">Sentria 2 (G10D) \/ Sentria 1 (G10)<\/li>\n<li data-start=\"1672\" data-end=\"1714\">Ultimate G Diamond Edition (G7D ou DE)<\/li>\n<li data-start=\"1715\" data-end=\"1740\">Ultimate G (G7 ou UG)<\/li>\n<li data-start=\"1741\" data-end=\"1762\">Generation 6 (G6)<\/li>\n<li data-start=\"1763\" data-end=\"1784\">Generation 5 (G5)<\/li>\n<li data-start=\"1785\" data-end=\"1806\">Generation 4 (G4)<\/li>\n<li data-start=\"1807\" data-end=\"1828\">Generation 3 (G3)<\/li>\n<\/ul>\n<p data-start=\"1830\" data-end=\"1955\">Ainsi, la brosse \u00e0 d\u00e9poussi\u00e9rer Kirby est un choix parfait pour tous les propri\u00e9taires de Kirby, quel que soit le mod\u00e8le.<\/p>\n<h2 data-start=\"1957\" data-end=\"2009\">Facilit\u00e9 d\u2019utilisation, durabilit\u00e9 et entretien<\/h2>\n<p data-start=\"2010\" data-end=\"2343\">La brosse est non seulement efficace, mais aussi facile \u00e0 entretenir. Apr\u00e8s usage, vous pouvez secouer les poils ou les rincer d\u00e9licatement sous l\u2019eau, afin que la brosse soit rapidement pr\u00eate pour la prochaine utilisation. De plus, gr\u00e2ce \u00e0 des mat\u00e9riaux durables, la brosse reste utilisable pendant des ann\u00e9es sans perte de qualit\u00e9.<\/p>\n<h2 data-start=\"2345\" data-end=\"2393\">Applications polyvalentes dans chaque foyer<\/h2>\n<p data-start=\"2394\" data-end=\"2682\">Que ce soit pour les meubles, les \u00e9tag\u00e8res, les lampes, l\u2019\u00e9lectronique ou m\u00eame l\u2019int\u00e9rieur de la voiture, la brosse \u00e0 d\u00e9poussi\u00e9rer Kirby offre une solution s\u00fbre. Elle constitue donc un accessoire indispensable pour toute maison souhaitant un environnement propre et frais, sans poussi\u00e8re.<\/p>\n<h3 data-start=\"2684\" data-end=\"2736\">D\u00e9couvrez \u00e9galement d\u2019autres accessoires Kirby<\/h3>\n<p data-start=\"2737\" data-end=\"3002\">Pour plus de confort et un nettoyage complet, vous pouvez \u00e9galement consulter nos autres accessoires, tels que les <a href=\"https:\/\/www.veltec.eu\/fr\/?page_id=58275\" target=\"_blank\" rel=\"noopener\">sacs pour aspirateur Kirby<\/a> et les <a href=\"https:\/\/www.veltec.eu\/fr\/?page_id=59112\" target=\"_blank\" rel=\"noopener\">brosses Kirby<\/a>. Retrouvez \u00e9galement tous les accessoires Kirby sur notre page <a href=\"https:\/\/www.veltec.eu\/fr\/?page_id=59277\" target=\"_blank\" rel=\"noopener\">Tous les accessoires Kirby.<\/a><\/p>\n<h3 data-start=\"3004\" data-end=\"3058\">En savoir plus sur le d\u00e9poussi\u00e9rage avec Kirby ?<\/h3>\n<p data-start=\"3059\" data-end=\"3263\">D\u00e9couvrez la puissance de la brosse \u00e0 d\u00e9poussi\u00e9rer Kirby dans cet article de blog : <em>\u201c<a href=\"https:\/\/www.service-aspirateur-kirby.fr\/brosse-a-poussiere-kirby\/\" target=\"_blank\" rel=\"noopener\">D\u00e9couvrez la puissance de la brosse \u00e0 d\u00e9poussi\u00e9rer Kirby \u2013 Ne d\u00e9placez plus la poussi\u00e8re, \u00e9liminez-la vraiment !\u201d<\/a><\/em><\/p>\n","protected":false},"excerpt":{"rendered":"<p>La brosse \u00e0 d\u00e9poussi\u00e9rer Kirby \u00e9limine la poussi\u00e8re en douceur gr\u00e2ce \u00e0 ses poils de cheval de haute qualit\u00e9. Elle se fixe facilement sur votre aspirateur et convient \u00e0 tous les mod\u00e8les Kirby.<\/p>\n[trustindex data-widget-id=e3bb80b24fa128098b960fc2439]\n<h3><span style=\"color: #008000;\"><br \/>\nEn stock<\/span><\/h3>\n[av_font_icon icon='ue812' font='entypo-fontello' style='' caption='' size='25px' position='left' color='#43ad66' link='' linktarget='' title_attr='' sonar_effect_effect='' sonar_effect_color='' sonar_effect_duration='1' sonar_effect_scale='' sonar_effect_opac='0.5' animation='' id='' custom_class='' template_class='' av_uid='' sc_version='1.0' admin_preview_bg=''][\/av_font_icon]\n<p><span style=\"color: #008000;\">Command\u00e9 23:59, exp\u00e9di\u00e9 demain<\/span><\/p>\n<p>&nbsp;<\/p>\n","protected":false},"featured_media":21036,"comment_status":"open","ping_status":"closed","template":"","meta":{"_acf_changed":false},"product_brand":[],"product_cat":[354],"product_tag":[],"class_list":{"0":"post-11115","1":"product","2":"type-product","3":"status-publish","4":"has-post-thumbnail","6":"product_cat-kirby-accessoires","7":"product_shipping_class-klein-de-fr","9":"first","10":"instock","11":"sale","12":"taxable","13":"shipping-taxable","14":"purchasable","15":"product-type-simple"},"acf":[],"yoast_head":"<!-- This site is optimized with the Yoast SEO Premium plugin v27.1 (Yoast SEO v27.4) - https:\/\/yoast.com\/product\/yoast-seo-premium-wordpress\/ -->\n<title>Brosse De D\u00e9poussi\u00e9rage Kirby | Accessoire universel<\/title>\n<meta name=\"description\" content=\"Brosse De D\u00e9poussi\u00e9rage Kirby en poils de cheval, compatible avec tous les mod\u00e8les. D\u00e9poussi\u00e9rage rapide, doux et efficace via l\u2019aspirateur.\" \/>\n<meta name=\"robots\" content=\"index, follow, max-snippet:-1, max-image-preview:large, max-video-preview:-1\" \/>\n<link rel=\"canonical\" href=\"https:\/\/www.veltec.eu\/fr\/product\/brosse-de-depoussierage-kirby-nl3021\/\" \/>\n<meta property=\"og:locale\" content=\"fr_FR\" \/>\n<meta property=\"og:type\" content=\"article\" \/>\n<meta property=\"og:title\" content=\"Brosse De D\u00e9poussi\u00e9rage Kirby\" \/>\n<meta property=\"og:description\" content=\"La brosse \u00e0 d\u00e9poussi\u00e9rer Kirby \u00e9limine la poussi\u00e8re en douceur gr\u00e2ce \u00e0 ses poils de cheval de haute qualit\u00e9. Elle se fixe facilement sur votre aspirateur et convient \u00e0 tous les mod\u00e8les Kirby.    En stock   Command\u00e9 23:59, exp\u00e9di\u00e9 demain  &nbsp;\" \/>\n<meta property=\"og:url\" content=\"https:\/\/www.veltec.eu\/fr\/product\/brosse-de-depoussierage-kirby-nl3021\/\" \/>\n<meta property=\"og:site_name\" content=\"Veltec Kirby specialist\" \/>\n<meta property=\"article:publisher\" content=\"https:\/\/www.facebook.com\/Veltec-Kirby-Specialist-236746293374877\/\" \/>\n<meta property=\"article:modified_time\" content=\"2026-01-26T09:55:06+00:00\" \/>\n<meta property=\"og:image\" content=\"https:\/\/www.veltec.eu\/wp-content\/uploads\/2018\/10\/9200000113169269-1.jpg\" \/>\n\t<meta property=\"og:image:width\" content=\"531\" \/>\n\t<meta property=\"og:image:height\" content=\"531\" \/>\n\t<meta property=\"og:image:type\" content=\"image\/jpeg\" \/>\n<meta name=\"twitter:card\" content=\"summary_large_image\" \/>\n<meta name=\"twitter:label1\" content=\"Dur\u00e9e de lecture estim\u00e9e\" \/>\n\t<meta name=\"twitter:data1\" content=\"3 minutes\" \/>\n<script type=\"application\/ld+json\" class=\"yoast-schema-graph\">{\"@context\":\"https:\\\/\\\/schema.org\",\"@graph\":[{\"@type\":\"WebPage\",\"@id\":\"https:\\\/\\\/www.veltec.eu\\\/fr\\\/product\\\/brosse-de-depoussierage-kirby-nl3021\\\/\",\"url\":\"https:\\\/\\\/www.veltec.eu\\\/fr\\\/product\\\/brosse-de-depoussierage-kirby-nl3021\\\/\",\"name\":\"Brosse De D\u00e9poussi\u00e9rage Kirby | Accessoire universel\",\"isPartOf\":{\"@id\":\"https:\\\/\\\/www.veltec.eu\\\/en\\\/#website\"},\"primaryImageOfPage\":{\"@id\":\"https:\\\/\\\/www.veltec.eu\\\/fr\\\/product\\\/brosse-de-depoussierage-kirby-nl3021\\\/#primaryimage\"},\"image\":{\"@id\":\"https:\\\/\\\/www.veltec.eu\\\/fr\\\/product\\\/brosse-de-depoussierage-kirby-nl3021\\\/#primaryimage\"},\"thumbnailUrl\":\"https:\\\/\\\/www.veltec.eu\\\/wp-content\\\/uploads\\\/2018\\\/10\\\/9200000113169269-1.jpg\",\"datePublished\":\"2018-10-19T08:51:11+00:00\",\"dateModified\":\"2026-01-26T09:55:06+00:00\",\"description\":\"Brosse De D\u00e9poussi\u00e9rage Kirby en poils de cheval, compatible avec tous les mod\u00e8les. D\u00e9poussi\u00e9rage rapide, doux et efficace via l\u2019aspirateur.\",\"breadcrumb\":{\"@id\":\"https:\\\/\\\/www.veltec.eu\\\/fr\\\/product\\\/brosse-de-depoussierage-kirby-nl3021\\\/#breadcrumb\"},\"inLanguage\":\"fr-FR\",\"potentialAction\":[{\"@type\":\"ReadAction\",\"target\":[\"https:\\\/\\\/www.veltec.eu\\\/fr\\\/product\\\/brosse-de-depoussierage-kirby-nl3021\\\/\"]}]},{\"@type\":\"ImageObject\",\"inLanguage\":\"fr-FR\",\"@id\":\"https:\\\/\\\/www.veltec.eu\\\/fr\\\/product\\\/brosse-de-depoussierage-kirby-nl3021\\\/#primaryimage\",\"url\":\"https:\\\/\\\/www.veltec.eu\\\/wp-content\\\/uploads\\\/2018\\\/10\\\/9200000113169269-1.jpg\",\"contentUrl\":\"https:\\\/\\\/www.veltec.eu\\\/wp-content\\\/uploads\\\/2018\\\/10\\\/9200000113169269-1.jpg\",\"width\":531,\"height\":531},{\"@type\":\"BreadcrumbList\",\"@id\":\"https:\\\/\\\/www.veltec.eu\\\/fr\\\/product\\\/brosse-de-depoussierage-kirby-nl3021\\\/#breadcrumb\",\"itemListElement\":[{\"@type\":\"ListItem\",\"position\":1,\"name\":\"Home\",\"item\":\"https:\\\/\\\/www.veltec.eu\\\/fr\\\/\"},{\"@type\":\"ListItem\",\"position\":2,\"name\":\"Boutique Kirby\",\"item\":\"https:\\\/\\\/www.veltec.eu\\\/fr\\\/boutique-kirby\\\/\"},{\"@type\":\"ListItem\",\"position\":3,\"name\":\"Brosse De D\u00e9poussi\u00e9rage Kirby\"}]},{\"@type\":\"WebSite\",\"@id\":\"https:\\\/\\\/www.veltec.eu\\\/en\\\/#website\",\"url\":\"https:\\\/\\\/www.veltec.eu\\\/en\\\/\",\"name\":\"Veltec Kirby specialist\",\"description\":\"Kirby stofzuiger producten\",\"publisher\":{\"@id\":\"https:\\\/\\\/www.veltec.eu\\\/en\\\/#organization\"},\"potentialAction\":[{\"@type\":\"SearchAction\",\"target\":{\"@type\":\"EntryPoint\",\"urlTemplate\":\"https:\\\/\\\/www.veltec.eu\\\/en\\\/?s={search_term_string}\"},\"query-input\":{\"@type\":\"PropertyValueSpecification\",\"valueRequired\":true,\"valueName\":\"search_term_string\"}}],\"inLanguage\":\"fr-FR\"},{\"@type\":\"Organization\",\"@id\":\"https:\\\/\\\/www.veltec.eu\\\/en\\\/#organization\",\"name\":\"Veltec Kirby Specialist\",\"url\":\"https:\\\/\\\/www.veltec.eu\\\/en\\\/\",\"logo\":{\"@type\":\"ImageObject\",\"inLanguage\":\"fr-FR\",\"@id\":\"https:\\\/\\\/www.veltec.eu\\\/en\\\/#\\\/schema\\\/logo\\\/image\\\/\",\"url\":\"https:\\\/\\\/www.veltec.eu\\\/wp-content\\\/uploads\\\/2021\\\/12\\\/Veltec-log-groot-e1537260889125.png\",\"contentUrl\":\"https:\\\/\\\/www.veltec.eu\\\/wp-content\\\/uploads\\\/2021\\\/12\\\/Veltec-log-groot-e1537260889125.png\",\"width\":200,\"height\":60,\"caption\":\"Veltec Kirby Specialist\"},\"image\":{\"@id\":\"https:\\\/\\\/www.veltec.eu\\\/en\\\/#\\\/schema\\\/logo\\\/image\\\/\"},\"sameAs\":[\"https:\\\/\\\/www.facebook.com\\\/Veltec-Kirby-Specialist-236746293374877\\\/\",\"https:\\\/\\\/www.youtube.com\\\/user\\\/VeltecService\"]}]}<\/script>\n<!-- \/ Yoast SEO Premium plugin. -->","yoast_head_json":{"title":"Brosse De D\u00e9poussi\u00e9rage Kirby | Accessoire universel","description":"Brosse De D\u00e9poussi\u00e9rage Kirby en poils de cheval, compatible avec tous les mod\u00e8les. D\u00e9poussi\u00e9rage rapide, doux et efficace via l\u2019aspirateur.","robots":{"index":"index","follow":"follow","max-snippet":"max-snippet:-1","max-image-preview":"max-image-preview:large","max-video-preview":"max-video-preview:-1"},"canonical":"https:\/\/www.veltec.eu\/fr\/product\/brosse-de-depoussierage-kirby-nl3021\/","og_locale":"fr_FR","og_type":"article","og_title":"Brosse De D\u00e9poussi\u00e9rage Kirby","og_description":"La brosse \u00e0 d\u00e9poussi\u00e9rer Kirby \u00e9limine la poussi\u00e8re en douceur gr\u00e2ce \u00e0 ses poils de cheval de haute qualit\u00e9. Elle se fixe facilement sur votre aspirateur et convient \u00e0 tous les mod\u00e8les Kirby.    En stock   Command\u00e9 23:59, exp\u00e9di\u00e9 demain  &nbsp;","og_url":"https:\/\/www.veltec.eu\/fr\/product\/brosse-de-depoussierage-kirby-nl3021\/","og_site_name":"Veltec Kirby specialist","article_publisher":"https:\/\/www.facebook.com\/Veltec-Kirby-Specialist-236746293374877\/","article_modified_time":"2026-01-26T09:55:06+00:00","og_image":[{"width":531,"height":531,"url":"https:\/\/www.veltec.eu\/wp-content\/uploads\/2018\/10\/9200000113169269-1.jpg","type":"image\/jpeg"}],"twitter_card":"summary_large_image","twitter_misc":{"Dur\u00e9e de lecture estim\u00e9e":"3 minutes"},"schema":{"@context":"https:\/\/schema.org","@graph":[{"@type":"WebPage","@id":"https:\/\/www.veltec.eu\/fr\/product\/brosse-de-depoussierage-kirby-nl3021\/","url":"https:\/\/www.veltec.eu\/fr\/product\/brosse-de-depoussierage-kirby-nl3021\/","name":"Brosse De D\u00e9poussi\u00e9rage Kirby | Accessoire universel","isPartOf":{"@id":"https:\/\/www.veltec.eu\/en\/#website"},"primaryImageOfPage":{"@id":"https:\/\/www.veltec.eu\/fr\/product\/brosse-de-depoussierage-kirby-nl3021\/#primaryimage"},"image":{"@id":"https:\/\/www.veltec.eu\/fr\/product\/brosse-de-depoussierage-kirby-nl3021\/#primaryimage"},"thumbnailUrl":"https:\/\/www.veltec.eu\/wp-content\/uploads\/2018\/10\/9200000113169269-1.jpg","datePublished":"2018-10-19T08:51:11+00:00","dateModified":"2026-01-26T09:55:06+00:00","description":"Brosse De D\u00e9poussi\u00e9rage Kirby en poils de cheval, compatible avec tous les mod\u00e8les. D\u00e9poussi\u00e9rage rapide, doux et efficace via l\u2019aspirateur.","breadcrumb":{"@id":"https:\/\/www.veltec.eu\/fr\/product\/brosse-de-depoussierage-kirby-nl3021\/#breadcrumb"},"inLanguage":"fr-FR","potentialAction":[{"@type":"ReadAction","target":["https:\/\/www.veltec.eu\/fr\/product\/brosse-de-depoussierage-kirby-nl3021\/"]}]},{"@type":"ImageObject","inLanguage":"fr-FR","@id":"https:\/\/www.veltec.eu\/fr\/product\/brosse-de-depoussierage-kirby-nl3021\/#primaryimage","url":"https:\/\/www.veltec.eu\/wp-content\/uploads\/2018\/10\/9200000113169269-1.jpg","contentUrl":"https:\/\/www.veltec.eu\/wp-content\/uploads\/2018\/10\/9200000113169269-1.jpg","width":531,"height":531},{"@type":"BreadcrumbList","@id":"https:\/\/www.veltec.eu\/fr\/product\/brosse-de-depoussierage-kirby-nl3021\/#breadcrumb","itemListElement":[{"@type":"ListItem","position":1,"name":"Home","item":"https:\/\/www.veltec.eu\/fr\/"},{"@type":"ListItem","position":2,"name":"Boutique Kirby","item":"https:\/\/www.veltec.eu\/fr\/boutique-kirby\/"},{"@type":"ListItem","position":3,"name":"Brosse De D\u00e9poussi\u00e9rage Kirby"}]},{"@type":"WebSite","@id":"https:\/\/www.veltec.eu\/en\/#website","url":"https:\/\/www.veltec.eu\/en\/","name":"Veltec Kirby specialist","description":"Kirby stofzuiger producten","publisher":{"@id":"https:\/\/www.veltec.eu\/en\/#organization"},"potentialAction":[{"@type":"SearchAction","target":{"@type":"EntryPoint","urlTemplate":"https:\/\/www.veltec.eu\/en\/?s={search_term_string}"},"query-input":{"@type":"PropertyValueSpecification","valueRequired":true,"valueName":"search_term_string"}}],"inLanguage":"fr-FR"},{"@type":"Organization","@id":"https:\/\/www.veltec.eu\/en\/#organization","name":"Veltec Kirby Specialist","url":"https:\/\/www.veltec.eu\/en\/","logo":{"@type":"ImageObject","inLanguage":"fr-FR","@id":"https:\/\/www.veltec.eu\/en\/#\/schema\/logo\/image\/","url":"https:\/\/www.veltec.eu\/wp-content\/uploads\/2021\/12\/Veltec-log-groot-e1537260889125.png","contentUrl":"https:\/\/www.veltec.eu\/wp-content\/uploads\/2021\/12\/Veltec-log-groot-e1537260889125.png","width":200,"height":60,"caption":"Veltec Kirby Specialist"},"image":{"@id":"https:\/\/www.veltec.eu\/en\/#\/schema\/logo\/image\/"},"sameAs":["https:\/\/www.facebook.com\/Veltec-Kirby-Specialist-236746293374877\/","https:\/\/www.youtube.com\/user\/VeltecService"]}]}},"_links":{"self":[{"href":"https:\/\/www.veltec.eu\/fr\/wp-json\/wp\/v2\/product\/11115","targetHints":{"allow":["GET"]}}],"collection":[{"href":"https:\/\/www.veltec.eu\/fr\/wp-json\/wp\/v2\/product"}],"about":[{"href":"https:\/\/www.veltec.eu\/fr\/wp-json\/wp\/v2\/types\/product"}],"replies":[{"embeddable":true,"href":"https:\/\/www.veltec.eu\/fr\/wp-json\/wp\/v2\/comments?post=11115"}],"wp:featuredmedia":[{"embeddable":true,"href":"https:\/\/www.veltec.eu\/fr\/wp-json\/wp\/v2\/media\/21036"}],"wp:attachment":[{"href":"https:\/\/www.veltec.eu\/fr\/wp-json\/wp\/v2\/media?parent=11115"}],"wp:term":[{"taxonomy":"product_brand","embeddable":true,"href":"https:\/\/www.veltec.eu\/fr\/wp-json\/wp\/v2\/product_brand?post=11115"},{"taxonomy":"product_cat","embeddable":true,"href":"https:\/\/www.veltec.eu\/fr\/wp-json\/wp\/v2\/product_cat?post=11115"},{"taxonomy":"product_tag","embeddable":true,"href":"https:\/\/www.veltec.eu\/fr\/wp-json\/wp\/v2\/product_tag?post=11115"}],"curies":[{"name":"wp","href":"https:\/\/api.w.org\/{rel}","templated":true}]}}