{"id":11110,"date":"2018-10-19T10:56:44","date_gmt":"2018-10-19T08:56:44","guid":{"rendered":"https:\/\/www.veltec.eu\/kirby-webshop\/capot-dechappement-nl3025\/"},"modified":"2026-02-19T13:11:01","modified_gmt":"2026-02-19T11:11:01","slug":"capot-dechappement-kirby-nl3025","status":"publish","type":"product","link":"https:\/\/www.veltec.eu\/fr\/product\/capot-dechappement-kirby-nl3025\/","title":{"rendered":"Capot d&#8217;\u00e9chappement Kirby"},"content":{"rendered":"<div class=\"flex max-w-full flex-col grow\">\n<div class=\"min-h-8 text-message relative flex w-full flex-col items-end gap-2 text-start break-words whitespace-normal [.text-message+&amp;]:mt-1\" dir=\"auto\" data-message-author-role=\"assistant\" data-message-id=\"afd338ef-548b-47eb-b010-b5456100f584\" data-message-model-slug=\"gpt-5-2\">\n<div class=\"flex w-full flex-col gap-1 empty:hidden first:pt-[1px]\">\n<div class=\"markdown prose dark:prose-invert w-full wrap-break-word light markdown-new-styling\">\n<h1 data-start=\"0\" data-end=\"450\">Capot d&#8217;\u00e9chappement Kirby \u2013 S\u00e9curit\u00e9 et fonctionnalit\u00e9 en un seul accessoire<\/h1>\n<p data-start=\"0\" data-end=\"450\">Le Capot d&#8217;\u00e9chappement Kirby est un accessoire essentiel pour tous ceux qui souhaitent exploiter pleinement leur aspirateur Kirby. Gr\u00e2ce \u00e0 ce produit, vous pouvez transformer votre Kirby en souffleur ou compresseur en toute s\u00e9curit\u00e9, sans risque de blessure. D\u00e9couvrez ci-dessous pourquoi ce capot de protection est indispensable et comment l\u2019utiliser facilement.<\/p>\n<h2 data-start=\"452\" data-end=\"502\">Pourquoi choisir le Capot d&#8217;\u00e9chappement Kirby<\/h2>\n<p data-start=\"503\" data-end=\"932\">Lorsque vous utilisez votre Kirby en mode souffleur, les pi\u00e8ces rotatives du moteur peuvent repr\u00e9senter un risque potentiel pour la s\u00e9curit\u00e9. Le capot d&#8217;\u00e9chappement Kirby recouvre l\u2019avant de l\u2019aspirateur, l\u00e0 o\u00f9 se fixe normalement l\u2019embout d\u2019aspiration. Ainsi, vos doigts restent prot\u00e9g\u00e9s et vous pouvez souffler en toute tranquillit\u00e9, par exemple pour gonfler un matelas pneumatique ou nettoyer des zones difficiles d\u2019acc\u00e8s.<\/p>\n<p data-start=\"934\" data-end=\"1021\">Ce capot de protection est universel et compatible avec tous les mod\u00e8les, notamment :<\/p>\n<ul data-start=\"1022\" data-end=\"1219\">\n<li data-start=\"1022\" data-end=\"1063\">Avalir Platinum, Avalir 2 et Avalir 1<\/li>\n<li data-start=\"1064\" data-end=\"1103\">Sentria 2 (G10D) et Sentria 1 (G10)<\/li>\n<li data-start=\"1104\" data-end=\"1171\">Ultimate G Diamond Edition (G7D ou DE) et Ultimate G (G7 ou UG)<\/li>\n<li data-start=\"1172\" data-end=\"1219\">Generation 6 (G6), 5 (G5), 4 (G4) et 3 (G3)<\/li>\n<\/ul>\n<p data-start=\"1221\" data-end=\"1325\">Consultez tous les <a href=\"https:\/\/www.veltec.eu\/fr\/?page_id=59277\" target=\"_blank\" rel=\"noopener\">accessoires Kirby<\/a> pour v\u00e9rifier la compatibilit\u00e9 et d\u00e9couvrir des compl\u00e9ments utiles.<\/p>\n<h2 data-start=\"1327\" data-end=\"1363\">Protection contre les accidents<\/h2>\n<p data-start=\"1364\" data-end=\"1732\">Lors de la conversion de votre Kirby en fonction soufflage, les composants du moteur restent actifs. Sans capot de protection, vos doigts pourraient entrer en contact avec les pi\u00e8ces rotatives, ce qui peut \u00eatre dangereux. Gr\u00e2ce au capot d&#8217;\u00e9chappement Kirby, ce risque est \u00e9limin\u00e9. Vous pouvez donc travailler en toute s\u00e9curit\u00e9, m\u00eame en cas d\u2019utilisation intensive.<\/p>\n<p data-start=\"1734\" data-end=\"1835\">Pour en savoir plus sur l\u2019entretien s\u00e9curis\u00e9, consultez le blog externe <a href=\"https:\/\/www.service-aspirateur-kirby.fr\/le-blog\/\" target=\"_blank\" rel=\"noopener\">\u00ab Service aspirateur Kirby \u00bb.<\/a><\/p>\n<h2 data-start=\"1837\" data-end=\"1894\">Installation simple et grande facilit\u00e9 d\u2019utilisation<\/h2>\n<p data-start=\"1895\" data-end=\"2226\">L\u2019installation du capot d&#8217;\u00e9chappement Kirby est tr\u00e8s simple. Il suffit de placer le capot \u00e0 l\u2019avant de votre Kirby avant d\u2019activer la fonction souffleur. Ainsi, le produit est non seulement s\u00fbr, mais aussi particuli\u00e8rement convivial. M\u00eame sans exp\u00e9rience technique, vous pouvez utiliser votre Kirby imm\u00e9diatement avec ce capot.<\/p>\n<h2 data-start=\"2228\" data-end=\"2269\">Durabilit\u00e9 et performances optimales<\/h2>\n<p data-start=\"2270\" data-end=\"2585\">Fabriqu\u00e9 \u00e0 partir de mat\u00e9riaux robustes et de haute qualit\u00e9, le capot de protection r\u00e9siste \u00e0 une utilisation quotidienne intensive. De plus, sa conception n\u2019affecte pas les performances de votre Kirby. Vous conservez donc une puissance et une efficacit\u00e9 maximales, tout en gardant vos mains parfaitement prot\u00e9g\u00e9es.<\/p>\n<h2 data-start=\"2587\" data-end=\"2655\">Capot d&#8217;\u00e9chappement Kirby : adapt\u00e9 \u00e0 de nombreuses applications<\/h2>\n<p data-start=\"2656\" data-end=\"2933\">Gr\u00e2ce \u00e0 la polyvalence de votre aspirateur Kirby, ce capot vous permet de passer facilement du nettoyage \u00e0 la fonction souffleur ou compresseur. Il est id\u00e9al pour gonfler des matelas pneumatiques, d\u00e9poussi\u00e9rer des zones difficiles d\u2019acc\u00e8s et r\u00e9aliser diverses t\u00e2ches m\u00e9nag\u00e8res.<\/p>\n<p data-start=\"2935\" data-end=\"3273\" data-is-last-node=\"\" data-is-only-node=\"\">Le capot d&#8217;\u00e9chappement Kirby associe s\u00e9curit\u00e9, durabilit\u00e9 et facilit\u00e9 d\u2019utilisation. Cet accessoire indispensable prot\u00e8ge vos doigts, s\u2019installe facilement et convient \u00e0 presque tous les mod\u00e8les Kirby. Investissez dans ce capot de protection et profitez pleinement de la polyvalence de votre aspirateur Kirby, sans risque de blessure.<\/p>\n<\/div>\n<\/div>\n<\/div>\n<\/div>\n<div class=\"mt-3 w-full empty:hidden\">\n<div class=\"text-center\">\n<div>\n<div class=\"inline-flex border border-gray-100 dark:border-gray-700 rounded-xl\">\n<div class=\"text-token-text-secondary flex items-center justify-center gap-4 px-4 py-2.5 text-sm whitespace-nowrap\"><\/div>\n<\/div>\n<\/div>\n<\/div>\n<\/div>\n","protected":false},"excerpt":{"rendered":"<div class=\"text-base my-auto mx-auto [--thread-content-margin:--spacing(4)] @w-sm\/main:[--thread-content-margin:--spacing(6)] @w-lg\/main:[--thread-content-margin:--spacing(16)] px-(--thread-content-margin)\">\n<div class=\"[--thread-content-max-width:40rem] @w-lg\/main:[--thread-content-max-width:48rem] mx-auto max-w-(--thread-content-max-width) flex-1 group\/turn-messages focus-visible:outline-hidden relative flex w-full min-w-0 flex-col agent-turn\" tabindex=\"-1\">\n<div class=\"flex max-w-full flex-col grow\">\n<div class=\"min-h-8 text-message relative flex w-full flex-col items-end gap-2 text-start break-words whitespace-normal [.text-message+&amp;]:mt-1\" dir=\"auto\" data-message-author-role=\"assistant\" data-message-id=\"8ffbf75b-4a1f-4179-abf7-358ae827d65d\" data-message-model-slug=\"gpt-5-2\">\n<div class=\"flex w-full flex-col gap-1 empty:hidden first:pt-[1px]\">\n<div class=\"markdown prose dark:prose-invert w-full wrap-break-word light markdown-new-styling\">\n<p data-start=\"254\" data-end=\"472\" data-is-last-node=\"\" data-is-only-node=\"\">Le capot d&#8217;\u00e9chappement Kirby prot\u00e8ge vos doigts lors de l\u2019utilisation de la fonction souffleur. Installation facile et compatibilit\u00e9 universelle avec les aspirateurs Kirby.<\/p>\n<\/div>\n<\/div>\n<\/div>\n<\/div>\n<\/div>\n<\/div>\n[trustindex data-widget-id=e3bb80b24fa128098b960fc2439]\n<h3><span style=\"color: #008000;\"><br \/>\nEn stock<\/span><\/h3>\n[av_font_icon icon='ue812' font='entypo-fontello' style='' caption='' size='25px' position='left' color='#43ad66' link='' linktarget='' title_attr='' sonar_effect_effect='' sonar_effect_color='' sonar_effect_duration='1' sonar_effect_scale='' sonar_effect_opac='0.5' animation='' id='' custom_class='' template_class='' av_uid='' sc_version='1.0' admin_preview_bg=''][\/av_font_icon]\n<p><span style=\"color: #008000;\">Command\u00e9 23:59, exp\u00e9di\u00e9 demain<\/span><\/p>\n<p>&nbsp;<\/p>\n","protected":false},"featured_media":6883,"comment_status":"open","ping_status":"closed","template":"","meta":{"_acf_changed":false},"product_brand":[],"product_cat":[354],"product_tag":[],"class_list":{"0":"post-11110","1":"product","2":"type-product","3":"status-publish","4":"has-post-thumbnail","6":"product_cat-kirby-accessoires","8":"first","9":"instock","10":"taxable","11":"shipping-taxable","12":"purchasable","13":"product-type-simple"},"acf":[],"yoast_head":"<!-- This site is optimized with the Yoast SEO Premium plugin v27.1 (Yoast SEO v27.4) - https:\/\/yoast.com\/product\/yoast-seo-premium-wordpress\/ -->\n<title>Capot d&#039;\u00e9chappement Kirby \u2013 Protection universelle<\/title>\n<meta name=\"description\" content=\"Prot\u00e9gez vos doigts avec le Capot d&#039;\u00e9chappement Kirby. Accessoire universel, s\u00fbr et durable pour tous les aspirateurs Kirby.\" \/>\n<meta name=\"robots\" content=\"index, follow, max-snippet:-1, max-image-preview:large, max-video-preview:-1\" \/>\n<link rel=\"canonical\" href=\"https:\/\/www.veltec.eu\/fr\/product\/capot-dechappement-kirby-nl3025\/\" \/>\n<meta property=\"og:locale\" content=\"fr_FR\" \/>\n<meta property=\"og:type\" content=\"article\" \/>\n<meta property=\"og:title\" content=\"Capot d&#039;\u00e9chappement Kirby\" \/>\n<meta property=\"og:description\" content=\"Le capot d&#039;\u00e9chappement Kirby prot\u00e8ge vos doigts lors de l\u2019utilisation de la fonction souffleur. Installation facile et compatibilit\u00e9 universelle avec les aspirateurs Kirby.          En stock   Command\u00e9 23:59, exp\u00e9di\u00e9 demain  &nbsp;\" \/>\n<meta property=\"og:url\" content=\"https:\/\/www.veltec.eu\/fr\/product\/capot-dechappement-kirby-nl3025\/\" \/>\n<meta property=\"og:site_name\" content=\"Veltec Kirby specialist\" \/>\n<meta property=\"article:publisher\" content=\"https:\/\/www.facebook.com\/Veltec-Kirby-Specialist-236746293374877\/\" \/>\n<meta property=\"article:modified_time\" content=\"2026-02-19T11:11:01+00:00\" \/>\n<meta property=\"og:image\" content=\"https:\/\/www.veltec.eu\/wp-content\/uploads\/2018\/10\/kirby-sentria-intake-guard-k224206.jpg\" \/>\n\t<meta property=\"og:image:width\" content=\"300\" \/>\n\t<meta property=\"og:image:height\" content=\"300\" \/>\n\t<meta property=\"og:image:type\" content=\"image\/jpeg\" \/>\n<meta name=\"twitter:card\" content=\"summary_large_image\" \/>\n<meta name=\"twitter:label1\" content=\"Dur\u00e9e de lecture estim\u00e9e\" \/>\n\t<meta name=\"twitter:data1\" content=\"3 minutes\" \/>\n<script type=\"application\/ld+json\" class=\"yoast-schema-graph\">{\"@context\":\"https:\\\/\\\/schema.org\",\"@graph\":[{\"@type\":\"WebPage\",\"@id\":\"https:\\\/\\\/www.veltec.eu\\\/fr\\\/product\\\/capot-dechappement-kirby-nl3025\\\/\",\"url\":\"https:\\\/\\\/www.veltec.eu\\\/fr\\\/product\\\/capot-dechappement-kirby-nl3025\\\/\",\"name\":\"Capot d'\u00e9chappement Kirby \u2013 Protection universelle\",\"isPartOf\":{\"@id\":\"https:\\\/\\\/www.veltec.eu\\\/en\\\/#website\"},\"primaryImageOfPage\":{\"@id\":\"https:\\\/\\\/www.veltec.eu\\\/fr\\\/product\\\/capot-dechappement-kirby-nl3025\\\/#primaryimage\"},\"image\":{\"@id\":\"https:\\\/\\\/www.veltec.eu\\\/fr\\\/product\\\/capot-dechappement-kirby-nl3025\\\/#primaryimage\"},\"thumbnailUrl\":\"https:\\\/\\\/www.veltec.eu\\\/wp-content\\\/uploads\\\/2018\\\/10\\\/kirby-sentria-intake-guard-k224206.jpg\",\"datePublished\":\"2018-10-19T08:56:44+00:00\",\"dateModified\":\"2026-02-19T11:11:01+00:00\",\"description\":\"Prot\u00e9gez vos doigts avec le Capot d'\u00e9chappement Kirby. Accessoire universel, s\u00fbr et durable pour tous les aspirateurs Kirby.\",\"breadcrumb\":{\"@id\":\"https:\\\/\\\/www.veltec.eu\\\/fr\\\/product\\\/capot-dechappement-kirby-nl3025\\\/#breadcrumb\"},\"inLanguage\":\"fr-FR\",\"potentialAction\":[{\"@type\":\"ReadAction\",\"target\":[\"https:\\\/\\\/www.veltec.eu\\\/fr\\\/product\\\/capot-dechappement-kirby-nl3025\\\/\"]}]},{\"@type\":\"ImageObject\",\"inLanguage\":\"fr-FR\",\"@id\":\"https:\\\/\\\/www.veltec.eu\\\/fr\\\/product\\\/capot-dechappement-kirby-nl3025\\\/#primaryimage\",\"url\":\"https:\\\/\\\/www.veltec.eu\\\/wp-content\\\/uploads\\\/2018\\\/10\\\/kirby-sentria-intake-guard-k224206.jpg\",\"contentUrl\":\"https:\\\/\\\/www.veltec.eu\\\/wp-content\\\/uploads\\\/2018\\\/10\\\/kirby-sentria-intake-guard-k224206.jpg\",\"width\":300,\"height\":300,\"caption\":\"Capot d'\u00e9chappement Kirby\"},{\"@type\":\"BreadcrumbList\",\"@id\":\"https:\\\/\\\/www.veltec.eu\\\/fr\\\/product\\\/capot-dechappement-kirby-nl3025\\\/#breadcrumb\",\"itemListElement\":[{\"@type\":\"ListItem\",\"position\":1,\"name\":\"Home\",\"item\":\"https:\\\/\\\/www.veltec.eu\\\/fr\\\/accueil\\\/\"},{\"@type\":\"ListItem\",\"position\":2,\"name\":\"Boutique Kirby\",\"item\":\"https:\\\/\\\/www.veltec.eu\\\/fr\\\/boutique-kirby\\\/\"},{\"@type\":\"ListItem\",\"position\":3,\"name\":\"Capot d&#8217;\u00e9chappement Kirby\"}]},{\"@type\":\"WebSite\",\"@id\":\"https:\\\/\\\/www.veltec.eu\\\/en\\\/#website\",\"url\":\"https:\\\/\\\/www.veltec.eu\\\/en\\\/\",\"name\":\"Veltec Kirby specialist\",\"description\":\"Kirby stofzuiger producten\",\"publisher\":{\"@id\":\"https:\\\/\\\/www.veltec.eu\\\/en\\\/#organization\"},\"potentialAction\":[{\"@type\":\"SearchAction\",\"target\":{\"@type\":\"EntryPoint\",\"urlTemplate\":\"https:\\\/\\\/www.veltec.eu\\\/en\\\/?s={search_term_string}\"},\"query-input\":{\"@type\":\"PropertyValueSpecification\",\"valueRequired\":true,\"valueName\":\"search_term_string\"}}],\"inLanguage\":\"fr-FR\"},{\"@type\":\"Organization\",\"@id\":\"https:\\\/\\\/www.veltec.eu\\\/en\\\/#organization\",\"name\":\"Veltec Kirby Specialist\",\"url\":\"https:\\\/\\\/www.veltec.eu\\\/en\\\/\",\"logo\":{\"@type\":\"ImageObject\",\"inLanguage\":\"fr-FR\",\"@id\":\"https:\\\/\\\/www.veltec.eu\\\/en\\\/#\\\/schema\\\/logo\\\/image\\\/\",\"url\":\"https:\\\/\\\/www.veltec.eu\\\/wp-content\\\/uploads\\\/2021\\\/12\\\/Veltec-log-groot-e1537260889125.png\",\"contentUrl\":\"https:\\\/\\\/www.veltec.eu\\\/wp-content\\\/uploads\\\/2021\\\/12\\\/Veltec-log-groot-e1537260889125.png\",\"width\":200,\"height\":60,\"caption\":\"Veltec Kirby Specialist\"},\"image\":{\"@id\":\"https:\\\/\\\/www.veltec.eu\\\/en\\\/#\\\/schema\\\/logo\\\/image\\\/\"},\"sameAs\":[\"https:\\\/\\\/www.facebook.com\\\/Veltec-Kirby-Specialist-236746293374877\\\/\",\"https:\\\/\\\/www.youtube.com\\\/user\\\/VeltecService\"]}]}<\/script>\n<!-- \/ Yoast SEO Premium plugin. -->","yoast_head_json":{"title":"Capot d'\u00e9chappement Kirby \u2013 Protection universelle","description":"Prot\u00e9gez vos doigts avec le Capot d'\u00e9chappement Kirby. Accessoire universel, s\u00fbr et durable pour tous les aspirateurs Kirby.","robots":{"index":"index","follow":"follow","max-snippet":"max-snippet:-1","max-image-preview":"max-image-preview:large","max-video-preview":"max-video-preview:-1"},"canonical":"https:\/\/www.veltec.eu\/fr\/product\/capot-dechappement-kirby-nl3025\/","og_locale":"fr_FR","og_type":"article","og_title":"Capot d'\u00e9chappement Kirby","og_description":"Le capot d'\u00e9chappement Kirby prot\u00e8ge vos doigts lors de l\u2019utilisation de la fonction souffleur. Installation facile et compatibilit\u00e9 universelle avec les aspirateurs Kirby.          En stock   Command\u00e9 23:59, exp\u00e9di\u00e9 demain  &nbsp;","og_url":"https:\/\/www.veltec.eu\/fr\/product\/capot-dechappement-kirby-nl3025\/","og_site_name":"Veltec Kirby specialist","article_publisher":"https:\/\/www.facebook.com\/Veltec-Kirby-Specialist-236746293374877\/","article_modified_time":"2026-02-19T11:11:01+00:00","og_image":[{"width":300,"height":300,"url":"https:\/\/www.veltec.eu\/wp-content\/uploads\/2018\/10\/kirby-sentria-intake-guard-k224206.jpg","type":"image\/jpeg"}],"twitter_card":"summary_large_image","twitter_misc":{"Dur\u00e9e de lecture estim\u00e9e":"3 minutes"},"schema":{"@context":"https:\/\/schema.org","@graph":[{"@type":"WebPage","@id":"https:\/\/www.veltec.eu\/fr\/product\/capot-dechappement-kirby-nl3025\/","url":"https:\/\/www.veltec.eu\/fr\/product\/capot-dechappement-kirby-nl3025\/","name":"Capot d'\u00e9chappement Kirby \u2013 Protection universelle","isPartOf":{"@id":"https:\/\/www.veltec.eu\/en\/#website"},"primaryImageOfPage":{"@id":"https:\/\/www.veltec.eu\/fr\/product\/capot-dechappement-kirby-nl3025\/#primaryimage"},"image":{"@id":"https:\/\/www.veltec.eu\/fr\/product\/capot-dechappement-kirby-nl3025\/#primaryimage"},"thumbnailUrl":"https:\/\/www.veltec.eu\/wp-content\/uploads\/2018\/10\/kirby-sentria-intake-guard-k224206.jpg","datePublished":"2018-10-19T08:56:44+00:00","dateModified":"2026-02-19T11:11:01+00:00","description":"Prot\u00e9gez vos doigts avec le Capot d'\u00e9chappement Kirby. Accessoire universel, s\u00fbr et durable pour tous les aspirateurs Kirby.","breadcrumb":{"@id":"https:\/\/www.veltec.eu\/fr\/product\/capot-dechappement-kirby-nl3025\/#breadcrumb"},"inLanguage":"fr-FR","potentialAction":[{"@type":"ReadAction","target":["https:\/\/www.veltec.eu\/fr\/product\/capot-dechappement-kirby-nl3025\/"]}]},{"@type":"ImageObject","inLanguage":"fr-FR","@id":"https:\/\/www.veltec.eu\/fr\/product\/capot-dechappement-kirby-nl3025\/#primaryimage","url":"https:\/\/www.veltec.eu\/wp-content\/uploads\/2018\/10\/kirby-sentria-intake-guard-k224206.jpg","contentUrl":"https:\/\/www.veltec.eu\/wp-content\/uploads\/2018\/10\/kirby-sentria-intake-guard-k224206.jpg","width":300,"height":300,"caption":"Capot d'\u00e9chappement Kirby"},{"@type":"BreadcrumbList","@id":"https:\/\/www.veltec.eu\/fr\/product\/capot-dechappement-kirby-nl3025\/#breadcrumb","itemListElement":[{"@type":"ListItem","position":1,"name":"Home","item":"https:\/\/www.veltec.eu\/fr\/accueil\/"},{"@type":"ListItem","position":2,"name":"Boutique Kirby","item":"https:\/\/www.veltec.eu\/fr\/boutique-kirby\/"},{"@type":"ListItem","position":3,"name":"Capot d&#8217;\u00e9chappement Kirby"}]},{"@type":"WebSite","@id":"https:\/\/www.veltec.eu\/en\/#website","url":"https:\/\/www.veltec.eu\/en\/","name":"Veltec Kirby specialist","description":"Kirby stofzuiger producten","publisher":{"@id":"https:\/\/www.veltec.eu\/en\/#organization"},"potentialAction":[{"@type":"SearchAction","target":{"@type":"EntryPoint","urlTemplate":"https:\/\/www.veltec.eu\/en\/?s={search_term_string}"},"query-input":{"@type":"PropertyValueSpecification","valueRequired":true,"valueName":"search_term_string"}}],"inLanguage":"fr-FR"},{"@type":"Organization","@id":"https:\/\/www.veltec.eu\/en\/#organization","name":"Veltec Kirby Specialist","url":"https:\/\/www.veltec.eu\/en\/","logo":{"@type":"ImageObject","inLanguage":"fr-FR","@id":"https:\/\/www.veltec.eu\/en\/#\/schema\/logo\/image\/","url":"https:\/\/www.veltec.eu\/wp-content\/uploads\/2021\/12\/Veltec-log-groot-e1537260889125.png","contentUrl":"https:\/\/www.veltec.eu\/wp-content\/uploads\/2021\/12\/Veltec-log-groot-e1537260889125.png","width":200,"height":60,"caption":"Veltec Kirby Specialist"},"image":{"@id":"https:\/\/www.veltec.eu\/en\/#\/schema\/logo\/image\/"},"sameAs":["https:\/\/www.facebook.com\/Veltec-Kirby-Specialist-236746293374877\/","https:\/\/www.youtube.com\/user\/VeltecService"]}]}},"_links":{"self":[{"href":"https:\/\/www.veltec.eu\/fr\/wp-json\/wp\/v2\/product\/11110","targetHints":{"allow":["GET"]}}],"collection":[{"href":"https:\/\/www.veltec.eu\/fr\/wp-json\/wp\/v2\/product"}],"about":[{"href":"https:\/\/www.veltec.eu\/fr\/wp-json\/wp\/v2\/types\/product"}],"replies":[{"embeddable":true,"href":"https:\/\/www.veltec.eu\/fr\/wp-json\/wp\/v2\/comments?post=11110"}],"wp:featuredmedia":[{"embeddable":true,"href":"https:\/\/www.veltec.eu\/fr\/wp-json\/wp\/v2\/media\/6883"}],"wp:attachment":[{"href":"https:\/\/www.veltec.eu\/fr\/wp-json\/wp\/v2\/media?parent=11110"}],"wp:term":[{"taxonomy":"product_brand","embeddable":true,"href":"https:\/\/www.veltec.eu\/fr\/wp-json\/wp\/v2\/product_brand?post=11110"},{"taxonomy":"product_cat","embeddable":true,"href":"https:\/\/www.veltec.eu\/fr\/wp-json\/wp\/v2\/product_cat?post=11110"},{"taxonomy":"product_tag","embeddable":true,"href":"https:\/\/www.veltec.eu\/fr\/wp-json\/wp\/v2\/product_tag?post=11110"}],"curies":[{"name":"wp","href":"https:\/\/api.w.org\/{rel}","templated":true}]}}