{"id":11105,"date":"2018-10-19T11:03:15","date_gmt":"2018-10-19T09:03:15","guid":{"rendered":"https:\/\/www.veltec.eu\/kirby-webshop\/embout-de-gonflage-nl3026\/"},"modified":"2026-02-18T14:43:27","modified_gmt":"2026-02-18T12:43:27","slug":"embout-de-gonflage-kirby-nl3026","status":"publish","type":"product","link":"https:\/\/www.veltec.eu\/fr\/product\/embout-de-gonflage-kirby-nl3026\/","title":{"rendered":"Embout de gonflage Kirby"},"content":{"rendered":"<h1 data-start=\"159\" data-end=\"185\">Embout de gonflage Kirby<\/h1>\n<p data-start=\"187\" data-end=\"523\">L\u2019Embout de gonflage Kirby est un accessoire polyvalent qui transforme votre aspirateur Kirby en un outil puissant pour souffler et nettoyer. Il est id\u00e9al pour gonfler rapidement des matelas pneumatiques, des ballons et des jouets gonflables, tout en permettant de d\u00e9poussi\u00e9rer les petits objets difficiles d\u2019acc\u00e8s dans la maison.<\/p>\n<h2 data-start=\"530\" data-end=\"589\">Embout de gonflage Kirby : multifonctionnel et universel<\/h2>\n<p data-start=\"591\" data-end=\"700\">L\u2019embout de gonflage\u00a0est universel et compatible avec presque tous les mod\u00e8les Kirby, notamment :<\/p>\n<ul data-start=\"702\" data-end=\"920\">\n<li data-start=\"702\" data-end=\"741\">Avalir Platinum, Avalir 2, Avalir 1<\/li>\n<li data-start=\"742\" data-end=\"779\">Sentria 2 (G10D), Sentria 1 (G10)<\/li>\n<li data-start=\"780\" data-end=\"841\">Ultimate G Diamond Ed. (G7D ou DE), Ultimate G (G7 ou UG)<\/li>\n<li data-start=\"842\" data-end=\"920\">Generation 6 (G6), Generation 5 (G5), Generation 4 (G4), Generation 3 (G3)<\/li>\n<\/ul>\n<p data-start=\"922\" data-end=\"1165\">Cela fait de l\u2019embout de gonflage Kirby un accessoire indispensable pour tous les utilisateurs de Kirby. D\u00e9couvrez \u00e9galement les autres <a href=\"https:\/\/www.veltec.eu\/fr\/kirby-accessoires\/\" target=\"_blank\" rel=\"noopener\">accessoires Kirby<\/a> pour le tuyau d\u2019aspiration pour augmenter la fonctionnalit\u00e9 de votre appareil.<\/p>\n<h2 data-start=\"1172\" data-end=\"1209\">Polyvalent : gonflage et nettoyage<\/h2>\n<p data-start=\"1211\" data-end=\"1577\">Gr\u00e2ce \u00e0 l\u2019embout de gonflage Kirby, le gonflage devient un jeu d\u2019enfant. Les matelas pneumatiques, piscines gonflables ou ballons peuvent \u00eatre gonfl\u00e9s en quelques minutes, \u00e9conomisant ainsi du temps et de l\u2019\u00e9nergie. De plus, cet accessoire est parfait pour d\u00e9poussi\u00e9rer les petits objets, comme les claviers ou objets d\u00e9coratifs, sans risque de les endommager.<\/p>\n<h3 data-start=\"1579\" data-end=\"1626\">Puissance de soufflage pour plus de confort<\/h3>\n<p data-start=\"1628\" data-end=\"1978\">La forte puissance de soufflage de l\u2019aspirateur Kirby, combin\u00e9e \u00e0 cet accessoire, facilite le gonflage des objets volumineux de mani\u00e8re efficace. L\u2019embout de gonflage\u00a0est donc id\u00e9al pour les familles ou les f\u00eates. Vous pouvez \u00e9galement souffler les miettes et la poussi\u00e8re des endroits difficiles d\u2019acc\u00e8s gr\u00e2ce \u00e0 sa fonction de soufflage.<\/p>\n<h3 data-start=\"1980\" data-end=\"2017\">Nettoyage dans les petits recoins<\/h3>\n<p data-start=\"2019\" data-end=\"2310\">L\u2019embout de gonflage\u00a0est \u00e9galement tr\u00e8s utile pour le nettoyage. En mode aspiration, il retire la poussi\u00e8re, les miettes et salet\u00e9s des espaces les plus \u00e9troits de votre maison. Cela permet de gagner du temps tout en \u00e9vitant les frustrations li\u00e9es au nettoyage d\u2019objets fragiles.<\/p>\n<h2 data-start=\"2317\" data-end=\"2349\">Simple et efficace \u00e0 utiliser<\/h2>\n<p data-start=\"2351\" data-end=\"2695\">L\u2019accessoire est con\u00e7u pour \u00eatre utilis\u00e9 imm\u00e9diatement : il suffit de le clipser sur le tuyau de l\u2019aspirateur et vous \u00eates pr\u00eat \u00e0 souffler ou nettoyer. Le passage de la puissance de soufflage \u00e0 l\u2019aspiration s\u2019effectue facilement, vous permettant de nettoyer votre clavier ou d\u2019autres petits objets imm\u00e9diatement apr\u00e8s avoir gonfl\u00e9 un matelas.<\/p>\n<h2 data-start=\"2702\" data-end=\"2722\">Durable et fiable<\/h2>\n<p data-start=\"2724\" data-end=\"3002\">Comme tous les accessoires Kirby, l\u2019embout de gonflage Kirby est con\u00e7u pour durer. Fabriqu\u00e9 \u00e0 partir de mat\u00e9riaux de haute qualit\u00e9, il r\u00e9siste \u00e0 une utilisation intensive, garantissant une puissance de soufflage et une efficacit\u00e9 de nettoyage pendant de nombreuses ann\u00e9es.<\/p>\n<p data-start=\"3004\" data-end=\"3161\">Pour en savoir plus sur l\u2019entretien et obtenir des conseils, consultez le blog externe : <a href=\"https:\/\/www.service-aspirateur-kirby.fr\/le-blog\/\" target=\"_blank\" rel=\"noopener\">Service aspirateur Kirby.<\/a><\/p>\n<h2 data-start=\"3168\" data-end=\"3245\">Embout de gonflage Kirby \u2013 Un incontournable pour chaque utilisateur Kirby<\/h2>\n<p data-start=\"3247\" data-end=\"3570\">L\u2019embout de gonflage Kirby combine praticit\u00e9, polyvalence et durabilit\u00e9. Que ce soit pour gonfler des matelas, des ballons ou nettoyer des petits recoins, cet accessoire offre toujours la solution parfaite. Investissez d\u00e8s aujourd\u2019hui dans cet outil indispensable et simplifiez vos t\u00e2ches de gonflage et de nettoyage.<\/p>\n","protected":false},"excerpt":{"rendered":"<p>L\u2019embout de gonflage Kirby transforme votre aspirateur en outil puissant pour gonfler matelas, ballons et nettoyer les petits recoins. Polyvalent et facile \u00e0 utiliser.<\/p>\n[trustindex data-widget-id=e3bb80b24fa128098b960fc2439]\n<h3><span style=\"color: #008000;\"><br \/>\nEn stock<\/span><\/h3>\n[av_font_icon icon='ue812' font='entypo-fontello' style='' caption='' size='25px' position='left' color='#43ad66' link='' linktarget='' title_attr='' sonar_effect_effect='' sonar_effect_color='' sonar_effect_duration='1' sonar_effect_scale='' sonar_effect_opac='0.5' animation='' id='' custom_class='' template_class='' av_uid='' sc_version='1.0' admin_preview_bg=''][\/av_font_icon]\n<p><span style=\"color: #008000;\">Command\u00e9 23:59, exp\u00e9di\u00e9 demain<\/span><\/p>\n<p>&nbsp;<\/p>\n","protected":false},"featured_media":88242,"comment_status":"open","ping_status":"closed","template":"","meta":{"_acf_changed":false},"product_brand":[],"product_cat":[354],"product_tag":[],"class_list":{"0":"post-11105","1":"product","2":"type-product","3":"status-publish","4":"has-post-thumbnail","6":"product_cat-kirby-accessoires-fr","7":"product_shipping_class-klein-de-fr","9":"first","10":"instock","11":"taxable","12":"shipping-taxable","13":"purchasable","14":"product-type-simple"},"acf":[],"yoast_head":"<!-- This site is optimized with the Yoast SEO Premium plugin v27.1 (Yoast SEO v27.4) - https:\/\/yoast.com\/product\/yoast-seo-premium-wordpress\/ -->\n<title>Embout de gonflage Kirby \u2013 Gonflage et nettoyage facile<\/title>\n<meta name=\"description\" content=\"D\u00e9couvrez l\u2019Embout de gonflage Kirby : id\u00e9al pour matelas, ballons et petits objets. Compatible avec tous les aspirateurs Kirby, pratique et universel.\" \/>\n<meta name=\"robots\" content=\"index, follow, max-snippet:-1, max-image-preview:large, max-video-preview:-1\" \/>\n<link rel=\"canonical\" href=\"https:\/\/www.veltec.eu\/fr\/product\/embout-de-gonflage-kirby-nl3026\/\" \/>\n<meta property=\"og:locale\" content=\"fr_FR\" \/>\n<meta property=\"og:type\" content=\"article\" \/>\n<meta property=\"og:title\" content=\"Embout de gonflage Kirby\" \/>\n<meta property=\"og:description\" content=\"L\u2019embout de gonflage Kirby transforme votre aspirateur en outil puissant pour gonfler matelas, ballons et nettoyer les petits recoins. Polyvalent et facile \u00e0 utiliser.    En stock   Command\u00e9 23:59, exp\u00e9di\u00e9 demain  &nbsp;\" \/>\n<meta property=\"og:url\" content=\"https:\/\/www.veltec.eu\/fr\/product\/embout-de-gonflage-kirby-nl3026\/\" \/>\n<meta property=\"og:site_name\" content=\"Veltec Kirby specialist\" \/>\n<meta property=\"article:publisher\" content=\"https:\/\/www.facebook.com\/Veltec-Kirby-Specialist-236746293374877\/\" \/>\n<meta property=\"article:modified_time\" content=\"2026-02-18T12:43:27+00:00\" \/>\n<meta property=\"og:image\" content=\"https:\/\/www.veltec.eu\/wp-content\/uploads\/2018\/10\/Kirby-vacuum-inflator-1.jpg\" \/>\n\t<meta property=\"og:image:width\" content=\"700\" \/>\n\t<meta property=\"og:image:height\" content=\"700\" \/>\n\t<meta property=\"og:image:type\" content=\"image\/jpeg\" \/>\n<meta name=\"twitter:card\" content=\"summary_large_image\" \/>\n<meta name=\"twitter:label1\" content=\"Dur\u00e9e de lecture estim\u00e9e\" \/>\n\t<meta name=\"twitter:data1\" content=\"3 minutes\" \/>\n<script type=\"application\/ld+json\" class=\"yoast-schema-graph\">{\"@context\":\"https:\\\/\\\/schema.org\",\"@graph\":[{\"@type\":\"WebPage\",\"@id\":\"https:\\\/\\\/www.veltec.eu\\\/fr\\\/product\\\/embout-de-gonflage-kirby-nl3026\\\/\",\"url\":\"https:\\\/\\\/www.veltec.eu\\\/fr\\\/product\\\/embout-de-gonflage-kirby-nl3026\\\/\",\"name\":\"Embout de gonflage Kirby \u2013 Gonflage et nettoyage facile\",\"isPartOf\":{\"@id\":\"https:\\\/\\\/www.veltec.eu\\\/en\\\/#website\"},\"primaryImageOfPage\":{\"@id\":\"https:\\\/\\\/www.veltec.eu\\\/fr\\\/product\\\/embout-de-gonflage-kirby-nl3026\\\/#primaryimage\"},\"image\":{\"@id\":\"https:\\\/\\\/www.veltec.eu\\\/fr\\\/product\\\/embout-de-gonflage-kirby-nl3026\\\/#primaryimage\"},\"thumbnailUrl\":\"https:\\\/\\\/www.veltec.eu\\\/wp-content\\\/uploads\\\/2018\\\/10\\\/Kirby-vacuum-inflator-1.jpg\",\"datePublished\":\"2018-10-19T09:03:15+00:00\",\"dateModified\":\"2026-02-18T12:43:27+00:00\",\"description\":\"D\u00e9couvrez l\u2019Embout de gonflage Kirby : id\u00e9al pour matelas, ballons et petits objets. Compatible avec tous les aspirateurs Kirby, pratique et universel.\",\"breadcrumb\":{\"@id\":\"https:\\\/\\\/www.veltec.eu\\\/fr\\\/product\\\/embout-de-gonflage-kirby-nl3026\\\/#breadcrumb\"},\"inLanguage\":\"fr-FR\",\"potentialAction\":[{\"@type\":\"ReadAction\",\"target\":[\"https:\\\/\\\/www.veltec.eu\\\/fr\\\/product\\\/embout-de-gonflage-kirby-nl3026\\\/\"]}]},{\"@type\":\"ImageObject\",\"inLanguage\":\"fr-FR\",\"@id\":\"https:\\\/\\\/www.veltec.eu\\\/fr\\\/product\\\/embout-de-gonflage-kirby-nl3026\\\/#primaryimage\",\"url\":\"https:\\\/\\\/www.veltec.eu\\\/wp-content\\\/uploads\\\/2018\\\/10\\\/Kirby-vacuum-inflator-1.jpg\",\"contentUrl\":\"https:\\\/\\\/www.veltec.eu\\\/wp-content\\\/uploads\\\/2018\\\/10\\\/Kirby-vacuum-inflator-1.jpg\",\"width\":700,\"height\":700},{\"@type\":\"BreadcrumbList\",\"@id\":\"https:\\\/\\\/www.veltec.eu\\\/fr\\\/product\\\/embout-de-gonflage-kirby-nl3026\\\/#breadcrumb\",\"itemListElement\":[{\"@type\":\"ListItem\",\"position\":1,\"name\":\"Home\",\"item\":\"https:\\\/\\\/www.veltec.eu\\\/fr\\\/\"},{\"@type\":\"ListItem\",\"position\":2,\"name\":\"Kirby Shop\",\"item\":\"https:\\\/\\\/www.veltec.eu\\\/nl\\\/shop-page\\\/\"},{\"@type\":\"ListItem\",\"position\":3,\"name\":\"Embout de gonflage Kirby\"}]},{\"@type\":\"WebSite\",\"@id\":\"https:\\\/\\\/www.veltec.eu\\\/en\\\/#website\",\"url\":\"https:\\\/\\\/www.veltec.eu\\\/en\\\/\",\"name\":\"Veltec Kirby specialist\",\"description\":\"Kirby stofzuiger producten\",\"publisher\":{\"@id\":\"https:\\\/\\\/www.veltec.eu\\\/en\\\/#organization\"},\"potentialAction\":[{\"@type\":\"SearchAction\",\"target\":{\"@type\":\"EntryPoint\",\"urlTemplate\":\"https:\\\/\\\/www.veltec.eu\\\/en\\\/?s={search_term_string}\"},\"query-input\":{\"@type\":\"PropertyValueSpecification\",\"valueRequired\":true,\"valueName\":\"search_term_string\"}}],\"inLanguage\":\"fr-FR\"},{\"@type\":\"Organization\",\"@id\":\"https:\\\/\\\/www.veltec.eu\\\/en\\\/#organization\",\"name\":\"Veltec Kirby Specialist\",\"url\":\"https:\\\/\\\/www.veltec.eu\\\/en\\\/\",\"logo\":{\"@type\":\"ImageObject\",\"inLanguage\":\"fr-FR\",\"@id\":\"https:\\\/\\\/www.veltec.eu\\\/en\\\/#\\\/schema\\\/logo\\\/image\\\/\",\"url\":\"https:\\\/\\\/www.veltec.eu\\\/wp-content\\\/uploads\\\/2021\\\/12\\\/Veltec-log-groot-e1537260889125.png\",\"contentUrl\":\"https:\\\/\\\/www.veltec.eu\\\/wp-content\\\/uploads\\\/2021\\\/12\\\/Veltec-log-groot-e1537260889125.png\",\"width\":200,\"height\":60,\"caption\":\"Veltec Kirby Specialist\"},\"image\":{\"@id\":\"https:\\\/\\\/www.veltec.eu\\\/en\\\/#\\\/schema\\\/logo\\\/image\\\/\"},\"sameAs\":[\"https:\\\/\\\/www.facebook.com\\\/Veltec-Kirby-Specialist-236746293374877\\\/\",\"https:\\\/\\\/www.youtube.com\\\/user\\\/VeltecService\"]}]}<\/script>\n<!-- \/ Yoast SEO Premium plugin. -->","yoast_head_json":{"title":"Embout de gonflage Kirby \u2013 Gonflage et nettoyage facile","description":"D\u00e9couvrez l\u2019Embout de gonflage Kirby : id\u00e9al pour matelas, ballons et petits objets. Compatible avec tous les aspirateurs Kirby, pratique et universel.","robots":{"index":"index","follow":"follow","max-snippet":"max-snippet:-1","max-image-preview":"max-image-preview:large","max-video-preview":"max-video-preview:-1"},"canonical":"https:\/\/www.veltec.eu\/fr\/product\/embout-de-gonflage-kirby-nl3026\/","og_locale":"fr_FR","og_type":"article","og_title":"Embout de gonflage Kirby","og_description":"L\u2019embout de gonflage Kirby transforme votre aspirateur en outil puissant pour gonfler matelas, ballons et nettoyer les petits recoins. Polyvalent et facile \u00e0 utiliser.    En stock   Command\u00e9 23:59, exp\u00e9di\u00e9 demain  &nbsp;","og_url":"https:\/\/www.veltec.eu\/fr\/product\/embout-de-gonflage-kirby-nl3026\/","og_site_name":"Veltec Kirby specialist","article_publisher":"https:\/\/www.facebook.com\/Veltec-Kirby-Specialist-236746293374877\/","article_modified_time":"2026-02-18T12:43:27+00:00","og_image":[{"width":700,"height":700,"url":"https:\/\/www.veltec.eu\/wp-content\/uploads\/2018\/10\/Kirby-vacuum-inflator-1.jpg","type":"image\/jpeg"}],"twitter_card":"summary_large_image","twitter_misc":{"Dur\u00e9e de lecture estim\u00e9e":"3 minutes"},"schema":{"@context":"https:\/\/schema.org","@graph":[{"@type":"WebPage","@id":"https:\/\/www.veltec.eu\/fr\/product\/embout-de-gonflage-kirby-nl3026\/","url":"https:\/\/www.veltec.eu\/fr\/product\/embout-de-gonflage-kirby-nl3026\/","name":"Embout de gonflage Kirby \u2013 Gonflage et nettoyage facile","isPartOf":{"@id":"https:\/\/www.veltec.eu\/en\/#website"},"primaryImageOfPage":{"@id":"https:\/\/www.veltec.eu\/fr\/product\/embout-de-gonflage-kirby-nl3026\/#primaryimage"},"image":{"@id":"https:\/\/www.veltec.eu\/fr\/product\/embout-de-gonflage-kirby-nl3026\/#primaryimage"},"thumbnailUrl":"https:\/\/www.veltec.eu\/wp-content\/uploads\/2018\/10\/Kirby-vacuum-inflator-1.jpg","datePublished":"2018-10-19T09:03:15+00:00","dateModified":"2026-02-18T12:43:27+00:00","description":"D\u00e9couvrez l\u2019Embout de gonflage Kirby : id\u00e9al pour matelas, ballons et petits objets. Compatible avec tous les aspirateurs Kirby, pratique et universel.","breadcrumb":{"@id":"https:\/\/www.veltec.eu\/fr\/product\/embout-de-gonflage-kirby-nl3026\/#breadcrumb"},"inLanguage":"fr-FR","potentialAction":[{"@type":"ReadAction","target":["https:\/\/www.veltec.eu\/fr\/product\/embout-de-gonflage-kirby-nl3026\/"]}]},{"@type":"ImageObject","inLanguage":"fr-FR","@id":"https:\/\/www.veltec.eu\/fr\/product\/embout-de-gonflage-kirby-nl3026\/#primaryimage","url":"https:\/\/www.veltec.eu\/wp-content\/uploads\/2018\/10\/Kirby-vacuum-inflator-1.jpg","contentUrl":"https:\/\/www.veltec.eu\/wp-content\/uploads\/2018\/10\/Kirby-vacuum-inflator-1.jpg","width":700,"height":700},{"@type":"BreadcrumbList","@id":"https:\/\/www.veltec.eu\/fr\/product\/embout-de-gonflage-kirby-nl3026\/#breadcrumb","itemListElement":[{"@type":"ListItem","position":1,"name":"Home","item":"https:\/\/www.veltec.eu\/fr\/"},{"@type":"ListItem","position":2,"name":"Kirby Shop","item":"https:\/\/www.veltec.eu\/nl\/shop-page\/"},{"@type":"ListItem","position":3,"name":"Embout de gonflage Kirby"}]},{"@type":"WebSite","@id":"https:\/\/www.veltec.eu\/en\/#website","url":"https:\/\/www.veltec.eu\/en\/","name":"Veltec Kirby specialist","description":"Kirby stofzuiger producten","publisher":{"@id":"https:\/\/www.veltec.eu\/en\/#organization"},"potentialAction":[{"@type":"SearchAction","target":{"@type":"EntryPoint","urlTemplate":"https:\/\/www.veltec.eu\/en\/?s={search_term_string}"},"query-input":{"@type":"PropertyValueSpecification","valueRequired":true,"valueName":"search_term_string"}}],"inLanguage":"fr-FR"},{"@type":"Organization","@id":"https:\/\/www.veltec.eu\/en\/#organization","name":"Veltec Kirby Specialist","url":"https:\/\/www.veltec.eu\/en\/","logo":{"@type":"ImageObject","inLanguage":"fr-FR","@id":"https:\/\/www.veltec.eu\/en\/#\/schema\/logo\/image\/","url":"https:\/\/www.veltec.eu\/wp-content\/uploads\/2021\/12\/Veltec-log-groot-e1537260889125.png","contentUrl":"https:\/\/www.veltec.eu\/wp-content\/uploads\/2021\/12\/Veltec-log-groot-e1537260889125.png","width":200,"height":60,"caption":"Veltec Kirby Specialist"},"image":{"@id":"https:\/\/www.veltec.eu\/en\/#\/schema\/logo\/image\/"},"sameAs":["https:\/\/www.facebook.com\/Veltec-Kirby-Specialist-236746293374877\/","https:\/\/www.youtube.com\/user\/VeltecService"]}]}},"_links":{"self":[{"href":"https:\/\/www.veltec.eu\/fr\/wp-json\/wp\/v2\/product\/11105","targetHints":{"allow":["GET"]}}],"collection":[{"href":"https:\/\/www.veltec.eu\/fr\/wp-json\/wp\/v2\/product"}],"about":[{"href":"https:\/\/www.veltec.eu\/fr\/wp-json\/wp\/v2\/types\/product"}],"replies":[{"embeddable":true,"href":"https:\/\/www.veltec.eu\/fr\/wp-json\/wp\/v2\/comments?post=11105"}],"wp:featuredmedia":[{"embeddable":true,"href":"https:\/\/www.veltec.eu\/fr\/wp-json\/wp\/v2\/media\/88242"}],"wp:attachment":[{"href":"https:\/\/www.veltec.eu\/fr\/wp-json\/wp\/v2\/media?parent=11105"}],"wp:term":[{"taxonomy":"product_brand","embeddable":true,"href":"https:\/\/www.veltec.eu\/fr\/wp-json\/wp\/v2\/product_brand?post=11105"},{"taxonomy":"product_cat","embeddable":true,"href":"https:\/\/www.veltec.eu\/fr\/wp-json\/wp\/v2\/product_cat?post=11105"},{"taxonomy":"product_tag","embeddable":true,"href":"https:\/\/www.veltec.eu\/fr\/wp-json\/wp\/v2\/product_tag?post=11105"}],"curies":[{"name":"wp","href":"https:\/\/api.w.org\/{rel}","templated":true}]}}